{"id":960,"date":"2024-06-19T11:12:25","date_gmt":"2024-06-19T09:12:25","guid":{"rendered":"https:\/\/4x4-experience.de\/4x4\/?page_id=960"},"modified":"2026-02-27T12:29:18","modified_gmt":"2026-02-27T11:29:18","slug":"korsika-sardinien-best-of","status":"publish","type":"page","link":"https:\/\/4x4-experience.de\/4x4\/korsika-sardinien-best-of\/","title":{"rendered":"Korsika Sardinien Best of"},"content":{"rendered":"<p>[et_pb_section fb_built=&#8220;1&#8243; _builder_version=&#8220;4.23.1&#8243; _module_preset=&#8220;default&#8220; custom_margin=&#8220;0px||-114px||false|false&#8220; custom_padding=&#8220;0px||0px||false|false&#8220; global_colors_info=&#8220;{}&#8220;][\/et_pb_section][et_pb_section fb_built=&#8220;1&#8243; fullwidth=&#8220;on&#8220; prev_background_color=&#8220;#000000&#8243; _builder_version=&#8220;4.23.1&#8243; _module_preset=&#8220;default&#8220; width=&#8220;100%&#8220; width_tablet=&#8220;&#8220; width_phone=&#8220;&#8220; width_last_edited=&#8220;on|phone&#8220; custom_margin=&#8220;130px||0px||false|false&#8220; custom_margin_tablet=&#8220;90px||||false|false&#8220; custom_margin_phone=&#8220;150px|||0px|false|false&#8220; custom_margin_last_edited=&#8220;on|phone&#8220; custom_padding=&#8220;0px||0px||false|false&#8220; top_divider_style=&#8220;mountains2&#8243; top_divider_height=&#8220;19px&#8220; top_divider_repeat=&#8220;1x&#8220; global_colors_info=&#8220;{}&#8220;][et_pb_fullwidth_image src=&#8220;https:\/\/4&#215;4-experience.de\/4&#215;4\/wp-content\/uploads\/2024\/06\/Sardinien-Korsika-Titelbild.jpg&#8220; title_text=&#8220;Sardinien-Camp-2024-09-mobile&#8220; src_tablet=&#8220;https:\/\/4&#215;4-experience.de\/4&#215;4\/wp-content\/uploads\/2024\/06\/Sardinien-Korsika-Titelbild.jpg&#8220; src_phone=&#8220;https:\/\/4&#215;4-experience.de\/4&#215;4\/wp-content\/uploads\/2024\/07\/Sardinien-Camp-2024-09-mobile.jpg&#8220; src_last_edited=&#8220;on|phone&#8220; _builder_version=&#8220;4.23.1&#8243; _module_preset=&#8220;default&#8220; custom_margin=&#8220;0px||0px||false|false&#8220; custom_padding=&#8220;0px||0px||false|false&#8220; global_colors_info=&#8220;{}&#8220;][\/et_pb_fullwidth_image][\/et_pb_section][et_pb_section fb_built=&#8220;1&#8243; _builder_version=&#8220;4.23.1&#8243; _module_preset=&#8220;default&#8220; custom_margin=&#8220;||-6px|||&#8220; custom_padding=&#8220;||0px|||&#8220; global_colors_info=&#8220;{}&#8220;][et_pb_row column_structure=&#8220;1_3,1_3,1_3&#8243; disabled_on=&#8220;on|off|off&#8220; _builder_version=&#8220;4.23.1&#8243; _module_preset=&#8220;default&#8220; width=&#8220;100%&#8220; max_width=&#8220;1286px&#8220; custom_padding=&#8220;5px|||||&#8220; global_colors_info=&#8220;{}&#8220;][et_pb_column type=&#8220;1_3&#8243; _builder_version=&#8220;4.23.1&#8243; _module_preset=&#8220;default&#8220; global_colors_info=&#8220;{}&#8220;][et_pb_text _builder_version=&#8220;4.23.1&#8243; _module_preset=&#8220;default&#8220; custom_margin=&#8220;|||9px||&#8220; custom_padding=&#8220;|||23px||&#8220; global_colors_info=&#8220;{}&#8220;]<\/p>\n<h2 style=\"text-align: center;\">Telefon\/WhatsApp:<\/h2>\n<h2 style=\"text-decoration: underline; text-align: center;\"><a href=\"tel:+491711443884\">+49-171 144 3884<\/a><\/h2>\n<p>[\/et_pb_text][\/et_pb_column][et_pb_column type=&#8220;1_3&#8243; _builder_version=&#8220;4.23.1&#8243; _module_preset=&#8220;default&#8220; global_colors_info=&#8220;{}&#8220;][et_pb_text _builder_version=&#8220;4.23.1&#8243; _module_preset=&#8220;default&#8220; custom_padding=&#8220;|30px||||&#8220; global_colors_info=&#8220;{}&#8220;]<\/p>\n<h2 style=\"text-align: center;\">Reise\u00fcbersicht:<\/h2>\n<h2 style=\"text-decoration: underline; text-align: center;\"><a href=\"\/4x4\/termine\">4&#215;4 Offroad Termine<\/a><\/h2>\n<p>[\/et_pb_text][\/et_pb_column][et_pb_column type=&#8220;1_3&#8243; _builder_version=&#8220;4.23.1&#8243; _module_preset=&#8220;default&#8220; global_colors_info=&#8220;{}&#8220;][et_pb_text _builder_version=&#8220;4.23.1&#8243; _module_preset=&#8220;default&#8220; custom_margin=&#8220;|||-41px||&#8220; custom_padding=&#8220;|115px||||&#8220; global_colors_info=&#8220;{}&#8220;]<\/p>\n<h2 style=\"text-align: center;\">Beratung\/Anmeldung:<\/h2>\n<h2 style=\"text-decoration: underline; text-align: center;\"><a href=\"\/4x4\/anmeldeformular-2025\">ANMELDEFORMULAR<\/a><\/h2>\n<p>[\/et_pb_text][\/et_pb_column][\/et_pb_row][\/et_pb_section][et_pb_section fb_built=&#8220;1&#8243; _builder_version=&#8220;4.23.1&#8243; _module_preset=&#8220;default&#8220; custom_padding=&#8220;14px||19px|||&#8220; global_colors_info=&#8220;{}&#8220;][et_pb_row column_structure=&#8220;2_3,1_3&#8243; _builder_version=&#8220;4.23.1&#8243; _module_preset=&#8220;default&#8220; custom_padding=&#8220;0px|||||&#8220; global_colors_info=&#8220;{}&#8220;][et_pb_column type=&#8220;2_3&#8243; _builder_version=&#8220;4.23.1&#8243; _module_preset=&#8220;default&#8220; global_colors_info=&#8220;{}&#8220;][et_pb_text _builder_version=&#8220;4.27.4&#8243; _module_preset=&#8220;default&#8220; custom_margin=&#8220;|||-2px||&#8220; custom_padding=&#8220;|||1px||&#8220; hover_enabled=&#8220;0&#8243; global_colors_info=&#8220;{}&#8220; sticky_enabled=&#8220;0&#8243;]<\/p>\n<h1>Sardinien (IT) und Korsika (FR) Offroadreise<\/h1>\n<h2>Best of Sardinien &amp; Korsika &#8211; Camptour<\/h2>\n<p>Die 4&#215;4 Offroad Highlights auf den beiden Schwesterinseln im Mittelmeer bei &#8222;Best of Sardinien &amp; Korsika&#8220; mit dem eigenen Gel\u00e4ndewagen erleben&#8230;<\/p>\n<p>Wer die Wahl hat hat die Qual: Korsika oder Sardinien? Beides geht in einer Woche Offroad Experience &#8222;Best of Sardinien &amp; Korsika&#8220;. Entdecke mit 4&#215;4 Experience die sch\u00f6nsten Offroadperlen im Mittelmeer. Dank ihrer geographischen N\u00e4he von nur 12 Kilometer schon immer die Schwesterinseln genannt, ist Inselhopping zwischen Sardinien und Korsika kein Problem. Auf beiden Mittelmeer Inseln erwarten Euch unvergessliche Offroaderlebnisse. Die Offroad Highlights &#8222;Best of the beaten Tracks Korsika &amp; Sardinien&#8220;.<br \/>Wilde K\u00fcsten und felsige Berglandschaften , tiefe Schluchten sind optimale optimale Voraussetzungen f\u00fcr Gel\u00e4ndewagen auf Hirtenpfaden und 4&#215;4 Tracks. Meeting point der gef\u00fchrten Offroad-Reise ist die Hacienda von unserem sardischen Guide Effisio in der N\u00e4he von Orgosolo im Einzugsgebiet des zerkl\u00fcfteten Kalksteinmassivs Supramonte und der gr\u00fcnen &#8222;Macchia H\u00f6lle\u201c des Gennargentu auf 800 Metern H\u00f6he. Am Sonntagnachmittag zum Sp\u00e4tschoppen mit anschlie\u00dfendem traditionellem Essen ohne Firlefanz.<\/p>\n<p>Die Sardische K\u00fcche bietet einmalige Spezialit\u00e4ten, reduziert auf guten Geschmack. Selbstgemachte Pasta kombiniert mit dem sardisches Bier Ichnusa oder hausgemachter Wein von Effios Onkel und anschlie\u00dfendem Mirto von Effisio. Sardische Vita live erleben\u2026Idealer Ausgangspunkt 1,5 Stunden Fahrzeit von Olbia Hafen entfernt, um ausgewaschenen Schluchten zu erkunden. Fahrtechnisch anspruchsvolle knackige Passagen in kurzen Abst\u00e4nden \u00fcber den Tag verteilt in einer malerisch nat\u00fcrlich gebliebenen Umgebung.<\/p>\n<p>Wer wei\u00df, wenn wir fragen, bekocht uns Graziella den ganzen weiteren Verlauf der Woche bis Dienstag Abend, ansonsten begl\u00fccken sich die Teilnehmer aus dem reichhaltigen Angebot des lokalen \u201emercato\u201c. Auf Sardinien ist fast alles m\u00f6glich\u2026.<br \/>Sternf\u00f6rmig erkunden wir die n\u00e4chsten 2 Tage das Hochland und die Schluchten des Suparmonte Gebirges. Am Mittwoch verlassen wir nach den landschaftlichen 4&#215;4 H\u00f6hepunkten Sardinien.<\/p>\n<p>Morgens geht es nach Santa Teresa Gallura den n\u00f6rdlichsten F\u00e4hrhafen Sardiniens. Die \u00dcberfahrt dauert 50 Minuten. Die gemeinsame Tradition der urspr\u00fcnglichen wilden Natur der Schwestern und doch so unterschiedlich in Sitten und Gebr\u00e4uche der Sarden und Korsen. Vom weitem sehen wir die Kreidefelsen des gut gesch\u00fctzten Hafens von Bonifacio. Hoch auf den wei\u00dfen Felsen schmiegt sich die wohl beeindruckendste Festung Korsikas und erwartet uns f\u00fcr die n\u00e4chsten Offroad Abenteuer auf der Geburtsinsel Napoleons im Mittelmeer, von dem es hei\u00dft, dass Napoleon sie vom Weiten schon am Geruch erkennen konnte.<\/p>\n<p>[\/et_pb_text][et_pb_text _builder_version=&#8220;4.23.1&#8243; _module_preset=&#8220;default&#8220; global_colors_info=&#8220;{}&#8220;]<\/p>\n<h2>Schwierigkeitsgrad: <span style=\"font-weight: bold; color: #ff9900; font-size: 15pt;\">\u2736\u2736\u2736\u2736<\/span><span style=\"font-size: 14pt;\">\u2736<\/span><\/h2>\n<p>Erl\u00e4uterung Schwierigkeitsgrade &gt;&gt;&gt;&gt; <a style=\"color: #000; text-decoration: underline; font-weight: bold;\" href=\"https:\/\/vdord.de\/klassifizierung-von-schwierigkeits-graden-bei-offroad-reisen\/\">HIER<\/a>[\/et_pb_text][\/et_pb_column][et_pb_column type=&#8220;1_3&#8243; _builder_version=&#8220;4.23.1&#8243; _module_preset=&#8220;default&#8220; global_colors_info=&#8220;{}&#8220;][et_pb_gallery gallery_ids=&#8220;747,166,456,249,458,426,566&#8243; show_title_and_caption=&#8220;off&#8220; show_pagination=&#8220;off&#8220; _builder_version=&#8220;4.23.1&#8243; _module_preset=&#8220;default&#8220; custom_padding=&#8220;2px|||||&#8220; global_colors_info=&#8220;{}&#8220;][\/et_pb_gallery][\/et_pb_column][\/et_pb_row][et_pb_row column_structure=&#8220;2_3,1_3&#8243; _builder_version=&#8220;4.23.1&#8243; _module_preset=&#8220;default&#8220; custom_padding=&#8220;10px|||||&#8220; global_colors_info=&#8220;{}&#8220;][et_pb_column type=&#8220;2_3&#8243; _builder_version=&#8220;4.23.1&#8243; _module_preset=&#8220;default&#8220; global_colors_info=&#8220;{}&#8220;][et_pb_text _builder_version=&#8220;4.23.1&#8243; _module_preset=&#8220;default&#8220; global_colors_info=&#8220;{}&#8220;]<\/p>\n<h2>Preise<\/h2>\n<p><strong>Startgeld inklusive Mehrwertsteuer:<\/strong><br \/><b>\u20ac 1.690<\/b> pro Gel\u00e4ndewagen bis 2 Personen + F\u00e4hre (ca. \u20ac 60\u00a0 von Sardinien nach Korsika)*<\/p>\n<p><b>Startpunkt:<\/b> Orgosolo (IT), Sardinien<\/p>\n<p><b>Versorgungsm\u00f6glichkeiten<\/b>: Wir kommen alle 2 Tage durch D\u00f6rfer, wo wir uns mit Treibstoff und frischem Proviant versorgen k\u00f6nnen.<\/p>\n<p>* Nicht im Reisepreis enthalten ist die F\u00e4hr\u00fcberfahrt vom Festland zu den Inseln bzw. zwischen den Inseln<br \/>** Wir buchen gerne f\u00fcr Sie die F\u00e4hrverbindungen. Die \u00dcberfahrt kostet ab Festland\/Italien ab 180 \u20ac (Einfache Fahrt).\u00a0<\/p>\n<p>[\/et_pb_text][\/et_pb_column][et_pb_column type=&#8220;1_3&#8243; _builder_version=&#8220;4.23.1&#8243; _module_preset=&#8220;default&#8220; global_colors_info=&#8220;{}&#8220;][et_pb_text _builder_version=&#8220;4.23.1&#8243; _module_preset=&#8220;default&#8220; custom_margin=&#8220;0px||0px||false|false&#8220; custom_padding=&#8220;0px||0px|0px|false|false&#8220; global_colors_info=&#8220;{}&#8220;]<\/p>\n<h2>Termin<\/h2>\n<p>Bespoke<\/p>\n<p>[\/et_pb_text][\/et_pb_column][\/et_pb_row][et_pb_row column_structure=&#8220;2_3,1_3&#8243; _builder_version=&#8220;4.23.1&#8243; _module_preset=&#8220;default&#8220; custom_padding=&#8220;10px||0px|||&#8220; global_colors_info=&#8220;{}&#8220;][et_pb_column type=&#8220;2_3&#8243; _builder_version=&#8220;4.23.1&#8243; _module_preset=&#8220;default&#8220; global_colors_info=&#8220;{}&#8220;][et_pb_text _builder_version=&#8220;4.23.1&#8243; _module_preset=&#8220;default&#8220; custom_margin=&#8220;||20px|||&#8220; global_colors_info=&#8220;{}&#8220;]<\/p>\n<h2>\u00a0Leistungen<\/h2>\n<ul>\n<li>Teilnahme an der &#8222;<strong>Best of Sardinien &amp; Korsika<\/strong>&#8220; Offroad-Tour<\/li>\n<li>deutsche Reiseleitung<\/li>\n<li>einheimische Scouts aus Sardinien und Korsika<\/li>\n<li>Stellung Checkliste zur Vorbereitung des Fahrers und des Fahrzeuges (siehe unten)<\/li>\n<li>auf Offroad-Pisten zu den gr\u00f6\u00dften Natursch\u00f6nheiten der Insel<\/li>\n<li>fahrtechnische Basis-Einweisung &#8222;Offroad-Fahren im Gebirge&#8220;<\/li>\n<li>Camp-\u00dcbernachtungen auf besonders sch\u00f6nen Campstellen<\/li>\n<li>mindestens 4x ausgew\u00e4hlter Campingplatz.<\/li>\n<li>Gro\u00dfes Aufenthaltszelt f\u00fcr bis zu 25 Personen.<\/li>\n<li>Optional kann in Bungalows \/ Studios bzw. Chalets \u00fcbernachtet werden.<br \/>Die Kosten belaufen sich zwischen \u20ac 60,00 bis \u20ac90,00 f\u00fcr bis zu 2 Personen pro Nacht &#8211; zahlbar an den Anbieter vor Ort.<\/li>\n<li>Die Mindestteilnehmerzahl f\u00fcr die Durchf\u00fchrungsgarantie betr\u00e4gt 5 Kfz. Kleinere Reisegruppen nach Absprache.<\/li>\n<li>alle Genehmigungsgeb\u00fchren und Camping-Entgelte<\/li>\n<li>CB-Funkger\u00e4t leihweise f\u00fcr jedes einzelne Fahrzeug<\/li>\n<li>Reiser\u00fccktrittsversicherung ist im Reisepreis <span style=\"text-decoration: underline;\">nicht<\/span> enthalten<\/li>\n<li>kostenloser Fahrzeugcheck vor Beginn der Reise bei <a href=\"https:\/\/re-suspension.com\">RE Suspension<\/a>, Overath bei K\u00f6ln<\/li>\n<li>mindestens ein Organisationsfahrzeug mit besonderer Ausr\u00fcstung f\u00fcr Offroad-Gruppen-Reisen nach Ma\u00dfgabe des <a href=\"https:\/\/vdord.de\/veranstalter-mindestausstattung-offroad-gruppen-reisen\/\" target=\"_blank\" rel=\"noopener noreferrer\">Verbandes der Offroad-Reiseveranstalter Deutschlands<\/a> (VdORD)<\/li>\n<\/ul>\n<p>[\/et_pb_text][et_pb_text _builder_version=&#8220;4.23.1&#8243; _module_preset=&#8220;default&#8220; global_colors_info=&#8220;{}&#8220;]<\/p>\n<h4>Kleidungs- und Ausr\u00fcstungsempfehlungen<br \/>zum Downloaden, Ausf\u00fcllen und Speichern:<\/h4>\n<p><a href=\"\/4x4\/checklisten\/Checkliste-Insassen.pdf\" target=\"_blank\" rel=\"noopener\">Checkliste Insassen<\/a><br \/><a href=\"\/4x4\/checklisten\/Checkliste-Fahrzeug.pdf\" target=\"_blank\" rel=\"noopener\">Checkliste Fahrzeug<\/a><\/p>\n<h4>Zus\u00e4tzlich f\u00fcr Sahara-Reisende:<\/h4>\n<p><a href=\"\/4x4\/checklisten\/Checkliste-Offroad-Maghreb.pdf\" target=\"_blank\" rel=\"noopener\">Checkliste Offroad Maghreb<\/a><\/p>\n<p>[\/et_pb_text][\/et_pb_column][et_pb_column type=&#8220;1_3&#8243; _builder_version=&#8220;4.23.1&#8243; _module_preset=&#8220;default&#8220; global_colors_info=&#8220;{}&#8220;][et_pb_text _builder_version=&#8220;4.27.4&#8243; _module_preset=&#8220;default&#8220; custom_margin=&#8220;|0px||0px|false|false&#8220; custom_padding=&#8220;|0px||0px|false|false&#8220; link_option_url=&#8220;https:\/\/mobylines.de&#8220; global_colors_info=&#8220;{}&#8220;]<\/p>\n<h1>F\u00e4hrangebote<\/h1>\n<p><img loading=\"lazy\" decoding=\"async\" src=\"https:\/\/4x4-experience.de\/4x4\/wp-content\/uploads\/2024\/05\/MOBY2002-300x132.jpg\" width=\"187\" height=\"97\" alt=\"\" class=\"wp-image-615 alignnone size-medium\" \/><\/p>\n<p><b><\/b><\/p>\n<h1>Empfehlung f\u00fcr April<\/h1>\n<p><a href=\"https:\/\/corsica-ferries.com\" target=\"_blank\" rel=\"noopener\"><img loading=\"lazy\" decoding=\"async\" style=\"margin-left: 20px;\" class=\"alignleft size-full wp-image-3183\" src=\"https:\/\/4x4-experience.de\/4x4\/wp-content\/uploads\/corsica-logo_de.png\" alt=\"Corsica Ferries\" width=\"173\" height=\"65\" \/><\/a><\/p>\n<p>&nbsp;<\/p>\n<p>&nbsp;<\/p>\n<p>* Nicht im Reisepreis enthalten ist die F\u00e4hr\u00fcberfahrt vom Festland zu den Inseln.<\/p>\n<p>** Wir buchen gerne f\u00fcr Sie die F\u00e4hrverbindungen, auch f\u00fcr die Doppeltour (Korsika\/Sardinien bzw. Sardinien\/Korsika). Die \u00dcberfahrt kostet ab 180 \u20ac (Einfache Fahrt).<\/p>\n<p>&nbsp;<\/p>\n<p>[\/et_pb_text][\/et_pb_column][\/et_pb_row][\/et_pb_section]<\/p>\n","protected":false},"excerpt":{"rendered":"<p>Telefon\/WhatsApp: +49-171 144 3884Reise\u00fcbersicht: 4&#215;4 Offroad TermineBeratung\/Anmeldung: ANMELDEFORMULARSardinien (IT) und Korsika (FR) Offroadreise Best of Sardinien &amp; Korsika &#8211; Camptour Die 4&#215;4 Offroad Highlights auf den beiden Schwesterinseln im Mittelmeer bei &#8222;Best of Sardinien &amp; Korsika&#8220; mit dem eigenen Gel\u00e4ndewagen erleben&#8230; Wer die Wahl hat hat die Qual: Korsika oder Sardinien? Beides geht in einer [&hellip;]<\/p>\n","protected":false},"author":1,"featured_media":0,"parent":0,"menu_order":0,"comment_status":"closed","ping_status":"closed","template":"","meta":{"_et_pb_use_builder":"on","_et_pb_old_content":"","_et_gb_content_width":"","footnotes":""},"class_list":["post-960","page","type-page","status-publish","hentry"],"yoast_head":"<!-- This site is optimized with the Yoast SEO Premium plugin v27.0 (Yoast SEO v27.3) - https:\/\/yoast.com\/product\/yoast-seo-premium-wordpress\/ -->\n<title>Korsika Sardinien: Unvergessliche Offroad Erlebnisse<\/title>\n<meta name=\"description\" content=\"Erlebe die Offroad Highlights von Korsika und Sardinien. Entdecke unvergessliche 4x4 Abenteuer auf den Schwesterinseln.\" \/>\n<meta name=\"robots\" content=\"index, follow, max-snippet:-1, max-image-preview:large, max-video-preview:-1\" \/>\n<link rel=\"canonical\" href=\"https:\/\/4x4-experience.de\/4x4\/korsika-sardinien-best-of\/\" \/>\n<meta property=\"og:locale\" content=\"de_DE\" \/>\n<meta property=\"og:type\" content=\"article\" \/>\n<meta property=\"og:title\" content=\"Korsika Sardinien Best of\" \/>\n<meta property=\"og:description\" content=\"Erlebe die Offroad Highlights von Korsika und Sardinien. Entdecke unvergessliche 4x4 Abenteuer auf den Schwesterinseln.\" \/>\n<meta property=\"og:url\" content=\"https:\/\/4x4-experience.de\/4x4\/korsika-sardinien-best-of\/\" \/>\n<meta property=\"og:site_name\" content=\"4x4 Experience, Offroadreise, Offroad Reisen\" \/>\n<meta property=\"article:publisher\" content=\"https:\/\/www.facebook.com\/www.4x4Experience\/\" \/>\n<meta property=\"article:modified_time\" content=\"2026-02-27T11:29:18+00:00\" \/>\n<meta property=\"og:image\" content=\"https:\/\/4x4-experience.de\/4x4\/wp-content\/uploads\/2024\/05\/MOBY2002-300x132.jpg\" \/>\n<meta name=\"twitter:card\" content=\"summary_large_image\" \/>\n<meta name=\"twitter:label1\" content=\"Gesch\u00e4tzte Lesezeit\" \/>\n\t<meta name=\"twitter:data1\" content=\"6\u00a0Minuten\" \/>\n<script type=\"application\/ld+json\" class=\"yoast-schema-graph\">{\"@context\":\"https:\\\/\\\/schema.org\",\"@graph\":[{\"@type\":\"WebPage\",\"@id\":\"https:\\\/\\\/4x4-experience.de\\\/4x4\\\/korsika-sardinien-best-of\\\/\",\"url\":\"https:\\\/\\\/4x4-experience.de\\\/4x4\\\/korsika-sardinien-best-of\\\/\",\"name\":\"Korsika Sardinien: Unvergessliche Offroad Erlebnisse\",\"isPartOf\":{\"@id\":\"https:\\\/\\\/4x4-experience.de\\\/4x4\\\/#website\"},\"primaryImageOfPage\":{\"@id\":\"https:\\\/\\\/4x4-experience.de\\\/4x4\\\/korsika-sardinien-best-of\\\/#primaryimage\"},\"image\":{\"@id\":\"https:\\\/\\\/4x4-experience.de\\\/4x4\\\/korsika-sardinien-best-of\\\/#primaryimage\"},\"thumbnailUrl\":\"https:\\\/\\\/4x4-experience.de\\\/4x4\\\/wp-content\\\/uploads\\\/2024\\\/05\\\/MOBY2002-300x132.jpg\",\"datePublished\":\"2024-06-19T09:12:25+00:00\",\"dateModified\":\"2026-02-27T11:29:18+00:00\",\"description\":\"Erlebe die Offroad Highlights von Korsika und Sardinien. Entdecke unvergessliche 4x4 Abenteuer auf den Schwesterinseln.\",\"breadcrumb\":{\"@id\":\"https:\\\/\\\/4x4-experience.de\\\/4x4\\\/korsika-sardinien-best-of\\\/#breadcrumb\"},\"inLanguage\":\"de\",\"potentialAction\":[{\"@type\":\"ReadAction\",\"target\":[\"https:\\\/\\\/4x4-experience.de\\\/4x4\\\/korsika-sardinien-best-of\\\/\"]}]},{\"@type\":\"ImageObject\",\"inLanguage\":\"de\",\"@id\":\"https:\\\/\\\/4x4-experience.de\\\/4x4\\\/korsika-sardinien-best-of\\\/#primaryimage\",\"url\":\"https:\\\/\\\/4x4-experience.de\\\/4x4\\\/wp-content\\\/uploads\\\/2024\\\/05\\\/MOBY2002.jpg\",\"contentUrl\":\"https:\\\/\\\/4x4-experience.de\\\/4x4\\\/wp-content\\\/uploads\\\/2024\\\/05\\\/MOBY2002.jpg\",\"width\":811,\"height\":357,\"caption\":\"Moby F\u00e4hren Mittelmeer Logo\"},{\"@type\":\"BreadcrumbList\",\"@id\":\"https:\\\/\\\/4x4-experience.de\\\/4x4\\\/korsika-sardinien-best-of\\\/#breadcrumb\",\"itemListElement\":[{\"@type\":\"ListItem\",\"position\":1,\"name\":\"Startseite\",\"item\":\"https:\\\/\\\/4x4-experience.de\\\/4x4\\\/\"},{\"@type\":\"ListItem\",\"position\":2,\"name\":\"Korsika Sardinien Best of\"}]},{\"@type\":\"WebSite\",\"@id\":\"https:\\\/\\\/4x4-experience.de\\\/4x4\\\/#website\",\"url\":\"https:\\\/\\\/4x4-experience.de\\\/4x4\\\/\",\"name\":\"4x4 Experience, Offroadreise, Offroad Reisen\",\"description\":\"4x4 Offroad Europa und Nordafrika\",\"potentialAction\":[{\"@type\":\"SearchAction\",\"target\":{\"@type\":\"EntryPoint\",\"urlTemplate\":\"https:\\\/\\\/4x4-experience.de\\\/4x4\\\/?s={search_term_string}\"},\"query-input\":{\"@type\":\"PropertyValueSpecification\",\"valueRequired\":true,\"valueName\":\"search_term_string\"}}],\"inLanguage\":\"de\"}]}<\/script>\n<!-- \/ Yoast SEO Premium plugin. -->","yoast_head_json":{"title":"Korsika Sardinien: Unvergessliche Offroad Erlebnisse","description":"Erlebe die Offroad Highlights von Korsika und Sardinien. Entdecke unvergessliche 4x4 Abenteuer auf den Schwesterinseln.","robots":{"index":"index","follow":"follow","max-snippet":"max-snippet:-1","max-image-preview":"max-image-preview:large","max-video-preview":"max-video-preview:-1"},"canonical":"https:\/\/4x4-experience.de\/4x4\/korsika-sardinien-best-of\/","og_locale":"de_DE","og_type":"article","og_title":"Korsika Sardinien Best of","og_description":"Erlebe die Offroad Highlights von Korsika und Sardinien. Entdecke unvergessliche 4x4 Abenteuer auf den Schwesterinseln.","og_url":"https:\/\/4x4-experience.de\/4x4\/korsika-sardinien-best-of\/","og_site_name":"4x4 Experience, Offroadreise, Offroad Reisen","article_publisher":"https:\/\/www.facebook.com\/www.4x4Experience\/","article_modified_time":"2026-02-27T11:29:18+00:00","og_image":[{"url":"https:\/\/4x4-experience.de\/4x4\/wp-content\/uploads\/2024\/05\/MOBY2002-300x132.jpg","type":"","width":"","height":""}],"twitter_card":"summary_large_image","twitter_misc":{"Gesch\u00e4tzte Lesezeit":"6\u00a0Minuten"},"schema":{"@context":"https:\/\/schema.org","@graph":[{"@type":"WebPage","@id":"https:\/\/4x4-experience.de\/4x4\/korsika-sardinien-best-of\/","url":"https:\/\/4x4-experience.de\/4x4\/korsika-sardinien-best-of\/","name":"Korsika Sardinien: Unvergessliche Offroad Erlebnisse","isPartOf":{"@id":"https:\/\/4x4-experience.de\/4x4\/#website"},"primaryImageOfPage":{"@id":"https:\/\/4x4-experience.de\/4x4\/korsika-sardinien-best-of\/#primaryimage"},"image":{"@id":"https:\/\/4x4-experience.de\/4x4\/korsika-sardinien-best-of\/#primaryimage"},"thumbnailUrl":"https:\/\/4x4-experience.de\/4x4\/wp-content\/uploads\/2024\/05\/MOBY2002-300x132.jpg","datePublished":"2024-06-19T09:12:25+00:00","dateModified":"2026-02-27T11:29:18+00:00","description":"Erlebe die Offroad Highlights von Korsika und Sardinien. Entdecke unvergessliche 4x4 Abenteuer auf den Schwesterinseln.","breadcrumb":{"@id":"https:\/\/4x4-experience.de\/4x4\/korsika-sardinien-best-of\/#breadcrumb"},"inLanguage":"de","potentialAction":[{"@type":"ReadAction","target":["https:\/\/4x4-experience.de\/4x4\/korsika-sardinien-best-of\/"]}]},{"@type":"ImageObject","inLanguage":"de","@id":"https:\/\/4x4-experience.de\/4x4\/korsika-sardinien-best-of\/#primaryimage","url":"https:\/\/4x4-experience.de\/4x4\/wp-content\/uploads\/2024\/05\/MOBY2002.jpg","contentUrl":"https:\/\/4x4-experience.de\/4x4\/wp-content\/uploads\/2024\/05\/MOBY2002.jpg","width":811,"height":357,"caption":"Moby F\u00e4hren Mittelmeer Logo"},{"@type":"BreadcrumbList","@id":"https:\/\/4x4-experience.de\/4x4\/korsika-sardinien-best-of\/#breadcrumb","itemListElement":[{"@type":"ListItem","position":1,"name":"Startseite","item":"https:\/\/4x4-experience.de\/4x4\/"},{"@type":"ListItem","position":2,"name":"Korsika Sardinien Best of"}]},{"@type":"WebSite","@id":"https:\/\/4x4-experience.de\/4x4\/#website","url":"https:\/\/4x4-experience.de\/4x4\/","name":"4x4 Experience, Offroadreise, Offroad Reisen","description":"4x4 Offroad Europa und Nordafrika","potentialAction":[{"@type":"SearchAction","target":{"@type":"EntryPoint","urlTemplate":"https:\/\/4x4-experience.de\/4x4\/?s={search_term_string}"},"query-input":{"@type":"PropertyValueSpecification","valueRequired":true,"valueName":"search_term_string"}}],"inLanguage":"de"}]}},"_links":{"self":[{"href":"https:\/\/4x4-experience.de\/4x4\/wp-json\/wp\/v2\/pages\/960","targetHints":{"allow":["GET"]}}],"collection":[{"href":"https:\/\/4x4-experience.de\/4x4\/wp-json\/wp\/v2\/pages"}],"about":[{"href":"https:\/\/4x4-experience.de\/4x4\/wp-json\/wp\/v2\/types\/page"}],"author":[{"embeddable":true,"href":"https:\/\/4x4-experience.de\/4x4\/wp-json\/wp\/v2\/users\/1"}],"replies":[{"embeddable":true,"href":"https:\/\/4x4-experience.de\/4x4\/wp-json\/wp\/v2\/comments?post=960"}],"version-history":[{"count":14,"href":"https:\/\/4x4-experience.de\/4x4\/wp-json\/wp\/v2\/pages\/960\/revisions"}],"predecessor-version":[{"id":3448,"href":"https:\/\/4x4-experience.de\/4x4\/wp-json\/wp\/v2\/pages\/960\/revisions\/3448"}],"wp:attachment":[{"href":"https:\/\/4x4-experience.de\/4x4\/wp-json\/wp\/v2\/media?parent=960"}],"curies":[{"name":"wp","href":"https:\/\/api.w.org\/{rel}","templated":true}]}}