{"id":831,"date":"2024-06-17T16:47:48","date_gmt":"2024-06-17T14:47:48","guid":{"rendered":"https:\/\/4x4-experience.de\/4x4\/?page_id=831"},"modified":"2025-09-25T12:55:41","modified_gmt":"2025-09-25T10:55:41","slug":"island-hotel","status":"publish","type":"page","link":"https:\/\/4x4-experience.de\/4x4\/island-hotel\/","title":{"rendered":"Island Hotel"},"content":{"rendered":"<p>[et_pb_section fb_built=&#8220;1&#8243; _builder_version=&#8220;4.23.1&#8243; _module_preset=&#8220;default&#8220; custom_margin=&#8220;0px||-114px||false|false&#8220; custom_padding=&#8220;0px||0px||false|false&#8220; global_colors_info=&#8220;{}&#8220;][\/et_pb_section][et_pb_section fb_built=&#8220;1&#8243; fullwidth=&#8220;on&#8220; prev_background_color=&#8220;#000000&#8243; _builder_version=&#8220;4.23.1&#8243; _module_preset=&#8220;default&#8220; width=&#8220;100%&#8220; width_tablet=&#8220;&#8220; width_phone=&#8220;&#8220; width_last_edited=&#8220;on|phone&#8220; custom_margin=&#8220;130px||0px||false|false&#8220; custom_margin_tablet=&#8220;90px||||false|false&#8220; custom_margin_phone=&#8220;150px|||0px|false|false&#8220; custom_margin_last_edited=&#8220;on|phone&#8220; custom_padding=&#8220;0px||0px||false|false&#8220; top_divider_style=&#8220;mountains2&#8243; top_divider_height=&#8220;19px&#8220; top_divider_repeat=&#8220;1x&#8220; global_colors_info=&#8220;{}&#8220;][et_pb_fullwidth_image src=&#8220;https:\/\/4&#215;4-experience.de\/4&#215;4\/wp-content\/uploads\/2024\/06\/Auswahl-Island-Hotel.jpg&#8220; alt=&#8220;4&#215;4 Experience, Island-Spezialist, Island Hoteltour, Offroad Reise, 4&#215;4 Offroad&#8220; title_text=&#8220;Island-Hotel-mobile&#8220; src_tablet=&#8220;https:\/\/4&#215;4-experience.de\/4&#215;4\/wp-content\/uploads\/2024\/06\/Auswahl-Island-Hotel.jpg&#8220; src_phone=&#8220;https:\/\/4&#215;4-experience.de\/4&#215;4\/wp-content\/uploads\/2024\/07\/Island-Hotel-mobile.jpg&#8220; src_last_edited=&#8220;on|phone&#8220; _builder_version=&#8220;4.23.1&#8243; _module_preset=&#8220;default&#8220; custom_margin=&#8220;0px||0px||false|false&#8220; custom_margin_tablet=&#8220;0px||0px||false|false&#8220; custom_margin_phone=&#8220;0px||0px||false|false&#8220; custom_margin_last_edited=&#8220;on|tablet&#8220; custom_padding=&#8220;9px||0px||false|false&#8220; global_colors_info=&#8220;{}&#8220;][\/et_pb_fullwidth_image][\/et_pb_section][et_pb_section fb_built=&#8220;1&#8243; _builder_version=&#8220;4.23.1&#8243; _module_preset=&#8220;default&#8220; custom_margin=&#8220;||-6px|||&#8220; custom_padding=&#8220;||0px|||&#8220; global_colors_info=&#8220;{}&#8220;][et_pb_row column_structure=&#8220;1_3,1_3,1_3&#8243; disabled_on=&#8220;on|off|off&#8220; _builder_version=&#8220;4.23.1&#8243; _module_preset=&#8220;default&#8220; width=&#8220;100%&#8220; max_width=&#8220;1286px&#8220; custom_padding=&#8220;4px|||||&#8220; global_colors_info=&#8220;{}&#8220;][et_pb_column type=&#8220;1_3&#8243; _builder_version=&#8220;4.23.1&#8243; _module_preset=&#8220;default&#8220; global_colors_info=&#8220;{}&#8220;][et_pb_text _builder_version=&#8220;4.23.1&#8243; _module_preset=&#8220;default&#8220; custom_margin=&#8220;|||9px||&#8220; custom_padding=&#8220;|||23px||&#8220; global_colors_info=&#8220;{}&#8220;]<\/p>\n<h2 style=\"text-align: center;\">Telefon\/WhatsApp:<\/h2>\n<h2 style=\"text-decoration: underline; text-align: center;\"><a href=\"tel:+491711443884\">+49-171 144 3884<\/a><\/h2>\n<p>[\/et_pb_text][\/et_pb_column][et_pb_column type=&#8220;1_3&#8243; _builder_version=&#8220;4.23.1&#8243; _module_preset=&#8220;default&#8220; global_colors_info=&#8220;{}&#8220;][et_pb_text _builder_version=&#8220;4.23.1&#8243; _module_preset=&#8220;default&#8220; custom_padding=&#8220;|30px||||&#8220; global_colors_info=&#8220;{}&#8220;]<\/p>\n<h2 style=\"text-align: center;\">Reise\u00fcbersicht:<\/h2>\n<h2 style=\"text-decoration: underline; text-align: center;\"><a href=\"\/4x4\/termine\">4&#215;4 Offroad Termine<\/a><\/h2>\n<p>[\/et_pb_text][\/et_pb_column][et_pb_column type=&#8220;1_3&#8243; _builder_version=&#8220;4.23.1&#8243; _module_preset=&#8220;default&#8220; global_colors_info=&#8220;{}&#8220;][et_pb_text _builder_version=&#8220;4.23.1&#8243; _module_preset=&#8220;default&#8220; custom_margin=&#8220;|||-41px||&#8220; custom_padding=&#8220;|115px||||&#8220; global_colors_info=&#8220;{}&#8220;]<\/p>\n<h2 style=\"text-align: center;\">Beratung\/Anmeldung:<\/h2>\n<h2 style=\"text-decoration: underline; text-align: center;\"><a href=\"\/4x4\/anmeldeformular-2025\">ANMELDEFORMULAR<\/a><\/h2>\n<p>[\/et_pb_text][\/et_pb_column][\/et_pb_row][\/et_pb_section][et_pb_section fb_built=&#8220;1&#8243; _builder_version=&#8220;4.23.1&#8243; _module_preset=&#8220;default&#8220; custom_padding=&#8220;14px||3px|||&#8220; global_colors_info=&#8220;{}&#8220;][et_pb_row column_structure=&#8220;2_3,1_3&#8243; _builder_version=&#8220;4.23.1&#8243; _module_preset=&#8220;default&#8220; custom_padding=&#8220;1px|||||&#8220; global_colors_info=&#8220;{}&#8220;][et_pb_column type=&#8220;2_3&#8243; _builder_version=&#8220;4.23.1&#8243; _module_preset=&#8220;default&#8220; global_colors_info=&#8220;{}&#8220;][et_pb_text _builder_version=&#8220;4.27.4&#8243; _module_preset=&#8220;default&#8220; global_colors_info=&#8220;{}&#8220;]<\/p>\n<h1>Island &#8222;Fire &amp; Ice&#8220; 4&#215;4 Reise &#8211; Hotel<\/h1>\n<h2>Bespoke -Individuelle Planung<\/h2>\n<p style=\"margin: 0cm; background: white; vertical-align: baseline;\"><span style=\"font-family: 'Arial',sans-serif; color: #2a2a2a;\">Langsam klettern unsere Gel\u00e4ndewagen bei der Hotel Tour Island Fire&amp;Ice im ersten Gang der Untersetzung \u00fcber die letzten Stufen eines m\u00e4chtigen Lavafeldes, als sich vor uns unerwartet ein einsames Tal im isl\u00e4ndischen Hochland \u00f6ffnet. Der Blick schweift weit \u00fcber tief den schwarzen Graphit, der von einem satten gr\u00fcnen Moosteppich \u00fcberzogen ist. Die vielf\u00e4ltigen Gr\u00fcnschattierungen werden nur von unz\u00e4hligen Wasserl\u00e4ufen durchbrochen. Die Farben der umrahmenden Berge sind mal tabakbraun \u2013 oder mal mausgrau bis tiefschwarz. Die Sonne, die Wolken, der Wind sorgen f\u00fcr ein stetiges Lichterspiel und erst ganz in der Ferne verschwindet die Landschaft am endlosen Horizont. 4\u00d74 Experience auf Island live erleben, presented by Michael Ortner, \u201eIceland Specialist\u201c \u2013 zertifiziert von dem Isl\u00e4ndischen tourist board.<o:p><\/o:p><\/span><\/p>\n<p style=\"margin: 0cm; background: white; vertical-align: baseline;\"><span style=\"font-family: 'Arial',sans-serif; color: #2a2a2a;\">Island, die herb-sch\u00f6ne Insel am n\u00f6rdlichen Polarkreis, nimmt uns sofort gefangen. Wir erleben den landschaftlich besonders sch\u00f6nen polaren Sp\u00e4t-Sommer und besuchen die gr\u00f6\u00dften Natursch\u00f6nheiten der Insel. In welcher Reihenfolge wir sie ansteuern l\u00e4sst sich heute noch nicht sagen. Denn auf Island bestimmt die Natur den Ablauf. Sie legt fest welche 4\u00d74 Strecken frei sind und welchen Offroad -Herausforderungen man sich zu stellen hat. Und genau das macht den besonderen Reiz dieser gef\u00fchrten 4\u00d74 Reise auf Island aus: Das echte Natur-Abenteuer!<o:p><\/o:p><\/span><\/p>\n<h2>Am n\u00f6rdlichen Polarkreis<\/h2>\n<p style=\"margin: 0cm; background: white; vertical-align: baseline;\"><span style=\"font-family: 'Arial',sans-serif; color: #2a2a2a;\">Island &#8211; Geysire &#8211; Vulkane &#8211; Offroad-Touren &#8211; Schlagworte, die uns tr\u00e4umen lassen vom gro\u00dfen 4\u00d74 Abenteuern im eigenen Gel\u00e4ndewagen.<br \/>Hier, wo die Kontinentalplatten von Europa und Amerika auseinanderdriften, sto\u00dfen wir auf eine geologisch aktive Erdkruste mit Vulkanen und Geysiren. Ganz sicher hat sich Jules Verne zu seinem Roman \u201eReise zum Mittelpunkt der Erde\u201c auf Island inspirieren lassen. Wir erleben die ganze Sch\u00f6nheit des Nordens bei der 4\u00d74 Reise bei unserer Hotel Tour.<o:p><\/o:p><\/span><\/p>\n<p style=\"margin: 0cm; background: white; vertical-align: baseline;\"><span style=\"font-family: 'Arial',sans-serif; color: #2a2a2a;\">Atemberaubende Wildbeobachtungen von Polarf\u00fcchsen in der tundra-\u00e4hnlichen Steppe oder von Font\u00e4nen speienden Finnwalen in den Fjorden, wechseln sich mit fahrtechnischen Herausforderungen im Hochland\/Landesinneren ab. Wir bew\u00e4ltigen die zahlreichen Flussdurchfahrten der rauschenden Gletscherfl\u00fcsse, bewegen uns \u00fcber Lavafelder hinweg, meistern anspruchsvolle 4\u00d74 Stra\u03b2en mit \u2013 F Kennung \u2013 im Hochland und \u00fcberwinden die t\u00fcckischen \u201cQuicksands\u201d, fahrtechnisch schwierige Treibsandfelder.<br \/>Es handelt sich um eine Expeditions-Reise. Wir fahren bei dieser 4\u00d74 Reise Island Fire&amp;Ice \u00fcber den anspruchsvollen bekannten Streckenverlauf der Camp Tour Variante von 4\u00d74 Experience, nur \u00fcbernachten wir in ausgew\u00e4hlten Hotels und Pensionen. <strong>Ein exklusives 4\u00d74- und Natur-Abenteuer erwartet uns.<\/strong><o:p><\/o:p><\/span><\/p>\n<p>[\/et_pb_text][et_pb_text _builder_version=&#8220;4.23.1&#8243; _module_preset=&#8220;default&#8220; global_colors_info=&#8220;{}&#8220;]<\/p>\n<h2>Schwierigkeitsgrad: <span style=\"font-weight: bold; color: #ff9900; font-size: 15pt;\">\u2736\u2736\u2736+<\/span> <span style=\"font-size: 14pt;\">\u2736\u2736<\/span><\/h2>\n<p>Erl\u00e4uterung Schwierigkeitsgrade &gt;&gt;&gt;&gt; <a style=\"color: #000; text-decoration: underline; font-weight: bold;\" href=\"https:\/\/vdord.de\/klassifizierung-von-schwierigkeits-graden-bei-offroad-reisen\/\">HIER<\/a><\/p>\n<p>[\/et_pb_text][\/et_pb_column][et_pb_column type=&#8220;1_3&#8243; _builder_version=&#8220;4.23.1&#8243; _module_preset=&#8220;default&#8220; global_colors_info=&#8220;{}&#8220;][et_pb_gallery gallery_ids=&#8220;866,865,863,468,30,860,477,867,864&#8243; show_title_and_caption=&#8220;off&#8220; show_pagination=&#8220;off&#8220; _builder_version=&#8220;4.27.4&#8243; _module_preset=&#8220;default&#8220; custom_padding=&#8220;2px|||||&#8220; global_colors_info=&#8220;{}&#8220;][\/et_pb_gallery][\/et_pb_column][\/et_pb_row][et_pb_row column_structure=&#8220;2_3,1_3&#8243; _builder_version=&#8220;4.23.1&#8243; _module_preset=&#8220;default&#8220; custom_margin=&#8220;-1px|auto||auto||&#8220; custom_padding=&#8220;10px|||||&#8220; global_colors_info=&#8220;{}&#8220;][et_pb_column type=&#8220;2_3&#8243; _builder_version=&#8220;4.23.1&#8243; _module_preset=&#8220;default&#8220; global_colors_info=&#8220;{}&#8220;][et_pb_text _builder_version=&#8220;4.27.4&#8243; _module_preset=&#8220;default&#8220; custom_margin=&#8220;7px|||||&#8220; global_colors_info=&#8220;{}&#8220;]<\/p>\n<h2>Preise<\/h2>\n<p><strong>\u20ac 15.800<\/strong> f\u00fcr 1 Person im Hotel mit Halbpension im EZ (1-malig H\u00fctte)<br \/><strong>\u20ac 16.800<\/strong> f\u00fcr 2 Personen im Hotel mit Halbpension im DZ (1-malig H\u00fctte)<\/p>\n<p><strong>Hotelkategorie<\/strong>: <span style=\"font-size: 15pt; color: #ff6600; font-weight: bold;\">***+<\/span> bis <span style=\"font-size: 15pt; color: #ff6600; font-weight: bold;\">****+<\/span><\/p>\n<p><strong>Nebenkosten<\/strong>: F\u00e4hre*, Roadbook Waypoints bei individueller Verl\u00e4ngerung + \u20ac 250, <br \/>Whale Watching, exkl. Getr\u00e4nke<\/p>\n<p><strong>Gruppengr\u00f6\u00dfe<\/strong>: 5-7 Teilnehmerfahrzeuge \/ bis 2 Personen im Fahrzeug<\/p>\n<p><strong>Treffpunkt \/ Sammelparkplatz:<\/strong> Smyril Line, Trailerkajen, 9850 Hirtshals, (DNK)<\/p>\n<p><strong>Leistungen:\u00a0<\/strong><\/p>\n<ul>\n<li>Ortskundiger Deutscher Scout<\/li>\n<li>Besichtigungen und Ausfl\u00fcge im Reisepreis inkludiert<\/li>\n<li>Stellung Checkliste zur Vorbereitung des Fahrers und des Fahrzeuges<\/li>\n<li>Stellung eines sturmfesten Aufenthaltszeltes f\u00fcr bis zu 25 Personen<\/li>\n<li>fahrtechnische Basis-Einweisung \u201eOffroad-Fahren auf Island\u201c<\/li>\n<li>CB-Funkger\u00e4t leihweise f\u00fcr jedes einzelne Fahrzeug<\/li>\n<li>Durchf\u00fchrungsgarantie<\/li>\n<li>Reiser\u00fccktrittsversicherung ist im Reisepreis <u>nicht<\/u> enthalten<\/li>\n<li>Reiseaufkleber<\/li>\n<li>kostenloser Fahrzeugcheck vor Beginn der Reise bei <a href=\"http:\/\/www.fw-experience.de\">FW Experience<\/a><a href=\"http:\/\/www.re-suspension.com\/\">,<\/a> Overath bei K\u00f6ln<\/li>\n<li>Organisationsfahrzeug mit besonderer Ausr\u00fcstung f\u00fcr Offroad-Gruppen-Reisen nach Ma\u00dfgabe des Verbandes der Offroad-Reiseveranstalter Deutschlands (VdORD)<\/li>\n<\/ul>\n<p><a href=\"https:\/\/vdord.de\/veranstalter-mindestausstattung-offroad-gruppen-reisen\/\">https:\/\/vdord.de\/veranstalter<\/a><a href=\"https:\/\/vdord.de\/veranstalter-mindestausstattung-offroad-gruppen-reisen\/\">&#8211;<\/a><a href=\"https:\/\/vdord.de\/veranstalter-mindestausstattung-offroad-gruppen-reisen\/\">mindestausstattung<\/a><a href=\"https:\/\/vdord.de\/veranstalter-mindestausstattung-offroad-gruppen-reisen\/\">&#8211;<\/a><a href=\"https:\/\/vdord.de\/veranstalter-mindestausstattung-offroad-gruppen-reisen\/\">offroad<\/a><a href=\"https:\/\/vdord.de\/veranstalter-mindestausstattung-offroad-gruppen-reisen\/\">&#8211;<\/a><a href=\"https:\/\/vdord.de\/veranstalter-mindestausstattung-offroad-gruppen-reisen\/\">gruppen<\/a><a href=\"https:\/\/vdord.de\/veranstalter-mindestausstattung-offroad-gruppen-reisen\/\">&#8211;<\/a><a href=\"https:\/\/vdord.de\/veranstalter-mindestausstattung-offroad-gruppen-reisen\/\">reisen\/<\/a><\/p>\n<p>Alkohol im Dutyfree Shop am Flughafen einf\u00fchren oder in Island in einer Vinbudin kaufen.<br \/>Im Hochland Hotel gibt es ein Lounge, wo wir am Kamin entspannt trinken k\u00f6nnen. Eine Kaffee- bzw. Tee-K\u00fcche ist ebenfalls vorhanden<\/p>\n<p><strong>Kleidungs- und Ausr\u00fcstungsempfehlungen<\/strong><\/p>\n<p>siehe <a href=\"\/4x4\/checklisten\/Checkliste-Fahrzeug.pdf\" target=\"_blank\" rel=\"noopener\">Checkliste Fahrzeug<\/a><\/p>\n<p>[\/et_pb_text][\/et_pb_column][et_pb_column type=&#8220;1_3&#8243; _builder_version=&#8220;4.23.1&#8243; _module_preset=&#8220;default&#8220; global_colors_info=&#8220;{}&#8220;][et_pb_text _builder_version=&#8220;4.27.4&#8243; _module_preset=&#8220;default&#8220; custom_margin=&#8220;0px||0px||false|false&#8220; custom_padding=&#8220;0px||0px|0px|false|false&#8220; hover_enabled=&#8220;0&#8243; global_colors_info=&#8220;{}&#8220; sticky_enabled=&#8220;0&#8243;]<\/p>\n<h2><span style=\"text-decoration: underline;\">Termin 2026<\/span><\/h2>\n<h4>16.01.2026 &#8211; 25.01.2026<\/h4>\n<h2><span style=\"text-decoration: underline;\">Termin 2026 Bespoke<\/span><\/h2>\n<h4>27.02.2026 &#8211; 08.03.2026 (ausgebucht!)<\/h4>\n<h4><\/h4>\n<p>[\/et_pb_text][\/et_pb_column][\/et_pb_row][\/et_pb_section]<\/p>\n","protected":false},"excerpt":{"rendered":"<p>Telefon\/WhatsApp: +49-171 144 3884Reise\u00fcbersicht: 4&#215;4 Offroad TermineBeratung\/Anmeldung: ANMELDEFORMULARIsland &#8222;Fire &amp; Ice&#8220; 4&#215;4 Reise &#8211; Hotel Bespoke -Individuelle Planung Langsam klettern unsere Gel\u00e4ndewagen bei der Hotel Tour Island Fire&amp;Ice im ersten Gang der Untersetzung \u00fcber die letzten Stufen eines m\u00e4chtigen Lavafeldes, als sich vor uns unerwartet ein einsames Tal im isl\u00e4ndischen Hochland \u00f6ffnet. Der Blick schweift [&hellip;]<\/p>\n","protected":false},"author":1,"featured_media":0,"parent":0,"menu_order":0,"comment_status":"closed","ping_status":"closed","template":"","meta":{"_et_pb_use_builder":"on","_et_pb_old_content":"","_et_gb_content_width":"","footnotes":""},"class_list":["post-831","page","type-page","status-publish","hentry"],"yoast_head":"<!-- This site is optimized with the Yoast SEO Premium plugin v27.3 (Yoast SEO v27.4) - https:\/\/yoast.com\/product\/yoast-seo-premium-wordpress\/ -->\n<title>Island Hotel: Ein unvergessliches Hochlandabenteuer<\/title>\n<meta name=\"description\" content=\"Erfahren Sie mehr \u00fcber das Island Hotel und die atemberaubenden 4\u00d74 Abenteuertouren durch ein einzigartiges Lavafeld.\" \/>\n<meta name=\"robots\" content=\"index, follow, max-snippet:-1, max-image-preview:large, max-video-preview:-1\" \/>\n<link rel=\"canonical\" href=\"https:\/\/4x4-experience.de\/4x4\/island-hotel\/\" \/>\n<meta property=\"og:locale\" content=\"de_DE\" \/>\n<meta property=\"og:type\" content=\"article\" \/>\n<meta property=\"og:title\" content=\"Island Hotel\" \/>\n<meta property=\"og:description\" content=\"Erfahren Sie mehr \u00fcber das Island Hotel und die atemberaubenden 4\u00d74 Abenteuertouren durch ein einzigartiges Lavafeld.\" \/>\n<meta property=\"og:url\" content=\"https:\/\/4x4-experience.de\/4x4\/island-hotel\/\" \/>\n<meta property=\"og:site_name\" content=\"4x4 Experience, Offroad Reise, Offroad Reisen, Gel\u00e4ndewagen Touren\" \/>\n<meta property=\"article:publisher\" content=\"https:\/\/www.facebook.com\/www.4x4Experience\/\" \/>\n<meta property=\"article:modified_time\" content=\"2025-09-25T10:55:41+00:00\" \/>\n<meta name=\"twitter:card\" content=\"summary_large_image\" \/>\n<meta name=\"twitter:label1\" content=\"Gesch\u00e4tzte Lesezeit\" \/>\n\t<meta name=\"twitter:data1\" content=\"6\u00a0Minuten\" \/>\n<script type=\"application\/ld+json\" class=\"yoast-schema-graph\">{\"@context\":\"https:\\\/\\\/schema.org\",\"@graph\":[{\"@type\":\"WebPage\",\"@id\":\"https:\\\/\\\/4x4-experience.de\\\/4x4\\\/island-hotel\\\/\",\"url\":\"https:\\\/\\\/4x4-experience.de\\\/4x4\\\/island-hotel\\\/\",\"name\":\"Island Hotel: Ein unvergessliches Hochlandabenteuer\",\"isPartOf\":{\"@id\":\"https:\\\/\\\/4x4-experience.de\\\/4x4\\\/#website\"},\"datePublished\":\"2024-06-17T14:47:48+00:00\",\"dateModified\":\"2025-09-25T10:55:41+00:00\",\"description\":\"Erfahren Sie mehr \u00fcber das Island Hotel und die atemberaubenden 4\u00d74 Abenteuertouren durch ein einzigartiges Lavafeld.\",\"breadcrumb\":{\"@id\":\"https:\\\/\\\/4x4-experience.de\\\/4x4\\\/island-hotel\\\/#breadcrumb\"},\"inLanguage\":\"de\",\"potentialAction\":[{\"@type\":\"ReadAction\",\"target\":[\"https:\\\/\\\/4x4-experience.de\\\/4x4\\\/island-hotel\\\/\"]}]},{\"@type\":\"BreadcrumbList\",\"@id\":\"https:\\\/\\\/4x4-experience.de\\\/4x4\\\/island-hotel\\\/#breadcrumb\",\"itemListElement\":[{\"@type\":\"ListItem\",\"position\":1,\"name\":\"Startseite\",\"item\":\"https:\\\/\\\/4x4-experience.de\\\/4x4\\\/\"},{\"@type\":\"ListItem\",\"position\":2,\"name\":\"Island Hotel\"}]},{\"@type\":\"WebSite\",\"@id\":\"https:\\\/\\\/4x4-experience.de\\\/4x4\\\/#website\",\"url\":\"https:\\\/\\\/4x4-experience.de\\\/4x4\\\/\",\"name\":\"4x4 Experience, Offroad Reise, Offroad Reisen, Gel\u00e4ndewagen Touren\",\"description\":\"4x4 Offroad Reisen Europa und Nordafrika\",\"potentialAction\":[{\"@type\":\"SearchAction\",\"target\":{\"@type\":\"EntryPoint\",\"urlTemplate\":\"https:\\\/\\\/4x4-experience.de\\\/4x4\\\/?s={search_term_string}\"},\"query-input\":{\"@type\":\"PropertyValueSpecification\",\"valueRequired\":true,\"valueName\":\"search_term_string\"}}],\"inLanguage\":\"de\"}]}<\/script>\n<!-- \/ Yoast SEO Premium plugin. -->","yoast_head_json":{"title":"Island Hotel: Ein unvergessliches Hochlandabenteuer","description":"Erfahren Sie mehr \u00fcber das Island Hotel und die atemberaubenden 4\u00d74 Abenteuertouren durch ein einzigartiges Lavafeld.","robots":{"index":"index","follow":"follow","max-snippet":"max-snippet:-1","max-image-preview":"max-image-preview:large","max-video-preview":"max-video-preview:-1"},"canonical":"https:\/\/4x4-experience.de\/4x4\/island-hotel\/","og_locale":"de_DE","og_type":"article","og_title":"Island Hotel","og_description":"Erfahren Sie mehr \u00fcber das Island Hotel und die atemberaubenden 4\u00d74 Abenteuertouren durch ein einzigartiges Lavafeld.","og_url":"https:\/\/4x4-experience.de\/4x4\/island-hotel\/","og_site_name":"4x4 Experience, Offroad Reise, Offroad Reisen, Gel\u00e4ndewagen Touren","article_publisher":"https:\/\/www.facebook.com\/www.4x4Experience\/","article_modified_time":"2025-09-25T10:55:41+00:00","twitter_card":"summary_large_image","twitter_misc":{"Gesch\u00e4tzte Lesezeit":"6\u00a0Minuten"},"schema":{"@context":"https:\/\/schema.org","@graph":[{"@type":"WebPage","@id":"https:\/\/4x4-experience.de\/4x4\/island-hotel\/","url":"https:\/\/4x4-experience.de\/4x4\/island-hotel\/","name":"Island Hotel: Ein unvergessliches Hochlandabenteuer","isPartOf":{"@id":"https:\/\/4x4-experience.de\/4x4\/#website"},"datePublished":"2024-06-17T14:47:48+00:00","dateModified":"2025-09-25T10:55:41+00:00","description":"Erfahren Sie mehr \u00fcber das Island Hotel und die atemberaubenden 4\u00d74 Abenteuertouren durch ein einzigartiges Lavafeld.","breadcrumb":{"@id":"https:\/\/4x4-experience.de\/4x4\/island-hotel\/#breadcrumb"},"inLanguage":"de","potentialAction":[{"@type":"ReadAction","target":["https:\/\/4x4-experience.de\/4x4\/island-hotel\/"]}]},{"@type":"BreadcrumbList","@id":"https:\/\/4x4-experience.de\/4x4\/island-hotel\/#breadcrumb","itemListElement":[{"@type":"ListItem","position":1,"name":"Startseite","item":"https:\/\/4x4-experience.de\/4x4\/"},{"@type":"ListItem","position":2,"name":"Island Hotel"}]},{"@type":"WebSite","@id":"https:\/\/4x4-experience.de\/4x4\/#website","url":"https:\/\/4x4-experience.de\/4x4\/","name":"4x4 Experience, Offroad Reise, Offroad Reisen, Gel\u00e4ndewagen Touren","description":"4x4 Offroad Reisen Europa und Nordafrika","potentialAction":[{"@type":"SearchAction","target":{"@type":"EntryPoint","urlTemplate":"https:\/\/4x4-experience.de\/4x4\/?s={search_term_string}"},"query-input":{"@type":"PropertyValueSpecification","valueRequired":true,"valueName":"search_term_string"}}],"inLanguage":"de"}]}},"_links":{"self":[{"href":"https:\/\/4x4-experience.de\/4x4\/wp-json\/wp\/v2\/pages\/831","targetHints":{"allow":["GET"]}}],"collection":[{"href":"https:\/\/4x4-experience.de\/4x4\/wp-json\/wp\/v2\/pages"}],"about":[{"href":"https:\/\/4x4-experience.de\/4x4\/wp-json\/wp\/v2\/types\/page"}],"author":[{"embeddable":true,"href":"https:\/\/4x4-experience.de\/4x4\/wp-json\/wp\/v2\/users\/1"}],"replies":[{"embeddable":true,"href":"https:\/\/4x4-experience.de\/4x4\/wp-json\/wp\/v2\/comments?post=831"}],"version-history":[{"count":25,"href":"https:\/\/4x4-experience.de\/4x4\/wp-json\/wp\/v2\/pages\/831\/revisions"}],"predecessor-version":[{"id":3299,"href":"https:\/\/4x4-experience.de\/4x4\/wp-json\/wp\/v2\/pages\/831\/revisions\/3299"}],"wp:attachment":[{"href":"https:\/\/4x4-experience.de\/4x4\/wp-json\/wp\/v2\/media?parent=831"}],"curies":[{"name":"wp","href":"https:\/\/api.w.org\/{rel}","templated":true}]}}