{"id":772,"date":"2024-06-10T18:38:57","date_gmt":"2024-06-10T16:38:57","guid":{"rendered":"https:\/\/4x4-experience.de\/4x4\/?page_id=772"},"modified":"2026-02-27T14:52:05","modified_gmt":"2026-02-27T13:52:05","slug":"tunesien-expedition-2","status":"publish","type":"page","link":"https:\/\/4x4-experience.de\/4x4\/tunesien-expedition-2\/","title":{"rendered":"Tunesien Expedition"},"content":{"rendered":"<p>[et_pb_section fb_built=&#8220;1&#8243; _builder_version=&#8220;4.23.1&#8243; _module_preset=&#8220;default&#8220; custom_margin=&#8220;0px||-114px||false|false&#8220; custom_padding=&#8220;0px||0px||false|false&#8220; global_colors_info=&#8220;{}&#8220;][\/et_pb_section][et_pb_section fb_built=&#8220;1&#8243; fullwidth=&#8220;on&#8220; prev_background_color=&#8220;#000000&#8243; _builder_version=&#8220;4.23.1&#8243; _module_preset=&#8220;default&#8220; width=&#8220;100%&#8220; width_tablet=&#8220;&#8220; width_phone=&#8220;&#8220; width_last_edited=&#8220;on|phone&#8220; custom_margin=&#8220;130px||0px||false|false&#8220; custom_margin_tablet=&#8220;90px||||false|false&#8220; custom_margin_phone=&#8220;150px|||0px|false|false&#8220; custom_margin_last_edited=&#8220;on|phone&#8220; custom_padding=&#8220;0px||0px||false|false&#8220; top_divider_style=&#8220;mountains2&#8243; top_divider_height=&#8220;19px&#8220; top_divider_repeat=&#8220;1x&#8220; global_colors_info=&#8220;{}&#8220;][et_pb_fullwidth_image src=&#8220;https:\/\/4&#215;4-experience.de\/4&#215;4\/wp-content\/uploads\/2024\/05\/Tunesien-EZVerSee-Titelbild-neu-1.jpg&#8220; alt=&#8220;4&#215;4 Experience, Tunesien-Spezialist, Tunesien Offroad Tour, Maghreb Offroad Reise, 4&#215;4 Offroad&#8220; title_text=&#8220;Tunesien-EZVerSee-Titelbild-mobile&#8220; src_tablet=&#8220;https:\/\/4&#215;4-experience.de\/4&#215;4\/wp-content\/uploads\/2024\/05\/Tunesien-EZVerSee-Titelbild-neu-1.jpg&#8220; src_phone=&#8220;https:\/\/4&#215;4-experience.de\/4&#215;4\/wp-content\/uploads\/2024\/07\/Tunesien-EZVerSee-Titelbild-mobile.jpg&#8220; src_last_edited=&#8220;on|phone&#8220; _builder_version=&#8220;4.23.1&#8243; _module_preset=&#8220;default&#8220; custom_margin=&#8220;0px||0px||false|false&#8220; custom_padding=&#8220;0px||0px||false|false&#8220; global_colors_info=&#8220;{}&#8220;][\/et_pb_fullwidth_image][\/et_pb_section][et_pb_section fb_built=&#8220;1&#8243; _builder_version=&#8220;4.23.1&#8243; _module_preset=&#8220;default&#8220; custom_margin=&#8220;||-6px|||&#8220; custom_padding=&#8220;24px||0px|||&#8220; global_colors_info=&#8220;{}&#8220;][et_pb_row column_structure=&#8220;1_3,1_3,1_3&#8243; disabled_on=&#8220;on|off|off&#8220; _builder_version=&#8220;4.23.1&#8243; _module_preset=&#8220;default&#8220; width=&#8220;100%&#8220; max_width=&#8220;1286px&#8220; custom_padding=&#8220;0px||14px|||&#8220; global_colors_info=&#8220;{}&#8220;][et_pb_column type=&#8220;1_3&#8243; _builder_version=&#8220;4.23.1&#8243; _module_preset=&#8220;default&#8220; global_colors_info=&#8220;{}&#8220;][et_pb_text _builder_version=&#8220;4.23.1&#8243; _module_preset=&#8220;default&#8220; custom_margin=&#8220;|||9px||&#8220; custom_padding=&#8220;|||23px||&#8220; global_colors_info=&#8220;{}&#8220;]<\/p>\n<h2 style=\"text-align: center;\">Telefon\/WhatsApp:<\/h2>\n<h2 style=\"text-decoration: underline; text-align: center;\"><a href=\"tel:+491711443884\">+49-171 144 3884<\/a><\/h2>\n<p>[\/et_pb_text][\/et_pb_column][et_pb_column type=&#8220;1_3&#8243; _builder_version=&#8220;4.23.1&#8243; _module_preset=&#8220;default&#8220; global_colors_info=&#8220;{}&#8220;][et_pb_text _builder_version=&#8220;4.23.1&#8243; _module_preset=&#8220;default&#8220; custom_padding=&#8220;|30px||||&#8220; global_colors_info=&#8220;{}&#8220;]<\/p>\n<h2 style=\"text-align: center;\">Reise\u00fcbersicht:<\/h2>\n<h2 style=\"text-decoration: underline; text-align: center;\"><a href=\"\/4x4\/termine\">4&#215;4 Offroad Termine<\/a><\/h2>\n<p>[\/et_pb_text][\/et_pb_column][et_pb_column type=&#8220;1_3&#8243; _builder_version=&#8220;4.23.1&#8243; _module_preset=&#8220;default&#8220; global_colors_info=&#8220;{}&#8220;][et_pb_text _builder_version=&#8220;4.23.1&#8243; _module_preset=&#8220;default&#8220; custom_margin=&#8220;|||-41px||&#8220; custom_padding=&#8220;|115px||||&#8220; global_colors_info=&#8220;{}&#8220;]<\/p>\n<h2 style=\"text-align: center;\">Beratung\/Anmeldung:<\/h2>\n<h2 style=\"text-decoration: underline; text-align: center;\"><a href=\"\/4x4\/anmeldeformular-2025\">ANMELDEFORMULAR<\/a><\/h2>\n<p>[\/et_pb_text][\/et_pb_column][\/et_pb_row][\/et_pb_section][et_pb_section fb_built=&#8220;1&#8243; _builder_version=&#8220;4.23.1&#8243; _module_preset=&#8220;default&#8220; custom_padding=&#8220;14px||4px|||&#8220; global_colors_info=&#8220;{}&#8220;][et_pb_row column_structure=&#8220;2_3,1_3&#8243; _builder_version=&#8220;4.23.1&#8243; _module_preset=&#8220;default&#8220; custom_margin=&#8220;4px|auto||auto||&#8220; custom_margin_tablet=&#8220;4px|auto||auto||&#8220; custom_margin_phone=&#8220;|||15px|false|false&#8220; custom_margin_last_edited=&#8220;on|phone&#8220; custom_padding=&#8220;2px|||||&#8220; global_colors_info=&#8220;{}&#8220;][et_pb_column type=&#8220;2_3&#8243; _builder_version=&#8220;4.23.1&#8243; _module_preset=&#8220;default&#8220; global_colors_info=&#8220;{}&#8220;][et_pb_text _builder_version=&#8220;4.27.4&#8243; _module_preset=&#8220;default&#8220; custom_margin=&#8220;|||-2px||&#8220; custom_padding=&#8220;|||1px||&#8220; hover_enabled=&#8220;0&#8243; global_colors_info=&#8220;{}&#8220; sticky_enabled=&#8220;0&#8243;]<\/p>\n<h1>Tunesien \u201eExpedition zum verlorenen See \u201c \u2013 Camp im eigenen Wagen<\/h1>\n<h4><strong>Erfahrene W\u00fcstenf\u00fcchse und W\u00fcsteneinsteiger kommen auf ihre Kosten!!<\/strong><\/h4>\n<p>Bei Ankunft im Hafen von Tunis (TU) k\u00f6nnen wir schnell in das Landesinnere starten, denn die Einreiseformalit\u00e4ten konnten wir f\u00fcr unsere Gruppe bereits an Bord des Schiffes erledigen. Bereits eine Stunde nach dem Verlassen von Tunis beginnt unser Offroad-Abenteuer.<\/p>\n<p>Unsere Verbindungsetappe in die W\u00fcste beginnt. Kurz hinter Gab\u00e8s verlassen wir die K\u00fcstenstra\u00dfe und fahren durch die bizarren H\u00f6henz\u00fcge des Berglandes von Dahar Richtung Sahara. S\u00fcdlich von Matmata rollen wir an verwunschenen Berg-Oasen vorbei, in denen die Berber-Siedlungen wie Schwalbennester in die Felsw\u00e4nde gebaut oder in Form von H\u00f6hlen in das Gestein getrieben wurden. Fremdartig und faszinierend zugleich!<\/p>\n<p>Die letzten Palmen-Haine, aus denen uns im vorbeifahren Einheimische bei der Feldarbeit zuwinken, lassen wir hinter uns und dann \u00f6ffnet sich der atemberaubende Blick auf das endlose Sandmeer: Die ersten Ausl\u00e4ufer der Sahara! Bei Sonnenuntergang schlagen wir unser Camp am Fu\u00df der ersten D\u00fcnen auf.<\/p>\n<p>Das Ziel unserer Sahara Trans-Tunesien-Tour sind aber nicht gleich die ersten D\u00fcnen, unser Ziel sind die ganz gro\u00dfen D\u00fcnen des \u201e<strong>Grand Erg Oriental<\/strong>\u201c!<\/p>\n<p>Erst hier findet man die echte Sahara mit wirklich beeindruckenden Sand-Formationen. Und damit sich hier keine unerfahrenen Gel\u00e4ndewagen-Gruppen verirren, darf man dieses Gebiet nur mit staatlicher Genehmigung befahren. Uns liegt eine solche staatliche Genehmigung vor. Ein echtes Sahara-Abenteuer ist unserer Gruppe damit garantiert.<\/p>\n<p>Trotz guter Ausr\u00fcstung gelingt ein erfolgreiches Vorankommen in der Sahara nur dann, wenn man die W\u00fcste nicht bezwingen will, sondern sie versteht!<\/p>\n<p>So hat der Sand der D\u00fcnen bei Tagesanbruch, nach den k\u00fchlen W\u00fcstenn\u00e4chten, seine h\u00f6chste Tragf\u00e4higkeit. Gegen Mittag, wenn die Sonne im Zenit steht und im glei\u00dfenden Licht die Luft \u00fcber den D\u00fcnenk\u00e4mmen zu flimmern anf\u00e4ngt, erkennt das menschliche Auge kaum noch Strukturen und das Auffinden der optimalen Linie wird immer schwieriger. Wenn dann am sp\u00e4ten Nachmittag die Hitze ihren H\u00f6hepunkt erreicht hat, l\u00e4sst die Tragf\u00e4higkeit des Sandes immer mehr nach und ein Vorankommen wird immer schwerer\u2026<\/p>\n<p>Wir passen unseren Tagesablauf deshalb geschickt diesen Bedingungen an. So brechen wir unsere Camps bereits in den Morgenstunden ab und kommen unter den g\u00fcnstigen Bedingungen der ersten Tagesh\u00e4lfte besonders gut vorran. Wenn dann die fahrtechnischen Bedingungen am sp\u00e4ten Nachmittag ung\u00fcnstiger werden, schlagen wir bereits unser jeweils n\u00e4chstes Camp auf. So k\u00f6nnen wir D\u00fcnenformationen bew\u00e4ltigen und Ziele erreichen, an denen unerfahrene Gruppen scheitern und haben in den abendlichen Camps gen\u00fcgend Zeit, um die Ruhe der Sahara und die faszinierenden Sonnenunterg\u00e4nge in der W\u00fcste zu genie\u00dfen.<\/p>\n<p><strong>W\u00fcstenabenteuer in Afrika! <\/strong>Wer die Sch\u00f6pfungskraft der Erde erleben will, der muss die Sahara bereisen. Und sich dabei fahrtechnischen Herausforderungen und Abenteuern einer W\u00fcsten-Durchquerung stellen.<\/p>\n<p>[\/et_pb_text][\/et_pb_column][et_pb_column type=&#8220;1_3&#8243; _builder_version=&#8220;4.23.1&#8243; _module_preset=&#8220;default&#8220; global_colors_info=&#8220;{}&#8220;][et_pb_gallery gallery_ids=&#8220;398,410,638,639,389,641,640,636,637&#8243; show_title_and_caption=&#8220;off&#8220; show_pagination=&#8220;off&#8220; _builder_version=&#8220;4.23.1&#8243; _module_preset=&#8220;default&#8220; custom_padding=&#8220;2px|||||&#8220; global_colors_info=&#8220;{}&#8220;][\/et_pb_gallery][\/et_pb_column][\/et_pb_row][et_pb_row column_structure=&#8220;2_3,1_3&#8243; _builder_version=&#8220;4.27.4&#8243; _module_preset=&#8220;default&#8220; custom_margin_tablet=&#8220;&#8220; custom_margin_phone=&#8220;|||15px|false|false&#8220; custom_margin_last_edited=&#8220;on|phone&#8220; custom_padding=&#8220;10px|||||&#8220; global_colors_info=&#8220;{}&#8220;][et_pb_column type=&#8220;2_3&#8243; _builder_version=&#8220;4.23.1&#8243; _module_preset=&#8220;default&#8220; global_colors_info=&#8220;{}&#8220;][et_pb_text _builder_version=&#8220;4.27.4&#8243; _module_preset=&#8220;default&#8220; global_colors_info=&#8220;{}&#8220;]<\/p>\n<h4>Reisepreis inklusive Mehrwertsteuer:<\/h4>\n<p><strong>\u20ac 3.570,\u2013 Euro <\/strong>pro Gel\u00e4ndewagen 1 Person<strong>,<\/strong><\/p>\n<p><strong>\u20ac 3.830,\u2013 Euro<\/strong><span>\u00a0<\/span>pro Gel\u00e4ndewagen bis 2 Personen,<br \/><strong>zzgl.<\/strong> 2 Hotel\u00fcbernachtungen mit Halbpension (1 x bei Anreise in Sfax und 1 x bei Abreise in Tunis; zahlbar an den Anbieter vor Ort)<\/p>\n<p><strong>Zuz\u00fcglich<\/strong>: 10 Tage Catering \u00e1 \u20ac 65\/Person und Tag* und F\u00e4hre ca. \u20ac 950,00. W\u00fcste 10 Tage*<br \/>F\u00e4hr\u00fcberfahrt**<br \/>Selbstzahler 2 Hotel\u00fcbernachtungen mit Halbpension (1 x bei Anreise in Sfax und 1 x bei Abreise in Tunis) kostet pro Nacht im EZ mit Halbpension etwa \u20ac\u00a095,00 im DZ mit Halbpension etwa \u20ac 130,00.<br \/><strong>HINWEIS:<\/strong><span>\u00a0<\/span>\u00dcbernachtung im Hotel und zus\u00e4tzliches Essen wird direkt an den Anbieter vor Ort bezahlt.<br \/>Aufgrund der hohen Inflation in den Maghreb-Staaten kann sich der Preis des Catering geringf\u00fcgig ver\u00e4ndern, da es seitens des Staates keine Subventionen gibt.<\/p>\n<p>Diese Reise ist sowohl f\u00fcr W\u00fcstenf\u00fcchse als auch f\u00fcr Sahara-Einsteiger gut geeignet!<\/p>\n<p>[\/et_pb_text][et_pb_text _builder_version=&#8220;4.27.4&#8243; _module_preset=&#8220;default&#8220; custom_margin=&#8220;-11px|||||&#8220; global_colors_info=&#8220;{}&#8220;]<\/p>\n<p>F\u00fcr den professionellen Ablauf dieser Reisen ist es erforderlich, mit mehreren Organisationsfahrzeugen eine solche Reise zu unterst\u00fctzen. 4\u00d74-Experience stellt deshalb 2 komplett ausger\u00fcstete Orga-Fahrzeuge ab, die die komplette W\u00fcsten-Ausr\u00fcstung an Bord haben. Als Teilnehmer brauchen Sie also keine kostspielige und sperrige Ausr\u00fcstung (z.B. Sandbleche) selber beschaffen und mitf\u00fchren. So etwas wird selbstverst\u00e4ndlich von uns gestellt und auch in unseren Organisationsfahrzeugen transportiert! Das Serviceteam, das uns auf der \u201eExpedition zum verlorenen See\u201c begleitet besteht aus 8-15 Personen. In 3 K\u00fcchen- und Versorgungsfahrzeuge wird die Verpflegung und das Zubeh\u00f6r transportiert.<\/p>\n<p><b>Leistungen:<\/b><\/p>\n<ul>\n<li>Ortskundiger deutscher Scout\u00a0 mit Gel\u00e4ndewagen und W\u00fcstenausr\u00fcstung<\/li>\n<li>W\u00e4hrend des W\u00fcstenaufenthaltes ist ein einheimischer KFZ Mechaniker Teil des Service Teams<\/li>\n<li>Ortskundiger Tunesischer Guide und Fahrer mit Gel\u00e4ndewagen, Pick Up, W\u00fcstenausr\u00fcstung<\/li>\n<li>Ortskundiger Tunesischer Mechaniker, 1 K\u00fcchenhelfer mit Gel\u00e4ndewagen, W\u00fcstenausr\u00fcstung<\/li>\n<li>K\u00fcchen Team bestehend aus 6 Personen<\/li>\n<li>3 Pick Up Gel\u00e4ndewagen zum Transport des K\u00fcchen und Aufenthaltszelt und der Vorr\u00e4te w\u00e4hrend des W\u00fcstenaufenthaltes,<\/li>\n<li>1 Guide Fahrzeug ,<\/li>\n<li>1 Gel\u00e4ndewagen mit Ausstattung gem\u00e4\u00df des Verbandes der Offroad Reiseveranstalter Deutschlands, unter andern ausgestattet mit Satelliten Telefon und einer konstanten STAR Link Internet Verbindung sowie<\/li>\n<li>einen Rettungsrucksack mit Defibrilator.<\/li>\n<li>kostenloser Fahrzeugcheck vor Beginn der Reise bei<span>\u00a0<\/span><a href=\"https:\/\/www.fw-experience.de\">FW Experience<\/a>, Overath bei K\u00f6ln<\/li>\n<li>Organisationsfahrzeug mit besonderer Ausr\u00fcstung f\u00fcr Offroad-Gruppen-Reisen nach Ma\u00dfgabe des<span>\u00a0<\/span><a href=\"https:\/\/vdord.de\/veranstalter-mindestausstattung-offroad-gruppen-reisen\/\">Verbandes der Offroad-Reiseveranstalter Deutschlands<\/a><span>\u00a0<\/span>(VdORD)<\/li>\n<\/ul>\n<p>[\/et_pb_text][et_pb_text _builder_version=&#8220;4.23.1&#8243; _module_preset=&#8220;default&#8220; global_colors_info=&#8220;{}&#8220;]<\/p>\n<h4>Kleidungs- und Ausr\u00fcstungsemfehlungen<br \/>\nzum Downloaden, Ausf\u00fcllen und Speichern:<\/h4>\n<p><a href=\"\/4x4\/checklisten\/Checkliste-Insassen.pdf\" target=\"_blank\" rel=\"noopener\">Checkliste Insassen<\/a><br \/>\n<a href=\"\/4x4\/checklisten\/Checkliste-Fahrzeug.pdf\" target=\"_blank\" rel=\"noopener\">Checkliste Fahrzeug<\/a><\/p>\n<h4>Zus\u00e4tzlich f\u00fcr Sahara-Reisende:<\/h4>\n<p><a href=\"\/4x4\/checklisten\/Checkliste-Offroad-Maghreb.pdf\" target=\"_blank\" rel=\"noopener\">Checkliste Offroad Maghreb<\/a>[\/et_pb_text][\/et_pb_column][et_pb_column type=&#8220;1_3&#8243; _builder_version=&#8220;4.23.1&#8243; _module_preset=&#8220;default&#8220; global_colors_info=&#8220;{}&#8220;][et_pb_text _builder_version=&#8220;4.27.4&#8243; _module_preset=&#8220;default&#8220; custom_margin=&#8220;0px||0px|-1px|false|false&#8220; custom_padding=&#8220;0px||0px|0px|false|false&#8220; global_colors_info=&#8220;{}&#8220;]<\/p>\n<h2><span style=\"text-decoration: underline;\">Termin 2026<\/span><\/h2>\n<h2>14.02.2026 &#8211; 28.02.2026<\/h2>\n<h2>26.12.2026 &#8211; 09.01.2027 (Silvestertour)<\/h2>\n<p>[\/et_pb_text][\/et_pb_column][\/et_pb_row][\/et_pb_section]<\/p>\n","protected":false},"excerpt":{"rendered":"<p>Telefon\/WhatsApp: +49-171 144 3884Reise\u00fcbersicht: 4&#215;4 Offroad TermineBeratung\/Anmeldung: ANMELDEFORMULARTunesien \u201eExpedition zum verlorenen See \u201c \u2013 Camp im eigenen Wagen Erfahrene W\u00fcstenf\u00fcchse und W\u00fcsteneinsteiger kommen auf ihre Kosten!! Bei Ankunft im Hafen von Tunis (TU) k\u00f6nnen wir schnell in das Landesinnere starten, denn die Einreiseformalit\u00e4ten konnten wir f\u00fcr unsere Gruppe bereits an Bord des Schiffes erledigen. Bereits [&hellip;]<\/p>\n","protected":false},"author":1,"featured_media":0,"parent":0,"menu_order":0,"comment_status":"closed","ping_status":"closed","template":"","meta":{"_et_pb_use_builder":"on","_et_pb_old_content":"","_et_gb_content_width":"","footnotes":""},"class_list":["post-772","page","type-page","status-publish","hentry"],"yoast_head":"<!-- This site is optimized with the Yoast SEO Premium plugin v27.0 (Yoast SEO v27.3) - https:\/\/yoast.com\/product\/yoast-seo-premium-wordpress\/ -->\n<title>Tunesien Expedition | 4x4 Offroad Reise<\/title>\n<meta name=\"description\" content=\"Tunesien Expedition: 4x4 Offroad-Abenteuer durch die Sahara. Gel\u00e4ndewagen Tour im Norden Afrikas mit Camp in der W\u00fcste.\" \/>\n<meta name=\"robots\" content=\"index, follow, max-snippet:-1, max-image-preview:large, max-video-preview:-1\" \/>\n<link rel=\"canonical\" href=\"https:\/\/4x4-experience.de\/4x4\/tunesien-expedition-2\/\" \/>\n<meta property=\"og:locale\" content=\"de_DE\" \/>\n<meta property=\"og:type\" content=\"article\" \/>\n<meta property=\"og:title\" content=\"Tunesien Expedition\" \/>\n<meta property=\"og:description\" content=\"Tunesien Expedition: 4x4 Offroad-Abenteuer durch die Sahara. Gel\u00e4ndewagen Tour im Norden Afrikas mit Camp in der W\u00fcste.\" \/>\n<meta property=\"og:url\" content=\"https:\/\/4x4-experience.de\/4x4\/tunesien-expedition-2\/\" \/>\n<meta property=\"og:site_name\" content=\"4x4 Experience, Offroadreise, Offroad Reisen\" \/>\n<meta property=\"article:publisher\" content=\"https:\/\/www.facebook.com\/www.4x4Experience\/\" \/>\n<meta property=\"article:modified_time\" content=\"2026-02-27T13:52:05+00:00\" \/>\n<meta name=\"twitter:card\" content=\"summary_large_image\" \/>\n<meta name=\"twitter:label1\" content=\"Gesch\u00e4tzte Lesezeit\" \/>\n\t<meta name=\"twitter:data1\" content=\"7\u00a0Minuten\" \/>\n<script type=\"application\/ld+json\" class=\"yoast-schema-graph\">{\"@context\":\"https:\\\/\\\/schema.org\",\"@graph\":[{\"@type\":\"WebPage\",\"@id\":\"https:\\\/\\\/4x4-experience.de\\\/4x4\\\/tunesien-expedition-2\\\/\",\"url\":\"https:\\\/\\\/4x4-experience.de\\\/4x4\\\/tunesien-expedition-2\\\/\",\"name\":\"Tunesien Expedition | 4x4 Offroad Reise\",\"isPartOf\":{\"@id\":\"https:\\\/\\\/4x4-experience.de\\\/4x4\\\/#website\"},\"datePublished\":\"2024-06-10T16:38:57+00:00\",\"dateModified\":\"2026-02-27T13:52:05+00:00\",\"description\":\"Tunesien Expedition: 4x4 Offroad-Abenteuer durch die Sahara. Gel\u00e4ndewagen Tour im Norden Afrikas mit Camp in der W\u00fcste.\",\"breadcrumb\":{\"@id\":\"https:\\\/\\\/4x4-experience.de\\\/4x4\\\/tunesien-expedition-2\\\/#breadcrumb\"},\"inLanguage\":\"de\",\"potentialAction\":[{\"@type\":\"ReadAction\",\"target\":[\"https:\\\/\\\/4x4-experience.de\\\/4x4\\\/tunesien-expedition-2\\\/\"]}]},{\"@type\":\"BreadcrumbList\",\"@id\":\"https:\\\/\\\/4x4-experience.de\\\/4x4\\\/tunesien-expedition-2\\\/#breadcrumb\",\"itemListElement\":[{\"@type\":\"ListItem\",\"position\":1,\"name\":\"Startseite\",\"item\":\"https:\\\/\\\/4x4-experience.de\\\/4x4\\\/\"},{\"@type\":\"ListItem\",\"position\":2,\"name\":\"Tunesien Expedition\"}]},{\"@type\":\"WebSite\",\"@id\":\"https:\\\/\\\/4x4-experience.de\\\/4x4\\\/#website\",\"url\":\"https:\\\/\\\/4x4-experience.de\\\/4x4\\\/\",\"name\":\"4x4 Experience, Offroadreise, Offroad Reisen\",\"description\":\"4x4 Offroad Europa und Nordafrika\",\"potentialAction\":[{\"@type\":\"SearchAction\",\"target\":{\"@type\":\"EntryPoint\",\"urlTemplate\":\"https:\\\/\\\/4x4-experience.de\\\/4x4\\\/?s={search_term_string}\"},\"query-input\":{\"@type\":\"PropertyValueSpecification\",\"valueRequired\":true,\"valueName\":\"search_term_string\"}}],\"inLanguage\":\"de\"}]}<\/script>\n<!-- \/ Yoast SEO Premium plugin. -->","yoast_head_json":{"title":"Tunesien Expedition | 4x4 Offroad Reise","description":"Tunesien Expedition: 4x4 Offroad-Abenteuer durch die Sahara. Gel\u00e4ndewagen Tour im Norden Afrikas mit Camp in der W\u00fcste.","robots":{"index":"index","follow":"follow","max-snippet":"max-snippet:-1","max-image-preview":"max-image-preview:large","max-video-preview":"max-video-preview:-1"},"canonical":"https:\/\/4x4-experience.de\/4x4\/tunesien-expedition-2\/","og_locale":"de_DE","og_type":"article","og_title":"Tunesien Expedition","og_description":"Tunesien Expedition: 4x4 Offroad-Abenteuer durch die Sahara. Gel\u00e4ndewagen Tour im Norden Afrikas mit Camp in der W\u00fcste.","og_url":"https:\/\/4x4-experience.de\/4x4\/tunesien-expedition-2\/","og_site_name":"4x4 Experience, Offroadreise, Offroad Reisen","article_publisher":"https:\/\/www.facebook.com\/www.4x4Experience\/","article_modified_time":"2026-02-27T13:52:05+00:00","twitter_card":"summary_large_image","twitter_misc":{"Gesch\u00e4tzte Lesezeit":"7\u00a0Minuten"},"schema":{"@context":"https:\/\/schema.org","@graph":[{"@type":"WebPage","@id":"https:\/\/4x4-experience.de\/4x4\/tunesien-expedition-2\/","url":"https:\/\/4x4-experience.de\/4x4\/tunesien-expedition-2\/","name":"Tunesien Expedition | 4x4 Offroad Reise","isPartOf":{"@id":"https:\/\/4x4-experience.de\/4x4\/#website"},"datePublished":"2024-06-10T16:38:57+00:00","dateModified":"2026-02-27T13:52:05+00:00","description":"Tunesien Expedition: 4x4 Offroad-Abenteuer durch die Sahara. Gel\u00e4ndewagen Tour im Norden Afrikas mit Camp in der W\u00fcste.","breadcrumb":{"@id":"https:\/\/4x4-experience.de\/4x4\/tunesien-expedition-2\/#breadcrumb"},"inLanguage":"de","potentialAction":[{"@type":"ReadAction","target":["https:\/\/4x4-experience.de\/4x4\/tunesien-expedition-2\/"]}]},{"@type":"BreadcrumbList","@id":"https:\/\/4x4-experience.de\/4x4\/tunesien-expedition-2\/#breadcrumb","itemListElement":[{"@type":"ListItem","position":1,"name":"Startseite","item":"https:\/\/4x4-experience.de\/4x4\/"},{"@type":"ListItem","position":2,"name":"Tunesien Expedition"}]},{"@type":"WebSite","@id":"https:\/\/4x4-experience.de\/4x4\/#website","url":"https:\/\/4x4-experience.de\/4x4\/","name":"4x4 Experience, Offroadreise, Offroad Reisen","description":"4x4 Offroad Europa und Nordafrika","potentialAction":[{"@type":"SearchAction","target":{"@type":"EntryPoint","urlTemplate":"https:\/\/4x4-experience.de\/4x4\/?s={search_term_string}"},"query-input":{"@type":"PropertyValueSpecification","valueRequired":true,"valueName":"search_term_string"}}],"inLanguage":"de"}]}},"_links":{"self":[{"href":"https:\/\/4x4-experience.de\/4x4\/wp-json\/wp\/v2\/pages\/772","targetHints":{"allow":["GET"]}}],"collection":[{"href":"https:\/\/4x4-experience.de\/4x4\/wp-json\/wp\/v2\/pages"}],"about":[{"href":"https:\/\/4x4-experience.de\/4x4\/wp-json\/wp\/v2\/types\/page"}],"author":[{"embeddable":true,"href":"https:\/\/4x4-experience.de\/4x4\/wp-json\/wp\/v2\/users\/1"}],"replies":[{"embeddable":true,"href":"https:\/\/4x4-experience.de\/4x4\/wp-json\/wp\/v2\/comments?post=772"}],"version-history":[{"count":39,"href":"https:\/\/4x4-experience.de\/4x4\/wp-json\/wp\/v2\/pages\/772\/revisions"}],"predecessor-version":[{"id":3452,"href":"https:\/\/4x4-experience.de\/4x4\/wp-json\/wp\/v2\/pages\/772\/revisions\/3452"}],"wp:attachment":[{"href":"https:\/\/4x4-experience.de\/4x4\/wp-json\/wp\/v2\/media?parent=772"}],"curies":[{"name":"wp","href":"https:\/\/api.w.org\/{rel}","templated":true}]}}