{"id":736,"date":"2024-05-08T13:14:14","date_gmt":"2024-05-08T11:14:14","guid":{"rendered":"https:\/\/4x4-experience.de\/4x4\/?page_id=736"},"modified":"2026-03-20T10:49:51","modified_gmt":"2026-03-20T09:49:51","slug":"korsika-hotel","status":"publish","type":"page","link":"https:\/\/4x4-experience.de\/4x4\/korsika-hotel\/","title":{"rendered":"Korsika Hotel"},"content":{"rendered":"<p>[et_pb_section fb_built=&#8220;1&#8243; _builder_version=&#8220;4.23.1&#8243; _module_preset=&#8220;default&#8220; custom_margin=&#8220;0px||-114px||false|false&#8220; custom_padding=&#8220;0px||0px||false|false&#8220; global_colors_info=&#8220;{}&#8220;][\/et_pb_section][et_pb_section fb_built=&#8220;1&#8243; fullwidth=&#8220;on&#8220; prev_background_color=&#8220;#000000&#8243; _builder_version=&#8220;4.23.1&#8243; _module_preset=&#8220;default&#8220; width=&#8220;100%&#8220; width_tablet=&#8220;&#8220; width_phone=&#8220;&#8220; width_last_edited=&#8220;on|phone&#8220; custom_margin=&#8220;130px||0px||false|false&#8220; custom_margin_tablet=&#8220;90px||||false|false&#8220; custom_margin_phone=&#8220;150px|||0px|false|false&#8220; custom_margin_last_edited=&#8220;on|phone&#8220; custom_padding=&#8220;0px||0px||false|false&#8220; top_divider_style=&#8220;mountains2&#8243; top_divider_height=&#8220;19px&#8220; top_divider_repeat=&#8220;1x&#8220; global_colors_info=&#8220;{}&#8220;][et_pb_fullwidth_image src=&#8220;https:\/\/4&#215;4-experience.de\/4&#215;4\/wp-content\/uploads\/2024\/05\/Korsika-Hotel-oben.jpg&#8220; title_text=&#8220;Korsika-Hotel-oben-mobile&#8220; src_tablet=&#8220;https:\/\/4&#215;4-experience.de\/4&#215;4\/wp-content\/uploads\/2024\/05\/Korsika-Hotel-oben.jpg&#8220; src_phone=&#8220;https:\/\/4&#215;4-experience.de\/4&#215;4\/wp-content\/uploads\/2024\/07\/Korsika-Hotel-oben-mobile.jpg&#8220; src_last_edited=&#8220;on|phone&#8220; _builder_version=&#8220;4.23.1&#8243; _module_preset=&#8220;default&#8220; custom_margin=&#8220;0px||0px||false|false&#8220; custom_padding=&#8220;0px||0px||false|false&#8220; global_colors_info=&#8220;{}&#8220;][\/et_pb_fullwidth_image][\/et_pb_section][et_pb_section fb_built=&#8220;1&#8243; _builder_version=&#8220;4.23.1&#8243; _module_preset=&#8220;default&#8220; custom_margin=&#8220;||-6px|||&#8220; custom_padding=&#8220;||0px|||&#8220; global_colors_info=&#8220;{}&#8220;][et_pb_row column_structure=&#8220;1_3,1_3,1_3&#8243; disabled_on=&#8220;on|off|off&#8220; _builder_version=&#8220;4.23.1&#8243; _module_preset=&#8220;default&#8220; width=&#8220;100%&#8220; max_width=&#8220;1286px&#8220; custom_padding=&#8220;3px|||||&#8220; global_colors_info=&#8220;{}&#8220;][et_pb_column type=&#8220;1_3&#8243; _builder_version=&#8220;4.23.1&#8243; _module_preset=&#8220;default&#8220; global_colors_info=&#8220;{}&#8220;][et_pb_text _builder_version=&#8220;4.23.1&#8243; _module_preset=&#8220;default&#8220; custom_margin=&#8220;|||9px||&#8220; custom_padding=&#8220;|||23px||&#8220; global_colors_info=&#8220;{}&#8220;]<\/p>\n<h2 style=\"text-align: center;\">Telefon\/WhatsApp:<\/h2>\n<h2 style=\"text-decoration: underline; text-align: center;\"><a href=\"tel:+491711443884\">+49-171 144 3884<\/a><\/h2>\n<p>[\/et_pb_text][\/et_pb_column][et_pb_column type=&#8220;1_3&#8243; _builder_version=&#8220;4.23.1&#8243; _module_preset=&#8220;default&#8220; global_colors_info=&#8220;{}&#8220;][et_pb_text _builder_version=&#8220;4.23.1&#8243; _module_preset=&#8220;default&#8220; custom_padding=&#8220;|30px||||&#8220; global_colors_info=&#8220;{}&#8220;]<\/p>\n<h2 style=\"text-align: center;\">Reise\u00fcbersicht:<\/h2>\n<h2 style=\"text-decoration: underline; text-align: center;\"><a href=\"\/4x4\/termine\">4&#215;4 Offroad Termine<\/a><\/h2>\n<p>[\/et_pb_text][\/et_pb_column][et_pb_column type=&#8220;1_3&#8243; _builder_version=&#8220;4.23.1&#8243; _module_preset=&#8220;default&#8220; global_colors_info=&#8220;{}&#8220;][et_pb_text _builder_version=&#8220;4.23.1&#8243; _module_preset=&#8220;default&#8220; custom_margin=&#8220;|||-41px||&#8220; custom_padding=&#8220;|115px||||&#8220; global_colors_info=&#8220;{}&#8220;]<\/p>\n<h2 style=\"text-align: center;\">Beratung\/Anmeldung:<\/h2>\n<h2 style=\"text-decoration: underline; text-align: center;\"><a href=\"\/4x4\/anmeldeformular-2025\">ANMELDEFORMULAR<\/a><\/h2>\n<p>[\/et_pb_text][\/et_pb_column][\/et_pb_row][\/et_pb_section][et_pb_section fb_built=&#8220;1&#8243; _builder_version=&#8220;4.23.1&#8243; _module_preset=&#8220;default&#8220; custom_padding=&#8220;14px|||||&#8220; global_colors_info=&#8220;{}&#8220;][et_pb_row column_structure=&#8220;2_3,1_3&#8243; _builder_version=&#8220;4.23.1&#8243; _module_preset=&#8220;default&#8220; custom_padding=&#8220;0px||9px|||&#8220; global_colors_info=&#8220;{}&#8220;][et_pb_column type=&#8220;2_3&#8243; _builder_version=&#8220;4.23.1&#8243; _module_preset=&#8220;default&#8220; global_colors_info=&#8220;{}&#8220;][et_pb_text _builder_version=&#8220;4.27.4&#8243; _module_preset=&#8220;default&#8220; custom_margin=&#8220;|||-2px||&#8220; custom_padding=&#8220;|||1px||&#8220; global_colors_info=&#8220;{}&#8220;]<\/p>\n<h1>Korsika (FR) &#8211; Offroad f\u00fcr Selbstfahrer<\/h1>\n<h2>\u201eInsel der D\u00fcfte\u201c \u2013 Hotel Tour<\/h2>\n<p>Das hier ist ein uralter Weg. Er windet sich durch schattige Kork-Eichen-W\u00e4lder, schl\u00e4ngelt sich der K\u00fcste entgegen \u2013 die Piste f\u00fcr unsere Offroader. Die Wagen klettern \u00fcber Fels-Treppen, rollen durch tiefe Hohlwege in Richtung Meer. In der Ferne leuchtet der Gipfelschnee des 2.700 Meter hohen Monte Cinto und wenn man in einem Moment der Stille lauscht, h\u00f6rt man das Rauschen des Mittelmeeres. Offroad auf Korsika!<br \/><strong>Erleben Sie mit 4\u00d74-Experience die KORSIKA-SCOUT-TOUR.<\/strong><\/p>\n<p>Immer wieder winden sich die Gel\u00e4ndewagen von rechts nach links in die Achsverschr\u00e4nkung. Oft geht es nur mit Einweiser vorw\u00e4rts: \u201eMehr links, 20 Prozent mehr Gas, jetzt Lenkung wieder gerade und dr\u00fcber\u2026!!\u201c Echtes Offroad-Working pur. Wir folgen unseren korsischen Scouts immer tiefer hinein in die entlegensten Regionen der Insel. Aber Achtung: Es geht bei dieser 4*+-Sterne-Tour auch manchmal durchs Geh\u00f6lz, so dass Kratzer am Fahrzeug nicht ausbleiben, wenn wir es nicht sch\u00fctzen! Fragen Sie uns, wir beraten Sie gerne in Sachen \u201eSchutz vor Kratzern\u201c\u2026<br \/>Nach unvergesslichen Stunden wird der Blick nach und nach weiter, unser Track hat uns in eine abgelegene, einsame Bucht gef\u00fchrt. Die Autos rollen rollen durch eine wundersch\u00f6ne Szenerie:hinter uns die schneebedeckten berge Korsikas, vor uns das azurblaue, glasklare Mittelmeer, dessen Wellen sanft an den Strand wogen. Pl\u00f6tzlich springt Thierry, unser korsischer Scout, aus seinem Nissan Patrol und ruft: \u201eVoici notre Hotel\u2026hier bleiben wir f\u00fcr heute Nacht!\u201c Korsika: ein Traum!<\/p>\n<p>Eine Woche Offroad auf Korsika, das sind Touren in Meeres-Buchten, die wirken, als sei hier vor uns noch nie ein Mensch gewesen. Das sind geheimnisvolle W\u00e4lder aus uralten Kork-Eichen und knorrigen Edel-Kastanien. Das sind fahrtechnisch sehr abwechslungsreiche Offroad-Strecken, kleine, romantische Fischerh\u00e4fen und eine urt\u00fcmliche Hochgebirgslandschaft mit bis zu 2.700 Meter hohen Bergen.<\/p>\n<h2>Farbenpr\u00e4chtiges Korsika<\/h2>\n<p>Kaum eine andere Mittelmeerinsel strahlt so farbenpr\u00e4chtig wie Korsika \u2013 das Meer schillert in T\u00fcrkis- und Blaut\u00f6nen, die \u00fcppigen Blumen und Str\u00e4ucher wechseln ihre Farben im Jahresverlauf oft mehrmals \u2013 vom winterzeitlichen Braun bis zu einem schieren Farbenfeuerwerk im Sommer. Eine Pflanzenwelt, die st\u00e4ndig wechselnde, intensive D\u00fcfte \u00fcber die Insel wehen l\u00e4sst. Nicht umsonst hei\u00dft Korsika \u201eDie Insel der D\u00fcfte\u201c. Eine Insel, die man im Fr\u00fchjahr schon von See her riecht, so voll duften dann die Blumen und B\u00e4ume. Schon der wohl ber\u00fchmteste Korse, Napoleon Bonaparte, hat \u00fcber seine Heimatinsel gesagt: \u201eIch erkenne meine Insel mit verbundenen Augen bereits am Duft\u201c.<br \/>Korsika: 180 Kilometer lang, ein Eldorado f\u00fcr Offroad-Fahrer. Mit 4\u00d74-Experience fahren Sie die sch\u00f6nsten Strecken und \u00fcbernachten ganz entspannt in sch\u00f6nen landestypischen 2** und 3***-Hotels. Warum wir das garantieren k\u00f6nnen? Weil wir unseren einheimischen Scout Daniel dabei haben. Daniel ist Korse und gilt in der franz\u00f6sischen Offroad-Szene als einer \u201eDER\u201c Kenner der Insel. Er \u00f6ffnet T\u00fcren und Tore, die sonst verschlossen bleiben.<\/p>\n<p>[\/et_pb_text][et_pb_text _builder_version=&#8220;4.27.4&#8243; _module_preset=&#8220;default&#8220; global_colors_info=&#8220;{}&#8220;]<\/p>\n<h2>Schwierigkeitsgrad: <span style=\"font-weight: bold; color: #ff9900; font-size: 15pt;\">\u2736\u2736\u2736\u2736+<\/span><span style=\"font-size: 14pt;\">\u2736<\/span><\/h2>\n<p>Erl\u00e4uterung Schwierigkeitsgrade &gt;&gt;&gt;&gt; <a style=\"color: #000; text-decoration: underline; font-weight: bold;\" href=\"https:\/\/vdord.de\/klassifizierung-von-schwierigkeits-graden-bei-offroad-reisen\/\">HIER<\/a>[\/et_pb_text][\/et_pb_column][et_pb_column type=&#8220;1_3&#8243; _builder_version=&#8220;4.23.1&#8243; _module_preset=&#8220;default&#8220; global_colors_info=&#8220;{}&#8220;][et_pb_gallery gallery_ids=&#8220;747,745,449,744,718,454,717&#8243; show_title_and_caption=&#8220;off&#8220; show_pagination=&#8220;off&#8220; _builder_version=&#8220;4.23.1&#8243; _module_preset=&#8220;default&#8220; custom_padding=&#8220;2px|||||&#8220; global_colors_info=&#8220;{}&#8220;][\/et_pb_gallery][\/et_pb_column][\/et_pb_row][et_pb_row column_structure=&#8220;2_3,1_3&#8243; _builder_version=&#8220;4.23.1&#8243; _module_preset=&#8220;default&#8220; custom_padding=&#8220;10px|||||&#8220; global_colors_info=&#8220;{}&#8220;][et_pb_column type=&#8220;2_3&#8243; _builder_version=&#8220;4.23.1&#8243; _module_preset=&#8220;default&#8220; global_colors_info=&#8220;{}&#8220;][et_pb_text _builder_version=&#8220;4.27.4&#8243; _module_preset=&#8220;default&#8220; global_colors_info=&#8220;{}&#8220;]<\/p>\n<h2>Preise<\/h2>\n<p><strong>Startgeld inklusive Mehrwertsteuer:<\/strong><br \/><strong>\u20ac 3.790,\u2013<\/strong> Hotelkosten Einzelzimmer mit Halbpension<br \/><strong>\u20ac 3.970,\u2013<\/strong> Hotelkosten Doppelzimmer mit Halbpension (weitere Personen auf Anfrage!)<\/p>\n<p><strong>Hotelkategorie<\/strong>: 3*** bis 3***+<\/p>\n<p><strong>Nebenkosten<\/strong>: F\u00e4hre* und Nutzungsgeb\u00fchr &#8222;Piste des Senjeur&#8220;<\/p>\n<p><strong>Inselhopping m\u00f6glich mit Sardinien Hotel<\/strong><\/p>\n<p>Die F\u00e4hre zwischen Sardinien und Korsika bzw. Korsika und Sardinien kostet ca. \u20ac 180,00 f\u00fcr 2 Personen 1 KFZ.<\/p>\n<p><b>Startpunkt:<\/b><span>\u00a0<\/span>Bastia (F)<\/p>\n<p>Reiseleistungen dieser Art unterliegen der Margenbesteuerung nach \u00a725 Umsatzsteuergesetz.<\/p>\n<p>[\/et_pb_text][\/et_pb_column][et_pb_column type=&#8220;1_3&#8243; _builder_version=&#8220;4.23.1&#8243; _module_preset=&#8220;default&#8220; global_colors_info=&#8220;{}&#8220;][et_pb_text _builder_version=&#8220;4.27.6&#8243; _module_preset=&#8220;default&#8220; custom_margin=&#8220;0px||0px||false|false&#8220; custom_padding=&#8220;0px||0px|0px|false|false&#8220; global_colors_info=&#8220;{}&#8220;]<\/p>\n<h2><span style=\"text-decoration: underline;\">Termine 2026<\/span><\/h2>\n<h4>05.04.2026 &#8211; 10.04.2026<br \/>11.10.2026 \u2013 16.10.2026<\/h4>\n<p>&nbsp;<\/p>\n<h2><span style=\"text-decoration: underline;\">Termine 2027<\/span><\/h2>\n<h4>10.10.2027 &#8211; 15.10.207 <\/h4>\n<p>[\/et_pb_text][\/et_pb_column][\/et_pb_row][et_pb_row column_structure=&#8220;2_3,1_3&#8243; _builder_version=&#8220;4.23.1&#8243; _module_preset=&#8220;default&#8220; custom_padding=&#8220;10px||0px|||&#8220; global_colors_info=&#8220;{}&#8220;][et_pb_column type=&#8220;2_3&#8243; _builder_version=&#8220;4.23.1&#8243; _module_preset=&#8220;default&#8220; global_colors_info=&#8220;{}&#8220;][et_pb_text _builder_version=&#8220;4.23.1&#8243; _module_preset=&#8220;default&#8220; custom_margin=&#8220;||20px|||&#8220; global_colors_info=&#8220;{}&#8220;]<\/p>\n<h2>\u00a0Leistungen<\/h2>\n<ul>\n<li>Teilnahme an der \u201cKORSIKA-HOTELTOUR\u201d<\/li>\n<li>deutsche Reiseleitung durch Michael Ortner oder Lorenz Resch<\/li>\n<li>einheimischer Scout<\/li>\n<li>auf Offroad-Pisten zu den gr\u00f6\u00dften Natursch\u00f6nheiten der Insel<\/li>\n<li>Die Mindestteilnehmerzahl f\u00fcr die Durchf\u00fchrungsgarantie betr\u00e4gt 5 Kfz. Kleinere Reisegruppen nach Absprache.<\/li>\n<li>alle erforderlichen Genehmigungen und Dokumente liegen uns vor!<\/li>\n<li>2 x \u00dcbernachtung im Hotel Kategorie **<\/li>\n<li>3x \u00dcbernachtung im Hotel Kategorie *** in landestypischen Hotels<\/li>\n<li>inkl. Fr\u00fchst\u00fcck und Abendessen<\/li>\n<li>alle Genehmigungsgeb\u00fchren und Hotelkosten<\/li>\n<li>jedes Fahrzeug erh\u00e4lt von uns leihweise ein sehr gutes Funkger\u00e4t<\/li>\n<li>Sie erhalten detaillierte Reiseunterlagen<\/li>\n<\/ul>\n<p>* Nicht im Reisepreis enthalten ist die F\u00e4hr\u00fcberfahrt vom Festland zu den Inseln.<br \/>** Wir buchen gerne f\u00fcr Sie die Verbindung f\u00fcr die Doppeltour zwischen Korsika\/Sardinien bzw. Sardinien\/Korsika.<br \/>Die \u00dcberfahrt kostet ca. 90 \u20ac (Einfache Fahrt). An den 2 Br\u00fcckentagen bei der Doppeltour (Freitag\/Samstag) buchen wir f\u00fcr Sie gerne weitere Hotel\u00fcbernachtungen zum Preis ab \u20ac 75,00 p.P.<\/p>\n<p>[\/et_pb_text][\/et_pb_column][et_pb_column type=&#8220;1_3&#8243; _builder_version=&#8220;4.23.1&#8243; _module_preset=&#8220;default&#8220; global_colors_info=&#8220;{}&#8220;][et_pb_text _builder_version=&#8220;4.27.4&#8243; _module_preset=&#8220;default&#8220; custom_margin=&#8220;|0px||0px|false|false&#8220; custom_padding=&#8220;|0px||0px|false|false&#8220; link_option_url=&#8220;https:\/\/mobylines.de&#8220; global_colors_info=&#8220;{}&#8220;]<\/p>\n<h1>F\u00e4hrangebote<\/h1>\n<p><img loading=\"lazy\" decoding=\"async\" src=\"https:\/\/4x4-experience.de\/4x4\/wp-content\/uploads\/2024\/05\/MOBY2002-300x132.jpg\" width=\"187\" height=\"97\" alt=\"\" class=\"wp-image-615 alignnone size-medium\" \/><\/p>\n<p><b><\/b><\/p>\n<h1>Empfehlung f\u00fcr April<\/h1>\n<p><a href=\"https:\/\/corsica-ferries.com\" target=\"_blank\" rel=\"noopener\"><img loading=\"lazy\" decoding=\"async\" style=\"margin-left: 20px;\" class=\"alignleft size-full wp-image-3183\" src=\"https:\/\/4x4-experience.de\/4x4\/wp-content\/uploads\/corsica-logo_de.png\" alt=\"Corsica Ferries\" width=\"173\" height=\"65\" \/><\/a><\/p>\n<p>&nbsp;<\/p>\n<p>&nbsp;<\/p>\n<p>* Nicht im Reisepreis enthalten ist die F\u00e4hr\u00fcberfahrt vom Festland zu den Inseln.<\/p>\n<p>** Wir buchen gerne f\u00fcr Sie die F\u00e4hrverbindungen, auch f\u00fcr die Doppeltour (Korsika\/Sardinien bzw. Sardinien\/Korsika). Die \u00dcberfahrt kostet ca. ab 180 \u20ac (Einfache Fahrt).<\/p>\n<p>&nbsp;<\/p>\n<p>[\/et_pb_text][\/et_pb_column][\/et_pb_row][et_pb_row column_structure=&#8220;1_2,1_2&#8243; _builder_version=&#8220;4.23.1&#8243; _module_preset=&#8220;default&#8220; global_colors_info=&#8220;{}&#8220;][et_pb_column type=&#8220;1_2&#8243; _builder_version=&#8220;4.23.1&#8243; _module_preset=&#8220;default&#8220; global_colors_info=&#8220;{}&#8220;][et_pb_text _builder_version=&#8220;4.23.1&#8243; _module_preset=&#8220;default&#8220; width=&#8220;109.5%&#8220; custom_margin=&#8220;|-36px||||&#8220; custom_padding=&#8220;|10px||||&#8220; global_colors_info=&#8220;{}&#8220;]<\/p>\n<h2 style=\"text-align: right;\">Telefon\/WhatsApp:<\/h2>\n<h2 style=\"text-decoration: underline; text-align: right;\"><a href=\"tel:+491711443884\">+49-171 144 3884<\/a><\/h2>\n<p>[\/et_pb_text][\/et_pb_column][et_pb_column type=&#8220;1_2&#8243; _builder_version=&#8220;4.23.1&#8243; _module_preset=&#8220;default&#8220; global_colors_info=&#8220;{}&#8220;][et_pb_text _builder_version=&#8220;4.23.1&#8243; _module_preset=&#8220;default&#8220; custom_margin=&#8220;|||21px||&#8220; global_colors_info=&#8220;{}&#8220;]<\/p>\n<h2 style=\"text-align: left;\">Beratung\/Anmeldung:<\/h2>\n<h2 style=\"text-decoration: underline; text-align: left;\"><a href=\"\/4x4\/anmeldeformular-2025\">ANMELDEFORMULAR<\/a><\/h2>\n<p>[\/et_pb_text][\/et_pb_column][\/et_pb_row][\/et_pb_section]<\/p>\n","protected":false},"excerpt":{"rendered":"<p>Telefon\/WhatsApp: +49-171 144 3884Reise\u00fcbersicht: 4&#215;4 Offroad TermineBeratung\/Anmeldung: ANMELDEFORMULARKorsika (FR) &#8211; Offroad f\u00fcr Selbstfahrer \u201eInsel der D\u00fcfte\u201c \u2013 Hotel Tour Das hier ist ein uralter Weg. Er windet sich durch schattige Kork-Eichen-W\u00e4lder, schl\u00e4ngelt sich der K\u00fcste entgegen \u2013 die Piste f\u00fcr unsere Offroader. Die Wagen klettern \u00fcber Fels-Treppen, rollen durch tiefe Hohlwege in Richtung Meer. In [&hellip;]<\/p>\n","protected":false},"author":1,"featured_media":0,"parent":0,"menu_order":0,"comment_status":"closed","ping_status":"closed","template":"","meta":{"_et_pb_use_builder":"on","_et_pb_old_content":"","_et_gb_content_width":"","footnotes":""},"class_list":["post-736","page","type-page","status-publish","hentry"],"yoast_head":"<!-- This site is optimized with the Yoast SEO Premium plugin v27.3 (Yoast SEO v27.4) - https:\/\/yoast.com\/product\/yoast-seo-premium-wordpress\/ -->\n<title>Korsika Hotel: 4x4-Experience f\u00fcr Abenteuerlustige<\/title>\n<meta name=\"description\" content=\"Offroad auf Korsika: Fahren Sie mit 4\u00d74-Experience und erleben Sie spannende Touren im Korsika Hotel und dessen Umgebung.\" \/>\n<meta name=\"robots\" content=\"index, follow, max-snippet:-1, max-image-preview:large, max-video-preview:-1\" \/>\n<link rel=\"canonical\" href=\"https:\/\/4x4-experience.de\/4x4\/korsika-hotel\/\" \/>\n<meta property=\"og:locale\" content=\"de_DE\" \/>\n<meta property=\"og:type\" content=\"article\" \/>\n<meta property=\"og:title\" content=\"Korsika Hotel\" \/>\n<meta property=\"og:description\" content=\"Offroad auf Korsika: Fahren Sie mit 4\u00d74-Experience und erleben Sie spannende Touren im Korsika Hotel und dessen Umgebung.\" \/>\n<meta property=\"og:url\" content=\"https:\/\/4x4-experience.de\/4x4\/korsika-hotel\/\" \/>\n<meta property=\"og:site_name\" content=\"4x4 Experience, Offroad Reise, Offroad Reisen, Gel\u00e4ndewagen Touren\" \/>\n<meta property=\"article:publisher\" content=\"https:\/\/www.facebook.com\/www.4x4Experience\/\" \/>\n<meta property=\"article:modified_time\" content=\"2026-03-20T09:49:51+00:00\" \/>\n<meta property=\"og:image\" content=\"https:\/\/4x4-experience.de\/4x4\/wp-content\/uploads\/2024\/05\/MOBY2002-300x132.jpg\" \/>\n<meta name=\"twitter:card\" content=\"summary_large_image\" \/>\n<meta name=\"twitter:label1\" content=\"Gesch\u00e4tzte Lesezeit\" \/>\n\t<meta name=\"twitter:data1\" content=\"7\u00a0Minuten\" \/>\n<script type=\"application\/ld+json\" class=\"yoast-schema-graph\">{\"@context\":\"https:\\\/\\\/schema.org\",\"@graph\":[{\"@type\":\"WebPage\",\"@id\":\"https:\\\/\\\/4x4-experience.de\\\/4x4\\\/korsika-hotel\\\/\",\"url\":\"https:\\\/\\\/4x4-experience.de\\\/4x4\\\/korsika-hotel\\\/\",\"name\":\"Korsika Hotel: 4x4-Experience f\u00fcr Abenteuerlustige\",\"isPartOf\":{\"@id\":\"https:\\\/\\\/4x4-experience.de\\\/4x4\\\/#website\"},\"primaryImageOfPage\":{\"@id\":\"https:\\\/\\\/4x4-experience.de\\\/4x4\\\/korsika-hotel\\\/#primaryimage\"},\"image\":{\"@id\":\"https:\\\/\\\/4x4-experience.de\\\/4x4\\\/korsika-hotel\\\/#primaryimage\"},\"thumbnailUrl\":\"https:\\\/\\\/4x4-experience.de\\\/4x4\\\/wp-content\\\/uploads\\\/2024\\\/05\\\/MOBY2002-300x132.jpg\",\"datePublished\":\"2024-05-08T11:14:14+00:00\",\"dateModified\":\"2026-03-20T09:49:51+00:00\",\"description\":\"Offroad auf Korsika: Fahren Sie mit 4\u00d74-Experience und erleben Sie spannende Touren im Korsika Hotel und dessen Umgebung.\",\"breadcrumb\":{\"@id\":\"https:\\\/\\\/4x4-experience.de\\\/4x4\\\/korsika-hotel\\\/#breadcrumb\"},\"inLanguage\":\"de\",\"potentialAction\":[{\"@type\":\"ReadAction\",\"target\":[\"https:\\\/\\\/4x4-experience.de\\\/4x4\\\/korsika-hotel\\\/\"]}]},{\"@type\":\"ImageObject\",\"inLanguage\":\"de\",\"@id\":\"https:\\\/\\\/4x4-experience.de\\\/4x4\\\/korsika-hotel\\\/#primaryimage\",\"url\":\"https:\\\/\\\/4x4-experience.de\\\/4x4\\\/wp-content\\\/uploads\\\/2024\\\/05\\\/MOBY2002.jpg\",\"contentUrl\":\"https:\\\/\\\/4x4-experience.de\\\/4x4\\\/wp-content\\\/uploads\\\/2024\\\/05\\\/MOBY2002.jpg\",\"width\":811,\"height\":357,\"caption\":\"Moby F\u00e4hren Mittelmeer Logo\"},{\"@type\":\"BreadcrumbList\",\"@id\":\"https:\\\/\\\/4x4-experience.de\\\/4x4\\\/korsika-hotel\\\/#breadcrumb\",\"itemListElement\":[{\"@type\":\"ListItem\",\"position\":1,\"name\":\"Startseite\",\"item\":\"https:\\\/\\\/4x4-experience.de\\\/4x4\\\/\"},{\"@type\":\"ListItem\",\"position\":2,\"name\":\"Korsika Hotel\"}]},{\"@type\":\"WebSite\",\"@id\":\"https:\\\/\\\/4x4-experience.de\\\/4x4\\\/#website\",\"url\":\"https:\\\/\\\/4x4-experience.de\\\/4x4\\\/\",\"name\":\"4x4 Experience, Offroad Reise, Offroad Reisen, Gel\u00e4ndewagen Touren\",\"description\":\"4x4 Offroad Reisen Europa und Nordafrika\",\"potentialAction\":[{\"@type\":\"SearchAction\",\"target\":{\"@type\":\"EntryPoint\",\"urlTemplate\":\"https:\\\/\\\/4x4-experience.de\\\/4x4\\\/?s={search_term_string}\"},\"query-input\":{\"@type\":\"PropertyValueSpecification\",\"valueRequired\":true,\"valueName\":\"search_term_string\"}}],\"inLanguage\":\"de\"}]}<\/script>\n<!-- \/ Yoast SEO Premium plugin. -->","yoast_head_json":{"title":"Korsika Hotel: 4x4-Experience f\u00fcr Abenteuerlustige","description":"Offroad auf Korsika: Fahren Sie mit 4\u00d74-Experience und erleben Sie spannende Touren im Korsika Hotel und dessen Umgebung.","robots":{"index":"index","follow":"follow","max-snippet":"max-snippet:-1","max-image-preview":"max-image-preview:large","max-video-preview":"max-video-preview:-1"},"canonical":"https:\/\/4x4-experience.de\/4x4\/korsika-hotel\/","og_locale":"de_DE","og_type":"article","og_title":"Korsika Hotel","og_description":"Offroad auf Korsika: Fahren Sie mit 4\u00d74-Experience und erleben Sie spannende Touren im Korsika Hotel und dessen Umgebung.","og_url":"https:\/\/4x4-experience.de\/4x4\/korsika-hotel\/","og_site_name":"4x4 Experience, Offroad Reise, Offroad Reisen, Gel\u00e4ndewagen Touren","article_publisher":"https:\/\/www.facebook.com\/www.4x4Experience\/","article_modified_time":"2026-03-20T09:49:51+00:00","og_image":[{"url":"https:\/\/4x4-experience.de\/4x4\/wp-content\/uploads\/2024\/05\/MOBY2002-300x132.jpg","type":"","width":"","height":""}],"twitter_card":"summary_large_image","twitter_misc":{"Gesch\u00e4tzte Lesezeit":"7\u00a0Minuten"},"schema":{"@context":"https:\/\/schema.org","@graph":[{"@type":"WebPage","@id":"https:\/\/4x4-experience.de\/4x4\/korsika-hotel\/","url":"https:\/\/4x4-experience.de\/4x4\/korsika-hotel\/","name":"Korsika Hotel: 4x4-Experience f\u00fcr Abenteuerlustige","isPartOf":{"@id":"https:\/\/4x4-experience.de\/4x4\/#website"},"primaryImageOfPage":{"@id":"https:\/\/4x4-experience.de\/4x4\/korsika-hotel\/#primaryimage"},"image":{"@id":"https:\/\/4x4-experience.de\/4x4\/korsika-hotel\/#primaryimage"},"thumbnailUrl":"https:\/\/4x4-experience.de\/4x4\/wp-content\/uploads\/2024\/05\/MOBY2002-300x132.jpg","datePublished":"2024-05-08T11:14:14+00:00","dateModified":"2026-03-20T09:49:51+00:00","description":"Offroad auf Korsika: Fahren Sie mit 4\u00d74-Experience und erleben Sie spannende Touren im Korsika Hotel und dessen Umgebung.","breadcrumb":{"@id":"https:\/\/4x4-experience.de\/4x4\/korsika-hotel\/#breadcrumb"},"inLanguage":"de","potentialAction":[{"@type":"ReadAction","target":["https:\/\/4x4-experience.de\/4x4\/korsika-hotel\/"]}]},{"@type":"ImageObject","inLanguage":"de","@id":"https:\/\/4x4-experience.de\/4x4\/korsika-hotel\/#primaryimage","url":"https:\/\/4x4-experience.de\/4x4\/wp-content\/uploads\/2024\/05\/MOBY2002.jpg","contentUrl":"https:\/\/4x4-experience.de\/4x4\/wp-content\/uploads\/2024\/05\/MOBY2002.jpg","width":811,"height":357,"caption":"Moby F\u00e4hren Mittelmeer Logo"},{"@type":"BreadcrumbList","@id":"https:\/\/4x4-experience.de\/4x4\/korsika-hotel\/#breadcrumb","itemListElement":[{"@type":"ListItem","position":1,"name":"Startseite","item":"https:\/\/4x4-experience.de\/4x4\/"},{"@type":"ListItem","position":2,"name":"Korsika Hotel"}]},{"@type":"WebSite","@id":"https:\/\/4x4-experience.de\/4x4\/#website","url":"https:\/\/4x4-experience.de\/4x4\/","name":"4x4 Experience, Offroad Reise, Offroad Reisen, Gel\u00e4ndewagen Touren","description":"4x4 Offroad Reisen Europa und Nordafrika","potentialAction":[{"@type":"SearchAction","target":{"@type":"EntryPoint","urlTemplate":"https:\/\/4x4-experience.de\/4x4\/?s={search_term_string}"},"query-input":{"@type":"PropertyValueSpecification","valueRequired":true,"valueName":"search_term_string"}}],"inLanguage":"de"}]}},"_links":{"self":[{"href":"https:\/\/4x4-experience.de\/4x4\/wp-json\/wp\/v2\/pages\/736","targetHints":{"allow":["GET"]}}],"collection":[{"href":"https:\/\/4x4-experience.de\/4x4\/wp-json\/wp\/v2\/pages"}],"about":[{"href":"https:\/\/4x4-experience.de\/4x4\/wp-json\/wp\/v2\/types\/page"}],"author":[{"embeddable":true,"href":"https:\/\/4x4-experience.de\/4x4\/wp-json\/wp\/v2\/users\/1"}],"replies":[{"embeddable":true,"href":"https:\/\/4x4-experience.de\/4x4\/wp-json\/wp\/v2\/comments?post=736"}],"version-history":[{"count":21,"href":"https:\/\/4x4-experience.de\/4x4\/wp-json\/wp\/v2\/pages\/736\/revisions"}],"predecessor-version":[{"id":3560,"href":"https:\/\/4x4-experience.de\/4x4\/wp-json\/wp\/v2\/pages\/736\/revisions\/3560"}],"wp:attachment":[{"href":"https:\/\/4x4-experience.de\/4x4\/wp-json\/wp\/v2\/media?parent=736"}],"curies":[{"name":"wp","href":"https:\/\/api.w.org\/{rel}","templated":true}]}}