{"id":704,"date":"2024-05-08T12:37:40","date_gmt":"2024-05-08T10:37:40","guid":{"rendered":"https:\/\/4x4-experience.de\/4x4\/?page_id=704"},"modified":"2026-03-20T10:43:54","modified_gmt":"2026-03-20T09:43:54","slug":"korsika-camp","status":"publish","type":"page","link":"https:\/\/4x4-experience.de\/4x4\/korsika-camp\/","title":{"rendered":"Korsika Camp"},"content":{"rendered":"<p>[et_pb_section fb_built=&#8220;1&#8243; _builder_version=&#8220;4.23.1&#8243; _module_preset=&#8220;default&#8220; custom_margin=&#8220;0px||-114px||false|false&#8220; custom_padding=&#8220;0px||0px||false|false&#8220; global_colors_info=&#8220;{}&#8220;][\/et_pb_section][et_pb_section fb_built=&#8220;1&#8243; fullwidth=&#8220;on&#8220; prev_background_color=&#8220;#000000&#8243; _builder_version=&#8220;4.23.1&#8243; _module_preset=&#8220;default&#8220; width=&#8220;100%&#8220; width_tablet=&#8220;&#8220; width_phone=&#8220;&#8220; width_last_edited=&#8220;on|phone&#8220; custom_margin=&#8220;130px||0px||false|false&#8220; custom_margin_tablet=&#8220;90px||||false|false&#8220; custom_margin_phone=&#8220;150px|||0px|false|false&#8220; custom_margin_last_edited=&#8220;on|phone&#8220; custom_padding=&#8220;0px||0px||false|false&#8220; top_divider_style=&#8220;mountains2&#8243; top_divider_height=&#8220;19px&#8220; top_divider_repeat=&#8220;1x&#8220; global_colors_info=&#8220;{}&#8220;][et_pb_fullwidth_image src=&#8220;https:\/\/4&#215;4-experience.de\/4&#215;4\/wp-content\/uploads\/2024\/05\/Korsika-unten.jpg&#8220; title_text=&#8220;Korsika-Startbild-oben-mobile&#8220; src_tablet=&#8220;https:\/\/4&#215;4-experience.de\/4&#215;4\/wp-content\/uploads\/2024\/05\/Korsika-unten.jpg&#8220; src_phone=&#8220;https:\/\/4&#215;4-experience.de\/4&#215;4\/wp-content\/uploads\/2024\/07\/Korsika-Startbild-oben-mobile-1.jpg&#8220; src_last_edited=&#8220;on|phone&#8220; _builder_version=&#8220;4.23.1&#8243; _module_preset=&#8220;default&#8220; custom_margin=&#8220;0px||0px||false|false&#8220; custom_padding=&#8220;0px||0px||false|false&#8220; global_colors_info=&#8220;{}&#8220;][\/et_pb_fullwidth_image][\/et_pb_section][et_pb_section fb_built=&#8220;1&#8243; _builder_version=&#8220;4.23.1&#8243; _module_preset=&#8220;default&#8220; custom_margin=&#8220;||-6px|||&#8220; custom_padding=&#8220;||0px|||&#8220; global_colors_info=&#8220;{}&#8220;][et_pb_row column_structure=&#8220;1_3,1_3,1_3&#8243; disabled_on=&#8220;on|off|off&#8220; _builder_version=&#8220;4.23.1&#8243; _module_preset=&#8220;default&#8220; width=&#8220;100%&#8220; max_width=&#8220;1286px&#8220; custom_padding=&#8220;4px|||||&#8220; global_colors_info=&#8220;{}&#8220;][et_pb_column type=&#8220;1_3&#8243; _builder_version=&#8220;4.23.1&#8243; _module_preset=&#8220;default&#8220; global_colors_info=&#8220;{}&#8220;][et_pb_text _builder_version=&#8220;4.23.1&#8243; _module_preset=&#8220;default&#8220; custom_margin=&#8220;|||9px||&#8220; custom_padding=&#8220;|||23px||&#8220; global_colors_info=&#8220;{}&#8220;]<\/p>\n<h2 style=\"text-align: center;\">Telefon\/WhatsApp:<\/h2>\n<h2 style=\"text-decoration: underline; text-align: center;\"><a href=\"tel:+491711443884\">+49-171 144 3884<\/a><\/h2>\n<p>[\/et_pb_text][\/et_pb_column][et_pb_column type=&#8220;1_3&#8243; _builder_version=&#8220;4.23.1&#8243; _module_preset=&#8220;default&#8220; global_colors_info=&#8220;{}&#8220;][et_pb_text _builder_version=&#8220;4.23.1&#8243; _module_preset=&#8220;default&#8220; custom_padding=&#8220;|30px||||&#8220; global_colors_info=&#8220;{}&#8220;]<\/p>\n<h2 style=\"text-align: center;\">Reise\u00fcbersicht:<\/h2>\n<h2 style=\"text-decoration: underline; text-align: center;\"><a href=\"\/4x4\/termine\">4&#215;4 Offroad Termine<\/a><\/h2>\n<p>[\/et_pb_text][\/et_pb_column][et_pb_column type=&#8220;1_3&#8243; _builder_version=&#8220;4.23.1&#8243; _module_preset=&#8220;default&#8220; global_colors_info=&#8220;{}&#8220;][et_pb_text _builder_version=&#8220;4.23.1&#8243; _module_preset=&#8220;default&#8220; custom_margin=&#8220;|||-41px||&#8220; custom_padding=&#8220;|115px||||&#8220; global_colors_info=&#8220;{}&#8220;]<\/p>\n<h2 style=\"text-align: center;\">Beratung\/Anmeldung:<\/h2>\n<h2 style=\"text-decoration: underline; text-align: center;\"><a href=\"\/4x4\/anmeldeformular-2025\">ANMELDEFORMULAR<\/a><\/h2>\n<p>[\/et_pb_text][\/et_pb_column][\/et_pb_row][\/et_pb_section][et_pb_section fb_built=&#8220;1&#8243; _builder_version=&#8220;4.23.1&#8243; _module_preset=&#8220;default&#8220; custom_padding=&#8220;14px||28px|||&#8220; global_colors_info=&#8220;{}&#8220;][et_pb_row column_structure=&#8220;2_3,1_3&#8243; _builder_version=&#8220;4.23.1&#8243; _module_preset=&#8220;default&#8220; custom_padding=&#8220;0px|||||&#8220; global_colors_info=&#8220;{}&#8220;][et_pb_column type=&#8220;2_3&#8243; _builder_version=&#8220;4.23.1&#8243; _module_preset=&#8220;default&#8220; global_colors_info=&#8220;{}&#8220;][et_pb_text _builder_version=&#8220;4.27.4&#8243; _module_preset=&#8220;default&#8220; custom_margin=&#8220;|||-2px||&#8220; custom_padding=&#8220;|||1px||&#8220; global_colors_info=&#8220;{}&#8220;]<\/p>\n<h1>Korsika (FR) mit dem eigenen Gel\u00e4ndewagen<\/h1>\n<h2>\u201eInsel der D\u00fcfte\u201c \u2013 Camp Tour<\/h2>\n<p>Das hier ist ein uralter Weg. Er windet sich durch schattige Kork-Eichen-W\u00e4lder, schl\u00e4ngelt sich der K\u00fcste entgegen \u2013 die Piste f\u00fcr unsere Offroader bei der \u201eInsel der D\u00fcfte\u201c \u2013 Korsika Camp Tour. Die Wagen kletten \u00fcber Fels-Treppen, rollen durch tiefe Hohlwege in Richtung Meer. In der Ferne leuchet der Gipfelschnee des 2.700 Meter hohen Monte Cinto und wenn man in einem Moment der Stille lauscht, h\u00f6rt man das Rauschen des Mittelmeeres. Offroad auf Korsika!<\/p>\n<h4>Erleben Sie mit 4\u00d74-Experience die \u201eInsel der D\u00fcfte\u201c \u2013 Korsika Camp Tour<\/h4>\n<p>Immer wieder winden sich die Gel\u00e4ndewagen von rechts nach links in die Achsverschr\u00e4nkung. Oft geht es nur mit Einweiser vorw\u00e4rts: \u201eMehr links, 20 Prozent mehr Gas, jetzt Lenkung wieder gerade und dr\u00fcber\u2026!!\u201c Echtes Offroad-Working pur. Wir folgen unseren korsischen Scouts immer tiefer hinein in die entlegensten Regionen der Insel.<\/p>\n<p>Nach dem anstrengenden Offroad-Working bei der Korsika Camp Tour \u201eInsel der D\u00fcfte\u201c f\u00fchrt uns unser Track in eine abgelegene, einsame Bucht. Hinter uns die schneebedeckten Berge Korsikas, vor uns das azurblaue, glasklare Mittelmeer, dessen Wellen sanft an den Strand wogen. Pl\u00f6tzlich springt Thierry, unser korsischer Scout, aus seinem Nissan Patrol und ruft: \u201eVoici notre Camp\u2026hier bleiben wir f\u00fcr heute Nacht!\u201c Eine Campstelle? Nein: ein Traum!<\/p>\n<p>Eine Woche Offroad auf Korsika, das sind Touren in Meeres-Buchten, die wirken, als sei hier vor uns noch nie ein Mensch gewesen. Das sind geheimnisvolle W\u00e4lder aus uralten Kork-Eichen und knorrigen Edel-Kastanien. Das sind fahrtechnisch sehr abwechslungsreiche Offroad-Strecken, kleine, romantische Fischerh\u00e4fen und eine urt\u00fcmliche Hochgebirgslandschaft mit bis zu 2.700 Meter hohen Bergen.<\/p>\n<p>&nbsp;<\/p>\n<p><span>Korsika: 180 Kilometer lang, ein Eldorado f\u00fcr Offroad-Fahrer. Mit 4\u00d74-Experience fahren Sie die sch\u00f6nsten Strecken, \u00fcbernachten an einzigartigen Campstellen. Warum wir das garantieren k\u00f6nnen? Weil wir unseren einheimischen Scout Thierry dabei haben. Thierry ist Korse und gilt in der franz\u00f6sischen Offroad-Szene als \u201eDER\u201c Kenner der Insel. Er \u00f6ffnet T\u00fcren und Tore, die sonst verschlossen bleiben.<\/span><\/p>\n<p>[\/et_pb_text][et_pb_text _builder_version=&#8220;4.23.1&#8243; _module_preset=&#8220;default&#8220; global_colors_info=&#8220;{}&#8220;]<\/p>\n<h2>Schwierigkeitsgrad: <span style=\"font-weight: bold; color: #ff9900; font-size: 15pt;\">\u2736\u2736\u2736\u2736<\/span><span style=\"font-size: 14pt;\">\u2736<\/span><\/h2>\n<p>Erl\u00e4uterung Schwierigkeitsgrade &gt;&gt;&gt;&gt; <a style=\"color: #000; text-decoration: underline; font-weight: bold;\" href=\"https:\/\/vdord.de\/klassifizierung-von-schwierigkeits-graden-bei-offroad-reisen\/\">HIER<\/a>[\/et_pb_text][\/et_pb_column][et_pb_column type=&#8220;1_3&#8243; _builder_version=&#8220;4.23.1&#8243; _module_preset=&#8220;default&#8220; global_colors_info=&#8220;{}&#8220;][et_pb_gallery gallery_ids=&#8220;716,458,718,717,456,453,249,708,709,710,712&#8243; posts_number=&#8220;3&#8243; show_title_and_caption=&#8220;off&#8220; show_pagination=&#8220;off&#8220; _builder_version=&#8220;4.23.1&#8243; _module_preset=&#8220;default&#8220; custom_padding=&#8220;2px|||||&#8220; global_colors_info=&#8220;{}&#8220;][\/et_pb_gallery][\/et_pb_column][\/et_pb_row][et_pb_row column_structure=&#8220;2_3,1_3&#8243; _builder_version=&#8220;4.23.1&#8243; _module_preset=&#8220;default&#8220; custom_padding=&#8220;10px|||||&#8220; global_colors_info=&#8220;{}&#8220;][et_pb_column type=&#8220;2_3&#8243; _builder_version=&#8220;4.23.1&#8243; _module_preset=&#8220;default&#8220; global_colors_info=&#8220;{}&#8220;][et_pb_text _builder_version=&#8220;4.27.6&#8243; _module_preset=&#8220;default&#8220; hover_enabled=&#8220;0&#8243; global_colors_info=&#8220;{}&#8220; sticky_enabled=&#8220;0&#8243;]<\/p>\n<h2>Preise<\/h2>\n<p><strong>Startgeld inklusive Mehrwertsteuer:<\/strong><\/p>\n<p><b>1.850,\u2013 Euro<\/b><span>\u00a0<\/span>pro Gel\u00e4ndewagen mit 1 Person<br \/>zzgl. F\u00e4hre* und Nutzungsgeb\u00fchr &#8222;Piste des Senjeur&#8220;<\/p>\n<p><b>1.960,\u2013 Euro<\/b><span>\u00a0<\/span>pro Gel\u00e4ndewagen bei 2 Personen<br \/>zzgl. F\u00e4hre* und Nutzungsgeb\u00fchr &#8222;Piste des Senjeur&#8220;<\/p>\n<p><strong>Nebenkosten:\u00a0<\/strong>F\u00e4hre*; 1 malig Grillabend \u20ac 45\/Person<\/p>\n<p><b>Startpunkt: Bastia (F)<\/b><\/p>\n<p><strong>Inselhopping m\u00f6glich mit Sardinien Camp**<\/strong><\/p>\n<p>Verl\u00e4ngern Sie Ihren Aufenthalt auf der Offroad-Mittelmeerinsel Korsika mit einer Buchung auf<span>\u00a0<\/span><a href=\"\/4x4\/sardinien-rote-felsen\/\">Sardinien<\/a>**<\/p>\n<p><b>Versorgungsm\u00f6glichkeiten<\/b>: Wir kommen alle 2 Tage durch D\u00f6rfer, wo wir uns mit Treibstoff und frischem Proviant versorgen k\u00f6nnen.<\/p>\n<p><span>* Nicht im Reisepreis enthalten ist die F\u00e4hr\u00fcberfahrt vom Festland zu den Inseln.<br \/>** Wir buchen gerne f\u00fcr Sie die F\u00e4hrverbindungen f\u00fcr die Doppeltour (Korsika\/Sardinien bzw. Sardinien\/Korsika). Die \u00dcberfahrt kostet ab 180 \u20ac (Einfache Fahrt). An den 2 Br\u00fcckentagen bei der Doppeltour (Freitag\/Samstag) buchen wir f\u00fcr Sie gerne Hotel- bzw. Camp\u00fcbernachtungen. Preise auf Anfrage.<\/span><\/p>\n<p>Reiseleistungen dieser Art unterliegen der Margenbesteuerung nach \u00a725 Umsatzsteuergesetz.<\/p>\n<p>[\/et_pb_text][\/et_pb_column][et_pb_column type=&#8220;1_3&#8243; _builder_version=&#8220;4.23.1&#8243; _module_preset=&#8220;default&#8220; global_colors_info=&#8220;{}&#8220;][et_pb_text _builder_version=&#8220;4.27.6&#8243; _module_preset=&#8220;default&#8220; custom_margin=&#8220;0px||0px||false|false&#8220; custom_padding=&#8220;0px||0px|0px|false|false&#8220; global_colors_info=&#8220;{}&#8220;]<\/p>\n<h2><span style=\"text-decoration: underline;\">Termine 2026<\/span><\/h2>\n<h4>29. 03.2026 &#8211; 03.04.2026<\/h4>\n<h4>18.10.2026\u2013 23.10.2026<\/h4>\n<p>&nbsp;<\/p>\n<h2><span style=\"text-decoration: underline;\">Termine 2027<\/span><\/h2>\n<h4>21.03.2027 &#8211; 26.03.2027<\/h4>\n<h4>10.10.2027 &#8211; 15.10.207 <\/h4>\n<p>[\/et_pb_text][\/et_pb_column][\/et_pb_row][et_pb_row column_structure=&#8220;2_3,1_3&#8243; _builder_version=&#8220;4.23.1&#8243; _module_preset=&#8220;default&#8220; custom_padding=&#8220;10px||0px|||&#8220; global_colors_info=&#8220;{}&#8220;][et_pb_column type=&#8220;2_3&#8243; _builder_version=&#8220;4.23.1&#8243; _module_preset=&#8220;default&#8220; global_colors_info=&#8220;{}&#8220;][et_pb_text _builder_version=&#8220;4.23.1&#8243; _module_preset=&#8220;default&#8220; custom_margin=&#8220;||20px|||&#8220; global_colors_info=&#8220;{}&#8220;]<\/p>\n<h2>\u00a0Leistungen<\/h2>\n<ul>\n<li>Teilnahme an der \u201eKORSIKA-SCOUT-TOUR\u201c<\/li>\n<li>deutsche Reiseleitung durch Michael Ortner oder Lorenz Resch<\/li>\n<li>einheimischer Scout aus Korsika<\/li>\n<li>Stellung Checkliste zur Vorbereitung des Fahrers und des Fahrzeuges<\/li>\n<li>auf Offroad-Pisten zu den gr\u00f6\u00dften Natursch\u00f6nheiten der Insel<\/li>\n<li>fahrtechnische Basis-Einweisung \u201eOffroad-Fahren im Gebirge\u201c<\/li>\n<li>Camp-\u00dcbernachtungen auf besonders sch\u00f6nen Campstellen<\/li>\n<li>mindestens 4x ausgew\u00e4hlter Campingplatz.<\/li>\n<li>Gro\u00dfes Aufenthaltszelt f\u00fcr bis zu 25 Personen.<\/li>\n<li>Die Mindestteilnehmerzahl f\u00fcr die Durchf\u00fchrungsgarantie betr\u00e4gt 5 Kfz. Kleinere Reisegruppen nach Absprache.<\/li>\n<li>Optional kann in Bungalows \/ Studios bzw. Chalets \u00fcbernachtet werden.<br \/>Die Kosten belaufen sich je nach Verf\u00fcgbarkeit zwischen \u20ac 60,00 bis \u20ac90,00 f\u00fcr bis zu 2 Personen pro Nacht \u2013 zahlbar an den Anbieter vor Ort.<\/li>\n<li>Durchf\u00fchrungsgarantie<\/li>\n<li>alle Genehmigungsgeb\u00fchren und Camping-Entgelte<\/li>\n<li>CB-Funkger\u00e4t leihweise f\u00fcr jedes einzelne Fahrzeug<\/li>\n<li>Reiser\u00fccktrittsversicherung ist im Reisepreis<span>\u00a0<\/span><span>nicht<\/span><span>\u00a0<\/span>enthalten<\/li>\n<li>\n<blockquote>\n<p>Infos zum Fahrzeugcheck vor Beginn der Reise unter: <a href=\"https:\/\/4x4-experience.de\/4x4\/checklisten-1\">4&#215;4-experience.de\/4&#215;4\/checklisten-1<\/a><\/p>\n<\/blockquote>\n<\/li>\n<li>mindestens ein Organisationsfahrzeug mit besonderer Ausr\u00fcstung f\u00fcr Offroad-Gruppen-Reisen nach Ma\u00dfgabe des<span>\u00a0<\/span><a href=\"https:\/\/vdord.de\/veranstalter-mindestausstattung-offroad-gruppen-reisen\/\" target=\"_blank\" rel=\"noopener noreferrer\">Verbandes der Offroad-Reiseveranstalter Deutschlands<\/a><span>\u00a0<\/span>(VdORD)<\/li>\n<\/ul>\n<p>[\/et_pb_text][et_pb_text _builder_version=&#8220;4.23.1&#8243; _module_preset=&#8220;default&#8220; global_colors_info=&#8220;{}&#8220;]<\/p>\n<h4>Kleidungs- und Ausr\u00fcstungsempfehlungen<br \/>zum Downloaden, Ausf\u00fcllen und Speichern:<\/h4>\n<p><a href=\"\/4x4\/checklisten\/Checkliste-Insassen.pdf\" target=\"_blank\" rel=\"noopener\">Checkliste Insassen<\/a><br \/><a href=\"\/4x4\/checklisten\/Checkliste-Fahrzeug.pdf\" target=\"_blank\" rel=\"noopener\">Checkliste Fahrzeug<\/a><\/p>\n<h4>Zus\u00e4tzlich f\u00fcr Sahara-Reisende:<\/h4>\n<p><a href=\"\/4x4\/checklisten\/Checkliste-Offroad-Maghreb.pdf\" target=\"_blank\" rel=\"noopener\">Checkliste Offroad Maghreb<\/a><\/p>\n<p>[\/et_pb_text][\/et_pb_column][et_pb_column type=&#8220;1_3&#8243; _builder_version=&#8220;4.23.1&#8243; _module_preset=&#8220;default&#8220; global_colors_info=&#8220;{}&#8220;][et_pb_text _builder_version=&#8220;4.27.4&#8243; _module_preset=&#8220;default&#8220; custom_margin=&#8220;|0px||0px|false|false&#8220; custom_padding=&#8220;0px|0px||0px|false|false&#8220; link_option_url=&#8220;https:\/\/mobylines.de&#8220; global_colors_info=&#8220;{}&#8220;]<\/p>\n<h1>F\u00e4hrangebote<\/h1>\n<p><img loading=\"lazy\" decoding=\"async\" src=\"https:\/\/4x4-experience.de\/4x4\/wp-content\/uploads\/2024\/05\/MOBY2002-300x132.jpg\" width=\"187\" height=\"97\" alt=\"\" class=\"wp-image-615 alignnone size-medium\" \/><\/p>\n<p><b><\/b><\/p>\n<h1>Empfehlung f\u00fcr April<\/h1>\n<p><a href=\"https:\/\/corsica-ferries.com\" target=\"_blank\" rel=\"noopener\"><img loading=\"lazy\" decoding=\"async\" style=\"margin-left: 20px;\" class=\"alignleft size-full wp-image-3183\" src=\"https:\/\/4x4-experience.de\/4x4\/wp-content\/uploads\/corsica-logo_de.png\" alt=\"Corsica Ferries\" width=\"173\" height=\"65\" \/><\/a><\/p>\n<p>&nbsp;<\/p>\n<p>&nbsp;<\/p>\n<p>* Nicht im Reisepreis enthalten ist die F\u00e4hr\u00fcberfahrt vom Festland zu den Inseln.<\/p>\n<p>** Wir buchen gerne f\u00fcr Sie die F\u00e4hrverbindungen, auch f\u00fcr die Doppeltour (Korsika\/Sardinien bzw. Sardinien\/Korsika). Die \u00dcberfahrt kostet ca. ab 180 \u20ac (Einfache Fahrt).<\/p>\n<p>&nbsp;<\/p>\n<p>[\/et_pb_text][\/et_pb_column][\/et_pb_row][\/et_pb_section]<\/p>\n","protected":false},"excerpt":{"rendered":"<p>Telefon\/WhatsApp: +49-171 144 3884Reise\u00fcbersicht: 4&#215;4 Offroad TermineBeratung\/Anmeldung: ANMELDEFORMULARKorsika (FR) mit dem eigenen Gel\u00e4ndewagen \u201eInsel der D\u00fcfte\u201c \u2013 Camp Tour Das hier ist ein uralter Weg. Er windet sich durch schattige Kork-Eichen-W\u00e4lder, schl\u00e4ngelt sich der K\u00fcste entgegen \u2013 die Piste f\u00fcr unsere Offroader bei der \u201eInsel der D\u00fcfte\u201c \u2013 Korsika Camp Tour. Die Wagen kletten \u00fcber [&hellip;]<\/p>\n","protected":false},"author":1,"featured_media":0,"parent":0,"menu_order":0,"comment_status":"closed","ping_status":"closed","template":"","meta":{"_et_pb_use_builder":"on","_et_pb_old_content":"","_et_gb_content_width":"","footnotes":""},"class_list":["post-704","page","type-page","status-publish","hentry"],"yoast_head":"<!-- This site is optimized with the Yoast SEO Premium plugin v27.0 (Yoast SEO v27.3) - https:\/\/yoast.com\/product\/yoast-seo-premium-wordpress\/ -->\n<title>Korsika Camp: Intensive Offroad Touren erleben<\/title>\n<meta name=\"description\" content=\"Entdecken Sie unter Anleitung erfahrener Scouts die versteckten Wege beim Korsika Camp. Offroad-Spa\u00df garantiert!\" \/>\n<meta name=\"robots\" content=\"index, follow, max-snippet:-1, max-image-preview:large, max-video-preview:-1\" \/>\n<link rel=\"canonical\" href=\"https:\/\/4x4-experience.de\/4x4\/korsika-camp\/\" \/>\n<meta property=\"og:locale\" content=\"de_DE\" \/>\n<meta property=\"og:type\" content=\"article\" \/>\n<meta property=\"og:title\" content=\"Korsika Camp\" \/>\n<meta property=\"og:description\" content=\"Entdecken Sie unter Anleitung erfahrener Scouts die versteckten Wege beim Korsika Camp. Offroad-Spa\u00df garantiert!\" \/>\n<meta property=\"og:url\" content=\"https:\/\/4x4-experience.de\/4x4\/korsika-camp\/\" \/>\n<meta property=\"og:site_name\" content=\"4x4 Experience, Offroadreise, Offroad Reisen\" \/>\n<meta property=\"article:publisher\" content=\"https:\/\/www.facebook.com\/www.4x4Experience\/\" \/>\n<meta property=\"article:modified_time\" content=\"2026-03-20T09:43:54+00:00\" \/>\n<meta property=\"og:image\" content=\"https:\/\/4x4-experience.de\/4x4\/wp-content\/uploads\/2024\/05\/MOBY2002-300x132.jpg\" \/>\n<meta name=\"twitter:card\" content=\"summary_large_image\" \/>\n<meta name=\"twitter:label1\" content=\"Gesch\u00e4tzte Lesezeit\" \/>\n\t<meta name=\"twitter:data1\" content=\"7\u00a0Minuten\" \/>\n<script type=\"application\/ld+json\" class=\"yoast-schema-graph\">{\"@context\":\"https:\\\/\\\/schema.org\",\"@graph\":[{\"@type\":\"WebPage\",\"@id\":\"https:\\\/\\\/4x4-experience.de\\\/4x4\\\/korsika-camp\\\/\",\"url\":\"https:\\\/\\\/4x4-experience.de\\\/4x4\\\/korsika-camp\\\/\",\"name\":\"Korsika Camp: Intensive Offroad Touren erleben\",\"isPartOf\":{\"@id\":\"https:\\\/\\\/4x4-experience.de\\\/4x4\\\/#website\"},\"primaryImageOfPage\":{\"@id\":\"https:\\\/\\\/4x4-experience.de\\\/4x4\\\/korsika-camp\\\/#primaryimage\"},\"image\":{\"@id\":\"https:\\\/\\\/4x4-experience.de\\\/4x4\\\/korsika-camp\\\/#primaryimage\"},\"thumbnailUrl\":\"https:\\\/\\\/4x4-experience.de\\\/4x4\\\/wp-content\\\/uploads\\\/2024\\\/05\\\/MOBY2002-300x132.jpg\",\"datePublished\":\"2024-05-08T10:37:40+00:00\",\"dateModified\":\"2026-03-20T09:43:54+00:00\",\"description\":\"Entdecken Sie unter Anleitung erfahrener Scouts die versteckten Wege beim Korsika Camp. Offroad-Spa\u00df garantiert!\",\"breadcrumb\":{\"@id\":\"https:\\\/\\\/4x4-experience.de\\\/4x4\\\/korsika-camp\\\/#breadcrumb\"},\"inLanguage\":\"de\",\"potentialAction\":[{\"@type\":\"ReadAction\",\"target\":[\"https:\\\/\\\/4x4-experience.de\\\/4x4\\\/korsika-camp\\\/\"]}]},{\"@type\":\"ImageObject\",\"inLanguage\":\"de\",\"@id\":\"https:\\\/\\\/4x4-experience.de\\\/4x4\\\/korsika-camp\\\/#primaryimage\",\"url\":\"https:\\\/\\\/4x4-experience.de\\\/4x4\\\/wp-content\\\/uploads\\\/2024\\\/05\\\/MOBY2002.jpg\",\"contentUrl\":\"https:\\\/\\\/4x4-experience.de\\\/4x4\\\/wp-content\\\/uploads\\\/2024\\\/05\\\/MOBY2002.jpg\",\"width\":811,\"height\":357,\"caption\":\"Moby F\u00e4hren Mittelmeer Logo\"},{\"@type\":\"BreadcrumbList\",\"@id\":\"https:\\\/\\\/4x4-experience.de\\\/4x4\\\/korsika-camp\\\/#breadcrumb\",\"itemListElement\":[{\"@type\":\"ListItem\",\"position\":1,\"name\":\"Startseite\",\"item\":\"https:\\\/\\\/4x4-experience.de\\\/4x4\\\/\"},{\"@type\":\"ListItem\",\"position\":2,\"name\":\"Korsika Camp\"}]},{\"@type\":\"WebSite\",\"@id\":\"https:\\\/\\\/4x4-experience.de\\\/4x4\\\/#website\",\"url\":\"https:\\\/\\\/4x4-experience.de\\\/4x4\\\/\",\"name\":\"4x4 Experience, Offroadreise, Offroad Reisen\",\"description\":\"4x4 Offroad Europa und Nordafrika\",\"potentialAction\":[{\"@type\":\"SearchAction\",\"target\":{\"@type\":\"EntryPoint\",\"urlTemplate\":\"https:\\\/\\\/4x4-experience.de\\\/4x4\\\/?s={search_term_string}\"},\"query-input\":{\"@type\":\"PropertyValueSpecification\",\"valueRequired\":true,\"valueName\":\"search_term_string\"}}],\"inLanguage\":\"de\"}]}<\/script>\n<!-- \/ Yoast SEO Premium plugin. -->","yoast_head_json":{"title":"Korsika Camp: Intensive Offroad Touren erleben","description":"Entdecken Sie unter Anleitung erfahrener Scouts die versteckten Wege beim Korsika Camp. Offroad-Spa\u00df garantiert!","robots":{"index":"index","follow":"follow","max-snippet":"max-snippet:-1","max-image-preview":"max-image-preview:large","max-video-preview":"max-video-preview:-1"},"canonical":"https:\/\/4x4-experience.de\/4x4\/korsika-camp\/","og_locale":"de_DE","og_type":"article","og_title":"Korsika Camp","og_description":"Entdecken Sie unter Anleitung erfahrener Scouts die versteckten Wege beim Korsika Camp. Offroad-Spa\u00df garantiert!","og_url":"https:\/\/4x4-experience.de\/4x4\/korsika-camp\/","og_site_name":"4x4 Experience, Offroadreise, Offroad Reisen","article_publisher":"https:\/\/www.facebook.com\/www.4x4Experience\/","article_modified_time":"2026-03-20T09:43:54+00:00","og_image":[{"url":"https:\/\/4x4-experience.de\/4x4\/wp-content\/uploads\/2024\/05\/MOBY2002-300x132.jpg","type":"","width":"","height":""}],"twitter_card":"summary_large_image","twitter_misc":{"Gesch\u00e4tzte Lesezeit":"7\u00a0Minuten"},"schema":{"@context":"https:\/\/schema.org","@graph":[{"@type":"WebPage","@id":"https:\/\/4x4-experience.de\/4x4\/korsika-camp\/","url":"https:\/\/4x4-experience.de\/4x4\/korsika-camp\/","name":"Korsika Camp: Intensive Offroad Touren erleben","isPartOf":{"@id":"https:\/\/4x4-experience.de\/4x4\/#website"},"primaryImageOfPage":{"@id":"https:\/\/4x4-experience.de\/4x4\/korsika-camp\/#primaryimage"},"image":{"@id":"https:\/\/4x4-experience.de\/4x4\/korsika-camp\/#primaryimage"},"thumbnailUrl":"https:\/\/4x4-experience.de\/4x4\/wp-content\/uploads\/2024\/05\/MOBY2002-300x132.jpg","datePublished":"2024-05-08T10:37:40+00:00","dateModified":"2026-03-20T09:43:54+00:00","description":"Entdecken Sie unter Anleitung erfahrener Scouts die versteckten Wege beim Korsika Camp. Offroad-Spa\u00df garantiert!","breadcrumb":{"@id":"https:\/\/4x4-experience.de\/4x4\/korsika-camp\/#breadcrumb"},"inLanguage":"de","potentialAction":[{"@type":"ReadAction","target":["https:\/\/4x4-experience.de\/4x4\/korsika-camp\/"]}]},{"@type":"ImageObject","inLanguage":"de","@id":"https:\/\/4x4-experience.de\/4x4\/korsika-camp\/#primaryimage","url":"https:\/\/4x4-experience.de\/4x4\/wp-content\/uploads\/2024\/05\/MOBY2002.jpg","contentUrl":"https:\/\/4x4-experience.de\/4x4\/wp-content\/uploads\/2024\/05\/MOBY2002.jpg","width":811,"height":357,"caption":"Moby F\u00e4hren Mittelmeer Logo"},{"@type":"BreadcrumbList","@id":"https:\/\/4x4-experience.de\/4x4\/korsika-camp\/#breadcrumb","itemListElement":[{"@type":"ListItem","position":1,"name":"Startseite","item":"https:\/\/4x4-experience.de\/4x4\/"},{"@type":"ListItem","position":2,"name":"Korsika Camp"}]},{"@type":"WebSite","@id":"https:\/\/4x4-experience.de\/4x4\/#website","url":"https:\/\/4x4-experience.de\/4x4\/","name":"4x4 Experience, Offroadreise, Offroad Reisen","description":"4x4 Offroad Europa und Nordafrika","potentialAction":[{"@type":"SearchAction","target":{"@type":"EntryPoint","urlTemplate":"https:\/\/4x4-experience.de\/4x4\/?s={search_term_string}"},"query-input":{"@type":"PropertyValueSpecification","valueRequired":true,"valueName":"search_term_string"}}],"inLanguage":"de"}]}},"_links":{"self":[{"href":"https:\/\/4x4-experience.de\/4x4\/wp-json\/wp\/v2\/pages\/704","targetHints":{"allow":["GET"]}}],"collection":[{"href":"https:\/\/4x4-experience.de\/4x4\/wp-json\/wp\/v2\/pages"}],"about":[{"href":"https:\/\/4x4-experience.de\/4x4\/wp-json\/wp\/v2\/types\/page"}],"author":[{"embeddable":true,"href":"https:\/\/4x4-experience.de\/4x4\/wp-json\/wp\/v2\/users\/1"}],"replies":[{"embeddable":true,"href":"https:\/\/4x4-experience.de\/4x4\/wp-json\/wp\/v2\/comments?post=704"}],"version-history":[{"count":27,"href":"https:\/\/4x4-experience.de\/4x4\/wp-json\/wp\/v2\/pages\/704\/revisions"}],"predecessor-version":[{"id":3556,"href":"https:\/\/4x4-experience.de\/4x4\/wp-json\/wp\/v2\/pages\/704\/revisions\/3556"}],"wp:attachment":[{"href":"https:\/\/4x4-experience.de\/4x4\/wp-json\/wp\/v2\/media?parent=704"}],"curies":[{"name":"wp","href":"https:\/\/api.w.org\/{rel}","templated":true}]}}