{"id":689,"date":"2024-05-08T12:23:52","date_gmt":"2024-05-08T10:23:52","guid":{"rendered":"https:\/\/4x4-experience.de\/4x4\/?page_id=689"},"modified":"2026-03-19T13:05:18","modified_gmt":"2026-03-19T12:05:18","slug":"marokko-camp","status":"publish","type":"page","link":"https:\/\/4x4-experience.de\/4x4\/marokko-camp\/","title":{"rendered":"Marokko Camp"},"content":{"rendered":"<p>[et_pb_section fb_built=&#8220;1&#8243; _builder_version=&#8220;4.23.1&#8243; _module_preset=&#8220;default&#8220; custom_margin=&#8220;0px||-114px||false|false&#8220; custom_padding=&#8220;0px||0px||false|false&#8220; global_colors_info=&#8220;{}&#8220;][\/et_pb_section][et_pb_section fb_built=&#8220;1&#8243; fullwidth=&#8220;on&#8220; prev_background_color=&#8220;#000000&#8243; _builder_version=&#8220;4.23.1&#8243; _module_preset=&#8220;default&#8220; width=&#8220;100%&#8220; width_tablet=&#8220;&#8220; width_phone=&#8220;&#8220; width_last_edited=&#8220;on|phone&#8220; custom_margin=&#8220;130px||0px||false|false&#8220; custom_margin_tablet=&#8220;90px||||false|false&#8220; custom_margin_phone=&#8220;150px||||false|false&#8220; custom_margin_last_edited=&#8220;on|phone&#8220; custom_padding=&#8220;0px||0px||false|false&#8220; top_divider_style=&#8220;mountains2&#8243; top_divider_height=&#8220;19px&#8220; top_divider_repeat=&#8220;1x&#8220; global_colors_info=&#8220;{}&#8220;][et_pb_fullwidth_image src=&#8220;https:\/\/4&#215;4-experience.de\/4&#215;4\/wp-content\/uploads\/2024\/05\/Sahara-Titelbild-Marokko-02.jpg&#8220; title_text=&#8220;Marokko-Camp-mobile&#8220; src_tablet=&#8220;https:\/\/4&#215;4-experience.de\/4&#215;4\/wp-content\/uploads\/2024\/05\/Sahara-Titelbild-Marokko-02.jpg&#8220; src_phone=&#8220;https:\/\/4&#215;4-experience.de\/4&#215;4\/wp-content\/uploads\/2024\/07\/Marokko-Camp-mobile.jpg&#8220; src_last_edited=&#8220;on|phone&#8220; _builder_version=&#8220;4.23.1&#8243; _module_preset=&#8220;default&#8220; custom_margin=&#8220;0px||0px||false|false&#8220; custom_padding=&#8220;0px||0px||false|false&#8220; global_colors_info=&#8220;{}&#8220;][\/et_pb_fullwidth_image][\/et_pb_section][et_pb_section fb_built=&#8220;1&#8243; _builder_version=&#8220;4.23.1&#8243; _module_preset=&#8220;default&#8220; custom_margin=&#8220;||-6px|||&#8220; custom_padding=&#8220;||0px|||&#8220; global_colors_info=&#8220;{}&#8220;][et_pb_row column_structure=&#8220;1_3,1_3,1_3&#8243; disabled_on=&#8220;on|off|off&#8220; _builder_version=&#8220;4.23.1&#8243; _module_preset=&#8220;default&#8220; width=&#8220;100%&#8220; max_width=&#8220;1286px&#8220; custom_padding=&#8220;3px|||||&#8220; global_colors_info=&#8220;{}&#8220;][et_pb_column type=&#8220;1_3&#8243; _builder_version=&#8220;4.23.1&#8243; _module_preset=&#8220;default&#8220; global_colors_info=&#8220;{}&#8220;][et_pb_text _builder_version=&#8220;4.23.1&#8243; _module_preset=&#8220;default&#8220; custom_margin=&#8220;|||9px||&#8220; custom_padding=&#8220;|||23px||&#8220; global_colors_info=&#8220;{}&#8220;]<\/p>\n<h2 style=\"text-align: center;\">Telefon\/WhatsApp:<\/h2>\n<h2 style=\"text-decoration: underline; text-align: center;\"><a href=\"tel:+491711443884\">+49-171 144 3884<\/a><\/h2>\n<p>[\/et_pb_text][\/et_pb_column][et_pb_column type=&#8220;1_3&#8243; _builder_version=&#8220;4.23.1&#8243; _module_preset=&#8220;default&#8220; global_colors_info=&#8220;{}&#8220;][et_pb_text _builder_version=&#8220;4.23.1&#8243; _module_preset=&#8220;default&#8220; custom_padding=&#8220;|30px||||&#8220; global_colors_info=&#8220;{}&#8220;]<\/p>\n<h2 style=\"text-align: center;\">Reise\u00fcbersicht:<\/h2>\n<h2 style=\"text-decoration: underline; text-align: center;\"><a href=\"\/4x4\/termine\">4&#215;4 Offroad Termine<\/a><\/h2>\n<p>[\/et_pb_text][\/et_pb_column][et_pb_column type=&#8220;1_3&#8243; _builder_version=&#8220;4.23.1&#8243; _module_preset=&#8220;default&#8220; global_colors_info=&#8220;{}&#8220;][et_pb_text _builder_version=&#8220;4.23.1&#8243; _module_preset=&#8220;default&#8220; custom_margin=&#8220;|||-41px||&#8220; custom_padding=&#8220;|115px||||&#8220; global_colors_info=&#8220;{}&#8220;]<\/p>\n<h2 style=\"text-align: center;\">Beratung\/Anmeldung:<\/h2>\n<h2 style=\"text-decoration: underline; text-align: center;\"><a href=\"\/4x4\/anmeldeformular-2025\">ANMELDEFORMULAR<\/a><\/h2>\n<p>[\/et_pb_text][\/et_pb_column][\/et_pb_row][\/et_pb_section][et_pb_section fb_built=&#8220;1&#8243; _builder_version=&#8220;4.23.1&#8243; _module_preset=&#8220;default&#8220; custom_padding=&#8220;14px||2px|||&#8220; global_colors_info=&#8220;{}&#8220;][et_pb_row column_structure=&#8220;2_3,1_3&#8243; _builder_version=&#8220;4.23.1&#8243; _module_preset=&#8220;default&#8220; custom_padding=&#8220;0px||0px|||&#8220; global_colors_info=&#8220;{}&#8220;][et_pb_column type=&#8220;2_3&#8243; _builder_version=&#8220;4.23.1&#8243; _module_preset=&#8220;default&#8220; global_colors_info=&#8220;{}&#8220;][et_pb_text _builder_version=&#8220;4.27.6&#8243; _module_preset=&#8220;default&#8220; custom_margin=&#8220;|||-2px||&#8220; custom_padding=&#8220;|||1px||&#8220; hover_enabled=&#8220;0&#8243; global_colors_info=&#8220;{}&#8220; sticky_enabled=&#8220;0&#8243;]<\/p>\n<h1>Marokko im eigenen Gel\u00e4ndewagen<\/h1>\n<h2>\u201eIm Land des Maghreb\u201c \u2013 Camp Tour<\/h2>\n<p><span>Fes, eine der bekannten 5 K\u00f6nigs St\u00e4dte in Marokko. auch Perle des S\u00fcdens genannt: Wir sind mit unseren Gel\u00e4ndewagen den Routen der alten Salz-Karawanen gefolgt, haben die g\u00e4hnenden Schluchten und schwindelnden P\u00e4sse des Hohen Atlas bezwungen, haben fauchende Sandst\u00fcrme und flirrende Fata Morganas erlebt, haben die goldenen D\u00fcnen-K\u00e4mme des Erg Chebbi gemeistert und rollen nun durch die m\u00e4chtigen Tore der alten nordafrikanischen K\u00f6nigsstadt im S\u00fcdosten Marokkos.<\/span><\/p>\n<p><span>Ein Labyrinth enger Gassen empf\u00e4ngt uns, wir tauchen ein in die ber\u00fchmte \u201eMedina\u201c, die Altstadt Fes, mit ihren wimmelnden, l\u00e4rmenden Souks. Hier werden Waren aus allen Teilen des Orients feilgeboten: Teppiche, Wasserpfeifen, Datteln, Weihrauch, Schmuck. Aus den Restaurants ziehen die D\u00fcfte von Kreuzk\u00fcmmel und Oliven, von Chilis und Zitronen. Handwerker arbeiten direkt auf dem Gehweg, Kunden und H\u00e4ndler feilschen lautstark, Goldschmiede treiben mit kleinen Mei\u00dfeln Verzierungen in S\u00e4bel und Amulette. Dieses quirlige Treiben zieht uns sofort in seinen Bann.<\/span><\/p>\n<h2>Unter den Sternen des Orients<\/h2>\n<p><span>Besonders geschichtstr\u00e4chtig die Medina el Qadima, die seit 1981 unter dem Schutz der UNESCO als Weltkulturerbe steht, sie ist ein quirliger Marktflecken mit Streetfood-H\u00e4ndlern, orientalischer Musik, Geschichtenerz\u00e4hlern und Schlangenbeschw\u00f6rern. Exotik wie aus der Welt von Tausendundeiner Nacht \u2013 typisch f\u00fcr den Maghreb, den Westen Nord-Afrikas. Ein altes Sprichwort der Tuareg lautet: \u201eDer Maghreb ist ein heiliger Vogel. Sein Leib ist Algerien, sein rechter Fl\u00fcgel Tunesien, sein linker ist Marokko\u201c. Und tats\u00e4chlich erleben wir dieses faszinierende Land auch wie ein Vogel, der nach Westen zieht. Durch die Ausl\u00e4ufer der Sahara, an den geheimnisvollen Berg-Oasen des Hohen Atlas vorbei. Wir lagern des nachts in traumhaften W\u00fcstencamps, unter den Sternen des Orients\u2026<\/span><\/p>\n<p><span><\/span><\/p>\n<h4>4&#215;4 Offroad Reise durch die Schluchten und W\u00fcsten Marokkos!<\/h4>\n<p>[\/et_pb_text][et_pb_text _builder_version=&#8220;4.27.4&#8243; _module_preset=&#8220;default&#8220; global_colors_info=&#8220;{}&#8220;]<\/p>\n<h2>Schwierigkeitsgrad: <span style=\"font-weight: bold; color: #ff9900; font-size: 15pt;\">\u2736\u2736\u2736+<\/span><span style=\"font-size: 14pt;\">\u2736\u2736<\/span><\/h2>\n<p>Erl\u00e4uterung Schwierigkeitsgrade &gt;&gt;&gt;&gt; <a style=\"color: #000; text-decoration: underline; font-weight: bold;\" href=\"https:\/\/vdord.de\/klassifizierung-von-schwierigkeits-graden-bei-offroad-reisen\/\">HIER<\/a><\/p>\n<p>[\/et_pb_text][\/et_pb_column][et_pb_column type=&#8220;1_3&#8243; _builder_version=&#8220;4.23.1&#8243; _module_preset=&#8220;default&#8220; global_colors_info=&#8220;{}&#8220;][et_pb_gallery gallery_ids=&#8220;700,697,693,701,699,698,696,695,694&#8243; posts_number=&#8220;3&#8243; show_title_and_caption=&#8220;off&#8220; show_pagination=&#8220;off&#8220; _builder_version=&#8220;4.23.1&#8243; _module_preset=&#8220;default&#8220; custom_padding=&#8220;2px|||||&#8220; global_colors_info=&#8220;{}&#8220;][\/et_pb_gallery][\/et_pb_column][\/et_pb_row][et_pb_row column_structure=&#8220;2_3,1_3&#8243; _builder_version=&#8220;4.23.1&#8243; _module_preset=&#8220;default&#8220; custom_padding=&#8220;10px|||||&#8220; global_colors_info=&#8220;{}&#8220;][et_pb_column type=&#8220;2_3&#8243; _builder_version=&#8220;4.23.1&#8243; _module_preset=&#8220;default&#8220; global_colors_info=&#8220;{}&#8220;][et_pb_text _builder_version=&#8220;4.27.4&#8243; _module_preset=&#8220;default&#8220; global_colors_info=&#8220;{}&#8220;]<\/p>\n<h2><b style=\"font-size: 16px;\">Startpunkt:<\/b><span style=\"font-size: 16px;\">\u00a0<\/span><span style=\"font-size: 16px;\">Tanger (MA)<\/span><\/h2>\n<h2>Preise<\/h2>\n<p><b>Reisepreis Camp\/Hotel inklusive Mehrwertsteuer:<br \/><span style=\"font-weight: bold;\">ab 3.790,\u2013 Euro <\/span><\/b>pro Gel\u00e4ndewagen mit 1 Person<b><br \/><\/b><span style=\"font-weight: bold;\"><\/span><span style=\"font-weight: bold;\">ab 3.950,\u2013 Euro <\/span>pro Gel\u00e4ndewagen bis 2 Personen, <br \/>Preise f\u00fcr weitere Mitfahrer auf Anfrage;<\/p>\n<p><b>Zuz\u00fcglich 3-4 Hotel\u00fcbernachtungen:<\/b><br \/>Hotelkosten EZ mit HP ca. 125,- Euro (Bezahlung vor Ort an den Anbieter)<br \/>Hotelkosten DZ mit HP ca. 145,- Euro (Bezahlung vor Ort an den Anbieter)<\/p>\n<p>Zuz\u00fcglich F\u00e4hre* und Essen (Selbstverpflegung)<\/p>\n<p style=\"font-size: 8pt;\">* Da sich die F\u00e4hrgeb\u00fchren nach der Gr\u00f6\u00dfe des Gel\u00e4ndewagens, der Personen-Zahl und der gew\u00fcnschten Kabinen-Kategorie an Bord richten, ermitteln wir f\u00fcr Sie den jeweils individuell besten F\u00e4hrpreis. Nehmen Sie einfach Kontakt zu uns auf, wir beraten Sie gern.<\/p>\n<p>Bei der Marokko Expedition \u201eIm Land des Maghreb\u201c sind verschiedene Varianten der An- und Abreise mo\u0308glich. Abfahrt von Sete &#8211; Tanger- oder von\u00a0Seite\u00a0nach Nador oder\u00a0von\u00a0Almeria nach Nador bzw. Tanger<\/p>\n<p>Das Catering im Berber Camp ist fix gebucht, da es extra fu\u0308r uns aufgebaut wird und ist im Startgeld nicht enthalten, alle NK Hotel\u00fcbernachtungen und Verpflegung gehen zu Lasten der Teilnehmer. Kosten: ca. \u20ac 6,00 Fr\u00fchst\u00fcck \u00a0&#8211; \u20ac 14,00 Mittgag\/Abendessen pro Person \/ Mahlzeit. Die Preise der Restaurants sind per Nachfrage geregelt. Hotelu\u0308bernachtungen werden in Marokko in der Wu\u0308ste pro Kopf und in den gro\u00dfen Sta\u0308dten pro Zimmer berechnet. Kostet ca. \u20ac 35,00 \u2013 \u20ac 95,00 pro Person. Ggf. zusa\u0308tzliche U\u0308bernachtung Erg Chebbi, in Zagora und in Nador.<\/p>\n<p>Fu\u0308r alle aktuellen Zusatzkosten gilt:\u00a0Bezahlung erfolgt an den Anbieter vor Ort.<\/p>\n<p><b>Leistungen:<\/b><\/p>\n<ul>\n<li>Ortskundiger Marokkanischer Guide und Fahrer mit Gel\u00e4ndewagen, W\u00fcstenausr\u00fcstung<\/li>\n<li>Ortskundiger Marokkanischer Mechaniker, W\u00fcstenausr\u00fcstung<\/li>\n<li>Die Mindestteilnehmerzahl f\u00fcr die Durchf\u00fchrungsgarantie betr\u00e4gt 5 Kfz. Kleinere Reisegruppen nach Absprache.<\/li>\n<li>Kosten Sondergenehmigung zur Befahrung der W\u00fcste<\/li>\n<li>Kosten Marokkanische Partneragentur f\u00fcr den Bereich An-Abreise des W\u00fcstenaufenthaltes<\/li>\n<li>Stellung Checkliste zur Vorbereitung des Fahrers und des Fahrzeuges f\u00fcr die Reise<\/li>\n<li>Stellung Ersatzteilliste f\u00fcr Gel\u00e4ndewagen<\/li>\n<li>Stellung eines sturmfestem Aufenthaltszeltes f\u00fcr bis zu 25 Personen<\/li>\n<li>fahrtechnische Basis-Einweisung &#8222;Offroad-Fahren in der W\u00fcste&#8220;<\/li>\n<li>CB-Funkger\u00e4t leihweise f\u00fcr jedes einzelne Fahrzeug<\/li>\n<li>Durchf\u00fchrungsgarantie (siehe oben)<\/li>\n<li>Reiser\u00fccktrittsversicherung ist im Reisepreis nicht enthalten<\/li>\n<li>Reiseaufkleber<\/li>\n<li>kostenloser Fahrzeugcheck vor Beginn der Reise bei <a href=\"https:\/\/fw-experience.de\">FW Experience<\/a>, Overath bei K\u00f6ln<\/li>\n<li>Organisationsfahrzeug mit besonderer Ausr\u00fcstung f\u00fcr Offroad-Gruppen-Reisen nach Ma\u00dfgabe des<br \/>Verbandes der Offroad-Reiseveranstalter Deutschlands (VdORD)<br \/><a href=\"https:\/\/vdord.de\/veranstalter-mindestausstattung-offroad-gruppen-reisen\/\">www.vdord.de<\/a><\/li>\n<\/ul>\n<p>Hinweis: Bei dieser Reise handelt es sich um eine Offroad-Abenteuerreise mit Expeditionscharakter, 80 % der Fahrzeit fahren wir auf Tracks in der Wu\u0308ste. Bei Offroad-Reisen ko\u0308nnen Witterungseinflu\u0308sse ( z.B Abfahrt\u00a0der\u00a0F\u00e4hren) einen entscheidenden Einfluss auf das Timing der Ablaufes\/die Befahrbarkeit \u00a0einzelner Streckenabschnitte haben. Ferner ko\u0308nnen technische Probleme an den Fahrzeugen den Zeitplan entscheidend beeinflussen. Es kann deshalb zu operativen A\u0308nderungen im Tour-Verlauf kommen, eine\u00a0R\u00fcckerstattung\u00a0gebuchter\u00a0Leistungen ist in diesem Falle ausgeschlossen.\u00a0Die anvisierte Ankunftszeit am Camp ist zwischen 16.00 Uhr \u2013 17.15Uhr geplant.<\/p>\n<p>Die Reiseteilnehmer fahren mit ihren eigenen Gela\u0308ndewagen. Die Teilnehmer reisen auf eigene Kosten und Verantwortung mit der Fa\u0308hre nach Marokko an. Die Buchung der Fa\u0308hre erfolgt durch den Reiseveranstalter im Auftrag und zu Lasten des\u00a0Teilnehmers.\u00a0 Es werden keine Fahrzeuge zur Verfu\u0308gung gestellt. Bei einem mo\u0308glichen verku\u0308rzten Aufenthalt in der Wu\u0308ste auf Kundenwunsch, kann die Fa\u0308hre nach dementsprechend gebucht werden. Die Kosten der Fa\u0308hre betragen je nach Fahrzeuggro\u0308\u00dfe und Kabinenwunsch ab ca. \u20ac 970.- fu\u0308r 1 Personen fu\u0308r einen Gela\u0308ndewagen mit den Abmessungen B 1,95 x H 2,0 x L 5,0 Meter und werden zusa\u0308tzlich zum Startgeld berechnet. Der Abfahrt\/Ankunftshafen ist Nador (MAR).<\/p>\n<p>[\/et_pb_text][et_pb_text _builder_version=&#8220;4.23.1&#8243; _module_preset=&#8220;default&#8220; global_colors_info=&#8220;{}&#8220;]<\/p>\n<h4>Kleidungs- und Ausr\u00fcstungsemfehlungen<br \/>\nzum Downloaden, Ausf\u00fcllen und Speichern:<\/h4>\n<p><a href=\"\/4x4\/checklisten\/Checkliste-Insassen.pdf\" target=\"_blank\" rel=\"noopener\">Checkliste Insassen<\/a><br \/>\n<a href=\"\/4x4\/checklisten\/Checkliste-Fahrzeug.pdf\" target=\"_blank\" rel=\"noopener\">Checkliste Fahrzeug<\/a><\/p>\n<h4>Zus\u00e4tzlich f\u00fcr Sahara-Reisende:<\/h4>\n<p><a href=\"\/4x4\/checklisten\/Checkliste-Offroad-Maghreb.pdf\" target=\"_blank\" rel=\"noopener\">Checkliste Offroad Maghreb<\/a>[\/et_pb_text][\/et_pb_column][et_pb_column type=&#8220;1_3&#8243; _builder_version=&#8220;4.23.1&#8243; _module_preset=&#8220;default&#8220; global_colors_info=&#8220;{}&#8220;][et_pb_text _builder_version=&#8220;4.27.6&#8243; _module_preset=&#8220;default&#8220; custom_margin=&#8220;0px||0px||false|false&#8220; custom_padding=&#8220;0px||0px|0px|false|false&#8220; hover_enabled=&#8220;0&#8243; global_colors_info=&#8220;{}&#8220; sticky_enabled=&#8220;0&#8243;]<\/p>\n<h2><span style=\"text-decoration: underline;\">Termine 2026<\/span><\/h2>\n<h4>14.11.2026 &#8211; 28.11.2026<\/h4>\n<p>&nbsp;<\/p>\n<h2><span style=\"text-decoration: underline;\">Termin 2027<\/span><\/h2>\n<h4>31.10.2027 &#8211; 07.11.2027 <\/h4>\n<p>[\/et_pb_text][\/et_pb_column][\/et_pb_row][\/et_pb_section]<\/p>\n","protected":false},"excerpt":{"rendered":"<p>Telefon\/WhatsApp: +49-171 144 3884Reise\u00fcbersicht: 4&#215;4 Offroad TermineBeratung\/Anmeldung: ANMELDEFORMULARMarokko im eigenen Gel\u00e4ndewagen \u201eIm Land des Maghreb\u201c \u2013 Camp Tour Fes, eine der bekannten 5 K\u00f6nigs St\u00e4dte in Marokko. auch Perle des S\u00fcdens genannt: Wir sind mit unseren Gel\u00e4ndewagen den Routen der alten Salz-Karawanen gefolgt, haben die g\u00e4hnenden Schluchten und schwindelnden P\u00e4sse des Hohen Atlas bezwungen, haben [&hellip;]<\/p>\n","protected":false},"author":1,"featured_media":0,"parent":0,"menu_order":0,"comment_status":"closed","ping_status":"closed","template":"","meta":{"_et_pb_use_builder":"on","_et_pb_old_content":"","_et_gb_content_width":"","footnotes":""},"class_list":["post-689","page","type-page","status-publish","hentry"],"yoast_head":"<!-- This site is optimized with the Yoast SEO Premium plugin v27.0 (Yoast SEO v27.3) - https:\/\/yoast.com\/product\/yoast-seo-premium-wordpress\/ -->\n<title>Marokko Camp: Eine Offroad Reise durch den Hohen Atlas, W\u00fcste<\/title>\n<meta name=\"description\" content=\"Folgen Sie den alten Routen im Marokko Camp und tauchen Sie ein in die lebendige Atmosph\u00e4re der Altstadt Fes.\" \/>\n<meta name=\"robots\" content=\"index, follow, max-snippet:-1, max-image-preview:large, max-video-preview:-1\" \/>\n<link rel=\"canonical\" href=\"https:\/\/4x4-experience.de\/4x4\/marokko-camp\/\" \/>\n<meta property=\"og:locale\" content=\"de_DE\" \/>\n<meta property=\"og:type\" content=\"article\" \/>\n<meta property=\"og:title\" content=\"Marokko Camp\" \/>\n<meta property=\"og:description\" content=\"Folgen Sie den alten Routen im Marokko Camp und tauchen Sie ein in die lebendige Atmosph\u00e4re der Altstadt Fes.\" \/>\n<meta property=\"og:url\" content=\"https:\/\/4x4-experience.de\/4x4\/marokko-camp\/\" \/>\n<meta property=\"og:site_name\" content=\"4x4 Experience, Offroadreise, Offroad Reisen\" \/>\n<meta property=\"article:publisher\" content=\"https:\/\/www.facebook.com\/www.4x4Experience\/\" \/>\n<meta property=\"article:modified_time\" content=\"2026-03-19T12:05:18+00:00\" \/>\n<meta name=\"twitter:card\" content=\"summary_large_image\" \/>\n<meta name=\"twitter:label1\" content=\"Gesch\u00e4tzte Lesezeit\" \/>\n\t<meta name=\"twitter:data1\" content=\"7\u00a0Minuten\" \/>\n<script type=\"application\/ld+json\" class=\"yoast-schema-graph\">{\"@context\":\"https:\\\/\\\/schema.org\",\"@graph\":[{\"@type\":\"WebPage\",\"@id\":\"https:\\\/\\\/4x4-experience.de\\\/4x4\\\/marokko-camp\\\/\",\"url\":\"https:\\\/\\\/4x4-experience.de\\\/4x4\\\/marokko-camp\\\/\",\"name\":\"Marokko Camp: Eine Offroad Reise durch den Hohen Atlas, W\u00fcste\",\"isPartOf\":{\"@id\":\"https:\\\/\\\/4x4-experience.de\\\/4x4\\\/#website\"},\"datePublished\":\"2024-05-08T10:23:52+00:00\",\"dateModified\":\"2026-03-19T12:05:18+00:00\",\"description\":\"Folgen Sie den alten Routen im Marokko Camp und tauchen Sie ein in die lebendige Atmosph\u00e4re der Altstadt Fes.\",\"breadcrumb\":{\"@id\":\"https:\\\/\\\/4x4-experience.de\\\/4x4\\\/marokko-camp\\\/#breadcrumb\"},\"inLanguage\":\"de\",\"potentialAction\":[{\"@type\":\"ReadAction\",\"target\":[\"https:\\\/\\\/4x4-experience.de\\\/4x4\\\/marokko-camp\\\/\"]}]},{\"@type\":\"BreadcrumbList\",\"@id\":\"https:\\\/\\\/4x4-experience.de\\\/4x4\\\/marokko-camp\\\/#breadcrumb\",\"itemListElement\":[{\"@type\":\"ListItem\",\"position\":1,\"name\":\"Startseite\",\"item\":\"https:\\\/\\\/4x4-experience.de\\\/4x4\\\/\"},{\"@type\":\"ListItem\",\"position\":2,\"name\":\"Marokko Camp\"}]},{\"@type\":\"WebSite\",\"@id\":\"https:\\\/\\\/4x4-experience.de\\\/4x4\\\/#website\",\"url\":\"https:\\\/\\\/4x4-experience.de\\\/4x4\\\/\",\"name\":\"4x4 Experience, Offroadreise, Offroad Reisen\",\"description\":\"4x4 Offroad Europa und Nordafrika\",\"potentialAction\":[{\"@type\":\"SearchAction\",\"target\":{\"@type\":\"EntryPoint\",\"urlTemplate\":\"https:\\\/\\\/4x4-experience.de\\\/4x4\\\/?s={search_term_string}\"},\"query-input\":{\"@type\":\"PropertyValueSpecification\",\"valueRequired\":true,\"valueName\":\"search_term_string\"}}],\"inLanguage\":\"de\"}]}<\/script>\n<!-- \/ Yoast SEO Premium plugin. -->","yoast_head_json":{"title":"Marokko Camp: Eine Offroad Reise durch den Hohen Atlas, W\u00fcste","description":"Folgen Sie den alten Routen im Marokko Camp und tauchen Sie ein in die lebendige Atmosph\u00e4re der Altstadt Fes.","robots":{"index":"index","follow":"follow","max-snippet":"max-snippet:-1","max-image-preview":"max-image-preview:large","max-video-preview":"max-video-preview:-1"},"canonical":"https:\/\/4x4-experience.de\/4x4\/marokko-camp\/","og_locale":"de_DE","og_type":"article","og_title":"Marokko Camp","og_description":"Folgen Sie den alten Routen im Marokko Camp und tauchen Sie ein in die lebendige Atmosph\u00e4re der Altstadt Fes.","og_url":"https:\/\/4x4-experience.de\/4x4\/marokko-camp\/","og_site_name":"4x4 Experience, Offroadreise, Offroad Reisen","article_publisher":"https:\/\/www.facebook.com\/www.4x4Experience\/","article_modified_time":"2026-03-19T12:05:18+00:00","twitter_card":"summary_large_image","twitter_misc":{"Gesch\u00e4tzte Lesezeit":"7\u00a0Minuten"},"schema":{"@context":"https:\/\/schema.org","@graph":[{"@type":"WebPage","@id":"https:\/\/4x4-experience.de\/4x4\/marokko-camp\/","url":"https:\/\/4x4-experience.de\/4x4\/marokko-camp\/","name":"Marokko Camp: Eine Offroad Reise durch den Hohen Atlas, W\u00fcste","isPartOf":{"@id":"https:\/\/4x4-experience.de\/4x4\/#website"},"datePublished":"2024-05-08T10:23:52+00:00","dateModified":"2026-03-19T12:05:18+00:00","description":"Folgen Sie den alten Routen im Marokko Camp und tauchen Sie ein in die lebendige Atmosph\u00e4re der Altstadt Fes.","breadcrumb":{"@id":"https:\/\/4x4-experience.de\/4x4\/marokko-camp\/#breadcrumb"},"inLanguage":"de","potentialAction":[{"@type":"ReadAction","target":["https:\/\/4x4-experience.de\/4x4\/marokko-camp\/"]}]},{"@type":"BreadcrumbList","@id":"https:\/\/4x4-experience.de\/4x4\/marokko-camp\/#breadcrumb","itemListElement":[{"@type":"ListItem","position":1,"name":"Startseite","item":"https:\/\/4x4-experience.de\/4x4\/"},{"@type":"ListItem","position":2,"name":"Marokko Camp"}]},{"@type":"WebSite","@id":"https:\/\/4x4-experience.de\/4x4\/#website","url":"https:\/\/4x4-experience.de\/4x4\/","name":"4x4 Experience, Offroadreise, Offroad Reisen","description":"4x4 Offroad Europa und Nordafrika","potentialAction":[{"@type":"SearchAction","target":{"@type":"EntryPoint","urlTemplate":"https:\/\/4x4-experience.de\/4x4\/?s={search_term_string}"},"query-input":{"@type":"PropertyValueSpecification","valueRequired":true,"valueName":"search_term_string"}}],"inLanguage":"de"}]}},"_links":{"self":[{"href":"https:\/\/4x4-experience.de\/4x4\/wp-json\/wp\/v2\/pages\/689","targetHints":{"allow":["GET"]}}],"collection":[{"href":"https:\/\/4x4-experience.de\/4x4\/wp-json\/wp\/v2\/pages"}],"about":[{"href":"https:\/\/4x4-experience.de\/4x4\/wp-json\/wp\/v2\/types\/page"}],"author":[{"embeddable":true,"href":"https:\/\/4x4-experience.de\/4x4\/wp-json\/wp\/v2\/users\/1"}],"replies":[{"embeddable":true,"href":"https:\/\/4x4-experience.de\/4x4\/wp-json\/wp\/v2\/comments?post=689"}],"version-history":[{"count":29,"href":"https:\/\/4x4-experience.de\/4x4\/wp-json\/wp\/v2\/pages\/689\/revisions"}],"predecessor-version":[{"id":3515,"href":"https:\/\/4x4-experience.de\/4x4\/wp-json\/wp\/v2\/pages\/689\/revisions\/3515"}],"wp:attachment":[{"href":"https:\/\/4x4-experience.de\/4x4\/wp-json\/wp\/v2\/media?parent=689"}],"curies":[{"name":"wp","href":"https:\/\/api.w.org\/{rel}","templated":true}]}}