{"id":675,"date":"2024-05-08T11:58:29","date_gmt":"2024-05-08T09:58:29","guid":{"rendered":"https:\/\/4x4-experience.de\/4x4\/?page_id=675"},"modified":"2026-03-19T13:22:26","modified_gmt":"2026-03-19T12:22:26","slug":"marokko-hotel","status":"publish","type":"page","link":"https:\/\/4x4-experience.de\/4x4\/marokko-hotel\/","title":{"rendered":"Marokko Hotel"},"content":{"rendered":"<p>[et_pb_section fb_built=&#8220;1&#8243; _builder_version=&#8220;4.23.1&#8243; _module_preset=&#8220;default&#8220; custom_margin=&#8220;0px||-114px||false|false&#8220; custom_padding=&#8220;0px||0px||false|false&#8220; global_colors_info=&#8220;{}&#8220;][\/et_pb_section][et_pb_section fb_built=&#8220;1&#8243; fullwidth=&#8220;on&#8220; prev_background_color=&#8220;#000000&#8243; _builder_version=&#8220;4.23.1&#8243; _module_preset=&#8220;default&#8220; width=&#8220;100%&#8220; width_tablet=&#8220;&#8220; width_phone=&#8220;&#8220; width_last_edited=&#8220;on|phone&#8220; custom_margin=&#8220;130px||0px||false|false&#8220; custom_margin_tablet=&#8220;90px||||false|false&#8220; custom_margin_phone=&#8220;150px|||0px|false|false&#8220; custom_margin_last_edited=&#8220;on|phone&#8220; custom_padding=&#8220;0px||0px||false|false&#8220; top_divider_style=&#8220;mountains2&#8243; top_divider_height=&#8220;19px&#8220; top_divider_repeat=&#8220;1x&#8220; global_colors_info=&#8220;{}&#8220;][et_pb_fullwidth_image src=&#8220;https:\/\/4&#215;4-experience.de\/4&#215;4\/wp-content\/uploads\/2024\/07\/Auswahl-Marokko-Hotel.jpg&#8220; title_text=&#8220;Auswahl-Marokko-Hotel-mobile&#8220; src_tablet=&#8220;https:\/\/4&#215;4-experience.de\/4&#215;4\/wp-content\/uploads\/2024\/07\/Auswahl-Marokko-Hotel.jpg&#8220; src_phone=&#8220;https:\/\/4&#215;4-experience.de\/4&#215;4\/wp-content\/uploads\/2024\/07\/Auswahl-Marokko-Hotel-mobile.jpg&#8220; src_last_edited=&#8220;on|phone&#8220; _builder_version=&#8220;4.23.1&#8243; _module_preset=&#8220;default&#8220; custom_margin=&#8220;0px||0px||false|false&#8220; custom_padding=&#8220;0px||0px||false|false&#8220; global_colors_info=&#8220;{}&#8220;][\/et_pb_fullwidth_image][\/et_pb_section][et_pb_section fb_built=&#8220;1&#8243; _builder_version=&#8220;4.23.1&#8243; _module_preset=&#8220;default&#8220; custom_margin=&#8220;||-6px|||&#8220; custom_padding=&#8220;||0px|||&#8220; global_colors_info=&#8220;{}&#8220;][et_pb_row column_structure=&#8220;1_3,1_3,1_3&#8243; disabled_on=&#8220;on|off|off&#8220; _builder_version=&#8220;4.23.1&#8243; _module_preset=&#8220;default&#8220; width=&#8220;100%&#8220; max_width=&#8220;1286px&#8220; custom_padding=&#8220;3px|||||&#8220; global_colors_info=&#8220;{}&#8220;][et_pb_column type=&#8220;1_3&#8243; _builder_version=&#8220;4.23.1&#8243; _module_preset=&#8220;default&#8220; global_colors_info=&#8220;{}&#8220;][et_pb_text _builder_version=&#8220;4.23.1&#8243; _module_preset=&#8220;default&#8220; custom_margin=&#8220;|||9px||&#8220; custom_padding=&#8220;|||23px||&#8220; global_colors_info=&#8220;{}&#8220;]<\/p>\n<h2 style=\"text-align: center;\">Telefon\/WhatsApp:<\/h2>\n<h2 style=\"text-decoration: underline; text-align: center;\"><a href=\"tel:+491711443884\">+49-171 144 3884<\/a><\/h2>\n<p>[\/et_pb_text][\/et_pb_column][et_pb_column type=&#8220;1_3&#8243; _builder_version=&#8220;4.23.1&#8243; _module_preset=&#8220;default&#8220; global_colors_info=&#8220;{}&#8220;][et_pb_text _builder_version=&#8220;4.23.1&#8243; _module_preset=&#8220;default&#8220; custom_padding=&#8220;|30px||||&#8220; global_colors_info=&#8220;{}&#8220;]<\/p>\n<h2 style=\"text-align: center;\">Reise\u00fcbersicht:<\/h2>\n<h2 style=\"text-decoration: underline; text-align: center;\"><a href=\"\/4x4\/termine\">4&#215;4 Offroad Termine<\/a><\/h2>\n<p>[\/et_pb_text][\/et_pb_column][et_pb_column type=&#8220;1_3&#8243; _builder_version=&#8220;4.23.1&#8243; _module_preset=&#8220;default&#8220; global_colors_info=&#8220;{}&#8220;][et_pb_text _builder_version=&#8220;4.23.1&#8243; _module_preset=&#8220;default&#8220; custom_margin=&#8220;|||-41px||&#8220; custom_padding=&#8220;|115px||||&#8220; global_colors_info=&#8220;{}&#8220;]<\/p>\n<h2 style=\"text-align: center;\">Beratung\/Anmeldung:<\/h2>\n<h2 style=\"text-decoration: underline; text-align: center;\"><a href=\"\/4x4\/anmeldeformular-2025\">ANMELDEFORMULAR<\/a><\/h2>\n<p>[\/et_pb_text][\/et_pb_column][\/et_pb_row][\/et_pb_section][et_pb_section fb_built=&#8220;1&#8243; _builder_version=&#8220;4.23.1&#8243; _module_preset=&#8220;default&#8220; custom_padding=&#8220;14px||3px|||&#8220; global_colors_info=&#8220;{}&#8220;][et_pb_row column_structure=&#8220;2_3,1_3&#8243; _builder_version=&#8220;4.23.1&#8243; _module_preset=&#8220;default&#8220; custom_padding=&#8220;2px||0px|||&#8220; global_colors_info=&#8220;{}&#8220;][et_pb_column type=&#8220;2_3&#8243; _builder_version=&#8220;4.23.1&#8243; _module_preset=&#8220;default&#8220; global_colors_info=&#8220;{}&#8220;][et_pb_text _builder_version=&#8220;4.27.4&#8243; _module_preset=&#8220;default&#8220; custom_margin=&#8220;|||-2px||&#8220; custom_padding=&#8220;|||1px||&#8220; global_colors_info=&#8220;{}&#8220;]<\/p>\n<h1>IM LAND DES MAGHREB F\u00dcR SELBSTFAHRER<br \/>Marokko Hotel-Tour<\/h1>\n<h2>Durch die Schluchten und W\u00fcsten Marokkos<\/h2>\n<p>Fes, eine der bekannten 5 K\u00f6nigs St\u00e4dte in Marokko &#8222;Im Land des Maghreb&#8220;, auch Perle des S\u00fcdens genannt: Wir sind mit unseren Gel\u00e4ndewagen den Routen der alten Salz-Karawanen gefolgt, haben die g\u00e4hnenden Schluchten und schwindelnden P\u00e4sse des Hohen Atlas bezwungen, haben fauchende Sandst\u00fcrme und flirrende Fata Morganas erlebt, haben die goldenen D\u00fcnen-K\u00e4mme des Erg Chebbi gemeistert und rollen nun durch die m\u00e4chtigen Tore der alten nordafrikanischen K\u00f6nigsstadt im S\u00fcdosten Marokkos.<\/p>\n<p>Ein Labyrinth enger Gassen empf\u00e4ngt uns, wir tauchen ein in die ber\u00fchmte &#8222;Medina&#8220;, die Altstadt Fes, mit ihren wimmelnden, l\u00e4rmenden Souks. Hier werden Waren aus allen Teilen des Orients feilgeboten: Teppiche, Wasserpfeifen, Datteln, Weihrauch, Schmuck. Aus den Restaurants ziehen die D\u00fcfte von Kreuzk\u00fcmmel und Oliven, von Chilis und Zitronen. Handwerker arbeiten direkt auf dem Gehweg, Kunden und H\u00e4ndler feilschen lautstark, Goldschmiede treiben mit kleinen Mei\u00dfeln Verzierungen in S\u00e4bel und Amulette. Dieses quirlige Treiben zieht uns sofort in seinen Bann, typisch Marokko &#8222;Im Land des Maghreb&#8220;.<\/p>\n<h2>Geschichtstr\u00e4chtige Medina el Quadima<\/h2>\n<p>Besonders geschichtstr\u00e4chtig ist die Medina el Qadima, die seit 1981 unter dem Schutz der UNESCO als Weltkulturerbe steht, sie ist ein quirliger Marktflecken mit Streetfood-H\u00e4ndlern, orientalischer Musik, Geschichtenerz\u00e4hlern und Schlangenbeschw\u00f6rern. Exotik wie aus der Welt von Tausendundeiner Nacht \u2013 typisch f\u00fcr den Maghreb, den Westen Nord-Afrikas. Ein altes Sprichwort der Tuareg lautet: &#8222;Der Maghreb ist ein heiliger Vogel. Sein Leib ist Algerien, sein rechter Fl\u00fcgel Tunesien, sein linker ist Marokko&#8220;. Und tats\u00e4chlich erleben wir dieses faszinierende Marokko &#8222;Im Land des Maghreb&#8220; auch wie ein Vogel, der nach Westen zieht. Durch die Ausl\u00e4ufer der Sahara, an den geheimnisvollen Berg-Oasen des Hohen Atlas vorbei. Wir \u00fcbernachten in exotischen Hotels mit arabischem Flair unter den Sternen des Orients&#8230;<\/p>\n<p>[\/et_pb_text][et_pb_text _builder_version=&#8220;4.23.1&#8243; _module_preset=&#8220;default&#8220; global_colors_info=&#8220;{}&#8220;]<\/p>\n<h2>Schwierigkeitsgrad: <span style=\"font-weight: bold; color: #ff9900; font-size: 15pt;\">\u2736\u2736\u2736+<\/span><span style=\"font-size: 14pt;\">\u2736\u2736<\/span><\/h2>\n<p>Erl\u00e4uterung Schwierigkeitsgrade &gt;&gt;&gt;&gt; <a style=\"color: #000; text-decoration: underline; font-weight: bold;\" href=\"https:\/\/vdord.de\/klassifizierung-von-schwierigkeits-graden-bei-offroad-reisen\/\">HIER<\/a><\/p>\n<p>[\/et_pb_text][\/et_pb_column][et_pb_column type=&#8220;1_3&#8243; _builder_version=&#8220;4.23.1&#8243; _module_preset=&#8220;default&#8220; global_colors_info=&#8220;{}&#8220;][et_pb_gallery gallery_ids=&#8220;394,322,323,681,682,684,685,686,687&#8243; posts_number=&#8220;3&#8243; show_title_and_caption=&#8220;off&#8220; show_pagination=&#8220;off&#8220; _builder_version=&#8220;4.23.1&#8243; _module_preset=&#8220;default&#8220; custom_padding=&#8220;2px|||||&#8220; global_colors_info=&#8220;{}&#8220;][\/et_pb_gallery][\/et_pb_column][\/et_pb_row][et_pb_row column_structure=&#8220;2_3,1_3&#8243; _builder_version=&#8220;4.23.1&#8243; _module_preset=&#8220;default&#8220; width=&#8220;79.8%&#8220; custom_padding=&#8220;10px|||||&#8220; global_colors_info=&#8220;{}&#8220;][et_pb_column type=&#8220;2_3&#8243; _builder_version=&#8220;4.23.1&#8243; _module_preset=&#8220;default&#8220; global_colors_info=&#8220;{}&#8220;][et_pb_text _builder_version=&#8220;4.27.4&#8243; _module_preset=&#8220;default&#8220; global_colors_info=&#8220;{}&#8220;]<\/p>\n<p><b>Reisepreis inklusive Mehrwertsteuer:<\/b><br \/><strong>ab \u20ac 6.180,-<\/strong> inkl. Hotelkosten f\u00fcr 1 Person mit HP<br \/><strong>ab \u20ac 6.930,-<\/strong> inkl. Hotelkosten f\u00fcr 2 Personen mit HP<\/p>\n<p><b>Zuz\u00fcglich:<\/b><br \/>F\u00e4hre*; tags\u00fcber Selbstverpflegung oder im Restaurant excl. Getr\u00e4nke<\/p>\n<p style=\"font-size: 8pt;\">* Da sich die F\u00e4hrgeb\u00fchren nach der Gr\u00f6\u00dfe des Gel\u00e4ndewagens, der Personen-Zahl und der gew\u00fcnschten Kabinen-Kategorie an Bord richten, ermitteln wir f\u00fcr Sie den jeweils individuell besten F\u00e4hrpreis. Nehmen Sie einfach Kontakt zu uns auf, wir beraten Sie gern.<\/p>\n<p><b>Neuer Startpunkt:<\/b><br \/>Startpunkt ist Almeria\/Spanien, F\u00e4hre von Almeria nach Nador\/Marokko und zur\u00fcck nach Almeria\/Spanien<\/p>\n<p><b>Leistungen:<\/b><\/p>\n<ul>\n<li>Ortskundiger Deutscher Scout mit Gel\u00e4ndewagen und W\u00fcstenausr\u00fcstung<\/li>\n<li>Ortskundiger Marokkanischer Guide und Fahrer mit Gel\u00e4ndewagen, W\u00fcstenausr\u00fcstung<\/li>\n<li>Ortskundiger Marokkanischer Mechaniker, W\u00fcstenausr\u00fcstung<\/li>\n<li>11 &#8211; 12 Hotel \u00dcbernachtungen in 3 Sterne *** Hotels im Doppel- bzw, Einzelzimmer (siehe Reisepreis)<\/li>\n<li>Kosten Sondergenehmigung zur Befahrung der W\u00fcste<\/li>\n<li>Kosten Marokkanische Partneragentur f\u00fcr den Bereich, An-Abreise des W\u00fcstenaufenthaltes<\/li>\n<li>Stellung Checkliste zur Vorbereitung des Fahrers und des Fahrzeuges f\u00fcr die Reise<\/li>\n<li>Stellung Ersatzteilliste f\u00fcr Gel\u00e4ndewagen<\/li>\n<li>fahrtechnische Basis-Einweisung &#8222;Offroad-Fahren in der W\u00fcste&#8220;<\/li>\n<li>CB-Funkger\u00e4t leihweise f\u00fcr jedes einzelne Fahrzeug<\/li>\n<li>Die Mindestteilnehmerzahl f\u00fcr die Durchf\u00fchrungsgarantie betr\u00e4gt 5 Kfz. Kleinere Reisegruppen nach Absprache.<\/li>\n<li>Reiser\u00fccktrittsversicherung ist im Reisepreis nicht enthalten<\/li>\n<li>Reiseaufkleber<\/li>\n<li>kostenloser Fahrzeugcheck vor Beginn der Reise bei <span style=\"text-decoration: underline;\"><strong>FW-Experience<\/strong>,<\/span> Overath bei K\u00f6ln<\/li>\n<li>Organisationsfahrzeug mit besonderer Ausr\u00fcstung f\u00fcr Offroad-Gruppen-Reisen nach Ma\u00dfgabe des<br \/>Verbandes der Offroad-Reiseveranstalter Deutschlands (VdORD)<br \/><a href=\"https:\/\/vdord.de\/veranstalter-mindestausstattung-offroad-gruppen-reisen\/\">www.vdord.de<\/a><\/li>\n<\/ul>\n<p>[\/et_pb_text][et_pb_text _builder_version=&#8220;4.23.1&#8243; _module_preset=&#8220;default&#8220; global_colors_info=&#8220;{}&#8220;]<\/p>\n<h4>Kleidungs- und Ausr\u00fcstungsemfehlungen <br \/>zum Downloaden, Ausf\u00fcllen und Speichern:<\/h4>\n<p><a href=\"\/4x4\/checklisten\/Checkliste-Insassen.pdf\">Checkliste Insassen<\/a><br \/><a href=\"\/4x4\/checklisten\/Checkliste-Fahrzeug.pdf\">Checkliste Fahrzeug<\/a><\/p>\n<h4>Zus\u00e4tzlich f\u00fcr Sahara-Reisende:<\/h4>\n<p><a href=\"\/4x4\/checklisten\/Checkliste-Offroad-Maghreb.pdf\">Checkliste Offroad Maghreb<\/a><\/p>\n<p>[\/et_pb_text][\/et_pb_column][et_pb_column type=&#8220;1_3&#8243; _builder_version=&#8220;4.23.1&#8243; _module_preset=&#8220;default&#8220; global_colors_info=&#8220;{}&#8220;][et_pb_text _builder_version=&#8220;4.27.6&#8243; _module_preset=&#8220;default&#8220; custom_margin=&#8220;0px||0px||false|false&#8220; custom_padding=&#8220;0px||0px|0px|false|false&#8220; hover_enabled=&#8220;0&#8243; global_colors_info=&#8220;{}&#8220; sticky_enabled=&#8220;0&#8243;]<\/p>\n<h2><span style=\"text-decoration: underline;\">Termin 2026<\/span><\/h2>\n<h4>05.10. &#8211; 21.10.2026<\/h4>\n<p>&nbsp;<\/p>\n<h2><span style=\"text-decoration: underline;\">Termin 2027<\/span><\/h2>\n<h4>03.10.2027 &#8211; 17.10.2027 <\/h4>\n<p>[\/et_pb_text][\/et_pb_column][\/et_pb_row][\/et_pb_section]<\/p>\n","protected":false},"excerpt":{"rendered":"<p>Telefon\/WhatsApp: +49-171 144 3884Reise\u00fcbersicht: 4&#215;4 Offroad TermineBeratung\/Anmeldung: ANMELDEFORMULARIM LAND DES MAGHREB F\u00dcR SELBSTFAHRERMarokko Hotel-Tour Durch die Schluchten und W\u00fcsten Marokkos Fes, eine der bekannten 5 K\u00f6nigs St\u00e4dte in Marokko &#8222;Im Land des Maghreb&#8220;, auch Perle des S\u00fcdens genannt: Wir sind mit unseren Gel\u00e4ndewagen den Routen der alten Salz-Karawanen gefolgt, haben die g\u00e4hnenden Schluchten und schwindelnden [&hellip;]<\/p>\n","protected":false},"author":1,"featured_media":0,"parent":0,"menu_order":0,"comment_status":"closed","ping_status":"closed","template":"","meta":{"_et_pb_use_builder":"on","_et_pb_old_content":"","_et_gb_content_width":"","footnotes":""},"class_list":["post-675","page","type-page","status-publish","hentry"],"yoast_head":"<!-- This site is optimized with the Yoast SEO Premium plugin v27.0 (Yoast SEO v27.3) - https:\/\/yoast.com\/product\/yoast-seo-premium-wordpress\/ -->\n<title>Marokko Hotel: Entdecken Sie die Perle des S\u00fcdens<\/title>\n<meta name=\"description\" content=\"Entdecken Sie das Marokko Hotel in Fes und erleben Sie die Magie der alten K\u00f6nigsstadt mit ihren lebendigen Souks.\" \/>\n<meta name=\"robots\" content=\"index, follow, max-snippet:-1, max-image-preview:large, max-video-preview:-1\" \/>\n<link rel=\"canonical\" href=\"https:\/\/4x4-experience.de\/4x4\/marokko-hotel\/\" \/>\n<meta property=\"og:locale\" content=\"de_DE\" \/>\n<meta property=\"og:type\" content=\"article\" \/>\n<meta property=\"og:title\" content=\"Marokko Hotel\" \/>\n<meta property=\"og:description\" content=\"Entdecken Sie das Marokko Hotel in Fes und erleben Sie die Magie der alten K\u00f6nigsstadt mit ihren lebendigen Souks.\" \/>\n<meta property=\"og:url\" content=\"https:\/\/4x4-experience.de\/4x4\/marokko-hotel\/\" \/>\n<meta property=\"og:site_name\" content=\"4x4 Experience, Offroadreise, Offroad Reisen\" \/>\n<meta property=\"article:publisher\" content=\"https:\/\/www.facebook.com\/www.4x4Experience\/\" \/>\n<meta property=\"article:modified_time\" content=\"2026-03-19T12:22:26+00:00\" \/>\n<meta name=\"twitter:card\" content=\"summary_large_image\" \/>\n<meta name=\"twitter:label1\" content=\"Gesch\u00e4tzte Lesezeit\" \/>\n\t<meta name=\"twitter:data1\" content=\"5\u00a0Minuten\" \/>\n<script type=\"application\/ld+json\" class=\"yoast-schema-graph\">{\"@context\":\"https:\\\/\\\/schema.org\",\"@graph\":[{\"@type\":\"WebPage\",\"@id\":\"https:\\\/\\\/4x4-experience.de\\\/4x4\\\/marokko-hotel\\\/\",\"url\":\"https:\\\/\\\/4x4-experience.de\\\/4x4\\\/marokko-hotel\\\/\",\"name\":\"Marokko Hotel: Entdecken Sie die Perle des S\u00fcdens\",\"isPartOf\":{\"@id\":\"https:\\\/\\\/4x4-experience.de\\\/4x4\\\/#website\"},\"datePublished\":\"2024-05-08T09:58:29+00:00\",\"dateModified\":\"2026-03-19T12:22:26+00:00\",\"description\":\"Entdecken Sie das Marokko Hotel in Fes und erleben Sie die Magie der alten K\u00f6nigsstadt mit ihren lebendigen Souks.\",\"breadcrumb\":{\"@id\":\"https:\\\/\\\/4x4-experience.de\\\/4x4\\\/marokko-hotel\\\/#breadcrumb\"},\"inLanguage\":\"de\",\"potentialAction\":[{\"@type\":\"ReadAction\",\"target\":[\"https:\\\/\\\/4x4-experience.de\\\/4x4\\\/marokko-hotel\\\/\"]}]},{\"@type\":\"BreadcrumbList\",\"@id\":\"https:\\\/\\\/4x4-experience.de\\\/4x4\\\/marokko-hotel\\\/#breadcrumb\",\"itemListElement\":[{\"@type\":\"ListItem\",\"position\":1,\"name\":\"Startseite\",\"item\":\"https:\\\/\\\/4x4-experience.de\\\/4x4\\\/\"},{\"@type\":\"ListItem\",\"position\":2,\"name\":\"Marokko Hotel\"}]},{\"@type\":\"WebSite\",\"@id\":\"https:\\\/\\\/4x4-experience.de\\\/4x4\\\/#website\",\"url\":\"https:\\\/\\\/4x4-experience.de\\\/4x4\\\/\",\"name\":\"4x4 Experience, Offroadreise, Offroad Reisen\",\"description\":\"4x4 Offroad Europa und Nordafrika\",\"potentialAction\":[{\"@type\":\"SearchAction\",\"target\":{\"@type\":\"EntryPoint\",\"urlTemplate\":\"https:\\\/\\\/4x4-experience.de\\\/4x4\\\/?s={search_term_string}\"},\"query-input\":{\"@type\":\"PropertyValueSpecification\",\"valueRequired\":true,\"valueName\":\"search_term_string\"}}],\"inLanguage\":\"de\"}]}<\/script>\n<!-- \/ Yoast SEO Premium plugin. -->","yoast_head_json":{"title":"Marokko Hotel: Entdecken Sie die Perle des S\u00fcdens","description":"Entdecken Sie das Marokko Hotel in Fes und erleben Sie die Magie der alten K\u00f6nigsstadt mit ihren lebendigen Souks.","robots":{"index":"index","follow":"follow","max-snippet":"max-snippet:-1","max-image-preview":"max-image-preview:large","max-video-preview":"max-video-preview:-1"},"canonical":"https:\/\/4x4-experience.de\/4x4\/marokko-hotel\/","og_locale":"de_DE","og_type":"article","og_title":"Marokko Hotel","og_description":"Entdecken Sie das Marokko Hotel in Fes und erleben Sie die Magie der alten K\u00f6nigsstadt mit ihren lebendigen Souks.","og_url":"https:\/\/4x4-experience.de\/4x4\/marokko-hotel\/","og_site_name":"4x4 Experience, Offroadreise, Offroad Reisen","article_publisher":"https:\/\/www.facebook.com\/www.4x4Experience\/","article_modified_time":"2026-03-19T12:22:26+00:00","twitter_card":"summary_large_image","twitter_misc":{"Gesch\u00e4tzte Lesezeit":"5\u00a0Minuten"},"schema":{"@context":"https:\/\/schema.org","@graph":[{"@type":"WebPage","@id":"https:\/\/4x4-experience.de\/4x4\/marokko-hotel\/","url":"https:\/\/4x4-experience.de\/4x4\/marokko-hotel\/","name":"Marokko Hotel: Entdecken Sie die Perle des S\u00fcdens","isPartOf":{"@id":"https:\/\/4x4-experience.de\/4x4\/#website"},"datePublished":"2024-05-08T09:58:29+00:00","dateModified":"2026-03-19T12:22:26+00:00","description":"Entdecken Sie das Marokko Hotel in Fes und erleben Sie die Magie der alten K\u00f6nigsstadt mit ihren lebendigen Souks.","breadcrumb":{"@id":"https:\/\/4x4-experience.de\/4x4\/marokko-hotel\/#breadcrumb"},"inLanguage":"de","potentialAction":[{"@type":"ReadAction","target":["https:\/\/4x4-experience.de\/4x4\/marokko-hotel\/"]}]},{"@type":"BreadcrumbList","@id":"https:\/\/4x4-experience.de\/4x4\/marokko-hotel\/#breadcrumb","itemListElement":[{"@type":"ListItem","position":1,"name":"Startseite","item":"https:\/\/4x4-experience.de\/4x4\/"},{"@type":"ListItem","position":2,"name":"Marokko Hotel"}]},{"@type":"WebSite","@id":"https:\/\/4x4-experience.de\/4x4\/#website","url":"https:\/\/4x4-experience.de\/4x4\/","name":"4x4 Experience, Offroadreise, Offroad Reisen","description":"4x4 Offroad Europa und Nordafrika","potentialAction":[{"@type":"SearchAction","target":{"@type":"EntryPoint","urlTemplate":"https:\/\/4x4-experience.de\/4x4\/?s={search_term_string}"},"query-input":{"@type":"PropertyValueSpecification","valueRequired":true,"valueName":"search_term_string"}}],"inLanguage":"de"}]}},"_links":{"self":[{"href":"https:\/\/4x4-experience.de\/4x4\/wp-json\/wp\/v2\/pages\/675","targetHints":{"allow":["GET"]}}],"collection":[{"href":"https:\/\/4x4-experience.de\/4x4\/wp-json\/wp\/v2\/pages"}],"about":[{"href":"https:\/\/4x4-experience.de\/4x4\/wp-json\/wp\/v2\/types\/page"}],"author":[{"embeddable":true,"href":"https:\/\/4x4-experience.de\/4x4\/wp-json\/wp\/v2\/users\/1"}],"replies":[{"embeddable":true,"href":"https:\/\/4x4-experience.de\/4x4\/wp-json\/wp\/v2\/comments?post=675"}],"version-history":[{"count":25,"href":"https:\/\/4x4-experience.de\/4x4\/wp-json\/wp\/v2\/pages\/675\/revisions"}],"predecessor-version":[{"id":3526,"href":"https:\/\/4x4-experience.de\/4x4\/wp-json\/wp\/v2\/pages\/675\/revisions\/3526"}],"wp:attachment":[{"href":"https:\/\/4x4-experience.de\/4x4\/wp-json\/wp\/v2\/media?parent=675"}],"curies":[{"name":"wp","href":"https:\/\/api.w.org\/{rel}","templated":true}]}}