{"id":562,"date":"2024-05-07T12:50:25","date_gmt":"2024-05-07T10:50:25","guid":{"rendered":"https:\/\/4x4-experience.de\/4x4\/?page_id=562"},"modified":"2026-03-20T10:50:52","modified_gmt":"2026-03-20T09:50:52","slug":"sardinien-hotel","status":"publish","type":"page","link":"https:\/\/4x4-experience.de\/4x4\/sardinien-hotel\/","title":{"rendered":"Sardinien Hotel"},"content":{"rendered":"<p>[et_pb_section fb_built=&#8220;1&#8243; _builder_version=&#8220;4.23.1&#8243; _module_preset=&#8220;default&#8220; custom_margin=&#8220;0px||-114px||false|false&#8220; custom_padding=&#8220;0px||0px||false|false&#8220; global_colors_info=&#8220;{}&#8220;][\/et_pb_section][et_pb_section fb_built=&#8220;1&#8243; fullwidth=&#8220;on&#8220; prev_background_color=&#8220;#000000&#8243; _builder_version=&#8220;4.23.1&#8243; _module_preset=&#8220;default&#8220; width=&#8220;100%&#8220; width_tablet=&#8220;&#8220; width_phone=&#8220;&#8220; width_last_edited=&#8220;on|phone&#8220; custom_margin=&#8220;130px||0px||false|false&#8220; custom_margin_tablet=&#8220;90px||||false|false&#8220; custom_margin_phone=&#8220;150px|||0px|false|false&#8220; custom_margin_last_edited=&#8220;on|phone&#8220; custom_padding=&#8220;0px||0px||false|false&#8220; top_divider_style=&#8220;mountains2&#8243; top_divider_height=&#8220;19px&#8220; top_divider_repeat=&#8220;1x&#8220; global_colors_info=&#8220;{}&#8220;][et_pb_fullwidth_image src=&#8220;https:\/\/4&#215;4-experience.de\/4&#215;4\/wp-content\/uploads\/2024\/05\/Sardinien-Auswahlbild-oben-2-2.jpg&#8220; title_text=&#8220;Sardinien-Auswahlbild-oben-2-mobile&#8220; src_tablet=&#8220;https:\/\/4&#215;4-experience.de\/4&#215;4\/wp-content\/uploads\/2024\/05\/Sardinien-Auswahlbild-oben-2-2.jpg&#8220; src_phone=&#8220;https:\/\/4&#215;4-experience.de\/4&#215;4\/wp-content\/uploads\/2024\/07\/Sardinien-Auswahlbild-oben-2-mobile.jpg&#8220; src_last_edited=&#8220;on|phone&#8220; _builder_version=&#8220;4.23.1&#8243; _module_preset=&#8220;default&#8220; custom_margin=&#8220;0px||0px||false|false&#8220; custom_padding=&#8220;0px||0px||false|false&#8220; global_colors_info=&#8220;{}&#8220;][\/et_pb_fullwidth_image][\/et_pb_section][et_pb_section fb_built=&#8220;1&#8243; _builder_version=&#8220;4.23.1&#8243; _module_preset=&#8220;default&#8220; custom_margin=&#8220;||-6px|||&#8220; custom_padding=&#8220;||0px|||&#8220; global_colors_info=&#8220;{}&#8220;][et_pb_row column_structure=&#8220;1_3,1_3,1_3&#8243; disabled_on=&#8220;on|off|off&#8220; _builder_version=&#8220;4.23.1&#8243; _module_preset=&#8220;default&#8220; width=&#8220;100%&#8220; max_width=&#8220;1286px&#8220; custom_padding=&#8220;3px|||||&#8220; global_colors_info=&#8220;{}&#8220;][et_pb_column type=&#8220;1_3&#8243; _builder_version=&#8220;4.23.1&#8243; _module_preset=&#8220;default&#8220; global_colors_info=&#8220;{}&#8220;][et_pb_text _builder_version=&#8220;4.23.1&#8243; _module_preset=&#8220;default&#8220; custom_margin=&#8220;|||9px||&#8220; custom_padding=&#8220;|||23px||&#8220; global_colors_info=&#8220;{}&#8220;]<\/p>\n<h2 style=\"text-align: center;\">Telefon\/WhatsApp:<\/h2>\n<h2 style=\"text-decoration: underline; text-align: center;\"><a href=\"tel:+491711443884\">+49-171 144 3884<\/a><\/h2>\n<p>[\/et_pb_text][\/et_pb_column][et_pb_column type=&#8220;1_3&#8243; _builder_version=&#8220;4.23.1&#8243; _module_preset=&#8220;default&#8220; global_colors_info=&#8220;{}&#8220;][et_pb_text _builder_version=&#8220;4.23.1&#8243; _module_preset=&#8220;default&#8220; custom_padding=&#8220;|30px||||&#8220; global_colors_info=&#8220;{}&#8220;]<\/p>\n<h2 style=\"text-align: center;\">Reise\u00fcbersicht:<\/h2>\n<h2 style=\"text-decoration: underline; text-align: center;\"><a href=\"\/4x4\/termine\">4&#215;4 Offroad Termine<\/a><\/h2>\n<p>[\/et_pb_text][\/et_pb_column][et_pb_column type=&#8220;1_3&#8243; _builder_version=&#8220;4.23.1&#8243; _module_preset=&#8220;default&#8220; global_colors_info=&#8220;{}&#8220;][et_pb_text _builder_version=&#8220;4.23.1&#8243; _module_preset=&#8220;default&#8220; custom_margin=&#8220;|||-41px||&#8220; custom_padding=&#8220;|115px||||&#8220; global_colors_info=&#8220;{}&#8220;]<\/p>\n<h2 style=\"text-align: center;\">Beratung\/Anmeldung:<\/h2>\n<h2 style=\"text-decoration: underline; text-align: center;\"><a href=\"\/4x4\/anmeldeformular-2025\">ANMELDEFORMULAR<\/a><\/h2>\n<p>[\/et_pb_text][\/et_pb_column][\/et_pb_row][\/et_pb_section][et_pb_section fb_built=&#8220;1&#8243; _builder_version=&#8220;4.23.1&#8243; _module_preset=&#8220;default&#8220; custom_padding=&#8220;14px||22px|||&#8220; global_colors_info=&#8220;{}&#8220;][et_pb_row column_structure=&#8220;2_3,1_3&#8243; _builder_version=&#8220;4.23.1&#8243; _module_preset=&#8220;default&#8220; custom_margin_tablet=&#8220;&#8220; custom_margin_phone=&#8220;|auto||15px|false|false&#8220; custom_margin_last_edited=&#8220;on|phone&#8220; custom_padding=&#8220;3px|||||&#8220; global_colors_info=&#8220;{}&#8220;][et_pb_column type=&#8220;2_3&#8243; _builder_version=&#8220;4.23.1&#8243; _module_preset=&#8220;default&#8220; global_colors_info=&#8220;{}&#8220;][et_pb_text _builder_version=&#8220;4.27.4&#8243; _module_preset=&#8220;default&#8220; custom_margin=&#8220;|||-2px||&#8220; custom_padding=&#8220;|||1px||&#8220; global_colors_info=&#8220;{}&#8220;]<\/p>\n<h1>Sardinien im eigenen Gel\u00e4ndewagen<\/h1>\n<h2>\u201eDie Roten Felsen von Arbatax\u201c \u2013 Hotel Tour<\/h2>\n<p>Sch\u00f6nes Wetter und schroffe Landschaften stehen f\u00fcr Sardinien. 2000 Kilometer K\u00fcste, freilaufende Esel und schwarze Hausschweine. So kennt man die zweitgr\u00f6\u00dfte Mittelmeerinsel aus den einschl\u00e4gigen Reisef\u00fchrern. Nat\u00fcrlich lernen die Teilnehmer auf unseren Touren auch diese Seite kennen. Wir zeigen Ihnen aber vor allem die sch\u00f6nste Seite Sardiniens: Das Paradies f\u00fcr Offroader.<\/p>\n<p>Wir, das sind Efisio Manca, unser sardischer Experte, und Michael Ortner, Gesch\u00e4ftsf\u00fchrer von 4\u00d74 Experience, der mit seiner Frau ein Casa rural im Norden der Insel umgebaut hat, und dort viele Wochen im Jahr verbringt. Der 58j\u00e4hrige kennt Sardinien so gut wie nur wenige Deutsche.<\/p>\n<p>Ausgangspunkt der Offroad-Touren 2019 ist Orgosolo im Landesinnern. Das \u00d6rtchen, das fr\u00fcher als Banditendorf verschrien war, liegt auf einem Hochplateau, gut 800 Meter \u00fcber dem Meeresspiegel. Die Albergo Sa E Jana dient unseren Gruppen vier Tage lang als Basislager. \u201eVon hier aus unternehmen wir sehr unterschiedliche Touren, die Mensch und Maschine Einiges abverlangen\u201c, verr\u00e4t Michael Ortner.<\/p>\n<h2>Bizarre Skulpturen aus Fels<\/h2>\n<p>Beispiel gef\u00e4llig? Ortners Lieblingsstrecke f\u00fchrt durch ein Tal am Fu\u00dfe des Supramonte-Gebirgszuges. Die Kolonne f\u00e4hrt rund 15 Kilometer durch ein Flussbett, das je nach Jahreszeit ausgetrocknet ist oder einen halben Meter Wasser f\u00fchrt. Das h\u00f6rt sich einfach an, ist es aber nicht. Die Strecke kann nur als Gruppe bew\u00e4ltigt werden. Immer wieder m\u00fcssen gro\u00dfe Steine oder entwurzelte B\u00e4ume aus dem Weg ger\u00e4umt werden, die meist durch Erdrutsche den Weg versperren. Die Strecke \u2013 mit Schwierigkeitsgrad 3+ eingestuft \u2013 ist jedes Mal anders und daher immer eine gro\u00dfe Herausforderung.<\/p>\n<p>Belohnt werden die Teilnehmer durch die allabendliche Gastfreundschaft der Sarden. Zwischen uralten Korkeichen und einem Glas Wein erholt man sich von den Strapazen des Tages. Efisio zeigt uns auf Wunsch, wo es die besten Tropfen gibt oder f\u00fchrt uns zu den sch\u00f6nsten Nuraghen. Von diesen bienenstockf\u00f6rmigen Steinruinen aus der Bronzezeit gibt es tausende. Sie sind die Wahrzeichen der Insel. Sardinien ist mehr als eine Perle im Mittelmeer. \u201eMein Sardinien ist der Garten Eden\u201c, schw\u00e4rmt Efisio mit einem Glas in der Hand und alle nicken<\/p>\n<p>[\/et_pb_text][et_pb_text _builder_version=&#8220;4.27.4&#8243; _module_preset=&#8220;default&#8220; global_colors_info=&#8220;{}&#8220;]<\/p>\n<h2>Schwierigkeitsgrad: <span style=\"font-weight: bold; color: #ff9900; font-size: 15pt;\">\u2736\u2736\u2736+<\/span><span style=\"font-size: 14pt;\">\u2736\u2736<\/span><\/h2>\n<p>Erl\u00e4uterung Schwierigkeitsgrade &gt;&gt;&gt;&gt; <a style=\"color: #000; text-decoration: underline; font-weight: bold;\" href=\"https:\/\/vdord.de\/klassifizierung-von-schwierigkeits-graden-bei-offroad-reisen\/\">HIER<\/a><\/p>\n<p>[\/et_pb_text][\/et_pb_column][et_pb_column type=&#8220;1_3&#8243; _builder_version=&#8220;4.23.1&#8243; _module_preset=&#8220;default&#8220; global_colors_info=&#8220;{}&#8220;][et_pb_gallery gallery_ids=&#8220;565,574,566,567,568,569,91,168,575,576&#8243; posts_number=&#8220;3&#8243; show_title_and_caption=&#8220;off&#8220; show_pagination=&#8220;off&#8220; _builder_version=&#8220;4.23.1&#8243; _module_preset=&#8220;default&#8220; custom_margin=&#8220;|auto||auto|false|false&#8220; custom_margin_tablet=&#8220;|auto||auto|false|false&#8220; custom_margin_phone=&#8220;|0px|||false|false&#8220; custom_margin_last_edited=&#8220;on|phone&#8220; custom_padding=&#8220;2px|||||true&#8220; custom_padding_tablet=&#8220;2px|||||true&#8220; custom_padding_phone=&#8220;|15px||15px|false|true&#8220; custom_padding_last_edited=&#8220;on|phone&#8220; module_alignment_tablet=&#8220;&#8220; module_alignment_phone=&#8220;center&#8220; module_alignment_last_edited=&#8220;on|phone&#8220; global_colors_info=&#8220;{}&#8220;][\/et_pb_gallery][\/et_pb_column][\/et_pb_row][et_pb_row column_structure=&#8220;2_3,1_3&#8243; _builder_version=&#8220;4.23.1&#8243; _module_preset=&#8220;default&#8220; custom_margin_tablet=&#8220;&#8220; custom_margin_phone=&#8220;|||10px|false|false&#8220; custom_margin_last_edited=&#8220;on|phone&#8220; custom_padding=&#8220;10px|||||&#8220; global_colors_info=&#8220;{}&#8220;][et_pb_column type=&#8220;2_3&#8243; _builder_version=&#8220;4.23.1&#8243; _module_preset=&#8220;default&#8220; global_colors_info=&#8220;{}&#8220;][et_pb_text _builder_version=&#8220;4.23.1&#8243; _module_preset=&#8220;default&#8220; global_colors_info=&#8220;{}&#8220;]<\/p>\n<h2>Preise<\/h2>\n<p><strong>Startgeld inklusive Mehrwertsteuer:<\/strong><br \/><strong>\u20ac 3.680,\u2013<\/strong> Hotelkosten Einzelzimmer mit Halbpension<br \/><strong>\u20ac 3.880,\u2013<\/strong> Hotelkosten Doppelzimmer mit Halbpension (weitere Personen auf Anfrage!)<\/p>\n<p><strong>Hotelkategorie<\/strong>: 3*** bis 3***+<\/p>\n<p><span style=\"color: #000000;\"><b>Inselhopping m\u00f6glich mit Korsika Hotel<\/b><\/span><\/p>\n<p><strong>Zuz\u00fcglich<\/strong>: F\u00e4hre* und Selbstverpflegung in der Mittagspause; 1 x Grillen Mittags 45,- Euro p.P. (Bezahlung beim Anbieter vor Ort)<\/p>\n<p>Die F\u00e4hre f\u00fcr die optionale Anschlussbuchung zwischen Sardinien und Korsika bzw. Korsika und Sardinien kostet je nach Fahrzeuggr\u00f6\u00dfe ab \u20ac 130,- f\u00fcr 2 Personen 1 KFZ.<\/p>\n<p>Reiseleistungen dieser Art unterliegen der Margenbesteuerung nach \u00a725 Umsatzsteuergesetz.<\/p>\n<p><strong>Startpunkt<\/strong>: <a href=\"https:\/\/www.google.de\/maps\/place\/Rifugio+Sa+Masonarja\/@40.1558389,9.3366279,874m\/data=!3m1!1e3!4m15!1m8!3m7!1s0x12de7cc5335629e3:0xd89d548de0794dd8!2s08027+Orgosolo,+Nuoro,+Italien!3b1!8m2!3d40.2053845!4d9.3540787!16zL20vMGdxdzZz!3m5!1s0x12de7b1e2bf7db4d:0x55a98a5e8babc7f5!8m2!3d40.1559665!4d9.3387469!16s%2Fg%2F11fdybmfl4?entry=ttu\" target=\"_blank\" rel=\"noopener\">Orgosolo(IT)<\/a><\/p>\n<p>[\/et_pb_text][\/et_pb_column][et_pb_column type=&#8220;1_3&#8243; _builder_version=&#8220;4.23.1&#8243; _module_preset=&#8220;default&#8220; global_colors_info=&#8220;{}&#8220;][et_pb_text _builder_version=&#8220;4.27.6&#8243; _module_preset=&#8220;default&#8220; custom_margin=&#8220;0px||0px||false|false&#8220; custom_padding=&#8220;0px||0px|0px|false|false&#8220; global_colors_info=&#8220;{}&#8220;]<\/p>\n<h2><span style=\"text-decoration: underline;\">Termine 2026<\/span><\/h2>\n<h4>29.03.2026 \u2013 03.04.2026<br \/>24.05.2026 \u2013 29.05.2026<br \/>18.10.2026 \u2013 23.10.2026<\/h4>\n<h4>Bespoke 25.10.2026 \u2013 30.10.2026<\/h4>\n<p>&nbsp;<\/p>\n<h2><span style=\"text-decoration: underline;\">Termin 2027<\/span><\/h2>\n<h4>17.10.2027 &#8211; 22.10.2027<\/h4>\n<p>[\/et_pb_text][\/et_pb_column][\/et_pb_row][et_pb_row column_structure=&#8220;2_3,1_3&#8243; _builder_version=&#8220;4.23.1&#8243; _module_preset=&#8220;default&#8220; custom_margin_tablet=&#8220;&#8220; custom_margin_phone=&#8220;|||10px|false|false&#8220; custom_margin_last_edited=&#8220;on|phone&#8220; custom_padding=&#8220;10px||0px|||&#8220; global_colors_info=&#8220;{}&#8220;][et_pb_column type=&#8220;2_3&#8243; _builder_version=&#8220;4.23.1&#8243; _module_preset=&#8220;default&#8220; global_colors_info=&#8220;{}&#8220;][et_pb_text _builder_version=&#8220;4.23.1&#8243; _module_preset=&#8220;default&#8220; custom_margin=&#8220;||20px|||&#8220; global_colors_info=&#8220;{}&#8220;]<\/p>\n<h2>\u00a0Leistungen<\/h2>\n<ul>\n<li>Teilnahme an der \u201eSARDINIEN-HOTEL-TOUR\u201c<\/li>\n<li>deutsche Reiseleitung durch Michael Ortner oder Lorenz Resch<\/li>\n<li>einheimischer Scout aus Sardinien<\/li>\n<li>Stellung Checkliste zur Vorbereitung des Fahrers und des Fahrzeuges<\/li>\n<li>auf Offroad-Pisten zu den gr\u00f6\u00dften Natursch\u00f6nheiten der Insel<\/li>\n<li>fahrtechnische Basis-Einweisung \u201eOffroad-Fahren im Gebirge\u201c<\/li>\n<li>Hotel- bzw. Agriturismo-\u00dcbernachtungen in landestypischen 3***-Hotels<\/li>\n<li>alle Genehmigungsgeb\u00fchren<\/li>\n<li>Die Mindestteilnehmerzahl f\u00fcr die Durchf\u00fchrungsgarantie betr\u00e4gt 5 Kfz.<br \/>Kleinere Reisegruppen nach Absprache.<\/li>\n<li>CB-Funkger\u00e4t leihweise f\u00fcr jedes einzelne Fahrzeug<\/li>\n<li>Reiser\u00fccktrittsversicherung ist im Reisepreis<span>\u00a0<\/span><span>nicht<\/span><span>\u00a0<\/span>enthalten<\/li>\n<li>kostenloser Fahrzeugcheck vor Beginn der Reise bei<span>\u00a0<\/span><a href=\"https:\/\/fw-experience.de\/\">FW Experience<\/a>, Overath bei K\u00f6ln<\/li>\n<li>mindestens ein Organisationsfahrzeug mit besonderer Ausr\u00fcstung f\u00fcr Offroad-Gruppen-Reisen nach Ma\u00dfgabe des<span>\u00a0<\/span><a href=\"https:\/\/vdord.de\/veranstalter-mindestausstattung-offroad-gruppen-reisen\/\" target=\"_blank\" rel=\"noopener noreferrer\">Verbandes der Offroad-Reiseveranstalter Deutschlands<\/a><span>\u00a0<\/span>(VdORD)<\/li>\n<li>An den 2 Br\u00fcckentagen bei der Doppeltour (Freitag\/Samstag) buchen wir f\u00fcr Sie gerne weitere Hotel\u00fcbernachtungen zum Preis ab \u20ac 95,00 p.P.<\/li>\n<\/ul>\n<p>[\/et_pb_text][et_pb_text _builder_version=&#8220;4.23.1&#8243; _module_preset=&#8220;default&#8220; global_colors_info=&#8220;{}&#8220;]<\/p>\n<h4>Kleidungs- und Ausr\u00fcstungsempfehlungen<br \/>zum Downloaden, Ausf\u00fcllen und Speichern:<\/h4>\n<p><a href=\"\/4x4\/checklisten\/Checkliste-Insassen.pdf\" target=\"_blank\" rel=\"noopener\">Checkliste Insassen<\/a><br \/><a href=\"\/4x4\/checklisten\/Checkliste-Fahrzeug.pdf\" target=\"_blank\" rel=\"noopener\">Checkliste Fahrzeug<\/a><\/p>\n<h4>Zus\u00e4tzlich f\u00fcr Sahara-Reisende:<\/h4>\n<p><a href=\"\/4x4\/checklisten\/Checkliste-Offroad-Maghreb.pdf\" target=\"_blank\" rel=\"noopener\">Checkliste Offroad Maghreb<\/a><\/p>\n<p>[\/et_pb_text][\/et_pb_column][et_pb_column type=&#8220;1_3&#8243; _builder_version=&#8220;4.23.1&#8243; _module_preset=&#8220;default&#8220; global_colors_info=&#8220;{}&#8220;][et_pb_text _builder_version=&#8220;4.23.1&#8243; _module_preset=&#8220;default&#8220; custom_margin=&#8220;|0px||0px|false|false&#8220; custom_padding=&#8220;|0px||0px|false|false&#8220; link_option_url=&#8220;https:\/\/mobylines.de&#8220; global_colors_info=&#8220;{}&#8220;]<\/p>\n<h1>F\u00e4hrangebote<\/h1>\n<p><img loading=\"lazy\" decoding=\"async\" src=\"https:\/\/4x4-experience.de\/4x4\/wp-content\/uploads\/2024\/05\/MOBY2002-300x132.jpg\" width=\"187\" height=\"97\" alt=\"\" class=\"wp-image-615 alignnone size-medium\" \/><\/p>\n<p><b><\/b><\/p>\n<p style=\"text-align: left;\">\n<h1>Empfehlung f\u00fcr April<\/h1>\n<p><a href=\"https:\/\/corsica-ferries.com\" target=\"_blank\" rel=\"noopener\"><img loading=\"lazy\" decoding=\"async\" style=\"margin-left: 20px;\" class=\"alignleft size-full wp-image-3183\" src=\"https:\/\/4x4-experience.de\/4x4\/wp-content\/uploads\/corsica-logo_de.png\" alt=\"Corsica Ferries\" width=\"173\" height=\"65\" \/><\/a><\/p>\n<p>&nbsp;<\/p>\n<p>&nbsp;<\/p>\n<p>* Nicht im Reisepreis enthalten ist die F\u00e4hr\u00fcberfahrt vom Festland zu den Inseln.<\/p>\n<p>** Wir buchen gerne f\u00fcr Sie die F\u00e4hrverbindungen, auch f\u00fcr die Doppeltour (Korsika\/Sardinien bzw. Sardinien\/Korsika). Die \u00dcberfahrt kostet ab 90 \u20ac (Einfache Fahrt).<\/p>\n<p>&nbsp;[\/et_pb_text][\/et_pb_column][\/et_pb_row][\/et_pb_section]<\/p>\n","protected":false},"excerpt":{"rendered":"<p>Telefon\/WhatsApp: +49-171 144 3884Reise\u00fcbersicht: 4&#215;4 Offroad TermineBeratung\/Anmeldung: ANMELDEFORMULARSardinien im eigenen Gel\u00e4ndewagen \u201eDie Roten Felsen von Arbatax\u201c \u2013 Hotel Tour Sch\u00f6nes Wetter und schroffe Landschaften stehen f\u00fcr Sardinien. 2000 Kilometer K\u00fcste, freilaufende Esel und schwarze Hausschweine. So kennt man die zweitgr\u00f6\u00dfte Mittelmeerinsel aus den einschl\u00e4gigen Reisef\u00fchrern. Nat\u00fcrlich lernen die Teilnehmer auf unseren Touren auch diese Seite [&hellip;]<\/p>\n","protected":false},"author":1,"featured_media":0,"parent":0,"menu_order":0,"comment_status":"closed","ping_status":"closed","template":"","meta":{"_et_pb_use_builder":"on","_et_pb_old_content":"","_et_gb_content_width":"","footnotes":""},"class_list":["post-562","page","type-page","status-publish","hentry"],"yoast_head":"<!-- This site is optimized with the Yoast SEO Premium plugin v27.0 (Yoast SEO v27.3) - https:\/\/yoast.com\/product\/yoast-seo-premium-wordpress\/ -->\n<title>Offroad Reisen | Offroad-Abenteuer und 4x4-Training<\/title>\n<meta name=\"description\" content=\"Offroad Reisen in Europa und Nordafrika. Bespoke Offroad \u2013 Individual-Touren. 4x4-Training - Mittelmeer-Inseln Sardinien, Sizilien und Korsika\" \/>\n<meta name=\"robots\" content=\"index, follow, max-snippet:-1, max-image-preview:large, max-video-preview:-1\" \/>\n<link rel=\"canonical\" href=\"https:\/\/4x4-experience.de\/4x4\/sardinien-hotel\/\" \/>\n<meta property=\"og:locale\" content=\"de_DE\" \/>\n<meta property=\"og:type\" content=\"article\" \/>\n<meta property=\"og:title\" content=\"Sardinien Hotel\" \/>\n<meta property=\"og:description\" content=\"Offroad Reisen in Europa und Nordafrika. Bespoke Offroad \u2013 Individual-Touren. 4x4-Training - Mittelmeer-Inseln Sardinien, Sizilien und Korsika\" \/>\n<meta property=\"og:url\" content=\"https:\/\/4x4-experience.de\/4x4\/sardinien-hotel\/\" \/>\n<meta property=\"og:site_name\" content=\"4x4 Experience, Offroadreise, Offroad Reisen\" \/>\n<meta property=\"article:publisher\" content=\"https:\/\/www.facebook.com\/www.4x4Experience\/\" \/>\n<meta property=\"article:modified_time\" content=\"2026-03-20T09:50:52+00:00\" \/>\n<meta property=\"og:image\" content=\"https:\/\/4x4-experience.de\/4x4\/wp-content\/uploads\/2024\/05\/MOBY2002-300x132.jpg\" \/>\n<meta name=\"twitter:card\" content=\"summary_large_image\" \/>\n<meta name=\"twitter:label1\" content=\"Gesch\u00e4tzte Lesezeit\" \/>\n\t<meta name=\"twitter:data1\" content=\"7\u00a0Minuten\" \/>\n<script type=\"application\/ld+json\" class=\"yoast-schema-graph\">{\"@context\":\"https:\\\/\\\/schema.org\",\"@graph\":[{\"@type\":\"WebPage\",\"@id\":\"https:\\\/\\\/4x4-experience.de\\\/4x4\\\/sardinien-hotel\\\/\",\"url\":\"https:\\\/\\\/4x4-experience.de\\\/4x4\\\/sardinien-hotel\\\/\",\"name\":\"Offroad Reisen | Offroad-Abenteuer und 4x4-Training\",\"isPartOf\":{\"@id\":\"https:\\\/\\\/4x4-experience.de\\\/4x4\\\/#website\"},\"primaryImageOfPage\":{\"@id\":\"https:\\\/\\\/4x4-experience.de\\\/4x4\\\/sardinien-hotel\\\/#primaryimage\"},\"image\":{\"@id\":\"https:\\\/\\\/4x4-experience.de\\\/4x4\\\/sardinien-hotel\\\/#primaryimage\"},\"thumbnailUrl\":\"https:\\\/\\\/4x4-experience.de\\\/4x4\\\/wp-content\\\/uploads\\\/2024\\\/05\\\/MOBY2002-300x132.jpg\",\"datePublished\":\"2024-05-07T10:50:25+00:00\",\"dateModified\":\"2026-03-20T09:50:52+00:00\",\"description\":\"Offroad Reisen in Europa und Nordafrika. Bespoke Offroad \u2013 Individual-Touren. 4x4-Training - Mittelmeer-Inseln Sardinien, Sizilien und Korsika\",\"breadcrumb\":{\"@id\":\"https:\\\/\\\/4x4-experience.de\\\/4x4\\\/sardinien-hotel\\\/#breadcrumb\"},\"inLanguage\":\"de\",\"potentialAction\":[{\"@type\":\"ReadAction\",\"target\":[\"https:\\\/\\\/4x4-experience.de\\\/4x4\\\/sardinien-hotel\\\/\"]}]},{\"@type\":\"ImageObject\",\"inLanguage\":\"de\",\"@id\":\"https:\\\/\\\/4x4-experience.de\\\/4x4\\\/sardinien-hotel\\\/#primaryimage\",\"url\":\"https:\\\/\\\/4x4-experience.de\\\/4x4\\\/wp-content\\\/uploads\\\/2024\\\/05\\\/MOBY2002.jpg\",\"contentUrl\":\"https:\\\/\\\/4x4-experience.de\\\/4x4\\\/wp-content\\\/uploads\\\/2024\\\/05\\\/MOBY2002.jpg\",\"width\":811,\"height\":357,\"caption\":\"Moby F\u00e4hren Mittelmeer Logo\"},{\"@type\":\"BreadcrumbList\",\"@id\":\"https:\\\/\\\/4x4-experience.de\\\/4x4\\\/sardinien-hotel\\\/#breadcrumb\",\"itemListElement\":[{\"@type\":\"ListItem\",\"position\":1,\"name\":\"Startseite\",\"item\":\"https:\\\/\\\/4x4-experience.de\\\/4x4\\\/\"},{\"@type\":\"ListItem\",\"position\":2,\"name\":\"Sardinien Hotel\"}]},{\"@type\":\"WebSite\",\"@id\":\"https:\\\/\\\/4x4-experience.de\\\/4x4\\\/#website\",\"url\":\"https:\\\/\\\/4x4-experience.de\\\/4x4\\\/\",\"name\":\"4x4 Experience, Offroadreise, Offroad Reisen\",\"description\":\"4x4 Offroad Europa und Nordafrika\",\"potentialAction\":[{\"@type\":\"SearchAction\",\"target\":{\"@type\":\"EntryPoint\",\"urlTemplate\":\"https:\\\/\\\/4x4-experience.de\\\/4x4\\\/?s={search_term_string}\"},\"query-input\":{\"@type\":\"PropertyValueSpecification\",\"valueRequired\":true,\"valueName\":\"search_term_string\"}}],\"inLanguage\":\"de\"}]}<\/script>\n<!-- \/ Yoast SEO Premium plugin. -->","yoast_head_json":{"title":"Offroad Reisen | Offroad-Abenteuer und 4x4-Training","description":"Offroad Reisen in Europa und Nordafrika. Bespoke Offroad \u2013 Individual-Touren. 4x4-Training - Mittelmeer-Inseln Sardinien, Sizilien und Korsika","robots":{"index":"index","follow":"follow","max-snippet":"max-snippet:-1","max-image-preview":"max-image-preview:large","max-video-preview":"max-video-preview:-1"},"canonical":"https:\/\/4x4-experience.de\/4x4\/sardinien-hotel\/","og_locale":"de_DE","og_type":"article","og_title":"Sardinien Hotel","og_description":"Offroad Reisen in Europa und Nordafrika. Bespoke Offroad \u2013 Individual-Touren. 4x4-Training - Mittelmeer-Inseln Sardinien, Sizilien und Korsika","og_url":"https:\/\/4x4-experience.de\/4x4\/sardinien-hotel\/","og_site_name":"4x4 Experience, Offroadreise, Offroad Reisen","article_publisher":"https:\/\/www.facebook.com\/www.4x4Experience\/","article_modified_time":"2026-03-20T09:50:52+00:00","og_image":[{"url":"https:\/\/4x4-experience.de\/4x4\/wp-content\/uploads\/2024\/05\/MOBY2002-300x132.jpg","type":"","width":"","height":""}],"twitter_card":"summary_large_image","twitter_misc":{"Gesch\u00e4tzte Lesezeit":"7\u00a0Minuten"},"schema":{"@context":"https:\/\/schema.org","@graph":[{"@type":"WebPage","@id":"https:\/\/4x4-experience.de\/4x4\/sardinien-hotel\/","url":"https:\/\/4x4-experience.de\/4x4\/sardinien-hotel\/","name":"Offroad Reisen | Offroad-Abenteuer und 4x4-Training","isPartOf":{"@id":"https:\/\/4x4-experience.de\/4x4\/#website"},"primaryImageOfPage":{"@id":"https:\/\/4x4-experience.de\/4x4\/sardinien-hotel\/#primaryimage"},"image":{"@id":"https:\/\/4x4-experience.de\/4x4\/sardinien-hotel\/#primaryimage"},"thumbnailUrl":"https:\/\/4x4-experience.de\/4x4\/wp-content\/uploads\/2024\/05\/MOBY2002-300x132.jpg","datePublished":"2024-05-07T10:50:25+00:00","dateModified":"2026-03-20T09:50:52+00:00","description":"Offroad Reisen in Europa und Nordafrika. Bespoke Offroad \u2013 Individual-Touren. 4x4-Training - Mittelmeer-Inseln Sardinien, Sizilien und Korsika","breadcrumb":{"@id":"https:\/\/4x4-experience.de\/4x4\/sardinien-hotel\/#breadcrumb"},"inLanguage":"de","potentialAction":[{"@type":"ReadAction","target":["https:\/\/4x4-experience.de\/4x4\/sardinien-hotel\/"]}]},{"@type":"ImageObject","inLanguage":"de","@id":"https:\/\/4x4-experience.de\/4x4\/sardinien-hotel\/#primaryimage","url":"https:\/\/4x4-experience.de\/4x4\/wp-content\/uploads\/2024\/05\/MOBY2002.jpg","contentUrl":"https:\/\/4x4-experience.de\/4x4\/wp-content\/uploads\/2024\/05\/MOBY2002.jpg","width":811,"height":357,"caption":"Moby F\u00e4hren Mittelmeer Logo"},{"@type":"BreadcrumbList","@id":"https:\/\/4x4-experience.de\/4x4\/sardinien-hotel\/#breadcrumb","itemListElement":[{"@type":"ListItem","position":1,"name":"Startseite","item":"https:\/\/4x4-experience.de\/4x4\/"},{"@type":"ListItem","position":2,"name":"Sardinien Hotel"}]},{"@type":"WebSite","@id":"https:\/\/4x4-experience.de\/4x4\/#website","url":"https:\/\/4x4-experience.de\/4x4\/","name":"4x4 Experience, Offroadreise, Offroad Reisen","description":"4x4 Offroad Europa und Nordafrika","potentialAction":[{"@type":"SearchAction","target":{"@type":"EntryPoint","urlTemplate":"https:\/\/4x4-experience.de\/4x4\/?s={search_term_string}"},"query-input":{"@type":"PropertyValueSpecification","valueRequired":true,"valueName":"search_term_string"}}],"inLanguage":"de"}]}},"_links":{"self":[{"href":"https:\/\/4x4-experience.de\/4x4\/wp-json\/wp\/v2\/pages\/562","targetHints":{"allow":["GET"]}}],"collection":[{"href":"https:\/\/4x4-experience.de\/4x4\/wp-json\/wp\/v2\/pages"}],"about":[{"href":"https:\/\/4x4-experience.de\/4x4\/wp-json\/wp\/v2\/types\/page"}],"author":[{"embeddable":true,"href":"https:\/\/4x4-experience.de\/4x4\/wp-json\/wp\/v2\/users\/1"}],"replies":[{"embeddable":true,"href":"https:\/\/4x4-experience.de\/4x4\/wp-json\/wp\/v2\/comments?post=562"}],"version-history":[{"count":60,"href":"https:\/\/4x4-experience.de\/4x4\/wp-json\/wp\/v2\/pages\/562\/revisions"}],"predecessor-version":[{"id":3561,"href":"https:\/\/4x4-experience.de\/4x4\/wp-json\/wp\/v2\/pages\/562\/revisions\/3561"}],"wp:attachment":[{"href":"https:\/\/4x4-experience.de\/4x4\/wp-json\/wp\/v2\/media?parent=562"}],"curies":[{"name":"wp","href":"https:\/\/api.w.org\/{rel}","templated":true}]}}