{"id":3270,"date":"2025-09-10T17:39:16","date_gmt":"2025-09-10T15:39:16","guid":{"rendered":"https:\/\/4x4-experience.de\/4x4\/?page_id=3270"},"modified":"2025-11-26T10:29:34","modified_gmt":"2025-11-26T09:29:34","slug":"anmeldeformular-2025","status":"publish","type":"page","link":"https:\/\/4x4-experience.de\/4x4\/anmeldeformular-2025\/","title":{"rendered":"Anmeldeformular-2025"},"content":{"rendered":"<p>[et_pb_section fb_built=&#8220;1&#8243; _builder_version=&#8220;4.23.1&#8243; _module_preset=&#8220;default&#8220; custom_margin=&#8220;0px||-114px||false|false&#8220; custom_padding=&#8220;0px||0px||false|false&#8220; global_colors_info=&#8220;{}&#8220;][\/et_pb_section][et_pb_section fb_built=&#8220;1&#8243; fullwidth=&#8220;on&#8220; prev_background_color=&#8220;#000000&#8243; _builder_version=&#8220;4.27.4&#8243; _module_preset=&#8220;default&#8220; width=&#8220;100%&#8220; width_tablet=&#8220;&#8220; width_phone=&#8220;&#8220; width_last_edited=&#8220;on|phone&#8220; min_height_tablet=&#8220;&#8220; min_height_phone=&#8220;&#8220; min_height_last_edited=&#8220;on|phone&#8220; height=&#8220;405px&#8220; max_height=&#8220;417px&#8220; max_height_tablet=&#8220;417px&#8220; max_height_phone=&#8220;417px&#8220; max_height_last_edited=&#8220;on|desktop&#8220; custom_margin=&#8220;130px||0px||false|false&#8220; custom_margin_tablet=&#8220;90px||||false|false&#8220; custom_margin_phone=&#8220;80px|||0px|false|false&#8220; custom_margin_last_edited=&#8220;on|phone&#8220; custom_padding=&#8220;0px||0px||false|false&#8220; top_divider_style=&#8220;mountains2&#8243; top_divider_height=&#8220;19px&#8220; top_divider_repeat=&#8220;1x&#8220; global_colors_info=&#8220;{}&#8220;][et_pb_fullwidth_image src=&#8220;https:\/\/4&#215;4-experience.de\/4&#215;4\/wp-content\/uploads\/2024\/07\/Offroad-Training-Titelbild-1.jpg&#8220; title_text=&#8220;Vorwort-Checklisten-mobile&#8220; src_tablet=&#8220;https:\/\/4&#215;4-experience.de\/4&#215;4\/wp-content\/uploads\/2024\/07\/Offroad-Training-Titelbild-1.jpg&#8220; src_phone=&#8220;https:\/\/4&#215;4-experience.de\/4&#215;4\/wp-content\/uploads\/2024\/07\/Vorwort-Checklisten-mobile.jpg&#8220; src_last_edited=&#8220;on|phone&#8220; _builder_version=&#8220;4.23.1&#8243; _module_preset=&#8220;default&#8220; custom_margin=&#8220;0px||0px||false|false&#8220; custom_padding=&#8220;0px||0px||false|false&#8220; global_colors_info=&#8220;{}&#8220;][\/et_pb_fullwidth_image][\/et_pb_section][et_pb_section fb_built=&#8220;1&#8243; _builder_version=&#8220;4.27.4&#8243; _module_preset=&#8220;default&#8220; background_enable_image=&#8220;off&#8220; parallax=&#8220;on&#8220; background_blend=&#8220;darken&#8220; custom_margin=&#8220;11px||||false|false&#8220; custom_padding=&#8220;0px||25px|||&#8220; animation_style=&#8220;fade&#8220; global_colors_info=&#8220;{}&#8220;][et_pb_row _builder_version=&#8220;4.27.4&#8243; _module_preset=&#8220;default&#8220; custom_padding=&#8220;||0px|||&#8220; global_colors_info=&#8220;{}&#8220;][et_pb_column type=&#8220;4_4&#8243; _builder_version=&#8220;4.27.4&#8243; _module_preset=&#8220;default&#8220; global_colors_info=&#8220;{}&#8220;][et_pb_text _builder_version=&#8220;4.27.4&#8243; _module_preset=&#8220;default&#8220; global_colors_info=&#8220;{}&#8220;]<\/p>\n<h2>Anmeldung und Beratung<\/h2>\n<p><span>F\u00fclle bitte das Formular aus.<\/span><br \/><span>F\u00fcr R\u00fcckfragen per Telefon Mobil :\u00a0<\/span><a href=\"tel:+491711443884\">+ 49 171 144 3884<\/a><span>\u00a0oder per SMS.<\/span><br \/><span>Bitte beachte, dass eine telefonische Verbindung bei unseren Auslandsaufenthalten eingeschr\u00e4nkt sein kann.<\/span><br \/><span>Daher sende uns im Bedarfsfall bitte eine SMS. Vielen Dank.<\/span><\/p>\n<p>&nbsp;<\/p>\n<p>[\/et_pb_text][\/et_pb_column][\/et_pb_row][et_pb_row _builder_version=&#8220;4.27.4&#8243; _module_preset=&#8220;default&#8220; width_tablet=&#8220;&#8220; width_phone=&#8220;100%&#8220; width_last_edited=&#8220;on|phone&#8220; max_width_tablet=&#8220;983px&#8220; max_width_phone=&#8220;100%&#8220; max_width_last_edited=&#8220;on|phone&#8220; module_alignment=&#8220;center&#8220; custom_margin=&#8220;-43px|auto||-21px|false|false&#8220; custom_margin_tablet=&#8220;0px|||-100px|false|false&#8220; custom_margin_phone=&#8220;|||0px|false|false&#8220; custom_margin_last_edited=&#8220;on|phone&#8220; custom_padding=&#8220;11px|||||&#8220; global_colors_info=&#8220;{}&#8220;][et_pb_column type=&#8220;4_4&#8243; _builder_version=&#8220;4.27.4&#8243; _module_preset=&#8220;default&#8220; global_colors_info=&#8220;{}&#8220;][et_pb_code raw_content_tablet=&#8220; <iframe\n      id=%22JotFormIFrame-252523300269046%22\n      title=%22Anmeldeformular-Offroad%22\n      onload=%22window.parent.scrollTo(0,0)%22\n      allowtransparency=%22true%22\n      allow=%22geolocation; microphone; camera; fullscreen; payment%22\n      src=%22https:\/\/form.jotform.com\/252523300269046%22\n      frameborder=%220%22\n      style=%22min-width:100%;max-width:100%;height:539px;border:none;%22\n      scrolling=%22yes%22\n    ><br \/>\n    <\/iframe><br \/>\n    <script src='https:\/\/cdn.jotfor.ms\/s\/umd\/latest\/for-form-embed-handler.js'><\/script><br \/>\n    <script>window.jotformEmbedHandler(%22iframe%91id='JotFormIFrame-252523300269046'%93%22, %22https:\/\/form.jotform.com\/%22)<\/script>&#8220; raw_content_phone=&#8220;<a href=%22https:\/\/form.jotform.com\/252523300269046%22 style=%22text-decoration:underline;margin-left:50px;color:#000;margin-top:40px;font-size:20px; text-align:center%22>Zum Anmeldeformular<\/a><br \/><span style=%22margin-left:50px%22>Mobilversion<\/span>&#8220; raw_content_last_edited=&#8220;on|phone&#8220; _builder_version=&#8220;4.27.4&#8243; _module_preset=&#8220;default&#8220; width_tablet=&#8220;&#8220; width_phone=&#8220;95%&#8220; width_last_edited=&#8220;on|phone&#8220; max_width=&#8220;100%&#8220; max_width_tablet=&#8220;100%&#8220; max_width_phone=&#8220;95%&#8220; max_width_last_edited=&#8220;on|phone&#8220; min_height=&#8220;557.8px&#8220; min_height_tablet=&#8220;557.8px&#8220; min_height_phone=&#8220;100%&#8220; min_height_last_edited=&#8220;on|phone&#8220; custom_margin=&#8220;-23px||||false|false&#8220; custom_margin_tablet=&#8220;-60px|||60px|false|false&#8220; custom_margin_phone=&#8220;0px|||0px|false|false&#8220; custom_margin_last_edited=&#8220;on|phone&#8220; custom_padding=&#8220;22px|||||&#8220; hover_enabled=&#8220;0&#8243; global_colors_info=&#8220;{}&#8220; sticky_enabled=&#8220;0&#8243;] <iframe<!-- [et_pb_line_break_holder] -->      id=&#8220;JotFormIFrame-252523300269046&#8243;<!-- [et_pb_line_break_holder] -->      title=&#8220;Anmeldeformular-Offroad&#8220;<!-- [et_pb_line_break_holder] -->      onload=&#8220;window.parent.scrollTo(0,0)&#8220;<!-- [et_pb_line_break_holder] -->      allowtransparency=&#8220;true&#8220;<!-- [et_pb_line_break_holder] -->      allow=&#8220;geolocation; microphone; camera; fullscreen; payment&#8220;<!-- [et_pb_line_break_holder] -->      src=&#8220;https:\/\/form.jotform.com\/252523300269046&#8243;<!-- [et_pb_line_break_holder] -->      frameborder=&#8220;0&#8243;<!-- [et_pb_line_break_holder] -->      style=&#8220;min-width:100%;max-width:100%;height:539px;border:none;&#8220;<!-- [et_pb_line_break_holder] -->      scrolling=&#8220;yes&#8220;<!-- [et_pb_line_break_holder] -->    ><!-- [et_pb_line_break_holder] -->    <\/iframe><!-- [et_pb_line_break_holder] -->    <script src='https:\/\/cdn.jotfor.ms\/s\/umd\/latest\/for-form-embed-handler.js'><\/script><!-- [et_pb_line_break_holder] -->    <script>window.jotformEmbedHandler(\"iframe[id='JotFormIFrame-252523300269046']\", \"https:\/\/form.jotform.com\/\")<\/script>[\/et_pb_code][\/et_pb_column][\/et_pb_row][et_pb_row _builder_version=&#8220;4.27.4&#8243; _module_preset=&#8220;default&#8220; custom_margin=&#8220;0px||0px||false|false&#8220; custom_padding=&#8220;0px||||false|false&#8220; global_colors_info=&#8220;{}&#8220;][et_pb_column type=&#8220;4_4&#8243; _builder_version=&#8220;4.27.4&#8243; _module_preset=&#8220;default&#8220; global_colors_info=&#8220;{}&#8220;][et_pb_text _builder_version=&#8220;4.27.4&#8243; _module_preset=&#8220;default&#8220; custom_margin=&#8220;-13px||||false|false&#8220; custom_padding=&#8220;0px|||||&#8220; global_colors_info=&#8220;{}&#8220;]<\/p>\n<div style=\"background-color: rgba(77,77,77,.4);\">\n<blockquote style=\"padding: 10px; color: #000;\">\n<p>Bitte nutze auch das Herunterladen der &#8222;Erweiterten pers\u00f6nlichen Daten&#8220; zur Erfassung Eurer Daten f\u00fcr die F\u00e4hre und die Reise (Fahrzeugf\u00fchrer und weitere Teilnehmer), die Du bitte ausgef\u00fcllt an uns zur\u00fccksendest per Mail an: <a href=\"mailto:ortner@4x4-experience.de\" style=\"color: #0000ff; text-decoration: underline;\">ortner@4&#215;4-experience.de<\/a><br \/><a href=\"\/4x4\/Persoenliche-Daten-4x4 Experience.xlsx\" rel=\"attachment noopener wp-att-2375\" target=\"_blank\">\u21d2 Pers\u00f6nliche-Daten-F\u00e4hre-und-Reise<\/a> (EXCEL-Datei).<\/p>\n<\/blockquote>\n<\/div>\n<p><strong>Bitte unbedingt beachten<\/strong>: Der Reisepass aller Teilnehmer muss f\u00fcr Reisen nach Maghreb (Tunesien und Marokko) und nach Schottland noch mindestens 6 Monate g\u00fcltig sein.<\/p>\n<p><span style=\"font-size: 14px;\">Und bitte beachte auch den Passus <\/span><strong style=\"font-size: 14px;\">Ern\u00e4hrungsgewohnheiten<\/strong><span style=\"font-size: 14px;\"> im Formular. Wir versuchen, je nach M\u00f6glichkeit, darauf R\u00fccksicht zu nehmen.<\/span><\/p>\n<p>[\/et_pb_text][\/et_pb_column][\/et_pb_row][\/et_pb_section]<\/p>\n","protected":false},"excerpt":{"rendered":"<p>Anmeldung und Beratung F\u00fclle bitte das Formular aus.F\u00fcr R\u00fcckfragen per Telefon Mobil :\u00a0+ 49 171 144 3884\u00a0oder per SMS.Bitte beachte, dass eine telefonische Verbindung bei unseren Auslandsaufenthalten eingeschr\u00e4nkt sein kann.Daher sende uns im Bedarfsfall bitte eine SMS. Vielen Dank. &nbsp; Bitte nutze auch das Herunterladen der &#8222;Erweiterten pers\u00f6nlichen Daten&#8220; zur Erfassung Eurer Daten f\u00fcr die [&hellip;]<\/p>\n","protected":false},"author":1,"featured_media":0,"parent":0,"menu_order":0,"comment_status":"closed","ping_status":"closed","template":"","meta":{"_et_pb_use_builder":"on","_et_pb_old_content":"","_et_gb_content_width":"","footnotes":""},"class_list":["post-3270","page","type-page","status-publish","hentry"],"yoast_head":"<!-- This site is optimized with the Yoast SEO Premium plugin v27.0 (Yoast SEO v27.3) - https:\/\/yoast.com\/product\/yoast-seo-premium-wordpress\/ -->\n<title>Anmeldeformular Offroadreise: F\u00fcllen Sie es bitte aus<\/title>\n<meta name=\"description\" content=\"Denke daran, das Anmeldeformular sorgf\u00e4ltig auszuf\u00fcllen. Reisepass muss f\u00fcr einige L\u00e4nder mindestens 6 Monate g\u00fcltig sein.\" \/>\n<meta name=\"robots\" content=\"index, follow, max-snippet:-1, max-image-preview:large, max-video-preview:-1\" \/>\n<link rel=\"canonical\" href=\"https:\/\/4x4-experience.de\/4x4\/anmeldeformular-2025\/\" \/>\n<meta property=\"og:locale\" content=\"de_DE\" \/>\n<meta property=\"og:type\" content=\"article\" \/>\n<meta property=\"og:title\" content=\"Anmeldeformular-2025\" \/>\n<meta property=\"og:description\" content=\"Denke daran, das Anmeldeformular sorgf\u00e4ltig auszuf\u00fcllen. Reisepass muss f\u00fcr einige L\u00e4nder mindestens 6 Monate g\u00fcltig sein.\" \/>\n<meta property=\"og:url\" content=\"https:\/\/4x4-experience.de\/4x4\/anmeldeformular-2025\/\" \/>\n<meta property=\"og:site_name\" content=\"4x4 Experience, Offroadreise, Offroad Reisen\" \/>\n<meta property=\"article:publisher\" content=\"https:\/\/www.facebook.com\/www.4x4Experience\/\" \/>\n<meta property=\"article:modified_time\" content=\"2025-11-26T09:29:34+00:00\" \/>\n<meta name=\"twitter:card\" content=\"summary_large_image\" \/>\n<meta name=\"twitter:label1\" content=\"Gesch\u00e4tzte Lesezeit\" \/>\n\t<meta name=\"twitter:data1\" content=\"1\u00a0Minute\" \/>\n<script type=\"application\/ld+json\" class=\"yoast-schema-graph\">{\"@context\":\"https:\\\/\\\/schema.org\",\"@graph\":[{\"@type\":\"WebPage\",\"@id\":\"https:\\\/\\\/4x4-experience.de\\\/4x4\\\/anmeldeformular-2025\\\/\",\"url\":\"https:\\\/\\\/4x4-experience.de\\\/4x4\\\/anmeldeformular-2025\\\/\",\"name\":\"Anmeldeformular Offroadreise: F\u00fcllen Sie es bitte aus\",\"isPartOf\":{\"@id\":\"https:\\\/\\\/4x4-experience.de\\\/4x4\\\/#website\"},\"datePublished\":\"2025-09-10T15:39:16+00:00\",\"dateModified\":\"2025-11-26T09:29:34+00:00\",\"description\":\"Denke daran, das Anmeldeformular sorgf\u00e4ltig auszuf\u00fcllen. Reisepass muss f\u00fcr einige L\u00e4nder mindestens 6 Monate g\u00fcltig sein.\",\"breadcrumb\":{\"@id\":\"https:\\\/\\\/4x4-experience.de\\\/4x4\\\/anmeldeformular-2025\\\/#breadcrumb\"},\"inLanguage\":\"de\",\"potentialAction\":[{\"@type\":\"ReadAction\",\"target\":[\"https:\\\/\\\/4x4-experience.de\\\/4x4\\\/anmeldeformular-2025\\\/\"]}]},{\"@type\":\"BreadcrumbList\",\"@id\":\"https:\\\/\\\/4x4-experience.de\\\/4x4\\\/anmeldeformular-2025\\\/#breadcrumb\",\"itemListElement\":[{\"@type\":\"ListItem\",\"position\":1,\"name\":\"Startseite\",\"item\":\"https:\\\/\\\/4x4-experience.de\\\/4x4\\\/\"},{\"@type\":\"ListItem\",\"position\":2,\"name\":\"Anmeldeformular-2025\"}]},{\"@type\":\"WebSite\",\"@id\":\"https:\\\/\\\/4x4-experience.de\\\/4x4\\\/#website\",\"url\":\"https:\\\/\\\/4x4-experience.de\\\/4x4\\\/\",\"name\":\"4x4 Experience, Offroadreise, Offroad Reisen\",\"description\":\"4x4 Offroad Europa und Nordafrika\",\"potentialAction\":[{\"@type\":\"SearchAction\",\"target\":{\"@type\":\"EntryPoint\",\"urlTemplate\":\"https:\\\/\\\/4x4-experience.de\\\/4x4\\\/?s={search_term_string}\"},\"query-input\":{\"@type\":\"PropertyValueSpecification\",\"valueRequired\":true,\"valueName\":\"search_term_string\"}}],\"inLanguage\":\"de\"}]}<\/script>\n<!-- \/ Yoast SEO Premium plugin. -->","yoast_head_json":{"title":"Anmeldeformular Offroadreise: F\u00fcllen Sie es bitte aus","description":"Denke daran, das Anmeldeformular sorgf\u00e4ltig auszuf\u00fcllen. Reisepass muss f\u00fcr einige L\u00e4nder mindestens 6 Monate g\u00fcltig sein.","robots":{"index":"index","follow":"follow","max-snippet":"max-snippet:-1","max-image-preview":"max-image-preview:large","max-video-preview":"max-video-preview:-1"},"canonical":"https:\/\/4x4-experience.de\/4x4\/anmeldeformular-2025\/","og_locale":"de_DE","og_type":"article","og_title":"Anmeldeformular-2025","og_description":"Denke daran, das Anmeldeformular sorgf\u00e4ltig auszuf\u00fcllen. Reisepass muss f\u00fcr einige L\u00e4nder mindestens 6 Monate g\u00fcltig sein.","og_url":"https:\/\/4x4-experience.de\/4x4\/anmeldeformular-2025\/","og_site_name":"4x4 Experience, Offroadreise, Offroad Reisen","article_publisher":"https:\/\/www.facebook.com\/www.4x4Experience\/","article_modified_time":"2025-11-26T09:29:34+00:00","twitter_card":"summary_large_image","twitter_misc":{"Gesch\u00e4tzte Lesezeit":"1\u00a0Minute"},"schema":{"@context":"https:\/\/schema.org","@graph":[{"@type":"WebPage","@id":"https:\/\/4x4-experience.de\/4x4\/anmeldeformular-2025\/","url":"https:\/\/4x4-experience.de\/4x4\/anmeldeformular-2025\/","name":"Anmeldeformular Offroadreise: F\u00fcllen Sie es bitte aus","isPartOf":{"@id":"https:\/\/4x4-experience.de\/4x4\/#website"},"datePublished":"2025-09-10T15:39:16+00:00","dateModified":"2025-11-26T09:29:34+00:00","description":"Denke daran, das Anmeldeformular sorgf\u00e4ltig auszuf\u00fcllen. Reisepass muss f\u00fcr einige L\u00e4nder mindestens 6 Monate g\u00fcltig sein.","breadcrumb":{"@id":"https:\/\/4x4-experience.de\/4x4\/anmeldeformular-2025\/#breadcrumb"},"inLanguage":"de","potentialAction":[{"@type":"ReadAction","target":["https:\/\/4x4-experience.de\/4x4\/anmeldeformular-2025\/"]}]},{"@type":"BreadcrumbList","@id":"https:\/\/4x4-experience.de\/4x4\/anmeldeformular-2025\/#breadcrumb","itemListElement":[{"@type":"ListItem","position":1,"name":"Startseite","item":"https:\/\/4x4-experience.de\/4x4\/"},{"@type":"ListItem","position":2,"name":"Anmeldeformular-2025"}]},{"@type":"WebSite","@id":"https:\/\/4x4-experience.de\/4x4\/#website","url":"https:\/\/4x4-experience.de\/4x4\/","name":"4x4 Experience, Offroadreise, Offroad Reisen","description":"4x4 Offroad Europa und Nordafrika","potentialAction":[{"@type":"SearchAction","target":{"@type":"EntryPoint","urlTemplate":"https:\/\/4x4-experience.de\/4x4\/?s={search_term_string}"},"query-input":{"@type":"PropertyValueSpecification","valueRequired":true,"valueName":"search_term_string"}}],"inLanguage":"de"}]}},"_links":{"self":[{"href":"https:\/\/4x4-experience.de\/4x4\/wp-json\/wp\/v2\/pages\/3270","targetHints":{"allow":["GET"]}}],"collection":[{"href":"https:\/\/4x4-experience.de\/4x4\/wp-json\/wp\/v2\/pages"}],"about":[{"href":"https:\/\/4x4-experience.de\/4x4\/wp-json\/wp\/v2\/types\/page"}],"author":[{"embeddable":true,"href":"https:\/\/4x4-experience.de\/4x4\/wp-json\/wp\/v2\/users\/1"}],"replies":[{"embeddable":true,"href":"https:\/\/4x4-experience.de\/4x4\/wp-json\/wp\/v2\/comments?post=3270"}],"version-history":[{"count":16,"href":"https:\/\/4x4-experience.de\/4x4\/wp-json\/wp\/v2\/pages\/3270\/revisions"}],"predecessor-version":[{"id":3407,"href":"https:\/\/4x4-experience.de\/4x4\/wp-json\/wp\/v2\/pages\/3270\/revisions\/3407"}],"wp:attachment":[{"href":"https:\/\/4x4-experience.de\/4x4\/wp-json\/wp\/v2\/media?parent=3270"}],"curies":[{"name":"wp","href":"https:\/\/api.w.org\/{rel}","templated":true}]}}