{"id":3191,"date":"2025-09-07T20:20:24","date_gmt":"2025-09-07T18:20:24","guid":{"rendered":"https:\/\/4x4-experience.de\/4x4\/?page_id=3191"},"modified":"2026-03-20T10:54:14","modified_gmt":"2026-03-20T09:54:14","slug":"island-westfjord","status":"publish","type":"page","link":"https:\/\/4x4-experience.de\/4x4\/island-westfjord\/","title":{"rendered":"Island Westfjord"},"content":{"rendered":"<p>[et_pb_section fb_built=&#8220;1&#8243; _builder_version=&#8220;4.23.1&#8243; _module_preset=&#8220;default&#8220; custom_margin=&#8220;0px||-114px||false|false&#8220; custom_padding=&#8220;0px||0px||false|false&#8220; global_colors_info=&#8220;{}&#8220;][\/et_pb_section][et_pb_section fb_built=&#8220;1&#8243; fullwidth=&#8220;on&#8220; prev_background_color=&#8220;#000000&#8243; _builder_version=&#8220;4.23.1&#8243; _module_preset=&#8220;default&#8220; width=&#8220;100%&#8220; width_tablet=&#8220;&#8220; width_phone=&#8220;&#8220; width_last_edited=&#8220;on|phone&#8220; custom_margin=&#8220;120px||0px||false|false&#8220; custom_margin_tablet=&#8220;90px||||false|false&#8220; custom_margin_phone=&#8220;150px|||0px|false|false&#8220; custom_margin_last_edited=&#8220;on|phone&#8220; custom_padding=&#8220;0px||0px||false|false&#8220; top_divider_style=&#8220;mountains2&#8243; top_divider_height=&#8220;19px&#8220; top_divider_repeat=&#8220;1x&#8220; global_colors_info=&#8220;{}&#8220;][et_pb_fullwidth_image src=&#8220;https:\/\/4&#215;4-experience.de\/4&#215;4\/wp-content\/uploads\/2024\/12\/Auswahl-Inseln-Titelbild.jpg&#8220; alt=&#8220;4&#215;4 Experience, Island-Spezialist, Island Hoteltour, Offroad Reise, 4&#215;4 Offroad&#8220; title_text=&#8220;Auswahl-Inseln-Titelbild&#8220; src_tablet=&#8220;https:\/\/4&#215;4-experience.de\/4&#215;4\/wp-content\/uploads\/2024\/06\/Island-Camp-Titlebild.jpg&#8220; src_phone=&#8220;https:\/\/4&#215;4-experience.de\/4&#215;4\/wp-content\/uploads\/2024\/07\/Island-Camp-Auswahlbild.jpg&#8220; src_last_edited=&#8220;on|phone&#8220; _builder_version=&#8220;4.27.4&#8243; _module_preset=&#8220;default&#8220; height=&#8220;401px&#8220; custom_margin=&#8220;0px||0px||false|false&#8220; custom_margin_tablet=&#8220;0px||0px||false|false&#8220; custom_margin_phone=&#8220;0px||0px||false|false&#8220; custom_margin_last_edited=&#8220;on|tablet&#8220; custom_padding=&#8220;58px||0px||false|false&#8220; global_colors_info=&#8220;{}&#8220;][\/et_pb_fullwidth_image][\/et_pb_section][et_pb_section fb_built=&#8220;1&#8243; _builder_version=&#8220;4.23.1&#8243; _module_preset=&#8220;default&#8220; custom_padding=&#8220;14px||1px|||&#8220; global_colors_info=&#8220;{}&#8220;][et_pb_row column_structure=&#8220;2_3,1_3&#8243; _builder_version=&#8220;4.23.1&#8243; _module_preset=&#8220;default&#8220; custom_padding=&#8220;2px||10px|||&#8220; global_colors_info=&#8220;{}&#8220;][et_pb_column type=&#8220;2_3&#8243; _builder_version=&#8220;4.23.1&#8243; _module_preset=&#8220;default&#8220; global_colors_info=&#8220;{}&#8220;][et_pb_text _builder_version=&#8220;4.27.4&#8243; _module_preset=&#8220;default&#8220; global_colors_info=&#8220;{}&#8220;]<\/p>\n<h1>&#8222;Fire &amp; Ice Explore the West Fjord &#8211; Camp<\/h1>\n<h2>Island-Expedition f\u00fcr anspruchsvolle Offroad Fahrer<\/h2>\n<p><strong>Eintauchen ins Wilde \u2013 Die ungez\u00e4hmten Westfjorde<\/strong><br data-start=\"402\" data-end=\"405\" \/>\u201eCamp Island Westfjord\u201c ist mehr als eine Reise: Es ist ein Abenteuer ins Herz einer nahezu unber\u00fchrten Wildnis. Nur rund 10\u202f% der Besucher wagen sich zu den Westfjorden \u2013 diese Region f\u00fchlt sich an wie das Ende der Welt, wo Stra\u00dfen leerer, die Kaffeepausen seltener und die Berge majest\u00e4tischer werden .<\/p>\n<p data-start=\"710\" data-end=\"1115\"><strong data-start=\"710\" data-end=\"752\">Offroad pur \u2013 Mit 4\u00d74 durch die Fjorde<\/strong><br data-start=\"752\" data-end=\"755\" \/>Die Region verlangt nach Gel\u00e4ndewagen: Viele Stra\u00dfen sind unbefestigt, schmal und kurvig \u2013 selbst wendige Fahrzeuge wie Enduros fahren entlang rauer Pfade. Gef\u00e4hrlichste Herausforderungen wie der \u00d3shl\u00ed\u00f0-Pfad zwischen \u00cdsafj\u00f6r\u00f0ur und Bolungarv\u00edk zeigen die rohe Kraft dieser Landschaft <span class=\"\" data-state=\"closed\"><span class=\"ms-1 inline-flex max-w-full items-center relative top-[-0.094rem] animate-[show_150ms_ease-in]\" data-testid=\"webpage-citation-pill\"><a href=\"https:\/\/en.wikipedia.org\/wiki\/%C3%93shyrna?utm_source=chatgpt.com\" target=\"_blank\" rel=\"noopener\" alt=\"https:\/\/en.wikipedia.org\/wiki\/%C3%93shyrna?utm_source=chatgpt.com\" class=\"flex h-4.5 overflow-hidden rounded-xl px-2 text-[9px] font-medium text-token-text-secondary! bg-[#F4F4F4]! dark:bg-[#303030]! transition-colors duration-150 ease-in-out\"><span class=\"relative start-0 bottom-0 flex h-full w-full items-center\"><span class=\"flex h-4 w-full items-center justify-between overflow-hidden\"><span class=\"max-w-full grow truncate overflow-hidden text-center\">Wikipedia<\/span><\/span><\/span><\/a><\/span><\/span>.<\/p>\n<p data-start=\"1117\" data-end=\"1453\"><strong data-start=\"1117\" data-end=\"1157\">Expedition mit Zelt unterm Nordlicht<\/strong><br data-start=\"1157\" data-end=\"1160\" \/>Unser Camp \u201eIsland\u201c entsteht dort, wo glitzernde Nordlichter \u00fcber wilden Landschaften tanzen \u2013 sei es am schwarzen Strand, an versteckten Seen oder im Schatten majest\u00e4tischer Bergketten. \u00dcbernachtet wird mobil \u2013 im Zelt, im Gel\u00e4ndewagen oder im Camp \u2013 je nach Streckenwahl und Geschmack.<\/p>\n<p data-start=\"1455\" data-end=\"1488\"><strong data-start=\"1455\" data-end=\"1486\">Highlights auf deiner Route<\/strong><\/p>\n<p><strong>Drangsnes K\u00fcsteregion <\/strong><\/p>\n<ul>\n<li><strong>Papageitaucher<\/strong>: Beobachte die majest\u00e4tischen Papageitaucher, die auf den Klippen nisten und ihre Schn\u00e4bel in die Luft strecken.<span>\u00a0<\/span><\/li>\n<li><strong>Hei\u00dfe T\u00f6pfe<\/strong>: Genie\u00dfe entspannende Badestunden in den ber\u00fchmten hei\u00dfen T\u00f6pfen direkt am Meer, die das ganze Jahr \u00fcber zug\u00e4nglich sind.<span>\u00a0<\/span><\/li>\n<\/ul>\n<p><strong>Reykjajardarlaug K\u00fcstenregion <\/strong><\/p>\n<ul>\n<li><strong>Hei\u00dfe Quellen:<\/strong> Wir folgen einer eindrucksvollen Schlucht. Nach S\u00fcden hat man Sicht auf die Tiefebene bis zum Meer. Langsam \u00f6ffnet sich der Blick ins Reykjadalur mit zahlreichen hei\u00dfen Quellen. Im Bereich der hei\u00dfen Quellen ist Vorsicht geboten, es gibt keinerlei Absperrungen und der Boden ist stellenweise nur d\u00fcnn.<\/li>\n<\/ul>\n<p><strong>Kerlingarfj\u00f6ll Hochland<\/strong><\/p>\n<ul>\n<li><strong>Majest\u00e4tische Landschaft:<\/strong> Eines der sch\u00f6nsten Thermalgebiete Islands liegt s\u00fcdwestlich des Gletschers Hofsj\u00f6kull. Die Piste f\u00fchrt weit ins Gebirge hinauf in das Hveradalur. Zahlreiche Solfataren und Fumarolen liegen entlang eines kleinen Baches, der sich tief in den gelblichen und stark verwitterten Rhyolith hineingefressen hat. Das Thermalgebiet setzt sich bis unter den Gletscher Hofsj\u00f6kull fort und die Berge rings um das Tal sind von ganzj\u00e4hrigen Schnee- und Firneisfeldern bedeckt.<br \/>Bei Sonnenschein ist das Kerlingarfj\u00f6ll eine der sch\u00f6nsten Landschaften Islands.<\/li>\n<\/ul>\n<h2>Am n\u00f6rdlichen Polarkreis<\/h2>\n<p>Island &#8211; Geysire &#8211; Vulkane &#8211; Offroad-Touren &#8211; Schlagworte, die uns tr\u00e4umen lassen vom gro\u00dfen 4\u00d74 Abenteuern im eigenen Gel\u00e4ndewagen.<span>Komm mit auf eine au\u00dfergew\u00f6hnliche Reise in eine Welt voller nat\u00fcrlicher Superlative. Lass Dich \u00fcberraschen vom Lauf der Dinge, die auch \u00fcber unsere genaue Route bestimmen werden. Denn in welcher Reihenfolge wir die grandiosen Naturspektakel zu Gesicht bekommen und welche Tracks wann befahrbar sind, das bestimmt in Island allein die Natur. Genau das aber macht unsere Offroad-Trekkingtour \u201eFire &amp; Ice\u201c im Gel\u00e4ndewagen zu einem Erlebnis der besonderen Art \u2013 abseits aller eingefahrenen Wege, in einer anderen Welt, mitten in der Natur und fernab von allem, was uns bei diesem Abenteuer bremsen k\u00f6nnte.<\/span><\/p>\n<p style=\"margin: 0cm; background: white; vertical-align: baseline;\"><strong>Es handelt sich um eine anspruchsvolle Scout-Tour-Offroad-Reise mit Expeditionscharakter.<\/strong><\/p>\n<p>[\/et_pb_text][et_pb_text _builder_version=&#8220;4.23.1&#8243; _module_preset=&#8220;default&#8220; global_colors_info=&#8220;{}&#8220;]<\/p>\n<h2>Schwierigkeitsgrad: <span style=\"font-weight: bold; color: #ff9900; font-size: 15pt;\">\u2736\u2736\u2736<\/span> bis <span style=\"font-weight: bold; color: #ff9900; font-size: 15pt;\">\u2736\u2736\u2736\u2736<\/span><span style=\"font-size: 14pt;\">\u2736<\/span><\/h2>\n<p>Erl\u00e4uterung Schwierigkeitsgrade &gt;&gt;&gt;&gt; <a style=\"color: #000; text-decoration: underline; font-weight: bold;\" href=\"https:\/\/vdord.de\/klassifizierung-von-schwierigkeits-graden-bei-offroad-reisen\/\">HIER<\/a>[\/et_pb_text][\/et_pb_column][et_pb_column type=&#8220;1_3&#8243; _builder_version=&#8220;4.23.1&#8243; _module_preset=&#8220;default&#8220; global_colors_info=&#8220;{}&#8220;][et_pb_gallery gallery_ids=&#8220;468,864,860,866,867,30,477,863,865,859&#8243; posts_number=&#8220;5&#8243; show_title_and_caption=&#8220;off&#8220; show_pagination=&#8220;off&#8220; _builder_version=&#8220;4.27.4&#8243; _module_preset=&#8220;default&#8220; custom_padding=&#8220;2px|||||&#8220; global_colors_info=&#8220;{}&#8220;][\/et_pb_gallery][\/et_pb_column][\/et_pb_row][et_pb_row column_structure=&#8220;2_3,1_3&#8243; _builder_version=&#8220;4.23.1&#8243; _module_preset=&#8220;default&#8220; custom_margin=&#8220;-1px|auto||auto||&#8220; custom_padding=&#8220;10px|||||&#8220; global_colors_info=&#8220;{}&#8220;][et_pb_column type=&#8220;2_3&#8243; _builder_version=&#8220;4.23.1&#8243; _module_preset=&#8220;default&#8220; global_colors_info=&#8220;{}&#8220;][et_pb_text _builder_version=&#8220;4.27.4&#8243; _module_preset=&#8220;default&#8220; custom_margin=&#8220;7px|||||&#8220; global_colors_info=&#8220;{}&#8220;]<\/p>\n<h1>Preise<\/h1>\n<h4>Reisepreis und Kosten<\/h4>\n<p><strong>\u20ac 3.970<\/strong> pro Gel\u00e4ndewagen inkl. s\u00e4mtliche Campgeb\u00fchren f\u00fcr 1 Person, zuz\u00fcglich KFZ\/F\u00e4hre*<br \/><strong>\u20ac 4.280<\/strong> pro Gel\u00e4ndewagen inkl. s\u00e4mtliche Campgeb\u00fchren f\u00fcr 2 Personen, zuz\u00fcglich KFZ\/F\u00e4hre*,<br \/>Kinder unter 12 Jahre kosten keinen Aufpreis.<\/p>\n<p><strong>Nebenkosten<\/strong>: F\u00e4hre*, Roadbook Waypoints bei individueller Verl\u00e4ngerung + \u20ac 250, ggfls. Restaurantsbesuche, Whale watching<\/p>\n<p><b>Startpunkt:<\/b><span>\u00a0<\/span>F\u00e4hre* ab Hirtshals (DK)<\/p>\n<p>* Die F\u00e4hrgeb\u00fchren richten sich nach der Gr\u00f6\u00dfe des 4\u00d74 Gel\u00e4ndewagens, der Personen-Zahl und der gew\u00fcnschten Kabinen-Kategorie. Wir ermitteln gerne f\u00fcr Sie den jeweils individuell besten F\u00e4hrpreis und buchen die F\u00e4hr\u00fcberfahrt. Nehmen Sie einfach Kontakt zu uns auf, wir beraten Sie gern.<\/p>\n<hr \/>\n<p><b>Hinweis:<\/b><br \/>Sichern Sie sich wegen der begrenzten F\u00e4hrangebote rechtzeitig Ihren Startplatz! Der Aufenthalt nach jetzigem Stand des Fahrplan der F\u00e4hrgesellschaft betr\u00e4gt 14 Tage auf Island.<\/p>\n<p><b>Versorgungsm\u00f6glichkeiten (4\u00d74 Camp-Tour):<\/b><br \/>Die Teilnehmer versorgen sich selbst. Wir kommen alle 2-3 Tage durch Ortschaften, wo wir uns mit Treibstoff und frischem Proviant versorgen k\u00f6nnen.<\/p>\n<p>Die Reichweite der Fahrzeuge (ohne Tankstopp) sollte mindestens 600 <span>Kilometer betragen inklusive Reservekanister.<\/span><\/p>\n<p><b>Reise-Charakter:<\/b><br \/>Es handelt sich um eine 4\u00d74 Adventure Expeditions-Reise. Wir fahren bei dieser 4\u00d74 Abenteuer Reise Island \u201eFire &amp; Ice\u201c \u00fcber einen anspruchsvollen Streckenverlauf, ein exklusives 4\u00d74- und Natur-Abenteuer erwartet uns!<\/p>\n<p><b>Leistungen:<\/b><\/p>\n<ul>\n<li>Teilnahme an der \u201cFire&amp;Ice Explore the West Fjord\u201d \u2013 4\u00d74 Reise Island<\/li>\n<li>Deutsche Reiseleitung mit erfahrenen 4\u00d74-Scouts (die Reise wird durchgef\u00fchrt von Michael Ortner)<\/li>\n<li>Stellung Checkliste zur Vorbereitung des Fahrers und des Fahrzeuges<\/li>\n<li>Stellung eines sturmfesten Aufenthaltszeltes fu\u0308r bis zu 25 Personen<\/li>\n<li>fahrtechnische Basis-Einweisung \u201eOffroad-Fahren und Furten auf Island\u201c<\/li>\n<li>CB-Funkgera\u0308t leihweise fu\u0308r jedes einzelne Fahrzeug<\/li>\n<li>Unsere Strecke f\u00fchrt \u00fcber fahrtechnisch anspruchsvolle und landschaftlich traumhafte 4\u00d74 Stra\u03b2en durch Island<\/li>\n<li>Die Mindestteilnehmerzahl f\u00fcr die Durchf\u00fchrungsgarantie betr\u00e4gt 5 Kfz. Kleinere Reisegruppen nach Absprache.<\/li>\n<li>Reiseru\u0308cktrittsversicherung ist im Reisepreis nicht enthalten<\/li>\n<li>Reiseaufkleber<\/li>\n<li>Camp-\u00dcbernachtungen auf besonders sch\u00f6nen Campstellen im Hochland Islands<br \/>auf abgelegenen Geh\u00f6ften und auf regul\u00e4ren Campingpl\u00e4tzen<\/li>\n<li>kostenloser Fahrzeugcheck vor Beginn der Reise bei<span>\u00a0<\/span><a href=\"https:\/\/www.fw-experience.de\">FW- Experience<\/a>, Overath bei Ko\u0308ln<br \/>\u2013 Organisationsfahrzeug mit besonderer Ausru\u0308stung fu\u0308r 4\u00d74-Gruppen-Reisen nach Ma\u00dfgabe des Verbandes der<span>\u00a0<\/span><a href=\"https:\/\/vdord.de\/veranstalter-mindestausstattung-offroad-gruppen-reisen\/\">Offroad-Reiseveranstalter Deutschlands<\/a><span>\u00a0<\/span>(VdORD)<\/li>\n<\/ul>\n<p>[\/et_pb_text][et_pb_text _builder_version=&#8220;4.23.1&#8243; _module_preset=&#8220;default&#8220; global_colors_info=&#8220;{}&#8220;]<\/p>\n<h4>Kleidungs- und Ausr\u00fcstungsempfehlungen<br \/>zum Downloaden, Ausf\u00fcllen und Speichern:<\/h4>\n<p><a href=\"\/4x4\/checklisten\/Checkliste-Insassen.pdf\" target=\"_blank\" rel=\"noopener\">Checkliste Insassen<\/a><br \/><a href=\"\/4x4\/checklisten\/Checkliste-Fahrzeug.pdf\" target=\"_blank\" rel=\"noopener\">Checkliste Fahrzeug<\/a><\/p>\n<h4>Zus\u00e4tzlich f\u00fcr Sahara-Reisende:<\/h4>\n<p><a href=\"\/4x4\/checklisten\/Checkliste-Offroad-Maghreb.pdf\" target=\"_blank\" rel=\"noopener\">Checkliste Offroad Maghreb<\/a><\/p>\n<p>[\/et_pb_text][\/et_pb_column][et_pb_column type=&#8220;1_3&#8243; _builder_version=&#8220;4.23.1&#8243; _module_preset=&#8220;default&#8220; global_colors_info=&#8220;{}&#8220;][et_pb_text _builder_version=&#8220;4.27.6&#8243; _module_preset=&#8220;default&#8220; custom_margin=&#8220;0px||0px||false|false&#8220; custom_padding=&#8220;0px||0px|0px|false|false&#8220; global_colors_info=&#8220;{}&#8220;]<\/p>\n<h2><span style=\"text-decoration: underline;\">Termin 2026<\/span><\/h2>\n<h4>21.07.2026 &#8211; 06.08.2026<\/h4>\n<p>&nbsp;<\/p>\n<h2><span style=\"text-decoration: underline;\">Termin 2027<\/span><\/h2>\n<h4>05.07.2027 &#8211; 24.07.2027<\/h4>\n<p>[\/et_pb_text][\/et_pb_column][\/et_pb_row][\/et_pb_section][et_pb_section fb_built=&#8220;1&#8243; _builder_version=&#8220;4.23.1&#8243; _module_preset=&#8220;default&#8220; custom_margin=&#8220;||-6px|||&#8220; custom_padding=&#8220;||0px|||&#8220; global_colors_info=&#8220;{}&#8220;][et_pb_row column_structure=&#8220;1_3,1_3,1_3&#8243; disabled_on=&#8220;on|off|off&#8220; _builder_version=&#8220;4.23.1&#8243; _module_preset=&#8220;default&#8220; width=&#8220;100%&#8220; max_width=&#8220;1286px&#8220; custom_padding=&#8220;2px|||||&#8220; global_colors_info=&#8220;{}&#8220;][et_pb_column type=&#8220;1_3&#8243; _builder_version=&#8220;4.23.1&#8243; _module_preset=&#8220;default&#8220; global_colors_info=&#8220;{}&#8220;][et_pb_text _builder_version=&#8220;4.23.1&#8243; _module_preset=&#8220;default&#8220; custom_margin=&#8220;|||9px||&#8220; custom_padding=&#8220;|||23px||&#8220; global_colors_info=&#8220;{}&#8220;]<\/p>\n<h2 style=\"text-align: center;\">Telefon\/WhatsApp:<\/h2>\n<h2 style=\"text-decoration: underline; text-align: center;\"><a href=\"tel:+491711443884\">+49-171 144 3884<\/a><\/h2>\n<p>[\/et_pb_text][\/et_pb_column][et_pb_column type=&#8220;1_3&#8243; _builder_version=&#8220;4.23.1&#8243; _module_preset=&#8220;default&#8220; global_colors_info=&#8220;{}&#8220;][et_pb_text _builder_version=&#8220;4.23.1&#8243; _module_preset=&#8220;default&#8220; custom_padding=&#8220;|30px||||&#8220; global_colors_info=&#8220;{}&#8220;]<\/p>\n<h2 style=\"text-align: center;\">Reise\u00fcbersicht:<\/h2>\n<h2 style=\"text-decoration: underline; text-align: center;\"><a href=\"\/4x4\/termine\">4&#215;4 Offroad Termine<\/a><\/h2>\n<p>[\/et_pb_text][\/et_pb_column][et_pb_column type=&#8220;1_3&#8243; _builder_version=&#8220;4.23.1&#8243; _module_preset=&#8220;default&#8220; global_colors_info=&#8220;{}&#8220;][et_pb_text _builder_version=&#8220;4.23.1&#8243; _module_preset=&#8220;default&#8220; custom_margin=&#8220;|||-41px||&#8220; custom_padding=&#8220;|115px||||&#8220; global_colors_info=&#8220;{}&#8220;]<\/p>\n<h2 style=\"text-align: center;\">Beratung\/Anmeldung:<\/h2>\n<h2 style=\"text-decoration: underline; text-align: center;\"><a href=\"\/4x4\/anmeldeformular-2025\">ANMELDEFORMULAR<\/a><\/h2>\n<p>[\/et_pb_text][\/et_pb_column][\/et_pb_row][\/et_pb_section]<\/p>\n","protected":false},"excerpt":{"rendered":"<p>&#8222;Fire &amp; Ice Explore the West Fjord &#8211; Camp Island-Expedition f\u00fcr anspruchsvolle Offroad Fahrer Eintauchen ins Wilde \u2013 Die ungez\u00e4hmten Westfjorde\u201eCamp Island Westfjord\u201c ist mehr als eine Reise: Es ist ein Abenteuer ins Herz einer nahezu unber\u00fchrten Wildnis. Nur rund 10\u202f% der Besucher wagen sich zu den Westfjorden \u2013 diese Region f\u00fchlt sich an wie [&hellip;]<\/p>\n","protected":false},"author":1,"featured_media":0,"parent":0,"menu_order":0,"comment_status":"closed","ping_status":"closed","template":"","meta":{"_et_pb_use_builder":"on","_et_pb_old_content":"","_et_gb_content_width":"","footnotes":""},"class_list":["post-3191","page","type-page","status-publish","hentry"],"yoast_head":"<!-- This site is optimized with the Yoast SEO Premium plugin v27.0 (Yoast SEO v27.3) - https:\/\/yoast.com\/product\/yoast-seo-premium-wordpress\/ -->\n<title>Island-Expedition: Abenteuer in den Westfjorden<\/title>\n<meta name=\"description\" content=\"Erleben Sie die faszinierende Island-Expedition mit Offroad-Abenteuern und beeindruckenden Landschaften unter dem Nordlicht.\" \/>\n<meta name=\"robots\" content=\"index, follow, max-snippet:-1, max-image-preview:large, max-video-preview:-1\" \/>\n<link rel=\"canonical\" href=\"https:\/\/4x4-experience.de\/4x4\/island-westfjord\/\" \/>\n<meta property=\"og:locale\" content=\"de_DE\" \/>\n<meta property=\"og:type\" content=\"article\" \/>\n<meta property=\"og:title\" content=\"Island Westfjord\" \/>\n<meta property=\"og:description\" content=\"Erleben Sie die faszinierende Island-Expedition mit Offroad-Abenteuern und beeindruckenden Landschaften unter dem Nordlicht.\" \/>\n<meta property=\"og:url\" content=\"https:\/\/4x4-experience.de\/4x4\/island-westfjord\/\" \/>\n<meta property=\"og:site_name\" content=\"4x4 Experience, Offroadreise, Offroad Reisen\" \/>\n<meta property=\"article:publisher\" content=\"https:\/\/www.facebook.com\/www.4x4Experience\/\" \/>\n<meta property=\"article:modified_time\" content=\"2026-03-20T09:54:14+00:00\" \/>\n<meta name=\"twitter:card\" content=\"summary_large_image\" \/>\n<meta name=\"twitter:label1\" content=\"Gesch\u00e4tzte Lesezeit\" \/>\n\t<meta name=\"twitter:data1\" content=\"7\u00a0Minuten\" \/>\n<script type=\"application\/ld+json\" class=\"yoast-schema-graph\">{\"@context\":\"https:\\\/\\\/schema.org\",\"@graph\":[{\"@type\":\"WebPage\",\"@id\":\"https:\\\/\\\/4x4-experience.de\\\/4x4\\\/island-westfjord\\\/\",\"url\":\"https:\\\/\\\/4x4-experience.de\\\/4x4\\\/island-westfjord\\\/\",\"name\":\"Island-Expedition: Abenteuer in den Westfjorden\",\"isPartOf\":{\"@id\":\"https:\\\/\\\/4x4-experience.de\\\/4x4\\\/#website\"},\"datePublished\":\"2025-09-07T18:20:24+00:00\",\"dateModified\":\"2026-03-20T09:54:14+00:00\",\"description\":\"Erleben Sie die faszinierende Island-Expedition mit Offroad-Abenteuern und beeindruckenden Landschaften unter dem Nordlicht.\",\"breadcrumb\":{\"@id\":\"https:\\\/\\\/4x4-experience.de\\\/4x4\\\/island-westfjord\\\/#breadcrumb\"},\"inLanguage\":\"de\",\"potentialAction\":[{\"@type\":\"ReadAction\",\"target\":[\"https:\\\/\\\/4x4-experience.de\\\/4x4\\\/island-westfjord\\\/\"]}]},{\"@type\":\"BreadcrumbList\",\"@id\":\"https:\\\/\\\/4x4-experience.de\\\/4x4\\\/island-westfjord\\\/#breadcrumb\",\"itemListElement\":[{\"@type\":\"ListItem\",\"position\":1,\"name\":\"Startseite\",\"item\":\"https:\\\/\\\/4x4-experience.de\\\/4x4\\\/\"},{\"@type\":\"ListItem\",\"position\":2,\"name\":\"Island Westfjord\"}]},{\"@type\":\"WebSite\",\"@id\":\"https:\\\/\\\/4x4-experience.de\\\/4x4\\\/#website\",\"url\":\"https:\\\/\\\/4x4-experience.de\\\/4x4\\\/\",\"name\":\"4x4 Experience, Offroadreise, Offroad Reisen\",\"description\":\"4x4 Offroad Europa und Nordafrika\",\"potentialAction\":[{\"@type\":\"SearchAction\",\"target\":{\"@type\":\"EntryPoint\",\"urlTemplate\":\"https:\\\/\\\/4x4-experience.de\\\/4x4\\\/?s={search_term_string}\"},\"query-input\":{\"@type\":\"PropertyValueSpecification\",\"valueRequired\":true,\"valueName\":\"search_term_string\"}}],\"inLanguage\":\"de\"}]}<\/script>\n<!-- \/ Yoast SEO Premium plugin. -->","yoast_head_json":{"title":"Island-Expedition: Abenteuer in den Westfjorden","description":"Erleben Sie die faszinierende Island-Expedition mit Offroad-Abenteuern und beeindruckenden Landschaften unter dem Nordlicht.","robots":{"index":"index","follow":"follow","max-snippet":"max-snippet:-1","max-image-preview":"max-image-preview:large","max-video-preview":"max-video-preview:-1"},"canonical":"https:\/\/4x4-experience.de\/4x4\/island-westfjord\/","og_locale":"de_DE","og_type":"article","og_title":"Island Westfjord","og_description":"Erleben Sie die faszinierende Island-Expedition mit Offroad-Abenteuern und beeindruckenden Landschaften unter dem Nordlicht.","og_url":"https:\/\/4x4-experience.de\/4x4\/island-westfjord\/","og_site_name":"4x4 Experience, Offroadreise, Offroad Reisen","article_publisher":"https:\/\/www.facebook.com\/www.4x4Experience\/","article_modified_time":"2026-03-20T09:54:14+00:00","twitter_card":"summary_large_image","twitter_misc":{"Gesch\u00e4tzte Lesezeit":"7\u00a0Minuten"},"schema":{"@context":"https:\/\/schema.org","@graph":[{"@type":"WebPage","@id":"https:\/\/4x4-experience.de\/4x4\/island-westfjord\/","url":"https:\/\/4x4-experience.de\/4x4\/island-westfjord\/","name":"Island-Expedition: Abenteuer in den Westfjorden","isPartOf":{"@id":"https:\/\/4x4-experience.de\/4x4\/#website"},"datePublished":"2025-09-07T18:20:24+00:00","dateModified":"2026-03-20T09:54:14+00:00","description":"Erleben Sie die faszinierende Island-Expedition mit Offroad-Abenteuern und beeindruckenden Landschaften unter dem Nordlicht.","breadcrumb":{"@id":"https:\/\/4x4-experience.de\/4x4\/island-westfjord\/#breadcrumb"},"inLanguage":"de","potentialAction":[{"@type":"ReadAction","target":["https:\/\/4x4-experience.de\/4x4\/island-westfjord\/"]}]},{"@type":"BreadcrumbList","@id":"https:\/\/4x4-experience.de\/4x4\/island-westfjord\/#breadcrumb","itemListElement":[{"@type":"ListItem","position":1,"name":"Startseite","item":"https:\/\/4x4-experience.de\/4x4\/"},{"@type":"ListItem","position":2,"name":"Island Westfjord"}]},{"@type":"WebSite","@id":"https:\/\/4x4-experience.de\/4x4\/#website","url":"https:\/\/4x4-experience.de\/4x4\/","name":"4x4 Experience, Offroadreise, Offroad Reisen","description":"4x4 Offroad Europa und Nordafrika","potentialAction":[{"@type":"SearchAction","target":{"@type":"EntryPoint","urlTemplate":"https:\/\/4x4-experience.de\/4x4\/?s={search_term_string}"},"query-input":{"@type":"PropertyValueSpecification","valueRequired":true,"valueName":"search_term_string"}}],"inLanguage":"de"}]}},"_links":{"self":[{"href":"https:\/\/4x4-experience.de\/4x4\/wp-json\/wp\/v2\/pages\/3191","targetHints":{"allow":["GET"]}}],"collection":[{"href":"https:\/\/4x4-experience.de\/4x4\/wp-json\/wp\/v2\/pages"}],"about":[{"href":"https:\/\/4x4-experience.de\/4x4\/wp-json\/wp\/v2\/types\/page"}],"author":[{"embeddable":true,"href":"https:\/\/4x4-experience.de\/4x4\/wp-json\/wp\/v2\/users\/1"}],"replies":[{"embeddable":true,"href":"https:\/\/4x4-experience.de\/4x4\/wp-json\/wp\/v2\/comments?post=3191"}],"version-history":[{"count":10,"href":"https:\/\/4x4-experience.de\/4x4\/wp-json\/wp\/v2\/pages\/3191\/revisions"}],"predecessor-version":[{"id":3563,"href":"https:\/\/4x4-experience.de\/4x4\/wp-json\/wp\/v2\/pages\/3191\/revisions\/3563"}],"wp:attachment":[{"href":"https:\/\/4x4-experience.de\/4x4\/wp-json\/wp\/v2\/media?parent=3191"}],"curies":[{"name":"wp","href":"https:\/\/api.w.org\/{rel}","templated":true}]}}