{"id":3057,"date":"2025-07-24T11:48:02","date_gmt":"2025-07-24T09:48:02","guid":{"rendered":"https:\/\/4x4-experience.de\/4x4\/?page_id=3057"},"modified":"2025-09-23T15:08:59","modified_gmt":"2025-09-23T13:08:59","slug":"presse","status":"publish","type":"page","link":"https:\/\/4x4-experience.de\/4x4\/presse\/","title":{"rendered":"Presse"},"content":{"rendered":"<p>[et_pb_section fb_built=&#8220;1&#8243; _builder_version=&#8220;4.27.4&#8243; _module_preset=&#8220;default&#8220; custom_margin=&#8220;||14px|||&#8220; custom_padding=&#8220;||0px|||&#8220; global_colors_info=&#8220;{}&#8220;][\/et_pb_section][et_pb_section fb_built=&#8220;1&#8243; fullwidth=&#8220;on&#8220; _builder_version=&#8220;4.27.4&#8243; _module_preset=&#8220;default&#8220; global_colors_info=&#8220;{}&#8220;][et_pb_fullwidth_image src=&#8220;https:\/\/4&#215;4-experience.de\/4&#215;4\/wp-content\/uploads\/2025\/07\/Auswahl-Presse-1.jpg&#8220; alt=&#8220;Bespoke, Offroad Reisen, 4&#215;4 Gel\u00e4ndewagen, 4&#215;4 Experience&#8220; title_text=&#8220;Auswahl-Presse&#8220; _builder_version=&#8220;4.27.4&#8243; _module_preset=&#8220;default&#8220; custom_margin=&#8220;40px||||false|false&#8220; custom_padding=&#8220;||0px|||&#8220; hover_enabled=&#8220;0&#8243; border_radii=&#8220;on|1px|1px|1px|1px&#8220; border_width_all=&#8220;1px&#8220; global_colors_info=&#8220;{}&#8220; sticky_enabled=&#8220;0&#8243;][\/et_pb_fullwidth_image][\/et_pb_section][et_pb_section fb_built=&#8220;1&#8243; _builder_version=&#8220;4.27.4&#8243; _module_preset=&#8220;default&#8220; custom_padding=&#8220;39px|||||&#8220; global_colors_info=&#8220;{}&#8220;][et_pb_row _builder_version=&#8220;4.27.4&#8243; _module_preset=&#8220;default&#8220; background_color=&#8220;#eeeeee&#8220; custom_padding=&#8220;15px||15px|15px|true|false&#8220; global_colors_info=&#8220;{}&#8220;][et_pb_column type=&#8220;4_4&#8243; _builder_version=&#8220;4.27.4&#8243; _module_preset=&#8220;default&#8220; global_colors_info=&#8220;{}&#8220;][et_pb_text _builder_version=&#8220;4.27.4&#8243; _module_preset=&#8220;default&#8220; text_font_size=&#8220;18px&#8220; global_colors_info=&#8220;{}&#8220;]<a href=\"\/presse\/074-075 Reiseveranstalter.pdf\" download><img loading=\"lazy\" decoding=\"async\" src=\"https:\/\/4x4-experience.de\/4x4\/wp-content\/uploads\/2025\/09\/ic_pdflink.gif\" width=\"29\" height=\"26\" alt=\"\" class=\"wp-image-3291 alignnone size-full\" \/><\/a>\u00a0 <a href=\"\/presse\/074-075 Reiseveranstalter.pdf\">Interview mit Michael Ortner<\/a><\/p>\n<p><img loading=\"lazy\" decoding=\"async\" src=\"https:\/\/4x4-experience.de\/4x4\/wp-content\/uploads\/2025\/09\/ic_pdflink.gif\" width=\"29\" height=\"26\" alt=\"\" class=\"wp-image-3291 alignnone size-full\" \/>\u00a0 <a href=\"\/presse\/Offroad_2-4x4%20Experience.pdf\" download=\"\">Vorsicht statt Nachsicht &#8211; Fahrzeug kennenlernen<\/a><\/p>\n<p><img loading=\"lazy\" decoding=\"async\" src=\"https:\/\/4x4-experience.de\/4x4\/wp-content\/uploads\/2025\/09\/ic_pdflink.gif\" width=\"29\" height=\"26\" alt=\"\" class=\"wp-image-3291 alignnone size-full\" \/>\u00a0 <a href=\"\/presse\/Offroad_Berg-4x4%20Experience.pdf\" download=\"\">Offroad &#8211; &#8222;Der Berg ruft&#8220;<\/a><\/p>\n<p><img loading=\"lazy\" decoding=\"async\" src=\"https:\/\/4x4-experience.de\/4x4\/wp-content\/uploads\/2025\/09\/ic_pdflink.gif\" width=\"29\" height=\"26\" alt=\"\" class=\"wp-image-3291 alignnone size-full\" \/>\u00a0 <a href=\"\/presse\/Offroad_Reifen-4x4%20Experience.pdf\" download=\"\">Im Gel\u00e4nde &#8211; &#8222;Grip ist hip&#8220;<\/a><\/p>\n<p><img loading=\"lazy\" decoding=\"async\" src=\"https:\/\/4x4-experience.de\/4x4\/wp-content\/uploads\/2025\/09\/ic_pdflink.gif\" width=\"29\" height=\"26\" alt=\"\" class=\"wp-image-3291 alignnone size-full\" \/>\u00a0 <a href=\"\/presse\/Offroad-Festgefahren-4x4%20Experience.pdf\" download=\"\">Im Gel\u00e4nde -&#8222;Festgefahren &#8211; Was nun?<\/a><\/p>\n<p>&nbsp;[\/et_pb_text][et_pb_image src=&#8220;https:\/\/4&#215;4-experience.de\/4&#215;4\/wp-content\/uploads\/2025\/09\/fahrtraining_jagd_und_forst_rechte_Seite.jpg&#8220; title_text=&#8220;Fahrtraining Wald &#038; Forst&#8220; _builder_version=&#8220;4.27.4&#8243; _module_preset=&#8220;default&#8220; hover_enabled=&#8220;0&#8243; global_colors_info=&#8220;{}&#8220; alt=&#8220;Bespoke, Offroad Reisen, 4&#215;4 Gel\u00e4ndewagen, 4&#215;4 Experience&#8220; sticky_enabled=&#8220;0&#8243;][\/et_pb_image][\/et_pb_column][\/et_pb_row][et_pb_row column_structure=&#8220;1_2,1_2&#8243; _builder_version=&#8220;4.27.4&#8243; _module_preset=&#8220;default&#8220; background_color=&#8220;#eeeeee&#8220; custom_margin=&#8220;29px||||false|false&#8220; custom_padding=&#8220;15px||15px|15px|true|false&#8220; global_colors_info=&#8220;{}&#8220;][et_pb_column type=&#8220;1_2&#8243; _builder_version=&#8220;4.27.4&#8243; _module_preset=&#8220;default&#8220; global_colors_info=&#8220;{}&#8220;][et_pb_image src=&#8220;https:\/\/4&#215;4-experience.de\/4&#215;4\/wp-content\/uploads\/2025\/07\/4&#215;4-action-Leserauto-Gassner-1.png&#8220; title_text=&#8220;4&#215;4-action-Leserauto-Gassner&#8220; _builder_version=&#8220;4.27.4&#8243; _module_preset=&#8220;default&#8220; hover_enabled=&#8220;0&#8243; global_colors_info=&#8220;{}&#8220; alt=&#8220;Bespoke, Offroad Reisen, 4&#215;4 Action, 4&#215;4 Gel\u00e4ndewagen, 4&#215;4 Experience&#8220; sticky_enabled=&#8220;0&#8243;][\/et_pb_image][\/et_pb_column][et_pb_column type=&#8220;1_2&#8243; _builder_version=&#8220;4.27.4&#8243; _module_preset=&#8220;default&#8220; global_colors_info=&#8220;{}&#8220;][et_pb_text _builder_version=&#8220;4.27.4&#8243; _module_preset=&#8220;default&#8220; global_colors_info=&#8220;{}&#8220;]<\/p>\n<h1><img loading=\"lazy\" decoding=\"async\" src=\"https:\/\/4x4-experience.de\/4x4\/wp-content\/uploads\/2025\/07\/Logo-4x4action_2018_Signatur-300x79.jpg\" width=\"300\" height=\"79\" alt=\"\" class=\"wp-image-3063 alignnone size-medium\" \/> <span style=\"color: #ff0000;\">GEWINNSPIEL 2025<\/span><\/h1>\n<p>Manchmal erlebt man \u00dcberraschungen. Uns erwischte es zum Beispiel bei dem Gewinnspielaufruf in 4x4action 4-25. Die Resonanz darauf war bombastisch. Aber schlie\u00dflich ging es auch um etwas: Die<br \/>Teilnahme an TRACK&amp;DRECK unter dem Banner von 4x4action.<br \/>Als schlie\u00dflich der Gewinner feststand, erlebten wir unsere n\u00e4chste \u00dcberraschung.<br \/>Denn f\u00fcr das Treffen mit dem Sieger lotste uns das Navi in eine Gegend<br \/>von M\u00fcnchen, die wir bis dahin nicht kannten&#8230;<\/p>\n<p>Hier findest Du den kompletten Artikel\u00a0 &gt;&gt;<\/p>\n<p><a href=\"https:\/\/4x4-experience.de\/4x4\/wp-content\/uploads\/2025\/07\/Gewinnspiel-4x4-action-Land-Cruiser-Leserauto.pdf\" rel=\"attachment noopener wp-att-3065\" target=\"_blank\">Gewinnspiel 4&#215;4 action Land Cruiser Leserauto<\/a><\/p>\n<p>[\/et_pb_text][\/et_pb_column][\/et_pb_row][\/et_pb_section]<\/p>\n","protected":false},"excerpt":{"rendered":"<p>\u00a0 Interview mit Michael Ortner \u00a0 Vorsicht statt Nachsicht &#8211; Fahrzeug kennenlernen \u00a0 Offroad &#8211; &#8222;Der Berg ruft&#8220; \u00a0 Im Gel\u00e4nde &#8211; &#8222;Grip ist hip&#8220; \u00a0 Im Gel\u00e4nde -&#8222;Festgefahren &#8211; Was nun? &nbsp; GEWINNSPIEL 2025 Manchmal erlebt man \u00dcberraschungen. Uns erwischte es zum Beispiel bei dem Gewinnspielaufruf in 4x4action 4-25. Die Resonanz darauf war bombastisch. [&hellip;]<\/p>\n","protected":false},"author":1,"featured_media":0,"parent":0,"menu_order":0,"comment_status":"closed","ping_status":"closed","template":"","meta":{"_et_pb_use_builder":"on","_et_pb_old_content":"","_et_gb_content_width":"","footnotes":""},"class_list":["post-3057","page","type-page","status-publish","hentry"],"yoast_head":"<!-- This site is optimized with the Yoast SEO Premium plugin v27.0 (Yoast SEO v27.3) - https:\/\/yoast.com\/product\/yoast-seo-premium-wordpress\/ -->\n<title>Presse Offroad: Unser Abenteuer mit 4x4action<\/title>\n<meta name=\"description\" content=\"4x4 Experience gewinnt 4x4action Leserauto 2025. Toyota Land Cruiser umgewandelt in Offroad-Camper landet Startplatz bei TRACK&amp;DRECK.\" \/>\n<meta name=\"robots\" content=\"index, follow, max-snippet:-1, max-image-preview:large, max-video-preview:-1\" \/>\n<link rel=\"canonical\" href=\"https:\/\/4x4-experience.de\/4x4\/presse\/\" \/>\n<meta property=\"og:locale\" content=\"de_DE\" \/>\n<meta property=\"og:type\" content=\"article\" \/>\n<meta property=\"og:title\" content=\"Presse\" \/>\n<meta property=\"og:description\" content=\"4x4 Experience gewinnt 4x4action Leserauto 2025. Toyota Land Cruiser umgewandelt in Offroad-Camper landet Startplatz bei TRACK&amp;DRECK.\" \/>\n<meta property=\"og:url\" content=\"https:\/\/4x4-experience.de\/4x4\/presse\/\" \/>\n<meta property=\"og:site_name\" content=\"4x4 Experience, Offroadreise, Offroad Reisen\" \/>\n<meta property=\"article:publisher\" content=\"https:\/\/www.facebook.com\/www.4x4Experience\/\" \/>\n<meta property=\"article:modified_time\" content=\"2025-09-23T13:08:59+00:00\" \/>\n<meta property=\"og:image\" content=\"https:\/\/4x4-experience.de\/4x4\/wp-content\/uploads\/2025\/09\/ic_pdflink.gif\" \/>\n<meta name=\"twitter:card\" content=\"summary_large_image\" \/>\n<meta name=\"twitter:label1\" content=\"Gesch\u00e4tzte Lesezeit\" \/>\n\t<meta name=\"twitter:data1\" content=\"2\u00a0Minuten\" \/>\n<script type=\"application\/ld+json\" class=\"yoast-schema-graph\">{\"@context\":\"https:\\\/\\\/schema.org\",\"@graph\":[{\"@type\":\"WebPage\",\"@id\":\"https:\\\/\\\/4x4-experience.de\\\/4x4\\\/presse\\\/\",\"url\":\"https:\\\/\\\/4x4-experience.de\\\/4x4\\\/presse\\\/\",\"name\":\"Presse Offroad: Unser Abenteuer mit 4x4action\",\"isPartOf\":{\"@id\":\"https:\\\/\\\/4x4-experience.de\\\/4x4\\\/#website\"},\"primaryImageOfPage\":{\"@id\":\"https:\\\/\\\/4x4-experience.de\\\/4x4\\\/presse\\\/#primaryimage\"},\"image\":{\"@id\":\"https:\\\/\\\/4x4-experience.de\\\/4x4\\\/presse\\\/#primaryimage\"},\"thumbnailUrl\":\"https:\\\/\\\/4x4-experience.de\\\/4x4\\\/wp-content\\\/uploads\\\/2025\\\/09\\\/ic_pdflink.gif\",\"datePublished\":\"2025-07-24T09:48:02+00:00\",\"dateModified\":\"2025-09-23T13:08:59+00:00\",\"description\":\"4x4 Experience gewinnt 4x4action Leserauto 2025. Toyota Land Cruiser umgewandelt in Offroad-Camper landet Startplatz bei TRACK&DRECK.\",\"breadcrumb\":{\"@id\":\"https:\\\/\\\/4x4-experience.de\\\/4x4\\\/presse\\\/#breadcrumb\"},\"inLanguage\":\"de\",\"potentialAction\":[{\"@type\":\"ReadAction\",\"target\":[\"https:\\\/\\\/4x4-experience.de\\\/4x4\\\/presse\\\/\"]}]},{\"@type\":\"ImageObject\",\"inLanguage\":\"de\",\"@id\":\"https:\\\/\\\/4x4-experience.de\\\/4x4\\\/presse\\\/#primaryimage\",\"url\":\"https:\\\/\\\/4x4-experience.de\\\/4x4\\\/wp-content\\\/uploads\\\/2025\\\/09\\\/ic_pdflink.gif\",\"contentUrl\":\"https:\\\/\\\/4x4-experience.de\\\/4x4\\\/wp-content\\\/uploads\\\/2025\\\/09\\\/ic_pdflink.gif\",\"width\":29,\"height\":26},{\"@type\":\"BreadcrumbList\",\"@id\":\"https:\\\/\\\/4x4-experience.de\\\/4x4\\\/presse\\\/#breadcrumb\",\"itemListElement\":[{\"@type\":\"ListItem\",\"position\":1,\"name\":\"Startseite\",\"item\":\"https:\\\/\\\/4x4-experience.de\\\/4x4\\\/\"},{\"@type\":\"ListItem\",\"position\":2,\"name\":\"Presse\"}]},{\"@type\":\"WebSite\",\"@id\":\"https:\\\/\\\/4x4-experience.de\\\/4x4\\\/#website\",\"url\":\"https:\\\/\\\/4x4-experience.de\\\/4x4\\\/\",\"name\":\"4x4 Experience, Offroadreise, Offroad Reisen\",\"description\":\"4x4 Offroad Europa und Nordafrika\",\"potentialAction\":[{\"@type\":\"SearchAction\",\"target\":{\"@type\":\"EntryPoint\",\"urlTemplate\":\"https:\\\/\\\/4x4-experience.de\\\/4x4\\\/?s={search_term_string}\"},\"query-input\":{\"@type\":\"PropertyValueSpecification\",\"valueRequired\":true,\"valueName\":\"search_term_string\"}}],\"inLanguage\":\"de\"}]}<\/script>\n<!-- \/ Yoast SEO Premium plugin. -->","yoast_head_json":{"title":"Presse Offroad: Unser Abenteuer mit 4x4action","description":"4x4 Experience gewinnt 4x4action Leserauto 2025. Toyota Land Cruiser umgewandelt in Offroad-Camper landet Startplatz bei TRACK&DRECK.","robots":{"index":"index","follow":"follow","max-snippet":"max-snippet:-1","max-image-preview":"max-image-preview:large","max-video-preview":"max-video-preview:-1"},"canonical":"https:\/\/4x4-experience.de\/4x4\/presse\/","og_locale":"de_DE","og_type":"article","og_title":"Presse","og_description":"4x4 Experience gewinnt 4x4action Leserauto 2025. Toyota Land Cruiser umgewandelt in Offroad-Camper landet Startplatz bei TRACK&DRECK.","og_url":"https:\/\/4x4-experience.de\/4x4\/presse\/","og_site_name":"4x4 Experience, Offroadreise, Offroad Reisen","article_publisher":"https:\/\/www.facebook.com\/www.4x4Experience\/","article_modified_time":"2025-09-23T13:08:59+00:00","og_image":[{"url":"https:\/\/4x4-experience.de\/4x4\/wp-content\/uploads\/2025\/09\/ic_pdflink.gif","type":"","width":"","height":""}],"twitter_card":"summary_large_image","twitter_misc":{"Gesch\u00e4tzte Lesezeit":"2\u00a0Minuten"},"schema":{"@context":"https:\/\/schema.org","@graph":[{"@type":"WebPage","@id":"https:\/\/4x4-experience.de\/4x4\/presse\/","url":"https:\/\/4x4-experience.de\/4x4\/presse\/","name":"Presse Offroad: Unser Abenteuer mit 4x4action","isPartOf":{"@id":"https:\/\/4x4-experience.de\/4x4\/#website"},"primaryImageOfPage":{"@id":"https:\/\/4x4-experience.de\/4x4\/presse\/#primaryimage"},"image":{"@id":"https:\/\/4x4-experience.de\/4x4\/presse\/#primaryimage"},"thumbnailUrl":"https:\/\/4x4-experience.de\/4x4\/wp-content\/uploads\/2025\/09\/ic_pdflink.gif","datePublished":"2025-07-24T09:48:02+00:00","dateModified":"2025-09-23T13:08:59+00:00","description":"4x4 Experience gewinnt 4x4action Leserauto 2025. Toyota Land Cruiser umgewandelt in Offroad-Camper landet Startplatz bei TRACK&DRECK.","breadcrumb":{"@id":"https:\/\/4x4-experience.de\/4x4\/presse\/#breadcrumb"},"inLanguage":"de","potentialAction":[{"@type":"ReadAction","target":["https:\/\/4x4-experience.de\/4x4\/presse\/"]}]},{"@type":"ImageObject","inLanguage":"de","@id":"https:\/\/4x4-experience.de\/4x4\/presse\/#primaryimage","url":"https:\/\/4x4-experience.de\/4x4\/wp-content\/uploads\/2025\/09\/ic_pdflink.gif","contentUrl":"https:\/\/4x4-experience.de\/4x4\/wp-content\/uploads\/2025\/09\/ic_pdflink.gif","width":29,"height":26},{"@type":"BreadcrumbList","@id":"https:\/\/4x4-experience.de\/4x4\/presse\/#breadcrumb","itemListElement":[{"@type":"ListItem","position":1,"name":"Startseite","item":"https:\/\/4x4-experience.de\/4x4\/"},{"@type":"ListItem","position":2,"name":"Presse"}]},{"@type":"WebSite","@id":"https:\/\/4x4-experience.de\/4x4\/#website","url":"https:\/\/4x4-experience.de\/4x4\/","name":"4x4 Experience, Offroadreise, Offroad Reisen","description":"4x4 Offroad Europa und Nordafrika","potentialAction":[{"@type":"SearchAction","target":{"@type":"EntryPoint","urlTemplate":"https:\/\/4x4-experience.de\/4x4\/?s={search_term_string}"},"query-input":{"@type":"PropertyValueSpecification","valueRequired":true,"valueName":"search_term_string"}}],"inLanguage":"de"}]}},"_links":{"self":[{"href":"https:\/\/4x4-experience.de\/4x4\/wp-json\/wp\/v2\/pages\/3057","targetHints":{"allow":["GET"]}}],"collection":[{"href":"https:\/\/4x4-experience.de\/4x4\/wp-json\/wp\/v2\/pages"}],"about":[{"href":"https:\/\/4x4-experience.de\/4x4\/wp-json\/wp\/v2\/types\/page"}],"author":[{"embeddable":true,"href":"https:\/\/4x4-experience.de\/4x4\/wp-json\/wp\/v2\/users\/1"}],"replies":[{"embeddable":true,"href":"https:\/\/4x4-experience.de\/4x4\/wp-json\/wp\/v2\/comments?post=3057"}],"version-history":[{"count":18,"href":"https:\/\/4x4-experience.de\/4x4\/wp-json\/wp\/v2\/pages\/3057\/revisions"}],"predecessor-version":[{"id":3298,"href":"https:\/\/4x4-experience.de\/4x4\/wp-json\/wp\/v2\/pages\/3057\/revisions\/3298"}],"wp:attachment":[{"href":"https:\/\/4x4-experience.de\/4x4\/wp-json\/wp\/v2\/media?parent=3057"}],"curies":[{"name":"wp","href":"https:\/\/api.w.org\/{rel}","templated":true}]}}