{"id":2897,"date":"2025-03-04T14:05:01","date_gmt":"2025-03-04T13:05:01","guid":{"rendered":"https:\/\/4x4-experience.de\/4x4\/?page_id=2897"},"modified":"2026-02-27T14:55:32","modified_gmt":"2026-02-27T13:55:32","slug":"schottland-hotel-2","status":"publish","type":"page","link":"https:\/\/4x4-experience.de\/4x4\/schottland-hotel-2\/","title":{"rendered":"Schottland Hotel"},"content":{"rendered":"<p>[et_pb_section fb_built=&#8220;1&#8243; _builder_version=&#8220;4.23.1&#8243; _module_preset=&#8220;default&#8220; custom_margin=&#8220;0px||-114px||false|false&#8220; custom_padding=&#8220;0px||0px||false|false&#8220; global_colors_info=&#8220;{}&#8220;][\/et_pb_section][et_pb_section fb_built=&#8220;1&#8243; fullwidth=&#8220;on&#8220; prev_background_color=&#8220;#000000&#8243; _builder_version=&#8220;4.23.1&#8243; _module_preset=&#8220;default&#8220; width=&#8220;100%&#8220; width_tablet=&#8220;&#8220; width_phone=&#8220;&#8220; width_last_edited=&#8220;on|phone&#8220; custom_margin=&#8220;130px||0px||false|false&#8220; custom_margin_tablet=&#8220;90px||||false|false&#8220; custom_margin_phone=&#8220;150px|||0px|false|false&#8220; custom_margin_last_edited=&#8220;on|phone&#8220; custom_padding=&#8220;0px||0px||false|false&#8220; top_divider_style=&#8220;mountains2&#8243; top_divider_height=&#8220;19px&#8220; top_divider_repeat=&#8220;1x&#8220; global_colors_info=&#8220;{}&#8220;][et_pb_fullwidth_image src=&#8220;https:\/\/4&#215;4-experience.de\/4&#215;4\/wp-content\/uploads\/2025\/03\/Schottland-Hotel.jpg&#8220; alt=&#8220;Schottland, 4&#215;4 Experience, Offroad Reisen, Offroad Tour, 4&#215;4 Reise, gef\u00fchrte Offroad-Reise&#8220; title_text=&#8220;Schottland-Hotel&#8220; src_tablet=&#8220;https:\/\/4&#215;4-experience.de\/4&#215;4\/wp-content\/uploads\/2024\/06\/Schottland-Camp-Titelbild.jpg&#8220; src_phone=&#8220;https:\/\/4&#215;4-experience.de\/4&#215;4\/wp-content\/uploads\/2024\/07\/schottland_04-mobile-1.jpg&#8220; src_last_edited=&#8220;on|phone&#8220; _builder_version=&#8220;4.27.4&#8243; _module_preset=&#8220;default&#8220; custom_margin=&#8220;0px||0px||false|false&#8220; custom_padding=&#8220;0px||0px||false|false&#8220; global_colors_info=&#8220;{}&#8220;][\/et_pb_fullwidth_image][\/et_pb_section][et_pb_section fb_built=&#8220;1&#8243; _builder_version=&#8220;4.23.1&#8243; _module_preset=&#8220;default&#8220; custom_margin=&#8220;||-6px|||&#8220; custom_padding=&#8220;||0px|||&#8220; global_colors_info=&#8220;{}&#8220;][et_pb_row column_structure=&#8220;1_3,1_3,1_3&#8243; disabled_on=&#8220;on|off|off&#8220; _builder_version=&#8220;4.23.1&#8243; _module_preset=&#8220;default&#8220; width=&#8220;100%&#8220; max_width=&#8220;1286px&#8220; custom_margin=&#8220;-36px|auto||auto||&#8220; global_colors_info=&#8220;{}&#8220;][et_pb_column type=&#8220;1_3&#8243; _builder_version=&#8220;4.23.1&#8243; _module_preset=&#8220;default&#8220; global_colors_info=&#8220;{}&#8220;][et_pb_text _builder_version=&#8220;4.23.1&#8243; _module_preset=&#8220;default&#8220; custom_margin=&#8220;|||9px||&#8220; custom_padding=&#8220;|||23px||&#8220; global_colors_info=&#8220;{}&#8220;]<\/p>\n<h2 style=\"text-align: center;\">Telefon\/WhatsApp:<\/h2>\n<h2 style=\"text-decoration: underline; text-align: center;\"><a href=\"tel:+491711443884\">+49-171 144 3884<\/a><\/h2>\n<p>[\/et_pb_text][\/et_pb_column][et_pb_column type=&#8220;1_3&#8243; _builder_version=&#8220;4.23.1&#8243; _module_preset=&#8220;default&#8220; global_colors_info=&#8220;{}&#8220;][et_pb_text _builder_version=&#8220;4.23.1&#8243; _module_preset=&#8220;default&#8220; custom_padding=&#8220;|30px||||&#8220; global_colors_info=&#8220;{}&#8220;]<\/p>\n<h2 style=\"text-align: center;\">Reise\u00fcbersicht:<\/h2>\n<h2 style=\"text-decoration: underline; text-align: center;\"><a href=\"\/4x4\/termine\">4&#215;4 Offroad Termine<\/a><\/h2>\n<p>[\/et_pb_text][\/et_pb_column][et_pb_column type=&#8220;1_3&#8243; _builder_version=&#8220;4.23.1&#8243; _module_preset=&#8220;default&#8220; global_colors_info=&#8220;{}&#8220;][et_pb_text _builder_version=&#8220;4.23.1&#8243; _module_preset=&#8220;default&#8220; custom_margin=&#8220;|||-41px||&#8220; custom_padding=&#8220;|115px||||&#8220; global_colors_info=&#8220;{}&#8220;]<\/p>\n<h2 style=\"text-align: center;\">Beratung\/Anmeldung:<\/h2>\n<h2 style=\"text-decoration: underline; text-align: center;\"><a href=\"\/4x4\/anmeldeformular-2025\">ANMELDEFORMULAR<\/a><\/h2>\n<p>[\/et_pb_text][\/et_pb_column][\/et_pb_row][\/et_pb_section][et_pb_section fb_built=&#8220;1&#8243; _builder_version=&#8220;4.23.1&#8243; _module_preset=&#8220;default&#8220; custom_padding=&#8220;14px||5px|||&#8220; global_colors_info=&#8220;{}&#8220;][et_pb_row column_structure=&#8220;2_3,1_3&#8243; _builder_version=&#8220;4.23.1&#8243; _module_preset=&#8220;default&#8220; custom_margin=&#8220;-19px|auto||auto||&#8220; custom_padding=&#8220;21px|||||&#8220; global_colors_info=&#8220;{}&#8220;][et_pb_column type=&#8220;2_3&#8243; _builder_version=&#8220;4.23.1&#8243; _module_preset=&#8220;default&#8220; global_colors_info=&#8220;{}&#8220;][et_pb_text _builder_version=&#8220;4.27.4&#8243; _module_preset=&#8220;default&#8220; custom_margin=&#8220;|||-2px||&#8220; custom_padding=&#8220;|||1px||&#8220; hover_enabled=&#8220;0&#8243; global_colors_info=&#8220;{}&#8220; sticky_enabled=&#8220;0&#8243;]<\/p>\n<h1>Schottland Scenic Drive f\u00fcr Selbstfahrer<\/h1>\n<h2>\u201eKilts and Castles\u201c Hotel<\/h2>\n<div class=\"wp-site-blocks\">\n<h4>Eine unvergessliche Reise durch Schottland<\/h4>\n<p>Beginnen wird unsere Offroad-Reise in der charmanten K\u00fcstenstadt Oban, bekannt f\u00fcr ihren frischen Fisch und die atemberaubende Aussicht auf das Meer. Hier k\u00f6nnen Sie die lokale Kultur genie\u00dfen und sich auf die bevorstehenden Offroad-Abenteuer vorbereiten.<\/p>\n<p>Von Oban aus setzen wir mit der F\u00e4hre zur Isle of Mull \u00fcber. Diese malerische Insel begeistert mit ihrer unber\u00fchrten Natur und den herzlichen Bewohnern. Ein absolutes Highlight ist der Besuch des Duart Castle, das majest\u00e4tisch auf einem Felsen thront und eine faszinierende Geschichte erz\u00e4hlt.<\/p>\n<p>Nach dem Besuch des Duart Castle geht es weiter zum Glemgore Castle, das f\u00fcr seine beeindruckende Architektur und die idyllische Lage bekannt ist. Hier k\u00f6nnen Sie durch die G\u00e4rten schlendern und die Ruhe der Umgebung genie\u00dfen.<\/p>\n<p>Ein weiterer Stopp auf Ihrer Reise ist Tobermory, die Hauptstadt der Isle of Mull. Die bunten H\u00e4user am Hafen sind ein beliebtes Fotomotiv und laden zum Verweilen ein. Probieren Sie unbedingt die lokalen Spezialit\u00e4ten in einem der gem\u00fctlichen Caf\u00e9s!<\/p>\n<p>Nach einem erlebnisreichen Aufenthalt auf der Isle of Mull setzen wir unsere Offroad-Tour zur Isle of Skye fort. Die Landschaft hier ist atemberaubend, mit dramatischen Klippen und sanften H\u00fcgeln. Wir besuchen den malerischen Lochaine und genie\u00dfen die friedliche Atmosph\u00e4re, die diese Region ausstrahlt.<\/p>\n<p>Von dort aus geht es weiter nach Kyle of Lochalsh, wo Sie die beeindruckende Br\u00fccke zur Isle of Skye \u00fcberqueren. Die Umgebung ist perfekt f\u00fcr s Offroaden und bietet zahlreiche M\u00f6glichkeiten, die Natur hautnah zu erleben.<\/p>\n<p>Schlie\u00dflich erreichen wir Dornie, ein kleines Dorf, das f\u00fcr das ber\u00fchmte Eilean Donan Castle bekannt ist. Dieses Schloss, das auf einer kleinen Insel liegt, ist eines der meistfotografierten Geb\u00e4ude Schottlands und ein wahrhaft magischer Ort.<\/p>\n<p>Diese <a href=\"4x4-experience.de\">Offroad-Reise<\/a> durch Schottland wird Ihnen unvergessliche Erinnerungen bescheren, mit atemberaubenden Landschaften, historischen St\u00e4tten und der herzlichen Gastfreundschaft der Schotten. Packen Sie Ihren Gel\u00e4ndewagen und machen Sie sich bereit f\u00fcr ein 4&#215;4-Abenteuer, das Sie nie vergessen werden!<\/p>\n<\/div>\n<p>[\/et_pb_text][et_pb_text _builder_version=&#8220;4.23.1&#8243; _module_preset=&#8220;default&#8220; global_colors_info=&#8220;{}&#8220;]<\/p>\n<h2>Schwierigkeitsgrad: <span style=\"font-weight: bold; color: #ff9900; font-size: 15pt;\">\u2736+<\/span><span style=\"font-size: 14pt;\">\u2736\u2736\u2736\u2736<\/span><\/h2>\n<p>Erl\u00e4uterung Schwierigkeitsgrade &gt;&gt;&gt;&gt; <a style=\"color: #000; text-decoration: underline; font-weight: bold;\" href=\"https:\/\/vdord.de\/klassifizierung-von-schwierigkeits-graden-bei-offroad-reisen\/\">HIER<\/a>[\/et_pb_text][\/et_pb_column][et_pb_column type=&#8220;1_3&#8243; _builder_version=&#8220;4.23.1&#8243; _module_preset=&#8220;default&#8220; global_colors_info=&#8220;{}&#8220;][et_pb_gallery gallery_ids=&#8220;1003,1009,2626,1008,2206,2615,1002,2619,2617,2620,2618,1013,1010,1005,2616,2624,2625,2627,2628&#8243; show_title_and_caption=&#8220;off&#8220; show_pagination=&#8220;off&#8220; _builder_version=&#8220;4.27.4&#8243; _module_preset=&#8220;default&#8220; custom_margin=&#8220;0px||||false|false&#8220; custom_padding=&#8220;0px||||false|false&#8220; global_colors_info=&#8220;{}&#8220;][\/et_pb_gallery][\/et_pb_column][\/et_pb_row][et_pb_row column_structure=&#8220;2_3,1_3&#8243; _builder_version=&#8220;4.23.1&#8243; _module_preset=&#8220;default&#8220; custom_padding=&#8220;10px|||||&#8220; global_colors_info=&#8220;{}&#8220;][et_pb_column type=&#8220;2_3&#8243; _builder_version=&#8220;4.23.1&#8243; _module_preset=&#8220;default&#8220; global_colors_info=&#8220;{}&#8220;][et_pb_text _builder_version=&#8220;4.27.4&#8243; _module_preset=&#8220;default&#8220; global_colors_info=&#8220;{}&#8220;]<\/p>\n<h2>Preise Bespoke Offroad<\/h2>\n<h4><b><br \/><\/b>Startgeld inklusive Mehrwertsteuer:<\/h4>\n<p><strong>ab \u20ac 10.800,00<\/strong> pro KFZ mit 1 Person<\/p>\n<p><strong>ab \u20ac 11.800,00<\/strong> pro KFZ mit 2 Personen<\/p>\n<p>8 \u00dcbernachtungen in 4****+ Hotels mit Halbpension<br \/>(Kosten f\u00fcr weitere Person(en) auf Anfrage)<\/p>\n<p><strong>Zusatzkosten<\/strong>: An- und Abreise (F\u00e4hre* beachten!) und innerhalb von Schottland, Spritkosten, Essen (mittags), Getr\u00e4nke<\/p>\n<h4><b style=\"font-size: 16px;\">Startpunkt:<\/b><span style=\"font-size: 16px;\">\u00a0<\/span><span style=\"font-size: 16px;\">Oban\u00a0<\/span><\/h4>\n<p><span style=\"font-size: 9pt;\">* Nicht im Reisepreis enthalten ist die F\u00e4hr\u00fcberfahrt nach Schottland und vom Festland zu den Inseln (GB).<\/span><\/p>\n<p><b>Im Reisepreis enthalten:<\/b><\/p>\n<ul>\n<li>Deutsche Reiseleitung<\/li>\n<li>Reisebeschreibung nach EU-Richtlinie<span>\u00a0<\/span><a href=\"https:\/\/4x4-experience.de\/4x4\/EU-Verordnung\/Schottland-Hotel-17-05-2020.pdf\">HIER<\/a><\/li>\n<li>Alle F\u00e4hrgeb\u00fchren innerhalb Schottlands<\/li>\n<li>Besichtigung Duart Castle, Eilean Castle, Wiskeybrennerei<\/li>\n<li>Stellung Checkliste zur Vorbereitung des Fahrers und des Fahrzeuges<\/li>\n<li>fahrtechnische Basis-Einweisung \u201eOffroad-Fahren auf Single Tracks\u201c<\/li>\n<li>CB-Funkger\u00e4t leihweise f\u00fcr jedes einzelne Fahrzeug<\/li>\n<li>Die Mindestteilnehmerzahl f\u00fcr die Durchf\u00fchrungsgarantie betr\u00e4gt 5 Kfz. Kleinere Reisegruppen nach Absprache.<\/li>\n<li>Reiser\u00fccktrittsversicherung ist im Reisepreis nicht enthalten<\/li>\n<li>Reiseaufkleber<\/li>\n<li>kostenloser 4\u00d74 Fahrzeugcheck vor Beginn der Reise bei<span>\u00a0<\/span><a href=\"https:\/\/fw-experience.de\">FW Experience<\/a>, Overath bei K\u00f6ln<\/li>\n<li>mindestens ein 4\u00d74 Organisationsfahrzeug mit besonderer Ausr\u00fcstung f\u00fcr Offroad-Gruppen-Reisen nach Ma\u00dfgabe des<span>\u00a0<\/span><a href=\"https:\/\/vdord.de\/veranstalter-mindestausstattung-offroad-gruppen-reisen\">Verbandes der Offroad-Reiseveranstalter Deutschlands<\/a><span>\u00a0<\/span>(VdORD)<\/li>\n<\/ul>\n<p>[\/et_pb_text][et_pb_text _builder_version=&#8220;4.23.1&#8243; _module_preset=&#8220;default&#8220; global_colors_info=&#8220;{}&#8220;]<\/p>\n<h4>Kleidungs- und Ausr\u00fcstungsemfehlungen<br \/>\nzum Downloaden, Ausf\u00fcllen und Speichern:<\/h4>\n<p><a href=\"\/4x4\/checklisten\/Checkliste-Insassen.pdf\" target=\"_blank\" rel=\"noopener\">Checkliste Insassen<\/a><br \/>\n<a href=\"\/4x4\/checklisten\/Checkliste-Fahrzeug.pdf\" target=\"_blank\" rel=\"noopener\">Checkliste Fahrzeug<\/a><\/p>\n<h4>Zus\u00e4tzlich f\u00fcr Sahara-Reisende:<\/h4>\n<p><a href=\"\/4x4\/checklisten\/Checkliste-Offroad-Maghreb.pdf\" target=\"_blank\" rel=\"noopener\">Checkliste Offroad Maghreb<\/a>[\/et_pb_text][\/et_pb_column][et_pb_column type=&#8220;1_3&#8243; _builder_version=&#8220;4.23.1&#8243; _module_preset=&#8220;default&#8220; global_colors_info=&#8220;{}&#8220;][et_pb_text _builder_version=&#8220;4.27.4&#8243; _module_preset=&#8220;default&#8220; custom_margin=&#8220;0px||0px||false|false&#8220; custom_padding=&#8220;0px||0px|0px|false|false&#8220; global_colors_info=&#8220;{}&#8220;]<\/p>\n<h2><span style=\"text-decoration: underline;\">Termin 2026<\/span><\/h2>\n<h4><span>10. Mai \u2013 19. Mai 2026<br \/>Bespoke Offroad<\/span><\/h4>\n<p>[\/et_pb_text][\/et_pb_column][\/et_pb_row][\/et_pb_section]<\/p>\n","protected":false},"excerpt":{"rendered":"<p>Telefon\/WhatsApp: +49-171 144 3884Reise\u00fcbersicht: 4&#215;4 Offroad TermineBeratung\/Anmeldung: ANMELDEFORMULARSchottland Scenic Drive f\u00fcr Selbstfahrer \u201eKilts and Castles\u201c Hotel Eine unvergessliche Reise durch Schottland Beginnen wird unsere Offroad-Reise in der charmanten K\u00fcstenstadt Oban, bekannt f\u00fcr ihren frischen Fisch und die atemberaubende Aussicht auf das Meer. Hier k\u00f6nnen Sie die lokale Kultur genie\u00dfen und sich auf die bevorstehenden Offroad-Abenteuer [&hellip;]<\/p>\n","protected":false},"author":1,"featured_media":0,"parent":0,"menu_order":0,"comment_status":"closed","ping_status":"closed","template":"","meta":{"_et_pb_use_builder":"on","_et_pb_old_content":"","_et_gb_content_width":"","footnotes":""},"class_list":["post-2897","page","type-page","status-publish","hentry"],"yoast_head":"<!-- This site is optimized with the Yoast SEO Premium plugin v27.0 (Yoast SEO v27.3) - https:\/\/yoast.com\/product\/yoast-seo-premium-wordpress\/ -->\n<title>4x4 Experience Offroad Reisen | Offroad-Abenteuer, 4x4-Training<\/title>\n<meta name=\"description\" content=\"Schottland Scenic Drive Hotel Reise. Offroad Reisen in Europa und Nordafrika, Bespoke Offroad. Offroad-Faszination. 4x4-Training.\" \/>\n<meta name=\"robots\" content=\"index, follow, max-snippet:-1, max-image-preview:large, max-video-preview:-1\" \/>\n<link rel=\"canonical\" href=\"https:\/\/4x4-experience.de\/4x4\/schottland-hotel-2\/\" \/>\n<meta property=\"og:locale\" content=\"de_DE\" \/>\n<meta property=\"og:type\" content=\"article\" \/>\n<meta property=\"og:title\" content=\"Schottland Hotel\" \/>\n<meta property=\"og:description\" content=\"Schottland Scenic Drive Hotel Reise. Offroad Reisen in Europa und Nordafrika, Bespoke Offroad. Offroad-Faszination. 4x4-Training.\" \/>\n<meta property=\"og:url\" content=\"https:\/\/4x4-experience.de\/4x4\/schottland-hotel-2\/\" \/>\n<meta property=\"og:site_name\" content=\"4x4 Experience, Offroadreise, Offroad Reisen\" \/>\n<meta property=\"article:publisher\" content=\"https:\/\/www.facebook.com\/www.4x4Experience\/\" \/>\n<meta property=\"article:modified_time\" content=\"2026-02-27T13:55:32+00:00\" \/>\n<meta name=\"twitter:card\" content=\"summary_large_image\" \/>\n<meta name=\"twitter:label1\" content=\"Gesch\u00e4tzte Lesezeit\" \/>\n\t<meta name=\"twitter:data1\" content=\"7\u00a0Minuten\" \/>\n<script type=\"application\/ld+json\" class=\"yoast-schema-graph\">{\"@context\":\"https:\\\/\\\/schema.org\",\"@graph\":[{\"@type\":\"WebPage\",\"@id\":\"https:\\\/\\\/4x4-experience.de\\\/4x4\\\/schottland-hotel-2\\\/\",\"url\":\"https:\\\/\\\/4x4-experience.de\\\/4x4\\\/schottland-hotel-2\\\/\",\"name\":\"4x4 Experience Offroad Reisen | Offroad-Abenteuer, 4x4-Training\",\"isPartOf\":{\"@id\":\"https:\\\/\\\/4x4-experience.de\\\/4x4\\\/#website\"},\"datePublished\":\"2025-03-04T13:05:01+00:00\",\"dateModified\":\"2026-02-27T13:55:32+00:00\",\"description\":\"Schottland Scenic Drive Hotel Reise. Offroad Reisen in Europa und Nordafrika, Bespoke Offroad. Offroad-Faszination. 4x4-Training.\",\"breadcrumb\":{\"@id\":\"https:\\\/\\\/4x4-experience.de\\\/4x4\\\/schottland-hotel-2\\\/#breadcrumb\"},\"inLanguage\":\"de\",\"potentialAction\":[{\"@type\":\"ReadAction\",\"target\":[\"https:\\\/\\\/4x4-experience.de\\\/4x4\\\/schottland-hotel-2\\\/\"]}]},{\"@type\":\"BreadcrumbList\",\"@id\":\"https:\\\/\\\/4x4-experience.de\\\/4x4\\\/schottland-hotel-2\\\/#breadcrumb\",\"itemListElement\":[{\"@type\":\"ListItem\",\"position\":1,\"name\":\"Startseite\",\"item\":\"https:\\\/\\\/4x4-experience.de\\\/4x4\\\/\"},{\"@type\":\"ListItem\",\"position\":2,\"name\":\"Schottland Hotel\"}]},{\"@type\":\"WebSite\",\"@id\":\"https:\\\/\\\/4x4-experience.de\\\/4x4\\\/#website\",\"url\":\"https:\\\/\\\/4x4-experience.de\\\/4x4\\\/\",\"name\":\"4x4 Experience, Offroadreise, Offroad Reisen\",\"description\":\"4x4 Offroad Europa und Nordafrika\",\"potentialAction\":[{\"@type\":\"SearchAction\",\"target\":{\"@type\":\"EntryPoint\",\"urlTemplate\":\"https:\\\/\\\/4x4-experience.de\\\/4x4\\\/?s={search_term_string}\"},\"query-input\":{\"@type\":\"PropertyValueSpecification\",\"valueRequired\":true,\"valueName\":\"search_term_string\"}}],\"inLanguage\":\"de\"}]}<\/script>\n<!-- \/ Yoast SEO Premium plugin. -->","yoast_head_json":{"title":"4x4 Experience Offroad Reisen | Offroad-Abenteuer, 4x4-Training","description":"Schottland Scenic Drive Hotel Reise. Offroad Reisen in Europa und Nordafrika, Bespoke Offroad. Offroad-Faszination. 4x4-Training.","robots":{"index":"index","follow":"follow","max-snippet":"max-snippet:-1","max-image-preview":"max-image-preview:large","max-video-preview":"max-video-preview:-1"},"canonical":"https:\/\/4x4-experience.de\/4x4\/schottland-hotel-2\/","og_locale":"de_DE","og_type":"article","og_title":"Schottland Hotel","og_description":"Schottland Scenic Drive Hotel Reise. Offroad Reisen in Europa und Nordafrika, Bespoke Offroad. Offroad-Faszination. 4x4-Training.","og_url":"https:\/\/4x4-experience.de\/4x4\/schottland-hotel-2\/","og_site_name":"4x4 Experience, Offroadreise, Offroad Reisen","article_publisher":"https:\/\/www.facebook.com\/www.4x4Experience\/","article_modified_time":"2026-02-27T13:55:32+00:00","twitter_card":"summary_large_image","twitter_misc":{"Gesch\u00e4tzte Lesezeit":"7\u00a0Minuten"},"schema":{"@context":"https:\/\/schema.org","@graph":[{"@type":"WebPage","@id":"https:\/\/4x4-experience.de\/4x4\/schottland-hotel-2\/","url":"https:\/\/4x4-experience.de\/4x4\/schottland-hotel-2\/","name":"4x4 Experience Offroad Reisen | Offroad-Abenteuer, 4x4-Training","isPartOf":{"@id":"https:\/\/4x4-experience.de\/4x4\/#website"},"datePublished":"2025-03-04T13:05:01+00:00","dateModified":"2026-02-27T13:55:32+00:00","description":"Schottland Scenic Drive Hotel Reise. Offroad Reisen in Europa und Nordafrika, Bespoke Offroad. Offroad-Faszination. 4x4-Training.","breadcrumb":{"@id":"https:\/\/4x4-experience.de\/4x4\/schottland-hotel-2\/#breadcrumb"},"inLanguage":"de","potentialAction":[{"@type":"ReadAction","target":["https:\/\/4x4-experience.de\/4x4\/schottland-hotel-2\/"]}]},{"@type":"BreadcrumbList","@id":"https:\/\/4x4-experience.de\/4x4\/schottland-hotel-2\/#breadcrumb","itemListElement":[{"@type":"ListItem","position":1,"name":"Startseite","item":"https:\/\/4x4-experience.de\/4x4\/"},{"@type":"ListItem","position":2,"name":"Schottland Hotel"}]},{"@type":"WebSite","@id":"https:\/\/4x4-experience.de\/4x4\/#website","url":"https:\/\/4x4-experience.de\/4x4\/","name":"4x4 Experience, Offroadreise, Offroad Reisen","description":"4x4 Offroad Europa und Nordafrika","potentialAction":[{"@type":"SearchAction","target":{"@type":"EntryPoint","urlTemplate":"https:\/\/4x4-experience.de\/4x4\/?s={search_term_string}"},"query-input":{"@type":"PropertyValueSpecification","valueRequired":true,"valueName":"search_term_string"}}],"inLanguage":"de"}]}},"_links":{"self":[{"href":"https:\/\/4x4-experience.de\/4x4\/wp-json\/wp\/v2\/pages\/2897","targetHints":{"allow":["GET"]}}],"collection":[{"href":"https:\/\/4x4-experience.de\/4x4\/wp-json\/wp\/v2\/pages"}],"about":[{"href":"https:\/\/4x4-experience.de\/4x4\/wp-json\/wp\/v2\/types\/page"}],"author":[{"embeddable":true,"href":"https:\/\/4x4-experience.de\/4x4\/wp-json\/wp\/v2\/users\/1"}],"replies":[{"embeddable":true,"href":"https:\/\/4x4-experience.de\/4x4\/wp-json\/wp\/v2\/comments?post=2897"}],"version-history":[{"count":14,"href":"https:\/\/4x4-experience.de\/4x4\/wp-json\/wp\/v2\/pages\/2897\/revisions"}],"predecessor-version":[{"id":3455,"href":"https:\/\/4x4-experience.de\/4x4\/wp-json\/wp\/v2\/pages\/2897\/revisions\/3455"}],"wp:attachment":[{"href":"https:\/\/4x4-experience.de\/4x4\/wp-json\/wp\/v2\/media?parent=2897"}],"curies":[{"name":"wp","href":"https:\/\/api.w.org\/{rel}","templated":true}]}}