{"id":2398,"date":"2024-07-16T13:03:15","date_gmt":"2024-07-16T11:03:15","guid":{"rendered":"https:\/\/4x4-experience.de\/4x4\/?page_id=2398"},"modified":"2025-09-10T13:10:48","modified_gmt":"2025-09-10T11:10:48","slug":"tunesien","status":"publish","type":"page","link":"https:\/\/4x4-experience.de\/4x4\/tunesien\/","title":{"rendered":"Tunesien"},"content":{"rendered":"\n[et_pb_section fb_built=&#8220;1&#8243; _builder_version=&#8220;4.23.1&#8243; _module_preset=&#8220;default&#8220; custom_margin=&#8220;||-114px|||&#8220; custom_padding=&#8220;||0px|||&#8220; global_colors_info=&#8220;{}&#8220;][\/et_pb_section][et_pb_section fb_built=&#8220;1&#8243; fullwidth=&#8220;on&#8220; prev_background_color=&#8220;#000000&#8243; _builder_version=&#8220;4.23.1&#8243; _module_preset=&#8220;default&#8220; width=&#8220;100%&#8220; width_tablet=&#8220;&#8220; width_phone=&#8220;&#8220; width_last_edited=&#8220;on|phone&#8220; custom_margin=&#8220;120px||0px||false|false&#8220; custom_margin_tablet=&#8220;90px||||false|false&#8220; custom_margin_phone=&#8220;150px|||0px|false|false&#8220; custom_margin_last_edited=&#8220;on|phone&#8220; custom_padding=&#8220;0px||0px||false|false&#8220; top_divider_style=&#8220;mountains2&#8243; top_divider_height=&#8220;19px&#8220; top_divider_repeat=&#8220;1x&#8220; global_colors_info=&#8220;{}&#8220;][et_pb_fullwidth_image src=&#8220;https:\/\/4&#215;4-experience.de\/4&#215;4\/wp-content\/uploads\/2024\/05\/Tunesien-EZVerSee-Titelbild-neu-1.jpg&#8220; alt=&#8220;4&#215;4 Experience, Tunesien-Spezialist, Tunesien Offroad Tour, Maghreb Offroad Reise, 4&#215;4 Offroad&#8220; title_text=&#8220;Tunesien-Expedition Verlorener See&#8220; src_tablet=&#8220;https:\/\/4&#215;4-experience.de\/4&#215;4\/wp-content\/uploads\/2024\/05\/Tunesien-EZVerSee-Titelbild-neu-1.jpg&#8220; src_phone=&#8220;https:\/\/4&#215;4-experience.de\/4&#215;4\/wp-content\/uploads\/2024\/07\/Tunesien-EZVerSee-Titelbild-mobile.jpg&#8220; src_last_edited=&#8220;on|tablet&#8220; _builder_version=&#8220;4.23.1&#8243; _module_preset=&#8220;default&#8220; custom_margin=&#8220;0px||0px||false|false&#8220; custom_padding=&#8220;0px||0px||false|false&#8220; global_colors_info=&#8220;{}&#8220;][\/et_pb_fullwidth_image][\/et_pb_section][et_pb_section fb_built=&#8220;1&#8243; _builder_version=&#8220;4.23.1&#8243; _module_preset=&#8220;default&#8220; custom_margin=&#8220;||-6px|||&#8220; custom_padding=&#8220;21px||0px|||&#8220; global_colors_info=&#8220;{}&#8220;][et_pb_row column_structure=&#8220;1_3,1_3,1_3&#8243; disabled_on=&#8220;on|off|off&#8220; _builder_version=&#8220;4.23.1&#8243; _module_preset=&#8220;default&#8220; custom_padding=&#8220;10px||4px||false|false&#8220; hover_enabled=&#8220;0&#8243; global_colors_info=&#8220;{}&#8220; width=&#8220;100%&#8220; max_width=&#8220;1400px&#8220; background_color=&#8220;#dddddd&#8220; border_radii=&#8220;on|8px|8px|8px|8px&#8220; sticky_enabled=&#8220;0&#8243; custom_margin=&#8220;-9px|auto||auto||&#8220;][et_pb_column type=&#8220;1_3&#8243; _builder_version=&#8220;4.23.1&#8243; _module_preset=&#8220;default&#8220; global_colors_info=&#8220;{}&#8220;][et_pb_text _builder_version=&#8220;4.23.1&#8243; _module_preset=&#8220;default&#8220; global_colors_info=&#8220;{}&#8220; custom_margin=&#8220;-2px|||||&#8220;]<h2 style=\"text-align: center;\">Telefon\/WhatsApp:<\/h2>\n<h2 style=\"text-align: center; text-decoration: underline;\"><a href=\"tel:+491711443884\">+49-171 144 3884<\/a><\/h2>[\/et_pb_text][\/et_pb_column][et_pb_column type=&#8220;1_3&#8243; _builder_version=&#8220;4.23.1&#8243; _module_preset=&#8220;default&#8220; global_colors_info=&#8220;{}&#8220;][et_pb_text _builder_version=&#8220;4.23.1&#8243; _module_preset=&#8220;default&#8220; global_colors_info=&#8220;{}&#8220;]<h2 style=\"text-align: center;\">Reise\u00fcbersicht:<\/h2>\n<h2 style=\"text-align: center; text-decoration: underline;\"><a href=\"\/4x4\/termine\">4&#215;4 Offroad Termine<\/a><\/h2>[\/et_pb_text][\/et_pb_column][et_pb_column type=&#8220;1_3&#8243; _builder_version=&#8220;4.23.1&#8243; _module_preset=&#8220;default&#8220; global_colors_info=&#8220;{}&#8220;][et_pb_text _builder_version=&#8220;4.23.1&#8243; _module_preset=&#8220;default&#8220; global_colors_info=&#8220;{}&#8220;]<h2 style=\"text-align: center;\">Beratung\/Anmeldung:<\/h2>\n<h2 style=\"text-align: center; text-decoration: underline;\"><a href=\"\/4x4\/anmeldeformular-2025\">ANMELDEFORMULAR<\/a><\/h2>[\/et_pb_text][\/et_pb_column][\/et_pb_row][\/et_pb_section][et_pb_section fb_built=&#8220;1&#8243; _builder_version=&#8220;4.23.1&#8243; _module_preset=&#8220;default&#8220; custom_padding=&#8220;5px||9px|||&#8220; global_colors_info=&#8220;{}&#8220; custom_margin=&#8220;14px|||||&#8220;][et_pb_row column_structure=&#8220;1_2,1_2&#8243; _builder_version=&#8220;4.23.1&#8243; _module_preset=&#8220;default&#8220; background_enable_image=&#8220;off&#8220; width=&#8220;100%&#8220; max_width=&#8220;1400px&#8220; custom_padding=&#8220;0px|||||&#8220; global_colors_info=&#8220;{}&#8220; custom_margin=&#8220;0px|auto||auto||&#8220;][et_pb_column type=&#8220;1_2&#8243; _builder_version=&#8220;4.23.1&#8243; _module_preset=&#8220;default&#8220; background_image=&#8220;https:\/\/4&#215;4-experience.de\/4&#215;4\/wp-content\/uploads\/2024\/03\/Marokko-Startbild.jpg&#8220; global_colors_info=&#8220;{}&#8220;][et_pb_text _builder_version=&#8220;4.23.1&#8243; _module_preset=&#8220;default&#8220; background_image=&#8220;https:\/\/4&#215;4-experience.de\/4&#215;4\/wp-content\/uploads\/2024\/03\/Tunesien-01-2023.jpg&#8220; min_height=&#8220;350px&#8220; custom_margin=&#8220;||-9px|||&#8220; custom_padding=&#8220;10px|||10px|false|false&#8220; link_option_url=&#8220;\/4&#215;4\/tunesien-expedition-2&#8243; global_colors_info=&#8220;{}&#8220;]<div class=\"startseite\">\n<h3>Camp-Tour &#8211; &#8222;Expedition zum verlorenen See&#8220;<\/h3>\n<h2>TUNESIEN<\/h2>\n<\/div>[\/et_pb_text][\/et_pb_column][et_pb_column type=&#8220;1_2&#8243; _builder_version=&#8220;4.23.1&#8243; _module_preset=&#8220;default&#8220; global_colors_info=&#8220;{}&#8220;][et_pb_text _builder_version=&#8220;4.23.1&#8243; _module_preset=&#8220;default&#8220; background_image=&#8220;https:\/\/4&#215;4-experience.de\/4&#215;4\/wp-content\/uploads\/2024\/05\/Tunesien-EZVerlSee-07-scaled.jpg&#8220; min_height=&#8220;350px&#8220; custom_margin=&#8220;||-9px|||&#8220; custom_padding=&#8220;10px|||10px|false|false&#8220; link_option_url=&#8220;\/4&#215;4\/tunesien-overlanding&#8220; global_colors_info=&#8220;{}&#8220;]<div class=\"startseite\">\n<h3>Camp-Tour &#8211; &#8222;Overlanding zum verlorenen See&#8220;<\/h3>\n<h2>TUNESIEN<\/h2>\n<\/div>[\/et_pb_text][\/et_pb_column][\/et_pb_row][et_pb_row column_structure=&#8220;1_2,1_2&#8243; _builder_version=&#8220;4.23.1&#8243; _module_preset=&#8220;default&#8220; background_enable_image=&#8220;off&#8220; width=&#8220;100%&#8220; max_width=&#8220;1400px&#8220; global_colors_info=&#8220;{}&#8220;][et_pb_column type=&#8220;1_2&#8243; _builder_version=&#8220;4.23.1&#8243; _module_preset=&#8220;default&#8220; background_image=&#8220;https:\/\/4&#215;4-experience.de\/4&#215;4\/wp-content\/uploads\/2024\/03\/Marokko-Startbild.jpg&#8220; global_colors_info=&#8220;{}&#8220;][et_pb_text _builder_version=&#8220;4.23.1&#8243; _module_preset=&#8220;default&#8220; background_image=&#8220;https:\/\/4&#215;4-experience.de\/4&#215;4\/wp-content\/uploads\/2024\/05\/Tunesien-Koenigsweg-Beduinen-scaled.jpg&#8220; min_height=&#8220;350px&#8220; custom_margin=&#8220;||-9px|||&#8220; custom_padding=&#8220;10px|||10px|false|false&#8220; link_option_url=&#8220;\/4&#215;4\/tunesien-koenigsweg&#8220; global_colors_info=&#8220;{}&#8220;]<div class=\"startseite\">\n<h3>Camp-Tour &#8211; &#8222;Auf dem K\u00f6nigsweg der Beduinen&#8220;<\/h3>\n<h2>TUNESIEN<\/h2>\n<\/div>[\/et_pb_text][\/et_pb_column][et_pb_column type=&#8220;1_2&#8243; _builder_version=&#8220;4.23.1&#8243; _module_preset=&#8220;default&#8220; global_colors_info=&#8220;{}&#8220;][et_pb_text _builder_version=&#8220;4.23.1&#8243; _module_preset=&#8220;default&#8220; background_image=&#8220;https:\/\/4&#215;4-experience.de\/4&#215;4\/wp-content\/uploads\/2024\/05\/Tunesien-Checkliste-Auswahl.jpg&#8220; min_height=&#8220;350px&#8220; custom_margin=&#8220;||-9px|||&#8220; custom_padding=&#8220;10px|||10px|false|false&#8220; link_option_url=&#8220;\/4&#215;4\/vorwort-checkliste&#8220; global_colors_info=&#8220;{}&#8220;]<div class=\"startseite\">\n<h3>Ausr\u00fcstungsempfehlung Sahara-Touren<\/h3>\n<h2>4&#215;4-CHECKLISTE<\/h2>\n<\/div>[\/et_pb_text][\/et_pb_column][\/et_pb_row][\/et_pb_section]\n","protected":false},"excerpt":{"rendered":"<p>Telefon\/WhatsApp: +49-171 144 3884Reise\u00fcbersicht: 4&#215;4 Offroad TermineBeratung\/Anmeldung: ANMELDEFORMULAR Camp-Tour &#8211; &#8222;Expedition zum verlorenen See&#8220; TUNESIEN Camp-Tour &#8211; &#8222;Overlanding zum verlorenen See&#8220; TUNESIEN Camp-Tour &#8211; &#8222;Auf dem K\u00f6nigsweg der Beduinen&#8220; TUNESIEN Ausr\u00fcstungsempfehlung Sahara-Touren 4&#215;4-CHECKLISTE<\/p>\n","protected":false},"author":1,"featured_media":0,"parent":0,"menu_order":0,"comment_status":"closed","ping_status":"closed","template":"","meta":{"_et_pb_use_builder":"on","_et_pb_old_content":"","_et_gb_content_width":"","footnotes":""},"class_list":["post-2398","page","type-page","status-publish","hentry"],"yoast_head":"<!-- This site is optimized with the Yoast SEO Premium plugin v27.0 (Yoast SEO v27.3) - https:\/\/yoast.com\/product\/yoast-seo-premium-wordpress\/ -->\n<title>4x4 Tunesien Reise: Offroad Camp Tour mit dem Gel\u00e4ndewagen<\/title>\n<meta name=\"description\" content=\"4x4 Tunesien Reise. Erlebe Afrikas W\u00fcsten mit dem Gel\u00e4ndewagen. Offroad Touren durch die Sahara by 4x4 Experience.\" \/>\n<meta name=\"robots\" content=\"index, follow, max-snippet:-1, max-image-preview:large, max-video-preview:-1\" \/>\n<link rel=\"canonical\" href=\"https:\/\/4x4-experience.de\/4x4\/tunesien\/\" \/>\n<meta property=\"og:locale\" content=\"de_DE\" \/>\n<meta property=\"og:type\" content=\"article\" \/>\n<meta property=\"og:title\" content=\"Tunesien\" \/>\n<meta property=\"og:description\" content=\"4x4 Tunesien Reise. Erlebe Afrikas W\u00fcsten mit dem Gel\u00e4ndewagen. Offroad Touren durch die Sahara by 4x4 Experience.\" \/>\n<meta property=\"og:url\" content=\"https:\/\/4x4-experience.de\/4x4\/tunesien\/\" \/>\n<meta property=\"og:site_name\" content=\"4x4 Experience, Offroadreise, Offroad Reisen\" \/>\n<meta property=\"article:publisher\" content=\"https:\/\/www.facebook.com\/www.4x4Experience\/\" \/>\n<meta property=\"article:modified_time\" content=\"2025-09-10T11:10:48+00:00\" \/>\n<meta name=\"twitter:card\" content=\"summary_large_image\" \/>\n<meta name=\"twitter:label1\" content=\"Gesch\u00e4tzte Lesezeit\" \/>\n\t<meta name=\"twitter:data1\" content=\"1\u00a0Minute\" \/>\n<script type=\"application\/ld+json\" class=\"yoast-schema-graph\">{\"@context\":\"https:\\\/\\\/schema.org\",\"@graph\":[{\"@type\":\"WebPage\",\"@id\":\"https:\\\/\\\/4x4-experience.de\\\/4x4\\\/tunesien\\\/\",\"url\":\"https:\\\/\\\/4x4-experience.de\\\/4x4\\\/tunesien\\\/\",\"name\":\"4x4 Tunesien Reise: Offroad Camp Tour mit dem Gel\u00e4ndewagen\",\"isPartOf\":{\"@id\":\"https:\\\/\\\/4x4-experience.de\\\/4x4\\\/#website\"},\"datePublished\":\"2024-07-16T11:03:15+00:00\",\"dateModified\":\"2025-09-10T11:10:48+00:00\",\"description\":\"4x4 Tunesien Reise. Erlebe Afrikas W\u00fcsten mit dem Gel\u00e4ndewagen. Offroad Touren durch die Sahara by 4x4 Experience.\",\"breadcrumb\":{\"@id\":\"https:\\\/\\\/4x4-experience.de\\\/4x4\\\/tunesien\\\/#breadcrumb\"},\"inLanguage\":\"de\",\"potentialAction\":[{\"@type\":\"ReadAction\",\"target\":[\"https:\\\/\\\/4x4-experience.de\\\/4x4\\\/tunesien\\\/\"]}]},{\"@type\":\"BreadcrumbList\",\"@id\":\"https:\\\/\\\/4x4-experience.de\\\/4x4\\\/tunesien\\\/#breadcrumb\",\"itemListElement\":[{\"@type\":\"ListItem\",\"position\":1,\"name\":\"Startseite\",\"item\":\"https:\\\/\\\/4x4-experience.de\\\/4x4\\\/\"},{\"@type\":\"ListItem\",\"position\":2,\"name\":\"Tunesien\"}]},{\"@type\":\"WebSite\",\"@id\":\"https:\\\/\\\/4x4-experience.de\\\/4x4\\\/#website\",\"url\":\"https:\\\/\\\/4x4-experience.de\\\/4x4\\\/\",\"name\":\"4x4 Experience, Offroadreise, Offroad Reisen\",\"description\":\"4x4 Offroad Europa und Nordafrika\",\"potentialAction\":[{\"@type\":\"SearchAction\",\"target\":{\"@type\":\"EntryPoint\",\"urlTemplate\":\"https:\\\/\\\/4x4-experience.de\\\/4x4\\\/?s={search_term_string}\"},\"query-input\":{\"@type\":\"PropertyValueSpecification\",\"valueRequired\":true,\"valueName\":\"search_term_string\"}}],\"inLanguage\":\"de\"}]}<\/script>\n<!-- \/ Yoast SEO Premium plugin. -->","yoast_head_json":{"title":"4x4 Tunesien Reise: Offroad Camp Tour mit dem Gel\u00e4ndewagen","description":"4x4 Tunesien Reise. Erlebe Afrikas W\u00fcsten mit dem Gel\u00e4ndewagen. Offroad Touren durch die Sahara by 4x4 Experience.","robots":{"index":"index","follow":"follow","max-snippet":"max-snippet:-1","max-image-preview":"max-image-preview:large","max-video-preview":"max-video-preview:-1"},"canonical":"https:\/\/4x4-experience.de\/4x4\/tunesien\/","og_locale":"de_DE","og_type":"article","og_title":"Tunesien","og_description":"4x4 Tunesien Reise. Erlebe Afrikas W\u00fcsten mit dem Gel\u00e4ndewagen. Offroad Touren durch die Sahara by 4x4 Experience.","og_url":"https:\/\/4x4-experience.de\/4x4\/tunesien\/","og_site_name":"4x4 Experience, Offroadreise, Offroad Reisen","article_publisher":"https:\/\/www.facebook.com\/www.4x4Experience\/","article_modified_time":"2025-09-10T11:10:48+00:00","twitter_card":"summary_large_image","twitter_misc":{"Gesch\u00e4tzte Lesezeit":"1\u00a0Minute"},"schema":{"@context":"https:\/\/schema.org","@graph":[{"@type":"WebPage","@id":"https:\/\/4x4-experience.de\/4x4\/tunesien\/","url":"https:\/\/4x4-experience.de\/4x4\/tunesien\/","name":"4x4 Tunesien Reise: Offroad Camp Tour mit dem Gel\u00e4ndewagen","isPartOf":{"@id":"https:\/\/4x4-experience.de\/4x4\/#website"},"datePublished":"2024-07-16T11:03:15+00:00","dateModified":"2025-09-10T11:10:48+00:00","description":"4x4 Tunesien Reise. Erlebe Afrikas W\u00fcsten mit dem Gel\u00e4ndewagen. Offroad Touren durch die Sahara by 4x4 Experience.","breadcrumb":{"@id":"https:\/\/4x4-experience.de\/4x4\/tunesien\/#breadcrumb"},"inLanguage":"de","potentialAction":[{"@type":"ReadAction","target":["https:\/\/4x4-experience.de\/4x4\/tunesien\/"]}]},{"@type":"BreadcrumbList","@id":"https:\/\/4x4-experience.de\/4x4\/tunesien\/#breadcrumb","itemListElement":[{"@type":"ListItem","position":1,"name":"Startseite","item":"https:\/\/4x4-experience.de\/4x4\/"},{"@type":"ListItem","position":2,"name":"Tunesien"}]},{"@type":"WebSite","@id":"https:\/\/4x4-experience.de\/4x4\/#website","url":"https:\/\/4x4-experience.de\/4x4\/","name":"4x4 Experience, Offroadreise, Offroad Reisen","description":"4x4 Offroad Europa und Nordafrika","potentialAction":[{"@type":"SearchAction","target":{"@type":"EntryPoint","urlTemplate":"https:\/\/4x4-experience.de\/4x4\/?s={search_term_string}"},"query-input":{"@type":"PropertyValueSpecification","valueRequired":true,"valueName":"search_term_string"}}],"inLanguage":"de"}]}},"_links":{"self":[{"href":"https:\/\/4x4-experience.de\/4x4\/wp-json\/wp\/v2\/pages\/2398","targetHints":{"allow":["GET"]}}],"collection":[{"href":"https:\/\/4x4-experience.de\/4x4\/wp-json\/wp\/v2\/pages"}],"about":[{"href":"https:\/\/4x4-experience.de\/4x4\/wp-json\/wp\/v2\/types\/page"}],"author":[{"embeddable":true,"href":"https:\/\/4x4-experience.de\/4x4\/wp-json\/wp\/v2\/users\/1"}],"replies":[{"embeddable":true,"href":"https:\/\/4x4-experience.de\/4x4\/wp-json\/wp\/v2\/comments?post=2398"}],"version-history":[{"count":7,"href":"https:\/\/4x4-experience.de\/4x4\/wp-json\/wp\/v2\/pages\/2398\/revisions"}],"predecessor-version":[{"id":3228,"href":"https:\/\/4x4-experience.de\/4x4\/wp-json\/wp\/v2\/pages\/2398\/revisions\/3228"}],"wp:attachment":[{"href":"https:\/\/4x4-experience.de\/4x4\/wp-json\/wp\/v2\/media?parent=2398"}],"curies":[{"name":"wp","href":"https:\/\/api.w.org\/{rel}","templated":true}]}}