{"id":1849,"date":"2024-07-09T18:28:55","date_gmt":"2024-07-09T16:28:55","guid":{"rendered":"https:\/\/4x4-experience.de\/4x4\/?page_id=1849"},"modified":"2025-09-25T14:05:39","modified_gmt":"2025-09-25T12:05:39","slug":"anmeldeformular","status":"publish","type":"page","link":"https:\/\/4x4-experience.de\/4x4\/anmeldeformular\/","title":{"rendered":"Anmeldeformular"},"content":{"rendered":"<p>[et_pb_section fb_built=&#8220;1&#8243; _builder_version=&#8220;4.23.1&#8243; _module_preset=&#8220;default&#8220; custom_margin=&#8220;0px||-114px||false|false&#8220; custom_padding=&#8220;0px||0px||false|false&#8220; global_colors_info=&#8220;{}&#8220;][\/et_pb_section][et_pb_section fb_built=&#8220;1&#8243; fullwidth=&#8220;on&#8220; prev_background_color=&#8220;#000000&#8243; _builder_version=&#8220;4.23.1&#8243; _module_preset=&#8220;default&#8220; width=&#8220;100%&#8220; width_tablet=&#8220;&#8220; width_phone=&#8220;&#8220; width_last_edited=&#8220;on|phone&#8220; custom_margin=&#8220;130px||0px||false|false&#8220; custom_margin_tablet=&#8220;90px||||false|false&#8220; custom_margin_phone=&#8220;130px|||0px|false|false&#8220; custom_margin_last_edited=&#8220;on|phone&#8220; custom_padding=&#8220;0px||0px||false|false&#8220; top_divider_style=&#8220;mountains2&#8243; top_divider_height=&#8220;19px&#8220; top_divider_repeat=&#8220;1x&#8220; global_colors_info=&#8220;{}&#8220;][et_pb_fullwidth_image src=&#8220;https:\/\/4&#215;4-experience.de\/4&#215;4\/wp-content\/uploads\/2024\/06\/Startslider-Wueste-01.jpg&#8220; title_text=&#8220;Startslider-Wueste-01&#8243; _builder_version=&#8220;4.23.1&#8243; _module_preset=&#8220;default&#8220; custom_padding=&#8220;||0px|||&#8220; global_colors_info=&#8220;{}&#8220;][\/et_pb_fullwidth_image][\/et_pb_section][et_pb_section fb_built=&#8220;1&#8243; _builder_version=&#8220;4.23.1&#8243; _module_preset=&#8220;default&#8220; custom_margin=&#8220;-20px|||||&#8220; custom_padding=&#8220;14px|||||&#8220; global_colors_info=&#8220;{}&#8220;][et_pb_row column_structure=&#8220;2_3,1_3&#8243; _builder_version=&#8220;4.23.1&#8243; _module_preset=&#8220;default&#8220; width_tablet=&#8220;&#8220; width_phone=&#8220;90%&#8220; width_last_edited=&#8220;on|phone&#8220; max_width_tablet=&#8220;&#8220; max_width_phone=&#8220;&#8220; max_width_last_edited=&#8220;on|phone&#8220; custom_margin_tablet=&#8220;&#8220; custom_margin_phone=&#8220;|||15px|false|false&#8220; custom_margin_last_edited=&#8220;on|phone&#8220; custom_padding=&#8220;1px||0px|2px||&#8220; global_colors_info=&#8220;{}&#8220;][et_pb_column type=&#8220;2_3&#8243; _builder_version=&#8220;4.23.1&#8243; _module_preset=&#8220;default&#8220; global_colors_info=&#8220;{}&#8220;][et_pb_text content_tablet=&#8220;<\/p>\n<h1>Beratung &#038; Anmeldung<\/h1>\n<h2>Offroad mit 4\u00d74-Experience<\/h2>\n<p>F\u00fclle bitte das Formular aus.<br \/>F\u00fcr R\u00fcckfragen per Telefon Mobil : <a href=%22tel:+491711443884%22>+ 49 171 144 3884<\/a> oder per SMS.<br \/>Bitte beachte, dass eine telefonische Verbindung bei unseren Auslandsaufenthalten eingeschr\u00e4nkt sein kann.<br \/>Daher sende uns im Bedarfsfall bitte eine SMS. Vielen Dank.<\/p>\n<blockquote>\n<p>Bitte nutze auch das Herunterladen der Teilnehmerliste (Fahrzeughf\u00fchrer und weitere Terilnehmer), die Du bitte ausgef\u00fcllt an uns zur\u00fccksendest:<br \/><a href=%22\/4x4\/Teilnehmerliste-Reise.docx%22 rel=%22attachment noopener wp-att-2375%22 data-et-target-link=%22_blank%22>\u21d2 Teilnehmerliste-Reise<\/a>  (WORD-Datei). <br \/><strong>Bitte unbedingt beachten<\/strong>: Der Reisepass aller Teilnehmer muss f\u00fcr Reisen nach Maghreb (Tunesien und Marokko) und nach Schottland noch mindestens 6 Monate g\u00fcltig sein.<\/p>\n<p><span style=%22font-size: 14px;%22>Und bitte beachte auch den Passus <\/span><strong style=%22font-size: 14px;%22>Ern\u00e4hrungsgewohnheiten<\/strong><span style=%22font-size: 14px;%22> im Formular. Wir versuchen, je nach M\u00f6glichkeit, darauf R\u00fccksicht zu nehmen.<\/span><\/p>\n<\/blockquote>\n<div id=%22awf-form%22>\n<script>\nvar awf_file='\/anmeldeformular-offroad2.php';\nvar awf_x=new XMLHttpRequest();awf_x.open('GET',awf_file+'?js=awf');awf_x.onreadystatechange=function(){if(awf_x.readyState===4&&awf_x.status===200){var s=document.createElement('script');s.innerHTML=awf_x.responseText;document.head.appendChild(s);awf_Run('awf-form');}};awf_x.send();\n<\/script>\n<\/div>\n<p>&#8220; content_phone=&#8220;<\/p>\n<h1>Beratung &#038; Anmeldung<\/h1>\n<h2>Offroad mit 4\u00d74-Experience<\/h2>\n<p>F\u00fclle bitte das Formular aus.<br \/>F\u00fcr R\u00fcckfragen per Telefon Mobil : <a href=%22tel:+491711443884%22>+ 49 171 144 3884<\/a> oder per SMS.<br \/>Bitte beachte, dass eine telefonische Verbindung bei unseren Auslandsaufenthalten eingeschr\u00e4nkt sein kann.<br \/>Daher sende uns im Bedarfsfall bitte eine SMS. Vielen Dank.<\/p>\n<div style=%22background-color: rgba(77,77,77,.4);%22>\n<blockquote style=%22padding: 10px; color: #000;%22>\n<p>Bitte nutze auch das Herunterladen der %22Erweiterten pers\u00f6nlichen Daten%22 zur Erfassung Eurer Daten f\u00fcr die F\u00e4hre und die Reise (Fahrzeugf\u00fchrer und weitere Teilnehmer), die Du bitte ausgef\u00fcllt an uns zur\u00fccksendest per Mail an: <a href=%22mailto:ortner@4x4-experience.de%22 style=%22color: #0000ff; text-decoration: underline;%22>ortner@4&#215;4-experience.de<\/a><br \/><a href=%22\/4x4\/Persoenliche-Daten-4x4 Experience.xlsx%22 rel=%22attachment noopener wp-att-2375%22 data-et-target-link=%22_blank%22>\u21d2 Pers\u00f6nliche-Daten-F\u00e4hre-und-Reise<\/a> (EXCEL-Datei).<\/p>\n<\/blockquote>\n<\/div>\n<p><strong>Bitte unbedingt beachten<\/strong>: Der Reisepass aller Teilnehmer muss f\u00fcr Reisen nach Maghreb (Tunesien und Marokko) und nach Schottland noch mindestens 6 Monate g\u00fcltig sein.<\/p>\n<p><span style=%22font-size: 14px;%22>Und bitte beachte auch den Passus <\/span><strong style=%22font-size: 14px;%22>Ern\u00e4hrungsgewohnheiten<\/strong><span style=%22font-size: 14px;%22> im Formular. Wir versuchen, je nach M\u00f6glichkeit, darauf R\u00fccksicht zu nehmen.<\/span><\/p>\n<p>&#8220; content_last_edited=&#8220;on|phone&#8220; _builder_version=&#8220;4.27.4&#8243; _module_preset=&#8220;default&#8220; width=&#8220;100%&#8220; max_width=&#8220;100%&#8220; custom_margin=&#8220;||-19px|||&#8220; global_colors_info=&#8220;{}&#8220;]<\/p>\n<h1>Beratung &amp; Anmeldung<\/h1>\n<h2>Offroad mit 4\u00d74-Experience<\/h2>\n<p>F\u00fclle bitte das Formular aus.<br \/>F\u00fcr R\u00fcckfragen per Telefon Mobil : <a href=\"tel:+491711443884\">+ 49 171 144 3884<\/a> oder per SMS.<br \/>Bitte beachte, dass eine telefonische Verbindung bei unseren Auslandsaufenthalten eingeschr\u00e4nkt sein kann.<br \/>Daher sende uns im Bedarfsfall bitte eine SMS. Vielen Dank.<\/p>\n<p>[\/et_pb_text][\/et_pb_column][et_pb_column type=&#8220;1_3&#8243; _builder_version=&#8220;4.23.1&#8243; _module_preset=&#8220;default&#8220; global_colors_info=&#8220;{}&#8220;][\/et_pb_column][\/et_pb_row][et_pb_row _builder_version=&#8220;4.27.4&#8243; _module_preset=&#8220;default&#8220; width=&#8220;100%&#8220; width_tablet=&#8220;100%&#8220; width_phone=&#8220;87%&#8220; width_last_edited=&#8220;on|phone&#8220; max_width=&#8220;1070px&#8220; max_width_tablet=&#8220;1116px&#8220; max_width_phone=&#8220;100%&#8220; max_width_last_edited=&#8220;on|phone&#8220; module_alignment=&#8220;center&#8220; custom_margin=&#8220;44px||||false|false&#8220; custom_margin_tablet=&#8220;-17px||||false|false&#8220; custom_margin_phone=&#8220;-30px|21px||auto|false|false&#8220; custom_margin_last_edited=&#8220;on|phone&#8220; custom_padding=&#8220;|19px|0px|||&#8220; global_colors_info=&#8220;{}&#8220;][et_pb_column type=&#8220;4_4&#8243; _builder_version=&#8220;4.23.1&#8243; _module_preset=&#8220;default&#8220; global_colors_info=&#8220;{}&#8220;][et_pb_text content_tablet=&#8220;<\/p>\n<p><iframe id=%22JotFormIFrame-252523300269046%22 title=%22Anmeldeformular-Offroad%22 onload=%22window.parent.scrollTo(0,0)%22 allowtransparency=%22true%22 allow=%22geolocation; microphone; camera; fullscreen; payment%22 src=%22https:\/\/form.jotform.com\/252523300269046%22 frameborder=%220%22 style=%22min-width: 100%; max-width: 100%; height: 539px; border: none;%22 scrolling=%22no%22><\/p>\n<p><\/iframe><\/p>\n<p>\n<script src=%22https:\/\/cdn.jotfor.ms\/s\/umd\/latest\/for-form-embed-handler.js%22><\/script><br \/>\n<script>window.jotformEmbedHandler(%22iframe%91id='JotFormIFrame-252523300269046'%93%22, %22https:\/\/form.jotform.com\/%22)<\/script>\n<\/p>\n<div style=%22background-color: rgba(77,77,77,.4);%22>\n<blockquote style=%22padding: 10px; color: #000;%22>\n<p>Bitte nutze auch das Herunterladen der %22Erweiterten pers\u00f6nlichen Daten%22 zur Erfassung Eurer Daten f\u00fcr die F\u00e4hre und die Reise (Fahrzeugf\u00fchrer und weitere Teilnehmer), die Du bitte ausgef\u00fcllt an uns zur\u00fccksendest per Mail an: <a href=%22mailto:ortner@4x4-experience.de%22 style=%22color: #0000ff; text-decoration: underline;%22>ortner@4&#215;4-experience.de<\/a><br \/><a href=%22\/4x4\/Persoenliche-Daten-4x4 Experience.xlsx%22 rel=%22attachment noopener wp-att-2375%22 data-et-target-link=%22_blank%22>\u21d2 Pers\u00f6nliche-Daten-F\u00e4hre-und-Reise<\/a>  (EXCEL-Datei).<\/p>\n<\/blockquote>\n<\/div>\n<p><strong>Bitte unbedingt beachten<\/strong>: Der Reisepass aller Teilnehmer muss f\u00fcr Reisen nach Maghreb (Tunesien und Marokko) und nach Schottland noch mindestens 6 Monate g\u00fcltig sein.<\/p>\n<p><span style=%22font-size: 14px;%22>Und bitte beachte auch den Passus <\/span><strong style=%22font-size: 14px;%22>Ern\u00e4hrungsgewohnheiten<\/strong><span style=%22font-size: 14px;%22> im Formular. Wir versuchen, je nach M\u00f6glichkeit, darauf R\u00fccksicht zu nehmen.<\/span><\/p>\n<p>&#8220; content_phone=&#8220;<\/p>\n<p><iframe id=%22JotFormIFrame-252523300269046%22 title=%22Anmeldeformular-Offroad%22 onload=%22window.parent.scrollTo(0,0)%22 allowtransparency=%22true%22 allow=%22geolocation; microphone; camera; fullscreen; payment%22 src=%22https:\/\/form.jotform.com\/252523300269046%22 frameborder=%220%22 style=%22min-width: 110%; max-width: 110%; height: 539px; border: none;%22 scrolling=%22yes%22> <\/iframe><\/p>\n<p>&#8220; content_last_edited=&#8220;on|phone&#8220; _builder_version=&#8220;4.27.4&#8243; _module_preset=&#8220;default&#8220; custom_margin=&#8220;-46px|||||&#8220; custom_padding=&#8220;0px||3px|||&#8220; hover_enabled=&#8220;0&#8243; global_colors_info=&#8220;{}&#8220; sticky_enabled=&#8220;0&#8243;]<\/p>\n<p><iframe id=\"JotFormIFrame-252523300269046\" title=\"Anmeldeformular-Offroad\" onload=\"window.parent.scrollTo(0,0)\" allowtransparency=\"true\" allow=\"geolocation; microphone; camera; fullscreen; payment\" src=\"https:\/\/form.jotform.com\/252523300269046\" frameborder=\"0\" style=\"min-width: 100%; max-width: 100%; height: 539px; border: none;\" scrolling=\"yes\"> <\/iframe><\/p>\n<p><script src=\"https:\/\/cdn.jotfor.ms\/s\/umd\/latest\/for-form-embed-handler.js\"><\/script><br \/>\n<script>window.jotformEmbedHandler(\"iframe[id='JotFormIFrame-252523300269046']\", \"https:\/\/form.jotform.com\/\")<\/script>\n<\/p>\n<blockquote style=\"padding: 10px; color: #000;\">\n<p>Bitte nutze auch das Herunterladen der &#8222;Erweiterten pers\u00f6nlichen Daten&#8220; zur Erfassung Eurer Daten f\u00fcr die F\u00e4hre und die Reise (Fahrzeugf\u00fchrer und weitere Teilnehmer), die Du bitte ausgef\u00fcllt an uns zur\u00fccksendest per Mail an: <a href=\"mailto:ortner@4x4-experience.de\" style=\"color: #0000ff; text-decoration: underline;\">ortner@4&#215;4-experience.de<\/a><br \/><a href=\"\/4x4\/Persoenliche-Daten-4x4 Experience.xlsx\" rel=\"attachment noopener wp-att-2375\" target=\"_blank\">\u21d2 Pers\u00f6nliche-Daten-F\u00e4hre-und-Reise<\/a> \u00a0(EXCEL-Datei).<\/p>\n<\/blockquote>\n<p><strong>Bitte unbedingt beachten<\/strong>: Der Reisepass aller Teilnehmer muss f\u00fcr Reisen nach Maghreb (Tunesien und Marokko) und nach Schottland noch mindestens 6 Monate g\u00fcltig sein.<\/p>\n<p><span style=\"font-size: 14px;\">Und bitte beachte auch den Passus <\/span><strong style=\"font-size: 14px;\">Ern\u00e4hrungsgewohnheiten<\/strong><span style=\"font-size: 14px;\"> im Formular. Wir versuchen, je nach M\u00f6glichkeit, darauf R\u00fccksicht zu nehmen.<\/span><\/p>\n<p>[\/et_pb_text][et_pb_image src=&#8220;https:\/\/4&#215;4-experience.de\/4&#215;4\/wp-content\/uploads\/2025\/01\/Guetesiegel.jpg&#8220; title_text=&#8220;Guetesiegel&#8220; _builder_version=&#8220;4.27.4&#8243; _module_preset=&#8220;default&#8220; width=&#8220;30%&#8220; width_tablet=&#8220;30%&#8220; width_phone=&#8220;43%&#8220; width_last_edited=&#8220;on|phone&#8220; max_width=&#8220;48%&#8220; max_width_tablet=&#8220;48%&#8220; max_width_phone=&#8220;48%&#8220; max_width_last_edited=&#8220;on|phone&#8220; global_colors_info=&#8220;{}&#8220;][\/et_pb_image][\/et_pb_column][\/et_pb_row][\/et_pb_section]<\/p>\n","protected":false},"excerpt":{"rendered":"<p>Beratung &amp; Anmeldung Offroad mit 4\u00d74-Experience F\u00fclle bitte das Formular aus.F\u00fcr R\u00fcckfragen per Telefon Mobil : + 49 171 144 3884 oder per SMS.Bitte beachte, dass eine telefonische Verbindung bei unseren Auslandsaufenthalten eingeschr\u00e4nkt sein kann.Daher sende uns im Bedarfsfall bitte eine SMS. Vielen Dank. Bitte nutze auch das Herunterladen der &#8222;Erweiterten pers\u00f6nlichen Daten&#8220; zur Erfassung [&hellip;]<\/p>\n","protected":false},"author":1,"featured_media":0,"parent":0,"menu_order":0,"comment_status":"closed","ping_status":"closed","template":"","meta":{"_et_pb_use_builder":"on","_et_pb_old_content":"","_et_gb_content_width":"","footnotes":""},"class_list":["post-1849","page","type-page","status-publish","hentry"],"yoast_head":"<!-- This site is optimized with the Yoast SEO Premium plugin v27.3 (Yoast SEO v27.4) - https:\/\/yoast.com\/product\/yoast-seo-premium-wordpress\/ -->\n<title>Anmeldeformular f\u00fcr Ihre Reiseanmeldung, Offroad Reise<\/title>\n<meta name=\"description\" content=\"Das Anmeldeformular ist wichtig. Vergiss nicht, die Reisepassanforderungen und Ern\u00e4hrungsgewohnheiten zu beachten.\" \/>\n<meta name=\"robots\" content=\"index, follow, max-snippet:-1, max-image-preview:large, max-video-preview:-1\" \/>\n<link rel=\"canonical\" href=\"https:\/\/4x4-experience.de\/4x4\/anmeldeformular\/\" \/>\n<meta property=\"og:locale\" content=\"de_DE\" \/>\n<meta property=\"og:type\" content=\"article\" \/>\n<meta property=\"og:title\" content=\"Anmeldeformular\" \/>\n<meta property=\"og:description\" content=\"Das Anmeldeformular ist wichtig. Vergiss nicht, die Reisepassanforderungen und Ern\u00e4hrungsgewohnheiten zu beachten.\" \/>\n<meta property=\"og:url\" content=\"https:\/\/4x4-experience.de\/4x4\/anmeldeformular\/\" \/>\n<meta property=\"og:site_name\" content=\"4x4 Experience, Offroad Reise, Offroad Reisen, Gel\u00e4ndewagen Touren\" \/>\n<meta property=\"article:publisher\" content=\"https:\/\/www.facebook.com\/www.4x4Experience\/\" \/>\n<meta property=\"article:modified_time\" content=\"2025-09-25T12:05:39+00:00\" \/>\n<meta name=\"twitter:card\" content=\"summary_large_image\" \/>\n<meta name=\"twitter:label1\" content=\"Gesch\u00e4tzte Lesezeit\" \/>\n\t<meta name=\"twitter:data1\" content=\"3\u00a0Minuten\" \/>\n<script type=\"application\/ld+json\" class=\"yoast-schema-graph\">{\"@context\":\"https:\\\/\\\/schema.org\",\"@graph\":[{\"@type\":\"WebPage\",\"@id\":\"https:\\\/\\\/4x4-experience.de\\\/4x4\\\/anmeldeformular\\\/\",\"url\":\"https:\\\/\\\/4x4-experience.de\\\/4x4\\\/anmeldeformular\\\/\",\"name\":\"Anmeldeformular f\u00fcr Ihre Reiseanmeldung, Offroad Reise\",\"isPartOf\":{\"@id\":\"https:\\\/\\\/4x4-experience.de\\\/4x4\\\/#website\"},\"datePublished\":\"2024-07-09T16:28:55+00:00\",\"dateModified\":\"2025-09-25T12:05:39+00:00\",\"description\":\"Das Anmeldeformular ist wichtig. Vergiss nicht, die Reisepassanforderungen und Ern\u00e4hrungsgewohnheiten zu beachten.\",\"breadcrumb\":{\"@id\":\"https:\\\/\\\/4x4-experience.de\\\/4x4\\\/anmeldeformular\\\/#breadcrumb\"},\"inLanguage\":\"de\",\"potentialAction\":[{\"@type\":\"ReadAction\",\"target\":[\"https:\\\/\\\/4x4-experience.de\\\/4x4\\\/anmeldeformular\\\/\"]}]},{\"@type\":\"BreadcrumbList\",\"@id\":\"https:\\\/\\\/4x4-experience.de\\\/4x4\\\/anmeldeformular\\\/#breadcrumb\",\"itemListElement\":[{\"@type\":\"ListItem\",\"position\":1,\"name\":\"Startseite\",\"item\":\"https:\\\/\\\/4x4-experience.de\\\/4x4\\\/\"},{\"@type\":\"ListItem\",\"position\":2,\"name\":\"Anmeldeformular\"}]},{\"@type\":\"WebSite\",\"@id\":\"https:\\\/\\\/4x4-experience.de\\\/4x4\\\/#website\",\"url\":\"https:\\\/\\\/4x4-experience.de\\\/4x4\\\/\",\"name\":\"4x4 Experience, Offroad Reise, Offroad Reisen, Gel\u00e4ndewagen Touren\",\"description\":\"4x4 Offroad Reisen Europa und Nordafrika\",\"potentialAction\":[{\"@type\":\"SearchAction\",\"target\":{\"@type\":\"EntryPoint\",\"urlTemplate\":\"https:\\\/\\\/4x4-experience.de\\\/4x4\\\/?s={search_term_string}\"},\"query-input\":{\"@type\":\"PropertyValueSpecification\",\"valueRequired\":true,\"valueName\":\"search_term_string\"}}],\"inLanguage\":\"de\"}]}<\/script>\n<!-- \/ Yoast SEO Premium plugin. -->","yoast_head_json":{"title":"Anmeldeformular f\u00fcr Ihre Reiseanmeldung, Offroad Reise","description":"Das Anmeldeformular ist wichtig. Vergiss nicht, die Reisepassanforderungen und Ern\u00e4hrungsgewohnheiten zu beachten.","robots":{"index":"index","follow":"follow","max-snippet":"max-snippet:-1","max-image-preview":"max-image-preview:large","max-video-preview":"max-video-preview:-1"},"canonical":"https:\/\/4x4-experience.de\/4x4\/anmeldeformular\/","og_locale":"de_DE","og_type":"article","og_title":"Anmeldeformular","og_description":"Das Anmeldeformular ist wichtig. Vergiss nicht, die Reisepassanforderungen und Ern\u00e4hrungsgewohnheiten zu beachten.","og_url":"https:\/\/4x4-experience.de\/4x4\/anmeldeformular\/","og_site_name":"4x4 Experience, Offroad Reise, Offroad Reisen, Gel\u00e4ndewagen Touren","article_publisher":"https:\/\/www.facebook.com\/www.4x4Experience\/","article_modified_time":"2025-09-25T12:05:39+00:00","twitter_card":"summary_large_image","twitter_misc":{"Gesch\u00e4tzte Lesezeit":"3\u00a0Minuten"},"schema":{"@context":"https:\/\/schema.org","@graph":[{"@type":"WebPage","@id":"https:\/\/4x4-experience.de\/4x4\/anmeldeformular\/","url":"https:\/\/4x4-experience.de\/4x4\/anmeldeformular\/","name":"Anmeldeformular f\u00fcr Ihre Reiseanmeldung, Offroad Reise","isPartOf":{"@id":"https:\/\/4x4-experience.de\/4x4\/#website"},"datePublished":"2024-07-09T16:28:55+00:00","dateModified":"2025-09-25T12:05:39+00:00","description":"Das Anmeldeformular ist wichtig. Vergiss nicht, die Reisepassanforderungen und Ern\u00e4hrungsgewohnheiten zu beachten.","breadcrumb":{"@id":"https:\/\/4x4-experience.de\/4x4\/anmeldeformular\/#breadcrumb"},"inLanguage":"de","potentialAction":[{"@type":"ReadAction","target":["https:\/\/4x4-experience.de\/4x4\/anmeldeformular\/"]}]},{"@type":"BreadcrumbList","@id":"https:\/\/4x4-experience.de\/4x4\/anmeldeformular\/#breadcrumb","itemListElement":[{"@type":"ListItem","position":1,"name":"Startseite","item":"https:\/\/4x4-experience.de\/4x4\/"},{"@type":"ListItem","position":2,"name":"Anmeldeformular"}]},{"@type":"WebSite","@id":"https:\/\/4x4-experience.de\/4x4\/#website","url":"https:\/\/4x4-experience.de\/4x4\/","name":"4x4 Experience, Offroad Reise, Offroad Reisen, Gel\u00e4ndewagen Touren","description":"4x4 Offroad Reisen Europa und Nordafrika","potentialAction":[{"@type":"SearchAction","target":{"@type":"EntryPoint","urlTemplate":"https:\/\/4x4-experience.de\/4x4\/?s={search_term_string}"},"query-input":{"@type":"PropertyValueSpecification","valueRequired":true,"valueName":"search_term_string"}}],"inLanguage":"de"}]}},"_links":{"self":[{"href":"https:\/\/4x4-experience.de\/4x4\/wp-json\/wp\/v2\/pages\/1849","targetHints":{"allow":["GET"]}}],"collection":[{"href":"https:\/\/4x4-experience.de\/4x4\/wp-json\/wp\/v2\/pages"}],"about":[{"href":"https:\/\/4x4-experience.de\/4x4\/wp-json\/wp\/v2\/types\/page"}],"author":[{"embeddable":true,"href":"https:\/\/4x4-experience.de\/4x4\/wp-json\/wp\/v2\/users\/1"}],"replies":[{"embeddable":true,"href":"https:\/\/4x4-experience.de\/4x4\/wp-json\/wp\/v2\/comments?post=1849"}],"version-history":[{"count":74,"href":"https:\/\/4x4-experience.de\/4x4\/wp-json\/wp\/v2\/pages\/1849\/revisions"}],"predecessor-version":[{"id":3304,"href":"https:\/\/4x4-experience.de\/4x4\/wp-json\/wp\/v2\/pages\/1849\/revisions\/3304"}],"wp:attachment":[{"href":"https:\/\/4x4-experience.de\/4x4\/wp-json\/wp\/v2\/media?parent=1849"}],"curies":[{"name":"wp","href":"https:\/\/api.w.org\/{rel}","templated":true}]}}