{"id":1787,"date":"2024-07-09T12:18:35","date_gmt":"2024-07-09T10:18:35","guid":{"rendered":"https:\/\/4x4-experience.de\/4x4\/?page_id=1787"},"modified":"2025-08-29T12:44:26","modified_gmt":"2025-08-29T10:44:26","slug":"reisebericht-tunesien-2023","status":"publish","type":"page","link":"https:\/\/4x4-experience.de\/4x4\/reisebericht-tunesien-2023\/","title":{"rendered":"Reisebericht Tunesien 2023"},"content":{"rendered":"\n[et_pb_section fb_built=&#8220;1&#8243; _builder_version=&#8220;4.23.1&#8243; _module_preset=&#8220;default&#8220; custom_margin=&#8220;0px||-114px||false|false&#8220; custom_padding=&#8220;0px||0px||false|false&#8220; global_colors_info=&#8220;{}&#8220;][\/et_pb_section][et_pb_section fb_built=&#8220;1&#8243; _builder_version=&#8220;4.23.1&#8243; _module_preset=&#8220;default&#8220; custom_margin=&#8220;||-6px|||&#8220; custom_padding=&#8220;||0px|||&#8220; global_colors_info=&#8220;{}&#8220;][\/et_pb_section][et_pb_section fb_built=&#8220;1&#8243; _builder_version=&#8220;4.23.1&#8243; _module_preset=&#8220;default&#8220; custom_padding=&#8220;168px||0px|||&#8220; hover_enabled=&#8220;0&#8243; global_colors_info=&#8220;{}&#8220; sticky_enabled=&#8220;0&#8243;][et_pb_row _builder_version=&#8220;4.23.1&#8243; _module_preset=&#8220;default&#8220; custom_margin=&#8220;|auto|-5px|auto||&#8220; custom_padding=&#8220;2px||10px|||&#8220; global_colors_info=&#8220;{}&#8220;][et_pb_column type=&#8220;4_4&#8243; _builder_version=&#8220;4.23.1&#8243; _module_preset=&#8220;default&#8220; global_colors_info=&#8220;{}&#8220;][et_pb_text _builder_version=&#8220;4.23.1&#8243; _module_preset=&#8220;default&#8220; hover_enabled=&#8220;0&#8243; custom_css_free_form=&#8220;h2 {font-size: 17pt}&#8220; global_colors_info=&#8220;{}&#8220; sticky_enabled=&#8220;0&#8243;]<h1 class=\"title\">Reisebericht Tunesien 2023<\/h1>\n<p>Reisebericht von Thomas Leutwyler<\/p>\n<p>Die 4\u00d74 Experience bietet jeweils im Fr\u00fchjahr zwei Reisen in die Tunesische Sahara an. Einmal f\u00fcr die Sand-Profis \u00abSahara Extrem\u00bb und einmal f\u00fcr die Sanderfahrenen und Anf\u00e4nger die \u00abExpedition an den verlorenen See\u00bb.<\/p>\n<p>Als Sand-Anf\u00e4nger habe ich mich an der diesj\u00e4hrigen Expedition an den verlorenen See beteiligt. Da es nicht gelingen wird, diese grossartige Landschaft mit Worten zu beschreiben \u2013 das musst du selbst erfahren \u2013 und auch Fotos die tiefen Eindr\u00fccke vor Ort nicht ersetzen k\u00f6nnen, gehe ich nur auf einzelne Punkte dieser tollen Reise ein!<\/p>\n<figure class=\"wp-block-image size-large\"><img loading=\"lazy\" decoding=\"async\" width=\"1024\" height=\"360\" src=\"https:\/\/4x4-experience.de\/4x4\/wp-content\/uploads\/Tunesien-00-2023-1024x360.jpg\" alt=\"\" class=\"wp-image-5934\" srcset=\"https:\/\/4x4-experience.de\/4x4\/wp-content\/uploads\/Tunesien-00-2023-1024x360.jpg 1024w, https:\/\/4x4-experience.de\/4x4\/wp-content\/uploads\/Tunesien-00-2023-300x106.jpg 300w, https:\/\/4x4-experience.de\/4x4\/wp-content\/uploads\/Tunesien-00-2023-768x270.jpg 768w, https:\/\/4x4-experience.de\/4x4\/wp-content\/uploads\/Tunesien-00-2023-1536x541.jpg 1536w, https:\/\/4x4-experience.de\/4x4\/wp-content\/uploads\/Tunesien-00-2023-1320x465.jpg 1320w, https:\/\/4x4-experience.de\/4x4\/wp-content\/uploads\/Tunesien-00-2023.jpg 1818w\" sizes=\"(max-width: 1024px) 100vw, 1024px\" \/><\/p>\n<figcaption class=\"wp-element-caption\">Unendliche W\u00fcstenlandschaft<\/figcaption>\n<\/figure>\n<p><strong>Reisen mit Verpflegung:<\/strong><\/p>\n<p>Im Beschrieb von Michael heisst diese Dienstleistung schlicht \u00abCatering\u00bb. Das einheimische 10 Mann-Team hat uns aber vielmehr ein rundum \u00abWohlf\u00fchlpaket\u00bb geboten! Nebst drei t\u00e4glichen Mahlzeiten wurde jeweils in Windeseile ein Ess- und Aufenthaltszelt an jedem Abend f\u00fcr uns aufgestellt. Das abwechslungsreiche Essen war echt ein spezieller Genuss. Mit einfachsten Hilfsmitteln wurden wir mitten in der Sahara immer wieder aufs Neue verw\u00f6hnt und Abends sogar mit traditionellen Ges\u00e4ngen \u00fcberrascht. Habib \u2013 der Chef des Teams \u2013 hat sich aber auch jedem weiteren \u00abProblemchen\u00bb angenommen und jeweils rasch eine L\u00f6sung gefunden.<\/p>\n<p>F\u00fcr mich war Reisen mit \u00abCatering\u00bb neu. Ich habe diesen stehts freundlichen Service und die dadurch deutlich gr\u00f6ssere \u00abFreizeit\u00bb \u2013 nach dem \u00abharten Arbeitstag\u00bb \u2013 sehr genossen.<\/p>\n<div class=\"wp-block-columns is-layout-flex wp-container-core-columns-is-layout-4 wp-block-columns-is-layout-flex\">\n<div class=\"wp-block-column is-layout-flow wp-block-column-is-layout-flow\">\n<figure class=\"wp-block-image size-full\"><img loading=\"lazy\" decoding=\"async\" width=\"720\" height=\"960\" src=\"https:\/\/4x4-experience.de\/4x4\/wp-content\/uploads\/Tunesien-05-2023-1.jpg\" alt=\"\" class=\"wp-image-5936\" srcset=\"https:\/\/4x4-experience.de\/4x4\/wp-content\/uploads\/Tunesien-05-2023-1.jpg 720w, https:\/\/4x4-experience.de\/4x4\/wp-content\/uploads\/Tunesien-05-2023-1-225x300.jpg 225w, https:\/\/4x4-experience.de\/4x4\/wp-content\/uploads\/Tunesien-05-2023-1-113x150.jpg 113w\" sizes=\"(max-width: 720px) 100vw, 720px\" \/><\/figure>\n<\/div>\n<div class=\"wp-block-column is-layout-flow wp-block-column-is-layout-flow\">\n<figure class=\"wp-block-image size-full\"><img loading=\"lazy\" decoding=\"async\" width=\"720\" height=\"960\" src=\"https:\/\/4x4-experience.de\/4x4\/wp-content\/uploads\/Tunesien-02-2023.jpg\" alt=\"\" class=\"wp-image-5937\" srcset=\"https:\/\/4x4-experience.de\/4x4\/wp-content\/uploads\/Tunesien-02-2023.jpg 720w, https:\/\/4x4-experience.de\/4x4\/wp-content\/uploads\/Tunesien-02-2023-225x300.jpg 225w, https:\/\/4x4-experience.de\/4x4\/wp-content\/uploads\/Tunesien-02-2023-113x150.jpg 113w\" sizes=\"(max-width: 720px) 100vw, 720px\" \/><\/figure>\n<\/div>\n<\/div>\n<p><strong>Das begleitende Team:<\/strong><\/p>\n<p>Es war jederzeit sichtbar, dass jeder des 10 Mann-Teams, trotz der harten Arbeit, grosse Freude am eigenen Wirken hatte. Michael ist es in den vergangen 15 Jahren gelungen, eine vertrauensvolle und freundschaftliche Zusammenarbeit zu festigen. Sie nennen ihn \u00abewiger Bruder\u00bb\u2026 welch eine Ehre! Ich hatte echt nie das Gef\u00fchl, dass bei den engagierten M\u00e4nnern das \u00abGeld\u00bb im Vordergrund stand\u2026<\/p>\n<p>Dabei gilt es nicht zu vergessen, dass der Guide, die K\u00fcchenmannschaft und unser Mechaniker t\u00e4glich \u00abnebenbei\u00bb noch die gleiche Offroad-Strecke wie wir zur\u00fcckgelegt haben.<\/p>\n<p>Die funkelnden Augen anl\u00e4sslich der Tombola am Ende der Reise werde ich nie vergessen. N\u00e4chstes Mal werde ich vermehrt n\u00fctzliche Sachen (Essen, S\u00fcssigkeiten, Kleider, Werkzeug usw.) einpacken, um die wirklich selbstlosen M\u00e4nner zu begl\u00fccken.<\/p>\n<div class=\"wp-block-columns is-layout-flex wp-container-core-columns-is-layout-5 wp-block-columns-is-layout-flex\">\n<div class=\"wp-block-column is-layout-flow wp-block-column-is-layout-flow\">\n<figure class=\"wp-block-image size-full\"><img loading=\"lazy\" decoding=\"async\" width=\"720\" height=\"960\" src=\"https:\/\/4x4-experience.de\/4x4\/wp-content\/uploads\/Tunesien-05a-2023.jpg\" alt=\"\" class=\"wp-image-5939\" srcset=\"https:\/\/4x4-experience.de\/4x4\/wp-content\/uploads\/Tunesien-05a-2023.jpg 720w, https:\/\/4x4-experience.de\/4x4\/wp-content\/uploads\/Tunesien-05a-2023-225x300.jpg 225w, https:\/\/4x4-experience.de\/4x4\/wp-content\/uploads\/Tunesien-05a-2023-113x150.jpg 113w\" sizes=\"(max-width: 720px) 100vw, 720px\" \/><\/figure>\n<\/div>\n<div class=\"wp-block-column is-layout-flow wp-block-column-is-layout-flow\">\n<p><strong>Das begleitende Team:<\/strong><\/p>\n<p>Es war jederzeit sichtbar, dass jeder des 10 Mann-Teams, trotz der harten Arbeit, grosse Freude am eigenen Wirken hatte. Michael ist es in den vergangen 15 Jahren gelungen, eine vertrauensvolle und freundschaftliche Zusammenarbeit zu festigen. Sie nennen ihn \u00abewiger Bruder\u00bb\u2026 welch eine Ehre! Ich hatte echt nie das Gef\u00fchl, dass bei den engagierten M\u00e4nnern das \u00abGeld\u00bb im Vordergrund stand\u2026 Dabei gilt es nicht zu vergessen, dass der Guide, die K\u00fcchenmannschaft und unser Mechaniker t\u00e4glich \u00abnebenbei\u00bb noch die gleiche Offroad-Strecke wie wir zur\u00fcckgelegt haben.<br \/>Die funkelnden Augen anl\u00e4sslich der Tombola am Ende der Reise werde ich nie vergessen. N\u00e4chstes Mal werde ich vermehrt n\u00fctzliche Sachen (Essen, S\u00fcssigkeiten, Kleider, Werkzeug usw.) einpacken, um die wirklich selbstlosen M\u00e4nner zu begl\u00fccken.<\/p>\n<figure class=\"wp-block-image size-full\"><img loading=\"lazy\" decoding=\"async\" width=\"960\" height=\"720\" src=\"https:\/\/4x4-experience.de\/4x4\/wp-content\/uploads\/Tunesien-03-2023.jpg\" alt=\"\" class=\"wp-image-5954\" srcset=\"https:\/\/4x4-experience.de\/4x4\/wp-content\/uploads\/Tunesien-03-2023.jpg 960w, https:\/\/4x4-experience.de\/4x4\/wp-content\/uploads\/Tunesien-03-2023-300x225.jpg 300w, https:\/\/4x4-experience.de\/4x4\/wp-content\/uploads\/Tunesien-03-2023-200x150.jpg 200w, https:\/\/4x4-experience.de\/4x4\/wp-content\/uploads\/Tunesien-03-2023-768x576.jpg 768w\" sizes=\"(max-width: 960px) 100vw, 960px\" \/><\/figure>\n<\/div>\n<\/div>\n<p>&nbsp;<\/p>\n<p><strong>Der Track \/ das Sandfahren:<\/strong><\/p>\n<p>Ab Douz hat der Guide das Zepter \u00fcbernommen und f\u00fcr uns (7 Fahrzeuge \/ 2 davon mit Sanderfahrung) die Spur zum verlorenen See und wieder zur\u00fcck nach Douz gelegt. Im Verlauf der vollen 8 Tage in der Sahara sind wir Stein- und Sandw\u00fcste und mittlere bis (sehr\u2026) hohe D\u00fcnen auf teils unterschiedlichem Sand gefahren.<\/p>\n<div class=\"wp-block-columns is-layout-flex wp-container-core-columns-is-layout-6 wp-block-columns-is-layout-flex\">\n<div class=\"wp-block-column is-layout-flow wp-block-column-is-layout-flow\">\n<figure class=\"wp-block-image size-full\"><img loading=\"lazy\" decoding=\"async\" width=\"960\" height=\"720\" src=\"https:\/\/4x4-experience.de\/4x4\/wp-content\/uploads\/Tunesien-09-2023.jpg\" alt=\"\" class=\"wp-image-5940\" srcset=\"https:\/\/4x4-experience.de\/4x4\/wp-content\/uploads\/Tunesien-09-2023.jpg 960w, https:\/\/4x4-experience.de\/4x4\/wp-content\/uploads\/Tunesien-09-2023-300x225.jpg 300w, https:\/\/4x4-experience.de\/4x4\/wp-content\/uploads\/Tunesien-09-2023-200x150.jpg 200w, https:\/\/4x4-experience.de\/4x4\/wp-content\/uploads\/Tunesien-09-2023-768x576.jpg 768w\" sizes=\"(max-width: 960px) 100vw, 960px\" \/><\/figure>\n<\/div>\n<div class=\"wp-block-column is-layout-flow wp-block-column-is-layout-flow\">\n<figure class=\"wp-block-image size-full\"><img loading=\"lazy\" decoding=\"async\" width=\"960\" height=\"720\" src=\"https:\/\/4x4-experience.de\/4x4\/wp-content\/uploads\/Tunesien-07-2023.jpg\" alt=\"\" class=\"wp-image-5941\" srcset=\"https:\/\/4x4-experience.de\/4x4\/wp-content\/uploads\/Tunesien-07-2023.jpg 960w, https:\/\/4x4-experience.de\/4x4\/wp-content\/uploads\/Tunesien-07-2023-300x225.jpg 300w, https:\/\/4x4-experience.de\/4x4\/wp-content\/uploads\/Tunesien-07-2023-200x150.jpg 200w, https:\/\/4x4-experience.de\/4x4\/wp-content\/uploads\/Tunesien-07-2023-768x576.jpg 768w\" sizes=\"(max-width: 960px) 100vw, 960px\" \/><\/figure>\n<\/div>\n<div class=\"wp-block-column is-layout-flow wp-block-column-is-layout-flow\">\n<figure class=\"wp-block-image size-full\"><img loading=\"lazy\" decoding=\"async\" width=\"960\" height=\"720\" src=\"https:\/\/4x4-experience.de\/4x4\/wp-content\/uploads\/Tunesien-08-2023.jpg\" alt=\"\" class=\"wp-image-5942\" srcset=\"https:\/\/4x4-experience.de\/4x4\/wp-content\/uploads\/Tunesien-08-2023.jpg 960w, https:\/\/4x4-experience.de\/4x4\/wp-content\/uploads\/Tunesien-08-2023-300x225.jpg 300w, https:\/\/4x4-experience.de\/4x4\/wp-content\/uploads\/Tunesien-08-2023-200x150.jpg 200w, https:\/\/4x4-experience.de\/4x4\/wp-content\/uploads\/Tunesien-08-2023-768x576.jpg 768w\" sizes=\"(max-width: 960px) 100vw, 960px\" \/><\/figure>\n<\/div>\n<\/div>\n<p>Michael hatte uns stehts im Auge, hat uns aber nach einer \u00abTheoriestunde\u00bb rudern lassen. Nach dem Motto learning by doing. Klar haben sich alle Teilnehmer mehrmals \u00abeingegraben\u00bb und wurden jeweils vom g\u00fcnstig gelegenen Kollegen rasch wieder auf tragf\u00e4higen Grund gezerrt. Im Verlauf der Tage hatten wir bald einmal den Dreh raus \u2013 zumindest was geht und was nicht geht. An den letzten drei Tagen ging es dann schon ganz flott voran, da klar war: nicht eingraben sondern zur\u00fcck fahren und neu Anlauf holen. Sandfahren m\u00fcsste eigentlich als Basic f\u00fcr das Offroaden gelten, da dieser Untergrund sofort und unmissverst\u00e4ndlich zeigt, wie sich dein Fahrzeug f\u00fchlt und welchen \u00abMist\u00bb du angezettelt hast. Aber nach schon leichtem Ansteigen der Lernkurve stellt sich purer Spass ein\u2026 und dies zus\u00e4tzlich bei einer gewaltigen Landschaft.<\/p>\n<p>Erst beim \u00abSpielen im Sand\u00bb wird einem aber klar aufgezeichnet, dass der Job des Guides unverzichtbar ist\u2026 zwischen einer Spur fahren oder einer Spur legen liegen Welten.<\/p>\n<p><strong>Die Fahrzeuge:<\/strong><\/p>\n<p>Der Sand \u00abfrisst\u00bb enorm Leistung. Ein m\u00f6glichst leichtes Fahrzeug mit tiefem Schwerpunkt und viel Hubraum und Drehmoment ist also gefragt. Mit diesen Attributen ausgestattet wird das \u00abLeben\u00bb bedeutend einfacher und Mann\/Frau hat vermehrt Zeit f\u00fcr den Track, den Versuch den vor einem liegenden Sand zu lesen und das immer wieder \u00fcberw\u00e4ltigende Bild der vielf\u00e4ltigen W\u00fcste zu geniessen.<\/p>\n<p>Klar ist aber auch, dass die Checkliste von Michael im Vorfeld seri\u00f6s abgearbeitet werden muss. Reparaturen im Feld sind immer m\u00fchsam und oft auch zeitaufw\u00e4ndig.<\/p>\n<p>Wir waren mit den unterschiedlichsten Fahrzeugen unterwegs. Die Grenzen werden aber nie durch das Fahrzeug selbst, sondern immer durch den Driver gesetzt. Dies belegt die Tatsache, dass unser Guide nur mit Hinterradantrieb ausgestattet durch den hohen Sand gepfl\u00fcgt ist\u2026 wo wir aber mit Allrad, Sperren und andere Hilfsmittel unterwegs waren.<\/p>\n<p><strong>Das Wetter \/ die Temperaturen:<\/strong><\/p>\n<p>Sahara \u2026 blauer Himmel und schon im Januar angenehm warm\u2026 so die Vorstellung. Wir alle wurden von den kalten N\u00e4chten (bis leicht unter -5.0\u00b0 C) \u00fcberrascht. Am Morgen eine \u00abweisse\u00bb W\u00fcste vorzufinden\u2026 schien wie eine Fata Morgana\u2026 war aber Wirklichkeit. Ich glaube alle Teilnehmer w\u00fcrden sich \u2013 mit der heutigen Erfahrung \u2013 mit w\u00e4rmerer Kleidung und einem hochwertigeren Schlafsack ausr\u00fcsten. Klar, das Mittagessen unter freiem Himmel fand aber immer bei \u00abbeinahe\u00bb T-Shirt-Wetter statt.<\/p>\n<p><strong>Der Spritverbrauch:<\/strong><\/p>\n<p>Die Rundreise ab Douz sollte mit Zusatztank (also etwa 160\/180 Liter) grunds\u00e4tzlich m\u00f6glich sein. F\u00fcr einmal hat Michael ein Kraftstoff-Depot am verlorenen See einrichten lassen, sodass man mitten in der W\u00fcste \u00abnachf\u00fcllen\u00bb konnte. Purer Luxus\u2026 nein, Sicherheit! Es hat sich gezeigt, dass die Angabe von Michael \u2013 2.5 x h\u00f6herer Verbrauch als auf der Strasse \u2013 stimmig ist. Da bist du echt erstaunt, wenn dein Defender 30 Liter schluckt!<\/p>\n<figure class=\"wp-block-image size-full\"><img loading=\"lazy\" decoding=\"async\" width=\"960\" height=\"720\" src=\"https:\/\/4x4-experience.de\/4x4\/wp-content\/uploads\/Tunesien-001-2023.jpg\" alt=\"\" class=\"wp-image-5943\" srcset=\"https:\/\/4x4-experience.de\/4x4\/wp-content\/uploads\/Tunesien-001-2023.jpg 960w, https:\/\/4x4-experience.de\/4x4\/wp-content\/uploads\/Tunesien-001-2023-300x225.jpg 300w, https:\/\/4x4-experience.de\/4x4\/wp-content\/uploads\/Tunesien-001-2023-200x150.jpg 200w, https:\/\/4x4-experience.de\/4x4\/wp-content\/uploads\/Tunesien-001-2023-768x576.jpg 768w\" sizes=\"(max-width: 960px) 100vw, 960px\" \/><\/p>\n<figcaption class=\"wp-element-caption\">Traumhafter Sonnenuntergang<\/figcaption>\n<\/figure>\n<p><strong>Die Hin- und R\u00fcckreise:<\/strong><\/p>\n<p class=\"has-background\">Das von der 4\u00d74 Experience vorgeschlagene Hotel im Hafen von Genua ist zentral gelegen und durchaus empfehlenswert. Von diesem Sammelpunkt aus sind wir am \u00dcbersetzungstag zeitig in den F\u00e4hr-Hafen gefahren um Michael zu treffen, welcher mit der Sahara Extrem-Gruppe von Tunesien kommend, uns in Empfang nehmen wird. Es macht Sinn, dass vorg\u00e4ngige schriftliche Briefing zu studieren und sich \u00fcber den Ablauf und den Formularkrieg zu informieren. Die Einreise nach Tunesien ist f\u00fcr einen Neuling tricky, wobei wir von den Beamten immer h\u00f6flich aber bestimmt abgefertigt worden sind! Von Tunis sind wir \u2013 aus Zeitgr\u00fcnden \u2013 nur bis Hammamet gefahren und haben dort im wundersch\u00f6nen Hotel Sultan gen\u00e4chtigt. Am kommenden Tag kam der grosse Schlag von Hammamet nach Douz, wo wir am Abend erstmals \u2013 am Tor der W\u00fcste \u2013 im Sand \u00fcbernachtet haben. Die R\u00fcckreise erfolgte ohne Zwischenstopp. In Tunis haben wir \u2013 wiederum in Hafenn\u00e4he \u2013 gen\u00e4chtigt, um am n\u00e4chsten Morgen rasch am Ort des Geschehens \u2013 f\u00fcr die R\u00fcckreise \u2013 zu sein. Unter der Leitung von Michael sind die Formalit\u00e4ten eigentlich einfach\u2026 obwohl man beinahe permanent mit irgend einem Papier, Ticket oder Ausweis besch\u00e4ftigt ist.<\/p>\n<p>Wieder zu Hause blicke ich auf ein weiteres unvergessliches Reiseerlebnis mit Michael zur\u00fcck. Stimmige Kameradschaften in der Gruppe haben das Ganze auch kurzweilig gestaltet. Aber auch die \u2013 trotz grosser Armut \u2013 lachenden Gesichter der Tunesischen Kinder werden mir in Erinnerung bleiben und mich immer wieder daran erinnern, dass unsere grossen Sorgen zu Hause, eigentlich winzig klein sind!<\/p>\n<p>Toll und erw\u00e4hnenswert finde ich die mit Einheimischen durchgef\u00fchrte Aktion \u00absaubere Oase\u00bb von Michael Ortner. Denn auch kleine Ver\u00e4nderungen werden nicht mit grossen Worten sondern nur mit aktiven Taten (und entsprechenden Anreizen) herbeigef\u00fchrt.<\/p>\n<p>Sahara\u2026 bis bald\u2026<\/p>\n<p>Thomas Leutwyler<\/p>[\/et_pb_text][\/et_pb_column][\/et_pb_row][\/et_pb_section]\n","protected":false},"excerpt":{"rendered":"<p>Reisebericht Tunesien 2023 Reisebericht von Thomas Leutwyler Die 4\u00d74 Experience bietet jeweils im Fr\u00fchjahr zwei Reisen in die Tunesische Sahara an. Einmal f\u00fcr die Sand-Profis \u00abSahara Extrem\u00bb und einmal f\u00fcr die Sanderfahrenen und Anf\u00e4nger die \u00abExpedition an den verlorenen See\u00bb. Als Sand-Anf\u00e4nger habe ich mich an der diesj\u00e4hrigen Expedition an den verlorenen See beteiligt. Da [&hellip;]<\/p>\n","protected":false},"author":1,"featured_media":0,"parent":0,"menu_order":0,"comment_status":"closed","ping_status":"closed","template":"","meta":{"_et_pb_use_builder":"on","_et_pb_old_content":"","_et_gb_content_width":"","footnotes":""},"class_list":["post-1787","page","type-page","status-publish","hentry"],"yoast_head":"<!-- This site is optimized with the Yoast SEO Premium plugin v27.0 (Yoast SEO v27.3) - https:\/\/yoast.com\/product\/yoast-seo-premium-wordpress\/ -->\n<title>4x4 Experience | Reiseblog: Offroad Abenteuer Tunesische Sahara<\/title>\n<meta name=\"description\" content=\"Reisebericht &quot;Expedition an den verlorenen See&quot;: Offroad-Abenteuer durch die Tunesische Sahara geignet f\u00fcr Gel\u00e4dewagen-Einsteiger.\" \/>\n<meta name=\"robots\" content=\"index, follow, max-snippet:-1, max-image-preview:large, max-video-preview:-1\" \/>\n<link rel=\"canonical\" href=\"https:\/\/4x4-experience.de\/4x4\/reisebericht-tunesien-2023\/\" \/>\n<meta property=\"og:locale\" content=\"de_DE\" \/>\n<meta property=\"og:type\" content=\"article\" \/>\n<meta property=\"og:title\" content=\"Reisebericht Tunesien 2023\" \/>\n<meta property=\"og:description\" content=\"Reisebericht &quot;Expedition an den verlorenen See&quot;: Offroad-Abenteuer durch die Tunesische Sahara geignet f\u00fcr Gel\u00e4dewagen-Einsteiger.\" \/>\n<meta property=\"og:url\" content=\"https:\/\/4x4-experience.de\/4x4\/reisebericht-tunesien-2023\/\" \/>\n<meta property=\"og:site_name\" content=\"4x4 Experience, Offroadreise, Offroad Reisen\" \/>\n<meta property=\"article:publisher\" content=\"https:\/\/www.facebook.com\/www.4x4Experience\/\" \/>\n<meta property=\"article:modified_time\" content=\"2025-08-29T10:44:26+00:00\" \/>\n<meta name=\"twitter:card\" content=\"summary_large_image\" \/>\n<meta name=\"twitter:label1\" content=\"Gesch\u00e4tzte Lesezeit\" \/>\n\t<meta name=\"twitter:data1\" content=\"9\u00a0Minuten\" \/>\n<script type=\"application\/ld+json\" class=\"yoast-schema-graph\">{\"@context\":\"https:\\\/\\\/schema.org\",\"@graph\":[{\"@type\":\"WebPage\",\"@id\":\"https:\\\/\\\/4x4-experience.de\\\/4x4\\\/reisebericht-tunesien-2023\\\/\",\"url\":\"https:\\\/\\\/4x4-experience.de\\\/4x4\\\/reisebericht-tunesien-2023\\\/\",\"name\":\"4x4 Experience | Reiseblog: Offroad Abenteuer Tunesische Sahara\",\"isPartOf\":{\"@id\":\"https:\\\/\\\/4x4-experience.de\\\/4x4\\\/#website\"},\"primaryImageOfPage\":{\"@id\":\"https:\\\/\\\/4x4-experience.de\\\/4x4\\\/reisebericht-tunesien-2023\\\/#primaryimage\"},\"image\":{\"@id\":\"https:\\\/\\\/4x4-experience.de\\\/4x4\\\/reisebericht-tunesien-2023\\\/#primaryimage\"},\"thumbnailUrl\":\"https:\\\/\\\/4x4-experience.de\\\/4x4\\\/wp-content\\\/uploads\\\/Tunesien-00-2023-1024x360.jpg\",\"datePublished\":\"2024-07-09T10:18:35+00:00\",\"dateModified\":\"2025-08-29T10:44:26+00:00\",\"description\":\"Reisebericht \\\"Expedition an den verlorenen See\\\": Offroad-Abenteuer durch die Tunesische Sahara geignet f\u00fcr Gel\u00e4dewagen-Einsteiger.\",\"breadcrumb\":{\"@id\":\"https:\\\/\\\/4x4-experience.de\\\/4x4\\\/reisebericht-tunesien-2023\\\/#breadcrumb\"},\"inLanguage\":\"de\",\"potentialAction\":[{\"@type\":\"ReadAction\",\"target\":[\"https:\\\/\\\/4x4-experience.de\\\/4x4\\\/reisebericht-tunesien-2023\\\/\"]}]},{\"@type\":\"ImageObject\",\"inLanguage\":\"de\",\"@id\":\"https:\\\/\\\/4x4-experience.de\\\/4x4\\\/reisebericht-tunesien-2023\\\/#primaryimage\",\"url\":\"\",\"contentUrl\":\"\"},{\"@type\":\"BreadcrumbList\",\"@id\":\"https:\\\/\\\/4x4-experience.de\\\/4x4\\\/reisebericht-tunesien-2023\\\/#breadcrumb\",\"itemListElement\":[{\"@type\":\"ListItem\",\"position\":1,\"name\":\"Startseite\",\"item\":\"https:\\\/\\\/4x4-experience.de\\\/4x4\\\/\"},{\"@type\":\"ListItem\",\"position\":2,\"name\":\"Reisebericht Tunesien 2023\"}]},{\"@type\":\"WebSite\",\"@id\":\"https:\\\/\\\/4x4-experience.de\\\/4x4\\\/#website\",\"url\":\"https:\\\/\\\/4x4-experience.de\\\/4x4\\\/\",\"name\":\"4x4 Experience, Offroadreise, Offroad Reisen\",\"description\":\"4x4 Offroad Europa und Nordafrika\",\"potentialAction\":[{\"@type\":\"SearchAction\",\"target\":{\"@type\":\"EntryPoint\",\"urlTemplate\":\"https:\\\/\\\/4x4-experience.de\\\/4x4\\\/?s={search_term_string}\"},\"query-input\":{\"@type\":\"PropertyValueSpecification\",\"valueRequired\":true,\"valueName\":\"search_term_string\"}}],\"inLanguage\":\"de\"}]}<\/script>\n<!-- \/ Yoast SEO Premium plugin. -->","yoast_head_json":{"title":"4x4 Experience | Reiseblog: Offroad Abenteuer Tunesische Sahara","description":"Reisebericht \"Expedition an den verlorenen See\": Offroad-Abenteuer durch die Tunesische Sahara geignet f\u00fcr Gel\u00e4dewagen-Einsteiger.","robots":{"index":"index","follow":"follow","max-snippet":"max-snippet:-1","max-image-preview":"max-image-preview:large","max-video-preview":"max-video-preview:-1"},"canonical":"https:\/\/4x4-experience.de\/4x4\/reisebericht-tunesien-2023\/","og_locale":"de_DE","og_type":"article","og_title":"Reisebericht Tunesien 2023","og_description":"Reisebericht \"Expedition an den verlorenen See\": Offroad-Abenteuer durch die Tunesische Sahara geignet f\u00fcr Gel\u00e4dewagen-Einsteiger.","og_url":"https:\/\/4x4-experience.de\/4x4\/reisebericht-tunesien-2023\/","og_site_name":"4x4 Experience, Offroadreise, Offroad Reisen","article_publisher":"https:\/\/www.facebook.com\/www.4x4Experience\/","article_modified_time":"2025-08-29T10:44:26+00:00","twitter_card":"summary_large_image","twitter_misc":{"Gesch\u00e4tzte Lesezeit":"9\u00a0Minuten"},"schema":{"@context":"https:\/\/schema.org","@graph":[{"@type":"WebPage","@id":"https:\/\/4x4-experience.de\/4x4\/reisebericht-tunesien-2023\/","url":"https:\/\/4x4-experience.de\/4x4\/reisebericht-tunesien-2023\/","name":"4x4 Experience | Reiseblog: Offroad Abenteuer Tunesische Sahara","isPartOf":{"@id":"https:\/\/4x4-experience.de\/4x4\/#website"},"primaryImageOfPage":{"@id":"https:\/\/4x4-experience.de\/4x4\/reisebericht-tunesien-2023\/#primaryimage"},"image":{"@id":"https:\/\/4x4-experience.de\/4x4\/reisebericht-tunesien-2023\/#primaryimage"},"thumbnailUrl":"https:\/\/4x4-experience.de\/4x4\/wp-content\/uploads\/Tunesien-00-2023-1024x360.jpg","datePublished":"2024-07-09T10:18:35+00:00","dateModified":"2025-08-29T10:44:26+00:00","description":"Reisebericht \"Expedition an den verlorenen See\": Offroad-Abenteuer durch die Tunesische Sahara geignet f\u00fcr Gel\u00e4dewagen-Einsteiger.","breadcrumb":{"@id":"https:\/\/4x4-experience.de\/4x4\/reisebericht-tunesien-2023\/#breadcrumb"},"inLanguage":"de","potentialAction":[{"@type":"ReadAction","target":["https:\/\/4x4-experience.de\/4x4\/reisebericht-tunesien-2023\/"]}]},{"@type":"ImageObject","inLanguage":"de","@id":"https:\/\/4x4-experience.de\/4x4\/reisebericht-tunesien-2023\/#primaryimage","url":"","contentUrl":""},{"@type":"BreadcrumbList","@id":"https:\/\/4x4-experience.de\/4x4\/reisebericht-tunesien-2023\/#breadcrumb","itemListElement":[{"@type":"ListItem","position":1,"name":"Startseite","item":"https:\/\/4x4-experience.de\/4x4\/"},{"@type":"ListItem","position":2,"name":"Reisebericht Tunesien 2023"}]},{"@type":"WebSite","@id":"https:\/\/4x4-experience.de\/4x4\/#website","url":"https:\/\/4x4-experience.de\/4x4\/","name":"4x4 Experience, Offroadreise, Offroad Reisen","description":"4x4 Offroad Europa und Nordafrika","potentialAction":[{"@type":"SearchAction","target":{"@type":"EntryPoint","urlTemplate":"https:\/\/4x4-experience.de\/4x4\/?s={search_term_string}"},"query-input":{"@type":"PropertyValueSpecification","valueRequired":true,"valueName":"search_term_string"}}],"inLanguage":"de"}]}},"_links":{"self":[{"href":"https:\/\/4x4-experience.de\/4x4\/wp-json\/wp\/v2\/pages\/1787","targetHints":{"allow":["GET"]}}],"collection":[{"href":"https:\/\/4x4-experience.de\/4x4\/wp-json\/wp\/v2\/pages"}],"about":[{"href":"https:\/\/4x4-experience.de\/4x4\/wp-json\/wp\/v2\/types\/page"}],"author":[{"embeddable":true,"href":"https:\/\/4x4-experience.de\/4x4\/wp-json\/wp\/v2\/users\/1"}],"replies":[{"embeddable":true,"href":"https:\/\/4x4-experience.de\/4x4\/wp-json\/wp\/v2\/comments?post=1787"}],"version-history":[{"count":9,"href":"https:\/\/4x4-experience.de\/4x4\/wp-json\/wp\/v2\/pages\/1787\/revisions"}],"predecessor-version":[{"id":3124,"href":"https:\/\/4x4-experience.de\/4x4\/wp-json\/wp\/v2\/pages\/1787\/revisions\/3124"}],"wp:attachment":[{"href":"https:\/\/4x4-experience.de\/4x4\/wp-json\/wp\/v2\/media?parent=1787"}],"curies":[{"name":"wp","href":"https:\/\/api.w.org\/{rel}","templated":true}]}}