{"id":1768,"date":"2024-07-09T11:59:36","date_gmt":"2024-07-09T09:59:36","guid":{"rendered":"https:\/\/4x4-experience.de\/4x4\/?page_id=1768"},"modified":"2025-08-29T13:13:24","modified_gmt":"2025-08-29T11:13:24","slug":"reiseimpressionen-island-2016","status":"publish","type":"page","link":"https:\/\/4x4-experience.de\/4x4\/reiseimpressionen-island-2016\/","title":{"rendered":"Reiseimpressionen Island 2016"},"content":{"rendered":"<p>[et_pb_section fb_built=&#8220;1&#8243; _builder_version=&#8220;4.23.1&#8243; _module_preset=&#8220;default&#8220; custom_margin=&#8220;0px||-114px||false|false&#8220; custom_padding=&#8220;0px||0px||false|false&#8220; global_colors_info=&#8220;{}&#8220;][\/et_pb_section][et_pb_section fb_built=&#8220;1&#8243; _builder_version=&#8220;4.23.1&#8243; _module_preset=&#8220;default&#8220; custom_margin=&#8220;||-6px|||&#8220; custom_padding=&#8220;||0px|||&#8220; global_colors_info=&#8220;{}&#8220;][\/et_pb_section][et_pb_section fb_built=&#8220;1&#8243; _builder_version=&#8220;4.23.1&#8243; _module_preset=&#8220;default&#8220; custom_margin_tablet=&#8220;0px||||false|false&#8220; custom_margin_phone=&#8220;0px||||false|false&#8220; custom_margin_last_edited=&#8220;on|phone&#8220; custom_padding=&#8220;161px||0px|||&#8220; global_colors_info=&#8220;{}&#8220;][et_pb_row column_structure=&#8220;2_3,1_3&#8243; _builder_version=&#8220;4.23.1&#8243; _module_preset=&#8220;default&#8220; custom_margin=&#8220;20px|auto||auto|false|false&#8220; custom_margin_tablet=&#8220;-5px|auto||auto||&#8220; custom_margin_phone=&#8220;-78px||||false|false&#8220; custom_margin_last_edited=&#8220;on|phone&#8220; custom_padding=&#8220;2px||10px|||&#8220; global_colors_info=&#8220;{}&#8220;][et_pb_column type=&#8220;2_3&#8243; _builder_version=&#8220;4.23.1&#8243; _module_preset=&#8220;default&#8220; global_colors_info=&#8220;{}&#8220;][et_pb_text _builder_version=&#8220;4.23.1&#8243; _module_preset=&#8220;default&#8220; custom_css_free_form=&#8220;h2 {font-size: 17pt}&#8220; global_colors_info=&#8220;{}&#8220;]<\/p>\n<h1 class=\"title\">Reiseimpressionen Island 2016<\/h1>\n<p>Abfahrt am 14.8. von Baden bei Wien \u00fcber Deutschland nach Hirtshals in D\u00e4nemark, unserem Einschiffungshafen nach Island.<br \/>Dienstag, 16.8.2016 bis Donnerstag, 18.8.2016 auf der F\u00e4hre nach Island mit Zwischenstopp in Torhavn auf den Faroeer Inseln.<\/p>\n<p><b>Donnerstag, 18.8.2016<\/b><br \/>9:00 Ankunft mit der F\u00e4hre in Seydisfjordur bei strahlenden Sonnenschein und Weiterfahrt nach Egilsstadir zum Tanken, Einkaufen und Geld abheben\/wechseln. Danach Weiterfahrt zum Infocenter des Nationalparks Vatnaj\u00f6k\u00fcll, dem zweitgr\u00f6\u00dften europ\u00e4ischen Gletscher. Fahrt durch das Hochland mit Moorlanschaften und Schotterfeldern zu unserem Nachtquartier in Lengarfell. Die erste Herausforderung bietet eine morastige Flu\u00dfdurchfahrt, die auch gleich den ersten Winscheinsatz erforderlich macht. Unser Nachtquartier hat einen geheizten Aufenthaltsraum mit lekkeren Torten und 2 sehr sch\u00f6nen Hot Tubes. Bei der Abzweigung zu unserem Nachtquartier sehen wir eine gro\u00dfe Rentierherde mit in etwa 80 \u2013 100 Rentiere in der Abendsonne.<br \/><b>Highlights:<\/b><br \/>Einfahrt durch den Fjord nach Seydisfjordur bei strahlendem Sonnenschein, glitzerndem Meer, kleinen Fl\u00fcssen und Wasserf\u00e4llen und Bergen mit Altschneefeldern. Mooslandschaften im Sonnenschein und beeindruckend gro\u00dfe Rentierherde.<\/p>\n<div>\n<p><b>Freitag, 19.8.2016<\/b><\/p>\n<\/div>\n<div>\n<p>9:30 Aufbruch von Laugarfell und Weiterfahrt im Vatnaj\u00f6k\u00fcll Nationalpark durch Vulkanlandschaften mit riesigen Gletschern, die vom Vulkanstaub grau gef\u00e4rbt sind und in der Sonne glitzern.<br \/>Wir halten bei dem Gletscher Vatnajek\u00fcll an und spazieren auf der Gletscherzunge mit vielen kleinen und gr\u00f6\u00dferen Gletscherspalten entlang \u2013 beeindruckende Weite und Farbe dieses riesigen Gletschergebietes rund um Eyjabakkaj\u00f6k\u00fcll, Snaefellsj\u00f6k\u00fcll und Vatnajek\u00fcll.<br \/>Wir fahren im Nationalpark weiter zu einem kleinen Wasserfall bei einer aufgelassenen Bauerngeh\u00f6ft, der hei\u00dfes Wasser f\u00fchrt und am Fu\u00dfe dessen sich ein Badet\u00fcmpel befindet. Der Gro\u00dfteil der M\u00e4nner nutzen den willkommenen Badestopp unter der genauen Beobachtung der im Umkreis grasenden Schafe. Das hei\u00dfe Wasser des Wasserfalls vermischt sich mit dem glasklaren und eiskalten Wasser eines vorbeirauschenden B\u00e4chleins.<br \/>Unser Tag endet in Senatausel, einem torfgedeckten Bauerngeh\u00f6ft an einem idyllisch gelegenen See, der in der Abendsonne glitzert. Wir werden mit hei\u00dfer Schokolade, Kaffee und warmen Pancakes mit Rhabarbermarmelade und Schlagobers empfangen und lassen den Abend in der nur durch Teelichtern erhellten und durch einen kleinen Holzofen erw\u00e4rmten urigen Gaststube des Bauernhofes ausklingen. Man kann hier auch selbstgestrickte Pullover, M\u00fctzen und Handschuhe kaufen, wobei wir am meisten Gefallen an einem selbstgestrickter Bierdosenw\u00e4rmer gefunden haben.<br \/><b>Highlights:<\/b><br \/>Spektakul\u00e4re Vulkanlandschaften und Gletscher im Sonnenlicht, Farbenspiel der unterschiedlichen Moose, Abendstimmung am See, Gem\u00fctlichkeit der Gaststube im torfgedeckten Bauernhaus in Senatausel.<\/p>\n<div>\n<p><b>Samstag, 20.8.2016<\/b><\/p>\n<\/div>\n<div>\n<p>Aufbruch von Senatusel (Gebiet M\u00f6drudalm) im Fr\u00fchnebelgrau \u2013 ganz anderer Stimmung am See als am sonnigen Vorabend \u2013 nach Fjallakaffi, einem Dorf mit Grasrodend\u00e4chern und putziger altmodischer Tankstelle, deren \u201eOldtimer\u201c-Tanks\u00e4ulen in einer kleinen Scheune untergebracht sind. Es scheint schon wieder die Sonne und wir genie\u00dfen auf der Terrasse der kleinen Gastst\u00e4\u00e4te Kaffee und Kuchen.<br \/>Mittagspause bei einem kleinen, abgelegenen Wasserfall. Danach Weiterfahrt zu den Wasserf\u00e4llen Selfoss und dem gigantischen Dettifoss, \u00fcber dessen Gischt sich Regenb\u00f6gen im Sonnenlicht spannen. Hier sind das erste Mal eine Menge an Leuten anzutreffen.<br \/>\u00dcber hei\u00dfe, dampfende Schwefelquellen mit Dampffont\u00e4nen und sprudelnden Kratern mit bis zu 200\u00b0 bei Krafla und Hverir geht es weiter zum Ort Reykjahlid zu unserem Nachtquartier am Myvatn (M\u00fcckensee). Wir lassen den Abend am See in der warmen Abendsonne ausklingen und genie\u00dfen den herrlichen Sonnenuntergang am See und die warmen Duschen im Camp.<br \/>Einige von uns nutzen die Gelegenheit, \u00fcber Felsspalten zu unterirdischen Quellen abzusteigen und dort im warmen Wasser am Grund der Felsspalten zu baden.<br \/><b>Highlights:<\/b><br \/>Altmodische Tanks\u00e4ulen an der Tankstelle und neugierige Ziege in Fjallakaffi, tosender, gigantischer Dettifoss mit Regenb\u00f6gen und Sonnenlicht, traumhafte Abendstimmung am m\u00fcckenfreien Myvatn und Schlafen direkt am See.<\/p>\n<p><b>Sonntag, 21.8.2016<\/b><br \/>Grjotagja, einer riesigen Felsspalte mit einer H\u00f6hle, die mit hei\u00dfem Quellwasser (ca. 40 Grad) gef\u00fcllt ist und in die durch Ritzen Sonnenlicht einf\u00e4llt.<br \/>Wir gehen entlang der Felspalte, wobei die eine Seite zur eurasischen Platte, die andere Seite schon zur amerikanischen geh\u00f6rt. Beeindruckend, wenn man mit einem Bein in Amerika und mit dem anderen in Europa stehen kann.<br \/>Danach Weiterfahrt zum Hotel Laxa um den Rest der Gruppe, die im Hotel geschlafen haben, abzuholen.<br \/>Wir biegen ins Gebiet rund um Askja ein und fahren durch riesige Lavafelder, die teilweise steinig und teilweise wie schwarzer Sand sind. \u00dcberall endloses grauschwarz, durchzogen von kleinen B\u00e4chlein und Fl\u00fcssen mit Schmelzwasser, das von den umliegenden Gletschern kommt.<br \/>Wir schlagen unser Nachtquartier Mitten im Askjagebiet auf 800 m H\u00f6he in Dyngj\u00fcf\u00f6ll auf. Hier treffen sich alle, die im zum Askja, einem gewaltigen Vulkankegel unterwegs sind, in dessen Krater sich ein saphirblauer See befindet \u2013 so gibt es eine Vielfalt an 4\u00d74-Fahrzeugen, Zelten, Motorradfahrern, Wanderer und auch ein rollendes Hotel, die hier ihr Lager aufschlagen.<br \/><b><\/b><\/p>\n<p><b>Highlights:<\/b><\/p>\n<ul>\n<li>Mittagspause mitten im Lavager\u00f6ll<\/li>\n<li>Licht- und Farbenspiel vor der schwarzgrauen Lava mit dem Eisblau der Fl\u00fcsse und<\/li>\n<li>dem neongr\u00fcnem Moos bei traumhaftem Sonnenschein<\/li>\n<li>Fahrt durch den Lavasand (wie Tiefschneefahren \uf04a)<\/li>\n<li>Polarlichter in der sternenklaren und kalten Nacht in unserem Nachtquartier.<\/li>\n<\/ul>\n<\/div>\n<\/div>\n<p>[\/et_pb_text][\/et_pb_column][et_pb_column type=&#8220;1_3&#8243; _builder_version=&#8220;4.23.1&#8243; _module_preset=&#8220;default&#8220; global_colors_info=&#8220;{}&#8220;][et_pb_gallery gallery_ids=&#8220;1771,1772,1773,1774,1775,1776,1777,1778&#8243; posts_number=&#8220;8&#8243; show_title_and_caption=&#8220;off&#8220; show_pagination=&#8220;off&#8220; _builder_version=&#8220;4.23.1&#8243; _module_preset=&#8220;default&#8220; custom_margin=&#8220;17px||||false|false&#8220; global_colors_info=&#8220;{}&#8220;][\/et_pb_gallery][\/et_pb_column][\/et_pb_row][\/et_pb_section]<\/p>\n","protected":false},"excerpt":{"rendered":"<p>Reiseimpressionen Island 2016 Abfahrt am 14.8. von Baden bei Wien \u00fcber Deutschland nach Hirtshals in D\u00e4nemark, unserem Einschiffungshafen nach Island.Dienstag, 16.8.2016 bis Donnerstag, 18.8.2016 auf der F\u00e4hre nach Island mit Zwischenstopp in Torhavn auf den Faroeer Inseln. Donnerstag, 18.8.20169:00 Ankunft mit der F\u00e4hre in Seydisfjordur bei strahlenden Sonnenschein und Weiterfahrt nach Egilsstadir zum Tanken, Einkaufen [&hellip;]<\/p>\n","protected":false},"author":1,"featured_media":0,"parent":0,"menu_order":0,"comment_status":"closed","ping_status":"closed","template":"","meta":{"_et_pb_use_builder":"on","_et_pb_old_content":"","_et_gb_content_width":"","footnotes":""},"class_list":["post-1768","page","type-page","status-publish","hentry"],"yoast_head":"<!-- This site is optimized with the Yoast SEO Premium plugin v27.0 (Yoast SEO v27.3) - https:\/\/yoast.com\/product\/yoast-seo-premium-wordpress\/ -->\n<title>4x4 Experience | Offroad Reisebericht Island<\/title>\n<meta name=\"description\" content=\"4x4 Experience Reisebericht Island. Mit dem Gel\u00e4ndewagen durch die Vulkanlandschaft. Unser Offroad Abenteuer.\" \/>\n<meta name=\"robots\" content=\"index, follow, max-snippet:-1, max-image-preview:large, max-video-preview:-1\" \/>\n<link rel=\"canonical\" href=\"https:\/\/4x4-experience.de\/4x4\/reiseimpressionen-island-2016\/\" \/>\n<meta property=\"og:locale\" content=\"de_DE\" \/>\n<meta property=\"og:type\" content=\"article\" \/>\n<meta property=\"og:title\" content=\"Reiseimpressionen Island 2016\" \/>\n<meta property=\"og:description\" content=\"4x4 Experience Reisebericht Island. Mit dem Gel\u00e4ndewagen durch die Vulkanlandschaft. Unser Offroad Abenteuer.\" \/>\n<meta property=\"og:url\" content=\"https:\/\/4x4-experience.de\/4x4\/reiseimpressionen-island-2016\/\" \/>\n<meta property=\"og:site_name\" content=\"4x4 Experience, Offroadreise, Offroad Reisen\" \/>\n<meta property=\"article:publisher\" content=\"https:\/\/www.facebook.com\/www.4x4Experience\/\" \/>\n<meta property=\"article:modified_time\" content=\"2025-08-29T11:13:24+00:00\" \/>\n<meta name=\"twitter:card\" content=\"summary_large_image\" \/>\n<meta name=\"twitter:label1\" content=\"Gesch\u00e4tzte Lesezeit\" \/>\n\t<meta name=\"twitter:data1\" content=\"6\u00a0Minuten\" \/>\n<script type=\"application\/ld+json\" class=\"yoast-schema-graph\">{\"@context\":\"https:\\\/\\\/schema.org\",\"@graph\":[{\"@type\":\"WebPage\",\"@id\":\"https:\\\/\\\/4x4-experience.de\\\/4x4\\\/reiseimpressionen-island-2016\\\/\",\"url\":\"https:\\\/\\\/4x4-experience.de\\\/4x4\\\/reiseimpressionen-island-2016\\\/\",\"name\":\"4x4 Experience | Offroad Reisebericht Island\",\"isPartOf\":{\"@id\":\"https:\\\/\\\/4x4-experience.de\\\/4x4\\\/#website\"},\"datePublished\":\"2024-07-09T09:59:36+00:00\",\"dateModified\":\"2025-08-29T11:13:24+00:00\",\"description\":\"4x4 Experience Reisebericht Island. Mit dem Gel\u00e4ndewagen durch die Vulkanlandschaft. Unser Offroad Abenteuer.\",\"breadcrumb\":{\"@id\":\"https:\\\/\\\/4x4-experience.de\\\/4x4\\\/reiseimpressionen-island-2016\\\/#breadcrumb\"},\"inLanguage\":\"de\",\"potentialAction\":[{\"@type\":\"ReadAction\",\"target\":[\"https:\\\/\\\/4x4-experience.de\\\/4x4\\\/reiseimpressionen-island-2016\\\/\"]}]},{\"@type\":\"BreadcrumbList\",\"@id\":\"https:\\\/\\\/4x4-experience.de\\\/4x4\\\/reiseimpressionen-island-2016\\\/#breadcrumb\",\"itemListElement\":[{\"@type\":\"ListItem\",\"position\":1,\"name\":\"Startseite\",\"item\":\"https:\\\/\\\/4x4-experience.de\\\/4x4\\\/\"},{\"@type\":\"ListItem\",\"position\":2,\"name\":\"Reiseimpressionen Island 2016\"}]},{\"@type\":\"WebSite\",\"@id\":\"https:\\\/\\\/4x4-experience.de\\\/4x4\\\/#website\",\"url\":\"https:\\\/\\\/4x4-experience.de\\\/4x4\\\/\",\"name\":\"4x4 Experience, Offroadreise, Offroad Reisen\",\"description\":\"4x4 Offroad Europa und Nordafrika\",\"potentialAction\":[{\"@type\":\"SearchAction\",\"target\":{\"@type\":\"EntryPoint\",\"urlTemplate\":\"https:\\\/\\\/4x4-experience.de\\\/4x4\\\/?s={search_term_string}\"},\"query-input\":{\"@type\":\"PropertyValueSpecification\",\"valueRequired\":true,\"valueName\":\"search_term_string\"}}],\"inLanguage\":\"de\"}]}<\/script>\n<!-- \/ Yoast SEO Premium plugin. -->","yoast_head_json":{"title":"4x4 Experience | Offroad Reisebericht Island","description":"4x4 Experience Reisebericht Island. Mit dem Gel\u00e4ndewagen durch die Vulkanlandschaft. Unser Offroad Abenteuer.","robots":{"index":"index","follow":"follow","max-snippet":"max-snippet:-1","max-image-preview":"max-image-preview:large","max-video-preview":"max-video-preview:-1"},"canonical":"https:\/\/4x4-experience.de\/4x4\/reiseimpressionen-island-2016\/","og_locale":"de_DE","og_type":"article","og_title":"Reiseimpressionen Island 2016","og_description":"4x4 Experience Reisebericht Island. Mit dem Gel\u00e4ndewagen durch die Vulkanlandschaft. Unser Offroad Abenteuer.","og_url":"https:\/\/4x4-experience.de\/4x4\/reiseimpressionen-island-2016\/","og_site_name":"4x4 Experience, Offroadreise, Offroad Reisen","article_publisher":"https:\/\/www.facebook.com\/www.4x4Experience\/","article_modified_time":"2025-08-29T11:13:24+00:00","twitter_card":"summary_large_image","twitter_misc":{"Gesch\u00e4tzte Lesezeit":"6\u00a0Minuten"},"schema":{"@context":"https:\/\/schema.org","@graph":[{"@type":"WebPage","@id":"https:\/\/4x4-experience.de\/4x4\/reiseimpressionen-island-2016\/","url":"https:\/\/4x4-experience.de\/4x4\/reiseimpressionen-island-2016\/","name":"4x4 Experience | Offroad Reisebericht Island","isPartOf":{"@id":"https:\/\/4x4-experience.de\/4x4\/#website"},"datePublished":"2024-07-09T09:59:36+00:00","dateModified":"2025-08-29T11:13:24+00:00","description":"4x4 Experience Reisebericht Island. Mit dem Gel\u00e4ndewagen durch die Vulkanlandschaft. Unser Offroad Abenteuer.","breadcrumb":{"@id":"https:\/\/4x4-experience.de\/4x4\/reiseimpressionen-island-2016\/#breadcrumb"},"inLanguage":"de","potentialAction":[{"@type":"ReadAction","target":["https:\/\/4x4-experience.de\/4x4\/reiseimpressionen-island-2016\/"]}]},{"@type":"BreadcrumbList","@id":"https:\/\/4x4-experience.de\/4x4\/reiseimpressionen-island-2016\/#breadcrumb","itemListElement":[{"@type":"ListItem","position":1,"name":"Startseite","item":"https:\/\/4x4-experience.de\/4x4\/"},{"@type":"ListItem","position":2,"name":"Reiseimpressionen Island 2016"}]},{"@type":"WebSite","@id":"https:\/\/4x4-experience.de\/4x4\/#website","url":"https:\/\/4x4-experience.de\/4x4\/","name":"4x4 Experience, Offroadreise, Offroad Reisen","description":"4x4 Offroad Europa und Nordafrika","potentialAction":[{"@type":"SearchAction","target":{"@type":"EntryPoint","urlTemplate":"https:\/\/4x4-experience.de\/4x4\/?s={search_term_string}"},"query-input":{"@type":"PropertyValueSpecification","valueRequired":true,"valueName":"search_term_string"}}],"inLanguage":"de"}]}},"_links":{"self":[{"href":"https:\/\/4x4-experience.de\/4x4\/wp-json\/wp\/v2\/pages\/1768","targetHints":{"allow":["GET"]}}],"collection":[{"href":"https:\/\/4x4-experience.de\/4x4\/wp-json\/wp\/v2\/pages"}],"about":[{"href":"https:\/\/4x4-experience.de\/4x4\/wp-json\/wp\/v2\/types\/page"}],"author":[{"embeddable":true,"href":"https:\/\/4x4-experience.de\/4x4\/wp-json\/wp\/v2\/users\/1"}],"replies":[{"embeddable":true,"href":"https:\/\/4x4-experience.de\/4x4\/wp-json\/wp\/v2\/comments?post=1768"}],"version-history":[{"count":10,"href":"https:\/\/4x4-experience.de\/4x4\/wp-json\/wp\/v2\/pages\/1768\/revisions"}],"predecessor-version":[{"id":2576,"href":"https:\/\/4x4-experience.de\/4x4\/wp-json\/wp\/v2\/pages\/1768\/revisions\/2576"}],"wp:attachment":[{"href":"https:\/\/4x4-experience.de\/4x4\/wp-json\/wp\/v2\/media?parent=1768"}],"curies":[{"name":"wp","href":"https:\/\/api.w.org\/{rel}","templated":true}]}}