{"id":1705,"date":"2024-07-08T18:53:34","date_gmt":"2024-07-08T16:53:34","guid":{"rendered":"https:\/\/4x4-experience.de\/4x4\/?page_id=1705"},"modified":"2025-09-10T14:05:09","modified_gmt":"2025-09-10T12:05:09","slug":"reisebericht-sardinien-2018","status":"publish","type":"page","link":"https:\/\/4x4-experience.de\/4x4\/reisebericht-sardinien-2018\/","title":{"rendered":"Reisebericht Sardinien 2018"},"content":{"rendered":"\n[et_pb_section fb_built=&#8220;1&#8243; _builder_version=&#8220;4.23.1&#8243; _module_preset=&#8220;default&#8220; custom_margin=&#8220;0px||-114px||false|false&#8220; custom_padding=&#8220;0px||0px||false|false&#8220; global_colors_info=&#8220;{}&#8220;][\/et_pb_section][et_pb_section fb_built=&#8220;1&#8243; _builder_version=&#8220;4.23.1&#8243; _module_preset=&#8220;default&#8220; custom_margin=&#8220;||-6px|||&#8220; custom_padding=&#8220;||0px|||&#8220; global_colors_info=&#8220;{}&#8220;][\/et_pb_section][et_pb_section fb_built=&#8220;1&#8243; custom_padding_last_edited=&#8220;on|phone&#8220; _builder_version=&#8220;4.23.1&#8243; _module_preset=&#8220;default&#8220; custom_margin=&#8220;188px||||false|false&#8220; custom_margin_tablet=&#8220;90px||||false|false&#8220; custom_margin_phone=&#8220;30px||||false|false&#8220; custom_margin_last_edited=&#8220;on|phone&#8220; custom_padding=&#8220;0px||0px||false|false&#8220; custom_padding_tablet=&#8220;143px||0px|||&#8220; custom_padding_phone=&#8220;50px||0px||false|false&#8220; global_colors_info=&#8220;{}&#8220;][et_pb_row column_structure=&#8220;2_3,1_3&#8243; _builder_version=&#8220;4.23.1&#8243; _module_preset=&#8220;default&#8220; custom_padding=&#8220;2px||10px|||&#8220; global_colors_info=&#8220;{}&#8220;][et_pb_column type=&#8220;2_3&#8243; _builder_version=&#8220;4.23.1&#8243; _module_preset=&#8220;default&#8220; global_colors_info=&#8220;{}&#8220;][et_pb_text _builder_version=&#8220;4.23.1&#8243; _module_preset=&#8220;default&#8220; custom_css_free_form=&#8220;h2 {font-size: 17pt}&#8220; global_colors_info=&#8220;{}&#8220;]<h1 class=\"title\">Reisebericht Sardinien 2018<\/h1>\n<h2>Offroad auf Sardinien \u2013 Genuss auf hohem Niveau<\/h2>\nDie F\u00e4hre bewegt sich am Morgen des 7. April 2018 in Schrittgeschwindigkeit auf den F\u00e4hrhafen in Olbia zu und zerschneidet fast ger\u00e4uschlos die spiegelglatte Oberfl\u00e4che der Bucht. Die Sonne scheint wie bestellt und verbreitet Urlaubsfeeling \u2013 genau so hatte ich mir meinen zweiten Besuch auf Sardinien vorgestellt. Anlegen, runter von der F\u00e4hre, volltanken und los!\n\nIch fahre zum vereinbarten Treffpunkt und freue mich auf ein Wiedersehen mit Michael, mit dem ich zwei Jahre zuvor durch Marokko tourte. Dort treffe ich auch meinen langj\u00e4hrigen Freund Mirko, der mich eine Woche lang als tapferer Beifahrer im Buschtaxi begleitet. Eigentlich ist Mirko Anh\u00e4nger der Landrover-Fraktion und sucht oft den Nervenkitzel im schweren Gel\u00e4nde. Nun aber freut er sich nach einem Offroad-Abenteuer auf Korsika in der Woche zuvor auf eine relaxte Ausfahrt im Toyota.\n\nWir relaxen den ganzen Tag bei Sonnenschein am Strand und lassen uns bei herrlichem Sonnenuntergang die Fischplatten in einem unscheinbaren Restaurant in Castelsardo schmecken.\n\nVon Norden kommend fahren wir am Sonntag Onroad ca. 160 km in Richtung S\u00fcdosten und machen mehrere Zwischenstopps, um auch etwas Kulturgeschichte aufzunehmen. Highlight des Tages ist die Mittagsrast auf einem Bauernhof.Wir werden sehr gastfreundlich empfangen und vorz\u00fcglich bewirtet. Nach einem ausgiebigen Mahl nehmen wir Einblick in die Weinherstellung und decken uns mit selbstgemachten Honig, Oliven\u00f6l und Wein ein.\n\nWeiter geht\u2019s in unser Camp nahe Orgosolo, in welchem wir die kommenden vier N\u00e4chte verbringen. Als mir bewusst wurde, dass wir auf rund 1.000 m \u00fcber Null campieren, wird klar, warum es dort oben nachts \u201esehr schattig\u201c ist, wie Michael nach einer 5-Grad-Nacht mit Regen und Wind beliebt, zu scherzen. Das Camp hat einen entscheidenden Vorteil gegen\u00fcber dem Wildcamping: Es gibt einen gro\u00dfen Aufenthaltsraum mit offenem Kamin. So sitzen wir auch bei schlechtem Wetter warm und trocken und genie\u00dfen sardische Spezialit\u00e4ten vom Grill, Wein und Mirto (Myrthenlik\u00f6r).\n\nAm n\u00e4chsten Morgen geht\u2018s endlich ins Gel\u00e4nde. Nach dem obligatorischen Morgenappell starten wir die Motoren und erkunden in den kommenden Tagen die Pisten rund um das Camp \u2013 haupts\u00e4chlich im Parco Nazionale Del Golfo Di Orossei e Del Gennargentu. Zun\u00e4chst geht es ganz entspannt die Piste entlang, bevor wir abbiegen und des erste Offroad-Highlight erleben. Durch den anhaltenden Regen der letzten Tage ist der Boden teilweise aufgeweicht und als wir das erste B\u00e4chlein queren, m\u00fcssen einige Fahrzeuge aus dem Schlamm gezogen werden \u2013 das macht Spa\u00df! Weiter geht es mit anspruchsvollen Bergauf- und Bergabfahrten, ausgedehnten Strecken in diversen Flussbetten sowie der einen oder anderen Bergeaktion.\n\nMit Ausnahme einer kleinen Rempelei zwischen einem herunterh\u00e4ngenden Ast und dem Dachzelt eines Fahrzeuges meisterten alle die Tour ohne Probleme. Das Teilnehmerfeld ist bunt gemischt: Landrover Defender 90, 110, 130 sowie Dicovery, Mercedes G500, Steyer Puch und wir als einzige Toyota-Crew. Entgegen allen Vorurteilen wurden wir von der Gruppe trotz (oder gerade wegen?) unseres Buschtaxis herzlich aufgenommen.\n\nAm vorletzten Tag der Tour fahren wir weiter Richtung Osten nach Arbatax. Auf der Fahrt dorthin wechseln sich sch\u00f6ne Strecken, Blicke auf Bergketten und sp\u00e4ter das t\u00fcrkisblaue Mittelmeer ab. Die Nacht von Donnerstag auf Freitag verbringen wir auf dem Campingplatz Telis direkt am Meer und erleben unseren gemeinsamen Abschiedsabend in dem wunderbaren Restaurant des Hotels La Bitta.\n\nDas pers\u00f6nliches Highlight der Tour erfahren wir dann am Freitag, als wir die rote Felsenlandschaft von Arbatax durchqueren. Unglaublich sch\u00f6ne Landschaft gepaart mit frischem, maigr\u00fcnen Bewuchs und netten Offroadeinlagen bestimmen die Tour, die am Nachmittag ihr geplantes Ende findet. Dabei strahlte die Sonne vom blauen Himmel und tauchte die Landschaft in malerische Farben.\n\n&nbsp;\n\nAlles in allem hinterlie\u00df die Tour mit ihren st\u00e4ndig wechselnden Landschaften, zahlreichen Offroadeinlagen und den vielen Gen\u00fcssen unvergessliche Eindr\u00fccke im Kopf. Klare Empfehlung mit Suchtgefahr!\n&nbsp;\n<h4>Meine Highlights der Tour:<\/h4>\n<ul>\n\t<li>Abendessen in der Fischgastst\u00e4tte am Castello dei Doria<\/li>\n\t<li>Besuch des Bauerhofes mit Weinverkostung nahe Laerru<\/li>\n\t<li>Touren im Nationalpark Gennargentu<\/li>\n\t<li>H\u00f6hle in der N\u00e4he von Oliena<\/li>\n\t<li>Offroadtour entlang der roten Felsen von Arbatax von Tortol\u00ec nach Urzulei<\/li>\n\t<li>Abendessen im Hotel La Bitta<\/li>\n<\/ul>\nMario, 46, mit Toyota HZJ78[\/et_pb_text][\/et_pb_column][et_pb_column type=&#8220;1_3&#8243; _builder_version=&#8220;4.23.1&#8243; _module_preset=&#8220;default&#8220; global_colors_info=&#8220;{}&#8220;][et_pb_gallery gallery_ids=&#8220;1746,1747,1748,1749,1750,1751,1752,1753,1754,1757,1758,1759,1760,1761,1762,1763,1755&#8243; posts_number=&#8220;6&#8243; show_title_and_caption=&#8220;off&#8220; show_pagination=&#8220;off&#8220; _builder_version=&#8220;4.23.1&#8243; _module_preset=&#8220;default&#8220; global_colors_info=&#8220;{}&#8220; custom_padding=&#8220;25px|||||&#8220;][\/et_pb_gallery][\/et_pb_column][\/et_pb_row][\/et_pb_section]\n","protected":false},"excerpt":{"rendered":"<p>Reisebericht Sardinien 2018 Offroad auf Sardinien \u2013 Genuss auf hohem Niveau Die F\u00e4hre bewegt sich am Morgen des 7. April 2018 in Schrittgeschwindigkeit auf den F\u00e4hrhafen in Olbia zu und zerschneidet fast ger\u00e4uschlos die spiegelglatte Oberfl\u00e4che der Bucht. Die Sonne scheint wie bestellt und verbreitet Urlaubsfeeling \u2013 genau so hatte ich mir meinen zweiten Besuch [&hellip;]<\/p>\n","protected":false},"author":1,"featured_media":0,"parent":0,"menu_order":0,"comment_status":"closed","ping_status":"closed","template":"","meta":{"_et_pb_use_builder":"on","_et_pb_old_content":"","_et_gb_content_width":"","footnotes":""},"class_list":["post-1705","page","type-page","status-publish","hentry"],"yoast_head":"<!-- This site is optimized with the Yoast SEO Premium plugin v27.0 (Yoast SEO v27.3) - https:\/\/yoast.com\/product\/yoast-seo-premium-wordpress\/ -->\n<title>Reisebericht Sardinien: 4x4 Offroad Expedition am Mittelmeer<\/title>\n<meta name=\"description\" content=\"Reisebericht Sardinien. Der Reiseblog zu unserer 4x4 Experience-Tour. Offroad mit dem Gel\u00e4ndewagen auf der italienischen Mittelmeerinsel.\" \/>\n<meta name=\"robots\" content=\"index, follow, max-snippet:-1, max-image-preview:large, max-video-preview:-1\" \/>\n<link rel=\"canonical\" href=\"https:\/\/4x4-experience.de\/4x4\/reisebericht-sardinien-2018\/\" \/>\n<meta property=\"og:locale\" content=\"de_DE\" \/>\n<meta property=\"og:type\" content=\"article\" \/>\n<meta property=\"og:title\" content=\"Reisebericht Sardinien 2018\" \/>\n<meta property=\"og:description\" content=\"Reisebericht Sardinien. Der Reiseblog zu unserer 4x4 Experience-Tour. Offroad mit dem Gel\u00e4ndewagen auf der italienischen Mittelmeerinsel.\" \/>\n<meta property=\"og:url\" content=\"https:\/\/4x4-experience.de\/4x4\/reisebericht-sardinien-2018\/\" \/>\n<meta property=\"og:site_name\" content=\"4x4 Experience, Offroadreise, Offroad Reisen\" \/>\n<meta property=\"article:publisher\" content=\"https:\/\/www.facebook.com\/www.4x4Experience\/\" \/>\n<meta property=\"article:modified_time\" content=\"2025-09-10T12:05:09+00:00\" \/>\n<meta name=\"twitter:card\" content=\"summary_large_image\" \/>\n<meta name=\"twitter:label1\" content=\"Gesch\u00e4tzte Lesezeit\" \/>\n\t<meta name=\"twitter:data1\" content=\"8\u00a0Minuten\" \/>\n<script type=\"application\/ld+json\" class=\"yoast-schema-graph\">{\"@context\":\"https:\\\/\\\/schema.org\",\"@graph\":[{\"@type\":\"WebPage\",\"@id\":\"https:\\\/\\\/4x4-experience.de\\\/4x4\\\/reisebericht-sardinien-2018\\\/\",\"url\":\"https:\\\/\\\/4x4-experience.de\\\/4x4\\\/reisebericht-sardinien-2018\\\/\",\"name\":\"Reisebericht Sardinien: 4x4 Offroad Expedition am Mittelmeer\",\"isPartOf\":{\"@id\":\"https:\\\/\\\/4x4-experience.de\\\/4x4\\\/#website\"},\"datePublished\":\"2024-07-08T16:53:34+00:00\",\"dateModified\":\"2025-09-10T12:05:09+00:00\",\"description\":\"Reisebericht Sardinien. Der Reiseblog zu unserer 4x4 Experience-Tour. Offroad mit dem Gel\u00e4ndewagen auf der italienischen Mittelmeerinsel.\",\"breadcrumb\":{\"@id\":\"https:\\\/\\\/4x4-experience.de\\\/4x4\\\/reisebericht-sardinien-2018\\\/#breadcrumb\"},\"inLanguage\":\"de\",\"potentialAction\":[{\"@type\":\"ReadAction\",\"target\":[\"https:\\\/\\\/4x4-experience.de\\\/4x4\\\/reisebericht-sardinien-2018\\\/\"]}]},{\"@type\":\"BreadcrumbList\",\"@id\":\"https:\\\/\\\/4x4-experience.de\\\/4x4\\\/reisebericht-sardinien-2018\\\/#breadcrumb\",\"itemListElement\":[{\"@type\":\"ListItem\",\"position\":1,\"name\":\"Startseite\",\"item\":\"https:\\\/\\\/4x4-experience.de\\\/4x4\\\/\"},{\"@type\":\"ListItem\",\"position\":2,\"name\":\"Reisebericht Sardinien 2018\"}]},{\"@type\":\"WebSite\",\"@id\":\"https:\\\/\\\/4x4-experience.de\\\/4x4\\\/#website\",\"url\":\"https:\\\/\\\/4x4-experience.de\\\/4x4\\\/\",\"name\":\"4x4 Experience, Offroadreise, Offroad Reisen\",\"description\":\"4x4 Offroad Europa und Nordafrika\",\"potentialAction\":[{\"@type\":\"SearchAction\",\"target\":{\"@type\":\"EntryPoint\",\"urlTemplate\":\"https:\\\/\\\/4x4-experience.de\\\/4x4\\\/?s={search_term_string}\"},\"query-input\":{\"@type\":\"PropertyValueSpecification\",\"valueRequired\":true,\"valueName\":\"search_term_string\"}}],\"inLanguage\":\"de\"}]}<\/script>\n<!-- \/ Yoast SEO Premium plugin. -->","yoast_head_json":{"title":"Reisebericht Sardinien: 4x4 Offroad Expedition am Mittelmeer","description":"Reisebericht Sardinien. Der Reiseblog zu unserer 4x4 Experience-Tour. Offroad mit dem Gel\u00e4ndewagen auf der italienischen Mittelmeerinsel.","robots":{"index":"index","follow":"follow","max-snippet":"max-snippet:-1","max-image-preview":"max-image-preview:large","max-video-preview":"max-video-preview:-1"},"canonical":"https:\/\/4x4-experience.de\/4x4\/reisebericht-sardinien-2018\/","og_locale":"de_DE","og_type":"article","og_title":"Reisebericht Sardinien 2018","og_description":"Reisebericht Sardinien. Der Reiseblog zu unserer 4x4 Experience-Tour. Offroad mit dem Gel\u00e4ndewagen auf der italienischen Mittelmeerinsel.","og_url":"https:\/\/4x4-experience.de\/4x4\/reisebericht-sardinien-2018\/","og_site_name":"4x4 Experience, Offroadreise, Offroad Reisen","article_publisher":"https:\/\/www.facebook.com\/www.4x4Experience\/","article_modified_time":"2025-09-10T12:05:09+00:00","twitter_card":"summary_large_image","twitter_misc":{"Gesch\u00e4tzte Lesezeit":"8\u00a0Minuten"},"schema":{"@context":"https:\/\/schema.org","@graph":[{"@type":"WebPage","@id":"https:\/\/4x4-experience.de\/4x4\/reisebericht-sardinien-2018\/","url":"https:\/\/4x4-experience.de\/4x4\/reisebericht-sardinien-2018\/","name":"Reisebericht Sardinien: 4x4 Offroad Expedition am Mittelmeer","isPartOf":{"@id":"https:\/\/4x4-experience.de\/4x4\/#website"},"datePublished":"2024-07-08T16:53:34+00:00","dateModified":"2025-09-10T12:05:09+00:00","description":"Reisebericht Sardinien. Der Reiseblog zu unserer 4x4 Experience-Tour. Offroad mit dem Gel\u00e4ndewagen auf der italienischen Mittelmeerinsel.","breadcrumb":{"@id":"https:\/\/4x4-experience.de\/4x4\/reisebericht-sardinien-2018\/#breadcrumb"},"inLanguage":"de","potentialAction":[{"@type":"ReadAction","target":["https:\/\/4x4-experience.de\/4x4\/reisebericht-sardinien-2018\/"]}]},{"@type":"BreadcrumbList","@id":"https:\/\/4x4-experience.de\/4x4\/reisebericht-sardinien-2018\/#breadcrumb","itemListElement":[{"@type":"ListItem","position":1,"name":"Startseite","item":"https:\/\/4x4-experience.de\/4x4\/"},{"@type":"ListItem","position":2,"name":"Reisebericht Sardinien 2018"}]},{"@type":"WebSite","@id":"https:\/\/4x4-experience.de\/4x4\/#website","url":"https:\/\/4x4-experience.de\/4x4\/","name":"4x4 Experience, Offroadreise, Offroad Reisen","description":"4x4 Offroad Europa und Nordafrika","potentialAction":[{"@type":"SearchAction","target":{"@type":"EntryPoint","urlTemplate":"https:\/\/4x4-experience.de\/4x4\/?s={search_term_string}"},"query-input":{"@type":"PropertyValueSpecification","valueRequired":true,"valueName":"search_term_string"}}],"inLanguage":"de"}]}},"_links":{"self":[{"href":"https:\/\/4x4-experience.de\/4x4\/wp-json\/wp\/v2\/pages\/1705","targetHints":{"allow":["GET"]}}],"collection":[{"href":"https:\/\/4x4-experience.de\/4x4\/wp-json\/wp\/v2\/pages"}],"about":[{"href":"https:\/\/4x4-experience.de\/4x4\/wp-json\/wp\/v2\/types\/page"}],"author":[{"embeddable":true,"href":"https:\/\/4x4-experience.de\/4x4\/wp-json\/wp\/v2\/users\/1"}],"replies":[{"embeddable":true,"href":"https:\/\/4x4-experience.de\/4x4\/wp-json\/wp\/v2\/comments?post=1705"}],"version-history":[{"count":19,"href":"https:\/\/4x4-experience.de\/4x4\/wp-json\/wp\/v2\/pages\/1705\/revisions"}],"predecessor-version":[{"id":3235,"href":"https:\/\/4x4-experience.de\/4x4\/wp-json\/wp\/v2\/pages\/1705\/revisions\/3235"}],"wp:attachment":[{"href":"https:\/\/4x4-experience.de\/4x4\/wp-json\/wp\/v2\/media?parent=1705"}],"curies":[{"name":"wp","href":"https:\/\/api.w.org\/{rel}","templated":true}]}}