{"id":1680,"date":"2024-07-08T18:31:16","date_gmt":"2024-07-08T16:31:16","guid":{"rendered":"https:\/\/4x4-experience.de\/4x4\/?page_id=1680"},"modified":"2025-09-10T14:08:09","modified_gmt":"2025-09-10T12:08:09","slug":"reisebericht-sardinien-2019","status":"publish","type":"page","link":"https:\/\/4x4-experience.de\/4x4\/reisebericht-sardinien-2019\/","title":{"rendered":"Reisebericht Sardinien 2019"},"content":{"rendered":"\n[et_pb_section fb_built=&#8220;1&#8243; _builder_version=&#8220;4.23.1&#8243; _module_preset=&#8220;default&#8220; custom_margin=&#8220;0px||-114px||false|false&#8220; custom_padding=&#8220;0px||0px||false|false&#8220; global_colors_info=&#8220;{}&#8220;][\/et_pb_section][et_pb_section fb_built=&#8220;1&#8243; _builder_version=&#8220;4.23.1&#8243; _module_preset=&#8220;default&#8220; custom_margin=&#8220;||-6px|||&#8220; custom_padding=&#8220;||0px|||&#8220; global_colors_info=&#8220;{}&#8220;][\/et_pb_section][et_pb_section fb_built=&#8220;1&#8243; _builder_version=&#8220;4.23.1&#8243; _module_preset=&#8220;default&#8220; custom_margin=&#8220;130px||||false|false&#8220; custom_margin_tablet=&#8220;90px||||false|false&#8220; custom_margin_phone=&#8220;40px||||false|false&#8220; custom_margin_last_edited=&#8220;on|phone&#8220; custom_padding=&#8220;24px||0px||false|false&#8220; global_colors_info=&#8220;{}&#8220;][et_pb_row _builder_version=&#8220;4.23.1&#8243; _module_preset=&#8220;default&#8220; custom_margin_tablet=&#8220;|auto||auto|false|false&#8220; custom_margin_phone=&#8220;|auto||auto|false|false&#8220; custom_margin_last_edited=&#8220;on|phone&#8220; custom_padding=&#8220;2px||10px|||&#8220; global_colors_info=&#8220;{}&#8220;][et_pb_column type=&#8220;4_4&#8243; _builder_version=&#8220;4.23.1&#8243; _module_preset=&#8220;default&#8220; global_colors_info=&#8220;{}&#8220;][et_pb_text _builder_version=&#8220;4.23.1&#8243; _module_preset=&#8220;default&#8220; custom_css_free_form=&#8220;h2 {font-size: 17pt}&#8220; global_colors_info=&#8220;{}&#8220;]<h1 class=\"title\">Reisebericht Sardinien 2019<\/h1>\n<h2>&#8222;Die roten Felsen von Arbatax&#8220; \u2013 mit Michael Ortner<\/h2>\n\n<a href=\"https:\/\/4x4-experience.de\/4x4\/wp-content\/uploads\/4x4-experience-sardinien-01.jpg\"><img loading=\"lazy\" decoding=\"async\" aria-describedby=\"caption-attachment-4513\" src=\"https:\/\/4x4-experience.de\/4x4\/wp-content\/uploads\/4x4-experience-sardinien-01.jpg\" alt=\"Mit 4x4-Experience, Offroad-Reise auf Sardinien\" width=\"538\" height=\"405\" class=\"size-full wp-image-4513\" srcset=\"https:\/\/4x4-experience.de\/4x4\/wp-content\/uploads\/4x4-experience-sardinien-01.jpg 538w, https:\/\/4x4-experience.de\/4x4\/wp-content\/uploads\/4x4-experience-sardinien-01-199x150.jpg 199w, https:\/\/4x4-experience.de\/4x4\/wp-content\/uploads\/4x4-experience-sardinien-01-300x226.jpg 300w\" sizes=\"(max-width: 538px) 100vw, 538px\" \/><\/a>\n<p id=\"caption-attachment-4513\" class=\"wp-caption-text\">Mit 4\u00d74-Experience, Offroad-Reise auf Sardinien<\/p>\nOrgosolo ist eine Gemeinde in der Provinz Nuoro auf Sardinien mit 4206 Einwohnern. Der Ort liegt im Zentrum des zerkl\u00fcfteten Supramonte-Gebirges. Nach selbstst\u00e4ndiger Anreise trafen sich hier die Teilnehmer mit Guide Michael Ortner im Hotel Sa \u00e9 Jana. Das Hotel wird famili\u00e4r gef\u00fchrt und ist f\u00fcr unsere Touren ideal gelegen. Die Gruppe bestand aus 6 Teilnehmerfahrzeugen aus Deutschland, \u00d6sterreich und der Schweiz mit Fahrzeugen vom Jeep Wrangler in Kampfausf\u00fchrung \u00fcber Land Rover, Landcruiser, Pajero bis zum Jeep Renegade Trailhawk (ohne Untersetzung!).<\/span><\/div>\n\n<a href=\"https:\/\/4x4-experience.de\/4x4\/wp-content\/uploads\/4x4-experience-sardinien-02.jpg\"><img loading=\"lazy\" decoding=\"async\" aria-describedby=\"caption-attachment-4514\" src=\"https:\/\/4x4-experience.de\/4x4\/wp-content\/uploads\/4x4-experience-sardinien-02.jpg\" alt=\"Sardinien ist ideal f\u00fcr Offroad-Touren\" width=\"538\" height=\"404\" class=\"size-full wp-image-4514\" srcset=\"https:\/\/4x4-experience.de\/4x4\/wp-content\/uploads\/4x4-experience-sardinien-02.jpg 538w, https:\/\/4x4-experience.de\/4x4\/wp-content\/uploads\/4x4-experience-sardinien-02-200x150.jpg 200w, https:\/\/4x4-experience.de\/4x4\/wp-content\/uploads\/4x4-experience-sardinien-02-300x225.jpg 300w\" sizes=\"(max-width: 538px) 100vw, 538px\" \/><\/a>\n<p id=\"caption-attachment-4514\" class=\"wp-caption-text\">Sardinien ist ideal f\u00fcr Offroad-Touren<\/p>\n\n<\/div>\n<\/div>\n<div class=\"clear\"><\/div>\n\n<a href=\"https:\/\/4x4-experience.de\/4x4\/wp-content\/uploads\/4x4-experience-sardinien-03.jpg\"><img loading=\"lazy\" decoding=\"async\" aria-describedby=\"caption-attachment-4515\" src=\"https:\/\/4x4-experience.de\/4x4\/wp-content\/uploads\/4x4-experience-sardinien-03.jpg\" alt=\"\" width=\"487\" height=\"365\" class=\"size-full wp-image-4515\" srcset=\"https:\/\/4x4-experience.de\/4x4\/wp-content\/uploads\/4x4-experience-sardinien-03.jpg 487w, https:\/\/4x4-experience.de\/4x4\/wp-content\/uploads\/4x4-experience-sardinien-03-200x150.jpg 200w, https:\/\/4x4-experience.de\/4x4\/wp-content\/uploads\/4x4-experience-sardinien-03-300x225.jpg 300w\" sizes=\"(max-width: 487px) 100vw, 487px\" \/><\/a>\n<p id=\"caption-attachment-4515\" class=\"wp-caption-text\">Kleine Gruppe \u2013 gro\u00dfes Offroad-Erlebnis mit 4\u00d74 Experience<\/p>\n\nT\u00e4glich starteten von hier unsere Off-Road-Touren in die Umgebung (Nationalpark Supramonte, Foresta di Montes, Nationalpark Gennargentu). Sightseeing vom Allerfeinsten kombiniert mit steinigen Off-Road-Strecken unterschiedlichen Schweregrades und eingestreuten \u201eSpielpl\u00e4tzen\u201c. F\u00fcr Jeden war etwas dabei. Die Strecken f\u00fchrten durch Urw\u00e4lder von Stein- und Korkeichen, mit Querungen wilder Gebirgsb\u00e4che immer wieder hoch auf die Weiden zwischen den Schafen, Ziegen, K\u00fchen, Pferden, Eseln, Schweinen und deren sterblichen \u00dcberresten hindurch zu atemberaubenden Aussichtspunkten. Die alpine Flora gab alles. Wilde Alpenveilchen, Pfingstrosen, B\u00fcsche, Str\u00e4ucher alles stand in voller Bl\u00fcte.\n\n<a href=\"https:\/\/4x4-experience.de\/4x4\/wp-content\/uploads\/4x4-experience-sardinien-04.jpg\"><img loading=\"lazy\" decoding=\"async\" aria-describedby=\"caption-attachment-4516\" src=\"https:\/\/4x4-experience.de\/4x4\/wp-content\/uploads\/4x4-experience-sardinien-04.jpg\" alt=\"\" width=\"535\" height=\"401\" class=\"size-full wp-image-4516\" srcset=\"https:\/\/4x4-experience.de\/4x4\/wp-content\/uploads\/4x4-experience-sardinien-04.jpg 535w, https:\/\/4x4-experience.de\/4x4\/wp-content\/uploads\/4x4-experience-sardinien-04-200x150.jpg 200w, https:\/\/4x4-experience.de\/4x4\/wp-content\/uploads\/4x4-experience-sardinien-04-300x225.jpg 300w\" sizes=\"(max-width: 535px) 100vw, 535px\" \/><\/a>\n<p id=\"caption-attachment-4516\" class=\"wp-caption-text\">Blumen am Wegesrand, gen\u00fcgsam und sch\u00f6n<\/p>\n\n<div class=\"clear\"><\/div>\n&nbsp;\n<a href=\"https:\/\/4x4-experience.de\/4x4\/wp-content\/uploads\/4x4-experience-sardinien-05-gross.jpg\"><img loading=\"lazy\" decoding=\"async\" aria-describedby=\"caption-attachment-4517\" src=\"https:\/\/4x4-experience.de\/4x4\/wp-content\/uploads\/4x4-experience-sardinien-05-gross.jpg\" alt=\"Querung eines Wildbaches auf Sardinien mit 4x4-Experience\" width=\"738\" height=\"442\" class=\"size-full wp-image-4517\" srcset=\"https:\/\/4x4-experience.de\/4x4\/wp-content\/uploads\/4x4-experience-sardinien-05-gross.jpg 738w, https:\/\/4x4-experience.de\/4x4\/wp-content\/uploads\/4x4-experience-sardinien-05-gross-250x150.jpg 250w, https:\/\/4x4-experience.de\/4x4\/wp-content\/uploads\/4x4-experience-sardinien-05-gross-300x180.jpg 300w, https:\/\/4x4-experience.de\/4x4\/wp-content\/uploads\/4x4-experience-sardinien-05-gross-600x359.jpg 600w\" sizes=\"(max-width: 738px) 100vw, 738px\" \/><\/a>\n<p id=\"caption-attachment-4517\" class=\"wp-caption-text\">Querung eines Wildbaches auf Sardinien mit 4\u00d74-Experience<\/p>\n\n<span>\u00dcberall wilder Fenchel, der abends im Hotel als Gem\u00fcse serviert, als kulinarisches Highlight in Erinnerung blieb. Insgesamt war die landestypische Hausmannskost, die im Hotel serviert wurde, ein leckerer Abschluss des Tages und die Pizzen aus der hauseigenen Pizzeria geh\u00f6ren zu den besten, die wir bisher gegessen haben.<\/span>\n\n&nbsp;\n\n<span>Mit viel Feingef\u00fchl f\u00fcr die Gruppe und die W\u00fcnsche der Teilnehmer wurden die Strecken von Tag zu Tag anspruchsvoller bis hin zu einer Fahrt durch ein Flussbett, die spektakul\u00e4r mit dem \u00dcberwinden der scheinbar vom Teufel geworfenen Felsbl\u00f6cke (il dado del diavolo?) begann.<\/span>\n\n<span><strong>F\u00fcr Fahrzeuge wie unseren serienm\u00e4\u00dfigen kurzen Pajero V80 und den Renegade bot sich \u2013 mangels Bodenfreiheit \u2013 eine Umfahrung.<\/strong><\/span>\n\n<a href=\"https:\/\/4x4-experience.de\/4x4\/wp-content\/uploads\/4x4-experience-sardinien-06-gross.jpg\"><img loading=\"lazy\" decoding=\"async\" aria-describedby=\"caption-attachment-4518\" src=\"https:\/\/4x4-experience.de\/4x4\/wp-content\/uploads\/4x4-experience-sardinien-06-gross.jpg\" alt=\"Michael Ortner, unser Guide von 4x4 Experience\" width=\"738\" height=\"554\" class=\"size-full wp-image-4518\" srcset=\"https:\/\/4x4-experience.de\/4x4\/wp-content\/uploads\/4x4-experience-sardinien-06-gross.jpg 738w, https:\/\/4x4-experience.de\/4x4\/wp-content\/uploads\/4x4-experience-sardinien-06-gross-200x150.jpg 200w, https:\/\/4x4-experience.de\/4x4\/wp-content\/uploads\/4x4-experience-sardinien-06-gross-300x225.jpg 300w, https:\/\/4x4-experience.de\/4x4\/wp-content\/uploads\/4x4-experience-sardinien-06-gross-600x450.jpg 600w\" sizes=\"(max-width: 738px) 100vw, 738px\" \/><\/a>\n<p id=\"caption-attachment-4518\" class=\"wp-caption-text\">Michael Ortner, unser Guide von 4\u00d74 Experience<\/p>\n\n<div class=\"clear\"><\/div>\n<a href=\"https:\/\/4x4-experience.de\/4x4\/wp-content\/uploads\/4x4-experience-sardinien-07.jpg\"><img loading=\"lazy\" decoding=\"async\" aria-describedby=\"caption-attachment-4519\" src=\"https:\/\/4x4-experience.de\/4x4\/wp-content\/uploads\/4x4-experience-sardinien-07.jpg\" alt=\"\" width=\"738\" height=\"554\" class=\"size-full wp-image-4519\" srcset=\"https:\/\/4x4-experience.de\/4x4\/wp-content\/uploads\/4x4-experience-sardinien-07.jpg 738w, https:\/\/4x4-experience.de\/4x4\/wp-content\/uploads\/4x4-experience-sardinien-07-200x150.jpg 200w, https:\/\/4x4-experience.de\/4x4\/wp-content\/uploads\/4x4-experience-sardinien-07-300x225.jpg 300w, https:\/\/4x4-experience.de\/4x4\/wp-content\/uploads\/4x4-experience-sardinien-07-600x450.jpg 600w\" sizes=\"(max-width: 738px) 100vw, 738px\" \/><\/a>\n<p id=\"caption-attachment-4519\" class=\"wp-caption-text\">Picknick im sardischen Wald<\/p>\n\n<span>Wir hatten allerdings die M\u00f6glichkeit, dem Kampf beim \u201eWounded Knee\u201c (von Michael Ortner) von oben zuzuschauen. Auch f\u00fcr ein bisschen Kultur war Zeit. An der Strecke gelegene, bis zu 4000 Jahre alte Kult-, Wohnst\u00e4tten und Wacht\u00fcrme aus der Nuragezeit (der Ursarden), 1000 Jahre alte Steineichen, Wasseraustritte (Sorgente Su Gologone) eines umfangreichen H\u00f6hlensystems im Karstgebirge konnten besichtigt werden. Eine Weinprobe beendete unseren Aufenthalt in Orgosolo, bevor es am n\u00e4chsten Tag auf letzte Etappen nach Arbatax ging. Das Wetter war uns gewogen, sodass die einst\u00fcndigen Mittagspausen jeweils an sch\u00f6n gelegenen Picknickpl\u00e4tzen oder Stationen der Forstarbeiter im Nationalpark stattfinden konnten und Strecken befahrbar waren, die bei Regen nicht befahrbar gewesen w\u00e4ren. Das Repertoire an m\u00f6glichen Routen ist gro\u00df, kann der jeweiligen Gruppe angepasst und bei Bedarf ver\u00e4ndert werden, sodass auch bei Wiederholungst\u00e4tern keine Langeweile aufkam. Eine rundum gelungene Veranstaltung, die Lust auf mehr macht. Wir freuen uns auf die n\u00e4chste Reise mit Michael Ortner.\u00a0<\/span>\n\n&nbsp;\n\nTina und Thomas Herrgesell, April\/Mai 2019\n\n<\/div>[\/et_pb_text][\/et_pb_column][\/et_pb_row][\/et_pb_section]\n","protected":false},"excerpt":{"rendered":"<p>Reisebericht Sardinien 2019 &#8222;Die roten Felsen von Arbatax&#8220; \u2013 mit Michael Ortner Mit 4\u00d74-Experience, Offroad-Reise auf Sardinien Orgosolo ist eine Gemeinde in der Provinz Nuoro auf Sardinien mit 4206 Einwohnern. Der Ort liegt im Zentrum des zerkl\u00fcfteten Supramonte-Gebirges. Nach selbstst\u00e4ndiger Anreise trafen sich hier die Teilnehmer mit Guide Michael Ortner im Hotel Sa \u00e9 Jana. [&hellip;]<\/p>\n","protected":false},"author":1,"featured_media":0,"parent":0,"menu_order":0,"comment_status":"closed","ping_status":"closed","template":"","meta":{"_et_pb_use_builder":"on","_et_pb_old_content":"","_et_gb_content_width":"","footnotes":""},"class_list":["post-1680","page","type-page","status-publish","hentry"],"yoast_head":"<!-- This site is optimized with the Yoast SEO Premium plugin v27.3 (Yoast SEO v27.4) - https:\/\/yoast.com\/product\/yoast-seo-premium-wordpress\/ -->\n<title>4x4 Reisebericht Sardinien<\/title>\n<meta name=\"description\" content=\"4x4 Reisebericht Sardinien. Reiseblog unserer einzigartigen Tour mit dem Allradwagen mit Offroad-Pisten entlang der Felsen von Arbatax.\" \/>\n<meta name=\"robots\" content=\"index, follow, max-snippet:-1, max-image-preview:large, max-video-preview:-1\" \/>\n<link rel=\"canonical\" href=\"https:\/\/4x4-experience.de\/4x4\/reisebericht-sardinien-2019\/\" \/>\n<meta property=\"og:locale\" content=\"de_DE\" \/>\n<meta property=\"og:type\" content=\"article\" \/>\n<meta property=\"og:title\" content=\"Reisebericht Sardinien 2019\" \/>\n<meta property=\"og:description\" content=\"4x4 Reisebericht Sardinien. Reiseblog unserer einzigartigen Tour mit dem Allradwagen mit Offroad-Pisten entlang der Felsen von Arbatax.\" \/>\n<meta property=\"og:url\" content=\"https:\/\/4x4-experience.de\/4x4\/reisebericht-sardinien-2019\/\" \/>\n<meta property=\"og:site_name\" content=\"4x4 Experience, Offroad Reise, Offroad Reisen, Gel\u00e4ndewagen Touren\" \/>\n<meta property=\"article:publisher\" content=\"https:\/\/www.facebook.com\/www.4x4Experience\/\" \/>\n<meta property=\"article:modified_time\" content=\"2025-09-10T12:08:09+00:00\" \/>\n<meta name=\"twitter:card\" content=\"summary_large_image\" \/>\n<meta name=\"twitter:label1\" content=\"Gesch\u00e4tzte Lesezeit\" \/>\n\t<meta name=\"twitter:data1\" content=\"5\u00a0Minuten\" \/>\n<script type=\"application\/ld+json\" class=\"yoast-schema-graph\">{\"@context\":\"https:\\\/\\\/schema.org\",\"@graph\":[{\"@type\":\"WebPage\",\"@id\":\"https:\\\/\\\/4x4-experience.de\\\/4x4\\\/reisebericht-sardinien-2019\\\/\",\"url\":\"https:\\\/\\\/4x4-experience.de\\\/4x4\\\/reisebericht-sardinien-2019\\\/\",\"name\":\"4x4 Reisebericht Sardinien\",\"isPartOf\":{\"@id\":\"https:\\\/\\\/4x4-experience.de\\\/4x4\\\/#website\"},\"primaryImageOfPage\":{\"@id\":\"https:\\\/\\\/4x4-experience.de\\\/4x4\\\/reisebericht-sardinien-2019\\\/#primaryimage\"},\"image\":{\"@id\":\"https:\\\/\\\/4x4-experience.de\\\/4x4\\\/reisebericht-sardinien-2019\\\/#primaryimage\"},\"thumbnailUrl\":\"https:\\\/\\\/4x4-experience.de\\\/4x4\\\/wp-content\\\/uploads\\\/4x4-experience-sardinien-01.jpg\",\"datePublished\":\"2024-07-08T16:31:16+00:00\",\"dateModified\":\"2025-09-10T12:08:09+00:00\",\"description\":\"4x4 Reisebericht Sardinien. Reiseblog unserer einzigartigen Tour mit dem Allradwagen mit Offroad-Pisten entlang der Felsen von Arbatax.\",\"breadcrumb\":{\"@id\":\"https:\\\/\\\/4x4-experience.de\\\/4x4\\\/reisebericht-sardinien-2019\\\/#breadcrumb\"},\"inLanguage\":\"de\",\"potentialAction\":[{\"@type\":\"ReadAction\",\"target\":[\"https:\\\/\\\/4x4-experience.de\\\/4x4\\\/reisebericht-sardinien-2019\\\/\"]}]},{\"@type\":\"ImageObject\",\"inLanguage\":\"de\",\"@id\":\"https:\\\/\\\/4x4-experience.de\\\/4x4\\\/reisebericht-sardinien-2019\\\/#primaryimage\",\"url\":\"https:\\\/\\\/4x4-experience.de\\\/4x4\\\/wp-content\\\/uploads\\\/4x4-experience-sardinien-01.jpg\",\"contentUrl\":\"https:\\\/\\\/4x4-experience.de\\\/4x4\\\/wp-content\\\/uploads\\\/4x4-experience-sardinien-01.jpg\"},{\"@type\":\"BreadcrumbList\",\"@id\":\"https:\\\/\\\/4x4-experience.de\\\/4x4\\\/reisebericht-sardinien-2019\\\/#breadcrumb\",\"itemListElement\":[{\"@type\":\"ListItem\",\"position\":1,\"name\":\"Startseite\",\"item\":\"https:\\\/\\\/4x4-experience.de\\\/4x4\\\/\"},{\"@type\":\"ListItem\",\"position\":2,\"name\":\"Reisebericht Sardinien 2019\"}]},{\"@type\":\"WebSite\",\"@id\":\"https:\\\/\\\/4x4-experience.de\\\/4x4\\\/#website\",\"url\":\"https:\\\/\\\/4x4-experience.de\\\/4x4\\\/\",\"name\":\"4x4 Experience, Offroad Reise, Offroad Reisen, Gel\u00e4ndewagen Touren\",\"description\":\"4x4 Offroad Reisen Europa und Nordafrika\",\"potentialAction\":[{\"@type\":\"SearchAction\",\"target\":{\"@type\":\"EntryPoint\",\"urlTemplate\":\"https:\\\/\\\/4x4-experience.de\\\/4x4\\\/?s={search_term_string}\"},\"query-input\":{\"@type\":\"PropertyValueSpecification\",\"valueRequired\":true,\"valueName\":\"search_term_string\"}}],\"inLanguage\":\"de\"}]}<\/script>\n<!-- \/ Yoast SEO Premium plugin. -->","yoast_head_json":{"title":"4x4 Reisebericht Sardinien","description":"4x4 Reisebericht Sardinien. Reiseblog unserer einzigartigen Tour mit dem Allradwagen mit Offroad-Pisten entlang der Felsen von Arbatax.","robots":{"index":"index","follow":"follow","max-snippet":"max-snippet:-1","max-image-preview":"max-image-preview:large","max-video-preview":"max-video-preview:-1"},"canonical":"https:\/\/4x4-experience.de\/4x4\/reisebericht-sardinien-2019\/","og_locale":"de_DE","og_type":"article","og_title":"Reisebericht Sardinien 2019","og_description":"4x4 Reisebericht Sardinien. Reiseblog unserer einzigartigen Tour mit dem Allradwagen mit Offroad-Pisten entlang der Felsen von Arbatax.","og_url":"https:\/\/4x4-experience.de\/4x4\/reisebericht-sardinien-2019\/","og_site_name":"4x4 Experience, Offroad Reise, Offroad Reisen, Gel\u00e4ndewagen Touren","article_publisher":"https:\/\/www.facebook.com\/www.4x4Experience\/","article_modified_time":"2025-09-10T12:08:09+00:00","twitter_card":"summary_large_image","twitter_misc":{"Gesch\u00e4tzte Lesezeit":"5\u00a0Minuten"},"schema":{"@context":"https:\/\/schema.org","@graph":[{"@type":"WebPage","@id":"https:\/\/4x4-experience.de\/4x4\/reisebericht-sardinien-2019\/","url":"https:\/\/4x4-experience.de\/4x4\/reisebericht-sardinien-2019\/","name":"4x4 Reisebericht Sardinien","isPartOf":{"@id":"https:\/\/4x4-experience.de\/4x4\/#website"},"primaryImageOfPage":{"@id":"https:\/\/4x4-experience.de\/4x4\/reisebericht-sardinien-2019\/#primaryimage"},"image":{"@id":"https:\/\/4x4-experience.de\/4x4\/reisebericht-sardinien-2019\/#primaryimage"},"thumbnailUrl":"https:\/\/4x4-experience.de\/4x4\/wp-content\/uploads\/4x4-experience-sardinien-01.jpg","datePublished":"2024-07-08T16:31:16+00:00","dateModified":"2025-09-10T12:08:09+00:00","description":"4x4 Reisebericht Sardinien. Reiseblog unserer einzigartigen Tour mit dem Allradwagen mit Offroad-Pisten entlang der Felsen von Arbatax.","breadcrumb":{"@id":"https:\/\/4x4-experience.de\/4x4\/reisebericht-sardinien-2019\/#breadcrumb"},"inLanguage":"de","potentialAction":[{"@type":"ReadAction","target":["https:\/\/4x4-experience.de\/4x4\/reisebericht-sardinien-2019\/"]}]},{"@type":"ImageObject","inLanguage":"de","@id":"https:\/\/4x4-experience.de\/4x4\/reisebericht-sardinien-2019\/#primaryimage","url":"https:\/\/4x4-experience.de\/4x4\/wp-content\/uploads\/4x4-experience-sardinien-01.jpg","contentUrl":"https:\/\/4x4-experience.de\/4x4\/wp-content\/uploads\/4x4-experience-sardinien-01.jpg"},{"@type":"BreadcrumbList","@id":"https:\/\/4x4-experience.de\/4x4\/reisebericht-sardinien-2019\/#breadcrumb","itemListElement":[{"@type":"ListItem","position":1,"name":"Startseite","item":"https:\/\/4x4-experience.de\/4x4\/"},{"@type":"ListItem","position":2,"name":"Reisebericht Sardinien 2019"}]},{"@type":"WebSite","@id":"https:\/\/4x4-experience.de\/4x4\/#website","url":"https:\/\/4x4-experience.de\/4x4\/","name":"4x4 Experience, Offroad Reise, Offroad Reisen, Gel\u00e4ndewagen Touren","description":"4x4 Offroad Reisen Europa und Nordafrika","potentialAction":[{"@type":"SearchAction","target":{"@type":"EntryPoint","urlTemplate":"https:\/\/4x4-experience.de\/4x4\/?s={search_term_string}"},"query-input":{"@type":"PropertyValueSpecification","valueRequired":true,"valueName":"search_term_string"}}],"inLanguage":"de"}]}},"_links":{"self":[{"href":"https:\/\/4x4-experience.de\/4x4\/wp-json\/wp\/v2\/pages\/1680","targetHints":{"allow":["GET"]}}],"collection":[{"href":"https:\/\/4x4-experience.de\/4x4\/wp-json\/wp\/v2\/pages"}],"about":[{"href":"https:\/\/4x4-experience.de\/4x4\/wp-json\/wp\/v2\/types\/page"}],"author":[{"embeddable":true,"href":"https:\/\/4x4-experience.de\/4x4\/wp-json\/wp\/v2\/users\/1"}],"replies":[{"embeddable":true,"href":"https:\/\/4x4-experience.de\/4x4\/wp-json\/wp\/v2\/comments?post=1680"}],"version-history":[{"count":6,"href":"https:\/\/4x4-experience.de\/4x4\/wp-json\/wp\/v2\/pages\/1680\/revisions"}],"predecessor-version":[{"id":3236,"href":"https:\/\/4x4-experience.de\/4x4\/wp-json\/wp\/v2\/pages\/1680\/revisions\/3236"}],"wp:attachment":[{"href":"https:\/\/4x4-experience.de\/4x4\/wp-json\/wp\/v2\/media?parent=1680"}],"curies":[{"name":"wp","href":"https:\/\/api.w.org\/{rel}","templated":true}]}}