{"id":1675,"date":"2024-07-08T18:26:27","date_gmt":"2024-07-08T16:26:27","guid":{"rendered":"https:\/\/4x4-experience.de\/4x4\/?page_id=1675"},"modified":"2025-09-10T13:58:08","modified_gmt":"2025-09-10T11:58:08","slug":"reisebericht-korsika-2017","status":"publish","type":"page","link":"https:\/\/4x4-experience.de\/4x4\/reisebericht-korsika-2017\/","title":{"rendered":"Reisebericht Korsika 2017"},"content":{"rendered":"\n[et_pb_section fb_built=&#8220;1&#8243; _builder_version=&#8220;4.23.1&#8243; _module_preset=&#8220;default&#8220; custom_margin=&#8220;0px||-3px||false|false&#8220; custom_padding=&#8220;0px||0px||false|false&#8220; global_colors_info=&#8220;{}&#8220;][\/et_pb_section][et_pb_section fb_built=&#8220;1&#8243; fullwidth=&#8220;on&#8220; _builder_version=&#8220;4.23.1&#8243; _module_preset=&#8220;default&#8220; width=&#8220;100%&#8220; width_tablet=&#8220;&#8220; width_phone=&#8220;&#8220; width_last_edited=&#8220;on|phone&#8220; custom_margin=&#8220;120px||0px||false|false&#8220; custom_margin_tablet=&#8220;90px||||false|false&#8220; custom_margin_phone=&#8220;0px|||0px|false|false&#8220; custom_margin_last_edited=&#8220;on|phone&#8220; custom_padding=&#8220;0px||0px||false|false&#8220; top_divider_height=&#8220;19px&#8220; top_divider_repeat=&#8220;1x&#8220; global_colors_info=&#8220;{}&#8220;][\/et_pb_section][et_pb_section fb_built=&#8220;1&#8243; _builder_version=&#8220;4.23.1&#8243; _module_preset=&#8220;default&#8220; custom_padding=&#8220;0px||0px|||&#8220; global_colors_info=&#8220;{}&#8220;][et_pb_row _builder_version=&#8220;4.23.1&#8243; _module_preset=&#8220;default&#8220; custom_margin=&#8220;61px|auto||auto||&#8220; custom_padding=&#8220;2px||10px|||&#8220; global_colors_info=&#8220;{}&#8220;][et_pb_column type=&#8220;4_4&#8243; _builder_version=&#8220;4.23.1&#8243; _module_preset=&#8220;default&#8220; global_colors_info=&#8220;{}&#8220;][et_pb_text _builder_version=&#8220;4.23.1&#8243; _module_preset=&#8220;default&#8220; custom_css_free_form=&#8220;h2 {font-size: 17pt}&#8220; global_colors_info=&#8220;{}&#8220;]<h1 class=\"title\">Reisebericht Korsika<\/h1>\n<h2>Offroad-Abenteuer Korsika 2017<\/h2>\n<div id=\"attachment_2392\" class=\"wp-caption alignleft\">\n<p><a href=\"https:\/\/4x4-experience.de\/4x4\/wp-content\/uploads\/DSC6807.jpg\"><img loading=\"lazy\" decoding=\"async\" aria-describedby=\"caption-attachment-2392\" class=\"size-large wp-image-2392\" src=\"https:\/\/4x4-experience.de\/4x4\/wp-content\/uploads\/DSC6807-1024x683.jpg\" alt=\"4x4 Experience, Reisebericht Korsika, Offroad-Reisen, Offroad, 4x4 Abenteuer, LandRover, Sardinien, Sahara\" width=\"520\" height=\"347\" srcset=\"https:\/\/4x4-experience.de\/4x4\/wp-content\/uploads\/DSC6807-1024x683.jpg 1024w, https:\/\/4x4-experience.de\/4x4\/wp-content\/uploads\/DSC6807-225x150.jpg 225w, https:\/\/4x4-experience.de\/4x4\/wp-content\/uploads\/DSC6807-300x200.jpg 300w, https:\/\/4x4-experience.de\/4x4\/wp-content\/uploads\/DSC6807-768x512.jpg 768w, https:\/\/4x4-experience.de\/4x4\/wp-content\/uploads\/DSC6807-600x400.jpg 600w, https:\/\/4x4-experience.de\/4x4\/wp-content\/uploads\/DSC6807-140x94.jpg 140w\" sizes=\"(max-width: 520px) 100vw, 520px\" \/><\/a><\/p>\n<p id=\"caption-attachment-2392\" class=\"wp-caption-text\">4\u00d74 Experience, Reisebericht Korsika, Offroad-Reisen, Offroad, 4\u00d74 Abenteuer<\/p>\n<\/div>\n<p>\u201e&#8217;H\u00e4tte&#8216; ist nicht Danieles Fahrstil\u201c&#8230;<br \/>Das Beste kommt bekanntlich zum Schluss: Nach vier Tagen bereits sehr anspruchsvollem Offroadfahren quer \u00fcber die wundersch\u00f6ne Insel Korsika, erwartet uns am Freitag der \u201eeurop\u00e4ische Rubicon\u201c, wie uns unser Guide Michael Ortner die Strecke ank\u00fcndigt.<\/p>\n<p>\u201eEs gibt in Europa kaum eine anspruchsvollere Offroad-Piste\u201c, betont der 53-J\u00e4hrige. Ich tr\u00f6ste mich mit dem Gedanken, zur Not auszusteigen und Fotos zu machen. Und wirklich, es geht direkt heftig los. \u00dcber dicke Felsbrocken bewegen wir uns eine Art Flusslauf entlang.<\/p>\n<p>Vor uns f\u00e4hrt der korsische Guide Daniele. Doch nicht immer folgen wir seiner Spur, denn wie formulierte es Michael an Tag 3 so sch\u00f6n, als sich Daniele zum dritten Mal festgefahren hatte: \u201eH\u00e4tte ist nicht Danieles Fahrstil.\u201c Der 67-J\u00e4hrige nimmt meist den direkten Weg ohne viel R\u00fccksicht auf sein Auto. Da sind die Teilnehmer unserer Gruppe schon wesentlich besonnener:<br \/>Bereits nach dem ersten Vormittag sind wir zwei Autos weniger, weil den Fahrern die Strecken zu heftig sind. Kein Wunder, schlie\u00dflich ist die Tour beim Anbieter \u201e4\u00d74 Experience\u201c mit Vier Sternen Plus gekennzeichnet. Mehr als f\u00fcnf Sterne gibt es nicht. Also Ohren zuhalten und weiterfahren, auch wenn \u00c4ste und Dornen am Autolack entlangkratzen. Die Spuren sind wie Narben nach einem siegreichen Kampf.<\/p>\n<div id=\"attachment_1253\" class=\"wp-caption alignleft\">\n<p><a href=\"https:\/\/4x4-experience.de\/4x4\/wp-content\/uploads\/korsika-08.jpg\"><img loading=\"lazy\" decoding=\"async\" aria-describedby=\"caption-attachment-1253\" src=\"https:\/\/4x4-experience.de\/4x4\/wp-content\/uploads\/korsika-08-300x146.jpg\" alt=\"Korsika mit 4x4 Experience\" width=\"300\" height=\"146\" class=\"size-medium wp-image-1253\" srcset=\"https:\/\/4x4-experience.de\/4x4\/wp-content\/uploads\/korsika-08-300x146.jpg 300w, https:\/\/4x4-experience.de\/4x4\/wp-content\/uploads\/korsika-08-600x293.jpg 600w, https:\/\/4x4-experience.de\/4x4\/wp-content\/uploads\/korsika-08.jpg 650w\" sizes=\"(max-width: 300px) 100vw, 300px\" \/><\/a><\/p>\n<p id=\"caption-attachment-1253\" class=\"wp-caption-text\">Korsika mit 4\u00d74 Experience<\/p>\n<\/div>\n<p>Entsch\u00e4digt werden die Teilnehmer durch die wundersch\u00f6ne Landschaft und das Gef\u00fchl, mit seinem Auto jederHerausforderung zu trotzen. Dazu geh\u00f6rt es auch, zwischendurch auszusteigen, die Spitzhacke rauszuholen und den Weg wieder befahrbar zu machen. Das passierte an Tag 1 der Tour gleich zweimal. Kaum zu glauben, wie gl\u00fccklich es machen kann, Steine zu schleppen. Durch die Verz\u00f6gerung erreichen wir unsere Campstelle am Meer erst sehr sp\u00e4t und m\u00fcssen den Sonnenuntergang vom Auto aus betrachten und nicht wie geplant, beim Lagerfeuer am Strand. Programm\u00e4nderungen geh\u00f6ren dazu, wir haben halt keine Pauschalreise gebucht.<\/p>\n<p>Am n\u00e4chsten Tag warten die n\u00e4chsten Herausforderungen auf Mensch und Auto: die Himmelsleiter und die H\u00f6llenstiege. Auch hier verzichten zwei Autos auf die Challenge und fahren eine Alternativroute, die ihnen unser Guide vorschl\u00e4gt. Verstehen kann man es, wenn man den steilen Anstieg sieht, den die Autos bew\u00e4ltigen sollen. Eine kurze Einweisung von Michael, dann geht es los. Auto f\u00fcr Auto bezwingen wir die felsige Steigung. Meine H\u00e4nde werden feucht, aber das Vertrauen in Fahrer und Auto w\u00e4chst von Tag zu Tag. Nach dem zweiten Anstieg geht es mindestens ebenso steil wieder hinab. Auch hier weisen Michael und Daniele jedes Auto einzeln die steilen Felsstufen hinunter. L\u00f6cher werden immer wieder mit Steinen aufgef\u00fcllt. Zur Not stellt sich unser Guide<br \/>auf die Sto\u00dfstange, um so zu verhindern, dass sich ein Reifen in die Luft hebt. F\u00fcr die, die warten oder es bereits geschafft haben, bleibt Zeit den wunderbaren Ausblick aufs t\u00fcrkisfarbenen Meer oder die Pflanzenvielfalt zu genie\u00dfen.<\/p>\n<div id=\"attachment_1256\" class=\"wp-caption alignleft\">\n<p><a href=\"https:\/\/4x4-experience.de\/4x4\/wp-content\/uploads\/korsika-11.jpg\"><img loading=\"lazy\" decoding=\"async\" aria-describedby=\"caption-attachment-1256\" src=\"https:\/\/4x4-experience.de\/4x4\/wp-content\/uploads\/korsika-11-300x146.jpg\" alt=\"4x4 Experience, Korsika, Offroadabenteuer\" width=\"300\" height=\"146\" class=\"size-medium wp-image-1256\" srcset=\"https:\/\/4x4-experience.de\/4x4\/wp-content\/uploads\/korsika-11-300x146.jpg 300w, https:\/\/4x4-experience.de\/4x4\/wp-content\/uploads\/korsika-11-600x293.jpg 600w, https:\/\/4x4-experience.de\/4x4\/wp-content\/uploads\/korsika-11.jpg 650w\" sizes=\"(max-width: 300px) 100vw, 300px\" \/><\/a><\/p>\n<p id=\"caption-attachment-1256\" class=\"wp-caption-text\">Experience, Offroadabenteuer<\/p>\n<\/div>\n<p>\u201eInsel der D\u00fcfte\u201c wird Korsika genannt und wer im Fr\u00fchjahr hierher kommt, wei\u00df schnell warum: \u00dcberall wachsen Kr\u00e4uter wie Rosmarin oder Thymian, es duftet nach wildem Lavendel oder Ginster.<\/p>\n<p>Auch die n\u00e4chsten zwei Tage halten immer wieder neue Eindr\u00fccke bereit: Wir fahren durch romantische Bergd\u00f6rfer, W\u00e4lder mit Korkeichen und Edel-Kastanien \u00fcber schmale Pisten mit Blick auf schneebedeckte Berge und immer mal wieder ans Meer. Zwischendurch geraten wir in eine Kuh-Herde, sehen eine Horde Wildschweine und immer wieder Geckos.<\/p>\n<p>Am vorletzten Abend \u00fcbernachten wir bei Pierot in den Bergen. In der gem\u00fctlichen Holzh\u00fctte gibt es ein gemeinsames Abendessen. Nach Schinken, Salami sowie Nudeln mit Wildschwein wird der Teller mit Brot sauber gewischt. Die Essensreste kommen in eine Sch\u00fcssel, sie sind f\u00fcr die Schweine bestimmt. Nun wird der Teller umgedreht und die Unterseite f\u00fcr den Nachtisch genutzt. Es gibt Frischk\u00e4se und braunen Zucker, beides wird mit reichlich Obst-Schnaps begossen und angez\u00fcndet. So etwas nennt man auch \u201eEventcooking\u201c. Wem es im Zelt zu kalt ist, der kann in einem der Studios oder Mehrbettzimmer \u00fcbernachten. Nach dem gemeinsamen<br \/>Fr\u00fchst\u00fcck am n\u00e4chsten Morgen geht es dann zum bereits erw\u00e4hnten Highlight: der Piste des Seigneurs.<\/p>\n<p>Die Teilnehmer werden in zwei Gruppen eingeteilt und starten mit etwas Zeitabstand. Dieser wird allerdings aufgebraucht, weil Daniele sich wieder einmal festgefahren hat und von uns mit viel Manneskraft und einem Abschleppseil aus dem Loch befreit werden muss. Das kostet Zeit. Doch die erfolgreiche Bergung l\u00e4sst alle strahlen. Daniele erkl\u00e4rt, dass sein Allradantrieb leider kaputtgegangen sei und er die Strecke nun mit Hinterradantrieb f\u00e4hrt. Respekt. Ein zweiter Zwangsstopp ereilt uns, als bei einem Defender der Dieselschlauch abrei\u00dft.<\/p>\n<p>Wir warten auf Michael, der die zweite Gruppe f\u00fchrt. Zum Gl\u00fcck kann er das Problem relativ schnell und unkompliziert beheben. Am fr\u00fchen Nachmittag erreichen wir unser Ziel: die Sch\u00e4ferh\u00fctte von Pasquale. Hier erwartet uns erneut ein gemeinsames Essen an langen Tischen in freier Natur. Dazu k\u00fchler Ros\u00e9 und kr\u00e4ftiger Rotwein. Herrlich. Am sp\u00e4ten Nachmittag sind wir aus den Bergen zur\u00fcck und bewegen uns wieder auf Asphalt.<\/p>\n<div id=\"attachment_1252\" class=\"wp-caption alignleft\">\n<p><a href=\"https:\/\/4x4-experience.de\/4x4\/wp-content\/uploads\/korsika-07.jpg\"><img loading=\"lazy\" decoding=\"async\" aria-describedby=\"caption-attachment-1252\" src=\"https:\/\/4x4-experience.de\/4x4\/wp-content\/uploads\/korsika-07.jpg\" alt=\"Korsika, 4x4 Experience, Offroad auf Korsika!\" width=\"650\" height=\"317\" class=\"size-full wp-image-1252\" srcset=\"https:\/\/4x4-experience.de\/4x4\/wp-content\/uploads\/korsika-07.jpg 650w, https:\/\/4x4-experience.de\/4x4\/wp-content\/uploads\/korsika-07-300x146.jpg 300w, https:\/\/4x4-experience.de\/4x4\/wp-content\/uploads\/korsika-07-600x293.jpg 600w\" sizes=\"(max-width: 650px) 100vw, 650px\" \/><\/a><\/p>\n<p id=\"caption-attachment-1252\" class=\"wp-caption-text\">Korsika, 4\u00d74 Experience, Offroad Reisen<\/p>\n<\/div>\n<p>&nbsp;<\/p>\n<div>\n<p>Unsere Tour ist zu Ende, es geht ans Verabschieden. Die Woche ist geflogen, so viele Eindr\u00fccke begleiten uns auf dem Weg nach Hause. Es war eine sch\u00f6ne Zeit in einer Gruppe von Gleichgesinnten. Mancher Wanderer, dem unsere Offroad-Truppe begegnete, sch\u00fcttelte sicherlich innerlich den Kopf, \u00fcber die verr\u00fcckten Deutschen, die mit ihren Allrad-Autos durch die Korsischen Berge fahren. Doch f\u00fcr uns als Familie war es eine unvergessliche Zeit, die auch unsereKinder sehr genossen haben. Wer Kratzer am Auto nicht scheut und sich auch eher rauen Strecken mit tiefen Verschr\u00e4nkungen und gro\u00dfen Steinbrocken gewachsen f\u00fchlt, dem sei diese Tour unbedingt zu empfehlen.<\/p>\n<\/div>\n<p>&nbsp;<\/p>\n<p>Katrin Hilger<\/p>[\/et_pb_text][\/et_pb_column][\/et_pb_row][\/et_pb_section]\n","protected":false},"excerpt":{"rendered":"<p>Reisebericht Korsika Offroad-Abenteuer Korsika 2017 4\u00d74 Experience, Reisebericht Korsika, Offroad-Reisen, Offroad, 4\u00d74 Abenteuer \u201e&#8217;H\u00e4tte&#8216; ist nicht Danieles Fahrstil\u201c&#8230;Das Beste kommt bekanntlich zum Schluss: Nach vier Tagen bereits sehr anspruchsvollem Offroadfahren quer \u00fcber die wundersch\u00f6ne Insel Korsika, erwartet uns am Freitag der \u201eeurop\u00e4ische Rubicon\u201c, wie uns unser Guide Michael Ortner die Strecke ank\u00fcndigt. \u201eEs gibt in [&hellip;]<\/p>\n","protected":false},"author":1,"featured_media":0,"parent":0,"menu_order":0,"comment_status":"closed","ping_status":"closed","template":"","meta":{"_et_pb_use_builder":"on","_et_pb_old_content":"","_et_gb_content_width":"","footnotes":""},"class_list":["post-1675","page","type-page","status-publish","hentry"],"yoast_head":"<!-- This site is optimized with the Yoast SEO Premium plugin v27.0 (Yoast SEO v27.3) - https:\/\/yoast.com\/product\/yoast-seo-premium-wordpress\/ -->\n<title>Reisebericht Korsika: 4x4 Offroad Abenteuer<\/title>\n<meta name=\"description\" content=\"Reisebericht Korsika. Ein Reiseblog \u00fcber die Overlanding-Tour mit dem Allradwagen auf der Mittelmeerinsel.\" \/>\n<meta name=\"robots\" content=\"index, follow, max-snippet:-1, max-image-preview:large, max-video-preview:-1\" \/>\n<link rel=\"canonical\" href=\"https:\/\/4x4-experience.de\/4x4\/reisebericht-korsika-2017\/\" \/>\n<meta property=\"og:locale\" content=\"de_DE\" \/>\n<meta property=\"og:type\" content=\"article\" \/>\n<meta property=\"og:title\" content=\"Reisebericht Korsika 2017\" \/>\n<meta property=\"og:description\" content=\"Reisebericht Korsika. Ein Reiseblog \u00fcber die Overlanding-Tour mit dem Allradwagen auf der Mittelmeerinsel.\" \/>\n<meta property=\"og:url\" content=\"https:\/\/4x4-experience.de\/4x4\/reisebericht-korsika-2017\/\" \/>\n<meta property=\"og:site_name\" content=\"4x4 Experience, Offroadreise, Offroad Reisen\" \/>\n<meta property=\"article:publisher\" content=\"https:\/\/www.facebook.com\/www.4x4Experience\/\" \/>\n<meta property=\"article:modified_time\" content=\"2025-09-10T11:58:08+00:00\" \/>\n<meta name=\"twitter:card\" content=\"summary_large_image\" \/>\n<meta name=\"twitter:label1\" content=\"Gesch\u00e4tzte Lesezeit\" \/>\n\t<meta name=\"twitter:data1\" content=\"6\u00a0Minuten\" \/>\n<script type=\"application\/ld+json\" class=\"yoast-schema-graph\">{\"@context\":\"https:\\\/\\\/schema.org\",\"@graph\":[{\"@type\":\"WebPage\",\"@id\":\"https:\\\/\\\/4x4-experience.de\\\/4x4\\\/reisebericht-korsika-2017\\\/\",\"url\":\"https:\\\/\\\/4x4-experience.de\\\/4x4\\\/reisebericht-korsika-2017\\\/\",\"name\":\"Reisebericht Korsika: 4x4 Offroad Abenteuer\",\"isPartOf\":{\"@id\":\"https:\\\/\\\/4x4-experience.de\\\/4x4\\\/#website\"},\"primaryImageOfPage\":{\"@id\":\"https:\\\/\\\/4x4-experience.de\\\/4x4\\\/reisebericht-korsika-2017\\\/#primaryimage\"},\"image\":{\"@id\":\"https:\\\/\\\/4x4-experience.de\\\/4x4\\\/reisebericht-korsika-2017\\\/#primaryimage\"},\"thumbnailUrl\":\"https:\\\/\\\/4x4-experience.de\\\/4x4\\\/wp-content\\\/uploads\\\/DSC6807-1024x683.jpg\",\"datePublished\":\"2024-07-08T16:26:27+00:00\",\"dateModified\":\"2025-09-10T11:58:08+00:00\",\"description\":\"Reisebericht Korsika. Ein Reiseblog \u00fcber die Overlanding-Tour mit dem Allradwagen auf der Mittelmeerinsel.\",\"breadcrumb\":{\"@id\":\"https:\\\/\\\/4x4-experience.de\\\/4x4\\\/reisebericht-korsika-2017\\\/#breadcrumb\"},\"inLanguage\":\"de\",\"potentialAction\":[{\"@type\":\"ReadAction\",\"target\":[\"https:\\\/\\\/4x4-experience.de\\\/4x4\\\/reisebericht-korsika-2017\\\/\"]}]},{\"@type\":\"ImageObject\",\"inLanguage\":\"de\",\"@id\":\"https:\\\/\\\/4x4-experience.de\\\/4x4\\\/reisebericht-korsika-2017\\\/#primaryimage\",\"url\":\"\",\"contentUrl\":\"\"},{\"@type\":\"BreadcrumbList\",\"@id\":\"https:\\\/\\\/4x4-experience.de\\\/4x4\\\/reisebericht-korsika-2017\\\/#breadcrumb\",\"itemListElement\":[{\"@type\":\"ListItem\",\"position\":1,\"name\":\"Startseite\",\"item\":\"https:\\\/\\\/4x4-experience.de\\\/4x4\\\/\"},{\"@type\":\"ListItem\",\"position\":2,\"name\":\"Reisebericht Korsika 2017\"}]},{\"@type\":\"WebSite\",\"@id\":\"https:\\\/\\\/4x4-experience.de\\\/4x4\\\/#website\",\"url\":\"https:\\\/\\\/4x4-experience.de\\\/4x4\\\/\",\"name\":\"4x4 Experience, Offroadreise, Offroad Reisen\",\"description\":\"4x4 Offroad Europa und Nordafrika\",\"potentialAction\":[{\"@type\":\"SearchAction\",\"target\":{\"@type\":\"EntryPoint\",\"urlTemplate\":\"https:\\\/\\\/4x4-experience.de\\\/4x4\\\/?s={search_term_string}\"},\"query-input\":{\"@type\":\"PropertyValueSpecification\",\"valueRequired\":true,\"valueName\":\"search_term_string\"}}],\"inLanguage\":\"de\"}]}<\/script>\n<!-- \/ Yoast SEO Premium plugin. -->","yoast_head_json":{"title":"Reisebericht Korsika: 4x4 Offroad Abenteuer","description":"Reisebericht Korsika. Ein Reiseblog \u00fcber die Overlanding-Tour mit dem Allradwagen auf der Mittelmeerinsel.","robots":{"index":"index","follow":"follow","max-snippet":"max-snippet:-1","max-image-preview":"max-image-preview:large","max-video-preview":"max-video-preview:-1"},"canonical":"https:\/\/4x4-experience.de\/4x4\/reisebericht-korsika-2017\/","og_locale":"de_DE","og_type":"article","og_title":"Reisebericht Korsika 2017","og_description":"Reisebericht Korsika. Ein Reiseblog \u00fcber die Overlanding-Tour mit dem Allradwagen auf der Mittelmeerinsel.","og_url":"https:\/\/4x4-experience.de\/4x4\/reisebericht-korsika-2017\/","og_site_name":"4x4 Experience, Offroadreise, Offroad Reisen","article_publisher":"https:\/\/www.facebook.com\/www.4x4Experience\/","article_modified_time":"2025-09-10T11:58:08+00:00","twitter_card":"summary_large_image","twitter_misc":{"Gesch\u00e4tzte Lesezeit":"6\u00a0Minuten"},"schema":{"@context":"https:\/\/schema.org","@graph":[{"@type":"WebPage","@id":"https:\/\/4x4-experience.de\/4x4\/reisebericht-korsika-2017\/","url":"https:\/\/4x4-experience.de\/4x4\/reisebericht-korsika-2017\/","name":"Reisebericht Korsika: 4x4 Offroad Abenteuer","isPartOf":{"@id":"https:\/\/4x4-experience.de\/4x4\/#website"},"primaryImageOfPage":{"@id":"https:\/\/4x4-experience.de\/4x4\/reisebericht-korsika-2017\/#primaryimage"},"image":{"@id":"https:\/\/4x4-experience.de\/4x4\/reisebericht-korsika-2017\/#primaryimage"},"thumbnailUrl":"https:\/\/4x4-experience.de\/4x4\/wp-content\/uploads\/DSC6807-1024x683.jpg","datePublished":"2024-07-08T16:26:27+00:00","dateModified":"2025-09-10T11:58:08+00:00","description":"Reisebericht Korsika. Ein Reiseblog \u00fcber die Overlanding-Tour mit dem Allradwagen auf der Mittelmeerinsel.","breadcrumb":{"@id":"https:\/\/4x4-experience.de\/4x4\/reisebericht-korsika-2017\/#breadcrumb"},"inLanguage":"de","potentialAction":[{"@type":"ReadAction","target":["https:\/\/4x4-experience.de\/4x4\/reisebericht-korsika-2017\/"]}]},{"@type":"ImageObject","inLanguage":"de","@id":"https:\/\/4x4-experience.de\/4x4\/reisebericht-korsika-2017\/#primaryimage","url":"","contentUrl":""},{"@type":"BreadcrumbList","@id":"https:\/\/4x4-experience.de\/4x4\/reisebericht-korsika-2017\/#breadcrumb","itemListElement":[{"@type":"ListItem","position":1,"name":"Startseite","item":"https:\/\/4x4-experience.de\/4x4\/"},{"@type":"ListItem","position":2,"name":"Reisebericht Korsika 2017"}]},{"@type":"WebSite","@id":"https:\/\/4x4-experience.de\/4x4\/#website","url":"https:\/\/4x4-experience.de\/4x4\/","name":"4x4 Experience, Offroadreise, Offroad Reisen","description":"4x4 Offroad Europa und Nordafrika","potentialAction":[{"@type":"SearchAction","target":{"@type":"EntryPoint","urlTemplate":"https:\/\/4x4-experience.de\/4x4\/?s={search_term_string}"},"query-input":{"@type":"PropertyValueSpecification","valueRequired":true,"valueName":"search_term_string"}}],"inLanguage":"de"}]}},"_links":{"self":[{"href":"https:\/\/4x4-experience.de\/4x4\/wp-json\/wp\/v2\/pages\/1675","targetHints":{"allow":["GET"]}}],"collection":[{"href":"https:\/\/4x4-experience.de\/4x4\/wp-json\/wp\/v2\/pages"}],"about":[{"href":"https:\/\/4x4-experience.de\/4x4\/wp-json\/wp\/v2\/types\/page"}],"author":[{"embeddable":true,"href":"https:\/\/4x4-experience.de\/4x4\/wp-json\/wp\/v2\/users\/1"}],"replies":[{"embeddable":true,"href":"https:\/\/4x4-experience.de\/4x4\/wp-json\/wp\/v2\/comments?post=1675"}],"version-history":[{"count":17,"href":"https:\/\/4x4-experience.de\/4x4\/wp-json\/wp\/v2\/pages\/1675\/revisions"}],"predecessor-version":[{"id":3233,"href":"https:\/\/4x4-experience.de\/4x4\/wp-json\/wp\/v2\/pages\/1675\/revisions\/3233"}],"wp:attachment":[{"href":"https:\/\/4x4-experience.de\/4x4\/wp-json\/wp\/v2\/media?parent=1675"}],"curies":[{"name":"wp","href":"https:\/\/api.w.org\/{rel}","templated":true}]}}