{"id":1644,"date":"2024-07-08T14:04:53","date_gmt":"2024-07-08T12:04:53","guid":{"rendered":"https:\/\/4x4-experience.de\/4x4\/?page_id=1644"},"modified":"2025-09-03T15:00:19","modified_gmt":"2025-09-03T13:00:19","slug":"sondertouren","status":"publish","type":"page","link":"https:\/\/4x4-experience.de\/4x4\/sondertouren\/","title":{"rendered":"Sondertouren"},"content":{"rendered":"\n[et_pb_section fb_built=&#8220;1&#8243; _builder_version=&#8220;4.23.1&#8243; _module_preset=&#8220;default&#8220; custom_margin=&#8220;0px||-114px||false|false&#8220; custom_padding=&#8220;0px||0px||false|false&#8220; global_colors_info=&#8220;{}&#8220;][\/et_pb_section][et_pb_section fb_built=&#8220;1&#8243; fullwidth=&#8220;on&#8220; prev_background_color=&#8220;#000000&#8243; _builder_version=&#8220;4.23.1&#8243; _module_preset=&#8220;default&#8220; width=&#8220;100%&#8220; width_tablet=&#8220;&#8220; width_phone=&#8220;&#8220; width_last_edited=&#8220;on|phone&#8220; custom_margin=&#8220;130px||0px||false|false&#8220; custom_margin_tablet=&#8220;90px||||false|false&#8220; custom_margin_phone=&#8220;150px|||0px|false|false&#8220; custom_margin_last_edited=&#8220;on|phone&#8220; custom_padding=&#8220;0px||0px||false|false&#8220; top_divider_style=&#8220;mountains2&#8243; top_divider_height=&#8220;19px&#8220; top_divider_repeat=&#8220;1x&#8220; global_colors_info=&#8220;{}&#8220;][et_pb_fullwidth_image src=&#8220;https:\/\/4&#215;4-experience.de\/4&#215;4\/wp-content\/uploads\/2024\/05\/Island-Titelbild-4.jpg&#8220; title_text=&#8220;Island-Hotel-Northern-Auswahlbild&#8220; src_tablet=&#8220;https:\/\/4&#215;4-experience.de\/4&#215;4\/wp-content\/uploads\/2024\/05\/Island-Titelbild-4.jpg&#8220; src_phone=&#8220;https:\/\/4&#215;4-experience.de\/4&#215;4\/wp-content\/uploads\/2024\/07\/Island-Hotel-Northern-Auswahlbild.jpg&#8220; src_last_edited=&#8220;on|phone&#8220; _builder_version=&#8220;4.23.1&#8243; _module_preset=&#8220;default&#8220; custom_margin=&#8220;0px||0px||false|false&#8220; custom_padding=&#8220;0px||0px||false|false&#8220; global_colors_info=&#8220;{}&#8220;][\/et_pb_fullwidth_image][\/et_pb_section][et_pb_section fb_built=&#8220;1&#8243; _builder_version=&#8220;4.23.1&#8243; _module_preset=&#8220;default&#8220; custom_margin=&#8220;||-6px|||&#8220; custom_padding=&#8220;||0px|||&#8220; global_colors_info=&#8220;{}&#8220;][et_pb_row column_structure=&#8220;1_3,1_3,1_3&#8243; disabled_on=&#8220;on|off|off&#8220; _builder_version=&#8220;4.23.1&#8243; _module_preset=&#8220;default&#8220; width=&#8220;100%&#8220; max_width=&#8220;1286px&#8220; custom_padding=&#8220;2px|||||&#8220; global_colors_info=&#8220;{}&#8220;][et_pb_column type=&#8220;1_3&#8243; _builder_version=&#8220;4.23.1&#8243; _module_preset=&#8220;default&#8220; global_colors_info=&#8220;{}&#8220;][et_pb_text _builder_version=&#8220;4.23.1&#8243; _module_preset=&#8220;default&#8220; custom_margin=&#8220;|||9px||&#8220; custom_padding=&#8220;|||23px||&#8220; global_colors_info=&#8220;{}&#8220;]<h2 style=\"text-align: center;\">Telefon\/WhatsApp:<\/h2>\n<h2 style=\"text-decoration: underline; text-align: center;\"><a href=\"tel:+491711443884\">+49-171 144 3884<\/a><\/h2>[\/et_pb_text][\/et_pb_column][et_pb_column type=&#8220;1_3&#8243; _builder_version=&#8220;4.23.1&#8243; _module_preset=&#8220;default&#8220; global_colors_info=&#8220;{}&#8220;][et_pb_text _builder_version=&#8220;4.23.1&#8243; _module_preset=&#8220;default&#8220; custom_padding=&#8220;|30px||||&#8220; global_colors_info=&#8220;{}&#8220;]<h2 style=\"text-align: center;\">Reise\u00fcbersicht:<\/h2>\n<h2 style=\"text-decoration: underline; text-align: center;\"><a href=\"\/4x4\/termine\">4&#215;4 Offroad Termine<\/a><\/h2>[\/et_pb_text][\/et_pb_column][et_pb_column type=&#8220;1_3&#8243; _builder_version=&#8220;4.23.1&#8243; _module_preset=&#8220;default&#8220; global_colors_info=&#8220;{}&#8220;][et_pb_text _builder_version=&#8220;4.23.1&#8243; _module_preset=&#8220;default&#8220; custom_margin=&#8220;|||-41px||&#8220; custom_padding=&#8220;|115px||||&#8220; global_colors_info=&#8220;{}&#8220;]<h2 style=\"text-align: center;\">Beratung\/Anmeldung:<\/h2>\n<h2 style=\"text-decoration: underline; text-align: center;\"><a href=\"\/4x4\/anmeldeformular-2025\">ANMELDEFORMULAR<\/a><\/h2>[\/et_pb_text][\/et_pb_column][\/et_pb_row][\/et_pb_section][et_pb_section fb_built=&#8220;1&#8243; _builder_version=&#8220;4.23.1&#8243; _module_preset=&#8220;default&#8220; custom_padding=&#8220;14px||27px|||&#8220; global_colors_info=&#8220;{}&#8220;][et_pb_row column_structure=&#8220;2_3,1_3&#8243; _builder_version=&#8220;4.23.1&#8243; _module_preset=&#8220;default&#8220; custom_margin=&#8220;|auto|19px|auto||&#8220; custom_padding=&#8220;3px|||||&#8220; global_colors_info=&#8220;{}&#8220;][et_pb_column type=&#8220;2_3&#8243; _builder_version=&#8220;4.23.1&#8243; _module_preset=&#8220;default&#8220; global_colors_info=&#8220;{}&#8220;][et_pb_text _builder_version=&#8220;4.23.1&#8243; _module_preset=&#8220;default&#8220; hover_enabled=&#8220;0&#8243; global_colors_info=&#8220;{}&#8220; sticky_enabled=&#8220;0&#8243;]<h1>Bespoke presented by Michael Ortner<\/h1>\n<p><span>Bist Du bereit f\u00fcr ein unvergessliches Abenteuer auf Sardinien?<\/span><br \/><span><strong><\/strong><\/span><\/p>\n<p><span><strong>Presented By Michael Ortner<\/strong> bietet exklusive Sonder Touren, die Deine Sinne bet\u00f6ren und Deine Abenteuerlust entfachen werden. Erklimme majest\u00e4tische Berge und H\u00fcgel bei unseren Trekking-Touren und erlebe die unber\u00fchrte Sch\u00f6nheit der sardischen Landschaft. Genie\u00dfe die atemberaubende Naturkulisse bei einer Mountainbike-Tour entlang der K\u00fcste. Tauche ein in die faszinierende Unterwasserwelt bei unseren Dive Safaris und lasse Dich von der Sch\u00f6nheit und Vielfalt der Meeresbewohner vor der K\u00fcste Sardiniens verzaubern.<\/span><\/p>\n<h4>Sardinien &#8211; Individuelle Planung und Durchf\u00fchrung deiner 4&#215;4 Reise<\/h4>\n<p><span>Erkunde die malerischen Stra\u00dfen Sardiniens und sp\u00fcre die Kraft und Eleganz Ihres Gel\u00e4ndewagens. <\/span><\/p>\n<p><span>Michael Ortner, Ihr erfahrener Reiseleiter, kennt die besten Orte und Geheimtipps der Insel. Mit seiner Expertise und seinem Engagement sorgt er daf\u00fcr, dass Deine Reise auf Sardinien zu einem unvergesslichen Erlebnis wird. Besuche unsere Internetseite von 4\u00d74 Experience, um weitere Informationen zu erhalten und Deine unvergessliche Reise auf Sardinien zu planen.<\/span><br \/><span>Entfache Deine Abenteuerlust und erkunde auf einer individuell geplanten und professionell durchgef\u00fchrten Offroad Reise die Sch\u00f6nheit der Insel. Bist Du bereit f\u00fcr das ultimative Abenteuer Deines Lebens? <\/span><\/p>\n<p><span><strong>Dann komm mit uns auf eine unvergessliche Reise nach Sardinien!<\/strong> #Sardinien #Abenteuerlust #Erkundung #4x4Experience #MichaelOrtner<\/span><\/p>[\/et_pb_text][\/et_pb_column][et_pb_column type=&#8220;1_3&#8243; _builder_version=&#8220;4.23.1&#8243; _module_preset=&#8220;default&#8220; global_colors_info=&#8220;{}&#8220;][et_pb_gallery gallery_ids=&#8220;1652,1649,1647,1648,1650,1651&#8243; posts_number=&#8220;2&#8243; show_title_and_caption=&#8220;off&#8220; show_pagination=&#8220;off&#8220; _builder_version=&#8220;4.23.1&#8243; _module_preset=&#8220;default&#8220; custom_padding=&#8220;2px|||||&#8220; global_colors_info=&#8220;{}&#8220;][\/et_pb_gallery][\/et_pb_column][\/et_pb_row][et_pb_row column_structure=&#8220;2_3,1_3&#8243; _builder_version=&#8220;4.23.1&#8243; _module_preset=&#8220;default&#8220; custom_padding=&#8220;10px||||false|false&#8220; border_radii=&#8220;off||||&#8220; border_width_top=&#8220;2px&#8220; border_color_top=&#8220;#000000&#8243; global_colors_info=&#8220;{}&#8220;][et_pb_column type=&#8220;2_3&#8243; _builder_version=&#8220;4.23.1&#8243; _module_preset=&#8220;default&#8220; global_colors_info=&#8220;{}&#8220;][et_pb_text _builder_version=&#8220;4.23.1&#8243; _module_preset=&#8220;default&#8220; custom_padding=&#8220;15px|||||&#8220; global_colors_info=&#8220;{}&#8220;]<h2>Sondertour Island 4\u00d74 \u201eFire &amp; Ice Northern Lights\u201c im Winter<\/h2>\n<h4><\/h4>\n<h4>Erlebe \u201cFire and Ice\u201d unter der Polarsonne Islands \u2026!<\/h4>\n<p>Entdecke das atemberaubende Island auf unserer exklusiven Sondertour \u201eFire &amp; Ice Northern Lights\u201c. Erlebe faszinierende Landschaften mit spektakul\u00e4ren Vulkanen, beeindruckenden Gletschern und magischen Nordlichtern. Unsere luxuri\u00f6se Hotel-Tour bietet erstklassige Unterk\u00fcnfte, Isl\u00e4nder Gel\u00e4ndewagen f\u00fcr Selbstfahrer, k\u00f6stliche Vollpension und erfahrene Guides, die Dich durch dieses kontrastreiche Land f\u00fchren.<\/p>\n<p>Auf unserer 6-t\u00e4gigen Gel\u00e4ndewagentour im Hochland mit Schnee- und Pulverschnee-Fahrbedingungen \u00fcbernachten wir in komfortablen Hotels und erleben unvergessliche Abenteuer.Von Reykjav\u00edk aus f\u00fchrt\u00a0 die Tour zu faszinierenden Orten wie Landmannalaugar mit seinen farbenfrohen Rhyolithbergen und hei\u00dfen Quellen. Genie\u00dfe die Herausforderung des Fahrens auf schneebedeckten Stra\u00dfen und Offroad-Pisten.<\/p>\n<h4>Am n\u00f6rdlichen Polarkreis<\/h4>\n<p>Weiter geht es nach \u00de\u00f3rsm\u00f6rk, einem atemberaubenden Tal zwischen Gletschern und Bergen. Hier k\u00f6nnen wir die Umgebung erkunden, atemberaubende Wanderungen unternehmen und fantastische Fotos machen. Die Fahrt entlang der historischen Kj\u00f6lur-Route f\u00fchrt durch schneebedeckte Landschaften und Fluss\u00fcberquerungen zu den malerischen Kerlingarfj\u00f6ll-Bergen mit ihren geothermischen Gebieten.<\/p>\n<p>Die Tour umfasst auch einen Besuch der geothermalen Oase Hveravellir und der charmanten Stadt Akureyri, der Hauptstadt des Nordens. Am Ende kehren wir nach Reykjav\u00edk zur\u00fcck, wo Du gen\u00fcgend Zeit hast, diese aufregende und einzigartige Reise Revue passieren zu lassen und Souvenirs zu kaufen.<\/p>\n<p><strong>Versorgungsm\u00f6glichkeiten:<\/strong><br \/><span>Jeden Tag haben wir Versorgungsm\u00f6glichkeit mit Treibstoff und kleinem Reiseproviant. Die Verpflegung erfolgt in den Hotels.\u00a0 Je nach Etappe besteht die M\u00f6glichkeit mittags einzukehren oder wir bereiten uns morgens in den Hotels auf ein Picknick vor.<\/span><\/p>\n<p><span><\/span><\/p>\n<p><span><strong>Hast Du Interesse an einer indivuellen Island-Reise im Winter?<\/strong>\u00a0<\/span><\/p>\n<p><strong>Dann rufe uns gerne an oder senden Sie uns eine Mail an:<br \/><a style=\"color: #000!important;\" class=\"textlink\" href=\"mailto:ortner@4x4-experience.de\/4x4\">ortner@4&#215;4-experience.de<\/a><\/strong><\/p>\n<p><span>#Island #Abenteuerlust #Erkundung #4x4Experience #MichaelOrtner<\/span><\/p>[\/et_pb_text][\/et_pb_column][et_pb_column type=&#8220;1_3&#8243; _builder_version=&#8220;4.23.1&#8243; _module_preset=&#8220;default&#8220; global_colors_info=&#8220;{}&#8220;][et_pb_gallery gallery_ids=&#8220;663,662,661,660&#8243; posts_number=&#8220;3&#8243; show_title_and_caption=&#8220;off&#8220; show_pagination=&#8220;off&#8220; _builder_version=&#8220;4.23.1&#8243; _module_preset=&#8220;default&#8220; custom_padding=&#8220;2px|||||&#8220; global_colors_info=&#8220;{}&#8220;][\/et_pb_gallery][\/et_pb_column][\/et_pb_row][et_pb_row column_structure=&#8220;2_3,1_3&#8243; _builder_version=&#8220;4.23.1&#8243; _module_preset=&#8220;default&#8220; custom_padding=&#8220;10px||||false|false&#8220; border_radii=&#8220;off||||&#8220; border_width_top=&#8220;2px&#8220; border_color_top=&#8220;#000000&#8243; global_colors_info=&#8220;{}&#8220;][et_pb_column type=&#8220;2_3&#8243; _builder_version=&#8220;4.23.1&#8243; _module_preset=&#8220;default&#8220; global_colors_info=&#8220;{}&#8220;][et_pb_text _builder_version=&#8220;4.23.1&#8243; _module_preset=&#8220;default&#8220; custom_padding=&#8220;15px|||||&#8220; global_colors_info=&#8220;{}&#8220;]<h4>Die Grosse<\/h4>\n<h1>\u201eBest of Toskana\u201c Hotel-Tour<\/h1>\n<h4>Sondertour mit Unterst\u00fctzung von TC-Offroad-Trekking<\/h4>\n<p>Erlebe eine exklusive Hotel-Tour in der atemberaubenden Toskana, Italien, im Mai. Tauche ein in die malerische Landschaft, die von sanften H\u00fcgeln, gr\u00fcnen Weinbergen und historischen St\u00e4dten gepr\u00e4gt ist. Diese einzigartige Offroad Reise erm\u00f6glicht es Dir, die Toskana in Deinem eigenen Gel\u00e4ndewagen zu erkunden und dabei komfortable Unterk\u00fcnfte in erstklassigen Hotels mit aussergew\u00f6hnlichen Speise zu genie\u00dfen.<\/p>\n<h4><span>Offroad-Fahren in der Toskana<\/span><\/h4>\n<p>Entdecke mit uns eine einzigartige Hotel-Tour durch die bezaubernde Toskana. Die mit freundlicher Unterst\u00fctzung von TC Offroad Trekking ausgearbeitete Streckenf\u00fchrung ist ideal, um die Toskana zu erkunden, wir fahren \u00fcber sanfte H\u00fcgel und Weinberge besuchen historische St\u00e4dte. Von Florenz aus entdecken wir die Chianti-Region, Siena und San Gimignano und erkunden im Gel\u00e4ndewagen das malerische Val d\u2019Orcia. Erlebe die Sehnsucht nach neuen Entdeckungen und lasse Dich von der magischen Verbindung zwischen Mensch und Maschine verzaubern. Wir erstellen Dir gerne eine individuelle Tour f\u00fcr ihre Anspr\u00fcche<\/p>\n<p>Buche Deine unvergessliche individuelle Offroad Abenteuerreise und erlebe die Spitzenleistung eines erstklassigen Offroad-Reiseveranstalters. Bist Du bereit f\u00fcr eine unvergessliche Reise, die Deine Leidenschaft f\u00fcr Offroad-Abenteuer und individuelles Reisen vereint?<\/p>[\/et_pb_text][\/et_pb_column][et_pb_column type=&#8220;1_3&#8243; _builder_version=&#8220;4.23.1&#8243; _module_preset=&#8220;default&#8220; global_colors_info=&#8220;{}&#8220;][et_pb_gallery gallery_ids=&#8220;1356,1355,1353,1357&#8243; posts_number=&#8220;2&#8243; show_title_and_caption=&#8220;off&#8220; show_pagination=&#8220;off&#8220; _builder_version=&#8220;4.23.1&#8243; _module_preset=&#8220;default&#8220; custom_padding=&#8220;2px|||||&#8220; global_colors_info=&#8220;{}&#8220;][\/et_pb_gallery][\/et_pb_column][\/et_pb_row][et_pb_row column_structure=&#8220;2_3,1_3&#8243; _builder_version=&#8220;4.23.1&#8243; _module_preset=&#8220;default&#8220; custom_padding=&#8220;10px||0px|||&#8220; global_colors_info=&#8220;{}&#8220;][et_pb_column type=&#8220;2_3&#8243; _builder_version=&#8220;4.23.1&#8243; _module_preset=&#8220;default&#8220; global_colors_info=&#8220;{}&#8220;][et_pb_text _builder_version=&#8220;4.23.1&#8243; _module_preset=&#8220;default&#8220; global_colors_info=&#8220;{}&#8220;]<p><strong>Du bist interessiert an einer individuellen Offroad Reise &#8222;Presented by Michael Ortner&#8220;?<\/strong><\/p>\n<p><strong>Dann rufe uns an oder sende uns eine Mail an: <br \/><a style=\"color: #000!important;\" class=\"textlink\" href=\"mailto:ortner@4x4-experience.de\/4x4\">ortner@4&#215;4-experience.de<\/a><\/strong><\/p>[\/et_pb_text][\/et_pb_column][et_pb_column type=&#8220;1_3&#8243; _builder_version=&#8220;4.23.1&#8243; _module_preset=&#8220;default&#8220; global_colors_info=&#8220;{}&#8220;][et_pb_text _builder_version=&#8220;4.23.1&#8243; _module_preset=&#8220;default&#8220; custom_margin=&#8220;|0px||0px|false|false&#8220; custom_padding=&#8220;|0px||0px|false|false&#8220; link_option_url=&#8220;https:\/\/mobylines.de&#8220; global_colors_info=&#8220;{}&#8220;]<p>&nbsp;<\/p>\n<p>&nbsp;<\/p>[\/et_pb_text][\/et_pb_column][\/et_pb_row][\/et_pb_section]\n","protected":false},"excerpt":{"rendered":"<p>Telefon\/WhatsApp: +49-171 144 3884Reise\u00fcbersicht: 4&#215;4 Offroad TermineBeratung\/Anmeldung: ANMELDEFORMULARBespoke presented by Michael Ortner Bist Du bereit f\u00fcr ein unvergessliches Abenteuer auf Sardinien? Presented By Michael Ortner bietet exklusive Sonder Touren, die Deine Sinne bet\u00f6ren und Deine Abenteuerlust entfachen werden. Erklimme majest\u00e4tische Berge und H\u00fcgel bei unseren Trekking-Touren und erlebe die unber\u00fchrte Sch\u00f6nheit der sardischen Landschaft. Genie\u00dfe [&hellip;]<\/p>\n","protected":false},"author":1,"featured_media":0,"parent":0,"menu_order":0,"comment_status":"closed","ping_status":"closed","template":"","meta":{"_et_pb_use_builder":"on","_et_pb_old_content":"","_et_gb_content_width":"","footnotes":""},"class_list":["post-1644","page","type-page","status-publish","hentry"],"yoast_head":"<!-- This site is optimized with the Yoast SEO Premium plugin v27.0 (Yoast SEO v27.3) - https:\/\/yoast.com\/product\/yoast-seo-premium-wordpress\/ -->\n<title>Bespoke by Michael Ortner | 4x4 Sondertouren auf Sardinien<\/title>\n<meta name=\"description\" content=\"Bespoke by Michael Ortner. Ma\u00dfgeschneiderte 4x4 Trekking-Touren f\u00fcr ein einzigartiges Offroad-Abenteuer auf Sardinien.\" \/>\n<meta name=\"robots\" content=\"index, follow, max-snippet:-1, max-image-preview:large, max-video-preview:-1\" \/>\n<link rel=\"canonical\" href=\"https:\/\/4x4-experience.de\/4x4\/sondertouren\/\" \/>\n<meta property=\"og:locale\" content=\"de_DE\" \/>\n<meta property=\"og:type\" content=\"article\" \/>\n<meta property=\"og:title\" content=\"Sondertouren\" \/>\n<meta property=\"og:description\" content=\"Bespoke by Michael Ortner. Ma\u00dfgeschneiderte 4x4 Trekking-Touren f\u00fcr ein einzigartiges Offroad-Abenteuer auf Sardinien.\" \/>\n<meta property=\"og:url\" content=\"https:\/\/4x4-experience.de\/4x4\/sondertouren\/\" \/>\n<meta property=\"og:site_name\" content=\"4x4 Experience, Offroadreise, Offroad Reisen\" \/>\n<meta property=\"article:publisher\" content=\"https:\/\/www.facebook.com\/www.4x4Experience\/\" \/>\n<meta property=\"article:modified_time\" content=\"2025-09-03T13:00:19+00:00\" \/>\n<meta name=\"twitter:card\" content=\"summary_large_image\" \/>\n<meta name=\"twitter:label1\" content=\"Gesch\u00e4tzte Lesezeit\" \/>\n\t<meta name=\"twitter:data1\" content=\"7\u00a0Minuten\" \/>\n<script type=\"application\/ld+json\" class=\"yoast-schema-graph\">{\"@context\":\"https:\\\/\\\/schema.org\",\"@graph\":[{\"@type\":\"WebPage\",\"@id\":\"https:\\\/\\\/4x4-experience.de\\\/4x4\\\/sondertouren\\\/\",\"url\":\"https:\\\/\\\/4x4-experience.de\\\/4x4\\\/sondertouren\\\/\",\"name\":\"Bespoke by Michael Ortner | 4x4 Sondertouren auf Sardinien\",\"isPartOf\":{\"@id\":\"https:\\\/\\\/4x4-experience.de\\\/4x4\\\/#website\"},\"datePublished\":\"2024-07-08T12:04:53+00:00\",\"dateModified\":\"2025-09-03T13:00:19+00:00\",\"description\":\"Bespoke by Michael Ortner. Ma\u00dfgeschneiderte 4x4 Trekking-Touren f\u00fcr ein einzigartiges Offroad-Abenteuer auf Sardinien.\",\"breadcrumb\":{\"@id\":\"https:\\\/\\\/4x4-experience.de\\\/4x4\\\/sondertouren\\\/#breadcrumb\"},\"inLanguage\":\"de\",\"potentialAction\":[{\"@type\":\"ReadAction\",\"target\":[\"https:\\\/\\\/4x4-experience.de\\\/4x4\\\/sondertouren\\\/\"]}]},{\"@type\":\"BreadcrumbList\",\"@id\":\"https:\\\/\\\/4x4-experience.de\\\/4x4\\\/sondertouren\\\/#breadcrumb\",\"itemListElement\":[{\"@type\":\"ListItem\",\"position\":1,\"name\":\"Startseite\",\"item\":\"https:\\\/\\\/4x4-experience.de\\\/4x4\\\/\"},{\"@type\":\"ListItem\",\"position\":2,\"name\":\"Sondertouren\"}]},{\"@type\":\"WebSite\",\"@id\":\"https:\\\/\\\/4x4-experience.de\\\/4x4\\\/#website\",\"url\":\"https:\\\/\\\/4x4-experience.de\\\/4x4\\\/\",\"name\":\"4x4 Experience, Offroadreise, Offroad Reisen\",\"description\":\"4x4 Offroad Europa und Nordafrika\",\"potentialAction\":[{\"@type\":\"SearchAction\",\"target\":{\"@type\":\"EntryPoint\",\"urlTemplate\":\"https:\\\/\\\/4x4-experience.de\\\/4x4\\\/?s={search_term_string}\"},\"query-input\":{\"@type\":\"PropertyValueSpecification\",\"valueRequired\":true,\"valueName\":\"search_term_string\"}}],\"inLanguage\":\"de\"}]}<\/script>\n<!-- \/ Yoast SEO Premium plugin. -->","yoast_head_json":{"title":"Bespoke by Michael Ortner | 4x4 Sondertouren auf Sardinien","description":"Bespoke by Michael Ortner. Ma\u00dfgeschneiderte 4x4 Trekking-Touren f\u00fcr ein einzigartiges Offroad-Abenteuer auf Sardinien.","robots":{"index":"index","follow":"follow","max-snippet":"max-snippet:-1","max-image-preview":"max-image-preview:large","max-video-preview":"max-video-preview:-1"},"canonical":"https:\/\/4x4-experience.de\/4x4\/sondertouren\/","og_locale":"de_DE","og_type":"article","og_title":"Sondertouren","og_description":"Bespoke by Michael Ortner. Ma\u00dfgeschneiderte 4x4 Trekking-Touren f\u00fcr ein einzigartiges Offroad-Abenteuer auf Sardinien.","og_url":"https:\/\/4x4-experience.de\/4x4\/sondertouren\/","og_site_name":"4x4 Experience, Offroadreise, Offroad Reisen","article_publisher":"https:\/\/www.facebook.com\/www.4x4Experience\/","article_modified_time":"2025-09-03T13:00:19+00:00","twitter_card":"summary_large_image","twitter_misc":{"Gesch\u00e4tzte Lesezeit":"7\u00a0Minuten"},"schema":{"@context":"https:\/\/schema.org","@graph":[{"@type":"WebPage","@id":"https:\/\/4x4-experience.de\/4x4\/sondertouren\/","url":"https:\/\/4x4-experience.de\/4x4\/sondertouren\/","name":"Bespoke by Michael Ortner | 4x4 Sondertouren auf Sardinien","isPartOf":{"@id":"https:\/\/4x4-experience.de\/4x4\/#website"},"datePublished":"2024-07-08T12:04:53+00:00","dateModified":"2025-09-03T13:00:19+00:00","description":"Bespoke by Michael Ortner. Ma\u00dfgeschneiderte 4x4 Trekking-Touren f\u00fcr ein einzigartiges Offroad-Abenteuer auf Sardinien.","breadcrumb":{"@id":"https:\/\/4x4-experience.de\/4x4\/sondertouren\/#breadcrumb"},"inLanguage":"de","potentialAction":[{"@type":"ReadAction","target":["https:\/\/4x4-experience.de\/4x4\/sondertouren\/"]}]},{"@type":"BreadcrumbList","@id":"https:\/\/4x4-experience.de\/4x4\/sondertouren\/#breadcrumb","itemListElement":[{"@type":"ListItem","position":1,"name":"Startseite","item":"https:\/\/4x4-experience.de\/4x4\/"},{"@type":"ListItem","position":2,"name":"Sondertouren"}]},{"@type":"WebSite","@id":"https:\/\/4x4-experience.de\/4x4\/#website","url":"https:\/\/4x4-experience.de\/4x4\/","name":"4x4 Experience, Offroadreise, Offroad Reisen","description":"4x4 Offroad Europa und Nordafrika","potentialAction":[{"@type":"SearchAction","target":{"@type":"EntryPoint","urlTemplate":"https:\/\/4x4-experience.de\/4x4\/?s={search_term_string}"},"query-input":{"@type":"PropertyValueSpecification","valueRequired":true,"valueName":"search_term_string"}}],"inLanguage":"de"}]}},"_links":{"self":[{"href":"https:\/\/4x4-experience.de\/4x4\/wp-json\/wp\/v2\/pages\/1644","targetHints":{"allow":["GET"]}}],"collection":[{"href":"https:\/\/4x4-experience.de\/4x4\/wp-json\/wp\/v2\/pages"}],"about":[{"href":"https:\/\/4x4-experience.de\/4x4\/wp-json\/wp\/v2\/types\/page"}],"author":[{"embeddable":true,"href":"https:\/\/4x4-experience.de\/4x4\/wp-json\/wp\/v2\/users\/1"}],"replies":[{"embeddable":true,"href":"https:\/\/4x4-experience.de\/4x4\/wp-json\/wp\/v2\/comments?post=1644"}],"version-history":[{"count":17,"href":"https:\/\/4x4-experience.de\/4x4\/wp-json\/wp\/v2\/pages\/1644\/revisions"}],"predecessor-version":[{"id":3181,"href":"https:\/\/4x4-experience.de\/4x4\/wp-json\/wp\/v2\/pages\/1644\/revisions\/3181"}],"wp:attachment":[{"href":"https:\/\/4x4-experience.de\/4x4\/wp-json\/wp\/v2\/media?parent=1644"}],"curies":[{"name":"wp","href":"https:\/\/api.w.org\/{rel}","templated":true}]}}