{"id":1629,"date":"2024-07-08T13:36:05","date_gmt":"2024-07-08T11:36:05","guid":{"rendered":"https:\/\/4x4-experience.de\/4x4\/?page_id=1629"},"modified":"2025-09-01T12:48:11","modified_gmt":"2025-09-01T10:48:11","slug":"offroad-reise-geschenkgutschein","status":"publish","type":"page","link":"https:\/\/4x4-experience.de\/4x4\/offroad-reise-geschenkgutschein\/","title":{"rendered":"Offroad Reise Geschenkgutschein"},"content":{"rendered":"\n[et_pb_section fb_built=&#8220;1&#8243; _builder_version=&#8220;4.23.1&#8243; _module_preset=&#8220;default&#8220; custom_margin=&#8220;0px||-114px||false|false&#8220; custom_padding=&#8220;0px||0px||false|false&#8220; global_colors_info=&#8220;{}&#8220;][\/et_pb_section][et_pb_section fb_built=&#8220;1&#8243; fullwidth=&#8220;on&#8220; prev_background_color=&#8220;#000000&#8243; _builder_version=&#8220;4.23.1&#8243; _module_preset=&#8220;default&#8220; width=&#8220;100%&#8220; width_tablet=&#8220;&#8220; width_phone=&#8220;&#8220; width_last_edited=&#8220;on|phone&#8220; custom_margin=&#8220;100px||0px||false|false&#8220; custom_margin_tablet=&#8220;90px||||false|false&#8220; custom_margin_phone=&#8220;150px|||0px|false|false&#8220; custom_margin_last_edited=&#8220;on|phone&#8220; custom_padding=&#8220;0px||0px||false|false&#8220; top_divider_style=&#8220;mountains2&#8243; top_divider_height=&#8220;19px&#8220; top_divider_repeat=&#8220;1x&#8220; global_colors_info=&#8220;{}&#8220;][et_pb_fullwidth_image src=&#8220;https:\/\/4&#215;4-experience.de\/4&#215;4\/wp-content\/uploads\/2024\/07\/Auswahl-Marokko-Hotel.jpg&#8220; alt=&#8220;4&#215;4 Experience, Island-Spezialist, Island Hoteltour, Offroad Reise, 4&#215;4 Offroad&#8220; title_text=&#8220;Auswahl-Marokko-Hotel&#8220; src_tablet=&#8220;https:\/\/4&#215;4-experience.de\/4&#215;4\/wp-content\/uploads\/2024\/07\/Auswahl-Geschenkgutschein.jpg&#8220; src_phone=&#8220;https:\/\/4&#215;4-experience.de\/4&#215;4\/wp-content\/uploads\/2024\/07\/Auswahl-Marokko-Hotel-mobile.jpg&#8220; src_last_edited=&#8220;on|phone&#8220; _builder_version=&#8220;4.23.1&#8243; _module_preset=&#8220;default&#8220; custom_margin=&#8220;0px||0px||false|false&#8220; custom_margin_tablet=&#8220;0px||0px||false|false&#8220; custom_margin_phone=&#8220;0px||0px||false|false&#8220; custom_margin_last_edited=&#8220;on|tablet&#8220; custom_padding=&#8220;9px||0px||false|false&#8220; global_colors_info=&#8220;{}&#8220;][\/et_pb_fullwidth_image][\/et_pb_section][et_pb_section fb_built=&#8220;1&#8243; _builder_version=&#8220;4.23.1&#8243; _module_preset=&#8220;default&#8220; custom_margin=&#8220;||-6px|||&#8220; custom_padding=&#8220;||0px|||&#8220; global_colors_info=&#8220;{}&#8220;][et_pb_row column_structure=&#8220;1_3,1_3,1_3&#8243; disabled_on=&#8220;on|off|off&#8220; _builder_version=&#8220;4.23.1&#8243; _module_preset=&#8220;default&#8220; width=&#8220;100%&#8220; max_width=&#8220;1286px&#8220; custom_padding=&#8220;2px|||||&#8220; global_colors_info=&#8220;{}&#8220;][et_pb_column type=&#8220;1_3&#8243; _builder_version=&#8220;4.23.1&#8243; _module_preset=&#8220;default&#8220; global_colors_info=&#8220;{}&#8220;][et_pb_text _builder_version=&#8220;4.23.1&#8243; _module_preset=&#8220;default&#8220; custom_margin=&#8220;|||9px||&#8220; custom_padding=&#8220;|||23px||&#8220; global_colors_info=&#8220;{}&#8220;]<h2 style=\"text-align: center;\">Telefon\/WhatsApp:<\/h2>\n<h2 style=\"text-decoration: underline; text-align: center;\"><a href=\"tel:+491711443884\">+49-171 144 3884<\/a><\/h2>[\/et_pb_text][\/et_pb_column][et_pb_column type=&#8220;1_3&#8243; _builder_version=&#8220;4.23.1&#8243; _module_preset=&#8220;default&#8220; global_colors_info=&#8220;{}&#8220;][et_pb_text _builder_version=&#8220;4.23.1&#8243; _module_preset=&#8220;default&#8220; custom_padding=&#8220;|30px||||&#8220; global_colors_info=&#8220;{}&#8220;]<h2 style=\"text-align: center;\">Reise\u00fcbersicht:<\/h2>\n<h2 style=\"text-decoration: underline; text-align: center;\"><a href=\"\/4x4\/termine\">4&#215;4 Offroad Termine<\/a><\/h2>[\/et_pb_text][\/et_pb_column][et_pb_column type=&#8220;1_3&#8243; _builder_version=&#8220;4.23.1&#8243; _module_preset=&#8220;default&#8220; global_colors_info=&#8220;{}&#8220;][et_pb_text _builder_version=&#8220;4.23.1&#8243; _module_preset=&#8220;default&#8220; custom_margin=&#8220;|||-41px||&#8220; custom_padding=&#8220;|115px||||&#8220; global_colors_info=&#8220;{}&#8220;]<h2 style=\"text-align: center;\">Beratung\/Anmeldung:<\/h2>\n<h2 style=\"text-decoration: underline; text-align: center;\"><a href=\"\/4x4\/anmeldeformular-2025\">ANMELDEFORMULAR<\/a><\/h2>[\/et_pb_text][\/et_pb_column][\/et_pb_row][\/et_pb_section][et_pb_section fb_built=&#8220;1&#8243; _builder_version=&#8220;4.23.1&#8243; _module_preset=&#8220;default&#8220; custom_padding=&#8220;0px||0px|||&#8220; global_colors_info=&#8220;{}&#8220;][et_pb_row column_structure=&#8220;2_3,1_3&#8243; _builder_version=&#8220;4.23.1&#8243; _module_preset=&#8220;default&#8220; custom_padding=&#8220;0px|||||&#8220; global_colors_info=&#8220;{}&#8220;][et_pb_column type=&#8220;2_3&#8243; _builder_version=&#8220;4.23.1&#8243; _module_preset=&#8220;default&#8220; global_colors_info=&#8220;{}&#8220;][et_pb_text _builder_version=&#8220;4.23.1&#8243; _module_preset=&#8220;default&#8220; hover_enabled=&#8220;0&#8243; global_colors_info=&#8220;{}&#8220; sticky_enabled=&#8220;0&#8243;]<h1 class=\"title\">Offroad Reise Geschenkgutschein<\/h1>\n<p>In unserem Online Offroad Reise Geschenkgutschein tragen Sie den Namen des\/der Beschenkten und ihren Namen eintragen und w\u00e4hlen Sie eine oder mehrere Offroad-Reisen\/Offroad-Trainings aus &gt;&gt;<span>\u00a0<\/span><a href=\"https:\/\/4x4-experience.de\/4x4\/Geschenkgutschein-4x4-Experience-2024.pdf\">Link zum Online-Formular des Offroad Reise Geschenkgutscheins (PDF)<\/a><\/p>\n<p><strong>Hinweis<\/strong>: Bevor Sie den Gutschein versenden, sollten Sie ihn ausdrucken und mit 4\u00d74 Experience in Kontakt treten, um den Ablauf zu besprechen und die Reise bzw. das Training vorab buchen. Senden Sie danach dem\/der Beschenkten den ausgef\u00fcllten Offroad Reise Gutschein per E-Mail.<br \/>Das funktioniert direkt aus dem Formular heraus (\u201eAn E-Mailadresse des Beschenkten: Weiterleiten\u201c).<\/p>\n<p><img loading=\"lazy\" decoding=\"async\" src=\"https:\/\/4x4-experience.de\/4x4\/wp-content\/uploads\/2024\/07\/Geschenkgutschein-4x4-Experience-2024-1-300x212.jpg\" width=\"300\" height=\"212\" alt=\"\" class=\"wp-image-2585 alignnone size-medium\" \/><\/p>\n<p>Der\/die Beschenkte wird sich dann bei<span>\u00a0<\/span><a href=\"https:\/\/4x4-experience.de\/4x4\/\">4\u00d74 Experience<\/a><span>\u00a0<\/span> melden und mit dem Reiseveranstalter die Details besprechen.<br \/>Der Offroad Reise Gutschein ist nur g\u00fcltig nach erfolgter Anmeldung und nach Best\u00e4tigung der Reise durch den Reiseveranstalter 4\u00d74 Experience. Bei Fragen oder Problemen senden Sie uns einfach eine E-Mail an:<span>\u00a0<\/span><strong>ortner@4\u00d74-experience.de<\/strong>.<\/p>\n<p><strong>\u201eSchenken hei\u00dft, einem Anderen etwas geben, was man am liebsten selbst behalten m\u00f6chte.\u201c<\/strong><span>\u00a0<\/span>(Selma Lagerl\u00f6f)<\/p>[\/et_pb_text][\/et_pb_column][et_pb_column type=&#8220;1_3&#8243; _builder_version=&#8220;4.23.1&#8243; _module_preset=&#8220;default&#8220; global_colors_info=&#8220;{}&#8220;][et_pb_gallery gallery_ids=&#8220;718,1009,1428,1353,1061,860&#8243; posts_number=&#8220;3&#8243; show_title_and_caption=&#8220;off&#8220; show_pagination=&#8220;off&#8220; _builder_version=&#8220;4.23.1&#8243; _module_preset=&#8220;default&#8220; global_colors_info=&#8220;{}&#8220;][\/et_pb_gallery][\/et_pb_column][\/et_pb_row][\/et_pb_section]\n","protected":false},"excerpt":{"rendered":"<p>Telefon\/WhatsApp: +49-171 144 3884Reise\u00fcbersicht: 4&#215;4 Offroad TermineBeratung\/Anmeldung: ANMELDEFORMULAROffroad Reise Geschenkgutschein In unserem Online Offroad Reise Geschenkgutschein tragen Sie den Namen des\/der Beschenkten und ihren Namen eintragen und w\u00e4hlen Sie eine oder mehrere Offroad-Reisen\/Offroad-Trainings aus &gt;&gt;\u00a0Link zum Online-Formular des Offroad Reise Geschenkgutscheins (PDF) Hinweis: Bevor Sie den Gutschein versenden, sollten Sie ihn ausdrucken und mit 4\u00d74 [&hellip;]<\/p>\n","protected":false},"author":1,"featured_media":0,"parent":0,"menu_order":0,"comment_status":"closed","ping_status":"closed","template":"","meta":{"_et_pb_use_builder":"on","_et_pb_old_content":"","_et_gb_content_width":"","footnotes":""},"class_list":["post-1629","page","type-page","status-publish","hentry"],"yoast_head":"<!-- This site is optimized with the Yoast SEO Premium plugin v27.0 (Yoast SEO v27.3) - https:\/\/yoast.com\/product\/yoast-seo-premium-wordpress\/ -->\n<title>Offroad Reise Geschenkgutschein f\u00fcr Abenteuerliebhaber<\/title>\n<meta name=\"description\" content=\"Gestalten Sie den perfekten Offroad Reise Geschenkgutschein und w\u00e4hlen Sie eine Reise oder ein Training f\u00fcr Ihre Liebsten aus.\" \/>\n<meta name=\"robots\" content=\"index, follow, max-snippet:-1, max-image-preview:large, max-video-preview:-1\" \/>\n<link rel=\"canonical\" href=\"https:\/\/4x4-experience.de\/4x4\/offroad-reise-geschenkgutschein\/\" \/>\n<meta property=\"og:locale\" content=\"de_DE\" \/>\n<meta property=\"og:type\" content=\"article\" \/>\n<meta property=\"og:title\" content=\"Offroad Reise Geschenkgutschein\" \/>\n<meta property=\"og:description\" content=\"Gestalten Sie den perfekten Offroad Reise Geschenkgutschein und w\u00e4hlen Sie eine Reise oder ein Training f\u00fcr Ihre Liebsten aus.\" \/>\n<meta property=\"og:url\" content=\"https:\/\/4x4-experience.de\/4x4\/offroad-reise-geschenkgutschein\/\" \/>\n<meta property=\"og:site_name\" content=\"4x4 Experience, Offroadreise, Offroad Reisen\" \/>\n<meta property=\"article:publisher\" content=\"https:\/\/www.facebook.com\/www.4x4Experience\/\" \/>\n<meta property=\"article:modified_time\" content=\"2025-09-01T10:48:11+00:00\" \/>\n<meta property=\"og:image\" content=\"https:\/\/4x4-experience.de\/4x4\/wp-content\/uploads\/2024\/07\/Geschenkgutschein-4x4-Experience-2024-1.jpg\" \/>\n\t<meta property=\"og:image:width\" content=\"500\" \/>\n\t<meta property=\"og:image:height\" content=\"354\" \/>\n\t<meta property=\"og:image:type\" content=\"image\/jpeg\" \/>\n<meta name=\"twitter:card\" content=\"summary_large_image\" \/>\n<meta name=\"twitter:label1\" content=\"Gesch\u00e4tzte Lesezeit\" \/>\n\t<meta name=\"twitter:data1\" content=\"3\u00a0Minuten\" \/>\n<script type=\"application\/ld+json\" class=\"yoast-schema-graph\">{\"@context\":\"https:\\\/\\\/schema.org\",\"@graph\":[{\"@type\":\"WebPage\",\"@id\":\"https:\\\/\\\/4x4-experience.de\\\/4x4\\\/offroad-reise-geschenkgutschein\\\/\",\"url\":\"https:\\\/\\\/4x4-experience.de\\\/4x4\\\/offroad-reise-geschenkgutschein\\\/\",\"name\":\"Offroad Reise Geschenkgutschein f\u00fcr Abenteuerliebhaber\",\"isPartOf\":{\"@id\":\"https:\\\/\\\/4x4-experience.de\\\/4x4\\\/#website\"},\"primaryImageOfPage\":{\"@id\":\"https:\\\/\\\/4x4-experience.de\\\/4x4\\\/offroad-reise-geschenkgutschein\\\/#primaryimage\"},\"image\":{\"@id\":\"https:\\\/\\\/4x4-experience.de\\\/4x4\\\/offroad-reise-geschenkgutschein\\\/#primaryimage\"},\"thumbnailUrl\":\"https:\\\/\\\/4x4-experience.de\\\/4x4\\\/wp-content\\\/uploads\\\/2024\\\/07\\\/Geschenkgutschein-4x4-Experience-2024-1-300x212.jpg\",\"datePublished\":\"2024-07-08T11:36:05+00:00\",\"dateModified\":\"2025-09-01T10:48:11+00:00\",\"description\":\"Gestalten Sie den perfekten Offroad Reise Geschenkgutschein und w\u00e4hlen Sie eine Reise oder ein Training f\u00fcr Ihre Liebsten aus.\",\"breadcrumb\":{\"@id\":\"https:\\\/\\\/4x4-experience.de\\\/4x4\\\/offroad-reise-geschenkgutschein\\\/#breadcrumb\"},\"inLanguage\":\"de\",\"potentialAction\":[{\"@type\":\"ReadAction\",\"target\":[\"https:\\\/\\\/4x4-experience.de\\\/4x4\\\/offroad-reise-geschenkgutschein\\\/\"]}]},{\"@type\":\"ImageObject\",\"inLanguage\":\"de\",\"@id\":\"https:\\\/\\\/4x4-experience.de\\\/4x4\\\/offroad-reise-geschenkgutschein\\\/#primaryimage\",\"url\":\"https:\\\/\\\/4x4-experience.de\\\/4x4\\\/wp-content\\\/uploads\\\/2024\\\/07\\\/Geschenkgutschein-4x4-Experience-2024-1.jpg\",\"contentUrl\":\"https:\\\/\\\/4x4-experience.de\\\/4x4\\\/wp-content\\\/uploads\\\/2024\\\/07\\\/Geschenkgutschein-4x4-Experience-2024-1.jpg\",\"width\":500,\"height\":354},{\"@type\":\"BreadcrumbList\",\"@id\":\"https:\\\/\\\/4x4-experience.de\\\/4x4\\\/offroad-reise-geschenkgutschein\\\/#breadcrumb\",\"itemListElement\":[{\"@type\":\"ListItem\",\"position\":1,\"name\":\"Startseite\",\"item\":\"https:\\\/\\\/4x4-experience.de\\\/4x4\\\/\"},{\"@type\":\"ListItem\",\"position\":2,\"name\":\"Offroad Reise Geschenkgutschein\"}]},{\"@type\":\"WebSite\",\"@id\":\"https:\\\/\\\/4x4-experience.de\\\/4x4\\\/#website\",\"url\":\"https:\\\/\\\/4x4-experience.de\\\/4x4\\\/\",\"name\":\"4x4 Experience, Offroadreise, Offroad Reisen\",\"description\":\"4x4 Offroad Europa und Nordafrika\",\"potentialAction\":[{\"@type\":\"SearchAction\",\"target\":{\"@type\":\"EntryPoint\",\"urlTemplate\":\"https:\\\/\\\/4x4-experience.de\\\/4x4\\\/?s={search_term_string}\"},\"query-input\":{\"@type\":\"PropertyValueSpecification\",\"valueRequired\":true,\"valueName\":\"search_term_string\"}}],\"inLanguage\":\"de\"}]}<\/script>\n<!-- \/ Yoast SEO Premium plugin. -->","yoast_head_json":{"title":"Offroad Reise Geschenkgutschein f\u00fcr Abenteuerliebhaber","description":"Gestalten Sie den perfekten Offroad Reise Geschenkgutschein und w\u00e4hlen Sie eine Reise oder ein Training f\u00fcr Ihre Liebsten aus.","robots":{"index":"index","follow":"follow","max-snippet":"max-snippet:-1","max-image-preview":"max-image-preview:large","max-video-preview":"max-video-preview:-1"},"canonical":"https:\/\/4x4-experience.de\/4x4\/offroad-reise-geschenkgutschein\/","og_locale":"de_DE","og_type":"article","og_title":"Offroad Reise Geschenkgutschein","og_description":"Gestalten Sie den perfekten Offroad Reise Geschenkgutschein und w\u00e4hlen Sie eine Reise oder ein Training f\u00fcr Ihre Liebsten aus.","og_url":"https:\/\/4x4-experience.de\/4x4\/offroad-reise-geschenkgutschein\/","og_site_name":"4x4 Experience, Offroadreise, Offroad Reisen","article_publisher":"https:\/\/www.facebook.com\/www.4x4Experience\/","article_modified_time":"2025-09-01T10:48:11+00:00","og_image":[{"width":500,"height":354,"url":"https:\/\/4x4-experience.de\/4x4\/wp-content\/uploads\/2024\/07\/Geschenkgutschein-4x4-Experience-2024-1.jpg","type":"image\/jpeg"}],"twitter_card":"summary_large_image","twitter_misc":{"Gesch\u00e4tzte Lesezeit":"3\u00a0Minuten"},"schema":{"@context":"https:\/\/schema.org","@graph":[{"@type":"WebPage","@id":"https:\/\/4x4-experience.de\/4x4\/offroad-reise-geschenkgutschein\/","url":"https:\/\/4x4-experience.de\/4x4\/offroad-reise-geschenkgutschein\/","name":"Offroad Reise Geschenkgutschein f\u00fcr Abenteuerliebhaber","isPartOf":{"@id":"https:\/\/4x4-experience.de\/4x4\/#website"},"primaryImageOfPage":{"@id":"https:\/\/4x4-experience.de\/4x4\/offroad-reise-geschenkgutschein\/#primaryimage"},"image":{"@id":"https:\/\/4x4-experience.de\/4x4\/offroad-reise-geschenkgutschein\/#primaryimage"},"thumbnailUrl":"https:\/\/4x4-experience.de\/4x4\/wp-content\/uploads\/2024\/07\/Geschenkgutschein-4x4-Experience-2024-1-300x212.jpg","datePublished":"2024-07-08T11:36:05+00:00","dateModified":"2025-09-01T10:48:11+00:00","description":"Gestalten Sie den perfekten Offroad Reise Geschenkgutschein und w\u00e4hlen Sie eine Reise oder ein Training f\u00fcr Ihre Liebsten aus.","breadcrumb":{"@id":"https:\/\/4x4-experience.de\/4x4\/offroad-reise-geschenkgutschein\/#breadcrumb"},"inLanguage":"de","potentialAction":[{"@type":"ReadAction","target":["https:\/\/4x4-experience.de\/4x4\/offroad-reise-geschenkgutschein\/"]}]},{"@type":"ImageObject","inLanguage":"de","@id":"https:\/\/4x4-experience.de\/4x4\/offroad-reise-geschenkgutschein\/#primaryimage","url":"https:\/\/4x4-experience.de\/4x4\/wp-content\/uploads\/2024\/07\/Geschenkgutschein-4x4-Experience-2024-1.jpg","contentUrl":"https:\/\/4x4-experience.de\/4x4\/wp-content\/uploads\/2024\/07\/Geschenkgutschein-4x4-Experience-2024-1.jpg","width":500,"height":354},{"@type":"BreadcrumbList","@id":"https:\/\/4x4-experience.de\/4x4\/offroad-reise-geschenkgutschein\/#breadcrumb","itemListElement":[{"@type":"ListItem","position":1,"name":"Startseite","item":"https:\/\/4x4-experience.de\/4x4\/"},{"@type":"ListItem","position":2,"name":"Offroad Reise Geschenkgutschein"}]},{"@type":"WebSite","@id":"https:\/\/4x4-experience.de\/4x4\/#website","url":"https:\/\/4x4-experience.de\/4x4\/","name":"4x4 Experience, Offroadreise, Offroad Reisen","description":"4x4 Offroad Europa und Nordafrika","potentialAction":[{"@type":"SearchAction","target":{"@type":"EntryPoint","urlTemplate":"https:\/\/4x4-experience.de\/4x4\/?s={search_term_string}"},"query-input":{"@type":"PropertyValueSpecification","valueRequired":true,"valueName":"search_term_string"}}],"inLanguage":"de"}]}},"_links":{"self":[{"href":"https:\/\/4x4-experience.de\/4x4\/wp-json\/wp\/v2\/pages\/1629","targetHints":{"allow":["GET"]}}],"collection":[{"href":"https:\/\/4x4-experience.de\/4x4\/wp-json\/wp\/v2\/pages"}],"about":[{"href":"https:\/\/4x4-experience.de\/4x4\/wp-json\/wp\/v2\/types\/page"}],"author":[{"embeddable":true,"href":"https:\/\/4x4-experience.de\/4x4\/wp-json\/wp\/v2\/users\/1"}],"replies":[{"embeddable":true,"href":"https:\/\/4x4-experience.de\/4x4\/wp-json\/wp\/v2\/comments?post=1629"}],"version-history":[{"count":14,"href":"https:\/\/4x4-experience.de\/4x4\/wp-json\/wp\/v2\/pages\/1629\/revisions"}],"predecessor-version":[{"id":3163,"href":"https:\/\/4x4-experience.de\/4x4\/wp-json\/wp\/v2\/pages\/1629\/revisions\/3163"}],"wp:attachment":[{"href":"https:\/\/4x4-experience.de\/4x4\/wp-json\/wp\/v2\/media?parent=1629"}],"curies":[{"name":"wp","href":"https:\/\/api.w.org\/{rel}","templated":true}]}}