{"id":1574,"date":"2024-07-05T14:18:57","date_gmt":"2024-07-05T12:18:57","guid":{"rendered":"https:\/\/4x4-experience.de\/4x4\/?page_id=1574"},"modified":"2025-09-01T12:34:58","modified_gmt":"2025-09-01T10:34:58","slug":"iso-zertifizierung","status":"publish","type":"page","link":"https:\/\/4x4-experience.de\/4x4\/iso-zertifizierung\/","title":{"rendered":"ISO-Zertifizierung"},"content":{"rendered":"\n[et_pb_section fb_built=&#8220;1&#8243; _builder_version=&#8220;4.23.1&#8243; _module_preset=&#8220;default&#8220; custom_margin=&#8220;0px||-114px||false|false&#8220; custom_padding=&#8220;0px||0px||false|false&#8220; global_colors_info=&#8220;{}&#8220;][\/et_pb_section][et_pb_section fb_built=&#8220;1&#8243; fullwidth=&#8220;on&#8220; prev_background_color=&#8220;#000000&#8243; _builder_version=&#8220;4.23.1&#8243; _module_preset=&#8220;default&#8220; width=&#8220;100%&#8220; width_tablet=&#8220;&#8220; width_phone=&#8220;&#8220; width_last_edited=&#8220;on|phone&#8220; custom_margin=&#8220;120px||0px||false|false&#8220; custom_margin_tablet=&#8220;90px||||false|false&#8220; custom_margin_phone=&#8220;150px|||0px|false|false&#8220; custom_margin_last_edited=&#8220;on|phone&#8220; custom_padding=&#8220;0px||0px||false|false&#8220; top_divider_style=&#8220;mountains2&#8243; top_divider_height=&#8220;19px&#8220; top_divider_repeat=&#8220;1x&#8220; hover_enabled=&#8220;0&#8243; global_colors_info=&#8220;{}&#8220; sticky_enabled=&#8220;0&#8243;][et_pb_fullwidth_image src=&#8220;https:\/\/4&#215;4-experience.de\/4&#215;4\/wp-content\/uploads\/2024\/07\/SAHARA-Expedition-verlorener-See-oben.jpg&#8220; alt=&#8220;4&#215;4 Experience, Island-Spezialist, Island Hoteltour, Offroad Reise, 4&#215;4 Offroad&#8220; title_text=&#8220;Island-Northern-Light-mobile&#8220; src_tablet=&#8220;https:\/\/4&#215;4-experience.de\/4&#215;4\/wp-content\/uploads\/2024\/07\/SAHARA-Expedition-verlorener-See-oben.jpg&#8220; src_phone=&#8220;https:\/\/4&#215;4-experience.de\/4&#215;4\/wp-content\/uploads\/2024\/07\/Island-Northern-Light-mobile.jpg&#8220; src_last_edited=&#8220;on|phone&#8220; _builder_version=&#8220;4.23.1&#8243; _module_preset=&#8220;default&#8220; custom_margin=&#8220;0px||0px||false|false&#8220; custom_margin_tablet=&#8220;0px||0px||false|false&#8220; custom_margin_phone=&#8220;0px||0px||false|false&#8220; custom_margin_last_edited=&#8220;on|tablet&#8220; custom_padding=&#8220;9px||0px||false|false&#8220; hover_enabled=&#8220;0&#8243; global_colors_info=&#8220;{}&#8220; sticky_enabled=&#8220;0&#8243;][\/et_pb_fullwidth_image][\/et_pb_section][et_pb_section fb_built=&#8220;1&#8243; _builder_version=&#8220;4.23.1&#8243; _module_preset=&#8220;default&#8220; custom_margin=&#8220;||-6px|||&#8220; custom_padding=&#8220;||0px|||&#8220; global_colors_info=&#8220;{}&#8220;][et_pb_row column_structure=&#8220;1_3,1_3,1_3&#8243; _builder_version=&#8220;4.23.1&#8243; _module_preset=&#8220;default&#8220; width=&#8220;100%&#8220; max_width=&#8220;1286px&#8220; custom_padding=&#8220;2px|||||&#8220; hover_enabled=&#8220;0&#8243; global_colors_info=&#8220;{}&#8220; disabled_on=&#8220;on|off|off&#8220; sticky_enabled=&#8220;0&#8243;][et_pb_column type=&#8220;1_3&#8243; _builder_version=&#8220;4.23.1&#8243; _module_preset=&#8220;default&#8220; global_colors_info=&#8220;{}&#8220;][et_pb_text _builder_version=&#8220;4.23.1&#8243; _module_preset=&#8220;default&#8220; custom_margin=&#8220;|||9px||&#8220; custom_padding=&#8220;|||23px||&#8220; global_colors_info=&#8220;{}&#8220;]<h2 style=\"text-align: center;\">Telefon\/WhatsApp:<\/h2>\n<h2 style=\"text-decoration: underline; text-align: center;\"><a href=\"tel:+491711443884\">+49-171 144 3884<\/a><\/h2>[\/et_pb_text][\/et_pb_column][et_pb_column type=&#8220;1_3&#8243; _builder_version=&#8220;4.23.1&#8243; _module_preset=&#8220;default&#8220; global_colors_info=&#8220;{}&#8220;][et_pb_text _builder_version=&#8220;4.23.1&#8243; _module_preset=&#8220;default&#8220; custom_padding=&#8220;|30px||||&#8220; global_colors_info=&#8220;{}&#8220;]<h2 style=\"text-align: center;\">Reise\u00fcbersicht:<\/h2>\n<h2 style=\"text-decoration: underline; text-align: center;\"><a href=\"\/4x4\/termine\">4&#215;4 Offroad Termine<\/a><\/h2>[\/et_pb_text][\/et_pb_column][et_pb_column type=&#8220;1_3&#8243; _builder_version=&#8220;4.23.1&#8243; _module_preset=&#8220;default&#8220; global_colors_info=&#8220;{}&#8220;][et_pb_text _builder_version=&#8220;4.23.1&#8243; _module_preset=&#8220;default&#8220; custom_margin=&#8220;|||-41px||&#8220; custom_padding=&#8220;|115px||||&#8220; global_colors_info=&#8220;{}&#8220;]<h2 style=\"text-align: center;\">Beratung\/Anmeldung:<\/h2>\n<h2 style=\"text-decoration: underline; text-align: center;\"><a href=\"\/4x4\/anmeldeformular-2025\">ANMELDEFORMULAR<\/a><\/h2>[\/et_pb_text][\/et_pb_column][\/et_pb_row][\/et_pb_section][et_pb_section fb_built=&#8220;1&#8243; _builder_version=&#8220;4.23.1&#8243; _module_preset=&#8220;default&#8220; custom_padding=&#8220;14px||0px|||&#8220; global_colors_info=&#8220;{}&#8220;][et_pb_row column_structure=&#8220;2_3,1_3&#8243; _builder_version=&#8220;4.23.1&#8243; _module_preset=&#8220;default&#8220; custom_padding=&#8220;2px||10px|||&#8220; global_colors_info=&#8220;{}&#8220;][et_pb_column type=&#8220;2_3&#8243; _builder_version=&#8220;4.23.1&#8243; _module_preset=&#8220;default&#8220; global_colors_info=&#8220;{}&#8220;][et_pb_text _builder_version=&#8220;4.23.1&#8243; _module_preset=&#8220;default&#8220; hover_enabled=&#8220;0&#8243; global_colors_info=&#8220;{}&#8220; sticky_enabled=&#8220;0&#8243;]<h1 class=\"title\">ISO-Zertifizierung 4&#215;4 Experience<\/h1>\n<p><a name=\"top\"><\/a><\/p>\n<p>Die Organisation und F\u00fchrung von Offroad-Reisen, Offroad-Fahrtrainings und Fortbildungsangebote f\u00fcr Gel\u00e4ndewagenfahrer \u00a0sind nach ISO 9001:2015 durch den T\u00dcV S\u00dcD M\u00fcnchen\u00a0f\u00fcr 4\u00d74-Experience im M\u00e4rz 2020 zertifiziert worden. Diese Zertifizierung ist bis zum 29.3.2023 g\u00fcltig gewesen.<\/p>\n<p>4\u00d74 -Experience presented by Michael Ortner h\u00e4lt die h\u00f6chsten Standards in Bezug auf die Organisation und F\u00fchrung von Offroad-Reisen und Trainings ein. Das Unternehmen hat sich einer umfassenden Pr\u00fcfung unterzogen und alle Anforderungen der ISO 9001:2015 erf\u00fcllt und ist in diesem Zeitraum 2 mal erfolgreich rezertifiziert worden um die internen Prozesse weiter zu optimieren.<\/p>\n<p>Die Zertifizierung wurde am 30.3.2017 bis 29.3.2020 erteilt und die Rezertifizierung erfolgte am 19.3.2020, g\u00fcltig vom 30.3.2020 bis 29.3.2023. \u00a0Offroad Experience wird das zertifizierte Qualit\u00e4tsmanagementsystem weiterhin anwenden, um sicherzustellen, dass die Kunden stets erstklassige Dienstleistungen erhalten.<\/p>\n<p>Die ISO 9001:2015 Zertifizierung ist ein Meilenstein f\u00fcr 4\u00d74 Offroad Experience , das sich kontinuierlich bem\u00fcht, seine Dienstleistungen zu verbessern und den Kunden die bestm\u00f6gliche Erfahrung zu bieten<\/p>\n<p>\u201eWir sind stolz darauf, die ISO 9001:2015 Zertifizierung erhalten zu haben\u201c, sagte Michael Ortner im M\u00e4rz 2020, Gesch\u00e4ftsf\u00fchrer von Offroad Experience. \u201eDiese Auszeichnung ist ein Beweis f\u00fcr unser Engagement f\u00fcr Qualit\u00e4t und Kundenzufriedenheit. Unsere Kunden k\u00f6nnen sich weiterhin darauf verlassen, dass sie bei uns professionell organisierte Offroad Reisen und\u00a0Trainings erleben werden.\u201c<\/p>\n<p>Das Unternehmen\u00a0plant, in Zukunft weitere Zertifizierungen zu erlangen, um seine Position als f\u00fchrender Anbieter von Offroad Erlebnissen weiter zu st\u00e4rken und ist Gr\u00fcndungsmitglied der\u00a0<a href=\"https:\/\/vdord.de\/\">Verband der Offroad-Reiseveranstalter Deutschlands e.V.<\/a><\/p>\n<p><strong>\u00dcber Offroad Experience:<\/strong><br \/>Offroad Experience ist ein renommierter Anbieter von Offroad-Reisen, Offroad-Trainings und Fortbildungsangeboten f\u00fcr 4\u00d74 Gel\u00e4ndewagen Fahrer. Das Unternehmen bietet ma\u00dfgeschneiderte Touren und Trainings f\u00fcr Abenteuerliebhaber und Offroad-Enthusiasten an. Mit einem erfahrenen Team von Guides und modernster Ausr\u00fcstung garantiert Offroad Experience unvergessliche Erlebnisse in der Natur.<\/p>[\/et_pb_text][et_pb_image src=&#8220;https:\/\/4&#215;4-experience.de\/4&#215;4\/wp-content\/uploads\/2024\/07\/ISO-Zertifikat.jpg&#8220; title_text=&#8220;ISO-Zertifikat&#8220; _builder_version=&#8220;4.23.1&#8243; _module_preset=&#8220;default&#8220; global_colors_info=&#8220;{}&#8220;][\/et_pb_image][\/et_pb_column][et_pb_column type=&#8220;1_3&#8243; _builder_version=&#8220;4.23.1&#8243; _module_preset=&#8220;default&#8220; global_colors_info=&#8220;{}&#8220;][et_pb_gallery gallery_ids=&#8220;1061,468,1068,864,860,867,1063,1002,693,697&#8243; posts_number=&#8220;6&#8243; show_title_and_caption=&#8220;off&#8220; show_pagination=&#8220;off&#8220; _builder_version=&#8220;4.23.1&#8243; _module_preset=&#8220;default&#8220; custom_padding=&#8220;2px|||||&#8220; global_colors_info=&#8220;{}&#8220;][\/et_pb_gallery][\/et_pb_column][\/et_pb_row][\/et_pb_section]\n","protected":false},"excerpt":{"rendered":"<p>Telefon\/WhatsApp: +49-171 144 3884Reise\u00fcbersicht: 4&#215;4 Offroad TermineBeratung\/Anmeldung: ANMELDEFORMULARISO-Zertifizierung 4&#215;4 Experience Die Organisation und F\u00fchrung von Offroad-Reisen, Offroad-Fahrtrainings und Fortbildungsangebote f\u00fcr Gel\u00e4ndewagenfahrer \u00a0sind nach ISO 9001:2015 durch den T\u00dcV S\u00dcD M\u00fcnchen\u00a0f\u00fcr 4\u00d74-Experience im M\u00e4rz 2020 zertifiziert worden. Diese Zertifizierung ist bis zum 29.3.2023 g\u00fcltig gewesen. 4\u00d74 -Experience presented by Michael Ortner h\u00e4lt die h\u00f6chsten Standards in [&hellip;]<\/p>\n","protected":false},"author":1,"featured_media":0,"parent":0,"menu_order":0,"comment_status":"closed","ping_status":"closed","template":"","meta":{"_et_pb_use_builder":"on","_et_pb_old_content":"","_et_gb_content_width":"","footnotes":""},"class_list":["post-1574","page","type-page","status-publish","hentry"],"yoast_head":"<!-- This site is optimized with the Yoast SEO Premium plugin v27.3 (Yoast SEO v27.5) - https:\/\/yoast.com\/product\/yoast-seo-premium-wordpress\/ -->\n<title>Iso-Zertifizierung f\u00fcr Offroad-Reisen und Trainings<\/title>\n<meta name=\"description\" content=\"Die Iso-Zertifizierung von 4\u00d74-Experience garantiert erstklassige Dienstleistungen in Offroad-Reisen und Fahrtrainings.\" \/>\n<meta name=\"robots\" content=\"index, follow, max-snippet:-1, max-image-preview:large, max-video-preview:-1\" \/>\n<link rel=\"canonical\" href=\"https:\/\/4x4-experience.de\/4x4\/iso-zertifizierung\/\" \/>\n<meta property=\"og:locale\" content=\"de_DE\" \/>\n<meta property=\"og:type\" content=\"article\" \/>\n<meta property=\"og:title\" content=\"ISO-Zertifizierung\" \/>\n<meta property=\"og:description\" content=\"Die Iso-Zertifizierung von 4\u00d74-Experience garantiert erstklassige Dienstleistungen in Offroad-Reisen und Fahrtrainings.\" \/>\n<meta property=\"og:url\" content=\"https:\/\/4x4-experience.de\/4x4\/iso-zertifizierung\/\" \/>\n<meta property=\"og:site_name\" content=\"4x4 Experience, Offroad Reise, Offroad Reisen, Gel\u00e4ndewagen Touren\" \/>\n<meta property=\"article:publisher\" content=\"https:\/\/www.facebook.com\/www.4x4Experience\/\" \/>\n<meta property=\"article:modified_time\" content=\"2025-09-01T10:34:58+00:00\" \/>\n<meta name=\"twitter:card\" content=\"summary_large_image\" \/>\n<meta name=\"twitter:label1\" content=\"Gesch\u00e4tzte Lesezeit\" \/>\n\t<meta name=\"twitter:data1\" content=\"5\u00a0Minuten\" \/>\n<script type=\"application\/ld+json\" class=\"yoast-schema-graph\">{\"@context\":\"https:\\\/\\\/schema.org\",\"@graph\":[{\"@type\":\"WebPage\",\"@id\":\"https:\\\/\\\/4x4-experience.de\\\/4x4\\\/iso-zertifizierung\\\/\",\"url\":\"https:\\\/\\\/4x4-experience.de\\\/4x4\\\/iso-zertifizierung\\\/\",\"name\":\"Iso-Zertifizierung f\u00fcr Offroad-Reisen und Trainings\",\"isPartOf\":{\"@id\":\"https:\\\/\\\/4x4-experience.de\\\/4x4\\\/#website\"},\"datePublished\":\"2024-07-05T12:18:57+00:00\",\"dateModified\":\"2025-09-01T10:34:58+00:00\",\"description\":\"Die Iso-Zertifizierung von 4\u00d74-Experience garantiert erstklassige Dienstleistungen in Offroad-Reisen und Fahrtrainings.\",\"breadcrumb\":{\"@id\":\"https:\\\/\\\/4x4-experience.de\\\/4x4\\\/iso-zertifizierung\\\/#breadcrumb\"},\"inLanguage\":\"de\",\"potentialAction\":[{\"@type\":\"ReadAction\",\"target\":[\"https:\\\/\\\/4x4-experience.de\\\/4x4\\\/iso-zertifizierung\\\/\"]}]},{\"@type\":\"BreadcrumbList\",\"@id\":\"https:\\\/\\\/4x4-experience.de\\\/4x4\\\/iso-zertifizierung\\\/#breadcrumb\",\"itemListElement\":[{\"@type\":\"ListItem\",\"position\":1,\"name\":\"Startseite\",\"item\":\"https:\\\/\\\/4x4-experience.de\\\/4x4\\\/\"},{\"@type\":\"ListItem\",\"position\":2,\"name\":\"ISO-Zertifizierung\"}]},{\"@type\":\"WebSite\",\"@id\":\"https:\\\/\\\/4x4-experience.de\\\/4x4\\\/#website\",\"url\":\"https:\\\/\\\/4x4-experience.de\\\/4x4\\\/\",\"name\":\"4x4 Experience, Offroad Reise, Offroad Reisen, Gel\u00e4ndewagen Touren\",\"description\":\"4x4 Offroad Reisen Europa und Nordafrika\",\"potentialAction\":[{\"@type\":\"SearchAction\",\"target\":{\"@type\":\"EntryPoint\",\"urlTemplate\":\"https:\\\/\\\/4x4-experience.de\\\/4x4\\\/?s={search_term_string}\"},\"query-input\":{\"@type\":\"PropertyValueSpecification\",\"valueRequired\":true,\"valueName\":\"search_term_string\"}}],\"inLanguage\":\"de\"}]}<\/script>\n<!-- \/ Yoast SEO Premium plugin. -->","yoast_head_json":{"title":"Iso-Zertifizierung f\u00fcr Offroad-Reisen und Trainings","description":"Die Iso-Zertifizierung von 4\u00d74-Experience garantiert erstklassige Dienstleistungen in Offroad-Reisen und Fahrtrainings.","robots":{"index":"index","follow":"follow","max-snippet":"max-snippet:-1","max-image-preview":"max-image-preview:large","max-video-preview":"max-video-preview:-1"},"canonical":"https:\/\/4x4-experience.de\/4x4\/iso-zertifizierung\/","og_locale":"de_DE","og_type":"article","og_title":"ISO-Zertifizierung","og_description":"Die Iso-Zertifizierung von 4\u00d74-Experience garantiert erstklassige Dienstleistungen in Offroad-Reisen und Fahrtrainings.","og_url":"https:\/\/4x4-experience.de\/4x4\/iso-zertifizierung\/","og_site_name":"4x4 Experience, Offroad Reise, Offroad Reisen, Gel\u00e4ndewagen Touren","article_publisher":"https:\/\/www.facebook.com\/www.4x4Experience\/","article_modified_time":"2025-09-01T10:34:58+00:00","twitter_card":"summary_large_image","twitter_misc":{"Gesch\u00e4tzte Lesezeit":"5\u00a0Minuten"},"schema":{"@context":"https:\/\/schema.org","@graph":[{"@type":"WebPage","@id":"https:\/\/4x4-experience.de\/4x4\/iso-zertifizierung\/","url":"https:\/\/4x4-experience.de\/4x4\/iso-zertifizierung\/","name":"Iso-Zertifizierung f\u00fcr Offroad-Reisen und Trainings","isPartOf":{"@id":"https:\/\/4x4-experience.de\/4x4\/#website"},"datePublished":"2024-07-05T12:18:57+00:00","dateModified":"2025-09-01T10:34:58+00:00","description":"Die Iso-Zertifizierung von 4\u00d74-Experience garantiert erstklassige Dienstleistungen in Offroad-Reisen und Fahrtrainings.","breadcrumb":{"@id":"https:\/\/4x4-experience.de\/4x4\/iso-zertifizierung\/#breadcrumb"},"inLanguage":"de","potentialAction":[{"@type":"ReadAction","target":["https:\/\/4x4-experience.de\/4x4\/iso-zertifizierung\/"]}]},{"@type":"BreadcrumbList","@id":"https:\/\/4x4-experience.de\/4x4\/iso-zertifizierung\/#breadcrumb","itemListElement":[{"@type":"ListItem","position":1,"name":"Startseite","item":"https:\/\/4x4-experience.de\/4x4\/"},{"@type":"ListItem","position":2,"name":"ISO-Zertifizierung"}]},{"@type":"WebSite","@id":"https:\/\/4x4-experience.de\/4x4\/#website","url":"https:\/\/4x4-experience.de\/4x4\/","name":"4x4 Experience, Offroad Reise, Offroad Reisen, Gel\u00e4ndewagen Touren","description":"4x4 Offroad Reisen Europa und Nordafrika","potentialAction":[{"@type":"SearchAction","target":{"@type":"EntryPoint","urlTemplate":"https:\/\/4x4-experience.de\/4x4\/?s={search_term_string}"},"query-input":{"@type":"PropertyValueSpecification","valueRequired":true,"valueName":"search_term_string"}}],"inLanguage":"de"}]}},"_links":{"self":[{"href":"https:\/\/4x4-experience.de\/4x4\/wp-json\/wp\/v2\/pages\/1574","targetHints":{"allow":["GET"]}}],"collection":[{"href":"https:\/\/4x4-experience.de\/4x4\/wp-json\/wp\/v2\/pages"}],"about":[{"href":"https:\/\/4x4-experience.de\/4x4\/wp-json\/wp\/v2\/types\/page"}],"author":[{"embeddable":true,"href":"https:\/\/4x4-experience.de\/4x4\/wp-json\/wp\/v2\/users\/1"}],"replies":[{"embeddable":true,"href":"https:\/\/4x4-experience.de\/4x4\/wp-json\/wp\/v2\/comments?post=1574"}],"version-history":[{"count":6,"href":"https:\/\/4x4-experience.de\/4x4\/wp-json\/wp\/v2\/pages\/1574\/revisions"}],"predecessor-version":[{"id":3155,"href":"https:\/\/4x4-experience.de\/4x4\/wp-json\/wp\/v2\/pages\/1574\/revisions\/3155"}],"wp:attachment":[{"href":"https:\/\/4x4-experience.de\/4x4\/wp-json\/wp\/v2\/media?parent=1574"}],"curies":[{"name":"wp","href":"https:\/\/api.w.org\/{rel}","templated":true}]}}