{"id":1569,"date":"2024-07-05T14:11:13","date_gmt":"2024-07-05T12:11:13","guid":{"rendered":"https:\/\/4x4-experience.de\/4x4\/?page_id=1569"},"modified":"2026-02-27T12:16:05","modified_gmt":"2026-02-27T11:16:05","slug":"disclaimer","status":"publish","type":"page","link":"https:\/\/4x4-experience.de\/4x4\/disclaimer\/","title":{"rendered":"Disclaimer"},"content":{"rendered":"<p>[et_pb_section fb_built=&#8220;1&#8243; _builder_version=&#8220;4.23.1&#8243; _module_preset=&#8220;default&#8220; custom_margin=&#8220;0px||-114px||false|false&#8220; custom_padding=&#8220;0px||0px||false|false&#8220; global_colors_info=&#8220;{}&#8220;][\/et_pb_section][et_pb_section fb_built=&#8220;1&#8243; fullwidth=&#8220;on&#8220; prev_background_color=&#8220;#000000&#8243; _builder_version=&#8220;4.23.1&#8243; _module_preset=&#8220;default&#8220; width=&#8220;100%&#8220; width_tablet=&#8220;&#8220; width_phone=&#8220;&#8220; width_last_edited=&#8220;on|phone&#8220; custom_margin=&#8220;120px||0px||false|false&#8220; custom_margin_tablet=&#8220;90px||||false|false&#8220; custom_margin_phone=&#8220;150px|||0px|false|false&#8220; custom_margin_last_edited=&#8220;on|phone&#8220; custom_padding=&#8220;0px||0px||false|false&#8220; top_divider_style=&#8220;mountains2&#8243; top_divider_height=&#8220;19px&#8220; top_divider_repeat=&#8220;1x&#8220; global_colors_info=&#8220;{}&#8220;][et_pb_fullwidth_image src=&#8220;https:\/\/4&#215;4-experience.de\/4&#215;4\/wp-content\/uploads\/2024\/06\/Island-Camp-Titlebild.jpg&#8220; alt=&#8220;4&#215;4 Experience, Island-Spezialist, Island Hoteltour, Offroad Reise, 4&#215;4 Offroad&#8220; title_text=&#8220;Auswahl-Pyrenaeen-Hotel-mobile&#8220; src_tablet=&#8220;https:\/\/4&#215;4-experience.de\/4&#215;4\/wp-content\/uploads\/2024\/07\/Tunesien-Camp.jpg&#8220; src_phone=&#8220;https:\/\/4&#215;4-experience.de\/4&#215;4\/wp-content\/uploads\/2024\/07\/Auswahl-Pyrenaeen-Hotel-mobile.jpg&#8220; src_last_edited=&#8220;on|phone&#8220; _builder_version=&#8220;4.23.1&#8243; _module_preset=&#8220;default&#8220; custom_margin=&#8220;0px||0px||false|false&#8220; custom_margin_tablet=&#8220;0px||0px||false|false&#8220; custom_margin_phone=&#8220;0px||0px||false|false&#8220; custom_margin_last_edited=&#8220;on|tablet&#8220; custom_padding=&#8220;9px||0px||false|false&#8220; global_colors_info=&#8220;{}&#8220;][\/et_pb_fullwidth_image][\/et_pb_section][et_pb_section fb_built=&#8220;1&#8243; _builder_version=&#8220;4.23.1&#8243; _module_preset=&#8220;default&#8220; custom_margin=&#8220;||-6px|||&#8220; custom_padding=&#8220;||0px|||&#8220; global_colors_info=&#8220;{}&#8220;][et_pb_row column_structure=&#8220;1_3,1_3,1_3&#8243; disabled_on=&#8220;on|off|off&#8220; _builder_version=&#8220;4.23.1&#8243; _module_preset=&#8220;default&#8220; width=&#8220;100%&#8220; max_width=&#8220;1286px&#8220; custom_padding=&#8220;2px|||||&#8220; global_colors_info=&#8220;{}&#8220;][et_pb_column type=&#8220;1_3&#8243; _builder_version=&#8220;4.23.1&#8243; _module_preset=&#8220;default&#8220; global_colors_info=&#8220;{}&#8220;][et_pb_text _builder_version=&#8220;4.23.1&#8243; _module_preset=&#8220;default&#8220; custom_margin=&#8220;|||9px||&#8220; custom_padding=&#8220;|||23px||&#8220; global_colors_info=&#8220;{}&#8220;]<\/p>\n<h2 style=\"text-align: center;\">Telefon\/WhatsApp:<\/h2>\n<h2 style=\"text-decoration: underline; text-align: center;\"><a href=\"tel:+491711443884\">+49-171 144 3884<\/a><\/h2>\n<p>[\/et_pb_text][\/et_pb_column][et_pb_column type=&#8220;1_3&#8243; _builder_version=&#8220;4.23.1&#8243; _module_preset=&#8220;default&#8220; global_colors_info=&#8220;{}&#8220;][et_pb_text _builder_version=&#8220;4.23.1&#8243; _module_preset=&#8220;default&#8220; custom_padding=&#8220;|30px||||&#8220; global_colors_info=&#8220;{}&#8220;]<\/p>\n<h2 style=\"text-align: center;\">Reise\u00fcbersicht:<\/h2>\n<h2 style=\"text-decoration: underline; text-align: center;\"><a href=\"\/4x4\/termine\">4&#215;4 Offroad Termine<\/a><\/h2>\n<p>[\/et_pb_text][\/et_pb_column][et_pb_column type=&#8220;1_3&#8243; _builder_version=&#8220;4.23.1&#8243; _module_preset=&#8220;default&#8220; global_colors_info=&#8220;{}&#8220;][et_pb_text _builder_version=&#8220;4.23.1&#8243; _module_preset=&#8220;default&#8220; custom_margin=&#8220;|||-41px||&#8220; custom_padding=&#8220;|115px||||&#8220; global_colors_info=&#8220;{}&#8220;]<\/p>\n<h2 style=\"text-align: center;\">Beratung\/Anmeldung:<\/h2>\n<h2 style=\"text-decoration: underline; text-align: center;\"><a href=\"\/4x4\/anmeldeformular-2025\">ANMELDEFORMULAR<\/a><\/h2>\n<p>[\/et_pb_text][\/et_pb_column][\/et_pb_row][\/et_pb_section][et_pb_section fb_built=&#8220;1&#8243; _builder_version=&#8220;4.23.1&#8243; _module_preset=&#8220;default&#8220; custom_padding=&#8220;14px||0px|||&#8220; global_colors_info=&#8220;{}&#8220;][et_pb_row _builder_version=&#8220;4.23.1&#8243; _module_preset=&#8220;default&#8220; custom_margin_tablet=&#8220;&#8220; custom_margin_phone=&#8220;|||15px|false|false&#8220; custom_margin_last_edited=&#8220;on|phone&#8220; custom_padding=&#8220;2px||10px|||&#8220; global_colors_info=&#8220;{}&#8220;][et_pb_column type=&#8220;4_4&#8243; _builder_version=&#8220;4.23.1&#8243; _module_preset=&#8220;default&#8220; global_colors_info=&#8220;{}&#8220;][et_pb_text _builder_version=&#8220;4.27.4&#8243; _module_preset=&#8220;default&#8220; global_colors_info=&#8220;{}&#8220;]<\/p>\n<h1 class=\"title\">Disclaimer<\/h1>\n<p><a href=\"https:\/\/4x4-experience.de\/4x4\/Disclaimer_druck-2026.pdf\" target=\"_blank\" rel=\"noopener\"><img loading=\"lazy\" decoding=\"async\" src=\"https:\/\/www.4x4-experience.de\/material\/drucker.png\" alt=\"drucken\" width=\"24\" height=\"24\" \/><strong><span style=\"margin-top: -15px!important;\">\u00a0\u00a0Zur Druckversion (PDF)<\/span><\/strong><\/a><\/p>\n<p><img loading=\"lazy\" decoding=\"async\" src=\"https:\/\/4x4-experience.de\/4x4\/wp-content\/uploads\/2024\/05\/4x4_Logo_A1_sw.png\" width=\"89\" height=\"90\" alt=\"\" class=\"wp-image-515 alignnone size-full\" \/><\/p>\n<div id=\"inhalt\">\n<h1>Haftungsausschlusserkl\u00e4rung Offroad Reisen<\/h1>\n<p>Version 3.0 10\/2025<\/p>\n<p>Teilnahmebedingungen f\u00fcr folgende Veranstaltung:<\/p>\n<p>\u2026\u2026\u2026\u2026\u2026\u2026\u2026\u2026\u2026\u2026\u2026\u2026\u2026\u2026\u2026\u2026\u2026\u2026\u2026\u2026\u2026\u2026\u2026\u2026\u2026\u2026\u2026\u2026\u2026\u2026\u2026\u2026\u2026\u2026\u2026<\/p>\n<p>4\u00d74-Experience Offroad Reisen<br \/>Michael Ortner, Hammerm\u00fchle 20, D-51491 Overath<br \/>Telefon: 0171 144 3884 oder 02205-89 89 95<br \/>Mail: ortner@4\u00d74-experience.de<\/p>\n<p>Bei dieser Veranstaltung handelt es sich um eine Abenteuer-Reise im eigenen KFZ mit Expeditionscharakter. Aufgrund dieses Reisecharakters bestehen besondere Gefahren und Risiken f\u00fcr die teilnehmenden Personen und Sachen (insbesondere f\u00fcr das Kfz).<\/p>\n<p>Die Teilnehmer erkl\u00e4ren sich damit einverstanden, dass w\u00e4hrend der Veranstaltung gemachte Fotos und Videos auf der Internetseite und den sozialen Medien des Reiseveranstalters ver\u00f6ffentlicht werden, soweit keine Pers\u00f6nlichkeitsrechte dadurch verletzt werden.<\/p>\n<p><strong>Reisevertr\u00e4ge \u2013 erg\u00e4nzende Vereinbarung wegen h\u00f6herer Gewalt\/Kriegsgeschehen\/schlechtem Wetter :<\/strong><\/p>\n<ol>\n<li>Dem Reiseteilnehmer der gef\u00fchrten Offroad Reise ist bekannt, dass es aufgrund h\u00f6herer Gewalt\/Kriegsgeschehen, schlechtem Wetter \u00a0 zu unvorhersehbaren Beeintr\u00e4chtigungen hinsichtlich Ablauf und Umfang der Reise\/Expedition am jeweiligen Reiseziel kommen kann. Dazu z\u00e4hlen insb. der Abbruch der Reise\/Expedition aufgrund beh\u00f6rdlicher Anordnungen im Zusammenhang mit\u00a0 Gewalt \/ Kriegsgeschehen \/ schlechtem Wetter sowohl am jeweiligen Reiseziel als auch im Operationsgebiet der Offroad-Expedition, in Transitl\u00e4ndern, in H\u00e4fen oder an Grenz\u00fcberg\u00e4ngen. Unvorhersehbare Beeintr\u00e4chtigungen sind auch die kurzfristige Schlie\u00dfung von Grenz\u00fcberg\u00e4ngen, Beherbergungsst\u00e4tten oder anderen Unterk\u00fcnften und der damit verbundene Unterkunftswechsel sowie die Nichtverf\u00fcgbarkeit verschiedener Einrichtungen (\u00c4rztliche Versorgung, Lebensmittelversorgung, Duschen, WCs, Speiser\u00e4ume und -angebote \u2013 insb. Restaurants \u2013, Tankstellen etc.) und Transportmitteln (insbesondere F\u00e4hren), infolge von diesen Ereignissen k\u00f6nnen die im Vorfeld der gef\u00fchrten Offroadreise kommunizierten Preise f\u00fcr z.B. f\u00fcr \u00dcbernachtungen, Verpflegungskosten und F\u00e4hren vom \u00f6rtlichen Anbieter kurzfristig mit einem Teuerungszuschlag versehen werden, der h\u00f6her als 7% ausfallen kann. Der Teilnehmer erkl\u00e4rt sich bereit, diese Kostenaufschlag vollumf\u00e4nglich zu \u00fcbernehmen, da der Reiseveranstalter nur Mittler dieser Dienstleistungen ist.<\/li>\n<li>Tritt eine vorgenannte Beeintr\u00e4chtigung w\u00e4hrend des Reiseverlaufs ein, verzichtet der Reiseteilnehmer auf die Geltendmachung von Schadensersatzforderungen oder anderweitigen Erstattungsanspr\u00fcchen gegen\u00fcber dem Reiseveranstalter.<\/li>\n<\/ol>\n<p><strong>Erforderliche Angaben der Reiseteilnehmer sind (siehe \u201eZur Druckversion\u201c am Anfang der Seite!):<\/strong><br \/>Name:<br \/>Vorname:<br \/>Geburtsdatum:<br \/>Anschrift:<br \/>Mobilnummer\/Festnetz:<br \/>E-Mail Adresse:<br \/>KFZ Kennzeichen:<\/p>\n<p>Diese gef\u00fchrte Offroad Reise beinhaltet Bestandteile wie Fahrten mit den Kraftfahrzeugen der Reiseteilnehmer auf und abseits befestigter Stra\u00dfen, auch au\u00dferhalb des Geltungsbereichs der rechtlichen Bestimmungen des Heimatlandes und\/oder au\u00dferhalb des Geltungsbereichs der rechtlichen Bestimmungen der Europ\u00e4ischen Union.<\/p>\n<p>Bei dieser Reise durchfahren die Teilnehmer mit ihren Fahrzeugen Gel\u00e4ndehindernisse aller Art. Es bestehen Gefahren durch Naturereignisse, wie zum Beispiel Sturm mit Starkregen, Schneesturm, Sandsturm, Wasserdurchfahrten bis zu einer H\u00f6he von 1.50 Meter, Matsch-Ger\u00f6llfl\u00e4chen, Abh\u00e4nge, Hohlwege, Steil auf \u2013 und Steilabfahrten, Umkippen des Fahrzeugs, Kontakt mit wilden Tieren. Es werden Gebiete ohne Verbindung f\u00fcr Mobiltelefone und ohne schnelle Hilfsm\u00f6glichkeit durch Rettungskr\u00e4fte durchquert. Es bestehen Gefahren und Aktivit\u00e4ten beim Bergen von festgefahrenen Fahrzeugen und durch Camp-Aktivit\u00e4ten. Die Reiseteilnehmer best\u00e4tigen, dass ihnen die Gefahren einer Abenteuer-Reise bewusst sind und dass sie diese bewusst in Kauf nehmen. Aus organisatorischen Gr\u00fcnden kann es bei solchen Veranstaltungen erforderlich sein, dass Abweichungen vom geplanten Ablauf erfolgen m\u00fcssen. Den Anordnungen des Veranstalters ist dabei unbedingt Folge zu leisten. Der Teilnehmer f\u00fchrt sein Fahrzeug eigenverantwortlich. Falls die Situation den Teilnehme, aus welchen Gr\u00fcnden auch immer, \u00fcberfordert, kann die Reiseleitung das Fahrzeug aus der Gefahrenstelle fahren. Dies geschieht auf ausdr\u00fccklichen Wunsch des Fahrzeugf\u00fchrers\/Teilnehmer und auf dessen Risiko. Der Reiseteilnehmer und Fahrer des Fahrzeugs erkl\u00e4rt, dass er Eigent\u00fcmer und Halter des Fahrzeugs ist oder der Halter und Eigent\u00fcmer ihm eine Erlaubnis zur Teilnahme an dieser Veranstaltung mit diesem Fahrzeug zu diesen Teilnahmebedingungen erteilt hat. Der Teilnehmer ist f\u00fcr den geeigneten\/notwendigen Versicherungsschutz im Bestimmungsland der Reise selbst verantwortlich.<\/p>\n<p>Bei technischen Problemen an den Teilnehmer-Fahrzeugen, bei einem Unfall oder bei einer Havarie, bem\u00fcht sich der Veranstalter um technische Hilfestellung, beziehungsweise Bergung. Hierzu setzt er die Bordausr\u00fcstung des Organisationsfahrzeuges f\u00fcr den Teilnehmer kostenfrei ein. Das Teilnehmer-Fahrzeug kann dadurch nicht mehr verkehrssicher und\/oder in der Nutzbarkeit\/ Fahrtauglichkeit eingeschr\u00e4nkt sein. Der Teilnehmer ist verantwortlich daf\u00fcr, dass die Verkehrssicherheit gem\u00e4\u00df StVO wiederhergestellt wird und dass er die Reise ggf. unter diesen Bedingungen\/Einschr\u00e4nkungen fortsetzt. Sollte die erforderliche Hilfestellung oder Bergung mit Mitteln des Organisationsfahrzeuges nicht zu erbringen sein, sind die Kosten f\u00fcr Ersatzteile bzw. Fremdhilfe vom betroffenen Teilnehmer selbst zutragen. F\u00fcr die Einhaltung aller rechtlichen Vorschriften des Reiselandes \u2013 insbesondere der Pass-, Visa-, Devisen, Zoll-, Impf-, Gesundheits-, Verkehrs-, und Versicherungsvorschriften des Reiselandes \u2013 ist der Teilnehmer selbst verantwortlich. Eventuelle Nachteile, die aus der Nichtbefolgung dieser Vorschriften erwachsen, gehen zu seinen Lasten. Die Teilnehmer erkl\u00e4ren, dass sie f\u00fcr diese Reise ausreichenden Versicherungsschutz abgeschlossen haben. Bei der hier angebotenen Abenteuer-Reise muss der Reiseteilnehmer selbst aufgrund der ihm vorliegenden Informationen beurteilen, ob er den besonderen Anstrengungen dieser Reise gewachsen ist. Der Veranstalter ist nicht dazu verpflichtet, den gesundheitlichen\/k\u00f6rperlichen Zustand und die F\u00e4higkeiten des Teilnehmers zu \u00fcberpr\u00fcfen. Der Teilnehmer informiert die \u00f6rtliche Reiseleitung \u00fcber Lebensmittelunvertr\u00e4glichkeiten im Vorfeld und tr\u00e4gt selbst Sorge, eventuell ben\u00f6tigte Medikamente in ausreichender Menge mit sich zu f\u00fchren. Die Teilnehmer (Fahrer, Beifahrer, Kraftfahrzeughalter und Kraftfahrzeugeigent\u00fcmer) nehmen auf eigene Gefahr an der oben genannten Veranstaltung teil. Sie tragen die alleinige zivil- und strafrechtliche Verantwortung f\u00fcr alle von Ihnen und durch sie oder das von ihnen benutzte Fahrzeugverursachte\/n Sch\u00e4den gegen\u00fcber Dritten und sich selbst. Wir empfehlen eine Reiser\u00fccktrittsversicherung, Auslandskrankenversicherung, Hundehalter Haftpflichtversicherung, private Haftpflichtversicherung und KFZ-Schutzbrief abzuschlie\u00dfen. Die Teilnehmer bilden eine Gefahrengemeinschaft f\u00fcr den Zeitpunkt der Reise\/Expedition(Fahrer, Beifahrer, Kraftfahrzeughalter und Kraftfahrzeugeigent\u00fcmer) und verzichten f\u00fcr alle im Zusammenhang mit der Veranstaltung erlittenen Sch\u00e4den oder Unf\u00e4lle auf jedes Recht des Vorgehens oder R\u00fcckgriffs gegen den Reiseveranstalter, dessen Beauftragten, Guide\/Scout, Helfer, Beh\u00f6rden, Dienststellen und irgendwelche anderen Personen, die mit der Organisation und der Durchf\u00fchrung der Veranstaltung in Verbindung stehen, soweit der Schaden oder Unfall nicht auf Vorsatz oder grober Fahrl\u00e4ssigkeit beruht.<span>\u00a0<\/span><strong>*Ein Anspruch auf die Erstattung bzw. R\u00fcckverg\u00fctung der Reisekosten \/ Startgeld \/ Expeditionskosten \/ Nebenkosten ist in diesem Falle ausgeschlossen.<\/strong><\/p>\n<p>4\u00d74 Experience verf\u00fcgt \u00fcber eine mehr als 15-j\u00e4hrige Berufserfahrung bei Offroad-Reisen. Die w\u00e4hrend der Veranstaltung erlangten Strecken- und Organisationskenntnisse d\u00fcrfen nicht f\u00fcr eigene\/andere private Reiseveranstaltungen genutzt werden bzw. an andere Reiseveranstalter weitergeleitet werden.<\/p>\n<p>Sollte eine oder sollten mehrere Bestimmungen dieser Erkl\u00e4rung unwirksam sein oder werden, wird dadurch die G\u00fcltigkeit dieser Erkl\u00e4rung im \u00dcbrigen nicht ber\u00fchrt. Diese Vereinbarungen werden mit Unterzeichnung allen Beteiligten gegen\u00fcber wirksam.<\/p>\n<p>\u2026\u2026\u2026\u2026\u2026\u2026\u2026\u2026\u2026\u2026\u2026\u2026\u2026\u2026\u2026\u2026\u2026\u2026\u2026\u2026\u2026\u2026\u2026\u2026..\u00a0 \u00a0 \u00a0 \u2026\u2026\u2026\u2026\u2026\u2026\u2026\u2026\u2026\u2026\u2026\u2026\u2026\u2026\u2026\u2026\u2026\u2026\u2026\u2026\u2026..<br \/>Ort, Datum, Unterschrift des Fahrzeugf\u00fchrers\u00a0 \u00a0 \u00a0\u00a0 \u00a0 Unterschrift des Beifahrers\/der Beifahrerin<\/p>\n<\/div>\n<p>[\/et_pb_text][\/et_pb_column][\/et_pb_row][\/et_pb_section]<\/p>\n","protected":false},"excerpt":{"rendered":"<p>Telefon\/WhatsApp: +49-171 144 3884Reise\u00fcbersicht: 4&#215;4 Offroad TermineBeratung\/Anmeldung: ANMELDEFORMULARDisclaimer \u00a0\u00a0Zur Druckversion (PDF) Haftungsausschlusserkl\u00e4rung Offroad Reisen Version 3.0 10\/2025 Teilnahmebedingungen f\u00fcr folgende Veranstaltung: \u2026\u2026\u2026\u2026\u2026\u2026\u2026\u2026\u2026\u2026\u2026\u2026\u2026\u2026\u2026\u2026\u2026\u2026\u2026\u2026\u2026\u2026\u2026\u2026\u2026\u2026\u2026\u2026\u2026\u2026\u2026\u2026\u2026\u2026\u2026 4\u00d74-Experience Offroad ReisenMichael Ortner, Hammerm\u00fchle 20, D-51491 OverathTelefon: 0171 144 3884 oder 02205-89 89 95Mail: ortner@4\u00d74-experience.de Bei dieser Veranstaltung handelt es sich um eine Abenteuer-Reise im eigenen KFZ mit Expeditionscharakter. Aufgrund dieses Reisecharakters [&hellip;]<\/p>\n","protected":false},"author":1,"featured_media":0,"parent":0,"menu_order":0,"comment_status":"closed","ping_status":"closed","template":"","meta":{"_et_pb_use_builder":"on","_et_pb_old_content":"","_et_gb_content_width":"","footnotes":""},"class_list":["post-1569","page","type-page","status-publish","hentry"],"yoast_head":"<!-- This site is optimized with the Yoast SEO Premium plugin v27.0 (Yoast SEO v27.3) - https:\/\/yoast.com\/product\/yoast-seo-premium-wordpress\/ -->\n<title>Disclaimer: Risiken und Haftung bei Abenteuerreisen<\/title>\n<meta name=\"description\" content=\"Wichtig: Lesen Sie unseren Disclaimer, um sich \u00fcber Risiken und Haftung bei der 4\u00d74-Experience Offroad Reise zu informieren.\" \/>\n<meta name=\"robots\" content=\"index, follow, max-snippet:-1, max-image-preview:large, max-video-preview:-1\" \/>\n<link rel=\"canonical\" href=\"https:\/\/4x4-experience.de\/4x4\/disclaimer\/\" \/>\n<meta property=\"og:locale\" content=\"de_DE\" \/>\n<meta property=\"og:type\" content=\"article\" \/>\n<meta property=\"og:title\" content=\"Disclaimer\" \/>\n<meta property=\"og:description\" content=\"Wichtig: Lesen Sie unseren Disclaimer, um sich \u00fcber Risiken und Haftung bei der 4\u00d74-Experience Offroad Reise zu informieren.\" \/>\n<meta property=\"og:url\" content=\"https:\/\/4x4-experience.de\/4x4\/disclaimer\/\" \/>\n<meta property=\"og:site_name\" content=\"4x4 Experience, Offroadreise, Offroad Reisen\" \/>\n<meta property=\"article:publisher\" content=\"https:\/\/www.facebook.com\/www.4x4Experience\/\" \/>\n<meta property=\"article:modified_time\" content=\"2026-02-27T11:16:05+00:00\" \/>\n<meta property=\"og:image\" content=\"https:\/\/www.4x4-experience.de\/material\/drucker.png\" \/>\n<meta name=\"twitter:card\" content=\"summary_large_image\" \/>\n<meta name=\"twitter:label1\" content=\"Gesch\u00e4tzte Lesezeit\" \/>\n\t<meta name=\"twitter:data1\" content=\"8\u00a0Minuten\" \/>\n<script type=\"application\/ld+json\" class=\"yoast-schema-graph\">{\"@context\":\"https:\\\/\\\/schema.org\",\"@graph\":[{\"@type\":\"WebPage\",\"@id\":\"https:\\\/\\\/4x4-experience.de\\\/4x4\\\/disclaimer\\\/\",\"url\":\"https:\\\/\\\/4x4-experience.de\\\/4x4\\\/disclaimer\\\/\",\"name\":\"Disclaimer: Risiken und Haftung bei Abenteuerreisen\",\"isPartOf\":{\"@id\":\"https:\\\/\\\/4x4-experience.de\\\/4x4\\\/#website\"},\"primaryImageOfPage\":{\"@id\":\"https:\\\/\\\/4x4-experience.de\\\/4x4\\\/disclaimer\\\/#primaryimage\"},\"image\":{\"@id\":\"https:\\\/\\\/4x4-experience.de\\\/4x4\\\/disclaimer\\\/#primaryimage\"},\"thumbnailUrl\":\"https:\\\/\\\/www.4x4-experience.de\\\/material\\\/drucker.png\",\"datePublished\":\"2024-07-05T12:11:13+00:00\",\"dateModified\":\"2026-02-27T11:16:05+00:00\",\"description\":\"Wichtig: Lesen Sie unseren Disclaimer, um sich \u00fcber Risiken und Haftung bei der 4\u00d74-Experience Offroad Reise zu informieren.\",\"breadcrumb\":{\"@id\":\"https:\\\/\\\/4x4-experience.de\\\/4x4\\\/disclaimer\\\/#breadcrumb\"},\"inLanguage\":\"de\",\"potentialAction\":[{\"@type\":\"ReadAction\",\"target\":[\"https:\\\/\\\/4x4-experience.de\\\/4x4\\\/disclaimer\\\/\"]}]},{\"@type\":\"ImageObject\",\"inLanguage\":\"de\",\"@id\":\"https:\\\/\\\/4x4-experience.de\\\/4x4\\\/disclaimer\\\/#primaryimage\",\"url\":\"https:\\\/\\\/www.4x4-experience.de\\\/material\\\/drucker.png\",\"contentUrl\":\"https:\\\/\\\/www.4x4-experience.de\\\/material\\\/drucker.png\"},{\"@type\":\"BreadcrumbList\",\"@id\":\"https:\\\/\\\/4x4-experience.de\\\/4x4\\\/disclaimer\\\/#breadcrumb\",\"itemListElement\":[{\"@type\":\"ListItem\",\"position\":1,\"name\":\"Startseite\",\"item\":\"https:\\\/\\\/4x4-experience.de\\\/4x4\\\/\"},{\"@type\":\"ListItem\",\"position\":2,\"name\":\"Disclaimer\"}]},{\"@type\":\"WebSite\",\"@id\":\"https:\\\/\\\/4x4-experience.de\\\/4x4\\\/#website\",\"url\":\"https:\\\/\\\/4x4-experience.de\\\/4x4\\\/\",\"name\":\"4x4 Experience, Offroadreise, Offroad Reisen\",\"description\":\"4x4 Offroad Europa und Nordafrika\",\"potentialAction\":[{\"@type\":\"SearchAction\",\"target\":{\"@type\":\"EntryPoint\",\"urlTemplate\":\"https:\\\/\\\/4x4-experience.de\\\/4x4\\\/?s={search_term_string}\"},\"query-input\":{\"@type\":\"PropertyValueSpecification\",\"valueRequired\":true,\"valueName\":\"search_term_string\"}}],\"inLanguage\":\"de\"}]}<\/script>\n<!-- \/ Yoast SEO Premium plugin. -->","yoast_head_json":{"title":"Disclaimer: Risiken und Haftung bei Abenteuerreisen","description":"Wichtig: Lesen Sie unseren Disclaimer, um sich \u00fcber Risiken und Haftung bei der 4\u00d74-Experience Offroad Reise zu informieren.","robots":{"index":"index","follow":"follow","max-snippet":"max-snippet:-1","max-image-preview":"max-image-preview:large","max-video-preview":"max-video-preview:-1"},"canonical":"https:\/\/4x4-experience.de\/4x4\/disclaimer\/","og_locale":"de_DE","og_type":"article","og_title":"Disclaimer","og_description":"Wichtig: Lesen Sie unseren Disclaimer, um sich \u00fcber Risiken und Haftung bei der 4\u00d74-Experience Offroad Reise zu informieren.","og_url":"https:\/\/4x4-experience.de\/4x4\/disclaimer\/","og_site_name":"4x4 Experience, Offroadreise, Offroad Reisen","article_publisher":"https:\/\/www.facebook.com\/www.4x4Experience\/","article_modified_time":"2026-02-27T11:16:05+00:00","og_image":[{"url":"https:\/\/www.4x4-experience.de\/material\/drucker.png","type":"","width":"","height":""}],"twitter_card":"summary_large_image","twitter_misc":{"Gesch\u00e4tzte Lesezeit":"8\u00a0Minuten"},"schema":{"@context":"https:\/\/schema.org","@graph":[{"@type":"WebPage","@id":"https:\/\/4x4-experience.de\/4x4\/disclaimer\/","url":"https:\/\/4x4-experience.de\/4x4\/disclaimer\/","name":"Disclaimer: Risiken und Haftung bei Abenteuerreisen","isPartOf":{"@id":"https:\/\/4x4-experience.de\/4x4\/#website"},"primaryImageOfPage":{"@id":"https:\/\/4x4-experience.de\/4x4\/disclaimer\/#primaryimage"},"image":{"@id":"https:\/\/4x4-experience.de\/4x4\/disclaimer\/#primaryimage"},"thumbnailUrl":"https:\/\/www.4x4-experience.de\/material\/drucker.png","datePublished":"2024-07-05T12:11:13+00:00","dateModified":"2026-02-27T11:16:05+00:00","description":"Wichtig: Lesen Sie unseren Disclaimer, um sich \u00fcber Risiken und Haftung bei der 4\u00d74-Experience Offroad Reise zu informieren.","breadcrumb":{"@id":"https:\/\/4x4-experience.de\/4x4\/disclaimer\/#breadcrumb"},"inLanguage":"de","potentialAction":[{"@type":"ReadAction","target":["https:\/\/4x4-experience.de\/4x4\/disclaimer\/"]}]},{"@type":"ImageObject","inLanguage":"de","@id":"https:\/\/4x4-experience.de\/4x4\/disclaimer\/#primaryimage","url":"https:\/\/www.4x4-experience.de\/material\/drucker.png","contentUrl":"https:\/\/www.4x4-experience.de\/material\/drucker.png"},{"@type":"BreadcrumbList","@id":"https:\/\/4x4-experience.de\/4x4\/disclaimer\/#breadcrumb","itemListElement":[{"@type":"ListItem","position":1,"name":"Startseite","item":"https:\/\/4x4-experience.de\/4x4\/"},{"@type":"ListItem","position":2,"name":"Disclaimer"}]},{"@type":"WebSite","@id":"https:\/\/4x4-experience.de\/4x4\/#website","url":"https:\/\/4x4-experience.de\/4x4\/","name":"4x4 Experience, Offroadreise, Offroad Reisen","description":"4x4 Offroad Europa und Nordafrika","potentialAction":[{"@type":"SearchAction","target":{"@type":"EntryPoint","urlTemplate":"https:\/\/4x4-experience.de\/4x4\/?s={search_term_string}"},"query-input":{"@type":"PropertyValueSpecification","valueRequired":true,"valueName":"search_term_string"}}],"inLanguage":"de"}]}},"_links":{"self":[{"href":"https:\/\/4x4-experience.de\/4x4\/wp-json\/wp\/v2\/pages\/1569","targetHints":{"allow":["GET"]}}],"collection":[{"href":"https:\/\/4x4-experience.de\/4x4\/wp-json\/wp\/v2\/pages"}],"about":[{"href":"https:\/\/4x4-experience.de\/4x4\/wp-json\/wp\/v2\/types\/page"}],"author":[{"embeddable":true,"href":"https:\/\/4x4-experience.de\/4x4\/wp-json\/wp\/v2\/users\/1"}],"replies":[{"embeddable":true,"href":"https:\/\/4x4-experience.de\/4x4\/wp-json\/wp\/v2\/comments?post=1569"}],"version-history":[{"count":17,"href":"https:\/\/4x4-experience.de\/4x4\/wp-json\/wp\/v2\/pages\/1569\/revisions"}],"predecessor-version":[{"id":3440,"href":"https:\/\/4x4-experience.de\/4x4\/wp-json\/wp\/v2\/pages\/1569\/revisions\/3440"}],"wp:attachment":[{"href":"https:\/\/4x4-experience.de\/4x4\/wp-json\/wp\/v2\/media?parent=1569"}],"curies":[{"name":"wp","href":"https:\/\/api.w.org\/{rel}","templated":true}]}}