{"id":1547,"date":"2024-07-05T13:48:01","date_gmt":"2024-07-05T11:48:01","guid":{"rendered":"https:\/\/4x4-experience.de\/4x4\/?page_id=1547"},"modified":"2025-09-01T12:23:55","modified_gmt":"2025-09-01T10:23:55","slug":"impressum","status":"publish","type":"page","link":"https:\/\/4x4-experience.de\/4x4\/impressum\/","title":{"rendered":"Impressum"},"content":{"rendered":"\n[et_pb_section fb_built=&#8220;1&#8243; _builder_version=&#8220;4.23.1&#8243; _module_preset=&#8220;default&#8220; custom_margin=&#8220;0px||-114px||false|false&#8220; custom_padding=&#8220;0px||0px||false|false&#8220; global_colors_info=&#8220;{}&#8220;][\/et_pb_section][et_pb_section fb_built=&#8220;1&#8243; fullwidth=&#8220;on&#8220; prev_background_color=&#8220;#000000&#8243; _builder_version=&#8220;4.23.1&#8243; _module_preset=&#8220;default&#8220; width=&#8220;100%&#8220; width_tablet=&#8220;&#8220; width_phone=&#8220;&#8220; width_last_edited=&#8220;on|phone&#8220; custom_margin=&#8220;120px||0px||false|false&#8220; custom_margin_tablet=&#8220;90px||||false|false&#8220; custom_margin_phone=&#8220;150px|||0px|false|false&#8220; custom_margin_last_edited=&#8220;on|phone&#8220; custom_padding=&#8220;0px||0px||false|false&#8220; top_divider_style=&#8220;mountains2&#8243; top_divider_height=&#8220;19px&#8220; top_divider_repeat=&#8220;1x&#8220; global_colors_info=&#8220;{}&#8220;][et_pb_fullwidth_image src=&#8220;https:\/\/4&#215;4-experience.de\/4&#215;4\/wp-content\/uploads\/2024\/07\/SAHARA-Expedition-verlorener-See-oben.jpg&#8220; alt=&#8220;4&#215;4 Experience, Island-Spezialist, Island Hoteltour, Offroad Reise, 4&#215;4 Offroad&#8220; title_text=&#8220;Tunesien-Camp-Titelbild-02-mobile&#8220; src_tablet=&#8220;https:\/\/4&#215;4-experience.de\/4&#215;4\/wp-content\/uploads\/2024\/07\/SAHARA-Expedition-verlorener-See-oben.jpg&#8220; src_phone=&#8220;https:\/\/4&#215;4-experience.de\/4&#215;4\/wp-content\/uploads\/2024\/07\/Tunesien-Camp-Titelbild-02-mobile.jpg&#8220; src_last_edited=&#8220;on|phone&#8220; _builder_version=&#8220;4.23.1&#8243; _module_preset=&#8220;default&#8220; custom_margin=&#8220;0px||0px||false|false&#8220; custom_margin_tablet=&#8220;0px||0px||false|false&#8220; custom_margin_phone=&#8220;0px||0px||false|false&#8220; custom_margin_last_edited=&#8220;on|tablet&#8220; custom_padding=&#8220;9px||0px||false|false&#8220; global_colors_info=&#8220;{}&#8220;][\/et_pb_fullwidth_image][\/et_pb_section][et_pb_section fb_built=&#8220;1&#8243; _builder_version=&#8220;4.23.1&#8243; _module_preset=&#8220;default&#8220; custom_margin=&#8220;||-6px|||&#8220; custom_padding=&#8220;16px||0px|||&#8220; global_colors_info=&#8220;{}&#8220;][et_pb_row column_structure=&#8220;1_3,1_3,1_3&#8243; disabled_on=&#8220;on|on|off&#8220; _builder_version=&#8220;4.23.1&#8243; _module_preset=&#8220;default&#8220; width=&#8220;100%&#8220; max_width=&#8220;1286px&#8220; custom_padding=&#8220;2px|||||&#8220; global_colors_info=&#8220;{}&#8220;][et_pb_column type=&#8220;1_3&#8243; _builder_version=&#8220;4.23.1&#8243; _module_preset=&#8220;default&#8220; global_colors_info=&#8220;{}&#8220;][et_pb_text _builder_version=&#8220;4.23.1&#8243; _module_preset=&#8220;default&#8220; custom_margin=&#8220;|||9px||&#8220; custom_padding=&#8220;|||23px||&#8220; global_colors_info=&#8220;{}&#8220;]<h2 style=\"text-align: center;\">Telefon\/WhatsApp:<\/h2>\n<h2 style=\"text-decoration: underline; text-align: center;\"><a href=\"tel:+491711443884\">+49-171 144 3884<\/a><\/h2>[\/et_pb_text][\/et_pb_column][et_pb_column type=&#8220;1_3&#8243; _builder_version=&#8220;4.23.1&#8243; _module_preset=&#8220;default&#8220; global_colors_info=&#8220;{}&#8220;][et_pb_text _builder_version=&#8220;4.23.1&#8243; _module_preset=&#8220;default&#8220; custom_padding=&#8220;|30px||||&#8220; global_colors_info=&#8220;{}&#8220;]<h2 style=\"text-align: center;\">Reise\u00fcbersicht:<\/h2>\n<h2 style=\"text-decoration: underline; text-align: center;\"><a href=\"\/4x4\/termine\">4&#215;4 Offroad Termine<\/a><\/h2>[\/et_pb_text][\/et_pb_column][et_pb_column type=&#8220;1_3&#8243; _builder_version=&#8220;4.23.1&#8243; _module_preset=&#8220;default&#8220; global_colors_info=&#8220;{}&#8220;][et_pb_text _builder_version=&#8220;4.23.1&#8243; _module_preset=&#8220;default&#8220; custom_margin=&#8220;|||-41px||&#8220; custom_padding=&#8220;|115px||||&#8220; global_colors_info=&#8220;{}&#8220;]<h2 style=\"text-align: center;\">Beratung\/Anmeldung:<\/h2>\n<h2 style=\"text-decoration: underline; text-align: center;\"><a href=\"\/4x4\/anmeldeformular-2025\">ANMELDEFORMULAR<\/a><\/h2>[\/et_pb_text][\/et_pb_column][\/et_pb_row][\/et_pb_section][et_pb_section fb_built=&#8220;1&#8243; _builder_version=&#8220;4.23.1&#8243; _module_preset=&#8220;default&#8220; custom_padding=&#8220;14px||0px|||&#8220; global_colors_info=&#8220;{}&#8220;][et_pb_row column_structure=&#8220;2_3,1_3&#8243; _builder_version=&#8220;4.23.1&#8243; _module_preset=&#8220;default&#8220; width_tablet=&#8220;&#8220; width_phone=&#8220;93%&#8220; width_last_edited=&#8220;on|phone&#8220; custom_margin_tablet=&#8220;&#8220; custom_margin_phone=&#8220;-34px|auto||15px|false|false&#8220; custom_margin_last_edited=&#8220;on|phone&#8220; custom_padding=&#8220;2px||10px|||&#8220; global_colors_info=&#8220;{}&#8220;][et_pb_column type=&#8220;2_3&#8243; _builder_version=&#8220;4.23.1&#8243; _module_preset=&#8220;default&#8220; global_colors_info=&#8220;{}&#8220;][et_pb_text _builder_version=&#8220;4.23.1&#8243; _module_preset=&#8220;default&#8220; hover_enabled=&#8220;0&#8243; global_colors_info=&#8220;{}&#8220; sticky_enabled=&#8220;0&#8243;]<h1 class=\"title\">Impressum<\/h1>\n<p><b>Inhaber der Website und verantwortlich im Sinne des \u00a7 5 DDG:<\/b><br \/>Michael Ortner<\/p>\n<p><b>Name und Anschrift des Anbieters<\/b><br \/>Michael Ortner<br \/>4\u00d74 Experience<br \/><strong>B\u00fcro<\/strong>: Hoffnungsthaler Str. 34, 51503 R\u00f6srath (Termine nach Vereinbarung)<br \/><strong>Werkstatt<\/strong>: Hammerm\u00fchle 20, 51491 Overath (Termine nach Vereinbarung)<\/p>\n<p><b>Gesellschaftsform<\/b><br \/>Einzelunternehmer<\/p>\n<p><b>Kontaktdaten<\/b><br \/>Telefon Mobil :+49 171 144 38 84<br \/>Mail :<span>\u00a0<\/span><a href=\"mailto:ortner@4x4-experience.de\/4x4\">ortner@4\u00d74-experience.de<\/a><\/p>\n<p>Umsatzsteuer-Identifikationsnummer gem\u00e4\u00df \u00a7 27a Umsatzsteuergesetz:<br \/>DE 252892396<br \/>Steuernummer : 5204\/5268\/2649<\/p>\n<p><b>Anderkonto f\u00fcr die F\u00e4hre<\/b><br \/>Stadt Sparkasse K\u00f6ln\/Bonn<br \/>BLZ: 370 501 98<br \/>Konto-Nummer: 193 002 5414<br \/>IBAN: DE65 370 50198 1930 0254 14<br \/>BIC: COLSDE33XXX<\/p>\n<p><b>Bankverbindung Startgeld<\/b><br \/>Stadt Sparkasse K\u00f6ln\/Bonn<br \/>BLZ 37050198<br \/>Konto-Nummer 16 11 230 62<br \/>IBAN: DE15 3705 0198 0161 1230 62<br \/>BIC: COLSDE33XXX<\/p>\n<p>Satellitentelefon-Nummer: Michael Ortner,<br \/>+8816- 224 \u2013 45459<br \/>Mobiltelefon-Nummer: Michael Ortner,<br \/>+49 171 144 3884<br \/><b>Mailboxen h\u00f6re ich bei Auslandsaufenthalten nicht ab, deshalb bitte eine SMS schicken.<\/b><\/p>\n<p><b>Webdesign, Erstellung und Hosting<\/b><br \/>HERMIT Media K\u00f6ln, Herbert Mitschke<br \/><a href=\"https:\/\/www.hermit-media.de\/\" target=\"_blank\" rel=\"noopener\">www.hermit-media.de<\/a><\/p>\n<p><b>Bildnachweis<\/b><br \/>TC Offroad Trekking<br \/>Michael Ortner<br \/>Mike Christian Fahrsicherheitstraining<\/p>\n<p><b>Haftungshinweis:<\/b><br \/>Trotz sorgf\u00e4ltiger inhaltlicher Kontrolle \u00fcbernimmt Michael Ortner keine Haftung f\u00fcr die Inhalte externer Links. F\u00fcr den Inhalt der verlinkten Seiten sind ausschlie\u00dflich deren Betreiber verantwortlich. Alle Preise sind in Euro. Alle genannten Preise beinhalten die gesetzliche Mehrwertsteuer.<br \/><b>Hinweis<\/b>: Trotz sorgf\u00e4ltiger Kontrolle \u00fcbernehmen wir keine Haftung f\u00fcr die Inhalte externer Links. F\u00fcr die Inhalte der verlinkten Seiten sind ausschlie\u00dflich deren Betreiber verantwortlich.<br \/>Im Falle von Domainstreitigkeiten, wettbewerbsrechtlichen- oder \u00e4hnlichen Problemen, bitten wir Sie zur Vermeidung unn\u00f6tiger Rechtsstreite und Kosten, uns bereits im Vorfeld zu kontaktieren. Die Kostennote einer anwaltlichen Abmahnung ohne vorhergehender Kontaktaufnahme mit uns wird im Rahmen der Schadensminimierungspflicht als unbegr\u00fcndet zur\u00fcckgewiesen.<\/p>\n<p><b>Haftungsbeschr\u00e4nkung<\/b><br \/>Die dieser Website werden mit gr\u00f6\u00dftm\u00f6glicher Sorgfalt erstellt. Der Anbieter \u00fcbernimmt jedoch keine Gew\u00e4hr f\u00fcr die Richtigkeit, Vollst\u00e4ndigkeit und Aktualit\u00e4t der bereitgestellten Inhalte. Die Nutzung der Inhalte der Website erfolgt auf eigene Gefahr des Nutzers. Namentlich gekennzeichnete Beitr\u00e4ge geben die Meinung des<br \/>jeweiligen Autors und nicht immer die Meinung des Anbieters wieder. Mit der reinen Nutzung der Website des Anbieters kommt keinerlei Vertragsverh\u00e4ltnis zwischen dem Nutzer und dem Anbieter zustande.<\/p>\n<p><b>Externe Links<\/b><br \/>Diese Website enth\u00e4lt Verkn\u00fcpfungen zu Websites Dritter (\u201eexterne Links\u201c). Diese Websites unterliegen der Haftung der jeweiligen Betreiber. Der Anbieter hat bei der erstmaligen Verkn\u00fcpfung der externen Links die fremden Inhalte daraufhin \u00fcberpr\u00fcft, ob etwaige Rechtsverst\u00f6\u00dfe bestehen. Zu dem Zeitpunkt waren keine Rechtsverst\u00f6\u00dfe ersichtlich. Der Anbieter hat keinerlei Einfluss auf die aktuelle und zuk\u00fcnftige Gestaltung und auf die Inhalte der verkn\u00fcpften Seiten. Das Setzen von externen Links bedeutet nicht, dass sich der Anbieter die hinter dem Verweis oder Link liegenden Inhalte zu Eigen macht. Eine st\u00e4ndige Kontrolle der externen Links ist f\u00fcr den Anbieter ohne konkrete Hinweise auf Rechtsverst\u00f6\u00dfe nicht zumutbar. Bei Kenntnis von Rechtsverst\u00f6\u00dfen werden jedoch derartige externe Links unverz\u00fcglich gel\u00f6scht.<\/p>\n<p><b>Urheber- und Leistungsschutzrechte<\/b><br \/>Die auf dieser Website ver\u00f6ffentlichten Inhalte unterliegen dem deutschen Urheber- und Leistungsschutzrecht. Jede vom deutschen Urheber- und Leistungsschutzrecht nicht zugelassene Verwertung bedarf der vorherigen schriftlichen Zustimmung des Anbieters oder jeweiligen Rechteinhabers. Dies gilt insbesondere f\u00fcr Vervielf\u00e4ltigung, Bearbeitung, \u00dcbersetzung, Einspeicherung, Verarbeitung bzw. Wiedergabe von Inhalten in Datenbanken oder anderen elektronischen Medien und Systemen. Inhalte und Rechte Dritter sind dabei als solche gekennzeichnet. Die unerlaubte Vervielf\u00e4ltigung oder Weitergabe einzelner Inhalte oder kompletter Seiten ist nicht gestattet und strafbar. Lediglich die Herstellung von Kopien und Downloads f\u00fcr den pers\u00f6nlichen, privaten und nicht kommerziellen Gebrauch ist erlaubt.<br \/>Die Darstellung dieser Website in fremden Frames ist nur mit schriftlicher Erlaubnis zul\u00e4ssig.<\/p>\n<p><b>Datenschutz<\/b><br \/>Durch den Besuch der Website des Anbieters k\u00f6nnen Informationen \u00fcber den Zugriff (Datum, Uhrzeit, betrachtete Seite) gespeichert werden. Diese Daten geh\u00f6ren nicht zu den personenbezogenen Daten, sondern sind anonymisiert. Sie werden ausschlie\u00dflich zu statistischen Zwecken ausgewertet. Eine Weitergabe an Dritte, zu kommerziellen oder nichtkommerziellen Zwecken, findet nicht statt.<br \/>Der Anbieter weist ausdr\u00fccklich darauf hin, dass die Daten\u00fcbertragung im Internet (z.B. bei der Kommunikation per E-Mail) Sicherheitsl\u00fccken aufweisen und nicht l\u00fcckenlos vor dem Zugriff durch Dritte gesch\u00fctzt werden kann.<br \/>Die Verwendung der Kontaktdaten des Impressums zur gewerblichen Werbung ist ausdr\u00fccklich nicht erw\u00fcnscht, es sei denn der Anbieter hatte zuvor seine schriftliche Einwilligung erteilt oder es besteht bereits eine Gesch\u00e4ftsbeziehung. Der Anbieter und alle auf dieser Website genannten Personen widersprechen hiermit jeder kommerziellen Verwendung und Weitergabe ihrer Daten.<\/p>\n<p><b>Besondere Nutzungsbedingungen<\/b><br \/>Soweit besondere Bedingungen f\u00fcr einzelne Nutzungen dieser Website von den vorgenannten Hinweisen abweichen, wird an entsprechender Stelle ausdr\u00fccklich darauf hingewiesen. In diesem Falle gelten im jeweiligen Einzelfall die besonderen Nutzungsbedingungen.<\/p>[\/et_pb_text][\/et_pb_column][et_pb_column type=&#8220;1_3&#8243; _builder_version=&#8220;4.23.1&#8243; _module_preset=&#8220;default&#8220; global_colors_info=&#8220;{}&#8220;][et_pb_gallery gallery_ids=&#8220;1061,468,1068,864,860,867,1063,1002,693,697&#8243; posts_number=&#8220;9&#8243; show_title_and_caption=&#8220;off&#8220; show_pagination=&#8220;off&#8220; _builder_version=&#8220;4.23.1&#8243; _module_preset=&#8220;default&#8220; custom_padding=&#8220;2px|||||&#8220; global_colors_info=&#8220;{}&#8220;][\/et_pb_gallery][\/et_pb_column][\/et_pb_row][\/et_pb_section]\n","protected":false},"excerpt":{"rendered":"<p>Telefon\/WhatsApp: +49-171 144 3884Reise\u00fcbersicht: 4&#215;4 Offroad TermineBeratung\/Anmeldung: ANMELDEFORMULARImpressum Inhaber der Website und verantwortlich im Sinne des \u00a7 5 DDG:Michael Ortner Name und Anschrift des AnbietersMichael Ortner4\u00d74 ExperienceB\u00fcro: Hoffnungsthaler Str. 34, 51503 R\u00f6srath (Termine nach Vereinbarung)Werkstatt: Hammerm\u00fchle 20, 51491 Overath (Termine nach Vereinbarung) GesellschaftsformEinzelunternehmer KontaktdatenTelefon Mobil :+49 171 144 38 84Mail :\u00a0ortner@4\u00d74-experience.de Umsatzsteuer-Identifikationsnummer gem\u00e4\u00df \u00a7 27a [&hellip;]<\/p>\n","protected":false},"author":1,"featured_media":0,"parent":0,"menu_order":0,"comment_status":"closed","ping_status":"closed","template":"","meta":{"_et_pb_use_builder":"on","_et_pb_old_content":"","_et_gb_content_width":"","footnotes":""},"class_list":["post-1547","page","type-page","status-publish","hentry"],"yoast_head":"<!-- This site is optimized with the Yoast SEO Premium plugin v27.0 (Yoast SEO v27.3) - https:\/\/yoast.com\/product\/yoast-seo-premium-wordpress\/ -->\n<title>Impressum: Wichtige Informationen zur Webseite<\/title>\n<meta name=\"description\" content=\"Entdecken Sie alle Details im Impressum von 4\u00d74 Experience: Inhaber, Adresse und wichtige Kontaktinformationen stehen Ihnen zur Verf\u00fcgung.\" \/>\n<meta name=\"robots\" content=\"index, follow, max-snippet:-1, max-image-preview:large, max-video-preview:-1\" \/>\n<link rel=\"canonical\" href=\"https:\/\/4x4-experience.de\/4x4\/impressum\/\" \/>\n<meta property=\"og:locale\" content=\"de_DE\" \/>\n<meta property=\"og:type\" content=\"article\" \/>\n<meta property=\"og:title\" content=\"Impressum\" \/>\n<meta property=\"og:description\" content=\"Entdecken Sie alle Details im Impressum von 4\u00d74 Experience: Inhaber, Adresse und wichtige Kontaktinformationen stehen Ihnen zur Verf\u00fcgung.\" \/>\n<meta property=\"og:url\" content=\"https:\/\/4x4-experience.de\/4x4\/impressum\/\" \/>\n<meta property=\"og:site_name\" content=\"4x4 Experience, Offroadreise, Offroad Reisen\" \/>\n<meta property=\"article:publisher\" content=\"https:\/\/www.facebook.com\/www.4x4Experience\/\" \/>\n<meta property=\"article:modified_time\" content=\"2025-09-01T10:23:55+00:00\" \/>\n<meta name=\"twitter:card\" content=\"summary_large_image\" \/>\n<meta name=\"twitter:label1\" content=\"Gesch\u00e4tzte Lesezeit\" \/>\n\t<meta name=\"twitter:data1\" content=\"7\u00a0Minuten\" \/>\n<script type=\"application\/ld+json\" class=\"yoast-schema-graph\">{\"@context\":\"https:\\\/\\\/schema.org\",\"@graph\":[{\"@type\":\"WebPage\",\"@id\":\"https:\\\/\\\/4x4-experience.de\\\/4x4\\\/impressum\\\/\",\"url\":\"https:\\\/\\\/4x4-experience.de\\\/4x4\\\/impressum\\\/\",\"name\":\"Impressum: Wichtige Informationen zur Webseite\",\"isPartOf\":{\"@id\":\"https:\\\/\\\/4x4-experience.de\\\/4x4\\\/#website\"},\"datePublished\":\"2024-07-05T11:48:01+00:00\",\"dateModified\":\"2025-09-01T10:23:55+00:00\",\"description\":\"Entdecken Sie alle Details im Impressum von 4\u00d74 Experience: Inhaber, Adresse und wichtige Kontaktinformationen stehen Ihnen zur Verf\u00fcgung.\",\"breadcrumb\":{\"@id\":\"https:\\\/\\\/4x4-experience.de\\\/4x4\\\/impressum\\\/#breadcrumb\"},\"inLanguage\":\"de\",\"potentialAction\":[{\"@type\":\"ReadAction\",\"target\":[\"https:\\\/\\\/4x4-experience.de\\\/4x4\\\/impressum\\\/\"]}]},{\"@type\":\"BreadcrumbList\",\"@id\":\"https:\\\/\\\/4x4-experience.de\\\/4x4\\\/impressum\\\/#breadcrumb\",\"itemListElement\":[{\"@type\":\"ListItem\",\"position\":1,\"name\":\"Startseite\",\"item\":\"https:\\\/\\\/4x4-experience.de\\\/4x4\\\/\"},{\"@type\":\"ListItem\",\"position\":2,\"name\":\"Impressum\"}]},{\"@type\":\"WebSite\",\"@id\":\"https:\\\/\\\/4x4-experience.de\\\/4x4\\\/#website\",\"url\":\"https:\\\/\\\/4x4-experience.de\\\/4x4\\\/\",\"name\":\"4x4 Experience, Offroadreise, Offroad Reisen\",\"description\":\"4x4 Offroad Europa und Nordafrika\",\"potentialAction\":[{\"@type\":\"SearchAction\",\"target\":{\"@type\":\"EntryPoint\",\"urlTemplate\":\"https:\\\/\\\/4x4-experience.de\\\/4x4\\\/?s={search_term_string}\"},\"query-input\":{\"@type\":\"PropertyValueSpecification\",\"valueRequired\":true,\"valueName\":\"search_term_string\"}}],\"inLanguage\":\"de\"}]}<\/script>\n<!-- \/ Yoast SEO Premium plugin. -->","yoast_head_json":{"title":"Impressum: Wichtige Informationen zur Webseite","description":"Entdecken Sie alle Details im Impressum von 4\u00d74 Experience: Inhaber, Adresse und wichtige Kontaktinformationen stehen Ihnen zur Verf\u00fcgung.","robots":{"index":"index","follow":"follow","max-snippet":"max-snippet:-1","max-image-preview":"max-image-preview:large","max-video-preview":"max-video-preview:-1"},"canonical":"https:\/\/4x4-experience.de\/4x4\/impressum\/","og_locale":"de_DE","og_type":"article","og_title":"Impressum","og_description":"Entdecken Sie alle Details im Impressum von 4\u00d74 Experience: Inhaber, Adresse und wichtige Kontaktinformationen stehen Ihnen zur Verf\u00fcgung.","og_url":"https:\/\/4x4-experience.de\/4x4\/impressum\/","og_site_name":"4x4 Experience, Offroadreise, Offroad Reisen","article_publisher":"https:\/\/www.facebook.com\/www.4x4Experience\/","article_modified_time":"2025-09-01T10:23:55+00:00","twitter_card":"summary_large_image","twitter_misc":{"Gesch\u00e4tzte Lesezeit":"7\u00a0Minuten"},"schema":{"@context":"https:\/\/schema.org","@graph":[{"@type":"WebPage","@id":"https:\/\/4x4-experience.de\/4x4\/impressum\/","url":"https:\/\/4x4-experience.de\/4x4\/impressum\/","name":"Impressum: Wichtige Informationen zur Webseite","isPartOf":{"@id":"https:\/\/4x4-experience.de\/4x4\/#website"},"datePublished":"2024-07-05T11:48:01+00:00","dateModified":"2025-09-01T10:23:55+00:00","description":"Entdecken Sie alle Details im Impressum von 4\u00d74 Experience: Inhaber, Adresse und wichtige Kontaktinformationen stehen Ihnen zur Verf\u00fcgung.","breadcrumb":{"@id":"https:\/\/4x4-experience.de\/4x4\/impressum\/#breadcrumb"},"inLanguage":"de","potentialAction":[{"@type":"ReadAction","target":["https:\/\/4x4-experience.de\/4x4\/impressum\/"]}]},{"@type":"BreadcrumbList","@id":"https:\/\/4x4-experience.de\/4x4\/impressum\/#breadcrumb","itemListElement":[{"@type":"ListItem","position":1,"name":"Startseite","item":"https:\/\/4x4-experience.de\/4x4\/"},{"@type":"ListItem","position":2,"name":"Impressum"}]},{"@type":"WebSite","@id":"https:\/\/4x4-experience.de\/4x4\/#website","url":"https:\/\/4x4-experience.de\/4x4\/","name":"4x4 Experience, Offroadreise, Offroad Reisen","description":"4x4 Offroad Europa und Nordafrika","potentialAction":[{"@type":"SearchAction","target":{"@type":"EntryPoint","urlTemplate":"https:\/\/4x4-experience.de\/4x4\/?s={search_term_string}"},"query-input":{"@type":"PropertyValueSpecification","valueRequired":true,"valueName":"search_term_string"}}],"inLanguage":"de"}]}},"_links":{"self":[{"href":"https:\/\/4x4-experience.de\/4x4\/wp-json\/wp\/v2\/pages\/1547","targetHints":{"allow":["GET"]}}],"collection":[{"href":"https:\/\/4x4-experience.de\/4x4\/wp-json\/wp\/v2\/pages"}],"about":[{"href":"https:\/\/4x4-experience.de\/4x4\/wp-json\/wp\/v2\/types\/page"}],"author":[{"embeddable":true,"href":"https:\/\/4x4-experience.de\/4x4\/wp-json\/wp\/v2\/users\/1"}],"replies":[{"embeddable":true,"href":"https:\/\/4x4-experience.de\/4x4\/wp-json\/wp\/v2\/comments?post=1547"}],"version-history":[{"count":21,"href":"https:\/\/4x4-experience.de\/4x4\/wp-json\/wp\/v2\/pages\/1547\/revisions"}],"predecessor-version":[{"id":3149,"href":"https:\/\/4x4-experience.de\/4x4\/wp-json\/wp\/v2\/pages\/1547\/revisions\/3149"}],"wp:attachment":[{"href":"https:\/\/4x4-experience.de\/4x4\/wp-json\/wp\/v2\/media?parent=1547"}],"curies":[{"name":"wp","href":"https:\/\/api.w.org\/{rel}","templated":true}]}}