{"id":1413,"date":"2024-07-04T15:54:23","date_gmt":"2024-07-04T13:54:23","guid":{"rendered":"https:\/\/4x4-experience.de\/4x4\/?page_id=1413"},"modified":"2026-03-20T10:57:01","modified_gmt":"2026-03-20T09:57:01","slug":"4x4-schrauber","status":"publish","type":"page","link":"https:\/\/4x4-experience.de\/4x4\/4x4-schrauber\/","title":{"rendered":"4&#215;4 Schrauber"},"content":{"rendered":"<p>[et_pb_section fb_built=&#8220;1&#8243; _builder_version=&#8220;4.23.1&#8243; _module_preset=&#8220;default&#8220; background_color=&#8220;#FFFFFF&#8220; background_enable_image=&#8220;off&#8220; background_size=&#8220;contain&#8220; background_repeat=&#8220;repeat-x&#8220; background_blend=&#8220;screen&#8220; positioning=&#8220;fixed&#8220; position_origin_f=&#8220;top_center&#8220; custom_margin=&#8220;0px||0px||false|false&#8220; custom_padding=&#8220;0px||0px||false|false&#8220; global_colors_info=&#8220;{}&#8220;][et_pb_row _builder_version=&#8220;4.23.1&#8243; _module_preset=&#8220;default&#8220; width=&#8220;100%&#8220; width_tablet=&#8220;auto&#8220; width_phone=&#8220;auto&#8220; width_last_edited=&#8220;on|desktop&#8220; max_width=&#8220;1500px&#8220; max_width_tablet=&#8220;&#8220; max_width_phone=&#8220;&#8220; max_width_last_edited=&#8220;on|phone&#8220; module_alignment=&#8220;center&#8220; custom_margin=&#8220;0px|0px|0px|0px|false|false&#8220; custom_padding=&#8220;0px||0px||false|false&#8220; global_colors_info=&#8220;{}&#8220;][et_pb_column type=&#8220;4_4&#8243; _builder_version=&#8220;4.23.1&#8243; _module_preset=&#8220;default&#8220; global_colors_info=&#8220;{}&#8220;][et_pb_menu menu_style=&#8220;inline_centered_logo&#8220; submenu_direction=&#8220;downwards&#8220; dropdown_menu_bg_color=&#8220;#FFFFFF&#8220; dropdown_menu_text_color=&#8220;#000000&#8243; dropdown_menu_active_link_color=&#8220;#E09900&#8243; mobile_menu_bg_color=&#8220;#FFFFFF&#8220; mobile_menu_text_color=&#8220;#000000&#8243; logo=&#8220;https:\/\/4&#215;4-experience.de\/4&#215;4\/wp-content\/uploads\/2024\/05\/4x4_Logo_A1_sw.png&#8220; logo_url=&#8220;https:\/\/4&#215;4-experience.de\/4&#215;4&#8243; logo_alt=&#8220;4&#215;4 Experience, Offroad Reise, Offroad Tour, 4&#215;4 Reise, Gel\u00e4ndewagen, Marokko, Tunesien, Sardienien, Korsika&#8220; logo_width=&#8220;9%&#8220; menu_icon_color=&#8220;#000000&#8243; menu_icon_font_size=&#8220;39px&#8220; dropdown_menu_line_color_tablet=&#8220;&#8220; dropdown_menu_line_color_phone=&#8220;#000000&#8243; dropdown_menu_line_color_last_edited=&#8220;on|tablet&#8220; mobile_menu_bg_color_tablet=&#8220;#FFFFFF&#8220; mobile_menu_bg_color_phone=&#8220;#FFFFFF&#8220; mobile_menu_bg_color_last_edited=&#8220;on|phone&#8220; mobile_menu_text_color_tablet=&#8220;#FFFFFF&#8220; mobile_menu_text_color_phone=&#8220;#FFFFFF&#8220; mobile_menu_text_color_last_edited=&#8220;on|phone&#8220; _builder_version=&#8220;4.23.1&#8243; _module_preset=&#8220;default&#8220; menu_font=&#8220;Abel|700|||||||&#8220; menu_text_color=&#8220;#000000&#8243; menu_font_size=&#8220;17px&#8220; background_color=&#8220;rgba(255,255,255,0.06)&#8220; width=&#8220;100%&#8220; max_width=&#8220;1400px&#8220; module_alignment=&#8220;center&#8220; custom_margin=&#8220;0px||0px||false|false&#8220; custom_margin_tablet=&#8220;-47px||||false|false&#8220; custom_margin_phone=&#8220;-47px||||false|false&#8220; custom_margin_last_edited=&#8220;on|phone&#8220; custom_padding=&#8220;0px||0px||false|false&#8220; background_layout_tablet=&#8220;&#8220; background_layout_phone=&#8220;light&#8220; background_layout_last_edited=&#8220;on|phone&#8220; global_colors_info=&#8220;{}&#8220;][\/et_pb_menu][\/et_pb_column][\/et_pb_row][\/et_pb_section][et_pb_section fb_built=&#8220;1&#8243; _builder_version=&#8220;4.23.1&#8243; _module_preset=&#8220;default&#8220; custom_margin=&#8220;0px||-114px||false|false&#8220; custom_padding=&#8220;0px||0px||false|false&#8220; global_colors_info=&#8220;{}&#8220;][\/et_pb_section][et_pb_section fb_built=&#8220;1&#8243; fullwidth=&#8220;on&#8220; prev_background_color=&#8220;#000000&#8243; _builder_version=&#8220;4.23.1&#8243; _module_preset=&#8220;default&#8220; width=&#8220;100%&#8220; width_tablet=&#8220;&#8220; width_phone=&#8220;&#8220; width_last_edited=&#8220;on|phone&#8220; custom_margin=&#8220;140px||0px||false|false&#8220; custom_margin_tablet=&#8220;90px||||false|false&#8220; custom_margin_phone=&#8220;160px|||0px|false|false&#8220; custom_margin_last_edited=&#8220;on|phone&#8220; custom_padding=&#8220;0px||0px||false|false&#8220; top_divider_style=&#8220;mountains2&#8243; top_divider_height=&#8220;19px&#8220; top_divider_repeat=&#8220;1x&#8220; global_colors_info=&#8220;{}&#8220;][et_pb_fullwidth_image src=&#8220;https:\/\/4&#215;4-experience.de\/4&#215;4\/wp-content\/uploads\/2024\/07\/Schrauberlehrgang-Titelbild.jpg&#8220; alt=&#8220;Grosse Karpaten \u00dcberquerung, Offroad Reisen, 4&#215;4 Experience, Tc-Offroad-Trekking&#8220; title_text=&#8220;Schrauberlehrgang-Titelbild-mobile&#8220; src_tablet=&#8220;https:\/\/4&#215;4-experience.de\/4&#215;4\/wp-content\/uploads\/2024\/07\/Schrauberlehrgang-Titelbild-mobile.jpg&#8220; src_phone=&#8220;https:\/\/4&#215;4-experience.de\/4&#215;4\/wp-content\/uploads\/2024\/07\/Schrauberlehrgang-Titelbild-mobile.jpg&#8220; src_last_edited=&#8220;on|phone&#8220; _builder_version=&#8220;4.23.1&#8243; _module_preset=&#8220;default&#8220; custom_margin=&#8220;0px||0px||false|false&#8220; custom_margin_tablet=&#8220;0px||0px||false|false&#8220; custom_margin_phone=&#8220;0px||0px||false|false&#8220; custom_margin_last_edited=&#8220;on|tablet&#8220; custom_padding=&#8220;9px||0px||false|false&#8220; global_colors_info=&#8220;{}&#8220;][\/et_pb_fullwidth_image][\/et_pb_section][et_pb_section fb_built=&#8220;1&#8243; _builder_version=&#8220;4.23.1&#8243; _module_preset=&#8220;default&#8220; custom_padding=&#8220;14px|||||&#8220; global_colors_info=&#8220;{}&#8220;][et_pb_row column_structure=&#8220;2_3,1_3&#8243; _builder_version=&#8220;4.23.1&#8243; _module_preset=&#8220;default&#8220; custom_margin=&#8220;40px|auto||300px|false|false&#8220; custom_margin_tablet=&#8220;|||30px|false|false&#8220; custom_margin_phone=&#8220;|||10px|false|false&#8220; custom_margin_last_edited=&#8220;on|desktop&#8220; custom_padding=&#8220;0px||10px|4px||&#8220; global_colors_info=&#8220;{}&#8220;][et_pb_column type=&#8220;2_3&#8243; _builder_version=&#8220;4.23.1&#8243; _module_preset=&#8220;default&#8220; global_colors_info=&#8220;{}&#8220;][et_pb_text _builder_version=&#8220;4.23.1&#8243; _module_preset=&#8220;default&#8220; global_colors_info=&#8220;{}&#8220;]<\/p>\n<p>Das Original<\/p>\n<h1>Der 4\u00d74-Schrauberkurs<\/h1>\n<h2><span>Praxisgerechte Gel\u00e4nde-Instandsetzung \/ 2 Tage<\/span><\/h2>\n<p>\u00a9 by <a href=\"tc-offroad-trekking.de\">TC-OFFROAD-TREKKING<\/a><\/p>\n<p>Die praxiserprobte\u00a0\u201eReparatur mit Bordmitteln\u201c von typischen Defekten bei Gel\u00e4nde-Ausfl\u00fcgen &amp; Offroad-Reisen.<\/p>\n<p>Gel\u00e4ndewagen sind robuste Fahrzeuge und k\u00f6nnen die technischen Herausforderungen einer Offroad-Reise gut meistern. Wenn aber doch einmal ein Defekt aufgetreten ist, k\u00f6nnen die Scouts von TC-Offroad-Trekking mit der Ausr\u00fcstung unserer Organisationsfahrzeuge und unserer \u00fcber 20-j\u00e4hrigen Expeditions-Erfahrung die Kunden-Fahrzeuge meist gleich an Ort und Stelle wieder reparieren, damit unsere Reise-Teilnehmer die Reise unbeschwert fortsetzen k\u00f6nnen.<\/p>\n<p>Bei diesem Praxis-Lehrgang vermitteln wir, wie wir bei solchen Pannen im Gel\u00e4nde vorgehen. Wir zeigen die Instandsetzung von Gel\u00e4ndewagen bei typischen Gel\u00e4nde-Defekten ohne Hebeb\u00fchne und ohne Spezial-Werkzeug an Ort und Stelle mit Bordmitteln! Wir erl\u00e4utern Reparaturen mit passendem Ersatzteil, und diverse M\u00f6glichkeiten zur Improvisation, wenn das passende Ersatzteil nicht (!) zur Hand ist. Der Kurs wird so gestaltet, dass die Inhalte f\u00fcr jedermann verst\u00e4ndlich und umsetzbar sind. Vor- oder Fachkenntnisse sind nicht erforderlich.<\/p>\n<p><strong>Dieser 4\u00d74-Schrauber-Kurs ist geeignet f\u00fcr Gel\u00e4ndewagen wie z.B. Land Rover Defender, Jeep Wrangler, Mercedes G, Toyota Landcruiser, usw., sowie alle Allrad-Pickups!<\/strong><\/p>\n<p>Die Reparaturen und Improvisations-M\u00f6glichkeiten werden dabei nicht nur theoretisch erkl\u00e4rt, sondern Schritt f\u00fcr Schritt am Fahrzeug vorgef\u00fchrt. Die typischen Gel\u00e4nde-Defekte sind bei den diversen Gel\u00e4ndewagen nahezu identisch und die erforderlichen Reparaturen und M\u00f6glichkeiten zur Improvisation lassen sich deshalb auf alle g\u00e4ngigen 4\u00d74-Fahrzeuge \u00fcbertragen.<\/p>\n<p>In diesem Workshop flie\u00dft das Know-how aus unserer 25-j\u00e4hrigen Berufspraxist. Dieser<a href=\"4x4-experience.de\/4x4\/4x4-schrauber\"> 4\u00d74-Schrauberkurs<\/a> ist aufgrund seines Umfangs einzigartig in Deutschland, \u00d6sterreich und der Schweiz. Der 4\u00d74-Schrauberkurs von TC-Offroad-Trekking ist \u201eDas Original\u201c f\u00fcr Gel\u00e4ndewagen-Fahrer, und wird seit 2007 (!) im Mammut-Offroad-Park bei Stadtoldendorf durchgef\u00fchrt.<\/p>\n<p>[\/et_pb_text][et_pb_text _builder_version=&#8220;4.27.6&#8243; _module_preset=&#8220;default&#8220; custom_margin=&#8220;0px||0px||false|false&#8220; custom_padding=&#8220;0px||0px|0px|false|false&#8220; global_colors_info=&#8220;{}&#8220;]<\/p>\n<h2>Termine<\/h2>\n<p>finden Sie auf der Homepage von TC-Offroad-Trekking<\/p>\n<p>[\/et_pb_text][et_pb_text _builder_version=&#8220;4.23.1&#8243; _module_preset=&#8220;default&#8220; custom_margin=&#8220;25px||||false|false&#8220; global_colors_info=&#8220;{}&#8220;]<span><img loading=\"lazy\" decoding=\"async\" src=\"https:\/\/4x4-experience.de\/4x4\/wp-content\/uploads\/2024\/06\/LOGO-TCOFFROAD-240px-schwarz.png\" width=\"260\" height=\"59\" alt=\"\" class=\"wp-image-1181 alignnone size-full\" \/><\/span><\/p>\n<p><span>Dieses Training wird durchgef\u00fchrt von unserer Partnerfirma<br \/>\n<\/span><strong>TC-OFFROAD-TREKKING GmbH<\/strong><span>, D-49424 Goldenstedt.<\/span><br \/>\nWeitere Infos \/ Beratung \/ Anmeldung zu dieser Reise direkt auf der Seite:<\/p>\n<p><a style=\"font-size: 15pt;\" href=\"https:\/\/tc-offroad-trekking.de\/4x4\/4x4-schrauber\" target=\"_blank\" rel=\"noopener noreferrer\">TC-OFFROAD-TREKKING \u2013 Der 4&#215;4-Schrauberkurs<\/a>[\/et_pb_text][\/et_pb_column][et_pb_column type=&#8220;1_3&#8243; _builder_version=&#8220;4.23.1&#8243; _module_preset=&#8220;default&#8220; global_colors_info=&#8220;{}&#8220;][et_pb_gallery gallery_ids=&#8220;1415,1416,1417,1418,1419,1420,1421&#8243; show_title_and_caption=&#8220;off&#8220; show_pagination=&#8220;off&#8220; _builder_version=&#8220;4.23.1&#8243; _module_preset=&#8220;default&#8220; custom_padding=&#8220;2px|||||&#8220; global_colors_info=&#8220;{}&#8220;][\/et_pb_gallery][\/et_pb_column][\/et_pb_row][\/et_pb_section]<\/p>\n","protected":false},"excerpt":{"rendered":"<p>Das Original Der 4\u00d74-Schrauberkurs Praxisgerechte Gel\u00e4nde-Instandsetzung \/ 2 Tage \u00a9 by TC-OFFROAD-TREKKING Die praxiserprobte\u00a0\u201eReparatur mit Bordmitteln\u201c von typischen Defekten bei Gel\u00e4nde-Ausfl\u00fcgen &amp; Offroad-Reisen. Gel\u00e4ndewagen sind robuste Fahrzeuge und k\u00f6nnen die technischen Herausforderungen einer Offroad-Reise gut meistern. Wenn aber doch einmal ein Defekt aufgetreten ist, k\u00f6nnen die Scouts von TC-Offroad-Trekking mit der Ausr\u00fcstung unserer Organisationsfahrzeuge und [&hellip;]<\/p>\n","protected":false},"author":1,"featured_media":0,"parent":0,"menu_order":0,"comment_status":"closed","ping_status":"closed","template":"","meta":{"_et_pb_use_builder":"on","_et_pb_old_content":"","_et_gb_content_width":"","footnotes":""},"class_list":["post-1413","page","type-page","status-publish","hentry"],"yoast_head":"<!-- This site is optimized with the Yoast SEO Premium plugin v27.3 (Yoast SEO v27.5) - https:\/\/yoast.com\/product\/yoast-seo-premium-wordpress\/ -->\n<title>Offroad-Training, Offroad-Schrauber, 4x4-Training<\/title>\n<meta name=\"description\" content=\"Offroad Reisen in Europa und Nordafrika. Bespoke Offroad \u2013 Individual-Touren. 4x4-Training. Mittelmeer-Inseln Sardinien, Sizilien und Korsika\" \/>\n<meta name=\"robots\" content=\"index, follow, max-snippet:-1, max-image-preview:large, max-video-preview:-1\" \/>\n<link rel=\"canonical\" href=\"https:\/\/4x4-experience.de\/4x4\/4x4-schrauber\/\" \/>\n<meta property=\"og:locale\" content=\"de_DE\" \/>\n<meta property=\"og:type\" content=\"article\" \/>\n<meta property=\"og:title\" content=\"4x4 Schrauber\" \/>\n<meta property=\"og:description\" content=\"Offroad Reisen in Europa und Nordafrika. Bespoke Offroad \u2013 Individual-Touren. 4x4-Training. Mittelmeer-Inseln Sardinien, Sizilien und Korsika\" \/>\n<meta property=\"og:url\" content=\"https:\/\/4x4-experience.de\/4x4\/4x4-schrauber\/\" \/>\n<meta property=\"og:site_name\" content=\"4x4 Experience, Offroad Reise, Offroad Reisen, Gel\u00e4ndewagen Touren\" \/>\n<meta property=\"article:publisher\" content=\"https:\/\/www.facebook.com\/www.4x4Experience\/\" \/>\n<meta property=\"article:modified_time\" content=\"2026-03-20T09:57:01+00:00\" \/>\n<meta property=\"og:image\" content=\"https:\/\/4x4-experience.de\/4x4\/wp-content\/uploads\/2024\/06\/LOGO-TCOFFROAD-240px-schwarz.png\" \/>\n<meta name=\"twitter:card\" content=\"summary_large_image\" \/>\n<meta name=\"twitter:label1\" content=\"Gesch\u00e4tzte Lesezeit\" \/>\n\t<meta name=\"twitter:data1\" content=\"4\u00a0Minuten\" \/>\n<script type=\"application\/ld+json\" class=\"yoast-schema-graph\">{\"@context\":\"https:\\\/\\\/schema.org\",\"@graph\":[{\"@type\":\"WebPage\",\"@id\":\"https:\\\/\\\/4x4-experience.de\\\/4x4\\\/4x4-schrauber\\\/\",\"url\":\"https:\\\/\\\/4x4-experience.de\\\/4x4\\\/4x4-schrauber\\\/\",\"name\":\"Offroad-Training, Offroad-Schrauber, 4x4-Training\",\"isPartOf\":{\"@id\":\"https:\\\/\\\/4x4-experience.de\\\/4x4\\\/#website\"},\"primaryImageOfPage\":{\"@id\":\"https:\\\/\\\/4x4-experience.de\\\/4x4\\\/4x4-schrauber\\\/#primaryimage\"},\"image\":{\"@id\":\"https:\\\/\\\/4x4-experience.de\\\/4x4\\\/4x4-schrauber\\\/#primaryimage\"},\"thumbnailUrl\":\"https:\\\/\\\/4x4-experience.de\\\/4x4\\\/wp-content\\\/uploads\\\/2024\\\/06\\\/LOGO-TCOFFROAD-240px-schwarz.png\",\"datePublished\":\"2024-07-04T13:54:23+00:00\",\"dateModified\":\"2026-03-20T09:57:01+00:00\",\"description\":\"Offroad Reisen in Europa und Nordafrika. Bespoke Offroad \u2013 Individual-Touren. 4x4-Training. Mittelmeer-Inseln Sardinien, Sizilien und Korsika\",\"breadcrumb\":{\"@id\":\"https:\\\/\\\/4x4-experience.de\\\/4x4\\\/4x4-schrauber\\\/#breadcrumb\"},\"inLanguage\":\"de\",\"potentialAction\":[{\"@type\":\"ReadAction\",\"target\":[\"https:\\\/\\\/4x4-experience.de\\\/4x4\\\/4x4-schrauber\\\/\"]}]},{\"@type\":\"ImageObject\",\"inLanguage\":\"de\",\"@id\":\"https:\\\/\\\/4x4-experience.de\\\/4x4\\\/4x4-schrauber\\\/#primaryimage\",\"url\":\"https:\\\/\\\/4x4-experience.de\\\/4x4\\\/wp-content\\\/uploads\\\/2024\\\/06\\\/LOGO-TCOFFROAD-240px-schwarz.png\",\"contentUrl\":\"https:\\\/\\\/4x4-experience.de\\\/4x4\\\/wp-content\\\/uploads\\\/2024\\\/06\\\/LOGO-TCOFFROAD-240px-schwarz.png\",\"width\":260,\"height\":59},{\"@type\":\"BreadcrumbList\",\"@id\":\"https:\\\/\\\/4x4-experience.de\\\/4x4\\\/4x4-schrauber\\\/#breadcrumb\",\"itemListElement\":[{\"@type\":\"ListItem\",\"position\":1,\"name\":\"Startseite\",\"item\":\"https:\\\/\\\/4x4-experience.de\\\/4x4\\\/\"},{\"@type\":\"ListItem\",\"position\":2,\"name\":\"4&#215;4 Schrauber\"}]},{\"@type\":\"WebSite\",\"@id\":\"https:\\\/\\\/4x4-experience.de\\\/4x4\\\/#website\",\"url\":\"https:\\\/\\\/4x4-experience.de\\\/4x4\\\/\",\"name\":\"4x4 Experience, Offroad Reise, Offroad Reisen, Gel\u00e4ndewagen Touren\",\"description\":\"4x4 Offroad Reisen Europa und Nordafrika\",\"potentialAction\":[{\"@type\":\"SearchAction\",\"target\":{\"@type\":\"EntryPoint\",\"urlTemplate\":\"https:\\\/\\\/4x4-experience.de\\\/4x4\\\/?s={search_term_string}\"},\"query-input\":{\"@type\":\"PropertyValueSpecification\",\"valueRequired\":true,\"valueName\":\"search_term_string\"}}],\"inLanguage\":\"de\"}]}<\/script>\n<!-- \/ Yoast SEO Premium plugin. -->","yoast_head_json":{"title":"Offroad-Training, Offroad-Schrauber, 4x4-Training","description":"Offroad Reisen in Europa und Nordafrika. Bespoke Offroad \u2013 Individual-Touren. 4x4-Training. Mittelmeer-Inseln Sardinien, Sizilien und Korsika","robots":{"index":"index","follow":"follow","max-snippet":"max-snippet:-1","max-image-preview":"max-image-preview:large","max-video-preview":"max-video-preview:-1"},"canonical":"https:\/\/4x4-experience.de\/4x4\/4x4-schrauber\/","og_locale":"de_DE","og_type":"article","og_title":"4x4 Schrauber","og_description":"Offroad Reisen in Europa und Nordafrika. Bespoke Offroad \u2013 Individual-Touren. 4x4-Training. Mittelmeer-Inseln Sardinien, Sizilien und Korsika","og_url":"https:\/\/4x4-experience.de\/4x4\/4x4-schrauber\/","og_site_name":"4x4 Experience, Offroad Reise, Offroad Reisen, Gel\u00e4ndewagen Touren","article_publisher":"https:\/\/www.facebook.com\/www.4x4Experience\/","article_modified_time":"2026-03-20T09:57:01+00:00","og_image":[{"url":"https:\/\/4x4-experience.de\/4x4\/wp-content\/uploads\/2024\/06\/LOGO-TCOFFROAD-240px-schwarz.png","type":"","width":"","height":""}],"twitter_card":"summary_large_image","twitter_misc":{"Gesch\u00e4tzte Lesezeit":"4\u00a0Minuten"},"schema":{"@context":"https:\/\/schema.org","@graph":[{"@type":"WebPage","@id":"https:\/\/4x4-experience.de\/4x4\/4x4-schrauber\/","url":"https:\/\/4x4-experience.de\/4x4\/4x4-schrauber\/","name":"Offroad-Training, Offroad-Schrauber, 4x4-Training","isPartOf":{"@id":"https:\/\/4x4-experience.de\/4x4\/#website"},"primaryImageOfPage":{"@id":"https:\/\/4x4-experience.de\/4x4\/4x4-schrauber\/#primaryimage"},"image":{"@id":"https:\/\/4x4-experience.de\/4x4\/4x4-schrauber\/#primaryimage"},"thumbnailUrl":"https:\/\/4x4-experience.de\/4x4\/wp-content\/uploads\/2024\/06\/LOGO-TCOFFROAD-240px-schwarz.png","datePublished":"2024-07-04T13:54:23+00:00","dateModified":"2026-03-20T09:57:01+00:00","description":"Offroad Reisen in Europa und Nordafrika. Bespoke Offroad \u2013 Individual-Touren. 4x4-Training. Mittelmeer-Inseln Sardinien, Sizilien und Korsika","breadcrumb":{"@id":"https:\/\/4x4-experience.de\/4x4\/4x4-schrauber\/#breadcrumb"},"inLanguage":"de","potentialAction":[{"@type":"ReadAction","target":["https:\/\/4x4-experience.de\/4x4\/4x4-schrauber\/"]}]},{"@type":"ImageObject","inLanguage":"de","@id":"https:\/\/4x4-experience.de\/4x4\/4x4-schrauber\/#primaryimage","url":"https:\/\/4x4-experience.de\/4x4\/wp-content\/uploads\/2024\/06\/LOGO-TCOFFROAD-240px-schwarz.png","contentUrl":"https:\/\/4x4-experience.de\/4x4\/wp-content\/uploads\/2024\/06\/LOGO-TCOFFROAD-240px-schwarz.png","width":260,"height":59},{"@type":"BreadcrumbList","@id":"https:\/\/4x4-experience.de\/4x4\/4x4-schrauber\/#breadcrumb","itemListElement":[{"@type":"ListItem","position":1,"name":"Startseite","item":"https:\/\/4x4-experience.de\/4x4\/"},{"@type":"ListItem","position":2,"name":"4&#215;4 Schrauber"}]},{"@type":"WebSite","@id":"https:\/\/4x4-experience.de\/4x4\/#website","url":"https:\/\/4x4-experience.de\/4x4\/","name":"4x4 Experience, Offroad Reise, Offroad Reisen, Gel\u00e4ndewagen Touren","description":"4x4 Offroad Reisen Europa und Nordafrika","potentialAction":[{"@type":"SearchAction","target":{"@type":"EntryPoint","urlTemplate":"https:\/\/4x4-experience.de\/4x4\/?s={search_term_string}"},"query-input":{"@type":"PropertyValueSpecification","valueRequired":true,"valueName":"search_term_string"}}],"inLanguage":"de"}]}},"_links":{"self":[{"href":"https:\/\/4x4-experience.de\/4x4\/wp-json\/wp\/v2\/pages\/1413","targetHints":{"allow":["GET"]}}],"collection":[{"href":"https:\/\/4x4-experience.de\/4x4\/wp-json\/wp\/v2\/pages"}],"about":[{"href":"https:\/\/4x4-experience.de\/4x4\/wp-json\/wp\/v2\/types\/page"}],"author":[{"embeddable":true,"href":"https:\/\/4x4-experience.de\/4x4\/wp-json\/wp\/v2\/users\/1"}],"replies":[{"embeddable":true,"href":"https:\/\/4x4-experience.de\/4x4\/wp-json\/wp\/v2\/comments?post=1413"}],"version-history":[{"count":24,"href":"https:\/\/4x4-experience.de\/4x4\/wp-json\/wp\/v2\/pages\/1413\/revisions"}],"predecessor-version":[{"id":3567,"href":"https:\/\/4x4-experience.de\/4x4\/wp-json\/wp\/v2\/pages\/1413\/revisions\/3567"}],"wp:attachment":[{"href":"https:\/\/4x4-experience.de\/4x4\/wp-json\/wp\/v2\/media?parent=1413"}],"curies":[{"name":"wp","href":"https:\/\/api.w.org\/{rel}","templated":true}]}}