{"id":1270,"date":"2024-07-04T11:59:58","date_gmt":"2024-07-04T09:59:58","guid":{"rendered":"https:\/\/4x4-experience.de\/4x4\/?page_id=1270"},"modified":"2026-03-19T13:46:05","modified_gmt":"2026-03-19T12:46:05","slug":"snow-track-romania","status":"publish","type":"page","link":"https:\/\/4x4-experience.de\/4x4\/snow-track-romania\/","title":{"rendered":"Snow Track Romania"},"content":{"rendered":"<p>[et_pb_section fb_built=&#8220;1&#8243; _builder_version=&#8220;4.23.1&#8243; _module_preset=&#8220;default&#8220; custom_margin=&#8220;0px||-114px||false|false&#8220; custom_padding=&#8220;0px||0px||false|false&#8220; global_colors_info=&#8220;{}&#8220;][\/et_pb_section][et_pb_section fb_built=&#8220;1&#8243; fullwidth=&#8220;on&#8220; prev_background_color=&#8220;#000000&#8243; _builder_version=&#8220;4.23.1&#8243; _module_preset=&#8220;default&#8220; width=&#8220;100%&#8220; width_tablet=&#8220;&#8220; width_phone=&#8220;&#8220; width_last_edited=&#8220;on|phone&#8220; custom_margin=&#8220;135px||0px||false|false&#8220; custom_margin_tablet=&#8220;90px||||false|false&#8220; custom_margin_phone=&#8220;150px|||0px|false|false&#8220; custom_margin_last_edited=&#8220;on|phone&#8220; custom_padding=&#8220;0px||0px||false|false&#8220; top_divider_style=&#8220;mountains2&#8243; top_divider_height=&#8220;19px&#8220; top_divider_repeat=&#8220;1x&#8220; global_colors_info=&#8220;{}&#8220;][et_pb_fullwidth_image src=&#8220;https:\/\/4&#215;4-experience.de\/4&#215;4\/wp-content\/uploads\/2024\/07\/Snow-Track-Titelbild.jpg&#8220; alt=&#8220;Grosse Karpaten \u00dcberquerung, Offroad Reisen, 4&#215;4 Experience, Tc-Offroad-Trekking&#8220; title_text=&#8220;Snow-Track-Titelbild-mobile&#8220; src_tablet=&#8220;https:\/\/4&#215;4-experience.de\/4&#215;4\/wp-content\/uploads\/2024\/07\/Snow-Track-Titelbild-1.jpg&#8220; src_phone=&#8220;https:\/\/4&#215;4-experience.de\/4&#215;4\/wp-content\/uploads\/2024\/07\/Snow-Track-Titelbild-mobile.jpg&#8220; src_last_edited=&#8220;on|phone&#8220; _builder_version=&#8220;4.23.1&#8243; _module_preset=&#8220;default&#8220; custom_margin=&#8220;0px||0px||false|false&#8220; custom_margin_tablet=&#8220;0px||0px||false|false&#8220; custom_margin_phone=&#8220;0px||0px||false|false&#8220; custom_margin_last_edited=&#8220;on|tablet&#8220; custom_padding=&#8220;9px||0px||false|false&#8220; global_colors_info=&#8220;{}&#8220;][\/et_pb_fullwidth_image][\/et_pb_section][et_pb_section fb_built=&#8220;1&#8243; _builder_version=&#8220;4.23.1&#8243; _module_preset=&#8220;default&#8220; custom_margin=&#8220;||-6px|||&#8220; custom_padding=&#8220;||0px|||&#8220; global_colors_info=&#8220;{}&#8220;][et_pb_row column_structure=&#8220;1_3,1_3,1_3&#8243; disabled_on=&#8220;on|off|off&#8220; _builder_version=&#8220;4.23.1&#8243; _module_preset=&#8220;default&#8220; width=&#8220;100%&#8220; max_width=&#8220;1286px&#8220; custom_padding=&#8220;3px|||||&#8220; global_colors_info=&#8220;{}&#8220;][et_pb_column type=&#8220;1_3&#8243; _builder_version=&#8220;4.23.1&#8243; _module_preset=&#8220;default&#8220; global_colors_info=&#8220;{}&#8220;][et_pb_text _builder_version=&#8220;4.23.1&#8243; _module_preset=&#8220;default&#8220; custom_margin=&#8220;|||9px||&#8220; custom_padding=&#8220;|||23px||&#8220; global_colors_info=&#8220;{}&#8220;]<\/p>\n<h2 style=\"text-align: center;\">Telefon\/WhatsApp:<\/h2>\n<h2 style=\"text-decoration: underline; text-align: center;\"><a href=\"tel:+491711443884\">+49-171 144 3884<\/a><\/h2>\n<p>[\/et_pb_text][\/et_pb_column][et_pb_column type=&#8220;1_3&#8243; _builder_version=&#8220;4.23.1&#8243; _module_preset=&#8220;default&#8220; global_colors_info=&#8220;{}&#8220;][et_pb_text _builder_version=&#8220;4.23.1&#8243; _module_preset=&#8220;default&#8220; custom_padding=&#8220;|30px||||&#8220; global_colors_info=&#8220;{}&#8220;]<\/p>\n<h2 style=\"text-align: center;\">Reise\u00fcbersicht:<\/h2>\n<h2 style=\"text-decoration: underline; text-align: center;\"><a href=\"\/4x4\/termine\">4&#215;4 Offroad Termine<\/a><\/h2>\n<p>[\/et_pb_text][\/et_pb_column][et_pb_column type=&#8220;1_3&#8243; _builder_version=&#8220;4.23.1&#8243; _module_preset=&#8220;default&#8220; global_colors_info=&#8220;{}&#8220;][et_pb_text _builder_version=&#8220;4.23.1&#8243; _module_preset=&#8220;default&#8220; custom_margin=&#8220;|||-41px||&#8220; custom_padding=&#8220;|115px||||&#8220; global_colors_info=&#8220;{}&#8220;]<\/p>\n<h2 style=\"text-align: center;\">Beratung\/Anmeldung:<\/h2>\n<h2 style=\"text-decoration: underline; text-align: center;\"><a href=\"\/4x4\/anmeldeformular-2025\">ANMELDEFORMULAR<\/a><\/h2>\n<p>[\/et_pb_text][\/et_pb_column][\/et_pb_row][\/et_pb_section][et_pb_section fb_built=&#8220;1&#8243; _builder_version=&#8220;4.23.1&#8243; _module_preset=&#8220;default&#8220; custom_padding=&#8220;14px||17px|||&#8220; global_colors_info=&#8220;{}&#8220;][et_pb_row column_structure=&#8220;2_3,1_3&#8243; _builder_version=&#8220;4.23.1&#8243; _module_preset=&#8220;default&#8220; custom_padding=&#8220;2px||10px|||&#8220; global_colors_info=&#8220;{}&#8220;][et_pb_column type=&#8220;2_3&#8243; _builder_version=&#8220;4.23.1&#8243; _module_preset=&#8220;default&#8220; global_colors_info=&#8220;{}&#8220;][et_pb_text _builder_version=&#8220;4.23.1&#8243; _module_preset=&#8220;default&#8220; global_colors_info=&#8220;{}&#8220;]<\/p>\n<h1>SNOW-TRACK-ROMANIA<\/h1>\n<h2>Karpaten. Tiefschnee. Abenteuer.<\/h2>\n<p>\u00a9 by TC-OFFROAD-TREKKING<\/p>\n<p>Den Wolfsspuren folgend\u2026, fahren wir mit unseren Gel\u00e4ndewagen tief hinein in die verschneiten Berge Transsilvaniens. Diese Berge sind im Winter so unglaublich wild. Bizarre Eiskristalle haben eine verzauberte Winterlandschaft erschaffen. Mit rasselnden Schneeketten auf den R\u00e4dern bahnen wir uns den Weg \u00fcber unber\u00fchrten Pulverschnee durch die tiefen Ur-W\u00e4lder der Karpaten. Und immer wieder erheben sich atemberaubende Panorama-Blicke \u00fcber die wei\u00dfen Berge Rum\u00e4niens. Uns erwartet in den diesen Tagen ein faszinierendes Offroad-Abenteuer in einer unvergleichlichen Winter-Landschaft\u2026<\/p>\n<p>In dieses Abenteuer starten wir mit der richtigen Winter-Ausr\u00fcstung: Allrad-Abenteuer im tiefen Schnee brauchen Schneeketten auf allen 4 R\u00e4dern! Deshalb bekommen Sie von uns f\u00fcr diese Tour 4 Profi-Schneeketten von RUD\u00ae passend f\u00fcr Ihr Fahrzeug gestellt. Das ist einzigartig, genau wie dieses Abenteuer\u2026<\/p>\n<p>Tief verschneite Offroad-Pfade f\u00fchren uns durch die Winter-Wildnis Rum\u00e4niens. Vorbei an gefrorenen Wasserf\u00e4llen mit bizarren Eisformationen geht die Fahrt. Begleitet von aufgewirbeltem Pulverschnee dringen wir tief in die Berge der Karpaten vor. Eiskristalle glitzern in der lachenden Sonne und Schneewehe um Schneewehe wird mit unseren Gel\u00e4ndewagen durchsto\u00dfen. Offroad &amp; Winterzauber pur!<br \/>Wir besuchen orthodoxe Kl\u00f6ster in der Einsamkeit Transsilvaniens und erleben in den tiefen Karpaten-W\u00e4ldern beeindruckende Begegnungen mit seltenen Tieren. Dieses Land ist faszinierend und fremdartig zugleich. Rum\u00e4nien bietet in Europa noch ein wahres Winterm\u00e4rchen. Hier braucht sich \u201eAschenbr\u00f6del\u201c nicht extra mit einer Haselnuss eine traumhafte Winterlandschaft herbeiw\u00fcnschen: Echte Winter mit viel Schnee sind in Rum\u00e4nien garantiert!<\/p>\n<p>Deshalb \u00fcbernachten wir nach den Tagesetappen in sehr einladenden und stimmungsvollen Hotels mit 4 Hotel-Sternen. W\u00e4hrend in den Karpaten-N\u00e4chten klirrender Frost aufzieht, erleben wir drinnen am prasselnden Kaminfeuer rum\u00e4nische Gastlichkeit und landestypisches Essen.<\/p>\n<p>Winter-Touren sind ein sehr spezielles Offroad-Abenteuer. Um sicher und mit viel Spa\u00df durch den Tiefschnee zu kommen, braucht man Scouts mit sehr viel Know-how! Der \u201eSNOW-TRACK-ROMANIA\u201c ist das Original \u2013 unsere Scouts verf\u00fcgen \u00fcber mehr als 20 Jahre Erfahrung.<\/p>\n<p>Wenn (Winter-) Tr\u00e4ume zu Zielen werden:<span>\u00a0<\/span><strong>SNOW-TRACK-ROMANIA<\/strong><br \/>Und das macht diese Offroad-Reise so einzigartig:<br \/><span>Schnee-Sicherheit:<\/span><span>\u00a0<\/span>In den Bergen der Karpaten haben wir absolute Schnee-Garantie!<br \/><span>Schnee-Ketten:<\/span><span>\u00a0<\/span>F\u00fcr diese Tour erhalten Sie leihweise von uns 4 Profi-Schneeketten!<br \/><span>Schnee-Know-how:<\/span><span>\u00a0<\/span>Unsere Scouts haben \u00fcber 20 Jahre Erfahrung!<br \/><span>Sehr gute Hotels:<\/span><span>\u00a0<\/span>Wir \u00fcbernachten in den besten Hotels vor Ort mit 4 Sternen!<\/p>\n<p>[\/et_pb_text][et_pb_text _builder_version=&#8220;4.27.6&#8243; _module_preset=&#8220;default&#8220; custom_margin=&#8220;0px||0px||false|false&#8220; custom_padding=&#8220;0px||0px|0px|false|false&#8220; hover_enabled=&#8220;0&#8243; global_colors_info=&#8220;{}&#8220; sticky_enabled=&#8220;0&#8243;]<\/p>\n<h2>Termine finden Sie bei TC-Offroad-Trekking<\/h2>\n<p>[\/et_pb_text][et_pb_text _builder_version=&#8220;4.23.1&#8243; _module_preset=&#8220;default&#8220; custom_margin=&#8220;25px||||false|false&#8220; global_colors_info=&#8220;{}&#8220;]<span><img loading=\"lazy\" decoding=\"async\" src=\"https:\/\/4x4-experience.de\/4x4\/wp-content\/uploads\/2024\/06\/LOGO-TCOFFROAD-240px-schwarz.png\" width=\"260\" height=\"59\" alt=\"\" class=\"wp-image-1181 alignnone size-full\" \/><\/span><\/p>\n<p><span>Diese Reise wird durchgef\u00fchrt von unserer Partnerfirma<br \/>\n<\/span><strong>TC-OFFROAD-TREKKING GmbH<\/strong><span>, D-49424 Goldenstedt.<\/span><br \/>\nWeitere Infos \/ Beratung \/ Anmeldung zu dieser Reise direkt auf der Seite:<\/p>\n<p><a style=\"font-size: 15pt;\" href=\"https:\/\/tc-offroad-trekking.de\/4x4\/snow-track-romania\" target=\"_blank\" rel=\"noopener noreferrer\">TC-OFFROAD-TREKKING \u2013 Snow-Track-Romania<\/a>[\/et_pb_text][\/et_pb_column][et_pb_column type=&#8220;1_3&#8243; _builder_version=&#8220;4.23.1&#8243; _module_preset=&#8220;default&#8220; global_colors_info=&#8220;{}&#8220;][et_pb_gallery gallery_ids=&#8220;1280,1281,1275,1276,1277,1274,1278,1279&#8243; posts_number=&#8220;5&#8243; show_title_and_caption=&#8220;off&#8220; show_pagination=&#8220;off&#8220; _builder_version=&#8220;4.23.1&#8243; _module_preset=&#8220;default&#8220; custom_padding=&#8220;2px|||||&#8220; global_colors_info=&#8220;{}&#8220;][\/et_pb_gallery][\/et_pb_column][\/et_pb_row][\/et_pb_section]<\/p>\n","protected":false},"excerpt":{"rendered":"<p>Telefon\/WhatsApp: +49-171 144 3884Reise\u00fcbersicht: 4&#215;4 Offroad TermineBeratung\/Anmeldung: ANMELDEFORMULARSNOW-TRACK-ROMANIA Karpaten. Tiefschnee. Abenteuer. \u00a9 by TC-OFFROAD-TREKKING Den Wolfsspuren folgend\u2026, fahren wir mit unseren Gel\u00e4ndewagen tief hinein in die verschneiten Berge Transsilvaniens. Diese Berge sind im Winter so unglaublich wild. Bizarre Eiskristalle haben eine verzauberte Winterlandschaft erschaffen. Mit rasselnden Schneeketten auf den R\u00e4dern bahnen wir uns den Weg [&hellip;]<\/p>\n","protected":false},"author":1,"featured_media":0,"parent":0,"menu_order":0,"comment_status":"closed","ping_status":"closed","template":"","meta":{"_et_pb_use_builder":"on","_et_pb_old_content":"","_et_gb_content_width":"","footnotes":""},"class_list":["post-1270","page","type-page","status-publish","hentry"],"yoast_head":"<!-- This site is optimized with the Yoast SEO Premium plugin v27.3 (Yoast SEO v27.4) - https:\/\/yoast.com\/product\/yoast-seo-premium-wordpress\/ -->\n<title>Snow-Track-Romania | 4x4 Tour durch den Schnee<\/title>\n<meta name=\"description\" content=\"Snow-Track-Romania. Erlebe Rum\u00e4niens Berge und Schnee mit dem Gel\u00e4ndewagen. Das 4x4 Offroad-Abenteuer in einer traumhaften Winterlandschaft.\" \/>\n<meta name=\"robots\" content=\"index, follow, max-snippet:-1, max-image-preview:large, max-video-preview:-1\" \/>\n<link rel=\"canonical\" href=\"https:\/\/4x4-experience.de\/4x4\/snow-track-romania\/\" \/>\n<meta property=\"og:locale\" content=\"de_DE\" \/>\n<meta property=\"og:type\" content=\"article\" \/>\n<meta property=\"og:title\" content=\"Snow Track Romania\" \/>\n<meta property=\"og:description\" content=\"Snow-Track-Romania. Erlebe Rum\u00e4niens Berge und Schnee mit dem Gel\u00e4ndewagen. Das 4x4 Offroad-Abenteuer in einer traumhaften Winterlandschaft.\" \/>\n<meta property=\"og:url\" content=\"https:\/\/4x4-experience.de\/4x4\/snow-track-romania\/\" \/>\n<meta property=\"og:site_name\" content=\"4x4 Experience, Offroad Reise, Offroad Reisen, Gel\u00e4ndewagen Touren\" \/>\n<meta property=\"article:publisher\" content=\"https:\/\/www.facebook.com\/www.4x4Experience\/\" \/>\n<meta property=\"article:modified_time\" content=\"2026-03-19T12:46:05+00:00\" \/>\n<meta property=\"og:image\" content=\"https:\/\/4x4-experience.de\/4x4\/wp-content\/uploads\/2024\/06\/LOGO-TCOFFROAD-240px-schwarz.png\" \/>\n<meta name=\"twitter:card\" content=\"summary_large_image\" \/>\n<meta name=\"twitter:label1\" content=\"Gesch\u00e4tzte Lesezeit\" \/>\n\t<meta name=\"twitter:data1\" content=\"5\u00a0Minuten\" \/>\n<script type=\"application\/ld+json\" class=\"yoast-schema-graph\">{\"@context\":\"https:\\\/\\\/schema.org\",\"@graph\":[{\"@type\":\"WebPage\",\"@id\":\"https:\\\/\\\/4x4-experience.de\\\/4x4\\\/snow-track-romania\\\/\",\"url\":\"https:\\\/\\\/4x4-experience.de\\\/4x4\\\/snow-track-romania\\\/\",\"name\":\"Snow-Track-Romania | 4x4 Tour durch den Schnee\",\"isPartOf\":{\"@id\":\"https:\\\/\\\/4x4-experience.de\\\/4x4\\\/#website\"},\"primaryImageOfPage\":{\"@id\":\"https:\\\/\\\/4x4-experience.de\\\/4x4\\\/snow-track-romania\\\/#primaryimage\"},\"image\":{\"@id\":\"https:\\\/\\\/4x4-experience.de\\\/4x4\\\/snow-track-romania\\\/#primaryimage\"},\"thumbnailUrl\":\"https:\\\/\\\/4x4-experience.de\\\/4x4\\\/wp-content\\\/uploads\\\/2024\\\/06\\\/LOGO-TCOFFROAD-240px-schwarz.png\",\"datePublished\":\"2024-07-04T09:59:58+00:00\",\"dateModified\":\"2026-03-19T12:46:05+00:00\",\"description\":\"Snow-Track-Romania. Erlebe Rum\u00e4niens Berge und Schnee mit dem Gel\u00e4ndewagen. Das 4x4 Offroad-Abenteuer in einer traumhaften Winterlandschaft.\",\"breadcrumb\":{\"@id\":\"https:\\\/\\\/4x4-experience.de\\\/4x4\\\/snow-track-romania\\\/#breadcrumb\"},\"inLanguage\":\"de\",\"potentialAction\":[{\"@type\":\"ReadAction\",\"target\":[\"https:\\\/\\\/4x4-experience.de\\\/4x4\\\/snow-track-romania\\\/\"]}]},{\"@type\":\"ImageObject\",\"inLanguage\":\"de\",\"@id\":\"https:\\\/\\\/4x4-experience.de\\\/4x4\\\/snow-track-romania\\\/#primaryimage\",\"url\":\"https:\\\/\\\/4x4-experience.de\\\/4x4\\\/wp-content\\\/uploads\\\/2024\\\/06\\\/LOGO-TCOFFROAD-240px-schwarz.png\",\"contentUrl\":\"https:\\\/\\\/4x4-experience.de\\\/4x4\\\/wp-content\\\/uploads\\\/2024\\\/06\\\/LOGO-TCOFFROAD-240px-schwarz.png\",\"width\":260,\"height\":59},{\"@type\":\"BreadcrumbList\",\"@id\":\"https:\\\/\\\/4x4-experience.de\\\/4x4\\\/snow-track-romania\\\/#breadcrumb\",\"itemListElement\":[{\"@type\":\"ListItem\",\"position\":1,\"name\":\"Startseite\",\"item\":\"https:\\\/\\\/4x4-experience.de\\\/4x4\\\/\"},{\"@type\":\"ListItem\",\"position\":2,\"name\":\"Snow Track Romania\"}]},{\"@type\":\"WebSite\",\"@id\":\"https:\\\/\\\/4x4-experience.de\\\/4x4\\\/#website\",\"url\":\"https:\\\/\\\/4x4-experience.de\\\/4x4\\\/\",\"name\":\"4x4 Experience, Offroad Reise, Offroad Reisen, Gel\u00e4ndewagen Touren\",\"description\":\"4x4 Offroad Reisen Europa und Nordafrika\",\"potentialAction\":[{\"@type\":\"SearchAction\",\"target\":{\"@type\":\"EntryPoint\",\"urlTemplate\":\"https:\\\/\\\/4x4-experience.de\\\/4x4\\\/?s={search_term_string}\"},\"query-input\":{\"@type\":\"PropertyValueSpecification\",\"valueRequired\":true,\"valueName\":\"search_term_string\"}}],\"inLanguage\":\"de\"}]}<\/script>\n<!-- \/ Yoast SEO Premium plugin. -->","yoast_head_json":{"title":"Snow-Track-Romania | 4x4 Tour durch den Schnee","description":"Snow-Track-Romania. Erlebe Rum\u00e4niens Berge und Schnee mit dem Gel\u00e4ndewagen. Das 4x4 Offroad-Abenteuer in einer traumhaften Winterlandschaft.","robots":{"index":"index","follow":"follow","max-snippet":"max-snippet:-1","max-image-preview":"max-image-preview:large","max-video-preview":"max-video-preview:-1"},"canonical":"https:\/\/4x4-experience.de\/4x4\/snow-track-romania\/","og_locale":"de_DE","og_type":"article","og_title":"Snow Track Romania","og_description":"Snow-Track-Romania. Erlebe Rum\u00e4niens Berge und Schnee mit dem Gel\u00e4ndewagen. Das 4x4 Offroad-Abenteuer in einer traumhaften Winterlandschaft.","og_url":"https:\/\/4x4-experience.de\/4x4\/snow-track-romania\/","og_site_name":"4x4 Experience, Offroad Reise, Offroad Reisen, Gel\u00e4ndewagen Touren","article_publisher":"https:\/\/www.facebook.com\/www.4x4Experience\/","article_modified_time":"2026-03-19T12:46:05+00:00","og_image":[{"url":"https:\/\/4x4-experience.de\/4x4\/wp-content\/uploads\/2024\/06\/LOGO-TCOFFROAD-240px-schwarz.png","type":"","width":"","height":""}],"twitter_card":"summary_large_image","twitter_misc":{"Gesch\u00e4tzte Lesezeit":"5\u00a0Minuten"},"schema":{"@context":"https:\/\/schema.org","@graph":[{"@type":"WebPage","@id":"https:\/\/4x4-experience.de\/4x4\/snow-track-romania\/","url":"https:\/\/4x4-experience.de\/4x4\/snow-track-romania\/","name":"Snow-Track-Romania | 4x4 Tour durch den Schnee","isPartOf":{"@id":"https:\/\/4x4-experience.de\/4x4\/#website"},"primaryImageOfPage":{"@id":"https:\/\/4x4-experience.de\/4x4\/snow-track-romania\/#primaryimage"},"image":{"@id":"https:\/\/4x4-experience.de\/4x4\/snow-track-romania\/#primaryimage"},"thumbnailUrl":"https:\/\/4x4-experience.de\/4x4\/wp-content\/uploads\/2024\/06\/LOGO-TCOFFROAD-240px-schwarz.png","datePublished":"2024-07-04T09:59:58+00:00","dateModified":"2026-03-19T12:46:05+00:00","description":"Snow-Track-Romania. Erlebe Rum\u00e4niens Berge und Schnee mit dem Gel\u00e4ndewagen. Das 4x4 Offroad-Abenteuer in einer traumhaften Winterlandschaft.","breadcrumb":{"@id":"https:\/\/4x4-experience.de\/4x4\/snow-track-romania\/#breadcrumb"},"inLanguage":"de","potentialAction":[{"@type":"ReadAction","target":["https:\/\/4x4-experience.de\/4x4\/snow-track-romania\/"]}]},{"@type":"ImageObject","inLanguage":"de","@id":"https:\/\/4x4-experience.de\/4x4\/snow-track-romania\/#primaryimage","url":"https:\/\/4x4-experience.de\/4x4\/wp-content\/uploads\/2024\/06\/LOGO-TCOFFROAD-240px-schwarz.png","contentUrl":"https:\/\/4x4-experience.de\/4x4\/wp-content\/uploads\/2024\/06\/LOGO-TCOFFROAD-240px-schwarz.png","width":260,"height":59},{"@type":"BreadcrumbList","@id":"https:\/\/4x4-experience.de\/4x4\/snow-track-romania\/#breadcrumb","itemListElement":[{"@type":"ListItem","position":1,"name":"Startseite","item":"https:\/\/4x4-experience.de\/4x4\/"},{"@type":"ListItem","position":2,"name":"Snow Track Romania"}]},{"@type":"WebSite","@id":"https:\/\/4x4-experience.de\/4x4\/#website","url":"https:\/\/4x4-experience.de\/4x4\/","name":"4x4 Experience, Offroad Reise, Offroad Reisen, Gel\u00e4ndewagen Touren","description":"4x4 Offroad Reisen Europa und Nordafrika","potentialAction":[{"@type":"SearchAction","target":{"@type":"EntryPoint","urlTemplate":"https:\/\/4x4-experience.de\/4x4\/?s={search_term_string}"},"query-input":{"@type":"PropertyValueSpecification","valueRequired":true,"valueName":"search_term_string"}}],"inLanguage":"de"}]}},"_links":{"self":[{"href":"https:\/\/4x4-experience.de\/4x4\/wp-json\/wp\/v2\/pages\/1270","targetHints":{"allow":["GET"]}}],"collection":[{"href":"https:\/\/4x4-experience.de\/4x4\/wp-json\/wp\/v2\/pages"}],"about":[{"href":"https:\/\/4x4-experience.de\/4x4\/wp-json\/wp\/v2\/types\/page"}],"author":[{"embeddable":true,"href":"https:\/\/4x4-experience.de\/4x4\/wp-json\/wp\/v2\/users\/1"}],"replies":[{"embeddable":true,"href":"https:\/\/4x4-experience.de\/4x4\/wp-json\/wp\/v2\/comments?post=1270"}],"version-history":[{"count":10,"href":"https:\/\/4x4-experience.de\/4x4\/wp-json\/wp\/v2\/pages\/1270\/revisions"}],"predecessor-version":[{"id":3548,"href":"https:\/\/4x4-experience.de\/4x4\/wp-json\/wp\/v2\/pages\/1270\/revisions\/3548"}],"wp:attachment":[{"href":"https:\/\/4x4-experience.de\/4x4\/wp-json\/wp\/v2\/media?parent=1270"}],"curies":[{"name":"wp","href":"https:\/\/api.w.org\/{rel}","templated":true}]}}