{"id":1169,"date":"2024-06-21T12:26:33","date_gmt":"2024-06-21T10:26:33","guid":{"rendered":"https:\/\/4x4-experience.de\/4x4\/?page_id=1169"},"modified":"2026-03-19T13:40:35","modified_gmt":"2026-03-19T12:40:35","slug":"alpenueberquerung-camp","status":"publish","type":"page","link":"https:\/\/4x4-experience.de\/4x4\/alpenueberquerung-camp\/","title":{"rendered":"Alpen\u00fcberquerung Camp"},"content":{"rendered":"<p>[et_pb_section fb_built=&#8220;1&#8243; _builder_version=&#8220;4.23.1&#8243; _module_preset=&#8220;default&#8220; custom_margin=&#8220;0px||-114px||false|false&#8220; custom_padding=&#8220;0px||0px||false|false&#8220; global_colors_info=&#8220;{}&#8220;][\/et_pb_section][et_pb_section fb_built=&#8220;1&#8243; fullwidth=&#8220;on&#8220; prev_background_color=&#8220;#000000&#8243; _builder_version=&#8220;4.23.1&#8243; _module_preset=&#8220;default&#8220; width=&#8220;100%&#8220; width_tablet=&#8220;&#8220; width_phone=&#8220;&#8220; width_last_edited=&#8220;on|phone&#8220; custom_margin=&#8220;130px||0px||false|false&#8220; custom_margin_tablet=&#8220;90px||||false|false&#8220; custom_margin_phone=&#8220;130px|||0px|false|false&#8220; custom_margin_last_edited=&#8220;on|phone&#8220; custom_padding=&#8220;0px||0px||false|false&#8220; top_divider_style=&#8220;mountains2&#8243; top_divider_height=&#8220;19px&#8220; top_divider_repeat=&#8220;1x&#8220; global_colors_info=&#8220;{}&#8220;][et_pb_fullwidth_image src=&#8220;https:\/\/4&#215;4-experience.de\/4&#215;4\/wp-content\/uploads\/2024\/06\/Alpen-Camp-Titelbild.jpg&#8220; alt=&#8220;4&#215;4 Experience, Island-Spezialist, Island Hoteltour, Offroad Reise, 4&#215;4 Offroad&#8220; title_text=&#8220;Alpen-trekking-tour-mobile&#8220; src_tablet=&#8220;https:\/\/4&#215;4-experience.de\/4&#215;4\/wp-content\/uploads\/2024\/06\/Auswahl-Island-Hotel.jpg&#8220; src_phone=&#8220;https:\/\/4&#215;4-experience.de\/4&#215;4\/wp-content\/uploads\/2024\/07\/Alpen-trekking-tour-mobile.jpg&#8220; src_last_edited=&#8220;on|phone&#8220; _builder_version=&#8220;4.23.1&#8243; _module_preset=&#8220;default&#8220; custom_margin=&#8220;0px||0px||false|false&#8220; custom_margin_tablet=&#8220;0px||0px||false|false&#8220; custom_margin_phone=&#8220;0px||0px||false|false&#8220; custom_margin_last_edited=&#8220;on|phone&#8220; custom_padding=&#8220;9px||0px||false|false&#8220; global_colors_info=&#8220;{}&#8220;][\/et_pb_fullwidth_image][\/et_pb_section][et_pb_section fb_built=&#8220;1&#8243; _builder_version=&#8220;4.23.1&#8243; _module_preset=&#8220;default&#8220; custom_margin=&#8220;||-6px|||&#8220; custom_padding=&#8220;||0px|||&#8220; global_colors_info=&#8220;{}&#8220;][et_pb_row column_structure=&#8220;1_3,1_3,1_3&#8243; disabled_on=&#8220;on|off|off&#8220; _builder_version=&#8220;4.23.1&#8243; _module_preset=&#8220;default&#8220; width=&#8220;100%&#8220; max_width=&#8220;1286px&#8220; custom_padding=&#8220;2px|||||&#8220; global_colors_info=&#8220;{}&#8220;][et_pb_column type=&#8220;1_3&#8243; _builder_version=&#8220;4.23.1&#8243; _module_preset=&#8220;default&#8220; global_colors_info=&#8220;{}&#8220;][et_pb_text _builder_version=&#8220;4.23.1&#8243; _module_preset=&#8220;default&#8220; custom_margin=&#8220;|||9px||&#8220; custom_padding=&#8220;|||23px||&#8220; global_colors_info=&#8220;{}&#8220;]<\/p>\n<h2 style=\"text-align: center;\">Telefon\/WhatsApp:<\/h2>\n<h2 style=\"text-decoration: underline; text-align: center;\"><a href=\"tel:+491711443884\">+49-171 144 3884<\/a><\/h2>\n<p>[\/et_pb_text][\/et_pb_column][et_pb_column type=&#8220;1_3&#8243; _builder_version=&#8220;4.23.1&#8243; _module_preset=&#8220;default&#8220; global_colors_info=&#8220;{}&#8220;][et_pb_text _builder_version=&#8220;4.23.1&#8243; _module_preset=&#8220;default&#8220; custom_padding=&#8220;|30px||||&#8220; global_colors_info=&#8220;{}&#8220;]<\/p>\n<h2 style=\"text-align: center;\">Reise\u00fcbersicht:<\/h2>\n<h2 style=\"text-decoration: underline; text-align: center;\"><a href=\"\/4x4\/termine\">4&#215;4 Offroad Termine<\/a><\/h2>\n<p>[\/et_pb_text][\/et_pb_column][et_pb_column type=&#8220;1_3&#8243; _builder_version=&#8220;4.23.1&#8243; _module_preset=&#8220;default&#8220; global_colors_info=&#8220;{}&#8220;][et_pb_text _builder_version=&#8220;4.23.1&#8243; _module_preset=&#8220;default&#8220; custom_margin=&#8220;|||-41px||&#8220; custom_padding=&#8220;|115px||||&#8220; global_colors_info=&#8220;{}&#8220;]<\/p>\n<h2 style=\"text-align: center;\">Beratung\/Anmeldung:<\/h2>\n<h2 style=\"text-decoration: underline; text-align: center;\"><a href=\"\/4x4\/anmeldeformular-2025\">ANMELDEFORMULAR<\/a><\/h2>\n<p>[\/et_pb_text][\/et_pb_column][\/et_pb_row][\/et_pb_section][et_pb_section fb_built=&#8220;1&#8243; _builder_version=&#8220;4.23.1&#8243; _module_preset=&#8220;default&#8220; custom_padding=&#8220;14px||11px|||&#8220; global_colors_info=&#8220;{}&#8220;][et_pb_row column_structure=&#8220;2_3,1_3&#8243; _builder_version=&#8220;4.23.1&#8243; _module_preset=&#8220;default&#8220; custom_padding=&#8220;0px||10px|||&#8220; global_colors_info=&#8220;{}&#8220;][et_pb_column type=&#8220;2_3&#8243; _builder_version=&#8220;4.23.1&#8243; _module_preset=&#8220;default&#8220; global_colors_info=&#8220;{}&#8220;][et_pb_text _builder_version=&#8220;4.23.1&#8243; _module_preset=&#8220;default&#8220; global_colors_info=&#8220;{}&#8220;]<\/p>\n<h1>Grosse Alpen\u00fcberquerung<\/h1>\n<h2>\u00dcber das Dach Europas<\/h2>\n<p>\u00a9 by TC-OFFROAD-TREKKING<\/p>\n<p>Die Gro\u00dfe Alpen\u00fcberquerung f\u00fchrt uns auf einem schmalen Pfad mit imposanten Fels\u00fcberh\u00e4ngen entlang eines alten Schmugglerpfads, der uns immer weiter in die faszinierende Bergwelt der Alpen f\u00fchrt. Durch die eigenartigen Felsformationen schl\u00e4ngelt sich unsere Route, w\u00e4hrend unser Offroad-Konvoi sich tapfer den steilen Anstiegen stellt.<\/p>\n<p>Der beschwerliche Aufstieg \u00fcber den ausgewaschenen Felsboden zwingt uns immer wieder zu langsamer Fahrt in der Getriebeuntersetzung. Doch die Anstrengungen werden belohnt, wenn sich von der Passh\u00f6he auf etwa 3.000 Metern aus atemberaubende Berglandschaften mit grandiosen Panoramen vor uns erstrecken.<\/p>\n<p>Unendliche Bergwiesen, \u00fcbers\u00e4t mit unz\u00e4hligen Alpenblumen, rauschende Wasserf\u00e4lle, von der Sonne durchflutete Felsmassive, das Pfeifen der Murmeltiere und die mutigen Steinb\u00f6cke, die die steilen H\u00e4nge erklimmen&#8230;<\/p>\n<p>Und wenn wir abends unsere Camp-Stellen in diesen Landschaften erreichen, verweilen wir am knisternden Lagerfeuer und lassen uns vom beeindruckenden Sternenhimmel faszinieren \u2013 kein Hotel kann mehr Sterne bieten als der Himmel \u00fcber unseren Zelten!<\/p>\n<p>Ein wahres Natur- und Offroad-Abenteuer erwartet uns im gr\u00f6\u00dften Gebirge Europas. In sieben Tagen \u00fcberqueren wir den Alpenhauptkamm von Nord nach S\u00fcd. Hier oben in den Bergen erleben wir ein authentisches Naturabenteuer, denn manchmal begegnen wir au\u00dfer ein paar Hirten mit ihren Tieren einen ganzen Tag lang keiner Menschenseele. Nur wir als 4&#215;4-Fahrer k\u00f6nnen bis hierher vordringen. Diese Alpen\u00fcberquerung ist ein Abenteuer, das ausschlie\u00dflich uns Gel\u00e4ndewagenfahrern vorbehalten ist: Es f\u00fchrt uns \u00fcber das Dach Europas&#8230;[\/et_pb_text][et_pb_text _builder_version=&#8220;4.27.6&#8243; _module_preset=&#8220;default&#8220; custom_margin=&#8220;0px||0px||false|false&#8220; custom_padding=&#8220;0px||0px|0px|false|false&#8220; hover_enabled=&#8220;0&#8243; global_colors_info=&#8220;{}&#8220; sticky_enabled=&#8220;0&#8243;]<\/p>\n<h1>Termine finden Sie bei TC-Offroad-Trekking<\/h1>\n<p>[\/et_pb_text][et_pb_text _builder_version=&#8220;4.23.1&#8243; _module_preset=&#8220;default&#8220; custom_margin=&#8220;25px||||false|false&#8220; global_colors_info=&#8220;{}&#8220;]<\/p>\n<p><span><img loading=\"lazy\" decoding=\"async\" src=\"https:\/\/4x4-experience.de\/4x4\/wp-content\/uploads\/2024\/06\/LOGO-TCOFFROAD-240px-schwarz.png\" width=\"260\" height=\"59\" alt=\"\" class=\"wp-image-1181 alignnone size-full\" \/><\/span><\/p>\n<p><span>Diese Reise wird durchgef\u00fchrt von unserer Partnerfirma<br \/><\/span><strong>TC-OFFROAD-TREKKING GmbH<\/strong><span>, D-49424 Goldenstedt.<\/span><br \/>Weitere Infos \/ Beratung \/ Anmeldung zu dieser Reise direkt auf der Seite:<\/p>\n<p><a style=\"font-size: 15pt;\" href=\"https:\/\/tc-offroad-trekking.de\/4x4\/alpenueberquerung-camp-details\/\" target=\"_blank\" rel=\"noopener noreferrer\">TC-OFFROAD-TREKKING \u2013 DIE GROSSE ALPEN\u00dcBERQUERUNG\u00a0<\/a><\/p>\n<p>[\/et_pb_text][\/et_pb_column][et_pb_column type=&#8220;1_3&#8243; _builder_version=&#8220;4.23.1&#8243; _module_preset=&#8220;default&#8220; global_colors_info=&#8220;{}&#8220;][et_pb_gallery gallery_ids=&#8220;1171,1172,1173,1174,1083,1082&#8243; show_title_and_caption=&#8220;off&#8220; show_pagination=&#8220;off&#8220; _builder_version=&#8220;4.23.1&#8243; _module_preset=&#8220;default&#8220; custom_padding=&#8220;2px|||||&#8220; global_colors_info=&#8220;{}&#8220;][\/et_pb_gallery][\/et_pb_column][\/et_pb_row][\/et_pb_section]<\/p>\n","protected":false},"excerpt":{"rendered":"<p>Telefon\/WhatsApp: +49-171 144 3884Reise\u00fcbersicht: 4&#215;4 Offroad TermineBeratung\/Anmeldung: ANMELDEFORMULARGrosse Alpen\u00fcberquerung \u00dcber das Dach Europas \u00a9 by TC-OFFROAD-TREKKING Die Gro\u00dfe Alpen\u00fcberquerung f\u00fchrt uns auf einem schmalen Pfad mit imposanten Fels\u00fcberh\u00e4ngen entlang eines alten Schmugglerpfads, der uns immer weiter in die faszinierende Bergwelt der Alpen f\u00fchrt. Durch die eigenartigen Felsformationen schl\u00e4ngelt sich unsere Route, w\u00e4hrend unser Offroad-Konvoi sich [&hellip;]<\/p>\n","protected":false},"author":1,"featured_media":0,"parent":0,"menu_order":0,"comment_status":"closed","ping_status":"closed","template":"","meta":{"_et_pb_use_builder":"on","_et_pb_old_content":"","_et_gb_content_width":"","footnotes":""},"class_list":["post-1169","page","type-page","status-publish","hentry"],"yoast_head":"<!-- This site is optimized with the Yoast SEO Premium plugin v27.3 (Yoast SEO v27.4) - https:\/\/yoast.com\/product\/yoast-seo-premium-wordpress\/ -->\n<title>Alpen\u00fcberquerung: Ein Abenteuer auf alten Pfaden<\/title>\n<meta name=\"description\" content=\"Entdecken Sie die faszinierende Bergwelt bei der Alpen\u00fcberquerung mit atemberaubenden Panoramen und einzigartigen Felsformationen.\" \/>\n<meta name=\"robots\" content=\"index, follow, max-snippet:-1, max-image-preview:large, max-video-preview:-1\" \/>\n<link rel=\"canonical\" href=\"https:\/\/4x4-experience.de\/4x4\/alpenueberquerung-camp\/\" \/>\n<meta property=\"og:locale\" content=\"de_DE\" \/>\n<meta property=\"og:type\" content=\"article\" \/>\n<meta property=\"og:title\" content=\"Alpen\u00fcberquerung Camp\" \/>\n<meta property=\"og:description\" content=\"Entdecken Sie die faszinierende Bergwelt bei der Alpen\u00fcberquerung mit atemberaubenden Panoramen und einzigartigen Felsformationen.\" \/>\n<meta property=\"og:url\" content=\"https:\/\/4x4-experience.de\/4x4\/alpenueberquerung-camp\/\" \/>\n<meta property=\"og:site_name\" content=\"4x4 Experience, Offroad Reise, Offroad Reisen, Gel\u00e4ndewagen Touren\" \/>\n<meta property=\"article:publisher\" content=\"https:\/\/www.facebook.com\/www.4x4Experience\/\" \/>\n<meta property=\"article:modified_time\" content=\"2026-03-19T12:40:35+00:00\" \/>\n<meta property=\"og:image\" content=\"https:\/\/4x4-experience.de\/4x4\/wp-content\/uploads\/2024\/06\/LOGO-TCOFFROAD-240px-schwarz.png\" \/>\n<meta name=\"twitter:card\" content=\"summary_large_image\" \/>\n<meta name=\"twitter:label1\" content=\"Gesch\u00e4tzte Lesezeit\" \/>\n\t<meta name=\"twitter:data1\" content=\"4\u00a0Minuten\" \/>\n<script type=\"application\/ld+json\" class=\"yoast-schema-graph\">{\"@context\":\"https:\\\/\\\/schema.org\",\"@graph\":[{\"@type\":\"WebPage\",\"@id\":\"https:\\\/\\\/4x4-experience.de\\\/4x4\\\/alpenueberquerung-camp\\\/\",\"url\":\"https:\\\/\\\/4x4-experience.de\\\/4x4\\\/alpenueberquerung-camp\\\/\",\"name\":\"Alpen\u00fcberquerung: Ein Abenteuer auf alten Pfaden\",\"isPartOf\":{\"@id\":\"https:\\\/\\\/4x4-experience.de\\\/4x4\\\/#website\"},\"primaryImageOfPage\":{\"@id\":\"https:\\\/\\\/4x4-experience.de\\\/4x4\\\/alpenueberquerung-camp\\\/#primaryimage\"},\"image\":{\"@id\":\"https:\\\/\\\/4x4-experience.de\\\/4x4\\\/alpenueberquerung-camp\\\/#primaryimage\"},\"thumbnailUrl\":\"https:\\\/\\\/4x4-experience.de\\\/4x4\\\/wp-content\\\/uploads\\\/2024\\\/06\\\/LOGO-TCOFFROAD-240px-schwarz.png\",\"datePublished\":\"2024-06-21T10:26:33+00:00\",\"dateModified\":\"2026-03-19T12:40:35+00:00\",\"description\":\"Entdecken Sie die faszinierende Bergwelt bei der Alpen\u00fcberquerung mit atemberaubenden Panoramen und einzigartigen Felsformationen.\",\"breadcrumb\":{\"@id\":\"https:\\\/\\\/4x4-experience.de\\\/4x4\\\/alpenueberquerung-camp\\\/#breadcrumb\"},\"inLanguage\":\"de\",\"potentialAction\":[{\"@type\":\"ReadAction\",\"target\":[\"https:\\\/\\\/4x4-experience.de\\\/4x4\\\/alpenueberquerung-camp\\\/\"]}]},{\"@type\":\"ImageObject\",\"inLanguage\":\"de\",\"@id\":\"https:\\\/\\\/4x4-experience.de\\\/4x4\\\/alpenueberquerung-camp\\\/#primaryimage\",\"url\":\"https:\\\/\\\/4x4-experience.de\\\/4x4\\\/wp-content\\\/uploads\\\/2024\\\/06\\\/LOGO-TCOFFROAD-240px-schwarz.png\",\"contentUrl\":\"https:\\\/\\\/4x4-experience.de\\\/4x4\\\/wp-content\\\/uploads\\\/2024\\\/06\\\/LOGO-TCOFFROAD-240px-schwarz.png\",\"width\":260,\"height\":59},{\"@type\":\"BreadcrumbList\",\"@id\":\"https:\\\/\\\/4x4-experience.de\\\/4x4\\\/alpenueberquerung-camp\\\/#breadcrumb\",\"itemListElement\":[{\"@type\":\"ListItem\",\"position\":1,\"name\":\"Startseite\",\"item\":\"https:\\\/\\\/4x4-experience.de\\\/4x4\\\/\"},{\"@type\":\"ListItem\",\"position\":2,\"name\":\"Alpen\u00fcberquerung Camp\"}]},{\"@type\":\"WebSite\",\"@id\":\"https:\\\/\\\/4x4-experience.de\\\/4x4\\\/#website\",\"url\":\"https:\\\/\\\/4x4-experience.de\\\/4x4\\\/\",\"name\":\"4x4 Experience, Offroad Reise, Offroad Reisen, Gel\u00e4ndewagen Touren\",\"description\":\"4x4 Offroad Reisen Europa und Nordafrika\",\"potentialAction\":[{\"@type\":\"SearchAction\",\"target\":{\"@type\":\"EntryPoint\",\"urlTemplate\":\"https:\\\/\\\/4x4-experience.de\\\/4x4\\\/?s={search_term_string}\"},\"query-input\":{\"@type\":\"PropertyValueSpecification\",\"valueRequired\":true,\"valueName\":\"search_term_string\"}}],\"inLanguage\":\"de\"}]}<\/script>\n<!-- \/ Yoast SEO Premium plugin. -->","yoast_head_json":{"title":"Alpen\u00fcberquerung: Ein Abenteuer auf alten Pfaden","description":"Entdecken Sie die faszinierende Bergwelt bei der Alpen\u00fcberquerung mit atemberaubenden Panoramen und einzigartigen Felsformationen.","robots":{"index":"index","follow":"follow","max-snippet":"max-snippet:-1","max-image-preview":"max-image-preview:large","max-video-preview":"max-video-preview:-1"},"canonical":"https:\/\/4x4-experience.de\/4x4\/alpenueberquerung-camp\/","og_locale":"de_DE","og_type":"article","og_title":"Alpen\u00fcberquerung Camp","og_description":"Entdecken Sie die faszinierende Bergwelt bei der Alpen\u00fcberquerung mit atemberaubenden Panoramen und einzigartigen Felsformationen.","og_url":"https:\/\/4x4-experience.de\/4x4\/alpenueberquerung-camp\/","og_site_name":"4x4 Experience, Offroad Reise, Offroad Reisen, Gel\u00e4ndewagen Touren","article_publisher":"https:\/\/www.facebook.com\/www.4x4Experience\/","article_modified_time":"2026-03-19T12:40:35+00:00","og_image":[{"url":"https:\/\/4x4-experience.de\/4x4\/wp-content\/uploads\/2024\/06\/LOGO-TCOFFROAD-240px-schwarz.png","type":"","width":"","height":""}],"twitter_card":"summary_large_image","twitter_misc":{"Gesch\u00e4tzte Lesezeit":"4\u00a0Minuten"},"schema":{"@context":"https:\/\/schema.org","@graph":[{"@type":"WebPage","@id":"https:\/\/4x4-experience.de\/4x4\/alpenueberquerung-camp\/","url":"https:\/\/4x4-experience.de\/4x4\/alpenueberquerung-camp\/","name":"Alpen\u00fcberquerung: Ein Abenteuer auf alten Pfaden","isPartOf":{"@id":"https:\/\/4x4-experience.de\/4x4\/#website"},"primaryImageOfPage":{"@id":"https:\/\/4x4-experience.de\/4x4\/alpenueberquerung-camp\/#primaryimage"},"image":{"@id":"https:\/\/4x4-experience.de\/4x4\/alpenueberquerung-camp\/#primaryimage"},"thumbnailUrl":"https:\/\/4x4-experience.de\/4x4\/wp-content\/uploads\/2024\/06\/LOGO-TCOFFROAD-240px-schwarz.png","datePublished":"2024-06-21T10:26:33+00:00","dateModified":"2026-03-19T12:40:35+00:00","description":"Entdecken Sie die faszinierende Bergwelt bei der Alpen\u00fcberquerung mit atemberaubenden Panoramen und einzigartigen Felsformationen.","breadcrumb":{"@id":"https:\/\/4x4-experience.de\/4x4\/alpenueberquerung-camp\/#breadcrumb"},"inLanguage":"de","potentialAction":[{"@type":"ReadAction","target":["https:\/\/4x4-experience.de\/4x4\/alpenueberquerung-camp\/"]}]},{"@type":"ImageObject","inLanguage":"de","@id":"https:\/\/4x4-experience.de\/4x4\/alpenueberquerung-camp\/#primaryimage","url":"https:\/\/4x4-experience.de\/4x4\/wp-content\/uploads\/2024\/06\/LOGO-TCOFFROAD-240px-schwarz.png","contentUrl":"https:\/\/4x4-experience.de\/4x4\/wp-content\/uploads\/2024\/06\/LOGO-TCOFFROAD-240px-schwarz.png","width":260,"height":59},{"@type":"BreadcrumbList","@id":"https:\/\/4x4-experience.de\/4x4\/alpenueberquerung-camp\/#breadcrumb","itemListElement":[{"@type":"ListItem","position":1,"name":"Startseite","item":"https:\/\/4x4-experience.de\/4x4\/"},{"@type":"ListItem","position":2,"name":"Alpen\u00fcberquerung Camp"}]},{"@type":"WebSite","@id":"https:\/\/4x4-experience.de\/4x4\/#website","url":"https:\/\/4x4-experience.de\/4x4\/","name":"4x4 Experience, Offroad Reise, Offroad Reisen, Gel\u00e4ndewagen Touren","description":"4x4 Offroad Reisen Europa und Nordafrika","potentialAction":[{"@type":"SearchAction","target":{"@type":"EntryPoint","urlTemplate":"https:\/\/4x4-experience.de\/4x4\/?s={search_term_string}"},"query-input":{"@type":"PropertyValueSpecification","valueRequired":true,"valueName":"search_term_string"}}],"inLanguage":"de"}]}},"_links":{"self":[{"href":"https:\/\/4x4-experience.de\/4x4\/wp-json\/wp\/v2\/pages\/1169","targetHints":{"allow":["GET"]}}],"collection":[{"href":"https:\/\/4x4-experience.de\/4x4\/wp-json\/wp\/v2\/pages"}],"about":[{"href":"https:\/\/4x4-experience.de\/4x4\/wp-json\/wp\/v2\/types\/page"}],"author":[{"embeddable":true,"href":"https:\/\/4x4-experience.de\/4x4\/wp-json\/wp\/v2\/users\/1"}],"replies":[{"embeddable":true,"href":"https:\/\/4x4-experience.de\/4x4\/wp-json\/wp\/v2\/comments?post=1169"}],"version-history":[{"count":18,"href":"https:\/\/4x4-experience.de\/4x4\/wp-json\/wp\/v2\/pages\/1169\/revisions"}],"predecessor-version":[{"id":3540,"href":"https:\/\/4x4-experience.de\/4x4\/wp-json\/wp\/v2\/pages\/1169\/revisions\/3540"}],"wp:attachment":[{"href":"https:\/\/4x4-experience.de\/4x4\/wp-json\/wp\/v2\/media?parent=1169"}],"curies":[{"name":"wp","href":"https:\/\/api.w.org\/{rel}","templated":true}]}}