{"id":1146,"date":"2024-06-20T18:11:16","date_gmt":"2024-06-20T16:11:16","guid":{"rendered":"https:\/\/4x4-experience.de\/4x4\/?page_id=1146"},"modified":"2026-03-05T15:30:44","modified_gmt":"2026-03-05T14:30:44","slug":"bespoke","status":"publish","type":"page","link":"https:\/\/4x4-experience.de\/4x4\/bespoke\/","title":{"rendered":"Bespoke"},"content":{"rendered":"<p>[et_pb_section fb_built=&#8220;1&#8243; _builder_version=&#8220;4.23.1&#8243; _module_preset=&#8220;default&#8220; custom_margin=&#8220;0px||-114px||false|false&#8220; custom_padding=&#8220;0px||0px||false|false&#8220; global_colors_info=&#8220;{}&#8220;][\/et_pb_section][et_pb_section fb_built=&#8220;1&#8243; fullwidth=&#8220;on&#8220; prev_background_color=&#8220;#000000&#8243; _builder_version=&#8220;4.23.1&#8243; _module_preset=&#8220;default&#8220; width=&#8220;100%&#8220; width_tablet=&#8220;&#8220; width_phone=&#8220;&#8220; width_last_edited=&#8220;on|phone&#8220; custom_margin=&#8220;130px||0px||false|false&#8220; custom_margin_tablet=&#8220;90px||||false|false&#8220; custom_margin_phone=&#8220;130px|||0px|false|false&#8220; custom_margin_last_edited=&#8220;on|tablet&#8220; custom_padding=&#8220;0px||0px||false|false&#8220; top_divider_style=&#8220;mountains2&#8243; top_divider_height=&#8220;19px&#8220; top_divider_repeat=&#8220;1x&#8220; global_colors_info=&#8220;{}&#8220;][et_pb_fullwidth_image src=&#8220;https:\/\/4&#215;4-experience.de\/4&#215;4\/wp-content\/uploads\/2025\/05\/Auswahl-Bespoke-neu.jpg&#8220; alt=&#8220;Bespoke, Offroad Reisen, 4&#215;4 Gel\u00e4ndewagen, 4&#215;4 Experience&#8220; title_text=&#8220;Auswahl-Bespoke-Mobile-Neu&#8220; src_tablet=&#8220;https:\/\/4&#215;4-experience.de\/4&#215;4\/wp-content\/uploads\/2024\/07\/SAHARA-Expedition-verlorener-See-oben.jpg&#8220; src_phone=&#8220;https:\/\/4&#215;4-experience.de\/4&#215;4\/wp-content\/uploads\/2025\/05\/Auswahl-Bespoke-Mobile-Neu.jpg&#8220; src_last_edited=&#8220;on|phone&#8220; _builder_version=&#8220;4.27.4&#8243; _module_preset=&#8220;default&#8220; custom_margin=&#8220;0px||0px||false|false&#8220; custom_margin_tablet=&#8220;0px||0px||false|false&#8220; custom_margin_phone=&#8220;0px||0px||false|false&#8220; custom_margin_last_edited=&#8220;on|tablet&#8220; custom_padding=&#8220;9px||0px||false|false&#8220; global_colors_info=&#8220;{}&#8220;][\/et_pb_fullwidth_image][\/et_pb_section][et_pb_section fb_built=&#8220;1&#8243; _builder_version=&#8220;4.23.1&#8243; _module_preset=&#8220;default&#8220; custom_margin=&#8220;||-6px|||&#8220; custom_padding=&#8220;15px||0px|||&#8220; global_colors_info=&#8220;{}&#8220;][et_pb_row column_structure=&#8220;1_3,1_3,1_3&#8243; disabled_on=&#8220;on|off|off&#8220; _builder_version=&#8220;4.23.1&#8243; _module_preset=&#8220;default&#8220; width=&#8220;100%&#8220; max_width=&#8220;1286px&#8220; custom_padding=&#8220;5px|||||&#8220; global_colors_info=&#8220;{}&#8220;][et_pb_column type=&#8220;1_3&#8243; _builder_version=&#8220;4.23.1&#8243; _module_preset=&#8220;default&#8220; global_colors_info=&#8220;{}&#8220;][et_pb_text _builder_version=&#8220;4.23.1&#8243; _module_preset=&#8220;default&#8220; custom_margin=&#8220;|||9px||&#8220; custom_padding=&#8220;|||23px||&#8220; global_colors_info=&#8220;{}&#8220;]<\/p>\n<h2 style=\"text-align: center;\">Telefon\/WhatsApp:<\/h2>\n<h2 style=\"text-decoration: underline; text-align: center;\"><a href=\"tel:+491711443884\">+49-171 144 3884<\/a><\/h2>\n<p>[\/et_pb_text][\/et_pb_column][et_pb_column type=&#8220;1_3&#8243; _builder_version=&#8220;4.23.1&#8243; _module_preset=&#8220;default&#8220; global_colors_info=&#8220;{}&#8220;][et_pb_text _builder_version=&#8220;4.23.1&#8243; _module_preset=&#8220;default&#8220; custom_padding=&#8220;|30px||||&#8220; global_colors_info=&#8220;{}&#8220;]<\/p>\n<h2 style=\"text-align: center;\">Reise\u00fcbersicht:<\/h2>\n<h2 style=\"text-decoration: underline; text-align: center;\"><a href=\"\/4x4\/termine\">4&#215;4 Offroad Termine<\/a><\/h2>\n<p>[\/et_pb_text][\/et_pb_column][et_pb_column type=&#8220;1_3&#8243; _builder_version=&#8220;4.23.1&#8243; _module_preset=&#8220;default&#8220; global_colors_info=&#8220;{}&#8220;][et_pb_text content_tablet=&#8220;<\/p>\n<h2 style=%22text-align: center;%22>Beratung\/Anmeldung:<\/h2>\n<h2 style=%22text-decoration: underline; text-align: center;%22><a href=%22\/4x4\/anmeldeformular-2025%22>ANMELDEFORMULAR<\/a><\/h2>\n<p>&#8220; content_phone=&#8220;<\/p>\n<h2 style=%22text-align: center;%22>Beratung\/Anmeldung:<\/h2>\n<h2 style=%22text-decoration: underline; text-align: center;%22><a href=%22\/4x4\/anmeldeformular-2025%22>ANMELDEFORMULAR<\/a><\/h2>\n<p>&#8220; content_last_edited=&#8220;on|phone&#8220; _builder_version=&#8220;4.27.4&#8243; _module_preset=&#8220;default&#8220; module_alignment=&#8220;center&#8220; custom_margin=&#8220;|||-41px||&#8220; custom_margin_tablet=&#8220;|||-41px||&#8220; custom_margin_phone=&#8220;|0px||0px|false|false&#8220; custom_margin_last_edited=&#8220;on|phone&#8220; custom_padding=&#8220;|115px||||&#8220; custom_padding_tablet=&#8220;|115px||||&#8220; custom_padding_phone=&#8220;|0px|||false|false&#8220; custom_padding_last_edited=&#8220;on|phone&#8220; text_orientation_tablet=&#8220;&#8220; text_orientation_phone=&#8220;center&#8220; text_orientation_last_edited=&#8220;on|phone&#8220; module_alignment_tablet=&#8220;center&#8220; module_alignment_phone=&#8220;center&#8220; module_alignment_last_edited=&#8220;on|phone&#8220; global_colors_info=&#8220;{}&#8220;]<\/p>\n<h2 style=\"text-align: center;\">Beratung\/Anmeldung:<\/h2>\n<h2 style=\"text-decoration: underline; text-align: center;\"><a href=\"\/4x4\/anmeldeformular-2025\">ANMELDEFORMULAR<\/a><\/h2>\n<p>[\/et_pb_text][\/et_pb_column][\/et_pb_row][\/et_pb_section][et_pb_section fb_built=&#8220;1&#8243; _builder_version=&#8220;4.23.1&#8243; _module_preset=&#8220;default&#8220; custom_margin=&#8220;-22px|||||&#8220; custom_padding=&#8220;14px||4px|||&#8220; global_colors_info=&#8220;{}&#8220;][et_pb_row column_structure=&#8220;2_3,1_3&#8243; _builder_version=&#8220;4.23.1&#8243; _module_preset=&#8220;default&#8220; custom_margin=&#8220;-21px|auto||auto||&#8220; custom_padding=&#8220;21px|||||&#8220; global_colors_info=&#8220;{}&#8220;][et_pb_column type=&#8220;2_3&#8243; _builder_version=&#8220;4.23.1&#8243; _module_preset=&#8220;default&#8220; global_colors_info=&#8220;{}&#8220;][et_pb_text _builder_version=&#8220;4.27.4&#8243; _module_preset=&#8220;default&#8220; global_colors_info=&#8220;{}&#8220;]<\/p>\n<h1>Bespoke Offroad &#8211; Individuell und flexibel<\/h1>\n<p>Bespoke bedeutet, dass etwas ma\u00dfgeschneidert oder individuell angepasst ist. Bei Ihrer geplanten Bespoke Offroad-Reise haben Sie die M\u00f6glichkeit, die Reiseroute und das Zeitfenster individuell und in Abstimmung mit 4&#215;4 Experience auszuw\u00e4hlen.<\/p>\n<h2>Offroader sind Individualisten.<\/h2>\n<p>Immer auf der Suche nach den Grenzen des Machbaren und bereit, hinter der n\u00e4chsten Kurve Herausforderungen jeglicher Art anzunehmen. Nachstehend findest Du das <strong>Anfrageformular f\u00fcr Deine individuelle Reiseplanung<\/strong>. F\u00fclle es bei Bedarf aus und sende uns Deine W\u00fcnsche und Ideen. Wir planen mit Dir gemeinsam Dein unvergessliches Offroad-Abenteuer.<\/p>\n<p>[\/et_pb_text][et_pb_text _builder_version=&#8220;4.27.6&#8243; _module_preset=&#8220;default&#8220; background_color=&#8220;#E09900&#8243; hover_enabled=&#8220;0&#8243; global_colors_info=&#8220;{}&#8220; sticky_enabled=&#8220;0&#8243;]<\/p>\n<p>\n<script type=\"text\/javascript\" src=\"https:\/\/form.jotform.com\/jsform\/252782118908363\"><\/script>\n<\/p>\n<p>[\/et_pb_text][et_pb_text _builder_version=&#8220;4.27.4&#8243; _module_preset=&#8220;default&#8220; global_colors_info=&#8220;{}&#8220;]<\/p>\n<h2>Bespoke auf den Mittelmeerinseln Sardinien, Sizilien, Korsika, Malta, Mallorca sowie in Schottland, auf Island oder im Maghreb &#8211; Marokko und Tunesien! Fragen Sie uns, wir sind bereit!<\/h2>\n<p>Durch viele Jahre und unz\u00e4hlige gemeinsame Offroad-Reisen und 4&#215;4-Trainings haben wir erkannt, wie wichtig und reizvoll es f\u00fcr alle Beteiligten ist, individuelle Offroad-Touren anzubieten. Sie haben die Wahl, wohin es gehen soll, sei es auf die Mittelmeerinseln Korsika, Sardinien, Sizilien, nach Schottland, Island, Marokko oder Tunesien.<br \/>Mit \u00fcber 15 Jahren Erfahrung auf den Mittelmeer-Inseln, in ganz Europa und in Nordafrika sind wir ein verl\u00e4sslicher Partner f\u00fcr die Planung, Organisation und professionelle Durchf\u00fchrung eines spektakul\u00e4ren und f\u00fcr Sie einmaligen Offroad-Abenteuers.<\/p>\n<p>In kleinen Gruppen fahren und individuell offroaden, so k\u00f6nnen Sie Ihre individuelle Offroad Reise und die gew\u00fcnschte Reiseroute bestimmen und damit quasi den Fahrplan mitgestalten.<br \/>Wir\u00a0stehen\u00a0Ihnen\u00a0zur\u00a0Seite,\u00a0um\u00a0Ihnen\u00a0ein\u00a0unvergessliches\u00a0Offroad-Erlebnis\u00a0zu\u00a0erm\u00f6glichen.<\/p>\n<p>[\/et_pb_text][et_pb_text _builder_version=&#8220;4.27.4&#8243; _module_preset=&#8220;default&#8220; global_colors_info=&#8220;{}&#8220;]<\/p>\n<h2>Schwierigkeitsgrad: Individuell von<\/span> \u2736<\/span> bis <span style=\"font-size: 14pt; color: #ff9900;\">\u2736\u2736\u2736\u2736\u2736<\/span><\/h2>\n<p>Erl\u00e4uterung Schwierigkeitsgrade &gt;&gt;&gt;&gt; <a style=\"color: #000; text-decoration: underline; font-weight: bold;\" href=\"https:\/\/vdord.de\/klassifizierung-von-schwierigkeits-graden-bei-offroad-reisen\/\">HIER<\/a>[\/et_pb_text][et_pb_text _builder_version=&#8220;4.27.4&#8243; _module_preset=&#8220;default&#8220; global_colors_info=&#8220;{}&#8220;]<\/p>\n<h2>Kleidungs- und Ausr\u00fcstungsempfehlungen<br \/>\nzum Downloaden, Ausf\u00fcllen und Speichern:<\/h2>\n<p><a href=\"\/4x4\/checklisten\/Checkliste-Insassen.pdf\" target=\"_blank\" rel=\"noopener\">Checkliste Insassen<\/a><br \/>\n<a href=\"\/4x4\/checklisten\/Checkliste-Fahrzeug.pdf\" target=\"_blank\" rel=\"noopener\">Checkliste Fahrzeug<\/a><\/p>\n<h2>Zus\u00e4tzlich f\u00fcr Sahara-Reisende:<\/h2>\n<p><a href=\"\/4x4\/checklisten\/Checkliste-Offroad-Maghreb.pdf\" target=\"_blank\" rel=\"noopener\">Checkliste Offroad Maghreb<\/a>[\/et_pb_text][\/et_pb_column][et_pb_column type=&#8220;1_3&#8243; _builder_version=&#8220;4.23.1&#8243; _module_preset=&#8220;default&#8220; global_colors_info=&#8220;{}&#8220;][et_pb_gallery gallery_ids=&#8220;683,1063,1104,1009,1105,1160,1161,915,867&#8243; posts_number=&#8220;6&#8243; show_title_and_caption=&#8220;off&#8220; show_pagination=&#8220;off&#8220; _builder_version=&#8220;4.27.4&#8243; _module_preset=&#8220;default&#8220; custom_padding=&#8220;2px|||||&#8220; global_colors_info=&#8220;{}&#8220;][\/et_pb_gallery][\/et_pb_column][\/et_pb_row][\/et_pb_section]<\/p>\n","protected":false},"excerpt":{"rendered":"<p>Telefon\/WhatsApp: +49-171 144 3884Reise\u00fcbersicht: 4&#215;4 Offroad TermineBeratung\/Anmeldung: ANMELDEFORMULARBespoke Offroad &#8211; Individuell und flexibel Bespoke bedeutet, dass etwas ma\u00dfgeschneidert oder individuell angepasst ist. Bei Ihrer geplanten Bespoke Offroad-Reise haben Sie die M\u00f6glichkeit, die Reiseroute und das Zeitfenster individuell und in Abstimmung mit 4&#215;4 Experience auszuw\u00e4hlen. Offroader sind Individualisten. Immer auf der Suche nach den Grenzen des [&hellip;]<\/p>\n","protected":false},"author":1,"featured_media":0,"parent":0,"menu_order":0,"comment_status":"closed","ping_status":"closed","template":"","meta":{"_et_pb_use_builder":"on","_et_pb_old_content":"","_et_gb_content_width":"","footnotes":""},"class_list":["post-1146","page","type-page","status-publish","hentry"],"yoast_head":"<!-- This site is optimized with the Yoast SEO Premium plugin v27.0 (Yoast SEO v27.3) - https:\/\/yoast.com\/product\/yoast-seo-premium-wordpress\/ -->\n<title>Bespoke Offroad, 4x4 Individualtour, Offroad Tour, 4x4 Experience<\/title>\n<meta name=\"description\" content=\"Gestalten Sie Ihre perfekte Offroad-Reise mit Bespoke. W\u00e4hlen Sie Ihre Route und Ihr Ziel nach Ihren W\u00fcnschen aus.\" \/>\n<meta name=\"robots\" content=\"index, follow, max-snippet:-1, max-image-preview:large, max-video-preview:-1\" \/>\n<link rel=\"canonical\" href=\"https:\/\/4x4-experience.de\/4x4\/bespoke\/\" \/>\n<meta property=\"og:locale\" content=\"de_DE\" \/>\n<meta property=\"og:type\" content=\"article\" \/>\n<meta property=\"og:title\" content=\"Bespoke\" \/>\n<meta property=\"og:description\" content=\"Gestalten Sie Ihre perfekte Offroad-Reise mit Bespoke. W\u00e4hlen Sie Ihre Route und Ihr Ziel nach Ihren W\u00fcnschen aus.\" \/>\n<meta property=\"og:url\" content=\"https:\/\/4x4-experience.de\/4x4\/bespoke\/\" \/>\n<meta property=\"og:site_name\" content=\"4x4 Experience, Offroadreise, Offroad Reisen\" \/>\n<meta property=\"article:publisher\" content=\"https:\/\/www.facebook.com\/www.4x4Experience\/\" \/>\n<meta property=\"article:modified_time\" content=\"2026-03-05T14:30:44+00:00\" \/>\n<meta name=\"twitter:card\" content=\"summary_large_image\" \/>\n<meta name=\"twitter:label1\" content=\"Gesch\u00e4tzte Lesezeit\" \/>\n\t<meta name=\"twitter:data1\" content=\"4\u00a0Minuten\" \/>\n<script type=\"application\/ld+json\" class=\"yoast-schema-graph\">{\"@context\":\"https:\\\/\\\/schema.org\",\"@graph\":[{\"@type\":\"WebPage\",\"@id\":\"https:\\\/\\\/4x4-experience.de\\\/4x4\\\/bespoke\\\/\",\"url\":\"https:\\\/\\\/4x4-experience.de\\\/4x4\\\/bespoke\\\/\",\"name\":\"Bespoke Offroad, 4x4 Individualtour, Offroad Tour, 4x4 Experience\",\"isPartOf\":{\"@id\":\"https:\\\/\\\/4x4-experience.de\\\/4x4\\\/#website\"},\"datePublished\":\"2024-06-20T16:11:16+00:00\",\"dateModified\":\"2026-03-05T14:30:44+00:00\",\"description\":\"Gestalten Sie Ihre perfekte Offroad-Reise mit Bespoke. W\u00e4hlen Sie Ihre Route und Ihr Ziel nach Ihren W\u00fcnschen aus.\",\"breadcrumb\":{\"@id\":\"https:\\\/\\\/4x4-experience.de\\\/4x4\\\/bespoke\\\/#breadcrumb\"},\"inLanguage\":\"de\",\"potentialAction\":[{\"@type\":\"ReadAction\",\"target\":[\"https:\\\/\\\/4x4-experience.de\\\/4x4\\\/bespoke\\\/\"]}]},{\"@type\":\"BreadcrumbList\",\"@id\":\"https:\\\/\\\/4x4-experience.de\\\/4x4\\\/bespoke\\\/#breadcrumb\",\"itemListElement\":[{\"@type\":\"ListItem\",\"position\":1,\"name\":\"Startseite\",\"item\":\"https:\\\/\\\/4x4-experience.de\\\/4x4\\\/\"},{\"@type\":\"ListItem\",\"position\":2,\"name\":\"Bespoke\"}]},{\"@type\":\"WebSite\",\"@id\":\"https:\\\/\\\/4x4-experience.de\\\/4x4\\\/#website\",\"url\":\"https:\\\/\\\/4x4-experience.de\\\/4x4\\\/\",\"name\":\"4x4 Experience, Offroadreise, Offroad Reisen\",\"description\":\"4x4 Offroad Europa und Nordafrika\",\"potentialAction\":[{\"@type\":\"SearchAction\",\"target\":{\"@type\":\"EntryPoint\",\"urlTemplate\":\"https:\\\/\\\/4x4-experience.de\\\/4x4\\\/?s={search_term_string}\"},\"query-input\":{\"@type\":\"PropertyValueSpecification\",\"valueRequired\":true,\"valueName\":\"search_term_string\"}}],\"inLanguage\":\"de\"}]}<\/script>\n<!-- \/ Yoast SEO Premium plugin. -->","yoast_head_json":{"title":"Bespoke Offroad, 4x4 Individualtour, Offroad Tour, 4x4 Experience","description":"Gestalten Sie Ihre perfekte Offroad-Reise mit Bespoke. W\u00e4hlen Sie Ihre Route und Ihr Ziel nach Ihren W\u00fcnschen aus.","robots":{"index":"index","follow":"follow","max-snippet":"max-snippet:-1","max-image-preview":"max-image-preview:large","max-video-preview":"max-video-preview:-1"},"canonical":"https:\/\/4x4-experience.de\/4x4\/bespoke\/","og_locale":"de_DE","og_type":"article","og_title":"Bespoke","og_description":"Gestalten Sie Ihre perfekte Offroad-Reise mit Bespoke. W\u00e4hlen Sie Ihre Route und Ihr Ziel nach Ihren W\u00fcnschen aus.","og_url":"https:\/\/4x4-experience.de\/4x4\/bespoke\/","og_site_name":"4x4 Experience, Offroadreise, Offroad Reisen","article_publisher":"https:\/\/www.facebook.com\/www.4x4Experience\/","article_modified_time":"2026-03-05T14:30:44+00:00","twitter_card":"summary_large_image","twitter_misc":{"Gesch\u00e4tzte Lesezeit":"4\u00a0Minuten"},"schema":{"@context":"https:\/\/schema.org","@graph":[{"@type":"WebPage","@id":"https:\/\/4x4-experience.de\/4x4\/bespoke\/","url":"https:\/\/4x4-experience.de\/4x4\/bespoke\/","name":"Bespoke Offroad, 4x4 Individualtour, Offroad Tour, 4x4 Experience","isPartOf":{"@id":"https:\/\/4x4-experience.de\/4x4\/#website"},"datePublished":"2024-06-20T16:11:16+00:00","dateModified":"2026-03-05T14:30:44+00:00","description":"Gestalten Sie Ihre perfekte Offroad-Reise mit Bespoke. W\u00e4hlen Sie Ihre Route und Ihr Ziel nach Ihren W\u00fcnschen aus.","breadcrumb":{"@id":"https:\/\/4x4-experience.de\/4x4\/bespoke\/#breadcrumb"},"inLanguage":"de","potentialAction":[{"@type":"ReadAction","target":["https:\/\/4x4-experience.de\/4x4\/bespoke\/"]}]},{"@type":"BreadcrumbList","@id":"https:\/\/4x4-experience.de\/4x4\/bespoke\/#breadcrumb","itemListElement":[{"@type":"ListItem","position":1,"name":"Startseite","item":"https:\/\/4x4-experience.de\/4x4\/"},{"@type":"ListItem","position":2,"name":"Bespoke"}]},{"@type":"WebSite","@id":"https:\/\/4x4-experience.de\/4x4\/#website","url":"https:\/\/4x4-experience.de\/4x4\/","name":"4x4 Experience, Offroadreise, Offroad Reisen","description":"4x4 Offroad Europa und Nordafrika","potentialAction":[{"@type":"SearchAction","target":{"@type":"EntryPoint","urlTemplate":"https:\/\/4x4-experience.de\/4x4\/?s={search_term_string}"},"query-input":{"@type":"PropertyValueSpecification","valueRequired":true,"valueName":"search_term_string"}}],"inLanguage":"de"}]}},"_links":{"self":[{"href":"https:\/\/4x4-experience.de\/4x4\/wp-json\/wp\/v2\/pages\/1146","targetHints":{"allow":["GET"]}}],"collection":[{"href":"https:\/\/4x4-experience.de\/4x4\/wp-json\/wp\/v2\/pages"}],"about":[{"href":"https:\/\/4x4-experience.de\/4x4\/wp-json\/wp\/v2\/types\/page"}],"author":[{"embeddable":true,"href":"https:\/\/4x4-experience.de\/4x4\/wp-json\/wp\/v2\/users\/1"}],"replies":[{"embeddable":true,"href":"https:\/\/4x4-experience.de\/4x4\/wp-json\/wp\/v2\/comments?post=1146"}],"version-history":[{"count":34,"href":"https:\/\/4x4-experience.de\/4x4\/wp-json\/wp\/v2\/pages\/1146\/revisions"}],"predecessor-version":[{"id":3468,"href":"https:\/\/4x4-experience.de\/4x4\/wp-json\/wp\/v2\/pages\/1146\/revisions\/3468"}],"wp:attachment":[{"href":"https:\/\/4x4-experience.de\/4x4\/wp-json\/wp\/v2\/media?parent=1146"}],"curies":[{"name":"wp","href":"https:\/\/api.w.org\/{rel}","templated":true}]}}