{"id":1123,"date":"2024-06-20T17:49:13","date_gmt":"2024-06-20T15:49:13","guid":{"rendered":"https:\/\/4x4-experience.de\/4x4\/?page_id=1123"},"modified":"2026-03-20T10:58:11","modified_gmt":"2026-03-20T09:58:11","slug":"4x4-training","status":"publish","type":"page","link":"https:\/\/4x4-experience.de\/4x4\/4x4-training\/","title":{"rendered":"4&#215;4 Training"},"content":{"rendered":"<p>[et_pb_section fb_built=&#8220;1&#8243; _builder_version=&#8220;4.23.1&#8243; _module_preset=&#8220;default&#8220; custom_margin=&#8220;||-114px|||&#8220; custom_padding=&#8220;||0px|||&#8220; global_colors_info=&#8220;{}&#8220;][\/et_pb_section][et_pb_section fb_built=&#8220;1&#8243; fullwidth=&#8220;on&#8220; prev_background_color=&#8220;#000000&#8243; _builder_version=&#8220;4.23.1&#8243; _module_preset=&#8220;default&#8220; width=&#8220;100%&#8220; width_tablet=&#8220;&#8220; width_phone=&#8220;&#8220; width_last_edited=&#8220;on|phone&#8220; custom_margin=&#8220;75px||0px||false|false&#8220; custom_margin_tablet=&#8220;90px||||false|false&#8220; custom_margin_phone=&#8220;80px|||0px|false|false&#8220; custom_margin_last_edited=&#8220;on|phone&#8220; custom_padding=&#8220;0px||0px||false|false&#8220; top_divider_style=&#8220;mountains2&#8243; top_divider_height=&#8220;19px&#8220; top_divider_repeat=&#8220;1x&#8220; global_colors_info=&#8220;{}&#8220;][et_pb_fullwidth_image src=&#8220;https:\/\/4&#215;4-experience.de\/4&#215;4\/wp-content\/uploads\/2024\/07\/Auswahl-Training.jpg&#8220; title_text=&#8220;Auswahl-Training&#8220; disabled_on=&#8220;on|off|off&#8220; _builder_version=&#8220;4.23.1&#8243; _module_preset=&#8220;default&#8220; background_enable_image=&#8220;off&#8220; custom_margin=&#8220;-5px|||||&#8220; global_colors_info=&#8220;{}&#8220;][\/et_pb_fullwidth_image][\/et_pb_section][et_pb_section fb_built=&#8220;1&#8243; _builder_version=&#8220;4.23.1&#8243; _module_preset=&#8220;default&#8220; custom_margin=&#8220;||-6px|||&#8220; custom_padding=&#8220;11px||0px|||&#8220; global_colors_info=&#8220;{}&#8220;][et_pb_row column_structure=&#8220;1_3,1_3,1_3&#8243; disabled_on=&#8220;on|off|off&#8220; _builder_version=&#8220;4.23.1&#8243; _module_preset=&#8220;default&#8220; background_color=&#8220;#dddddd&#8220; width=&#8220;100%&#8220; max_width=&#8220;1400px&#8220; custom_padding=&#8220;10px||4px||false|false&#8220; border_radii=&#8220;on|8px|8px|8px|8px&#8220; global_colors_info=&#8220;{}&#8220;][et_pb_column type=&#8220;1_3&#8243; _builder_version=&#8220;4.23.1&#8243; _module_preset=&#8220;default&#8220; global_colors_info=&#8220;{}&#8220;][et_pb_text _builder_version=&#8220;4.23.1&#8243; _module_preset=&#8220;default&#8220; custom_margin=&#8220;|0px||0px|false|true&#8220; global_colors_info=&#8220;{}&#8220;]<\/p>\n<h2 style=\"text-align: center;\">Telefon\/WhatsApp:<\/h2>\n<h2 style=\"text-align: center; text-decoration: underline;\"><a href=\"tel:+491711443884\">+49-171 144 3884<\/a><\/h2>\n<p>[\/et_pb_text][\/et_pb_column][et_pb_column type=&#8220;1_3&#8243; _builder_version=&#8220;4.23.1&#8243; _module_preset=&#8220;default&#8220; global_colors_info=&#8220;{}&#8220;][et_pb_text _builder_version=&#8220;4.23.1&#8243; _module_preset=&#8220;default&#8220; custom_margin=&#8220;|0px||0px|false|true&#8220; global_colors_info=&#8220;{}&#8220;]<\/p>\n<h2 style=\"text-align: center;\">Reise\u00fcbersicht:<\/h2>\n<h2 style=\"text-align: center; text-decoration: underline;\"><a href=\"\/4x4\/termine\">4&#215;4 Offroad Termine<\/a><\/h2>\n<p>[\/et_pb_text][\/et_pb_column][et_pb_column type=&#8220;1_3&#8243; _builder_version=&#8220;4.23.1&#8243; _module_preset=&#8220;default&#8220; global_colors_info=&#8220;{}&#8220;][et_pb_text _builder_version=&#8220;4.23.1&#8243; _module_preset=&#8220;default&#8220; custom_margin=&#8220;|0px||0px|false|true&#8220; global_colors_info=&#8220;{}&#8220;]<\/p>\n<h2 style=\"text-align: center;\">Beratung\/Anmeldung:<\/h2>\n<h2 style=\"text-align: center; text-decoration: underline;\"><a href=\"\/4x4\/anmeldeformular-2025\">ANMELDEFORMULAR<\/a><\/h2>\n<p>[\/et_pb_text][\/et_pb_column][\/et_pb_row][\/et_pb_section][et_pb_section fb_built=&#8220;1&#8243; _builder_version=&#8220;4.23.1&#8243; _module_preset=&#8220;default&#8220; custom_margin=&#8220;9px|||||&#8220; custom_padding=&#8220;3px|||||&#8220; global_colors_info=&#8220;{}&#8220;][et_pb_row column_structure=&#8220;1_3,1_3,1_3&#8243; _builder_version=&#8220;4.23.1&#8243; _module_preset=&#8220;default&#8220; background_enable_image=&#8220;off&#8220; width=&#8220;100%&#8220; max_width=&#8220;1400px&#8220; custom_margin_tablet=&#8220;&#8220; custom_margin_phone=&#8220;20px||||false|false&#8220; custom_margin_last_edited=&#8220;on|phone&#8220; custom_padding=&#8220;0px|||||&#8220; global_colors_info=&#8220;{}&#8220;][et_pb_column type=&#8220;1_3&#8243; _builder_version=&#8220;4.23.1&#8243; _module_preset=&#8220;default&#8220; background_enable_image=&#8220;off&#8220; global_colors_info=&#8220;{}&#8220;][et_pb_text _builder_version=&#8220;4.27.4&#8243; _module_preset=&#8220;default&#8220; background_image=&#8220;https:\/\/4&#215;4-experience.de\/4&#215;4\/wp-content\/uploads\/2024\/06\/Grosses-Training-auswahlbild-2.jpg&#8220; min_height=&#8220;350px&#8220; custom_margin=&#8220;||-9px|||&#8220; custom_padding=&#8220;10px|||10px|false|false&#8220; link_option_url=&#8220;\/4&#215;4\/offroad-training&#8220; global_colors_info=&#8220;{}&#8220;]<\/p>\n<div class=\"startseite\">\n<h3>Gel\u00e4ndewagen-Fahrschule<\/h3>\n<h2>Grosses Offroad Training<\/h2>\n<\/div>\n<p>[\/et_pb_text][\/et_pb_column][et_pb_column type=&#8220;1_3&#8243; _builder_version=&#8220;4.23.1&#8243; _module_preset=&#8220;default&#8220; global_colors_info=&#8220;{}&#8220;][et_pb_text _builder_version=&#8220;4.23.1&#8243; _module_preset=&#8220;default&#8220; background_image=&#8220;https:\/\/4&#215;4-experience.de\/4&#215;4\/wp-content\/uploads\/2024\/06\/Schrauber-Auswahlbild.jpg&#8220; min_height=&#8220;350px&#8220; custom_margin=&#8220;||-9px|||&#8220; custom_padding=&#8220;10px|||10px|false|false&#8220; link_option_url=&#8220;\/4&#215;4\/4&#215;4-schrauber&#8220; global_colors_info=&#8220;{}&#8220;]<\/p>\n<div class=\"startseite\">\n<h3>Das Original<\/h3>\n<h2>Der 4\u00d74-Schrauberkurs<\/h2>\n<\/div>\n<p>[\/et_pb_text][\/et_pb_column][et_pb_column type=&#8220;1_3&#8243; _builder_version=&#8220;4.23.1&#8243; _module_preset=&#8220;default&#8220; global_colors_info=&#8220;{}&#8220;][et_pb_text _builder_version=&#8220;4.23.1&#8243; _module_preset=&#8220;default&#8220; background_image=&#8220;https:\/\/4&#215;4-experience.de\/4&#215;4\/wp-content\/uploads\/2024\/06\/Exp-Master-Auswahl.jpg&#8220; min_height=&#8220;350px&#8220; custom_margin=&#8220;||-9px|||&#8220; custom_padding=&#8220;10px|||10px|false|false&#8220; link_option_url=&#8220;\/4&#215;4\/expeditions-training&#8220; global_colors_info=&#8220;{}&#8220;]<\/p>\n<div class=\"startseite\">\n<h3>Spezial-Training<\/h3>\n<h2>Expeditions-Master-Training<\/h2>\n<\/div>\n<p>[\/et_pb_text][\/et_pb_column][\/et_pb_row][et_pb_row column_structure=&#8220;1_3,1_3,1_3&#8243; _builder_version=&#8220;4.23.1&#8243; _module_preset=&#8220;default&#8220; background_enable_image=&#8220;off&#8220; width=&#8220;100%&#8220; max_width=&#8220;1400px&#8220; global_colors_info=&#8220;{}&#8220;][et_pb_column type=&#8220;1_3&#8243; _builder_version=&#8220;4.23.1&#8243; _module_preset=&#8220;default&#8220; background_enable_image=&#8220;off&#8220; global_colors_info=&#8220;{}&#8220;][et_pb_text _builder_version=&#8220;4.23.1&#8243; _module_preset=&#8220;default&#8220; background_image=&#8220;https:\/\/4&#215;4-experience.de\/4&#215;4\/wp-content\/uploads\/2024\/06\/Ladies-Training-Auswahl.jpg&#8220; min_height=&#8220;350px&#8220; custom_margin=&#8220;||-9px|||&#8220; custom_padding=&#8220;10px|||10px|false|false&#8220; link_option_url=&#8220;\/4&#215;4\/ladies-camp&#8220; global_colors_info=&#8220;{}&#8220;]<\/p>\n<div class=\"startseite\">\n<h3>Gel\u00e4ndewagen-Fahrschule<\/h3>\n<h2>Ladies-Offroad-Trainingscamp<\/h2>\n<\/div>\n<p>[\/et_pb_text][\/et_pb_column][et_pb_column type=&#8220;1_3&#8243; _builder_version=&#8220;4.23.1&#8243; _module_preset=&#8220;default&#8220; global_colors_info=&#8220;{}&#8220;][et_pb_text _builder_version=&#8220;4.23.1&#8243; _module_preset=&#8220;default&#8220; background_image=&#8220;https:\/\/4&#215;4-experience.de\/4&#215;4\/wp-content\/uploads\/2024\/06\/Individual-Tour-Auswahl.jpg&#8220; min_height=&#8220;350px&#8220; custom_margin=&#8220;||-9px|||&#8220; custom_padding=&#8220;10px|||10px|false|false&#8220; link_option_url=&#8220;\/4&#215;4\/individuallehrgang&#8220; global_colors_info=&#8220;{}&#8220;]<\/p>\n<div class=\"startseite\">\n<h3>Spezial-Training<\/h3>\n<h2>Individual-Lehrgang<\/h2>\n<\/div>\n<p>[\/et_pb_text][\/et_pb_column][et_pb_column type=&#8220;1_3&#8243; _builder_version=&#8220;4.23.1&#8243; _module_preset=&#8220;default&#8220; global_colors_info=&#8220;{}&#8220;][\/et_pb_column][\/et_pb_row][\/et_pb_section]<\/p>\n","protected":false},"excerpt":{"rendered":"<p>Telefon\/WhatsApp: +49-171 144 3884Reise\u00fcbersicht: 4&#215;4 Offroad TermineBeratung\/Anmeldung: ANMELDEFORMULAR Gel\u00e4ndewagen-Fahrschule Grosses Offroad Training Das Original Der 4\u00d74-Schrauberkurs Spezial-Training Expeditions-Master-Training Gel\u00e4ndewagen-Fahrschule Ladies-Offroad-Trainingscamp Spezial-Training Individual-Lehrgang<\/p>\n","protected":false},"author":1,"featured_media":0,"parent":0,"menu_order":0,"comment_status":"closed","ping_status":"closed","template":"","meta":{"_et_pb_use_builder":"on","_et_pb_old_content":"","_et_gb_content_width":"","footnotes":""},"class_list":["post-1123","page","type-page","status-publish","hentry"],"yoast_head":"<!-- This site is optimized with the Yoast SEO Premium plugin v27.0 (Yoast SEO v27.3) - https:\/\/yoast.com\/product\/yoast-seo-premium-wordpress\/ -->\n<title>Offroad-Training f\u00fcr Abenteurer in der Natur<\/title>\n<meta name=\"description\" content=\"Wie bereite ich meinen Gel\u00e4ndewagen auf eine Island-Durchquerung vor? Entdecken Sie Offroad-Training f\u00fcr Abenteuer und Herausforderungen im Gel\u00e4nde. Werden Sie zum Offroad-Profi.\" \/>\n<meta name=\"robots\" content=\"index, follow, max-snippet:-1, max-image-preview:large, max-video-preview:-1\" \/>\n<link rel=\"canonical\" href=\"https:\/\/4x4-experience.de\/4x4\/4x4-training\/\" \/>\n<meta property=\"og:locale\" content=\"de_DE\" \/>\n<meta property=\"og:type\" content=\"article\" \/>\n<meta property=\"og:title\" content=\"4x4 Training\" \/>\n<meta property=\"og:description\" content=\"Wie bereite ich meinen Gel\u00e4ndewagen auf eine Island-Durchquerung vor? Entdecken Sie Offroad-Training f\u00fcr Abenteuer und Herausforderungen im Gel\u00e4nde. Werden Sie zum Offroad-Profi.\" \/>\n<meta property=\"og:url\" content=\"https:\/\/4x4-experience.de\/4x4\/4x4-training\/\" \/>\n<meta property=\"og:site_name\" content=\"4x4 Experience, Offroadreise, Offroad Reisen\" \/>\n<meta property=\"article:publisher\" content=\"https:\/\/www.facebook.com\/www.4x4Experience\/\" \/>\n<meta property=\"article:modified_time\" content=\"2026-03-20T09:58:11+00:00\" \/>\n<meta name=\"twitter:card\" content=\"summary_large_image\" \/>\n<meta name=\"twitter:label1\" content=\"Gesch\u00e4tzte Lesezeit\" \/>\n\t<meta name=\"twitter:data1\" content=\"1\u00a0Minute\" \/>\n<script type=\"application\/ld+json\" class=\"yoast-schema-graph\">{\"@context\":\"https:\\\/\\\/schema.org\",\"@graph\":[{\"@type\":\"WebPage\",\"@id\":\"https:\\\/\\\/4x4-experience.de\\\/4x4\\\/4x4-training\\\/\",\"url\":\"https:\\\/\\\/4x4-experience.de\\\/4x4\\\/4x4-training\\\/\",\"name\":\"Offroad-Training f\u00fcr Abenteurer in der Natur\",\"isPartOf\":{\"@id\":\"https:\\\/\\\/4x4-experience.de\\\/4x4\\\/#website\"},\"datePublished\":\"2024-06-20T15:49:13+00:00\",\"dateModified\":\"2026-03-20T09:58:11+00:00\",\"description\":\"Wie bereite ich meinen Gel\u00e4ndewagen auf eine Island-Durchquerung vor? Entdecken Sie Offroad-Training f\u00fcr Abenteuer und Herausforderungen im Gel\u00e4nde. Werden Sie zum Offroad-Profi.\",\"breadcrumb\":{\"@id\":\"https:\\\/\\\/4x4-experience.de\\\/4x4\\\/4x4-training\\\/#breadcrumb\"},\"inLanguage\":\"de\",\"potentialAction\":[{\"@type\":\"ReadAction\",\"target\":[\"https:\\\/\\\/4x4-experience.de\\\/4x4\\\/4x4-training\\\/\"]}]},{\"@type\":\"BreadcrumbList\",\"@id\":\"https:\\\/\\\/4x4-experience.de\\\/4x4\\\/4x4-training\\\/#breadcrumb\",\"itemListElement\":[{\"@type\":\"ListItem\",\"position\":1,\"name\":\"Startseite\",\"item\":\"https:\\\/\\\/4x4-experience.de\\\/4x4\\\/\"},{\"@type\":\"ListItem\",\"position\":2,\"name\":\"4&#215;4 Training\"}]},{\"@type\":\"WebSite\",\"@id\":\"https:\\\/\\\/4x4-experience.de\\\/4x4\\\/#website\",\"url\":\"https:\\\/\\\/4x4-experience.de\\\/4x4\\\/\",\"name\":\"4x4 Experience, Offroadreise, Offroad Reisen\",\"description\":\"4x4 Offroad Europa und Nordafrika\",\"potentialAction\":[{\"@type\":\"SearchAction\",\"target\":{\"@type\":\"EntryPoint\",\"urlTemplate\":\"https:\\\/\\\/4x4-experience.de\\\/4x4\\\/?s={search_term_string}\"},\"query-input\":{\"@type\":\"PropertyValueSpecification\",\"valueRequired\":true,\"valueName\":\"search_term_string\"}}],\"inLanguage\":\"de\"}]}<\/script>\n<!-- \/ Yoast SEO Premium plugin. -->","yoast_head_json":{"title":"Offroad-Training f\u00fcr Abenteurer in der Natur","description":"Wie bereite ich meinen Gel\u00e4ndewagen auf eine Island-Durchquerung vor? Entdecken Sie Offroad-Training f\u00fcr Abenteuer und Herausforderungen im Gel\u00e4nde. Werden Sie zum Offroad-Profi.","robots":{"index":"index","follow":"follow","max-snippet":"max-snippet:-1","max-image-preview":"max-image-preview:large","max-video-preview":"max-video-preview:-1"},"canonical":"https:\/\/4x4-experience.de\/4x4\/4x4-training\/","og_locale":"de_DE","og_type":"article","og_title":"4x4 Training","og_description":"Wie bereite ich meinen Gel\u00e4ndewagen auf eine Island-Durchquerung vor? Entdecken Sie Offroad-Training f\u00fcr Abenteuer und Herausforderungen im Gel\u00e4nde. Werden Sie zum Offroad-Profi.","og_url":"https:\/\/4x4-experience.de\/4x4\/4x4-training\/","og_site_name":"4x4 Experience, Offroadreise, Offroad Reisen","article_publisher":"https:\/\/www.facebook.com\/www.4x4Experience\/","article_modified_time":"2026-03-20T09:58:11+00:00","twitter_card":"summary_large_image","twitter_misc":{"Gesch\u00e4tzte Lesezeit":"1\u00a0Minute"},"schema":{"@context":"https:\/\/schema.org","@graph":[{"@type":"WebPage","@id":"https:\/\/4x4-experience.de\/4x4\/4x4-training\/","url":"https:\/\/4x4-experience.de\/4x4\/4x4-training\/","name":"Offroad-Training f\u00fcr Abenteurer in der Natur","isPartOf":{"@id":"https:\/\/4x4-experience.de\/4x4\/#website"},"datePublished":"2024-06-20T15:49:13+00:00","dateModified":"2026-03-20T09:58:11+00:00","description":"Wie bereite ich meinen Gel\u00e4ndewagen auf eine Island-Durchquerung vor? Entdecken Sie Offroad-Training f\u00fcr Abenteuer und Herausforderungen im Gel\u00e4nde. Werden Sie zum Offroad-Profi.","breadcrumb":{"@id":"https:\/\/4x4-experience.de\/4x4\/4x4-training\/#breadcrumb"},"inLanguage":"de","potentialAction":[{"@type":"ReadAction","target":["https:\/\/4x4-experience.de\/4x4\/4x4-training\/"]}]},{"@type":"BreadcrumbList","@id":"https:\/\/4x4-experience.de\/4x4\/4x4-training\/#breadcrumb","itemListElement":[{"@type":"ListItem","position":1,"name":"Startseite","item":"https:\/\/4x4-experience.de\/4x4\/"},{"@type":"ListItem","position":2,"name":"4&#215;4 Training"}]},{"@type":"WebSite","@id":"https:\/\/4x4-experience.de\/4x4\/#website","url":"https:\/\/4x4-experience.de\/4x4\/","name":"4x4 Experience, Offroadreise, Offroad Reisen","description":"4x4 Offroad Europa und Nordafrika","potentialAction":[{"@type":"SearchAction","target":{"@type":"EntryPoint","urlTemplate":"https:\/\/4x4-experience.de\/4x4\/?s={search_term_string}"},"query-input":{"@type":"PropertyValueSpecification","valueRequired":true,"valueName":"search_term_string"}}],"inLanguage":"de"}]}},"_links":{"self":[{"href":"https:\/\/4x4-experience.de\/4x4\/wp-json\/wp\/v2\/pages\/1123","targetHints":{"allow":["GET"]}}],"collection":[{"href":"https:\/\/4x4-experience.de\/4x4\/wp-json\/wp\/v2\/pages"}],"about":[{"href":"https:\/\/4x4-experience.de\/4x4\/wp-json\/wp\/v2\/types\/page"}],"author":[{"embeddable":true,"href":"https:\/\/4x4-experience.de\/4x4\/wp-json\/wp\/v2\/users\/1"}],"replies":[{"embeddable":true,"href":"https:\/\/4x4-experience.de\/4x4\/wp-json\/wp\/v2\/comments?post=1123"}],"version-history":[{"count":30,"href":"https:\/\/4x4-experience.de\/4x4\/wp-json\/wp\/v2\/pages\/1123\/revisions"}],"predecessor-version":[{"id":3568,"href":"https:\/\/4x4-experience.de\/4x4\/wp-json\/wp\/v2\/pages\/1123\/revisions\/3568"}],"wp:attachment":[{"href":"https:\/\/4x4-experience.de\/4x4\/wp-json\/wp\/v2\/media?parent=1123"}],"curies":[{"name":"wp","href":"https:\/\/api.w.org\/{rel}","templated":true}]}}