{"id":1109,"date":"2024-06-20T17:05:40","date_gmt":"2024-06-20T15:05:40","guid":{"rendered":"https:\/\/4x4-experience.de\/4x4\/?page_id=1109"},"modified":"2025-09-01T16:53:24","modified_gmt":"2025-09-01T14:53:24","slug":"pyrenaeen","status":"publish","type":"page","link":"https:\/\/4x4-experience.de\/4x4\/pyrenaeen\/","title":{"rendered":"Pyren\u00e4en"},"content":{"rendered":"\n[et_pb_section fb_built=&#8220;1&#8243; _builder_version=&#8220;4.23.1&#8243; _module_preset=&#8220;default&#8220; custom_margin=&#8220;||-114px|||&#8220; custom_padding=&#8220;||0px|||&#8220; global_colors_info=&#8220;{}&#8220;][\/et_pb_section][et_pb_section fb_built=&#8220;1&#8243; fullwidth=&#8220;on&#8220; prev_background_color=&#8220;#000000&#8243; _builder_version=&#8220;4.23.1&#8243; _module_preset=&#8220;default&#8220; width=&#8220;100%&#8220; width_tablet=&#8220;&#8220; width_phone=&#8220;&#8220; width_last_edited=&#8220;on|phone&#8220; custom_margin=&#8220;80px||||false|false&#8220; custom_margin_tablet=&#8220;90px||||false|false&#8220; custom_margin_phone=&#8220;150px|||0px|false|false&#8220; custom_margin_last_edited=&#8220;on|phone&#8220; custom_padding=&#8220;0px||||false|false&#8220; top_divider_style=&#8220;mountains2&#8243; top_divider_height=&#8220;19px&#8220; top_divider_repeat=&#8220;1x&#8220; global_colors_info=&#8220;{}&#8220;][et_pb_fullwidth_image src=&#8220;https:\/\/4&#215;4-experience.de\/4&#215;4\/wp-content\/uploads\/2024\/07\/Auswahl-Pyrenaeen-Hotel.jpg&#8220; title_text=&#8220;Auswahl-Pyrenaeen-Hotel-mobile&#8220; src_tablet=&#8220;https:\/\/4&#215;4-experience.de\/4&#215;4\/wp-content\/uploads\/2024\/07\/Auswahl-Pyrenaeen-Hotel.jpg&#8220; src_phone=&#8220;https:\/\/4&#215;4-experience.de\/4&#215;4\/wp-content\/uploads\/2024\/07\/Auswahl-Pyrenaeen-Hotel-mobile-2.jpg&#8220; src_last_edited=&#8220;on|phone&#8220; _builder_version=&#8220;4.23.1&#8243; _module_preset=&#8220;default&#8220; custom_margin=&#8220;0px||0px||false|false&#8220; custom_padding=&#8220;0px||0px||false|false&#8220; global_colors_info=&#8220;{}&#8220;][\/et_pb_fullwidth_image][\/et_pb_section][et_pb_section fb_built=&#8220;1&#8243; _builder_version=&#8220;4.23.1&#8243; _module_preset=&#8220;default&#8220; custom_margin=&#8220;||-6px|||&#8220; custom_padding=&#8220;14px||0px|||&#8220; global_colors_info=&#8220;{}&#8220;][et_pb_row column_structure=&#8220;1_3,1_3,1_3&#8243; disabled_on=&#8220;on|off|off&#8220; _builder_version=&#8220;4.23.1&#8243; _module_preset=&#8220;default&#8220; width=&#8220;100%&#8220; max_width=&#8220;1400px&#8220; custom_padding=&#8220;10px||4px||false|false&#8220; hover_enabled=&#8220;0&#8243; global_colors_info=&#8220;{}&#8220; background_color=&#8220;#dddddd&#8220; sticky_enabled=&#8220;0&#8243; border_radii=&#8220;on|8px|8px|8px|8px&#8220;][et_pb_column type=&#8220;1_3&#8243; _builder_version=&#8220;4.23.1&#8243; _module_preset=&#8220;default&#8220; global_colors_info=&#8220;{}&#8220;][et_pb_text _builder_version=&#8220;4.23.1&#8243; _module_preset=&#8220;default&#8220; global_colors_info=&#8220;{}&#8220;]<h2 style=\"text-align: center;\">Telefon\/WhatsApp:<\/h2>\n<h2 style=\"text-align: center; text-decoration: underline;\"><a href=\"tel:+491711443884\">+49-171 144 3884<\/a><\/h2>[\/et_pb_text][\/et_pb_column][et_pb_column type=&#8220;1_3&#8243; _builder_version=&#8220;4.23.1&#8243; _module_preset=&#8220;default&#8220; global_colors_info=&#8220;{}&#8220;][et_pb_text _builder_version=&#8220;4.23.1&#8243; _module_preset=&#8220;default&#8220; global_colors_info=&#8220;{}&#8220;]<h2 style=\"text-align: center;\">Reise\u00fcbersicht:<\/h2>\n<h2 style=\"text-align: center; text-decoration: underline;\"><a href=\"\/4x4\/termine\">4&#215;4 Offroad Termine<\/a><\/h2>[\/et_pb_text][\/et_pb_column][et_pb_column type=&#8220;1_3&#8243; _builder_version=&#8220;4.23.1&#8243; _module_preset=&#8220;default&#8220; global_colors_info=&#8220;{}&#8220;][et_pb_text _builder_version=&#8220;4.23.1&#8243; _module_preset=&#8220;default&#8220; global_colors_info=&#8220;{}&#8220;]<h2 style=\"text-align: center;\">Beratung\/Anmeldung:<\/h2>\n<h2 style=\"text-align: center; text-decoration: underline;\"><a href=\"\/4x4\/anmeldeformular-2025\">ANMELDEFORMULAR<\/a><\/h2>[\/et_pb_text][\/et_pb_column][\/et_pb_row][\/et_pb_section][et_pb_section fb_built=&#8220;1&#8243; _builder_version=&#8220;4.23.1&#8243; _module_preset=&#8220;default&#8220; custom_padding=&#8220;0px|||||&#8220; global_colors_info=&#8220;{}&#8220; custom_margin=&#8220;17px|||||&#8220;][et_pb_row column_structure=&#8220;1_2,1_2&#8243; _builder_version=&#8220;4.23.1&#8243; _module_preset=&#8220;default&#8220; background_enable_image=&#8220;off&#8220; width=&#8220;100%&#8220; max_width=&#8220;1400px&#8220; custom_padding=&#8220;3px|||||&#8220; global_colors_info=&#8220;{}&#8220;][et_pb_column type=&#8220;1_2&#8243; _builder_version=&#8220;4.23.1&#8243; _module_preset=&#8220;default&#8220; background_enable_image=&#8220;off&#8220; global_colors_info=&#8220;{}&#8220;][et_pb_text _builder_version=&#8220;4.23.1&#8243; _module_preset=&#8220;default&#8220; background_image=&#8220;https:\/\/4&#215;4-experience.de\/4&#215;4\/wp-content\/uploads\/2024\/06\/Unterseite-pyrenaeen-Auswahl.jpg&#8220; min_height=&#8220;350px&#8220; custom_margin=&#8220;|0px|-9px|||&#8220; custom_padding=&#8220;10px|||10px|false|false&#8220; link_option_url=&#8220;\/4&#215;4\/trans-pyrenaeen-tour&#8220; global_colors_info=&#8220;{}&#8220;]<div class=\"startseite\">\n<h3>Camps<\/h3>\n<h2>TRANS-PYREN\u00c4EN-TOUR<\/h2>\n<\/div>[\/et_pb_text][\/et_pb_column][et_pb_column type=&#8220;1_2&#8243; _builder_version=&#8220;4.23.1&#8243; _module_preset=&#8220;default&#8220; global_colors_info=&#8220;{}&#8220;][et_pb_text _builder_version=&#8220;4.23.1&#8243; _module_preset=&#8220;default&#8220; background_image=&#8220;https:\/\/4&#215;4-experience.de\/4&#215;4\/wp-content\/uploads\/2024\/06\/Pyrenaeen-Titelbild.jpg&#8220; min_height=&#8220;350px&#8220; custom_margin=&#8220;||-9px|||&#8220; custom_padding=&#8220;10px|||10px|false|false&#8220; link_option_url=&#8220;\/4&#215;4\/trans-pyrenaeen-albergo&#8220; global_colors_info=&#8220;{}&#8220;]<div class=\"startseite\">\n<h3>Hotels<\/h3>\n<h2>TRANS-PYREN\u00c4EN-ALBERGO<\/h2>\n<\/div>[\/et_pb_text][\/et_pb_column][\/et_pb_row][\/et_pb_section]\n","protected":false},"excerpt":{"rendered":"<p>Telefon\/WhatsApp: +49-171 144 3884Reise\u00fcbersicht: 4&#215;4 Offroad TermineBeratung\/Anmeldung: ANMELDEFORMULAR Camps TRANS-PYREN\u00c4EN-TOUR Hotels TRANS-PYREN\u00c4EN-ALBERGO<\/p>\n","protected":false},"author":1,"featured_media":0,"parent":0,"menu_order":0,"comment_status":"closed","ping_status":"closed","template":"","meta":{"_et_pb_use_builder":"on","_et_pb_old_content":"","_et_gb_content_width":"","footnotes":""},"class_list":["post-1109","page","type-page","status-publish","hentry"],"yoast_head":"<!-- This site is optimized with the Yoast SEO Premium plugin v27.0 (Yoast SEO v27.3) - https:\/\/yoast.com\/product\/yoast-seo-premium-wordpress\/ -->\n<title>Pyren\u00e4en: Tipps f\u00fcr den perfekten Outdoor-Urlaub<\/title>\n<meta name=\"description\" content=\"Planen Sie Ihren n\u00e4chsten Urlaub in die Pyren\u00e4en und entdecken Sie die Faszination dieser einzigartigen Gebirgslandschaft.\" \/>\n<meta name=\"robots\" content=\"index, follow, max-snippet:-1, max-image-preview:large, max-video-preview:-1\" \/>\n<link rel=\"canonical\" href=\"https:\/\/4x4-experience.de\/4x4\/pyrenaeen\/\" \/>\n<meta property=\"og:locale\" content=\"de_DE\" \/>\n<meta property=\"og:type\" content=\"article\" \/>\n<meta property=\"og:title\" content=\"Pyren\u00e4en\" \/>\n<meta property=\"og:description\" content=\"Planen Sie Ihren n\u00e4chsten Urlaub in die Pyren\u00e4en und entdecken Sie die Faszination dieser einzigartigen Gebirgslandschaft.\" \/>\n<meta property=\"og:url\" content=\"https:\/\/4x4-experience.de\/4x4\/pyrenaeen\/\" \/>\n<meta property=\"og:site_name\" content=\"4x4 Experience, Offroadreise, Offroad Reisen\" \/>\n<meta property=\"article:publisher\" content=\"https:\/\/www.facebook.com\/www.4x4Experience\/\" \/>\n<meta property=\"article:modified_time\" content=\"2025-09-01T14:53:24+00:00\" \/>\n<meta name=\"twitter:card\" content=\"summary_large_image\" \/>\n<meta name=\"twitter:label1\" content=\"Gesch\u00e4tzte Lesezeit\" \/>\n\t<meta name=\"twitter:data1\" content=\"1\u00a0Minute\" \/>\n<script type=\"application\/ld+json\" class=\"yoast-schema-graph\">{\"@context\":\"https:\\\/\\\/schema.org\",\"@graph\":[{\"@type\":\"WebPage\",\"@id\":\"https:\\\/\\\/4x4-experience.de\\\/4x4\\\/pyrenaeen\\\/\",\"url\":\"https:\\\/\\\/4x4-experience.de\\\/4x4\\\/pyrenaeen\\\/\",\"name\":\"Pyren\u00e4en: Tipps f\u00fcr den perfekten Outdoor-Urlaub\",\"isPartOf\":{\"@id\":\"https:\\\/\\\/4x4-experience.de\\\/4x4\\\/#website\"},\"datePublished\":\"2024-06-20T15:05:40+00:00\",\"dateModified\":\"2025-09-01T14:53:24+00:00\",\"description\":\"Planen Sie Ihren n\u00e4chsten Urlaub in die Pyren\u00e4en und entdecken Sie die Faszination dieser einzigartigen Gebirgslandschaft.\",\"breadcrumb\":{\"@id\":\"https:\\\/\\\/4x4-experience.de\\\/4x4\\\/pyrenaeen\\\/#breadcrumb\"},\"inLanguage\":\"de\",\"potentialAction\":[{\"@type\":\"ReadAction\",\"target\":[\"https:\\\/\\\/4x4-experience.de\\\/4x4\\\/pyrenaeen\\\/\"]}]},{\"@type\":\"BreadcrumbList\",\"@id\":\"https:\\\/\\\/4x4-experience.de\\\/4x4\\\/pyrenaeen\\\/#breadcrumb\",\"itemListElement\":[{\"@type\":\"ListItem\",\"position\":1,\"name\":\"Startseite\",\"item\":\"https:\\\/\\\/4x4-experience.de\\\/4x4\\\/\"},{\"@type\":\"ListItem\",\"position\":2,\"name\":\"Pyren\u00e4en\"}]},{\"@type\":\"WebSite\",\"@id\":\"https:\\\/\\\/4x4-experience.de\\\/4x4\\\/#website\",\"url\":\"https:\\\/\\\/4x4-experience.de\\\/4x4\\\/\",\"name\":\"4x4 Experience, Offroadreise, Offroad Reisen\",\"description\":\"4x4 Offroad Europa und Nordafrika\",\"potentialAction\":[{\"@type\":\"SearchAction\",\"target\":{\"@type\":\"EntryPoint\",\"urlTemplate\":\"https:\\\/\\\/4x4-experience.de\\\/4x4\\\/?s={search_term_string}\"},\"query-input\":{\"@type\":\"PropertyValueSpecification\",\"valueRequired\":true,\"valueName\":\"search_term_string\"}}],\"inLanguage\":\"de\"}]}<\/script>\n<!-- \/ Yoast SEO Premium plugin. -->","yoast_head_json":{"title":"Pyren\u00e4en: Tipps f\u00fcr den perfekten Outdoor-Urlaub","description":"Planen Sie Ihren n\u00e4chsten Urlaub in die Pyren\u00e4en und entdecken Sie die Faszination dieser einzigartigen Gebirgslandschaft.","robots":{"index":"index","follow":"follow","max-snippet":"max-snippet:-1","max-image-preview":"max-image-preview:large","max-video-preview":"max-video-preview:-1"},"canonical":"https:\/\/4x4-experience.de\/4x4\/pyrenaeen\/","og_locale":"de_DE","og_type":"article","og_title":"Pyren\u00e4en","og_description":"Planen Sie Ihren n\u00e4chsten Urlaub in die Pyren\u00e4en und entdecken Sie die Faszination dieser einzigartigen Gebirgslandschaft.","og_url":"https:\/\/4x4-experience.de\/4x4\/pyrenaeen\/","og_site_name":"4x4 Experience, Offroadreise, Offroad Reisen","article_publisher":"https:\/\/www.facebook.com\/www.4x4Experience\/","article_modified_time":"2025-09-01T14:53:24+00:00","twitter_card":"summary_large_image","twitter_misc":{"Gesch\u00e4tzte Lesezeit":"1\u00a0Minute"},"schema":{"@context":"https:\/\/schema.org","@graph":[{"@type":"WebPage","@id":"https:\/\/4x4-experience.de\/4x4\/pyrenaeen\/","url":"https:\/\/4x4-experience.de\/4x4\/pyrenaeen\/","name":"Pyren\u00e4en: Tipps f\u00fcr den perfekten Outdoor-Urlaub","isPartOf":{"@id":"https:\/\/4x4-experience.de\/4x4\/#website"},"datePublished":"2024-06-20T15:05:40+00:00","dateModified":"2025-09-01T14:53:24+00:00","description":"Planen Sie Ihren n\u00e4chsten Urlaub in die Pyren\u00e4en und entdecken Sie die Faszination dieser einzigartigen Gebirgslandschaft.","breadcrumb":{"@id":"https:\/\/4x4-experience.de\/4x4\/pyrenaeen\/#breadcrumb"},"inLanguage":"de","potentialAction":[{"@type":"ReadAction","target":["https:\/\/4x4-experience.de\/4x4\/pyrenaeen\/"]}]},{"@type":"BreadcrumbList","@id":"https:\/\/4x4-experience.de\/4x4\/pyrenaeen\/#breadcrumb","itemListElement":[{"@type":"ListItem","position":1,"name":"Startseite","item":"https:\/\/4x4-experience.de\/4x4\/"},{"@type":"ListItem","position":2,"name":"Pyren\u00e4en"}]},{"@type":"WebSite","@id":"https:\/\/4x4-experience.de\/4x4\/#website","url":"https:\/\/4x4-experience.de\/4x4\/","name":"4x4 Experience, Offroadreise, Offroad Reisen","description":"4x4 Offroad Europa und Nordafrika","potentialAction":[{"@type":"SearchAction","target":{"@type":"EntryPoint","urlTemplate":"https:\/\/4x4-experience.de\/4x4\/?s={search_term_string}"},"query-input":{"@type":"PropertyValueSpecification","valueRequired":true,"valueName":"search_term_string"}}],"inLanguage":"de"}]}},"_links":{"self":[{"href":"https:\/\/4x4-experience.de\/4x4\/wp-json\/wp\/v2\/pages\/1109","targetHints":{"allow":["GET"]}}],"collection":[{"href":"https:\/\/4x4-experience.de\/4x4\/wp-json\/wp\/v2\/pages"}],"about":[{"href":"https:\/\/4x4-experience.de\/4x4\/wp-json\/wp\/v2\/types\/page"}],"author":[{"embeddable":true,"href":"https:\/\/4x4-experience.de\/4x4\/wp-json\/wp\/v2\/users\/1"}],"replies":[{"embeddable":true,"href":"https:\/\/4x4-experience.de\/4x4\/wp-json\/wp\/v2\/comments?post=1109"}],"version-history":[{"count":14,"href":"https:\/\/4x4-experience.de\/4x4\/wp-json\/wp\/v2\/pages\/1109\/revisions"}],"predecessor-version":[{"id":3167,"href":"https:\/\/4x4-experience.de\/4x4\/wp-json\/wp\/v2\/pages\/1109\/revisions\/3167"}],"wp:attachment":[{"href":"https:\/\/4x4-experience.de\/4x4\/wp-json\/wp\/v2\/media?parent=1109"}],"curies":[{"name":"wp","href":"https:\/\/api.w.org\/{rel}","templated":true}]}}