{"id":1055,"date":"2024-06-20T11:38:59","date_gmt":"2024-06-20T09:38:59","guid":{"rendered":"https:\/\/4x4-experience.de\/4x4\/?page_id=1055"},"modified":"2026-03-19T13:38:53","modified_gmt":"2026-03-19T12:38:53","slug":"sizilien","status":"publish","type":"page","link":"https:\/\/4x4-experience.de\/4x4\/sizilien\/","title":{"rendered":"Sizilien"},"content":{"rendered":"<p>[et_pb_section fb_built=&#8220;1&#8243; _builder_version=&#8220;4.23.1&#8243; _module_preset=&#8220;default&#8220; background_color=&#8220;#FFFFFF&#8220; background_enable_image=&#8220;off&#8220; background_size=&#8220;contain&#8220; background_repeat=&#8220;repeat-x&#8220; background_blend=&#8220;screen&#8220; positioning=&#8220;fixed&#8220; position_origin_f=&#8220;top_center&#8220; custom_margin=&#8220;0px||0px||false|false&#8220; custom_padding=&#8220;0px||0px||false|false&#8220; global_colors_info=&#8220;{}&#8220;][et_pb_row _builder_version=&#8220;4.23.1&#8243; _module_preset=&#8220;default&#8220; width=&#8220;100%&#8220; width_tablet=&#8220;auto&#8220; width_phone=&#8220;auto&#8220; width_last_edited=&#8220;on|desktop&#8220; max_width=&#8220;1500px&#8220; max_width_tablet=&#8220;&#8220; max_width_phone=&#8220;&#8220; max_width_last_edited=&#8220;on|phone&#8220; module_alignment=&#8220;center&#8220; custom_margin=&#8220;0px|0px|0px|0px|false|false&#8220; custom_padding=&#8220;0px||0px||false|false&#8220; global_colors_info=&#8220;{}&#8220;][et_pb_column type=&#8220;4_4&#8243; _builder_version=&#8220;4.23.1&#8243; _module_preset=&#8220;default&#8220; global_colors_info=&#8220;{}&#8220;][et_pb_menu menu_style=&#8220;inline_centered_logo&#8220; submenu_direction=&#8220;downwards&#8220; dropdown_menu_bg_color=&#8220;#FFFFFF&#8220; dropdown_menu_text_color=&#8220;#000000&#8243; dropdown_menu_active_link_color=&#8220;#E09900&#8243; mobile_menu_bg_color=&#8220;#FFFFFF&#8220; mobile_menu_text_color=&#8220;#000000&#8243; logo=&#8220;https:\/\/4&#215;4-experience.de\/4&#215;4\/wp-content\/uploads\/2024\/05\/4x4_Logo_A1_sw.png&#8220; logo_url=&#8220;https:\/\/4&#215;4-experience.de\/4&#215;4&#8243; logo_alt=&#8220;4&#215;4 Experience, Offroad Reise, Offroad Tour, 4&#215;4 Reise, Gel\u00e4ndewagen, Marokko, Tunesien, Sardienien, Korsika&#8220; logo_width=&#8220;9%&#8220; menu_icon_color=&#8220;#000000&#8243; menu_icon_font_size=&#8220;39px&#8220; dropdown_menu_line_color_tablet=&#8220;&#8220; dropdown_menu_line_color_phone=&#8220;#000000&#8243; dropdown_menu_line_color_last_edited=&#8220;on|tablet&#8220; mobile_menu_bg_color_tablet=&#8220;#FFFFFF&#8220; mobile_menu_bg_color_phone=&#8220;#FFFFFF&#8220; mobile_menu_bg_color_last_edited=&#8220;on|phone&#8220; mobile_menu_text_color_tablet=&#8220;#FFFFFF&#8220; mobile_menu_text_color_phone=&#8220;#FFFFFF&#8220; mobile_menu_text_color_last_edited=&#8220;on|phone&#8220; _builder_version=&#8220;4.23.1&#8243; _module_preset=&#8220;default&#8220; menu_font=&#8220;Abel|700|||||||&#8220; menu_text_color=&#8220;#000000&#8243; menu_font_size=&#8220;17px&#8220; background_color=&#8220;rgba(255,255,255,0.06)&#8220; width=&#8220;100%&#8220; max_width=&#8220;1400px&#8220; module_alignment=&#8220;center&#8220; custom_margin=&#8220;0px||0px||false|false&#8220; custom_margin_tablet=&#8220;-47px||||false|false&#8220; custom_margin_phone=&#8220;-47px||||false|false&#8220; custom_margin_last_edited=&#8220;on|phone&#8220; custom_padding=&#8220;0px||0px||false|false&#8220; background_layout_tablet=&#8220;&#8220; background_layout_phone=&#8220;light&#8220; background_layout_last_edited=&#8220;on|phone&#8220; global_colors_info=&#8220;{}&#8220;][\/et_pb_menu][\/et_pb_column][\/et_pb_row][\/et_pb_section][et_pb_section fb_built=&#8220;1&#8243; _builder_version=&#8220;4.23.1&#8243; _module_preset=&#8220;default&#8220; custom_margin=&#8220;0px||-114px||false|false&#8220; custom_padding=&#8220;0px||0px||false|false&#8220; global_colors_info=&#8220;{}&#8220;][\/et_pb_section][et_pb_section fb_built=&#8220;1&#8243; fullwidth=&#8220;on&#8220; prev_background_color=&#8220;#000000&#8243; _builder_version=&#8220;4.23.1&#8243; _module_preset=&#8220;default&#8220; width=&#8220;100%&#8220; width_tablet=&#8220;&#8220; width_phone=&#8220;&#8220; width_last_edited=&#8220;on|phone&#8220; custom_margin=&#8220;130px||0px||false|false&#8220; custom_margin_tablet=&#8220;90px||||false|false&#8220; custom_margin_phone=&#8220;150px|||0px|false|false&#8220; custom_margin_last_edited=&#8220;on|phone&#8220; custom_padding=&#8220;0px||0px||false|false&#8220; top_divider_style=&#8220;mountains2&#8243; top_divider_height=&#8220;19px&#8220; top_divider_repeat=&#8220;1x&#8220; global_colors_info=&#8220;{}&#8220;][et_pb_fullwidth_image src=&#8220;https:\/\/4&#215;4-experience.de\/4&#215;4\/wp-content\/uploads\/2024\/06\/Sizilien-Camp-Auswahlbild-2.jpg&#8220; title_text=&#8220;Sizilien-Camp-07a-mobile&#8220; src_tablet=&#8220;https:\/\/4&#215;4-experience.de\/4&#215;4\/wp-content\/uploads\/2024\/06\/Sizilien-Camp-Auswahlbild-2.jpg&#8220; src_phone=&#8220;https:\/\/4&#215;4-experience.de\/4&#215;4\/wp-content\/uploads\/2024\/07\/Sizilien-Camp-07a-mobile-2.jpg&#8220; src_last_edited=&#8220;on|phone&#8220; _builder_version=&#8220;4.23.1&#8243; _module_preset=&#8220;default&#8220; custom_margin=&#8220;0px||0px||false|false&#8220; custom_padding=&#8220;0px||0px||false|false&#8220; global_colors_info=&#8220;{}&#8220;][\/et_pb_fullwidth_image][\/et_pb_section][et_pb_section fb_built=&#8220;1&#8243; _builder_version=&#8220;4.23.1&#8243; _module_preset=&#8220;default&#8220; custom_margin=&#8220;||-6px|||&#8220; custom_padding=&#8220;2px||0px|||&#8220; global_colors_info=&#8220;{}&#8220;][et_pb_row column_structure=&#8220;1_3,1_3,1_3&#8243; disabled_on=&#8220;on|off|off&#8220; _builder_version=&#8220;4.23.1&#8243; _module_preset=&#8220;default&#8220; width=&#8220;100%&#8220; max_width=&#8220;1286px&#8220; custom_padding=&#8220;19px|||||&#8220; global_colors_info=&#8220;{}&#8220;][et_pb_column type=&#8220;1_3&#8243; _builder_version=&#8220;4.23.1&#8243; _module_preset=&#8220;default&#8220; global_colors_info=&#8220;{}&#8220;][et_pb_text _builder_version=&#8220;4.23.1&#8243; _module_preset=&#8220;default&#8220; custom_margin=&#8220;|||9px||&#8220; custom_padding=&#8220;|||23px||&#8220; global_colors_info=&#8220;{}&#8220;]<\/p>\n<h2 style=\"text-align: center;\">Telefon\/WhatsApp:<\/h2>\n<h2 style=\"text-decoration: underline; text-align: center;\"><a href=\"tel:+491711443884\">+49-171 144 3884<\/a><\/h2>\n<p>[\/et_pb_text][\/et_pb_column][et_pb_column type=&#8220;1_3&#8243; _builder_version=&#8220;4.23.1&#8243; _module_preset=&#8220;default&#8220; global_colors_info=&#8220;{}&#8220;][et_pb_text _builder_version=&#8220;4.23.1&#8243; _module_preset=&#8220;default&#8220; custom_padding=&#8220;|30px||||&#8220; global_colors_info=&#8220;{}&#8220;]<\/p>\n<h2 style=\"text-align: center;\">Reise\u00fcbersicht:<\/h2>\n<h2 style=\"text-decoration: underline; text-align: center;\"><a href=\"\/4x4\/termine\">4&#215;4 Offroad Termine<\/a><\/h2>\n<p>[\/et_pb_text][\/et_pb_column][et_pb_column type=&#8220;1_3&#8243; _builder_version=&#8220;4.23.1&#8243; _module_preset=&#8220;default&#8220; global_colors_info=&#8220;{}&#8220;][et_pb_text _builder_version=&#8220;4.23.1&#8243; _module_preset=&#8220;default&#8220; custom_margin=&#8220;|||-41px||&#8220; custom_padding=&#8220;|115px||||&#8220; global_colors_info=&#8220;{}&#8220;]<\/p>\n<h2 style=\"text-align: center;\">Beratung\/Anmeldung:<\/h2>\n<h2 style=\"text-decoration: underline; text-align: center;\"><a href=\"\/4x4\/anmeldeformular-2025\">ANMELDEFORMULAR<\/a><\/h2>\n<p>[\/et_pb_text][\/et_pb_column][\/et_pb_row][\/et_pb_section][et_pb_section fb_built=&#8220;1&#8243; _builder_version=&#8220;4.23.1&#8243; _module_preset=&#8220;default&#8220; custom_margin=&#8220;-24px|||||&#8220; custom_padding=&#8220;14px||4px|||&#8220; global_colors_info=&#8220;{}&#8220;][et_pb_row column_structure=&#8220;2_3,1_3&#8243; _builder_version=&#8220;4.23.1&#8243; _module_preset=&#8220;default&#8220; custom_margin=&#8220;-12px|auto||auto||&#8220; custom_padding=&#8220;21px|||||&#8220; global_colors_info=&#8220;{}&#8220;][et_pb_column type=&#8220;2_3&#8243; _builder_version=&#8220;4.23.1&#8243; _module_preset=&#8220;default&#8220; global_colors_info=&#8220;{}&#8220;][et_pb_text _builder_version=&#8220;4.27.4&#8243; _module_preset=&#8220;default&#8220; custom_margin=&#8220;|||-2px||&#8220; custom_padding=&#8220;|||1px||&#8220; global_colors_info=&#8220;{}&#8220;]<\/p>\n<h1>Sizilien (IT) Offroad f\u00fcr Selbstfahrer<\/h1>\n<h2>Hotel Tour \u201eAuf den Spuren des Gottes Vulcanos\u201c<\/h2>\n<p>Willkommen auf deiner Offroad-Reise durch die wilde Natur Siziliens, auf den Spuren des Gottes Vulcanos! Deine Scouttour beginnt am Refugio &#8222;La Ginestra&#8220; am Monte Concilio, einem idealen Ausgangspunkt f\u00fcr dein Abenteuer. Es geht dann direkt hinein in die Hochebene bei Raddusa, dann weiter nach Pedagaggi und schlie\u00dflich in die N\u00e4he von Syrakus an der K\u00fcste. Tauche ein in die faszinierende Landschaft bei dieser au\u00dfergew\u00f6hnlichen Offroad Reise, erkunde abgelegene Pfade und entdecke die Sch\u00f6nheit dieser einzigartigen Region. Genie\u00dfe die atemberaubende Aussicht und sp\u00fcre die Kraft und Mystik, die von den Vulkanen Siziliens ausgeht. Bereit f\u00fcr ein unvergessliches Erlebnis? Dann lass uns gemeinsam auf Entdeckungsreise gehen! Wir \u00fcbernachten in ausgesuchten Hotels &#8211; je nach \u00f6rtlicher Gegebenheit.<\/p>\n<h4>Erlebe mit 4\u00d74-Experience\u00a0 Sizilien \u201eAuf den Spuren des Gottes Vulcanos\u201c<\/h4>\n<p>4&#215;4 Experience bietet auf Sizilien ein unvergessliches Offroad-Abenteuer auf abgelegenen Offroad-Pisten in der Hochebene von Sizilien. Erlebe die atemberaubende Landschaft und die spannenden Herausforderungen, die nur ein Gel\u00e4ndewagen meistern kann. Tauche ein in die unber\u00fchrte Natur und genie\u00dfe die Freiheit, die Dir nur eine Offroad-Reise bieten kann. Bereit f\u00fcr das ultimative Offroad-Erlebnis?<\/p>\n<p>Sizilien, die atemberaubende Insel im Mittelmeer, beeindruckt mit ihrer Natursch\u00f6nheit, gepr\u00e4gt von majest\u00e4tischen Vulkanen und malerischen Hochebenen. Unsere Offroad-Tour auf den 4&#215;4 Pisten der Insel erm\u00f6glicht es, die wechselvolle Geschichte Siziliens hautnah zu erleben. Entdecke die vielf\u00e4ltige K\u00fcstenlandschaft, durchqueren Sie Olivenhaine und erkunden Sie verfallene Gem\u00e4uer, die von vergangenen Zeiten zeugen. Tauche ein in die faszinierende Welt Siziliens und lassen Sie sich von seiner Sch\u00f6nheit und Geschichte verzaubern.<\/p>\n<p>&#8222;<strong>Auf den Spuren des Gottes Vulcanos<\/strong>&#8220; im Gel\u00e4ndewagen!<br \/>Du bist interessiert? Dann nichts wie los!<\/p>\n<p>[\/et_pb_text][et_pb_text _builder_version=&#8220;4.27.4&#8243; _module_preset=&#8220;default&#8220; global_colors_info=&#8220;{}&#8220;]<\/p>\n<h2>Schwierigkeitsgrad: <span style=\"font-weight: bold; color: #ff9900; font-size: 15pt;\">\u2736\u2736\u2736<\/span><span style=\"font-size: 14pt;\">\u2736\u2736<\/span> bis <span style=\"font-weight: bold; color: #ff9900; font-size: 15pt;\">\u2736\u2736\u2736\u2736<\/span><span style=\"font-size: 14pt;\">\u2736<\/span><\/h2>\n<p>Erl\u00e4uterung Schwierigkeitsgrade &gt;&gt;&gt;&gt; <a style=\"color: #000; text-decoration: underline; font-weight: bold;\" href=\"https:\/\/vdord.de\/klassifizierung-von-schwierigkeits-graden-bei-offroad-reisen\/\">HIER<\/a>[\/et_pb_text][\/et_pb_column][et_pb_column type=&#8220;1_3&#8243; _builder_version=&#8220;4.23.1&#8243; _module_preset=&#8220;default&#8220; global_colors_info=&#8220;{}&#8220;][et_pb_gallery gallery_ids=&#8220;1068,1063,1059,1062,1061,1060,1058,1057&#8243; posts_number=&#8220;3&#8243; show_title_and_caption=&#8220;off&#8220; show_pagination=&#8220;off&#8220; _builder_version=&#8220;4.23.1&#8243; _module_preset=&#8220;default&#8220; custom_padding=&#8220;2px|||||&#8220; global_colors_info=&#8220;{}&#8220;][\/et_pb_gallery][\/et_pb_column][\/et_pb_row][et_pb_row column_structure=&#8220;2_3,1_3&#8243; _builder_version=&#8220;4.23.1&#8243; _module_preset=&#8220;default&#8220; custom_padding=&#8220;10px|||||&#8220; global_colors_info=&#8220;{}&#8220;][et_pb_column type=&#8220;2_3&#8243; _builder_version=&#8220;4.23.1&#8243; _module_preset=&#8220;default&#8220; global_colors_info=&#8220;{}&#8220;][et_pb_text _builder_version=&#8220;4.27.4&#8243; _module_preset=&#8220;default&#8220; global_colors_info=&#8220;{}&#8220;]<\/p>\n<h2>Preise<\/h2>\n<p><strong>Startgeld inklusive Mehrwertsteuer:<\/strong><br \/><strong>\u20ac 3.780,\u2013<\/strong><span>\u00a0<\/span>Hotelkosten Einzelzimmer mit Halbpension<br \/><strong>\u20ac 3.900,\u2013<\/strong><span>\u00a0<\/span>Hotelkosten Doppelzimmer mit Halbpension (weitere Personen auf Anfrage!)<\/p>\n<p><strong>Hotelkategorie<\/strong>: 3*** bis 3***+<\/p>\n<p><strong>Inselhopping<\/strong>: z.B. 25.10.2026, 3-fach Inselhopping (Sardinien und\/oder Korsika)<\/p>\n<p><strong>Verpflegung \/ Mahlzeiten<br \/><\/strong>5 x \u00dcbernachtung im Hotel Kategorie *** oder ***+ in landestypischen Hotels<br \/>inkl. Fr\u00fchst\u00fcck und Abendessen; exkl. Getr\u00e4nke<br \/>inkl. aller Genehmigungsgeb\u00fchren und Hotelkosten<\/p>\n<p><strong>Leistungen<\/strong><\/p>\n<ul>\n<li>Besichtigungen, Ausfl\u00fcge, sonstige im Reisepreis inbegriffene Leistungen<\/li>\n<li>Einheimischer Scout aus Sizilien<\/li>\n<li>Stellung Checkliste zur Vorbereitung des Fahrers und des Fahrzeuges<\/li>\n<li>fahrtechnische Basis-Einweisung \u201eOffroad-Fahren im Gebirge\u201c<\/li>\n<li>CB-Funkger\u00e4t leihweise f\u00fcr jedes einzelne Fahrzeug<\/li>\n<li>Durchf\u00fchrungsgarantie<\/li>\n<li>Besichtigung \u00a0von Sehensw\u00fcrdigkeiten wird operativ dem Reiseverlauf angepasst<\/li>\n<li>Reiser\u00fccktrittsversicherung ist im Reisepreis <u>nicht<\/u> enthalten<\/li>\n<li>Reiseaufkleber<\/li>\n<li>kostenloser Fahrzeugcheck vor Beginn der Reise bei <a href=\"http:\/\/www.fw-experience.de\">FW- Experience<\/a>, Overath bei K\u00f6ln<\/li>\n<li>mindestens ein Organisationsfahrzeug mit besonderer Ausr\u00fcstung f\u00fcr Offroad-Gruppen-Reisen nach Ma\u00dfgabe des Verbandes der Offroad-Reiseveranstalter Deutschlands (VdORD)<br \/><a href=\"https:\/\/vdord.de\/veranstalter-mindestausstattung-offroad-gruppen-reisen\/\">https:\/\/vdord.de\/veranstalter-mindestausstattung-offroad-gruppen-reisen\/<\/a><\/li>\n<\/ul>\n<p>Bei dieser Reise handelt es sich um eine Gruppenreise.<br \/>Die ungef\u00e4hre Gruppengr\u00f6\u00dfe betr\u00e4gt 6 &#8211; 9 Teilnehmer-Fahrzeuge.<\/p>\n<p>[\/et_pb_text][et_pb_text _builder_version=&#8220;4.23.1&#8243; _module_preset=&#8220;default&#8220; global_colors_info=&#8220;{}&#8220;]<\/p>\n<h4>Kleidungs- und Ausr\u00fcstungsempfehlungen<br \/>zum Downloaden, Ausf\u00fcllen und Speichern:<\/h4>\n<p><a href=\"\/4x4\/checklisten\/Checkliste-Insassen.pdf\" target=\"_blank\" rel=\"noopener\">Checkliste Insassen<\/a><br \/><a href=\"\/4x4\/checklisten\/Checkliste-Fahrzeug.pdf\" target=\"_blank\" rel=\"noopener\">Checkliste Fahrzeug<\/a><\/p>\n<h4>Zus\u00e4tzlich f\u00fcr Sahara-Reisende:<\/h4>\n<p><a href=\"\/4x4\/checklisten\/Checkliste-Offroad-Maghreb.pdf\" target=\"_blank\" rel=\"noopener\">Checkliste Offroad Maghreb<\/a><\/p>\n<p>[\/et_pb_text][\/et_pb_column][et_pb_column type=&#8220;1_3&#8243; _builder_version=&#8220;4.23.1&#8243; _module_preset=&#8220;default&#8220; global_colors_info=&#8220;{}&#8220;][et_pb_text _builder_version=&#8220;4.27.6&#8243; _module_preset=&#8220;default&#8220; custom_margin=&#8220;0px||0px||false|false&#8220; custom_padding=&#8220;0px||0px|0px|false|false&#8220; hover_enabled=&#8220;0&#8243; global_colors_info=&#8220;{}&#8220; sticky_enabled=&#8220;0&#8243;]<\/p>\n<h2><span style=\"text-decoration: underline; color: #020000;\">TERMINE 2026<\/span><\/h2>\n<h4>31.05.2026 &#8211; 05.06.2026<\/h4>\n<h4>25.10.2026 &#8211; 30.10.2026<\/h4>\n<p>&nbsp;<\/p>\n<h2><span style=\"text-decoration: underline; color: #020000;\">TERMIN 2027<\/span><\/h2>\n<h4>16.05.2027 &#8211; 22.05.2027<\/h4>\n<p>[\/et_pb_text][et_pb_text _builder_version=&#8220;4.23.1&#8243; _module_preset=&#8220;default&#8220; custom_margin=&#8220;30px||||false|false&#8220; custom_padding=&#8220;0px|||||&#8220; link_option_url=&#8220;http:\/\/www.directferries.de\/?_ga=2.58672170.1046283203.1718875879-2067195952.1718875878&#8243; global_colors_info=&#8220;{}&#8220;]<\/p>\n<h2><span style=\"font-size: 23px;\">F\u00e4hrangebote:<\/span><\/h2>\n<p><a href=\"https:\/\/directferries.com\"><img loading=\"lazy\" decoding=\"async\" src=\"https:\/\/4x4-experience.de\/4x4\/wp-content\/uploads\/2024\/06\/dferries-logo-mobile-klein.jpg\" width=\"275\" height=\"26\" alt=\"\" class=\"wp-image-1070 alignnone size-full\" \/><\/a>[\/et_pb_text][et_pb_text _builder_version=&#8220;4.23.1&#8243; _module_preset=&#8220;default&#8220; custom_margin=&#8220;30px||||false|false&#8220; custom_padding=&#8220;0px|||||&#8220; link_option_url=&#8220;http:\/\/www.directferries.de\/?_ga=2.58672170.1046283203.1718875879-2067195952.1718875878&#8243; global_colors_info=&#8220;{}&#8220;]<\/p>\n<h2><span style=\"font-size: 23px;\">F\u00e4hrangebote:<\/span><\/h2>\n<p><a href=\"https:\/\/direct-ferries.com\"><\/a><a href=\"https:\/\/www.gnv.it\/de\/departures-calendar\"><img loading=\"lazy\" decoding=\"async\" src=\"https:\/\/4x4-experience.de\/4x4\/wp-content\/uploads\/2024\/09\/logo-gnv.jpg\" width=\"155\" height=\"55\" alt=\"GNV F\u00e4hre nach Sizilien, 4x4 Experience\" class=\"wp-image-2637 alignnone size-full\" \/><\/a><a href=\"https:\/\/direct-ferries.com\"><\/a><\/p>\n<p><a href=\"https:\/\/www.gnv.it\/de\/departures-calendar\" img=\"\" src=\"https:\/\/4x4-experience.de\/4x4\/wp-content\/uploads\/2024\/09\/logo-gnv.jpg\" width=\"155\" height=\"55\" alt=\"GNV F\u00e4hre nach Sizilien, 4x4 Experience\" class=\"wp-image-2637 alignnone size-full\"><\/a><\/p>\n<p>[\/et_pb_text][\/et_pb_column][\/et_pb_row][\/et_pb_section]<\/p>\n","protected":false},"excerpt":{"rendered":"<p>Telefon\/WhatsApp: +49-171 144 3884Reise\u00fcbersicht: 4&#215;4 Offroad TermineBeratung\/Anmeldung: ANMELDEFORMULARSizilien (IT) Offroad f\u00fcr Selbstfahrer Hotel Tour \u201eAuf den Spuren des Gottes Vulcanos\u201c Willkommen auf deiner Offroad-Reise durch die wilde Natur Siziliens, auf den Spuren des Gottes Vulcanos! Deine Scouttour beginnt am Refugio &#8222;La Ginestra&#8220; am Monte Concilio, einem idealen Ausgangspunkt f\u00fcr dein Abenteuer. Es geht dann direkt [&hellip;]<\/p>\n","protected":false},"author":1,"featured_media":0,"parent":0,"menu_order":0,"comment_status":"closed","ping_status":"closed","template":"","meta":{"_et_pb_use_builder":"on","_et_pb_old_content":"","_et_gb_content_width":"","footnotes":""},"class_list":["post-1055","page","type-page","status-publish","hentry"],"yoast_head":"<!-- This site is optimized with the Yoast SEO Premium plugin v27.0 (Yoast SEO v27.3) - https:\/\/yoast.com\/product\/yoast-seo-premium-wordpress\/ -->\n<title>Sizilien Hotel Tour | 4x4 Experience<\/title>\n<meta name=\"description\" content=\"Sizilien 4x4 Hotel Tour - Ein Offroad-Reiseerlebnis. Erlebe die Mittelmeerinsel mit dem Gel\u00e4ndewagen. Scouttour mit Hotelunterkunft.\" \/>\n<meta name=\"robots\" content=\"index, follow, max-snippet:-1, max-image-preview:large, max-video-preview:-1\" \/>\n<link rel=\"canonical\" href=\"https:\/\/4x4-experience.de\/4x4\/sizilien\/\" \/>\n<meta property=\"og:locale\" content=\"de_DE\" \/>\n<meta property=\"og:type\" content=\"article\" \/>\n<meta property=\"og:title\" content=\"Sizilien\" \/>\n<meta property=\"og:description\" content=\"Sizilien 4x4 Hotel Tour - Ein Offroad-Reiseerlebnis. Erlebe die Mittelmeerinsel mit dem Gel\u00e4ndewagen. Scouttour mit Hotelunterkunft.\" \/>\n<meta property=\"og:url\" content=\"https:\/\/4x4-experience.de\/4x4\/sizilien\/\" \/>\n<meta property=\"og:site_name\" content=\"4x4 Experience, Offroadreise, Offroad Reisen\" \/>\n<meta property=\"article:publisher\" content=\"https:\/\/www.facebook.com\/www.4x4Experience\/\" \/>\n<meta property=\"article:modified_time\" content=\"2026-03-19T12:38:53+00:00\" \/>\n<meta property=\"og:image\" content=\"https:\/\/4x4-experience.de\/4x4\/wp-content\/uploads\/2024\/06\/dferries-logo-mobile-klein.jpg\" \/>\n<meta name=\"twitter:card\" content=\"summary_large_image\" \/>\n<meta name=\"twitter:label1\" content=\"Gesch\u00e4tzte Lesezeit\" \/>\n\t<meta name=\"twitter:data1\" content=\"6\u00a0Minuten\" \/>\n<script type=\"application\/ld+json\" class=\"yoast-schema-graph\">{\"@context\":\"https:\\\/\\\/schema.org\",\"@graph\":[{\"@type\":\"WebPage\",\"@id\":\"https:\\\/\\\/4x4-experience.de\\\/4x4\\\/sizilien\\\/\",\"url\":\"https:\\\/\\\/4x4-experience.de\\\/4x4\\\/sizilien\\\/\",\"name\":\"Sizilien Hotel Tour | 4x4 Experience\",\"isPartOf\":{\"@id\":\"https:\\\/\\\/4x4-experience.de\\\/4x4\\\/#website\"},\"primaryImageOfPage\":{\"@id\":\"https:\\\/\\\/4x4-experience.de\\\/4x4\\\/sizilien\\\/#primaryimage\"},\"image\":{\"@id\":\"https:\\\/\\\/4x4-experience.de\\\/4x4\\\/sizilien\\\/#primaryimage\"},\"thumbnailUrl\":\"https:\\\/\\\/4x4-experience.de\\\/4x4\\\/wp-content\\\/uploads\\\/2024\\\/06\\\/dferries-logo-mobile-klein.jpg\",\"datePublished\":\"2024-06-20T09:38:59+00:00\",\"dateModified\":\"2026-03-19T12:38:53+00:00\",\"description\":\"Sizilien 4x4 Hotel Tour - Ein Offroad-Reiseerlebnis. Erlebe die Mittelmeerinsel mit dem Gel\u00e4ndewagen. Scouttour mit Hotelunterkunft.\",\"breadcrumb\":{\"@id\":\"https:\\\/\\\/4x4-experience.de\\\/4x4\\\/sizilien\\\/#breadcrumb\"},\"inLanguage\":\"de\",\"potentialAction\":[{\"@type\":\"ReadAction\",\"target\":[\"https:\\\/\\\/4x4-experience.de\\\/4x4\\\/sizilien\\\/\"]}]},{\"@type\":\"ImageObject\",\"inLanguage\":\"de\",\"@id\":\"https:\\\/\\\/4x4-experience.de\\\/4x4\\\/sizilien\\\/#primaryimage\",\"url\":\"https:\\\/\\\/4x4-experience.de\\\/4x4\\\/wp-content\\\/uploads\\\/2024\\\/06\\\/dferries-logo-mobile-klein.jpg\",\"contentUrl\":\"https:\\\/\\\/4x4-experience.de\\\/4x4\\\/wp-content\\\/uploads\\\/2024\\\/06\\\/dferries-logo-mobile-klein.jpg\",\"width\":275,\"height\":26},{\"@type\":\"BreadcrumbList\",\"@id\":\"https:\\\/\\\/4x4-experience.de\\\/4x4\\\/sizilien\\\/#breadcrumb\",\"itemListElement\":[{\"@type\":\"ListItem\",\"position\":1,\"name\":\"Startseite\",\"item\":\"https:\\\/\\\/4x4-experience.de\\\/4x4\\\/\"},{\"@type\":\"ListItem\",\"position\":2,\"name\":\"Sizilien\"}]},{\"@type\":\"WebSite\",\"@id\":\"https:\\\/\\\/4x4-experience.de\\\/4x4\\\/#website\",\"url\":\"https:\\\/\\\/4x4-experience.de\\\/4x4\\\/\",\"name\":\"4x4 Experience, Offroadreise, Offroad Reisen\",\"description\":\"4x4 Offroad Europa und Nordafrika\",\"potentialAction\":[{\"@type\":\"SearchAction\",\"target\":{\"@type\":\"EntryPoint\",\"urlTemplate\":\"https:\\\/\\\/4x4-experience.de\\\/4x4\\\/?s={search_term_string}\"},\"query-input\":{\"@type\":\"PropertyValueSpecification\",\"valueRequired\":true,\"valueName\":\"search_term_string\"}}],\"inLanguage\":\"de\"}]}<\/script>\n<!-- \/ Yoast SEO Premium plugin. -->","yoast_head_json":{"title":"Sizilien Hotel Tour | 4x4 Experience","description":"Sizilien 4x4 Hotel Tour - Ein Offroad-Reiseerlebnis. Erlebe die Mittelmeerinsel mit dem Gel\u00e4ndewagen. Scouttour mit Hotelunterkunft.","robots":{"index":"index","follow":"follow","max-snippet":"max-snippet:-1","max-image-preview":"max-image-preview:large","max-video-preview":"max-video-preview:-1"},"canonical":"https:\/\/4x4-experience.de\/4x4\/sizilien\/","og_locale":"de_DE","og_type":"article","og_title":"Sizilien","og_description":"Sizilien 4x4 Hotel Tour - Ein Offroad-Reiseerlebnis. Erlebe die Mittelmeerinsel mit dem Gel\u00e4ndewagen. Scouttour mit Hotelunterkunft.","og_url":"https:\/\/4x4-experience.de\/4x4\/sizilien\/","og_site_name":"4x4 Experience, Offroadreise, Offroad Reisen","article_publisher":"https:\/\/www.facebook.com\/www.4x4Experience\/","article_modified_time":"2026-03-19T12:38:53+00:00","og_image":[{"url":"https:\/\/4x4-experience.de\/4x4\/wp-content\/uploads\/2024\/06\/dferries-logo-mobile-klein.jpg","type":"","width":"","height":""}],"twitter_card":"summary_large_image","twitter_misc":{"Gesch\u00e4tzte Lesezeit":"6\u00a0Minuten"},"schema":{"@context":"https:\/\/schema.org","@graph":[{"@type":"WebPage","@id":"https:\/\/4x4-experience.de\/4x4\/sizilien\/","url":"https:\/\/4x4-experience.de\/4x4\/sizilien\/","name":"Sizilien Hotel Tour | 4x4 Experience","isPartOf":{"@id":"https:\/\/4x4-experience.de\/4x4\/#website"},"primaryImageOfPage":{"@id":"https:\/\/4x4-experience.de\/4x4\/sizilien\/#primaryimage"},"image":{"@id":"https:\/\/4x4-experience.de\/4x4\/sizilien\/#primaryimage"},"thumbnailUrl":"https:\/\/4x4-experience.de\/4x4\/wp-content\/uploads\/2024\/06\/dferries-logo-mobile-klein.jpg","datePublished":"2024-06-20T09:38:59+00:00","dateModified":"2026-03-19T12:38:53+00:00","description":"Sizilien 4x4 Hotel Tour - Ein Offroad-Reiseerlebnis. Erlebe die Mittelmeerinsel mit dem Gel\u00e4ndewagen. Scouttour mit Hotelunterkunft.","breadcrumb":{"@id":"https:\/\/4x4-experience.de\/4x4\/sizilien\/#breadcrumb"},"inLanguage":"de","potentialAction":[{"@type":"ReadAction","target":["https:\/\/4x4-experience.de\/4x4\/sizilien\/"]}]},{"@type":"ImageObject","inLanguage":"de","@id":"https:\/\/4x4-experience.de\/4x4\/sizilien\/#primaryimage","url":"https:\/\/4x4-experience.de\/4x4\/wp-content\/uploads\/2024\/06\/dferries-logo-mobile-klein.jpg","contentUrl":"https:\/\/4x4-experience.de\/4x4\/wp-content\/uploads\/2024\/06\/dferries-logo-mobile-klein.jpg","width":275,"height":26},{"@type":"BreadcrumbList","@id":"https:\/\/4x4-experience.de\/4x4\/sizilien\/#breadcrumb","itemListElement":[{"@type":"ListItem","position":1,"name":"Startseite","item":"https:\/\/4x4-experience.de\/4x4\/"},{"@type":"ListItem","position":2,"name":"Sizilien"}]},{"@type":"WebSite","@id":"https:\/\/4x4-experience.de\/4x4\/#website","url":"https:\/\/4x4-experience.de\/4x4\/","name":"4x4 Experience, Offroadreise, Offroad Reisen","description":"4x4 Offroad Europa und Nordafrika","potentialAction":[{"@type":"SearchAction","target":{"@type":"EntryPoint","urlTemplate":"https:\/\/4x4-experience.de\/4x4\/?s={search_term_string}"},"query-input":{"@type":"PropertyValueSpecification","valueRequired":true,"valueName":"search_term_string"}}],"inLanguage":"de"}]}},"_links":{"self":[{"href":"https:\/\/4x4-experience.de\/4x4\/wp-json\/wp\/v2\/pages\/1055","targetHints":{"allow":["GET"]}}],"collection":[{"href":"https:\/\/4x4-experience.de\/4x4\/wp-json\/wp\/v2\/pages"}],"about":[{"href":"https:\/\/4x4-experience.de\/4x4\/wp-json\/wp\/v2\/types\/page"}],"author":[{"embeddable":true,"href":"https:\/\/4x4-experience.de\/4x4\/wp-json\/wp\/v2\/users\/1"}],"replies":[{"embeddable":true,"href":"https:\/\/4x4-experience.de\/4x4\/wp-json\/wp\/v2\/comments?post=1055"}],"version-history":[{"count":32,"href":"https:\/\/4x4-experience.de\/4x4\/wp-json\/wp\/v2\/pages\/1055\/revisions"}],"predecessor-version":[{"id":3539,"href":"https:\/\/4x4-experience.de\/4x4\/wp-json\/wp\/v2\/pages\/1055\/revisions\/3539"}],"wp:attachment":[{"href":"https:\/\/4x4-experience.de\/4x4\/wp-json\/wp\/v2\/media?parent=1055"}],"curies":[{"name":"wp","href":"https:\/\/api.w.org\/{rel}","templated":true}]}}