{"id":1023,"date":"2024-06-19T13:33:21","date_gmt":"2024-06-19T11:33:21","guid":{"rendered":"https:\/\/4x4-experience.de\/4x4\/?page_id=1023"},"modified":"2026-03-20T10:48:38","modified_gmt":"2026-03-20T09:48:38","slug":"island-camp","status":"publish","type":"page","link":"https:\/\/4x4-experience.de\/4x4\/island-camp\/","title":{"rendered":"Island Camp"},"content":{"rendered":"<p>[et_pb_section fb_built=&#8220;1&#8243; _builder_version=&#8220;4.23.1&#8243; _module_preset=&#8220;default&#8220; custom_margin=&#8220;0px||-114px||false|false&#8220; custom_padding=&#8220;0px||0px||false|false&#8220; global_colors_info=&#8220;{}&#8220;][\/et_pb_section][et_pb_section fb_built=&#8220;1&#8243; fullwidth=&#8220;on&#8220; prev_background_color=&#8220;#000000&#8243; _builder_version=&#8220;4.23.1&#8243; _module_preset=&#8220;default&#8220; width=&#8220;100%&#8220; width_tablet=&#8220;&#8220; width_phone=&#8220;&#8220; width_last_edited=&#8220;on|phone&#8220; custom_margin=&#8220;120px||0px||false|false&#8220; custom_margin_tablet=&#8220;90px||||false|false&#8220; custom_margin_phone=&#8220;150px|||0px|false|false&#8220; custom_margin_last_edited=&#8220;on|phone&#8220; custom_padding=&#8220;0px||0px||false|false&#8220; top_divider_style=&#8220;mountains2&#8243; top_divider_height=&#8220;19px&#8220; top_divider_repeat=&#8220;1x&#8220; global_colors_info=&#8220;{}&#8220;][et_pb_fullwidth_image src=&#8220;https:\/\/4&#215;4-experience.de\/4&#215;4\/wp-content\/uploads\/2024\/06\/Island-Camp-Titlebild.jpg&#8220; alt=&#8220;4&#215;4 Experience, Island-Spezialist, Island Hoteltour, Offroad Reise, 4&#215;4 Offroad&#8220; title_text=&#8220;Island-Camp-Auswahlbild&#8220; src_tablet=&#8220;https:\/\/4&#215;4-experience.de\/4&#215;4\/wp-content\/uploads\/2024\/06\/Island-Camp-Titlebild.jpg&#8220; src_phone=&#8220;https:\/\/4&#215;4-experience.de\/4&#215;4\/wp-content\/uploads\/2024\/07\/Island-Camp-Auswahlbild.jpg&#8220; src_last_edited=&#8220;on|phone&#8220; _builder_version=&#8220;4.23.1&#8243; _module_preset=&#8220;default&#8220; custom_margin=&#8220;0px||0px||false|false&#8220; custom_margin_tablet=&#8220;0px||0px||false|false&#8220; custom_margin_phone=&#8220;0px||0px||false|false&#8220; custom_margin_last_edited=&#8220;on|tablet&#8220; custom_padding=&#8220;9px||0px||false|false&#8220; global_colors_info=&#8220;{}&#8220;][\/et_pb_fullwidth_image][\/et_pb_section][et_pb_section fb_built=&#8220;1&#8243; _builder_version=&#8220;4.23.1&#8243; _module_preset=&#8220;default&#8220; custom_margin=&#8220;||-6px|||&#8220; custom_padding=&#8220;||0px|||&#8220; global_colors_info=&#8220;{}&#8220;][et_pb_row column_structure=&#8220;1_3,1_3,1_3&#8243; disabled_on=&#8220;on|off|off&#8220; _builder_version=&#8220;4.23.1&#8243; _module_preset=&#8220;default&#8220; width=&#8220;100%&#8220; max_width=&#8220;1286px&#8220; custom_padding=&#8220;2px|||||&#8220; global_colors_info=&#8220;{}&#8220;][et_pb_column type=&#8220;1_3&#8243; _builder_version=&#8220;4.23.1&#8243; _module_preset=&#8220;default&#8220; global_colors_info=&#8220;{}&#8220;][et_pb_text _builder_version=&#8220;4.23.1&#8243; _module_preset=&#8220;default&#8220; custom_margin=&#8220;|||9px||&#8220; custom_padding=&#8220;|||23px||&#8220; global_colors_info=&#8220;{}&#8220;]<\/p>\n<h2 style=\"text-align: center;\">Telefon\/WhatsApp:<\/h2>\n<h2 style=\"text-decoration: underline; text-align: center;\"><a href=\"tel:+491711443884\">+49-171 144 3884<\/a><\/h2>\n<p>[\/et_pb_text][\/et_pb_column][et_pb_column type=&#8220;1_3&#8243; _builder_version=&#8220;4.23.1&#8243; _module_preset=&#8220;default&#8220; global_colors_info=&#8220;{}&#8220;][et_pb_text _builder_version=&#8220;4.23.1&#8243; _module_preset=&#8220;default&#8220; custom_padding=&#8220;|30px||||&#8220; global_colors_info=&#8220;{}&#8220;]<\/p>\n<h2 style=\"text-align: center;\">Reise\u00fcbersicht:<\/h2>\n<h2 style=\"text-decoration: underline; text-align: center;\"><a href=\"\/4x4\/termine\">4&#215;4 Offroad Termine<\/a><\/h2>\n<p>[\/et_pb_text][\/et_pb_column][et_pb_column type=&#8220;1_3&#8243; _builder_version=&#8220;4.23.1&#8243; _module_preset=&#8220;default&#8220; global_colors_info=&#8220;{}&#8220;][et_pb_text _builder_version=&#8220;4.23.1&#8243; _module_preset=&#8220;default&#8220; custom_margin=&#8220;|||-41px||&#8220; custom_padding=&#8220;|115px||||&#8220; global_colors_info=&#8220;{}&#8220;]<\/p>\n<h2 style=\"text-align: center;\">Beratung\/Anmeldung:<\/h2>\n<h2 style=\"text-decoration: underline; text-align: center;\"><a href=\"\/4x4\/anmeldeformular-2025\">ANMELDEFORMULAR<\/a><\/h2>\n<p>[\/et_pb_text][\/et_pb_column][\/et_pb_row][\/et_pb_section][et_pb_section fb_built=&#8220;1&#8243; _builder_version=&#8220;4.23.1&#8243; _module_preset=&#8220;default&#8220; custom_padding=&#8220;14px||1px|||&#8220; global_colors_info=&#8220;{}&#8220;][et_pb_row column_structure=&#8220;2_3,1_3&#8243; _builder_version=&#8220;4.23.1&#8243; _module_preset=&#8220;default&#8220; custom_padding=&#8220;2px||10px|||&#8220; global_colors_info=&#8220;{}&#8220;][et_pb_column type=&#8220;2_3&#8243; _builder_version=&#8220;4.23.1&#8243; _module_preset=&#8220;default&#8220; global_colors_info=&#8220;{}&#8220;][et_pb_text _builder_version=&#8220;4.27.4&#8243; _module_preset=&#8220;default&#8220; global_colors_info=&#8220;{}&#8220;]<\/p>\n<h1>Island &#8222;Fire &amp; Ice&#8220; Camp Tour<\/h1>\n<h2>Island-Expedition f\u00fcr anspruchsvolle Offroad Fahrer<\/h2>\n<p><strong>Erleben Sie \u201cFire &amp; Ice\u201d unter der Polarsonne Islands \u2026!<\/strong><\/p>\n<p>Manchmal h\u00e4lt die Natur den Atem an. Am 12. August 2026 verfinsterte sich der Himmel \u00fcber Island \u2013 eine\u00a0<strong><em data_liveedit_tagid=\"0000000024A06720\">totale Sonnenfinsternis<\/em><\/strong>, die den Tag in Zwielicht taucht und die Landschaft aus Lavafeldern, Gletschern und schwarzen Sandw\u00fcsten in eine B\u00fchne kosmischer Pr\u00e4zision verwandelt. Mit 4&#215;4 Experience erlebst du dieses Spektakel fernab der Massen \u2013 eingebettet in unsere gef\u00fchrte Offroad-Reise Fire &amp; Ice!<\/p>\n<p style=\"margin: 0cm; background: white; vertical-align: baseline;\"><span>Lass den Alltag zuhause \u2013 hier kannst Du ihn nicht gebrauchen. Wenn sich die R\u00e4der unter Dir vorsichtig durch eine der vielen Furten pfl\u00fcgen, wenn du im ersten Gang die letzten Meter eines beeindruckenden Lavafeldes erklimmst oder voller Ehrfurcht den Blick \u00fcber das isl\u00e4ndische Hochland schweifen l\u00e4sst, dann ist alles andere so wunderbar weit weg. Wiesen und Moosteppiche in unz\u00e4hligen gr\u00fcnen Schattierungen, die Berge mal braun, mal grau, mal ganz schwarz, Wasserl\u00e4ufe, die wie Silberf\u00e4den die \u00fcberw\u00e4ltigende Landschaft vor Dir durchziehen \u2013 Lass los! Du bist in Island. Wolken t\u00fcrmen sich auf, nur um gleich wieder zu verschwinden, und eine Sonne, die doch dieselbe ist wie zuhause, verspr\u00fcht ihren ganz eigenen Zauber. Der Himmel kommt im ersten Moment rot daher, f\u00e4rbt sich dann trotzig gelb und bahnt schlie\u00dflich einem befreienden Blau den Weg, das im n\u00e4chsten Moment einen Regenbogen malt, nein, zwei\u2026 Ach! Das Auge wei\u00df nicht, wohin es blicken soll \u2013 hier in Island.<\/span><br \/><span>Es dampft, es zischt, es blubbert, es grummelt \u2013 kaum irgendwo ist die Erde so aktiv, wie in Island. Kein Wunder, denn die Kontinentalplatten Europas und Amerikas, die hier best\u00e4ndig voneinander wegstreben, sorgen f\u00fcr reichlich Aufruhr in der Erdkruste und setzen gewaltige Energien frei. Vulkane, Geysire, hei\u00dfe Quellen und riesige Gletscher sind unvergleichliche Naturspektakel auf unserer Offroad-Trekkingtour \u201eFire &amp; Ice\u201c durch Island. Wo schon Jules Verne seine Inspiration f\u00fcr eine \u201eReise zum Mittelpunkt der Erde\u201c bezog, kannst auch Du Dich in diesem August inspirieren lassen. Komm mit uns auf eine besondere Gel\u00e4ndewagen Reise \u2013 Halte Augen und Ohren offen, vielleicht beobachten wir in der tundra-\u00e4hnlichen Steppe sogar den einen oder anderen Polarfuchs oder machen in den Fjorden Finnwale aus. Man kann nie wissen \u2013 auf Island.<\/span><\/p>\n<h2>Am n\u00f6rdlichen Polarkreis<\/h2>\n<p style=\"margin: 0cm; background: white; vertical-align: baseline;\">Island &#8211; Geysire &#8211; Vulkane &#8211; Offroad-Touren &#8211; Schlagworte, die uns tr\u00e4umen lassen vom gro\u00dfen 4\u00d74 Abenteuern im eigenen Gel\u00e4ndewagen.<span>Komm mit auf eine au\u00dfergew\u00f6hnliche Reise in eine Welt voller nat\u00fcrlicher Superlative. Lass Dich \u00fcberraschen vom Lauf der Dinge, die auch \u00fcber unsere genaue Route bestimmen werden. Denn in welcher Reihenfolge wir die grandiosen Naturspektakel zu Gesicht bekommen und welche Tracks wann befahrbar sind, das bestimmt in Island allein die Natur. Genau das aber macht unsere Offroad-Trekkingtour \u201eFire &amp; Ice\u201c im Gel\u00e4ndewagen zu einem Erlebnis der besonderen Art \u2013 abseits aller eingefahrenen Wege, in einer anderen Welt, mitten in der Natur und fernab von allem, was uns bei diesem Abenteuer bremsen k\u00f6nnte.<\/span><\/p>\n<p style=\"margin: 0cm; background: white; vertical-align: baseline;\"><strong>Ein exklusives 4\u00d74- und Natur-Abenteuer erwartet uns.<\/strong><\/p>\n<p>[\/et_pb_text][et_pb_text _builder_version=&#8220;4.23.1&#8243; _module_preset=&#8220;default&#8220; global_colors_info=&#8220;{}&#8220;]<\/p>\n<h2>Schwierigkeitsgrad: <span style=\"font-weight: bold; color: #ff9900; font-size: 15pt;\">\u2736\u2736\u2736<\/span> bis <span style=\"font-weight: bold; color: #ff9900; font-size: 15pt;\">\u2736\u2736\u2736\u2736<\/span><span style=\"font-size: 14pt;\">\u2736<\/span><\/h2>\n<p>Erl\u00e4uterung Schwierigkeitsgrade &gt;&gt;&gt;&gt; <a style=\"color: #000; text-decoration: underline; font-weight: bold;\" href=\"https:\/\/vdord.de\/klassifizierung-von-schwierigkeits-graden-bei-offroad-reisen\/\">HIER<\/a>[\/et_pb_text][\/et_pb_column][et_pb_column type=&#8220;1_3&#8243; _builder_version=&#8220;4.23.1&#8243; _module_preset=&#8220;default&#8220; global_colors_info=&#8220;{}&#8220;][et_pb_gallery gallery_ids=&#8220;468,864,860,866,867,30,477,863,865,859&#8243; show_title_and_caption=&#8220;off&#8220; show_pagination=&#8220;off&#8220; _builder_version=&#8220;4.23.1&#8243; _module_preset=&#8220;default&#8220; custom_padding=&#8220;2px|||||&#8220; global_colors_info=&#8220;{}&#8220;][\/et_pb_gallery][\/et_pb_column][\/et_pb_row][et_pb_row column_structure=&#8220;2_3,1_3&#8243; _builder_version=&#8220;4.23.1&#8243; _module_preset=&#8220;default&#8220; custom_margin=&#8220;-1px|auto||auto||&#8220; custom_padding=&#8220;10px|||||&#8220; global_colors_info=&#8220;{}&#8220;][et_pb_column type=&#8220;2_3&#8243; _builder_version=&#8220;4.23.1&#8243; _module_preset=&#8220;default&#8220; global_colors_info=&#8220;{}&#8220;][et_pb_text _builder_version=&#8220;4.27.4&#8243; _module_preset=&#8220;default&#8220; custom_margin=&#8220;7px|||||&#8220; global_colors_info=&#8220;{}&#8220;]<\/p>\n<h1>Preise<\/h1>\n<h4>Reisepreis inkl. Umsatzsteuer plus Nebenkosten<\/h4>\n<p><strong>\u20ac 3.970<\/strong> pro Gel\u00e4ndewagen inkl. s\u00e4mtliche Campgeb\u00fchren f\u00fcr 1 Person, zuz\u00fcglich KFZ\/F\u00e4hre*<br \/><strong>\u20ac 4.280<\/strong> pro Gel\u00e4ndewagen inkl. s\u00e4mtliche Campgeb\u00fchren f\u00fcr 2 Personen, zuz\u00fcglich KFZ\/F\u00e4hre*,<br \/>Kinder unter 12 Jahre kosten keinen Aufpreis.<\/p>\n<h4>Bitte beachten:<\/h4>\n<p>Die <b>ISLAND 4\u00d74 Adventure Camp-Tour 05.08.2025 \u2013 23.08.2025<\/b> wird parallel gefahren:<\/p>\n<p><span style=\"text-decoration: underline;\"><strong>mit<\/strong>\u00a0<\/span>Schnorchel und\u00a0<span style=\"text-decoration: underline;\"><strong>ohne<\/strong><\/span>\u00a0Schnorchel<strong style=\"text-decoration: underline;\">!<br \/><\/strong><\/p>\n<p>W\u00e4hlen Sie im <a href=\"\/4x4\/anmeldeformular-2025\/\">Anmeldeformular<\/a>\u00a0die entsprechende Variante aus!<\/p>\n<p><strong>Nebenkosten<\/strong>: F\u00e4hre*, Roadbook Waypoints bei individueller Verl\u00e4ngerung + \u20ac 250, ggfls. Restaurantsbesuche, Whale watching<\/p>\n<p><b>Startpunkt:<\/b><span>\u00a0<\/span>F\u00e4hre* ab Hirtshals (DK)<\/p>\n<p>* Die F\u00e4hrgeb\u00fchren richten sich nach der Gr\u00f6\u00dfe des 4\u00d74 Gel\u00e4ndewagens, der Personen-Zahl und der gew\u00fcnschten Kabinen-Kategorie. Wir ermitteln gerne f\u00fcr Sie den jeweils individuell besten F\u00e4hrpreis und buchen die F\u00e4hr\u00fcberfahrt. Nehmen Sie einfach Kontakt zu uns auf, wir beraten Sie gern.<\/p>\n<hr \/>\n<p><b>Hinweis:<\/b><br \/>Sichern Sie sich wegen der begrenzten F\u00e4hrangebote rechtzeitig Ihren Startplatz! Der Aufenthalt nach jetzigem Stand des Fahrplan der F\u00e4hrgesellschaft betr\u00e4gt 14 Tage auf Island.<\/p>\n<p><b>Versorgungsm\u00f6glichkeiten (4\u00d74 Camp-Tour):<\/b><br \/>Wir kommen alle 3 Tage durch Ortschaften, wo wir uns mit Treibstoff und frischem Proviant versorgen k\u00f6nnen.<\/p>\n<p><b>Reise-Charakter:<\/b><br \/>Es handelt sich um eine 4\u00d74 Adventure Expeditions-Reise. Wir fahren bei dieser 4\u00d74 Abenteuer Reise Island \u201eFire &amp; Ice\u201c \u00fcber einen anspruchsvollen Streckenverlauf, ein exklusives 4\u00d74- und Natur-Abenteuer erwartet uns!<\/p>\n<p><b>Leistungen:<\/b><\/p>\n<ul>\n<li>Teilnahme an der \u201cGROSSEN ISLAND-EXPEDITION\u201d \u2013 4\u00d74 Reise Island<\/li>\n<li>Deutsche Reiseleitung mit erfahrenen 4\u00d74-Scouts (die Reise wird durchgef\u00fchrt von Michael Ortner)<\/li>\n<li>Stellung Checkliste zur Vorbereitung des Fahrers und des Fahrzeuges<\/li>\n<li>Stellung eines sturmfesten Aufenthaltszeltes fu\u0308r bis zu 25 Personen<\/li>\n<li>fahrtechnische Basis-Einweisung \u201e4\u00d74-Fahren auf Island\u201c<\/li>\n<li>CB-Funkgera\u0308t leihweise fu\u0308r jedes einzelne Fahrzeug<\/li>\n<li>Unsere Strecke f\u00fchrt \u00fcber fahrtechnisch anspruchsvolle und landschaftlich traumhafte 4\u00d74 Stra\u03b2en durch Island<\/li>\n<li>Die Mindestteilnehmerzahl f\u00fcr die Durchf\u00fchrungsgarantie betr\u00e4gt 5 Kfz. Kleinere Reisegruppen nach Absprache.<\/li>\n<li>Reiseru\u0308cktrittsversicherung ist im Reisepreis nicht enthalten<\/li>\n<li>Reiseaufkleber<\/li>\n<li>Camp-\u00dcbernachtungen auf besonders sch\u00f6nen Campstellen im Hochland Islands<br \/>auf abgelegenen Geh\u00f6ften und auf regul\u00e4ren Campingpl\u00e4tzen<\/li>\n<li>kostenloser Fahrzeugcheck vor Beginn der Reise bei<span>\u00a0<\/span><a href=\"https:\/\/www.fw-experience.de\">FW- Experience<\/a>, Overath bei Ko\u0308ln<br \/>\u2013 Organisationsfahrzeug mit besonderer Ausru\u0308stung fu\u0308r 4\u00d74-Gruppen-Reisen nach Ma\u00dfgabe des Verbandes der<span>\u00a0<\/span><a href=\"https:\/\/vdord.de\/veranstalter-mindestausstattung-offroad-gruppen-reisen\/\">Offroad-Reiseveranstalter Deutschlands<\/a><span>\u00a0<\/span>(VdORD)<\/li>\n<\/ul>\n<p>[\/et_pb_text][et_pb_text _builder_version=&#8220;4.23.1&#8243; _module_preset=&#8220;default&#8220; global_colors_info=&#8220;{}&#8220;]<\/p>\n<h4>Kleidungs- und Ausr\u00fcstungsempfehlungen<br \/>zum Downloaden, Ausf\u00fcllen und Speichern:<\/h4>\n<p><a href=\"\/4x4\/checklisten\/Checkliste-Insassen.pdf\" target=\"_blank\" rel=\"noopener\">Checkliste Insassen<\/a><br \/><a href=\"\/4x4\/checklisten\/Checkliste-Fahrzeug.pdf\" target=\"_blank\" rel=\"noopener\">Checkliste Fahrzeug<\/a><\/p>\n<h4>Zus\u00e4tzlich f\u00fcr Sahara-Reisende:<\/h4>\n<p><a href=\"\/4x4\/checklisten\/Checkliste-Offroad-Maghreb.pdf\" target=\"_blank\" rel=\"noopener\">Checkliste Offroad Maghreb<\/a><\/p>\n<p>[\/et_pb_text][\/et_pb_column][et_pb_column type=&#8220;1_3&#8243; _builder_version=&#8220;4.23.1&#8243; _module_preset=&#8220;default&#8220; global_colors_info=&#8220;{}&#8220;][et_pb_text _builder_version=&#8220;4.27.6&#8243; _module_preset=&#8220;default&#8220; custom_margin=&#8220;0px||0px||false|false&#8220; custom_padding=&#8220;0px||0px|0px|false|false&#8220; global_colors_info=&#8220;{}&#8220;]<\/p>\n<h2><span style=\"text-decoration: underline;\">Termin 2026<\/span><\/h2>\n<h4>04.08.2026 &#8211; 21.08.2026<\/h4>\n<p>&nbsp;<\/p>\n<h2><span style=\"text-decoration: underline;\">Termin 2027<\/span><\/h2>\n<h4>03.08.2027 &#8211; 21.08.2027<\/h4>\n<p>[\/et_pb_text][\/et_pb_column][\/et_pb_row][\/et_pb_section]<\/p>\n","protected":false},"excerpt":{"rendered":"<p>Telefon\/WhatsApp: +49-171 144 3884Reise\u00fcbersicht: 4&#215;4 Offroad TermineBeratung\/Anmeldung: ANMELDEFORMULARIsland &#8222;Fire &amp; Ice&#8220; Camp Tour Island-Expedition f\u00fcr anspruchsvolle Offroad Fahrer Erleben Sie \u201cFire &amp; Ice\u201d unter der Polarsonne Islands \u2026! Manchmal h\u00e4lt die Natur den Atem an. Am 12. August 2026 verfinsterte sich der Himmel \u00fcber Island \u2013 eine\u00a0totale Sonnenfinsternis, die den Tag in Zwielicht taucht und [&hellip;]<\/p>\n","protected":false},"author":1,"featured_media":0,"parent":0,"menu_order":0,"comment_status":"closed","ping_status":"closed","template":"","meta":{"_et_pb_use_builder":"on","_et_pb_old_content":"","_et_gb_content_width":"","footnotes":""},"class_list":["post-1023","page","type-page","status-publish","hentry"],"yoast_head":"<!-- This site is optimized with the Yoast SEO Premium plugin v27.0 (Yoast SEO v27.3) - https:\/\/yoast.com\/product\/yoast-seo-premium-wordpress\/ -->\n<title>Offroad-Reise Island: Geysire, Flussdurchquerungen, eigener Gel\u00e4ndewagenm, Selbstfahrer Offroad, 4x4 Touren<\/title>\n<meta name=\"description\" content=\"Island Camp bietet unvergessliche Erlebnisse unter der Polarsonne. Lassen Sie sich von der Natur Islands begeistern.\" \/>\n<meta name=\"robots\" content=\"index, follow, max-snippet:-1, max-image-preview:large, max-video-preview:-1\" \/>\n<link rel=\"canonical\" href=\"https:\/\/4x4-experience.de\/4x4\/island-camp\/\" \/>\n<meta property=\"og:locale\" content=\"de_DE\" \/>\n<meta property=\"og:type\" content=\"article\" \/>\n<meta property=\"og:title\" content=\"Island Camp\" \/>\n<meta property=\"og:description\" content=\"Island Camp bietet unvergessliche Erlebnisse unter der Polarsonne. Lassen Sie sich von der Natur Islands begeistern.\" \/>\n<meta property=\"og:url\" content=\"https:\/\/4x4-experience.de\/4x4\/island-camp\/\" \/>\n<meta property=\"og:site_name\" content=\"4x4 Experience, Offroadreise, Offroad Reisen\" \/>\n<meta property=\"article:publisher\" content=\"https:\/\/www.facebook.com\/www.4x4Experience\/\" \/>\n<meta property=\"article:modified_time\" content=\"2026-03-20T09:48:38+00:00\" \/>\n<meta name=\"twitter:card\" content=\"summary_large_image\" \/>\n<meta name=\"twitter:label1\" content=\"Gesch\u00e4tzte Lesezeit\" \/>\n\t<meta name=\"twitter:data1\" content=\"7\u00a0Minuten\" \/>\n<script type=\"application\/ld+json\" class=\"yoast-schema-graph\">{\"@context\":\"https:\\\/\\\/schema.org\",\"@graph\":[{\"@type\":\"WebPage\",\"@id\":\"https:\\\/\\\/4x4-experience.de\\\/4x4\\\/island-camp\\\/\",\"url\":\"https:\\\/\\\/4x4-experience.de\\\/4x4\\\/island-camp\\\/\",\"name\":\"Offroad-Reise Island: Geysire, Flussdurchquerungen, eigener Gel\u00e4ndewagenm, Selbstfahrer Offroad, 4x4 Touren\",\"isPartOf\":{\"@id\":\"https:\\\/\\\/4x4-experience.de\\\/4x4\\\/#website\"},\"datePublished\":\"2024-06-19T11:33:21+00:00\",\"dateModified\":\"2026-03-20T09:48:38+00:00\",\"description\":\"Island Camp bietet unvergessliche Erlebnisse unter der Polarsonne. Lassen Sie sich von der Natur Islands begeistern.\",\"breadcrumb\":{\"@id\":\"https:\\\/\\\/4x4-experience.de\\\/4x4\\\/island-camp\\\/#breadcrumb\"},\"inLanguage\":\"de\",\"potentialAction\":[{\"@type\":\"ReadAction\",\"target\":[\"https:\\\/\\\/4x4-experience.de\\\/4x4\\\/island-camp\\\/\"]}]},{\"@type\":\"BreadcrumbList\",\"@id\":\"https:\\\/\\\/4x4-experience.de\\\/4x4\\\/island-camp\\\/#breadcrumb\",\"itemListElement\":[{\"@type\":\"ListItem\",\"position\":1,\"name\":\"Startseite\",\"item\":\"https:\\\/\\\/4x4-experience.de\\\/4x4\\\/\"},{\"@type\":\"ListItem\",\"position\":2,\"name\":\"Island Camp\"}]},{\"@type\":\"WebSite\",\"@id\":\"https:\\\/\\\/4x4-experience.de\\\/4x4\\\/#website\",\"url\":\"https:\\\/\\\/4x4-experience.de\\\/4x4\\\/\",\"name\":\"4x4 Experience, Offroadreise, Offroad Reisen\",\"description\":\"4x4 Offroad Europa und Nordafrika\",\"potentialAction\":[{\"@type\":\"SearchAction\",\"target\":{\"@type\":\"EntryPoint\",\"urlTemplate\":\"https:\\\/\\\/4x4-experience.de\\\/4x4\\\/?s={search_term_string}\"},\"query-input\":{\"@type\":\"PropertyValueSpecification\",\"valueRequired\":true,\"valueName\":\"search_term_string\"}}],\"inLanguage\":\"de\"}]}<\/script>\n<!-- \/ Yoast SEO Premium plugin. -->","yoast_head_json":{"title":"Offroad-Reise Island: Geysire, Flussdurchquerungen, eigener Gel\u00e4ndewagenm, Selbstfahrer Offroad, 4x4 Touren","description":"Island Camp bietet unvergessliche Erlebnisse unter der Polarsonne. Lassen Sie sich von der Natur Islands begeistern.","robots":{"index":"index","follow":"follow","max-snippet":"max-snippet:-1","max-image-preview":"max-image-preview:large","max-video-preview":"max-video-preview:-1"},"canonical":"https:\/\/4x4-experience.de\/4x4\/island-camp\/","og_locale":"de_DE","og_type":"article","og_title":"Island Camp","og_description":"Island Camp bietet unvergessliche Erlebnisse unter der Polarsonne. Lassen Sie sich von der Natur Islands begeistern.","og_url":"https:\/\/4x4-experience.de\/4x4\/island-camp\/","og_site_name":"4x4 Experience, Offroadreise, Offroad Reisen","article_publisher":"https:\/\/www.facebook.com\/www.4x4Experience\/","article_modified_time":"2026-03-20T09:48:38+00:00","twitter_card":"summary_large_image","twitter_misc":{"Gesch\u00e4tzte Lesezeit":"7\u00a0Minuten"},"schema":{"@context":"https:\/\/schema.org","@graph":[{"@type":"WebPage","@id":"https:\/\/4x4-experience.de\/4x4\/island-camp\/","url":"https:\/\/4x4-experience.de\/4x4\/island-camp\/","name":"Offroad-Reise Island: Geysire, Flussdurchquerungen, eigener Gel\u00e4ndewagenm, Selbstfahrer Offroad, 4x4 Touren","isPartOf":{"@id":"https:\/\/4x4-experience.de\/4x4\/#website"},"datePublished":"2024-06-19T11:33:21+00:00","dateModified":"2026-03-20T09:48:38+00:00","description":"Island Camp bietet unvergessliche Erlebnisse unter der Polarsonne. Lassen Sie sich von der Natur Islands begeistern.","breadcrumb":{"@id":"https:\/\/4x4-experience.de\/4x4\/island-camp\/#breadcrumb"},"inLanguage":"de","potentialAction":[{"@type":"ReadAction","target":["https:\/\/4x4-experience.de\/4x4\/island-camp\/"]}]},{"@type":"BreadcrumbList","@id":"https:\/\/4x4-experience.de\/4x4\/island-camp\/#breadcrumb","itemListElement":[{"@type":"ListItem","position":1,"name":"Startseite","item":"https:\/\/4x4-experience.de\/4x4\/"},{"@type":"ListItem","position":2,"name":"Island Camp"}]},{"@type":"WebSite","@id":"https:\/\/4x4-experience.de\/4x4\/#website","url":"https:\/\/4x4-experience.de\/4x4\/","name":"4x4 Experience, Offroadreise, Offroad Reisen","description":"4x4 Offroad Europa und Nordafrika","potentialAction":[{"@type":"SearchAction","target":{"@type":"EntryPoint","urlTemplate":"https:\/\/4x4-experience.de\/4x4\/?s={search_term_string}"},"query-input":{"@type":"PropertyValueSpecification","valueRequired":true,"valueName":"search_term_string"}}],"inLanguage":"de"}]}},"_links":{"self":[{"href":"https:\/\/4x4-experience.de\/4x4\/wp-json\/wp\/v2\/pages\/1023","targetHints":{"allow":["GET"]}}],"collection":[{"href":"https:\/\/4x4-experience.de\/4x4\/wp-json\/wp\/v2\/pages"}],"about":[{"href":"https:\/\/4x4-experience.de\/4x4\/wp-json\/wp\/v2\/types\/page"}],"author":[{"embeddable":true,"href":"https:\/\/4x4-experience.de\/4x4\/wp-json\/wp\/v2\/users\/1"}],"replies":[{"embeddable":true,"href":"https:\/\/4x4-experience.de\/4x4\/wp-json\/wp\/v2\/comments?post=1023"}],"version-history":[{"count":21,"href":"https:\/\/4x4-experience.de\/4x4\/wp-json\/wp\/v2\/pages\/1023\/revisions"}],"predecessor-version":[{"id":3559,"href":"https:\/\/4x4-experience.de\/4x4\/wp-json\/wp\/v2\/pages\/1023\/revisions\/3559"}],"wp:attachment":[{"href":"https:\/\/4x4-experience.de\/4x4\/wp-json\/wp\/v2\/media?parent=1023"}],"curies":[{"name":"wp","href":"https:\/\/api.w.org\/{rel}","templated":true}]}}