{"id":1016,"date":"2024-06-19T13:16:17","date_gmt":"2024-06-19T11:16:17","guid":{"rendered":"https:\/\/4x4-experience.de\/4x4\/?page_id=1016"},"modified":"2025-09-03T14:24:22","modified_gmt":"2025-09-03T12:24:22","slug":"schottland-camp","status":"publish","type":"page","link":"https:\/\/4x4-experience.de\/4x4\/schottland-camp\/","title":{"rendered":"Schottland Camp"},"content":{"rendered":"\n[et_pb_section fb_built=&#8220;1&#8243; _builder_version=&#8220;4.23.1&#8243; _module_preset=&#8220;default&#8220; custom_margin=&#8220;0px||-114px||false|false&#8220; custom_padding=&#8220;0px||0px||false|false&#8220; global_colors_info=&#8220;{}&#8220;][\/et_pb_section][et_pb_section fb_built=&#8220;1&#8243; fullwidth=&#8220;on&#8220; prev_background_color=&#8220;#000000&#8243; _builder_version=&#8220;4.23.1&#8243; _module_preset=&#8220;default&#8220; width=&#8220;100%&#8220; width_tablet=&#8220;&#8220; width_phone=&#8220;&#8220; width_last_edited=&#8220;on|phone&#8220; custom_margin=&#8220;130px||0px||false|false&#8220; custom_margin_tablet=&#8220;90px||||false|false&#8220; custom_margin_phone=&#8220;150px|||0px|false|false&#8220; custom_margin_last_edited=&#8220;on|phone&#8220; custom_padding=&#8220;0px||0px||false|false&#8220; top_divider_style=&#8220;mountains2&#8243; top_divider_height=&#8220;19px&#8220; top_divider_repeat=&#8220;1x&#8220; global_colors_info=&#8220;{}&#8220;][et_pb_fullwidth_image src=&#8220;https:\/\/4&#215;4-experience.de\/4&#215;4\/wp-content\/uploads\/2024\/08\/Schottland-Startbild-01-1.jpg&#8220; alt=&#8220;Schottland, 4&#215;4 Experience, Offroad Reisen, Offroad Tour, 4&#215;4 Reise, gef\u00fchrte Offroad-Reise&#8220; title_text=&#8220;Schottland-Startbild-01&#8243; src_tablet=&#8220;https:\/\/4&#215;4-experience.de\/4&#215;4\/wp-content\/uploads\/2024\/06\/Schottland-Camp-Titelbild.jpg&#8220; src_phone=&#8220;https:\/\/4&#215;4-experience.de\/4&#215;4\/wp-content\/uploads\/2024\/07\/schottland_04-mobile-1.jpg&#8220; src_last_edited=&#8220;on|phone&#8220; _builder_version=&#8220;4.23.1&#8243; _module_preset=&#8220;default&#8220; custom_margin=&#8220;0px||0px||false|false&#8220; custom_padding=&#8220;0px||0px||false|false&#8220; global_colors_info=&#8220;{}&#8220;][\/et_pb_fullwidth_image][\/et_pb_section][et_pb_section fb_built=&#8220;1&#8243; _builder_version=&#8220;4.23.1&#8243; _module_preset=&#8220;default&#8220; custom_margin=&#8220;||-6px|||&#8220; custom_padding=&#8220;||0px|||&#8220; global_colors_info=&#8220;{}&#8220;][et_pb_row column_structure=&#8220;1_3,1_3,1_3&#8243; disabled_on=&#8220;on|off|off&#8220; _builder_version=&#8220;4.23.1&#8243; _module_preset=&#8220;default&#8220; width=&#8220;100%&#8220; max_width=&#8220;1286px&#8220; custom_margin=&#8220;-36px|auto||auto||&#8220; global_colors_info=&#8220;{}&#8220;][et_pb_column type=&#8220;1_3&#8243; _builder_version=&#8220;4.23.1&#8243; _module_preset=&#8220;default&#8220; global_colors_info=&#8220;{}&#8220;][et_pb_text _builder_version=&#8220;4.23.1&#8243; _module_preset=&#8220;default&#8220; custom_margin=&#8220;|||9px||&#8220; custom_padding=&#8220;|||23px||&#8220; global_colors_info=&#8220;{}&#8220;]<h2 style=\"text-align: center;\">Telefon\/WhatsApp:<\/h2>\n<h2 style=\"text-decoration: underline; text-align: center;\"><a href=\"tel:+491711443884\">+49-171 144 3884<\/a><\/h2>[\/et_pb_text][\/et_pb_column][et_pb_column type=&#8220;1_3&#8243; _builder_version=&#8220;4.23.1&#8243; _module_preset=&#8220;default&#8220; global_colors_info=&#8220;{}&#8220;][et_pb_text _builder_version=&#8220;4.23.1&#8243; _module_preset=&#8220;default&#8220; custom_padding=&#8220;|30px||||&#8220; global_colors_info=&#8220;{}&#8220;]<h2 style=\"text-align: center;\">Reise\u00fcbersicht:<\/h2>\n<h2 style=\"text-decoration: underline; text-align: center;\"><a href=\"\/4x4\/termine\">4&#215;4 Offroad Termine<\/a><\/h2>[\/et_pb_text][\/et_pb_column][et_pb_column type=&#8220;1_3&#8243; _builder_version=&#8220;4.23.1&#8243; _module_preset=&#8220;default&#8220; global_colors_info=&#8220;{}&#8220;][et_pb_text _builder_version=&#8220;4.23.1&#8243; _module_preset=&#8220;default&#8220; custom_margin=&#8220;|||-41px||&#8220; custom_padding=&#8220;|115px||||&#8220; global_colors_info=&#8220;{}&#8220;]<h2 style=\"text-align: center;\">Beratung\/Anmeldung:<\/h2>\n<h2 style=\"text-decoration: underline; text-align: center;\"><a href=\"\/4x4\/anmeldeformular-2025\">ANMELDEFORMULAR<\/a><\/h2>[\/et_pb_text][\/et_pb_column][\/et_pb_row][\/et_pb_section][et_pb_section fb_built=&#8220;1&#8243; _builder_version=&#8220;4.23.1&#8243; _module_preset=&#8220;default&#8220; custom_padding=&#8220;14px||5px|||&#8220; global_colors_info=&#8220;{}&#8220;][et_pb_row column_structure=&#8220;2_3,1_3&#8243; _builder_version=&#8220;4.23.1&#8243; _module_preset=&#8220;default&#8220; custom_margin=&#8220;-19px|auto||auto||&#8220; custom_padding=&#8220;21px|||||&#8220; global_colors_info=&#8220;{}&#8220;][et_pb_column type=&#8220;2_3&#8243; _builder_version=&#8220;4.23.1&#8243; _module_preset=&#8220;default&#8220; global_colors_info=&#8220;{}&#8220;][et_pb_text _builder_version=&#8220;4.27.4&#8243; _module_preset=&#8220;default&#8220; custom_margin=&#8220;|||-2px||&#8220; custom_padding=&#8220;|||1px||&#8220; hover_enabled=&#8220;0&#8243; global_colors_info=&#8220;{}&#8220; sticky_enabled=&#8220;0&#8243;]<h1>Schottland<\/h1>\n<h2>\u201eKilts and Castles\u201c Camp<\/h2>\n<p><span>4\u00d74 Experience l\u00e4dt zu seiner Schottland-Tour auch die Oldtimer-Freunde unter den 4\u00d74-Fahrern ein. Egal ob Serie, Range Rover Classic oder ein alter BJ 40, alle Old- und Youngtimer sind herzlich willkommen. Die Kilts-und-Castles-Tour f\u00fchrt haupts\u00e4chlich \u00fcber Single-Track-Roads durch die schottischen Highlands und ist auch absolut Oldtimer-tauglich.<\/span><span>\u00a0<\/span><\/p>\n<p><a href=\"\/4x4\/reisebericht-schottland-2018\/\">Zum Reisebericht SCHOTTLAND 2018<\/a><\/p>\n<h4>Auf Single Tracks zur Insel Mull<\/h4>\n<p><span>Wir kommen auf den Single Tracks gut voran, das faszinierende Lichterspiel, das Wind, Wolken und Sonne im stetigen Wechsel produzieren, wechselt rasant. Gerade noch sind wir in einen dichten und geheimnisvollen Nebel eingetaucht, schon strahlt wieder die Sonne auf das zentral-schottische Hochland und gibt den Blick frei auf einsame T\u00e4ler, kristallklare Bergseen und Burgen, die im Glanz der Sonne auf einzigartige Weise erstrahlen.Unsere Aufmerksamkeit gilt in erster Linie den Single Track Roads, auf denen wir \u2013 jetzt in aller Stille und immer entspannter \u2013 fahren.<\/span><span><\/span><\/p>\n<h4>4&#215;4 Offroad Reise durch Schottlands Hochland!<\/h4>\n<p>Die f\u00fcnft\u00e4gige Single-Track Tour \u201eKilts &amp; Castles\u201c durch Schottland startet in Oban und endet in der N\u00e4he von Iverness. Eigene Anreise-Abreise von Amsterdam mit der F\u00e4hre nach Newcastle. Gesamtl\u00e4nge der Reise 650 \u2013 750 Kilometer durch das Schottische Hochland.<\/p>\n<p>Nach diesen Tagen voller 4\u00d74 Fahrspa\u00df im Offroad Gel\u00e4ndewagen durch die schottische Hochebene freuen wir uns jetzt darauf, unsere 4\u00d74 Fahrzeuge stehen zu lassen und den Feierabend bei einem guten Whiskey erleben zu k\u00f6nnen.<\/p>\n<p>Mit der F\u00e4hre setzen wir \u00fcber auf die <strong>Isle of Skye<\/strong>. Wir fahren w\u00e4hrend dieser Offroad Reise durch satte Heidelandschaften, \u00fcber steile Klippen, von denen sich Wasserf\u00e4lle todesmutig in die Tiefe st\u00fcrzen, vorbei an jeder Menge Schafe und \u00fcber die vielleicht sch\u00f6nsten Berge in ganz Schottland. Burgen, Schl\u00f6sser und einsame Cottages sind die wunderbaren Highlights auf dieser 4\u00d74 Abenteuer Reise \u00fcber Single-Track Roads durch Schottland. Zwei N\u00e4chte sind uns hier verg\u00f6nnt. Hier k\u00f6nnen Sie imposanten Umgebung die Seele baumeln lassen.<\/p>\n<p>Am Tage erkundigen wir auf Single Track Roads mit dem 4\u00d74 Gel\u00e4ndewagen die Insel. Eine F\u00fchrung durch die hier beheimatete ber\u00fchmte Talisker Distillery und ein Lunch im \u00e4ltesten Pub der Insel (17. Jahrhundert) bilden den Abschluss unserer 4\u00d74 Offroad Reise durch Schottland.<\/p>\n<p>Faszinierende Landschaften mit Burgen und Schl\u00f6ssern, Offroad Fahren auf meist einsamen Single-Track Roads, edler Whisky, all dies bietet die<span>\u00a0<\/span><b>Kilts and Castle Offroad Tour<\/b><span>\u00a0<\/span>durch Schottland.<\/p>\n<p>&nbsp;<\/p>[\/et_pb_text][et_pb_text _builder_version=&#8220;4.23.1&#8243; _module_preset=&#8220;default&#8220; global_colors_info=&#8220;{}&#8220;]<h2>Schwierigkeitsgrad: <span style=\"font-weight: bold; color: #ff9900; font-size: 15pt;\">\u2736+<\/span><span style=\"font-size: 14pt;\">\u2736\u2736\u2736\u2736<\/span><\/h2>\nErl\u00e4uterung Schwierigkeitsgrade &gt;&gt;&gt;&gt; <a style=\"color: #000; text-decoration: underline; font-weight: bold;\" href=\"https:\/\/vdord.de\/klassifizierung-von-schwierigkeits-graden-bei-offroad-reisen\/\">HIER<\/a>[\/et_pb_text][\/et_pb_column][et_pb_column type=&#8220;1_3&#8243; _builder_version=&#8220;4.23.1&#8243; _module_preset=&#8220;default&#8220; global_colors_info=&#8220;{}&#8220;][et_pb_gallery gallery_ids=&#8220;2615,1002,2619,2617,2620,2618,1013,1009,1010,1008,1005,1003,2616,2206,2624,2625,2626,2627,2628&#8243; show_title_and_caption=&#8220;off&#8220; show_pagination=&#8220;off&#8220; _builder_version=&#8220;4.23.1&#8243; _module_preset=&#8220;default&#8220; custom_padding=&#8220;2px|||||&#8220; global_colors_info=&#8220;{}&#8220;][\/et_pb_gallery][\/et_pb_column][\/et_pb_row][et_pb_row column_structure=&#8220;2_3,1_3&#8243; _builder_version=&#8220;4.23.1&#8243; _module_preset=&#8220;default&#8220; custom_padding=&#8220;10px|||||&#8220; global_colors_info=&#8220;{}&#8220;][et_pb_column type=&#8220;2_3&#8243; _builder_version=&#8220;4.23.1&#8243; _module_preset=&#8220;default&#8220; global_colors_info=&#8220;{}&#8220;][et_pb_text _builder_version=&#8220;4.27.4&#8243; _module_preset=&#8220;default&#8220; hover_enabled=&#8220;0&#8243; global_colors_info=&#8220;{}&#8220; sticky_enabled=&#8220;0&#8243;]<h2><b style=\"font-size: 16px;\">Startpunkt:<\/b><span style=\"font-size: 16px;\">\u00a0<\/span><span style=\"font-size: 16px;\">Oban\u00a0<\/span><\/h2>\n<h2>Preise Camp-Tour\u00a0<\/h2>\n<p><b>Startgeld inklusive Mehrwertsteuer:<\/b><br \/>ab \u20ac 1.830,00 pro KFZ mit 2 Personen<\/p>\n<p>5 \u00dcbernachtungen auf ausgesuchten Campstellen<br \/>(Kosten f\u00fcr weitere Person(en) auf Anfrage)<\/p>\n<p>Zusatzkosten: An- und Abreise (F\u00e4hre beachten!), Spritkosten, Essen, Getr\u00e4nke.<\/p>\n<p>* Nicht im Reisepreis enthalten ist die F\u00e4hr\u00fcberfahrt vom Festland zu den Inseln (GB).<\/p>\n<p><b>Im Reisepreis enthalten:<\/b><\/p>\n<ul>\n<li>Deutsche Reiseleitung<\/li>\n<li>Reisebeschreibung nach EU-Richtlinie<span>\u00a0<\/span><a href=\"https:\/\/4x4-experience.de\/4x4\/EU-Verordnung\/Schottland-Hotel-17-05-2020.pdf\">HIER<\/a><\/li>\n<li>Alle F\u00e4hrgeb\u00fchren innerhalb Schottlands<\/li>\n<li>Besichtigung Duart Castle, Eilean Castle, Wiskeybrennerei<\/li>\n<li>Stellung Checkliste zur Vorbereitung des Fahrers und des Fahrzeuges<\/li>\n<li>fahrtechnische Basis-Einweisung \u201eOffroad-Fahren auf Single Tracks\u201c<\/li>\n<li>CB-Funkger\u00e4t leihweise f\u00fcr jedes einzelne Fahrzeug<\/li>\n<li>Die Mindestteilnehmerzahl f\u00fcr die Durchf\u00fchrungsgarantie betr\u00e4gt 5 Kfz. Kleinere Reisegruppen nach Absprache.<\/li>\n<li>Reiser\u00fccktrittsversicherung ist im Reisepreis nicht enthalten<\/li>\n<li>Reiseaufkleber<\/li>\n<li>kostenloser 4\u00d74 Fahrzeugcheck vor Beginn der Reise bei<span>\u00a0<\/span><a href=\"https:\/\/fw-experience.de\">FW Experience<\/a>, Overath bei K\u00f6ln<\/li>\n<li>mindestens ein 4\u00d74 Organisationsfahrzeug mit besonderer Ausr\u00fcstung f\u00fcr Offroad-Gruppen-Reisen nach Ma\u00dfgabe des<span>\u00a0<\/span><a href=\"https:\/\/vdord.de\/veranstalter-mindestausstattung-offroad-gruppen-reisen\">Verbandes der Offroad-Reiseveranstalter Deutschlands<\/a><span>\u00a0<\/span>(VdORD)<\/li>\n<\/ul>[\/et_pb_text][et_pb_text _builder_version=&#8220;4.23.1&#8243; _module_preset=&#8220;default&#8220; global_colors_info=&#8220;{}&#8220;]<h4>Kleidungs- und Ausr\u00fcstungsemfehlungen\nzum Downloaden, Ausf\u00fcllen und Speichern:<\/h4>\n<a href=\"\/4x4\/checklisten\/Checkliste-Insassen.pdf\" target=\"_blank\" rel=\"noopener\">Checkliste Insassen<\/a>\n<a href=\"\/4x4\/checklisten\/Checkliste-Fahrzeug.pdf\" target=\"_blank\" rel=\"noopener\">Checkliste Fahrzeug<\/a>\n<h4>Zus\u00e4tzlich f\u00fcr Sahara-Reisende:<\/h4>\n<a href=\"\/4x4\/checklisten\/Checkliste-Offroad-Maghreb.pdf\" target=\"_blank\" rel=\"noopener\">Checkliste Offroad Maghreb<\/a>[\/et_pb_text][\/et_pb_column][et_pb_column type=&#8220;1_3&#8243; _builder_version=&#8220;4.23.1&#8243; _module_preset=&#8220;default&#8220; global_colors_info=&#8220;{}&#8220;][et_pb_text _builder_version=&#8220;4.27.4&#8243; _module_preset=&#8220;default&#8220; custom_margin=&#8220;0px||0px||false|false&#8220; custom_padding=&#8220;0px||0px|0px|false|false&#8220; hover_enabled=&#8220;0&#8243; global_colors_info=&#8220;{}&#8220; sticky_enabled=&#8220;0&#8243;]<h2><span style=\"text-decoration: underline;\">Termin 2025<\/span><\/h2>\n<h4><span>25. Mai \u2013 30. Mai 2025 (Camp)<\/span><\/h4>[\/et_pb_text][\/et_pb_column][\/et_pb_row][\/et_pb_section]\n","protected":false},"excerpt":{"rendered":"<p>Telefon\/WhatsApp: +49-171 144 3884Reise\u00fcbersicht: 4&#215;4 Offroad TermineBeratung\/Anmeldung: ANMELDEFORMULARSchottland \u201eKilts and Castles\u201c Camp 4\u00d74 Experience l\u00e4dt zu seiner Schottland-Tour auch die Oldtimer-Freunde unter den 4\u00d74-Fahrern ein. Egal ob Serie, Range Rover Classic oder ein alter BJ 40, alle Old- und Youngtimer sind herzlich willkommen. Die Kilts-und-Castles-Tour f\u00fchrt haupts\u00e4chlich \u00fcber Single-Track-Roads durch die schottischen Highlands und ist [&hellip;]<\/p>\n","protected":false},"author":1,"featured_media":0,"parent":0,"menu_order":0,"comment_status":"closed","ping_status":"closed","template":"","meta":{"_et_pb_use_builder":"on","_et_pb_old_content":"","_et_gb_content_width":"","footnotes":""},"class_list":["post-1016","page","type-page","status-publish","hentry"],"yoast_head":"<!-- This site is optimized with the Yoast SEO Premium plugin v27.0 (Yoast SEO v27.3) - https:\/\/yoast.com\/product\/yoast-seo-premium-wordpress\/ -->\n<title>Schottland Camp - 4x4 Offroad Tour \u201eKilts and Castles\u201c<\/title>\n<meta name=\"description\" content=\"Schottland Camp von 4x4 Experience. Erlebe Schottland mit einer Overlanding Tour mit dem Gel\u00e4ndewagen. Auch f\u00fcr Oldtimer-Freunde.\" \/>\n<meta name=\"robots\" content=\"index, follow, max-snippet:-1, max-image-preview:large, max-video-preview:-1\" \/>\n<link rel=\"canonical\" href=\"https:\/\/4x4-experience.de\/4x4\/schottland-camp\/\" \/>\n<meta property=\"og:locale\" content=\"de_DE\" \/>\n<meta property=\"og:type\" content=\"article\" \/>\n<meta property=\"og:title\" content=\"Schottland Camp\" \/>\n<meta property=\"og:description\" content=\"Schottland Camp von 4x4 Experience. Erlebe Schottland mit einer Overlanding Tour mit dem Gel\u00e4ndewagen. Auch f\u00fcr Oldtimer-Freunde.\" \/>\n<meta property=\"og:url\" content=\"https:\/\/4x4-experience.de\/4x4\/schottland-camp\/\" \/>\n<meta property=\"og:site_name\" content=\"4x4 Experience, Offroadreise, Offroad Reisen\" \/>\n<meta property=\"article:publisher\" content=\"https:\/\/www.facebook.com\/www.4x4Experience\/\" \/>\n<meta property=\"article:modified_time\" content=\"2025-09-03T12:24:22+00:00\" \/>\n<meta name=\"twitter:card\" content=\"summary_large_image\" \/>\n<meta name=\"twitter:label1\" content=\"Gesch\u00e4tzte Lesezeit\" \/>\n\t<meta name=\"twitter:data1\" content=\"8\u00a0Minuten\" \/>\n<script type=\"application\/ld+json\" class=\"yoast-schema-graph\">{\"@context\":\"https:\\\/\\\/schema.org\",\"@graph\":[{\"@type\":\"WebPage\",\"@id\":\"https:\\\/\\\/4x4-experience.de\\\/4x4\\\/schottland-camp\\\/\",\"url\":\"https:\\\/\\\/4x4-experience.de\\\/4x4\\\/schottland-camp\\\/\",\"name\":\"Schottland Camp - 4x4 Offroad Tour \u201eKilts and Castles\u201c\",\"isPartOf\":{\"@id\":\"https:\\\/\\\/4x4-experience.de\\\/4x4\\\/#website\"},\"datePublished\":\"2024-06-19T11:16:17+00:00\",\"dateModified\":\"2025-09-03T12:24:22+00:00\",\"description\":\"Schottland Camp von 4x4 Experience. Erlebe Schottland mit einer Overlanding Tour mit dem Gel\u00e4ndewagen. Auch f\u00fcr Oldtimer-Freunde.\",\"breadcrumb\":{\"@id\":\"https:\\\/\\\/4x4-experience.de\\\/4x4\\\/schottland-camp\\\/#breadcrumb\"},\"inLanguage\":\"de\",\"potentialAction\":[{\"@type\":\"ReadAction\",\"target\":[\"https:\\\/\\\/4x4-experience.de\\\/4x4\\\/schottland-camp\\\/\"]}]},{\"@type\":\"BreadcrumbList\",\"@id\":\"https:\\\/\\\/4x4-experience.de\\\/4x4\\\/schottland-camp\\\/#breadcrumb\",\"itemListElement\":[{\"@type\":\"ListItem\",\"position\":1,\"name\":\"Startseite\",\"item\":\"https:\\\/\\\/4x4-experience.de\\\/4x4\\\/\"},{\"@type\":\"ListItem\",\"position\":2,\"name\":\"Schottland Camp\"}]},{\"@type\":\"WebSite\",\"@id\":\"https:\\\/\\\/4x4-experience.de\\\/4x4\\\/#website\",\"url\":\"https:\\\/\\\/4x4-experience.de\\\/4x4\\\/\",\"name\":\"4x4 Experience, Offroadreise, Offroad Reisen\",\"description\":\"4x4 Offroad Europa und Nordafrika\",\"potentialAction\":[{\"@type\":\"SearchAction\",\"target\":{\"@type\":\"EntryPoint\",\"urlTemplate\":\"https:\\\/\\\/4x4-experience.de\\\/4x4\\\/?s={search_term_string}\"},\"query-input\":{\"@type\":\"PropertyValueSpecification\",\"valueRequired\":true,\"valueName\":\"search_term_string\"}}],\"inLanguage\":\"de\"}]}<\/script>\n<!-- \/ Yoast SEO Premium plugin. -->","yoast_head_json":{"title":"Schottland Camp - 4x4 Offroad Tour \u201eKilts and Castles\u201c","description":"Schottland Camp von 4x4 Experience. Erlebe Schottland mit einer Overlanding Tour mit dem Gel\u00e4ndewagen. Auch f\u00fcr Oldtimer-Freunde.","robots":{"index":"index","follow":"follow","max-snippet":"max-snippet:-1","max-image-preview":"max-image-preview:large","max-video-preview":"max-video-preview:-1"},"canonical":"https:\/\/4x4-experience.de\/4x4\/schottland-camp\/","og_locale":"de_DE","og_type":"article","og_title":"Schottland Camp","og_description":"Schottland Camp von 4x4 Experience. Erlebe Schottland mit einer Overlanding Tour mit dem Gel\u00e4ndewagen. Auch f\u00fcr Oldtimer-Freunde.","og_url":"https:\/\/4x4-experience.de\/4x4\/schottland-camp\/","og_site_name":"4x4 Experience, Offroadreise, Offroad Reisen","article_publisher":"https:\/\/www.facebook.com\/www.4x4Experience\/","article_modified_time":"2025-09-03T12:24:22+00:00","twitter_card":"summary_large_image","twitter_misc":{"Gesch\u00e4tzte Lesezeit":"8\u00a0Minuten"},"schema":{"@context":"https:\/\/schema.org","@graph":[{"@type":"WebPage","@id":"https:\/\/4x4-experience.de\/4x4\/schottland-camp\/","url":"https:\/\/4x4-experience.de\/4x4\/schottland-camp\/","name":"Schottland Camp - 4x4 Offroad Tour \u201eKilts and Castles\u201c","isPartOf":{"@id":"https:\/\/4x4-experience.de\/4x4\/#website"},"datePublished":"2024-06-19T11:16:17+00:00","dateModified":"2025-09-03T12:24:22+00:00","description":"Schottland Camp von 4x4 Experience. Erlebe Schottland mit einer Overlanding Tour mit dem Gel\u00e4ndewagen. Auch f\u00fcr Oldtimer-Freunde.","breadcrumb":{"@id":"https:\/\/4x4-experience.de\/4x4\/schottland-camp\/#breadcrumb"},"inLanguage":"de","potentialAction":[{"@type":"ReadAction","target":["https:\/\/4x4-experience.de\/4x4\/schottland-camp\/"]}]},{"@type":"BreadcrumbList","@id":"https:\/\/4x4-experience.de\/4x4\/schottland-camp\/#breadcrumb","itemListElement":[{"@type":"ListItem","position":1,"name":"Startseite","item":"https:\/\/4x4-experience.de\/4x4\/"},{"@type":"ListItem","position":2,"name":"Schottland Camp"}]},{"@type":"WebSite","@id":"https:\/\/4x4-experience.de\/4x4\/#website","url":"https:\/\/4x4-experience.de\/4x4\/","name":"4x4 Experience, Offroadreise, Offroad Reisen","description":"4x4 Offroad Europa und Nordafrika","potentialAction":[{"@type":"SearchAction","target":{"@type":"EntryPoint","urlTemplate":"https:\/\/4x4-experience.de\/4x4\/?s={search_term_string}"},"query-input":{"@type":"PropertyValueSpecification","valueRequired":true,"valueName":"search_term_string"}}],"inLanguage":"de"}]}},"_links":{"self":[{"href":"https:\/\/4x4-experience.de\/4x4\/wp-json\/wp\/v2\/pages\/1016","targetHints":{"allow":["GET"]}}],"collection":[{"href":"https:\/\/4x4-experience.de\/4x4\/wp-json\/wp\/v2\/pages"}],"about":[{"href":"https:\/\/4x4-experience.de\/4x4\/wp-json\/wp\/v2\/types\/page"}],"author":[{"embeddable":true,"href":"https:\/\/4x4-experience.de\/4x4\/wp-json\/wp\/v2\/users\/1"}],"replies":[{"embeddable":true,"href":"https:\/\/4x4-experience.de\/4x4\/wp-json\/wp\/v2\/comments?post=1016"}],"version-history":[{"count":15,"href":"https:\/\/4x4-experience.de\/4x4\/wp-json\/wp\/v2\/pages\/1016\/revisions"}],"predecessor-version":[{"id":3177,"href":"https:\/\/4x4-experience.de\/4x4\/wp-json\/wp\/v2\/pages\/1016\/revisions\/3177"}],"wp:attachment":[{"href":"https:\/\/4x4-experience.de\/4x4\/wp-json\/wp\/v2\/media?parent=1016"}],"curies":[{"name":"wp","href":"https:\/\/api.w.org\/{rel}","templated":true}]}}